{"id":33341,"date":"2024-03-15T13:22:42","date_gmt":"2024-03-15T13:22:42","guid":{"rendered":"https:\/\/curiosidadesedicas.com\/loja\/?post_type=product&#038;p=33341"},"modified":"2025-03-11T14:54:09","modified_gmt":"2025-03-11T14:54:09","slug":"edredom-p-primavera-e-verao-quartzo-king-270-x-260-cm","status":"publish","type":"product","link":"https:\/\/curiosidadesedicas.com\/loja\/en\/product\/edredom-p-primavera-e-verao-quartzo-king-270-x-260-cm\/","title":{"rendered":"EDREDOM P\/ PRIMAVERA E VER\u00c3O QUARTZO | KING (270 X 260 CM)"},"content":{"rendered":"<p>Este novo conjunto de edredons com almofadas s\u00e3o muito confort\u00e1veis, leves, o seu quarto vai parecer de hotel, um quarto de rainha.<\/p>\n<p><img decoding=\"async\" class=\"aligncenter\" src=\"https:\/\/curiosidadesedicas.com\/loja\/wp-content\/uploads\/2024\/03\/2-GIF-Edredons-Detalhes.gif\" \/><\/p>\n<p>&nbsp;<\/p>\n<p>&nbsp;<\/p>","protected":false},"excerpt":{"rendered":"<p>O edredon quartzo \u00e9 de fabrico nacional, design intemporal. Inclui 3 almofadas cheias (2 grandes em tecido jaquard, com aplica\u00e7\u00e3o de veludo e brilhantes, 1 pequena toda em tecido jaquard). A meio do edredon tem 2 barras de tecido acetinado, 2 barras de tecido jaquard, e 1 barra de veludo.<br \/>\nEnchimento de 150gr\/m2, ideal para meia esta\u00e7\u00e3o e ver\u00e3o, mas pode ser usado todo o ano.<\/p>\n<ul>\n<li>Lav\u00e1vel na m\u00e1quina<\/li>\n<li>Tamanho King: 270 x 260 cm<\/li>\n<\/ul>\n<p>&nbsp;<\/p>\n<ul>\n<li><strong>Entrega em 3 a 5 dias \u00fateis.<\/strong><\/li>\n<\/ul>\n<p>&nbsp;<\/p>\n<p>&nbsp;<\/p>","protected":false},"featured_media":33201,"comment_status":"closed","ping_status":"closed","template":"","meta":{"_glsr_average":0,"_glsr_ranking":0,"_glsr_reviews":0},"product_brand":[],"product_cat":[365,372],"product_tag":[],"class_list":{"0":"post-33341","1":"product","2":"type-product","3":"status-publish","4":"has-post-thumbnail","6":"product_cat-para-o-lar","7":"product_cat-edredaos","9":"first","10":"instock","11":"taxable","12":"shipping-taxable","13":"purchasable","14":"product-type-variable"},"yoast_head":"<!-- This site is optimized with the Yoast SEO plugin v26.8 - https:\/\/yoast.com\/product\/yoast-seo-wordpress\/ -->\n<title>EDREDOM P\/ PRIMAVERA E VER\u00c3O QUARTZO | KING (270 X 260 CM) - Curiosidades &amp; Dicas, Lda<\/title>\n<meta name=\"robots\" content=\"index, follow, max-snippet:-1, max-image-preview:large, max-video-preview:-1\" \/>\n<link rel=\"canonical\" href=\"https:\/\/curiosidadesedicas.com\/loja\/en\/product\/edredom-p-primavera-e-verao-quartzo-king-270-x-260-cm\/\" \/>\n<meta property=\"og:locale\" content=\"en_US\" \/>\n<meta property=\"og:type\" content=\"article\" \/>\n<meta property=\"og:title\" content=\"EDREDOM P\/ PRIMAVERA E VER\u00c3O QUARTZO | KING (270 X 260 CM) - Curiosidades &amp; Dicas, Lda\" \/>\n<meta property=\"og:description\" content=\"O edredon quartzo \u00e9 de fabrico nacional, design intemporal. Inclui 3 almofadas cheias (2 grandes em tecido jaquard, com aplica\u00e7\u00e3o de veludo e brilhantes, 1 pequena toda em tecido jaquard). A meio do edredon tem 2 barras de tecido acetinado, 2 barras de tecido jaquard, e 1 barra de veludo. Enchimento de 150gr\/m2, ideal para meia esta\u00e7\u00e3o e ver\u00e3o, mas pode ser usado todo o ano.   Lav\u00e1vel na m\u00e1quina  Tamanho King: 270 x 260 cm  &nbsp;   Entrega em 3 a 5 dias \u00fateis.  &nbsp;  &nbsp;\" \/>\n<meta property=\"og:url\" content=\"https:\/\/curiosidadesedicas.com\/loja\/en\/product\/edredom-p-primavera-e-verao-quartzo-king-270-x-260-cm\/\" \/>\n<meta property=\"og:site_name\" content=\"Curiosidades &amp; Dicas, Lda\" \/>\n<meta property=\"article:modified_time\" content=\"2025-03-11T14:54:09+00:00\" \/>\n<meta property=\"og:image\" content=\"https:\/\/curiosidadesedicas.com\/loja\/wp-content\/uploads\/2024\/02\/423686866_271283592676158_1177067407486033230_n.jpg\" \/>\n\t<meta property=\"og:image:width\" content=\"750\" \/>\n\t<meta property=\"og:image:height\" content=\"555\" \/>\n\t<meta property=\"og:image:type\" content=\"image\/jpeg\" \/>\n<meta name=\"twitter:card\" content=\"summary_large_image\" \/>\n<meta name=\"twitter:label1\" content=\"Est. reading time\" \/>\n\t<meta name=\"twitter:data1\" content=\"1 minute\" \/>\n<script type=\"application\/ld+json\" class=\"yoast-schema-graph\">{\"@context\":\"https:\/\/schema.org\",\"@graph\":[{\"@type\":\"WebPage\",\"@id\":\"https:\/\/curiosidadesedicas.com\/loja\/produto\/edredom-p-primavera-e-verao-quartzo-king-270-x-260-cm\/\",\"url\":\"https:\/\/curiosidadesedicas.com\/loja\/produto\/edredom-p-primavera-e-verao-quartzo-king-270-x-260-cm\/\",\"name\":\"EDREDOM P\/ PRIMAVERA E VER\u00c3O QUARTZO | KING (270 X 260 CM) - Curiosidades &amp; Dicas, Lda\",\"isPartOf\":{\"@id\":\"https:\/\/curiosidadesedicas.com\/loja\/#website\"},\"primaryImageOfPage\":{\"@id\":\"https:\/\/curiosidadesedicas.com\/loja\/produto\/edredom-p-primavera-e-verao-quartzo-king-270-x-260-cm\/#primaryimage\"},\"image\":{\"@id\":\"https:\/\/curiosidadesedicas.com\/loja\/produto\/edredom-p-primavera-e-verao-quartzo-king-270-x-260-cm\/#primaryimage\"},\"thumbnailUrl\":\"https:\/\/curiosidadesedicas.com\/loja\/wp-content\/uploads\/2024\/02\/423686866_271283592676158_1177067407486033230_n.jpg\",\"datePublished\":\"2024-03-15T13:22:42+00:00\",\"dateModified\":\"2025-03-11T14:54:09+00:00\",\"breadcrumb\":{\"@id\":\"https:\/\/curiosidadesedicas.com\/loja\/produto\/edredom-p-primavera-e-verao-quartzo-king-270-x-260-cm\/#breadcrumb\"},\"inLanguage\":\"en-US\",\"potentialAction\":[{\"@type\":\"ReadAction\",\"target\":[\"https:\/\/curiosidadesedicas.com\/loja\/produto\/edredom-p-primavera-e-verao-quartzo-king-270-x-260-cm\/\"]}]},{\"@type\":\"ImageObject\",\"inLanguage\":\"en-US\",\"@id\":\"https:\/\/curiosidadesedicas.com\/loja\/produto\/edredom-p-primavera-e-verao-quartzo-king-270-x-260-cm\/#primaryimage\",\"url\":\"https:\/\/curiosidadesedicas.com\/loja\/wp-content\/uploads\/2024\/02\/423686866_271283592676158_1177067407486033230_n.jpg\",\"contentUrl\":\"https:\/\/curiosidadesedicas.com\/loja\/wp-content\/uploads\/2024\/02\/423686866_271283592676158_1177067407486033230_n.jpg\",\"width\":750,\"height\":555},{\"@type\":\"BreadcrumbList\",\"@id\":\"https:\/\/curiosidadesedicas.com\/loja\/produto\/edredom-p-primavera-e-verao-quartzo-king-270-x-260-cm\/#breadcrumb\",\"itemListElement\":[{\"@type\":\"ListItem\",\"position\":1,\"name\":\"In\u00edcio\",\"item\":\"https:\/\/curiosidadesedicas.com\/loja\/\"},{\"@type\":\"ListItem\",\"position\":2,\"name\":\"Produtos\",\"item\":\"https:\/\/curiosidadesedicas.com\/loja\/produtos\/\"},{\"@type\":\"ListItem\",\"position\":3,\"name\":\"EDREDOM P\/ PRIMAVERA E VER\u00c3O QUARTZO | KING (270 X 260 CM)\"}]},{\"@type\":\"WebSite\",\"@id\":\"https:\/\/curiosidadesedicas.com\/loja\/#website\",\"url\":\"https:\/\/curiosidadesedicas.com\/loja\/\",\"name\":\"Curiosidades &amp; Dicas, Lda\",\"description\":\"Apaixonados Por Inova\u00e7\u00e3o\",\"publisher\":{\"@id\":\"https:\/\/curiosidadesedicas.com\/loja\/#organization\"},\"potentialAction\":[{\"@type\":\"SearchAction\",\"target\":{\"@type\":\"EntryPoint\",\"urlTemplate\":\"https:\/\/curiosidadesedicas.com\/loja\/?s={search_term_string}\"},\"query-input\":{\"@type\":\"PropertyValueSpecification\",\"valueRequired\":true,\"valueName\":\"search_term_string\"}}],\"inLanguage\":\"en-US\"},{\"@type\":\"Organization\",\"@id\":\"https:\/\/curiosidadesedicas.com\/loja\/#organization\",\"name\":\"Curiosidades & Dicas\",\"url\":\"https:\/\/curiosidadesedicas.com\/loja\/\",\"logo\":{\"@type\":\"ImageObject\",\"inLanguage\":\"en-US\",\"@id\":\"https:\/\/curiosidadesedicas.com\/loja\/#\/schema\/logo\/image\/\",\"url\":\"https:\/\/curiosidadesedicas.com\/loja\/wp-content\/uploads\/2020\/05\/LogoCuriosidadesSimples.png\",\"contentUrl\":\"https:\/\/curiosidadesedicas.com\/loja\/wp-content\/uploads\/2020\/05\/LogoCuriosidadesSimples.png\",\"width\":3528,\"height\":804,\"caption\":\"Curiosidades & Dicas\"},\"image\":{\"@id\":\"https:\/\/curiosidadesedicas.com\/loja\/#\/schema\/logo\/image\/\"}}]}<\/script>\n<!-- \/ Yoast SEO plugin. -->","yoast_head_json":{"title":"EDREDOM P\/ PRIMAVERA E VER\u00c3O QUARTZO | KING (270 X 260 CM) - Curiosidades &amp; Dicas, Lda","robots":{"index":"index","follow":"follow","max-snippet":"max-snippet:-1","max-image-preview":"max-image-preview:large","max-video-preview":"max-video-preview:-1"},"canonical":"https:\/\/curiosidadesedicas.com\/loja\/en\/product\/edredom-p-primavera-e-verao-quartzo-king-270-x-260-cm\/","og_locale":"en_US","og_type":"article","og_title":"EDREDOM P\/ PRIMAVERA E VER\u00c3O QUARTZO | KING (270 X 260 CM) - Curiosidades &amp; Dicas, Lda","og_description":"O edredon quartzo \u00e9 de fabrico nacional, design intemporal. Inclui 3 almofadas cheias (2 grandes em tecido jaquard, com aplica\u00e7\u00e3o de veludo e brilhantes, 1 pequena toda em tecido jaquard). A meio do edredon tem 2 barras de tecido acetinado, 2 barras de tecido jaquard, e 1 barra de veludo. Enchimento de 150gr\/m2, ideal para meia esta\u00e7\u00e3o e ver\u00e3o, mas pode ser usado todo o ano.   Lav\u00e1vel na m\u00e1quina  Tamanho King: 270 x 260 cm  &nbsp;   Entrega em 3 a 5 dias \u00fateis.  &nbsp;  &nbsp;","og_url":"https:\/\/curiosidadesedicas.com\/loja\/en\/product\/edredom-p-primavera-e-verao-quartzo-king-270-x-260-cm\/","og_site_name":"Curiosidades &amp; Dicas, Lda","article_modified_time":"2025-03-11T14:54:09+00:00","og_image":[{"width":750,"height":555,"url":"https:\/\/curiosidadesedicas.com\/loja\/wp-content\/uploads\/2024\/02\/423686866_271283592676158_1177067407486033230_n.jpg","type":"image\/jpeg"}],"twitter_card":"summary_large_image","twitter_misc":{"Est. reading time":"1 minute"},"schema":{"@context":"https:\/\/schema.org","@graph":[{"@type":"WebPage","@id":"https:\/\/curiosidadesedicas.com\/loja\/produto\/edredom-p-primavera-e-verao-quartzo-king-270-x-260-cm\/","url":"https:\/\/curiosidadesedicas.com\/loja\/produto\/edredom-p-primavera-e-verao-quartzo-king-270-x-260-cm\/","name":"EDREDOM P\/ PRIMAVERA E VER\u00c3O QUARTZO | KING (270 X 260 CM) - Curiosidades &amp; Dicas, Lda","isPartOf":{"@id":"https:\/\/curiosidadesedicas.com\/loja\/#website"},"primaryImageOfPage":{"@id":"https:\/\/curiosidadesedicas.com\/loja\/produto\/edredom-p-primavera-e-verao-quartzo-king-270-x-260-cm\/#primaryimage"},"image":{"@id":"https:\/\/curiosidadesedicas.com\/loja\/produto\/edredom-p-primavera-e-verao-quartzo-king-270-x-260-cm\/#primaryimage"},"thumbnailUrl":"https:\/\/curiosidadesedicas.com\/loja\/wp-content\/uploads\/2024\/02\/423686866_271283592676158_1177067407486033230_n.jpg","datePublished":"2024-03-15T13:22:42+00:00","dateModified":"2025-03-11T14:54:09+00:00","breadcrumb":{"@id":"https:\/\/curiosidadesedicas.com\/loja\/produto\/edredom-p-primavera-e-verao-quartzo-king-270-x-260-cm\/#breadcrumb"},"inLanguage":"en-US","potentialAction":[{"@type":"ReadAction","target":["https:\/\/curiosidadesedicas.com\/loja\/produto\/edredom-p-primavera-e-verao-quartzo-king-270-x-260-cm\/"]}]},{"@type":"ImageObject","inLanguage":"en-US","@id":"https:\/\/curiosidadesedicas.com\/loja\/produto\/edredom-p-primavera-e-verao-quartzo-king-270-x-260-cm\/#primaryimage","url":"https:\/\/curiosidadesedicas.com\/loja\/wp-content\/uploads\/2024\/02\/423686866_271283592676158_1177067407486033230_n.jpg","contentUrl":"https:\/\/curiosidadesedicas.com\/loja\/wp-content\/uploads\/2024\/02\/423686866_271283592676158_1177067407486033230_n.jpg","width":750,"height":555},{"@type":"BreadcrumbList","@id":"https:\/\/curiosidadesedicas.com\/loja\/produto\/edredom-p-primavera-e-verao-quartzo-king-270-x-260-cm\/#breadcrumb","itemListElement":[{"@type":"ListItem","position":1,"name":"In\u00edcio","item":"https:\/\/curiosidadesedicas.com\/loja\/"},{"@type":"ListItem","position":2,"name":"Produtos","item":"https:\/\/curiosidadesedicas.com\/loja\/produtos\/"},{"@type":"ListItem","position":3,"name":"EDREDOM P\/ PRIMAVERA E VER\u00c3O QUARTZO | KING (270 X 260 CM)"}]},{"@type":"WebSite","@id":"https:\/\/curiosidadesedicas.com\/loja\/#website","url":"https:\/\/curiosidadesedicas.com\/loja\/","name":"Curiosidades &amp; Dicas, Lda","description":"Apaixonados Por Inova\u00e7\u00e3o","publisher":{"@id":"https:\/\/curiosidadesedicas.com\/loja\/#organization"},"potentialAction":[{"@type":"SearchAction","target":{"@type":"EntryPoint","urlTemplate":"https:\/\/curiosidadesedicas.com\/loja\/?s={search_term_string}"},"query-input":{"@type":"PropertyValueSpecification","valueRequired":true,"valueName":"search_term_string"}}],"inLanguage":"en-US"},{"@type":"Organization","@id":"https:\/\/curiosidadesedicas.com\/loja\/#organization","name":"Curiosidades & Dicas","url":"https:\/\/curiosidadesedicas.com\/loja\/","logo":{"@type":"ImageObject","inLanguage":"en-US","@id":"https:\/\/curiosidadesedicas.com\/loja\/#\/schema\/logo\/image\/","url":"https:\/\/curiosidadesedicas.com\/loja\/wp-content\/uploads\/2020\/05\/LogoCuriosidadesSimples.png","contentUrl":"https:\/\/curiosidadesedicas.com\/loja\/wp-content\/uploads\/2020\/05\/LogoCuriosidadesSimples.png","width":3528,"height":804,"caption":"Curiosidades & Dicas"},"image":{"@id":"https:\/\/curiosidadesedicas.com\/loja\/#\/schema\/logo\/image\/"}}]}},"_links":{"self":[{"href":"https:\/\/curiosidadesedicas.com\/loja\/en\/wp-json\/wp\/v2\/product\/33341","targetHints":{"allow":["GET"]}}],"collection":[{"href":"https:\/\/curiosidadesedicas.com\/loja\/en\/wp-json\/wp\/v2\/product"}],"about":[{"href":"https:\/\/curiosidadesedicas.com\/loja\/en\/wp-json\/wp\/v2\/types\/product"}],"replies":[{"embeddable":true,"href":"https:\/\/curiosidadesedicas.com\/loja\/en\/wp-json\/wp\/v2\/comments?post=33341"}],"wp:featuredmedia":[{"embeddable":true,"href":"https:\/\/curiosidadesedicas.com\/loja\/en\/wp-json\/wp\/v2\/media\/33201"}],"wp:attachment":[{"href":"https:\/\/curiosidadesedicas.com\/loja\/en\/wp-json\/wp\/v2\/media?parent=33341"}],"wp:term":[{"taxonomy":"product_brand","embeddable":true,"href":"https:\/\/curiosidadesedicas.com\/loja\/en\/wp-json\/wp\/v2\/product_brand?post=33341"},{"taxonomy":"product_cat","embeddable":true,"href":"https:\/\/curiosidadesedicas.com\/loja\/en\/wp-json\/wp\/v2\/product_cat?post=33341"},{"taxonomy":"product_tag","embeddable":true,"href":"https:\/\/curiosidadesedicas.com\/loja\/en\/wp-json\/wp\/v2\/product_tag?post=33341"}],"curies":[{"name":"wp","href":"https:\/\/api.w.org\/{rel}","templated":true}]}}