{"id":33233,"date":"2024-02-28T14:42:33","date_gmt":"2024-02-28T14:42:33","guid":{"rendered":"https:\/\/curiosidadesedicas.com\/loja\/?post_type=product&#038;p=33233"},"modified":"2025-03-11T14:54:37","modified_gmt":"2025-03-11T14:54:37","slug":"bengala-extensivel-c-led-alarme-e-mao-mecanica-hannde","status":"publish","type":"product","link":"https:\/\/curiosidadesedicas.com\/loja\/en\/product\/bengala-extensivel-c-led-alarme-e-mao-mecanica-hannde\/","title":{"rendered":"BENGALA EXTENS\u00cdVEL C\/ LED, ALARME E M\u00c3O MEC\u00c2NICA HANNDE"},"content":{"rendered":"<p>Esta<b>\u00a0bengala original com luz LED, alarme e m\u00e3o mec\u00e2nica<\/b>\u00a0tem 6 n\u00edveis de altura, uma base antiderrapante com 4 pontos de apoio e uma pega dupla rebat\u00edvel a 90\u00ba com um entalhe para agarrar. Alimentada por 2 pilhas AAA (n\u00e3o inclu\u00eddas). Suporta at\u00e9 70\u00a0kg.<\/p>\n<p>Esta \u00e9 uma\u00a0<b>bengala extens\u00edvel polivalente<\/b>, concebida para garantir um caminhar c\u00f3modo e seguro. A sua pega dupla proporciona um grande apoio. J\u00e1 a pin\u00e7a inferior permite apanhar objetos sem que tenha de se esfor\u00e7ar ou agachar.<\/p>\n<ul>\n<li><b>Multifuncional e ergon\u00f3mica:\u00a0<\/b>a nossa bengala extens\u00edvel com luz LED, alarme e m\u00e3o mec\u00e2nica \u00e9 ideal para caminhar com conforto e seguran\u00e7a. Gra\u00e7as ao seu design original, oferece uma s\u00e9rie de op\u00e7\u00f5es \u00fateis. \u00c9 resistente e leve, e funciona com 2 pilhas AAA (n\u00e3o inclu\u00eddas). Suporta at\u00e9 70 kg.<\/li>\n<li><b>M\u00e3o mec\u00e2nica<\/b>:\u00a0esta bengala tem uma m\u00e3o mec\u00e2nica na extremidade inferior, gra\u00e7as \u00e0 qual pode apanhar objetos do ch\u00e3o, bem como em prateleiras altas, em locais de dif\u00edcil acesso, etc., sem se curvar ou fazer esfor\u00e7os. A m\u00e3o \u00e9 acionada por uma alavanca e tem \u00edmanes nas pontas para apanhar facilmente objetos met\u00e1licos.<\/li>\n<li><b>Luz LED e alarme:\u00a0<\/b>esta bengala extens\u00edvel inclui um alarme e uma lanterna LED na pega superior. A luz LED inclina-se at\u00e9 45\u00b0 para focar exatamente o local desejado e \u00e9 muito \u00fatil para caminhar em locais pouco iluminados, etc. O alerta sonoro (80 dB) emite um som de aviso contra eventuais perigos.<\/li>\n<li><b>Altura regul\u00e1vel e pega dupla<\/b>: a nossa bengala com luz, alarme e m\u00e3o mec\u00e2nica disp\u00f5e de 6 n\u00edveis de altura, para que possa escolher o mais adequado (80-93\u00a0cm). Para al\u00e9m da pega superior principal, possui uma pega inferior que lhe confere um apoio suplementar, sendo dobr\u00e1vel em 90\u00b0 e dispondo de um entalhe para segurar sacos, etc. (suporta at\u00e9 35\u00a0kg).<\/li>\n<li><b>Estabilidade e seguran\u00e7a:\u00a0<\/b>esta bengala polivalente \u00e9 particularmente est\u00e1vel e segura. Gra\u00e7as ao seu p\u00e9 de borracha antiderrapante com 4 pontos de apoio, confere-lhe uma excelente sensa\u00e7\u00e3o de apoio. Al\u00e9m disso, permite-lhe levantar-se com um simples gesto, sem que tenha de se baixar.<\/li>\n<\/ul>\n<p><img loading=\"lazy\" decoding=\"async\" class=\"\" src=\"https:\/\/curiosidadesedicas.com\/loja\/wp-content\/uploads\/2024\/02\/bengala-extensivel-com-led-alarme-e-mao-mecanica-hannde-innovagoods_743551-6.jpg\" width=\"519\" height=\"519\" \/><\/p>","protected":false},"excerpt":{"rendered":"<ul>\n<li>Material:\n<ul>\n<li>Ferro<\/li>\n<li>Alum\u00ednio<\/li>\n<li>Poliamida<\/li>\n<li>Borracha natural<\/li>\n<\/ul>\n<\/li>\n<li>Cor:\n<ul>\n<li>Cinzento<\/li>\n<li>Preto<\/li>\n<\/ul>\n<\/li>\n<li>Tipo: Bast\u00e3o<\/li>\n<li>Design moderno e ergon\u00f3mico: Inovador e funcional<\/li>\n<li>Caracter\u00edsticas: Multifun\u00e7\u00e3o<\/li>\n<li>Punho dobr\u00e1vel: 90\u00ba<\/li>\n<li>Altura ajust\u00e1vel: 6 n\u00edveis de altura<\/li>\n<li>Base de apoio est\u00e1vel: 4 pontos de apoio<\/li>\n<li>Leve LED: 0,5 W \/ 50 lm<\/li>\n<li>Alarme: Alerta sonoro (80 dB)<\/li>\n<li>Inclui: Pin\u00e7a de seguran\u00e7a<\/li>\n<li>Antideslizante: Apoio est\u00e1vel<\/li>\n<li>Resistente e duradouro: Materiais de qualidade<\/li>\n<li>F\u00e1cil de utilizar, leve e manuse\u00e1vel: Utiliza\u00e7\u00e3o c\u00f3moda, simples e segura<\/li>\n<li>Peso m\u00e1x. suportado: 70 Kg<\/li>\n<li>N\u00famero de pilhas: 2<\/li>\n<li>Tipo de pilha: AAA<\/li>\n<li>Pilhas inclu\u00eddas: No<\/li>\n<li>Medidas aprox.: 25 x 80-93 x 12,5 cm<\/li>\n<\/ul>","protected":false},"featured_media":33246,"comment_status":"open","ping_status":"closed","template":"","meta":{"_glsr_average":0,"_glsr_ranking":0,"_glsr_reviews":0},"product_brand":[],"product_cat":[357,362],"product_tag":[],"class_list":{"0":"post-33233","1":"product","2":"type-product","3":"status-publish","4":"has-post-thumbnail","6":"product_cat-bem-estar","7":"product_cat-terceira-idade","9":"first","10":"instock","11":"taxable","12":"shipping-taxable","13":"purchasable","14":"product-type-simple"},"yoast_head":"<!-- This site is optimized with the Yoast SEO plugin v26.8 - https:\/\/yoast.com\/product\/yoast-seo-wordpress\/ -->\n<title>BENGALA EXTENS\u00cdVEL C\/ LED, ALARME E M\u00c3O MEC\u00c2NICA HANNDE - Curiosidades &amp; Dicas, Lda<\/title>\n<meta name=\"robots\" content=\"index, follow, max-snippet:-1, max-image-preview:large, max-video-preview:-1\" \/>\n<link rel=\"canonical\" href=\"https:\/\/curiosidadesedicas.com\/loja\/en\/product\/bengala-extensivel-c-led-alarme-e-mao-mecanica-hannde\/\" \/>\n<meta property=\"og:locale\" content=\"en_US\" \/>\n<meta property=\"og:type\" content=\"article\" \/>\n<meta property=\"og:title\" content=\"BENGALA EXTENS\u00cdVEL C\/ LED, ALARME E M\u00c3O MEC\u00c2NICA HANNDE - Curiosidades &amp; Dicas, Lda\" \/>\n<meta property=\"og:description\" content=\"Material:   Ferro  Alum\u00ednio  Poliamida  Borracha natural    Cor:   Cinzento  Preto    Tipo: Bast\u00e3o  Design moderno e ergon\u00f3mico: Inovador e funcional  Caracter\u00edsticas: Multifun\u00e7\u00e3o  Punho dobr\u00e1vel: 90\u00ba  Altura ajust\u00e1vel: 6 n\u00edveis de altura  Base de apoio est\u00e1vel: 4 pontos de apoio  Leve LED: 0,5 W \/ 50 lm  Alarme: Alerta sonoro (80 dB)  Inclui: Pin\u00e7a de seguran\u00e7a  Antideslizante: Apoio est\u00e1vel  Resistente e duradouro: Materiais de qualidade  F\u00e1cil de utilizar, leve e manuse\u00e1vel: Utiliza\u00e7\u00e3o c\u00f3moda, simples e segura  Peso m\u00e1x. suportado: 70 Kg  N\u00famero de pilhas: 2  Tipo de pilha: AAA  Pilhas inclu\u00eddas: No  Medidas aprox.: 25 x 80-93 x 12,5 cm\" \/>\n<meta property=\"og:url\" content=\"https:\/\/curiosidadesedicas.com\/loja\/en\/product\/bengala-extensivel-c-led-alarme-e-mao-mecanica-hannde\/\" \/>\n<meta property=\"og:site_name\" content=\"Curiosidades &amp; Dicas, Lda\" \/>\n<meta property=\"article:modified_time\" content=\"2025-03-11T14:54:37+00:00\" \/>\n<meta property=\"og:image\" content=\"https:\/\/curiosidadesedicas.com\/loja\/wp-content\/uploads\/2024\/02\/bengala-extensivel-com-led-alarme-e-mao-mecanica-hannde-innovagoods_743551.jpg\" \/>\n\t<meta property=\"og:image:width\" content=\"600\" \/>\n\t<meta property=\"og:image:height\" content=\"600\" \/>\n\t<meta property=\"og:image:type\" content=\"image\/jpeg\" \/>\n<meta name=\"twitter:card\" content=\"summary_large_image\" \/>\n<meta name=\"twitter:label1\" content=\"Est. reading time\" \/>\n\t<meta name=\"twitter:data1\" content=\"3 minutes\" \/>\n<script type=\"application\/ld+json\" class=\"yoast-schema-graph\">{\"@context\":\"https:\/\/schema.org\",\"@graph\":[{\"@type\":\"WebPage\",\"@id\":\"https:\/\/curiosidadesedicas.com\/loja\/produto\/bengala-extensivel-c-led-alarme-e-mao-mecanica-hannde\/\",\"url\":\"https:\/\/curiosidadesedicas.com\/loja\/produto\/bengala-extensivel-c-led-alarme-e-mao-mecanica-hannde\/\",\"name\":\"BENGALA EXTENS\u00cdVEL C\/ LED, ALARME E M\u00c3O MEC\u00c2NICA HANNDE - Curiosidades &amp; Dicas, Lda\",\"isPartOf\":{\"@id\":\"https:\/\/curiosidadesedicas.com\/loja\/#website\"},\"primaryImageOfPage\":{\"@id\":\"https:\/\/curiosidadesedicas.com\/loja\/produto\/bengala-extensivel-c-led-alarme-e-mao-mecanica-hannde\/#primaryimage\"},\"image\":{\"@id\":\"https:\/\/curiosidadesedicas.com\/loja\/produto\/bengala-extensivel-c-led-alarme-e-mao-mecanica-hannde\/#primaryimage\"},\"thumbnailUrl\":\"https:\/\/curiosidadesedicas.com\/loja\/wp-content\/uploads\/2024\/02\/bengala-extensivel-com-led-alarme-e-mao-mecanica-hannde-innovagoods_743551.jpg\",\"datePublished\":\"2024-02-28T14:42:33+00:00\",\"dateModified\":\"2025-03-11T14:54:37+00:00\",\"breadcrumb\":{\"@id\":\"https:\/\/curiosidadesedicas.com\/loja\/produto\/bengala-extensivel-c-led-alarme-e-mao-mecanica-hannde\/#breadcrumb\"},\"inLanguage\":\"en-US\",\"potentialAction\":[{\"@type\":\"ReadAction\",\"target\":[\"https:\/\/curiosidadesedicas.com\/loja\/produto\/bengala-extensivel-c-led-alarme-e-mao-mecanica-hannde\/\"]}]},{\"@type\":\"ImageObject\",\"inLanguage\":\"en-US\",\"@id\":\"https:\/\/curiosidadesedicas.com\/loja\/produto\/bengala-extensivel-c-led-alarme-e-mao-mecanica-hannde\/#primaryimage\",\"url\":\"https:\/\/curiosidadesedicas.com\/loja\/wp-content\/uploads\/2024\/02\/bengala-extensivel-com-led-alarme-e-mao-mecanica-hannde-innovagoods_743551.jpg\",\"contentUrl\":\"https:\/\/curiosidadesedicas.com\/loja\/wp-content\/uploads\/2024\/02\/bengala-extensivel-com-led-alarme-e-mao-mecanica-hannde-innovagoods_743551.jpg\",\"width\":600,\"height\":600},{\"@type\":\"BreadcrumbList\",\"@id\":\"https:\/\/curiosidadesedicas.com\/loja\/produto\/bengala-extensivel-c-led-alarme-e-mao-mecanica-hannde\/#breadcrumb\",\"itemListElement\":[{\"@type\":\"ListItem\",\"position\":1,\"name\":\"In\u00edcio\",\"item\":\"https:\/\/curiosidadesedicas.com\/loja\/\"},{\"@type\":\"ListItem\",\"position\":2,\"name\":\"Produtos\",\"item\":\"https:\/\/curiosidadesedicas.com\/loja\/produtos\/\"},{\"@type\":\"ListItem\",\"position\":3,\"name\":\"BENGALA EXTENS\u00cdVEL C\/ LED, ALARME E M\u00c3O MEC\u00c2NICA HANNDE\"}]},{\"@type\":\"WebSite\",\"@id\":\"https:\/\/curiosidadesedicas.com\/loja\/#website\",\"url\":\"https:\/\/curiosidadesedicas.com\/loja\/\",\"name\":\"Curiosidades &amp; Dicas, Lda\",\"description\":\"Apaixonados Por Inova\u00e7\u00e3o\",\"publisher\":{\"@id\":\"https:\/\/curiosidadesedicas.com\/loja\/#organization\"},\"potentialAction\":[{\"@type\":\"SearchAction\",\"target\":{\"@type\":\"EntryPoint\",\"urlTemplate\":\"https:\/\/curiosidadesedicas.com\/loja\/?s={search_term_string}\"},\"query-input\":{\"@type\":\"PropertyValueSpecification\",\"valueRequired\":true,\"valueName\":\"search_term_string\"}}],\"inLanguage\":\"en-US\"},{\"@type\":\"Organization\",\"@id\":\"https:\/\/curiosidadesedicas.com\/loja\/#organization\",\"name\":\"Curiosidades & Dicas\",\"url\":\"https:\/\/curiosidadesedicas.com\/loja\/\",\"logo\":{\"@type\":\"ImageObject\",\"inLanguage\":\"en-US\",\"@id\":\"https:\/\/curiosidadesedicas.com\/loja\/#\/schema\/logo\/image\/\",\"url\":\"https:\/\/curiosidadesedicas.com\/loja\/wp-content\/uploads\/2020\/05\/LogoCuriosidadesSimples.png\",\"contentUrl\":\"https:\/\/curiosidadesedicas.com\/loja\/wp-content\/uploads\/2020\/05\/LogoCuriosidadesSimples.png\",\"width\":3528,\"height\":804,\"caption\":\"Curiosidades & Dicas\"},\"image\":{\"@id\":\"https:\/\/curiosidadesedicas.com\/loja\/#\/schema\/logo\/image\/\"}}]}<\/script>\n<!-- \/ Yoast SEO plugin. -->","yoast_head_json":{"title":"BENGALA EXTENS\u00cdVEL C\/ LED, ALARME E M\u00c3O MEC\u00c2NICA HANNDE - Curiosidades &amp; Dicas, Lda","robots":{"index":"index","follow":"follow","max-snippet":"max-snippet:-1","max-image-preview":"max-image-preview:large","max-video-preview":"max-video-preview:-1"},"canonical":"https:\/\/curiosidadesedicas.com\/loja\/en\/product\/bengala-extensivel-c-led-alarme-e-mao-mecanica-hannde\/","og_locale":"en_US","og_type":"article","og_title":"BENGALA EXTENS\u00cdVEL C\/ LED, ALARME E M\u00c3O MEC\u00c2NICA HANNDE - Curiosidades &amp; Dicas, Lda","og_description":"Material:   Ferro  Alum\u00ednio  Poliamida  Borracha natural    Cor:   Cinzento  Preto    Tipo: Bast\u00e3o  Design moderno e ergon\u00f3mico: Inovador e funcional  Caracter\u00edsticas: Multifun\u00e7\u00e3o  Punho dobr\u00e1vel: 90\u00ba  Altura ajust\u00e1vel: 6 n\u00edveis de altura  Base de apoio est\u00e1vel: 4 pontos de apoio  Leve LED: 0,5 W \/ 50 lm  Alarme: Alerta sonoro (80 dB)  Inclui: Pin\u00e7a de seguran\u00e7a  Antideslizante: Apoio est\u00e1vel  Resistente e duradouro: Materiais de qualidade  F\u00e1cil de utilizar, leve e manuse\u00e1vel: Utiliza\u00e7\u00e3o c\u00f3moda, simples e segura  Peso m\u00e1x. suportado: 70 Kg  N\u00famero de pilhas: 2  Tipo de pilha: AAA  Pilhas inclu\u00eddas: No  Medidas aprox.: 25 x 80-93 x 12,5 cm","og_url":"https:\/\/curiosidadesedicas.com\/loja\/en\/product\/bengala-extensivel-c-led-alarme-e-mao-mecanica-hannde\/","og_site_name":"Curiosidades &amp; Dicas, Lda","article_modified_time":"2025-03-11T14:54:37+00:00","og_image":[{"width":600,"height":600,"url":"https:\/\/curiosidadesedicas.com\/loja\/wp-content\/uploads\/2024\/02\/bengala-extensivel-com-led-alarme-e-mao-mecanica-hannde-innovagoods_743551.jpg","type":"image\/jpeg"}],"twitter_card":"summary_large_image","twitter_misc":{"Est. reading time":"3 minutes"},"schema":{"@context":"https:\/\/schema.org","@graph":[{"@type":"WebPage","@id":"https:\/\/curiosidadesedicas.com\/loja\/produto\/bengala-extensivel-c-led-alarme-e-mao-mecanica-hannde\/","url":"https:\/\/curiosidadesedicas.com\/loja\/produto\/bengala-extensivel-c-led-alarme-e-mao-mecanica-hannde\/","name":"BENGALA EXTENS\u00cdVEL C\/ LED, ALARME E M\u00c3O MEC\u00c2NICA HANNDE - Curiosidades &amp; Dicas, Lda","isPartOf":{"@id":"https:\/\/curiosidadesedicas.com\/loja\/#website"},"primaryImageOfPage":{"@id":"https:\/\/curiosidadesedicas.com\/loja\/produto\/bengala-extensivel-c-led-alarme-e-mao-mecanica-hannde\/#primaryimage"},"image":{"@id":"https:\/\/curiosidadesedicas.com\/loja\/produto\/bengala-extensivel-c-led-alarme-e-mao-mecanica-hannde\/#primaryimage"},"thumbnailUrl":"https:\/\/curiosidadesedicas.com\/loja\/wp-content\/uploads\/2024\/02\/bengala-extensivel-com-led-alarme-e-mao-mecanica-hannde-innovagoods_743551.jpg","datePublished":"2024-02-28T14:42:33+00:00","dateModified":"2025-03-11T14:54:37+00:00","breadcrumb":{"@id":"https:\/\/curiosidadesedicas.com\/loja\/produto\/bengala-extensivel-c-led-alarme-e-mao-mecanica-hannde\/#breadcrumb"},"inLanguage":"en-US","potentialAction":[{"@type":"ReadAction","target":["https:\/\/curiosidadesedicas.com\/loja\/produto\/bengala-extensivel-c-led-alarme-e-mao-mecanica-hannde\/"]}]},{"@type":"ImageObject","inLanguage":"en-US","@id":"https:\/\/curiosidadesedicas.com\/loja\/produto\/bengala-extensivel-c-led-alarme-e-mao-mecanica-hannde\/#primaryimage","url":"https:\/\/curiosidadesedicas.com\/loja\/wp-content\/uploads\/2024\/02\/bengala-extensivel-com-led-alarme-e-mao-mecanica-hannde-innovagoods_743551.jpg","contentUrl":"https:\/\/curiosidadesedicas.com\/loja\/wp-content\/uploads\/2024\/02\/bengala-extensivel-com-led-alarme-e-mao-mecanica-hannde-innovagoods_743551.jpg","width":600,"height":600},{"@type":"BreadcrumbList","@id":"https:\/\/curiosidadesedicas.com\/loja\/produto\/bengala-extensivel-c-led-alarme-e-mao-mecanica-hannde\/#breadcrumb","itemListElement":[{"@type":"ListItem","position":1,"name":"In\u00edcio","item":"https:\/\/curiosidadesedicas.com\/loja\/"},{"@type":"ListItem","position":2,"name":"Produtos","item":"https:\/\/curiosidadesedicas.com\/loja\/produtos\/"},{"@type":"ListItem","position":3,"name":"BENGALA EXTENS\u00cdVEL C\/ LED, ALARME E M\u00c3O MEC\u00c2NICA HANNDE"}]},{"@type":"WebSite","@id":"https:\/\/curiosidadesedicas.com\/loja\/#website","url":"https:\/\/curiosidadesedicas.com\/loja\/","name":"Curiosidades &amp; Dicas, Lda","description":"Apaixonados Por Inova\u00e7\u00e3o","publisher":{"@id":"https:\/\/curiosidadesedicas.com\/loja\/#organization"},"potentialAction":[{"@type":"SearchAction","target":{"@type":"EntryPoint","urlTemplate":"https:\/\/curiosidadesedicas.com\/loja\/?s={search_term_string}"},"query-input":{"@type":"PropertyValueSpecification","valueRequired":true,"valueName":"search_term_string"}}],"inLanguage":"en-US"},{"@type":"Organization","@id":"https:\/\/curiosidadesedicas.com\/loja\/#organization","name":"Curiosidades & Dicas","url":"https:\/\/curiosidadesedicas.com\/loja\/","logo":{"@type":"ImageObject","inLanguage":"en-US","@id":"https:\/\/curiosidadesedicas.com\/loja\/#\/schema\/logo\/image\/","url":"https:\/\/curiosidadesedicas.com\/loja\/wp-content\/uploads\/2020\/05\/LogoCuriosidadesSimples.png","contentUrl":"https:\/\/curiosidadesedicas.com\/loja\/wp-content\/uploads\/2020\/05\/LogoCuriosidadesSimples.png","width":3528,"height":804,"caption":"Curiosidades & Dicas"},"image":{"@id":"https:\/\/curiosidadesedicas.com\/loja\/#\/schema\/logo\/image\/"}}]}},"_links":{"self":[{"href":"https:\/\/curiosidadesedicas.com\/loja\/en\/wp-json\/wp\/v2\/product\/33233","targetHints":{"allow":["GET"]}}],"collection":[{"href":"https:\/\/curiosidadesedicas.com\/loja\/en\/wp-json\/wp\/v2\/product"}],"about":[{"href":"https:\/\/curiosidadesedicas.com\/loja\/en\/wp-json\/wp\/v2\/types\/product"}],"replies":[{"embeddable":true,"href":"https:\/\/curiosidadesedicas.com\/loja\/en\/wp-json\/wp\/v2\/comments?post=33233"}],"wp:featuredmedia":[{"embeddable":true,"href":"https:\/\/curiosidadesedicas.com\/loja\/en\/wp-json\/wp\/v2\/media\/33246"}],"wp:attachment":[{"href":"https:\/\/curiosidadesedicas.com\/loja\/en\/wp-json\/wp\/v2\/media?parent=33233"}],"wp:term":[{"taxonomy":"product_brand","embeddable":true,"href":"https:\/\/curiosidadesedicas.com\/loja\/en\/wp-json\/wp\/v2\/product_brand?post=33233"},{"taxonomy":"product_cat","embeddable":true,"href":"https:\/\/curiosidadesedicas.com\/loja\/en\/wp-json\/wp\/v2\/product_cat?post=33233"},{"taxonomy":"product_tag","embeddable":true,"href":"https:\/\/curiosidadesedicas.com\/loja\/en\/wp-json\/wp\/v2\/product_tag?post=33233"}],"curies":[{"name":"wp","href":"https:\/\/api.w.org\/{rel}","templated":true}]}}