{"id":32461,"date":"2024-02-02T13:35:17","date_gmt":"2024-02-02T13:35:17","guid":{"rendered":"https:\/\/curiosidadesedicas.com\/loja\/?post_type=product&#038;p=32461"},"modified":"2025-03-11T14:55:56","modified_gmt":"2025-03-11T14:55:56","slug":"difusor-humidificador-purearoma-500-smart-sunlight-cecotec-500-ml","status":"publish","type":"product","link":"https:\/\/curiosidadesedicas.com\/loja\/en\/product\/difusor-humidificador-purearoma-500-smart-sunlight-cecotec-500-ml\/","title":{"rendered":"DIFUSOR HUMIDIFICADOR PUREAROMA 500 SMART SUNLIGHT CECOTEC | 500 ML"},"content":{"rendered":"<p class=\"small_desc\">Melhora a qualidade do ar, ajudando-o a respirar melhor, ao mesmo tempo que aromatiza o ambiente com as fragr\u00e2ncias desejadas, que poder\u00e1 encontrar <a href=\"https:\/\/curiosidadesedicas.com\/loja\/en\/product\/essencia-aromatizadora\/\" target=\"_blank\" rel=\"noopener\"><strong>aqui<\/strong><\/a>:<\/p>\n<p><img decoding=\"async\" src=\"https:\/\/curiosidadesedicas.com\/loja\/wp-content\/uploads\/2024\/02\/ESSENCIAS-Humidificador-Difusor-GIF.gif\" \/><\/p>\n<p>&nbsp;<\/p>","protected":false},"excerpt":{"rendered":"<p>O <strong>Humidificador Difusor de Aromas <\/strong>tem um design inovador 2 em 1 que permite melhorar a qualidade do ar, ajudando-o a respirar melhor, ao mesmo tempo que aromatiza o ambiente com as fragr\u00e2ncias desejadas.<\/p>\n<ul>\n<li>Capacidade: 500 ml<\/li>\n<li>Caracter\u00edsticas: Ecr\u00e3 LED<\/li>\n<li>Temporizador: 1-12 horas<\/li>\n<li>Formato: Despertador<\/li>\n<li>Ilumina\u00e7\u00e3o:\n<ul>\n<li>LED<\/li>\n<li>7 cores<\/li>\n<\/ul>\n<\/li>\n<li>Alcance: 30 m\u00b2<\/li>\n<li>Medidas aprox.: 16,5 x 16,5 x 14,5 cm<\/li>\n<li>Cor: Amarelo, Azul ou Vermelho<\/li>\n<\/ul>","protected":false},"featured_media":32473,"comment_status":"open","ping_status":"closed","template":"","meta":{"_glsr_average":0,"_glsr_ranking":0,"_glsr_reviews":0},"product_brand":[],"product_cat":[381,382],"product_tag":[],"class_list":{"0":"post-32461","1":"product","2":"type-product","3":"status-publish","4":"has-post-thumbnail","6":"product_cat-ambientadores","7":"product_cat-humidificadores","9":"first","10":"instock","11":"taxable","12":"shipping-taxable","13":"purchasable","14":"product-type-variable"},"yoast_head":"<!-- This site is optimized with the Yoast SEO plugin v26.8 - https:\/\/yoast.com\/product\/yoast-seo-wordpress\/ -->\n<title>DIFUSOR HUMIDIFICADOR PUREAROMA 500 SMART SUNLIGHT CECOTEC | 500 ML - Curiosidades &amp; Dicas, Lda<\/title>\n<meta name=\"robots\" content=\"index, follow, max-snippet:-1, max-image-preview:large, max-video-preview:-1\" \/>\n<link rel=\"canonical\" href=\"https:\/\/curiosidadesedicas.com\/loja\/en\/product\/difusor-humidificador-purearoma-500-smart-sunlight-cecotec-500-ml\/\" \/>\n<meta property=\"og:locale\" content=\"en_US\" \/>\n<meta property=\"og:type\" content=\"article\" \/>\n<meta property=\"og:title\" content=\"DIFUSOR HUMIDIFICADOR PUREAROMA 500 SMART SUNLIGHT CECOTEC | 500 ML - Curiosidades &amp; Dicas, Lda\" \/>\n<meta property=\"og:description\" content=\"O Humidificador Difusor de Aromas tem um design inovador 2 em 1 que permite melhorar a qualidade do ar, ajudando-o a respirar melhor, ao mesmo tempo que aromatiza o ambiente com as fragr\u00e2ncias desejadas.   Capacidade: 500 ml  Caracter\u00edsticas: Ecr\u00e3 LED  Temporizador: 1-12 horas  Formato: Despertador  Ilumina\u00e7\u00e3o:   LED  7 cores    Alcance: 30 m\u00b2  Medidas aprox.: 16,5 x 16,5 x 14,5 cm  Cor: Amarelo, Azul ou Vermelho\" \/>\n<meta property=\"og:url\" content=\"https:\/\/curiosidadesedicas.com\/loja\/en\/product\/difusor-humidificador-purearoma-500-smart-sunlight-cecotec-500-ml\/\" \/>\n<meta property=\"og:site_name\" content=\"Curiosidades &amp; Dicas, Lda\" \/>\n<meta property=\"article:modified_time\" content=\"2025-03-11T14:55:56+00:00\" \/>\n<meta property=\"og:image\" content=\"https:\/\/curiosidadesedicas.com\/loja\/wp-content\/uploads\/2024\/02\/humidificador-purearoma-500-smart-sky-cecotec-azul-500-ml_177852-2.jpg\" \/>\n\t<meta property=\"og:image:width\" content=\"600\" \/>\n\t<meta property=\"og:image:height\" content=\"600\" \/>\n\t<meta property=\"og:image:type\" content=\"image\/jpeg\" \/>\n<meta name=\"twitter:card\" content=\"summary_large_image\" \/>\n<meta name=\"twitter:label1\" content=\"Est. reading time\" \/>\n\t<meta name=\"twitter:data1\" content=\"1 minute\" \/>\n<script type=\"application\/ld+json\" class=\"yoast-schema-graph\">{\"@context\":\"https:\/\/schema.org\",\"@graph\":[{\"@type\":\"WebPage\",\"@id\":\"https:\/\/curiosidadesedicas.com\/loja\/produto\/difusor-humidificador-purearoma-500-smart-sunlight-cecotec-500-ml\/\",\"url\":\"https:\/\/curiosidadesedicas.com\/loja\/produto\/difusor-humidificador-purearoma-500-smart-sunlight-cecotec-500-ml\/\",\"name\":\"DIFUSOR HUMIDIFICADOR PUREAROMA 500 SMART SUNLIGHT CECOTEC | 500 ML - Curiosidades &amp; Dicas, Lda\",\"isPartOf\":{\"@id\":\"https:\/\/curiosidadesedicas.com\/loja\/#website\"},\"primaryImageOfPage\":{\"@id\":\"https:\/\/curiosidadesedicas.com\/loja\/produto\/difusor-humidificador-purearoma-500-smart-sunlight-cecotec-500-ml\/#primaryimage\"},\"image\":{\"@id\":\"https:\/\/curiosidadesedicas.com\/loja\/produto\/difusor-humidificador-purearoma-500-smart-sunlight-cecotec-500-ml\/#primaryimage\"},\"thumbnailUrl\":\"https:\/\/curiosidadesedicas.com\/loja\/wp-content\/uploads\/2024\/02\/humidificador-purearoma-500-smart-sky-cecotec-azul-500-ml_177852-2.jpg\",\"datePublished\":\"2024-02-02T13:35:17+00:00\",\"dateModified\":\"2025-03-11T14:55:56+00:00\",\"breadcrumb\":{\"@id\":\"https:\/\/curiosidadesedicas.com\/loja\/produto\/difusor-humidificador-purearoma-500-smart-sunlight-cecotec-500-ml\/#breadcrumb\"},\"inLanguage\":\"en-US\",\"potentialAction\":[{\"@type\":\"ReadAction\",\"target\":[\"https:\/\/curiosidadesedicas.com\/loja\/produto\/difusor-humidificador-purearoma-500-smart-sunlight-cecotec-500-ml\/\"]}]},{\"@type\":\"ImageObject\",\"inLanguage\":\"en-US\",\"@id\":\"https:\/\/curiosidadesedicas.com\/loja\/produto\/difusor-humidificador-purearoma-500-smart-sunlight-cecotec-500-ml\/#primaryimage\",\"url\":\"https:\/\/curiosidadesedicas.com\/loja\/wp-content\/uploads\/2024\/02\/humidificador-purearoma-500-smart-sky-cecotec-azul-500-ml_177852-2.jpg\",\"contentUrl\":\"https:\/\/curiosidadesedicas.com\/loja\/wp-content\/uploads\/2024\/02\/humidificador-purearoma-500-smart-sky-cecotec-azul-500-ml_177852-2.jpg\",\"width\":600,\"height\":600},{\"@type\":\"BreadcrumbList\",\"@id\":\"https:\/\/curiosidadesedicas.com\/loja\/produto\/difusor-humidificador-purearoma-500-smart-sunlight-cecotec-500-ml\/#breadcrumb\",\"itemListElement\":[{\"@type\":\"ListItem\",\"position\":1,\"name\":\"In\u00edcio\",\"item\":\"https:\/\/curiosidadesedicas.com\/loja\/\"},{\"@type\":\"ListItem\",\"position\":2,\"name\":\"Produtos\",\"item\":\"https:\/\/curiosidadesedicas.com\/loja\/produtos\/\"},{\"@type\":\"ListItem\",\"position\":3,\"name\":\"DIFUSOR HUMIDIFICADOR PUREAROMA 500 SMART SUNLIGHT CECOTEC | 500 ML\"}]},{\"@type\":\"WebSite\",\"@id\":\"https:\/\/curiosidadesedicas.com\/loja\/#website\",\"url\":\"https:\/\/curiosidadesedicas.com\/loja\/\",\"name\":\"Curiosidades &amp; Dicas, Lda\",\"description\":\"Apaixonados Por Inova\u00e7\u00e3o\",\"publisher\":{\"@id\":\"https:\/\/curiosidadesedicas.com\/loja\/#organization\"},\"potentialAction\":[{\"@type\":\"SearchAction\",\"target\":{\"@type\":\"EntryPoint\",\"urlTemplate\":\"https:\/\/curiosidadesedicas.com\/loja\/?s={search_term_string}\"},\"query-input\":{\"@type\":\"PropertyValueSpecification\",\"valueRequired\":true,\"valueName\":\"search_term_string\"}}],\"inLanguage\":\"en-US\"},{\"@type\":\"Organization\",\"@id\":\"https:\/\/curiosidadesedicas.com\/loja\/#organization\",\"name\":\"Curiosidades & Dicas\",\"url\":\"https:\/\/curiosidadesedicas.com\/loja\/\",\"logo\":{\"@type\":\"ImageObject\",\"inLanguage\":\"en-US\",\"@id\":\"https:\/\/curiosidadesedicas.com\/loja\/#\/schema\/logo\/image\/\",\"url\":\"https:\/\/curiosidadesedicas.com\/loja\/wp-content\/uploads\/2020\/05\/LogoCuriosidadesSimples.png\",\"contentUrl\":\"https:\/\/curiosidadesedicas.com\/loja\/wp-content\/uploads\/2020\/05\/LogoCuriosidadesSimples.png\",\"width\":3528,\"height\":804,\"caption\":\"Curiosidades & Dicas\"},\"image\":{\"@id\":\"https:\/\/curiosidadesedicas.com\/loja\/#\/schema\/logo\/image\/\"}}]}<\/script>\n<!-- \/ Yoast SEO plugin. -->","yoast_head_json":{"title":"DIFUSOR HUMIDIFICADOR PUREAROMA 500 SMART SUNLIGHT CECOTEC | 500 ML - Curiosidades &amp; Dicas, Lda","robots":{"index":"index","follow":"follow","max-snippet":"max-snippet:-1","max-image-preview":"max-image-preview:large","max-video-preview":"max-video-preview:-1"},"canonical":"https:\/\/curiosidadesedicas.com\/loja\/en\/product\/difusor-humidificador-purearoma-500-smart-sunlight-cecotec-500-ml\/","og_locale":"en_US","og_type":"article","og_title":"DIFUSOR HUMIDIFICADOR PUREAROMA 500 SMART SUNLIGHT CECOTEC | 500 ML - Curiosidades &amp; Dicas, Lda","og_description":"O Humidificador Difusor de Aromas tem um design inovador 2 em 1 que permite melhorar a qualidade do ar, ajudando-o a respirar melhor, ao mesmo tempo que aromatiza o ambiente com as fragr\u00e2ncias desejadas.   Capacidade: 500 ml  Caracter\u00edsticas: Ecr\u00e3 LED  Temporizador: 1-12 horas  Formato: Despertador  Ilumina\u00e7\u00e3o:   LED  7 cores    Alcance: 30 m\u00b2  Medidas aprox.: 16,5 x 16,5 x 14,5 cm  Cor: Amarelo, Azul ou Vermelho","og_url":"https:\/\/curiosidadesedicas.com\/loja\/en\/product\/difusor-humidificador-purearoma-500-smart-sunlight-cecotec-500-ml\/","og_site_name":"Curiosidades &amp; Dicas, Lda","article_modified_time":"2025-03-11T14:55:56+00:00","og_image":[{"width":600,"height":600,"url":"https:\/\/curiosidadesedicas.com\/loja\/wp-content\/uploads\/2024\/02\/humidificador-purearoma-500-smart-sky-cecotec-azul-500-ml_177852-2.jpg","type":"image\/jpeg"}],"twitter_card":"summary_large_image","twitter_misc":{"Est. reading time":"1 minute"},"schema":{"@context":"https:\/\/schema.org","@graph":[{"@type":"WebPage","@id":"https:\/\/curiosidadesedicas.com\/loja\/produto\/difusor-humidificador-purearoma-500-smart-sunlight-cecotec-500-ml\/","url":"https:\/\/curiosidadesedicas.com\/loja\/produto\/difusor-humidificador-purearoma-500-smart-sunlight-cecotec-500-ml\/","name":"DIFUSOR HUMIDIFICADOR PUREAROMA 500 SMART SUNLIGHT CECOTEC | 500 ML - Curiosidades &amp; Dicas, Lda","isPartOf":{"@id":"https:\/\/curiosidadesedicas.com\/loja\/#website"},"primaryImageOfPage":{"@id":"https:\/\/curiosidadesedicas.com\/loja\/produto\/difusor-humidificador-purearoma-500-smart-sunlight-cecotec-500-ml\/#primaryimage"},"image":{"@id":"https:\/\/curiosidadesedicas.com\/loja\/produto\/difusor-humidificador-purearoma-500-smart-sunlight-cecotec-500-ml\/#primaryimage"},"thumbnailUrl":"https:\/\/curiosidadesedicas.com\/loja\/wp-content\/uploads\/2024\/02\/humidificador-purearoma-500-smart-sky-cecotec-azul-500-ml_177852-2.jpg","datePublished":"2024-02-02T13:35:17+00:00","dateModified":"2025-03-11T14:55:56+00:00","breadcrumb":{"@id":"https:\/\/curiosidadesedicas.com\/loja\/produto\/difusor-humidificador-purearoma-500-smart-sunlight-cecotec-500-ml\/#breadcrumb"},"inLanguage":"en-US","potentialAction":[{"@type":"ReadAction","target":["https:\/\/curiosidadesedicas.com\/loja\/produto\/difusor-humidificador-purearoma-500-smart-sunlight-cecotec-500-ml\/"]}]},{"@type":"ImageObject","inLanguage":"en-US","@id":"https:\/\/curiosidadesedicas.com\/loja\/produto\/difusor-humidificador-purearoma-500-smart-sunlight-cecotec-500-ml\/#primaryimage","url":"https:\/\/curiosidadesedicas.com\/loja\/wp-content\/uploads\/2024\/02\/humidificador-purearoma-500-smart-sky-cecotec-azul-500-ml_177852-2.jpg","contentUrl":"https:\/\/curiosidadesedicas.com\/loja\/wp-content\/uploads\/2024\/02\/humidificador-purearoma-500-smart-sky-cecotec-azul-500-ml_177852-2.jpg","width":600,"height":600},{"@type":"BreadcrumbList","@id":"https:\/\/curiosidadesedicas.com\/loja\/produto\/difusor-humidificador-purearoma-500-smart-sunlight-cecotec-500-ml\/#breadcrumb","itemListElement":[{"@type":"ListItem","position":1,"name":"In\u00edcio","item":"https:\/\/curiosidadesedicas.com\/loja\/"},{"@type":"ListItem","position":2,"name":"Produtos","item":"https:\/\/curiosidadesedicas.com\/loja\/produtos\/"},{"@type":"ListItem","position":3,"name":"DIFUSOR HUMIDIFICADOR PUREAROMA 500 SMART SUNLIGHT CECOTEC | 500 ML"}]},{"@type":"WebSite","@id":"https:\/\/curiosidadesedicas.com\/loja\/#website","url":"https:\/\/curiosidadesedicas.com\/loja\/","name":"Curiosidades &amp; Dicas, Lda","description":"Apaixonados Por Inova\u00e7\u00e3o","publisher":{"@id":"https:\/\/curiosidadesedicas.com\/loja\/#organization"},"potentialAction":[{"@type":"SearchAction","target":{"@type":"EntryPoint","urlTemplate":"https:\/\/curiosidadesedicas.com\/loja\/?s={search_term_string}"},"query-input":{"@type":"PropertyValueSpecification","valueRequired":true,"valueName":"search_term_string"}}],"inLanguage":"en-US"},{"@type":"Organization","@id":"https:\/\/curiosidadesedicas.com\/loja\/#organization","name":"Curiosidades & Dicas","url":"https:\/\/curiosidadesedicas.com\/loja\/","logo":{"@type":"ImageObject","inLanguage":"en-US","@id":"https:\/\/curiosidadesedicas.com\/loja\/#\/schema\/logo\/image\/","url":"https:\/\/curiosidadesedicas.com\/loja\/wp-content\/uploads\/2020\/05\/LogoCuriosidadesSimples.png","contentUrl":"https:\/\/curiosidadesedicas.com\/loja\/wp-content\/uploads\/2020\/05\/LogoCuriosidadesSimples.png","width":3528,"height":804,"caption":"Curiosidades & Dicas"},"image":{"@id":"https:\/\/curiosidadesedicas.com\/loja\/#\/schema\/logo\/image\/"}}]}},"_links":{"self":[{"href":"https:\/\/curiosidadesedicas.com\/loja\/en\/wp-json\/wp\/v2\/product\/32461","targetHints":{"allow":["GET"]}}],"collection":[{"href":"https:\/\/curiosidadesedicas.com\/loja\/en\/wp-json\/wp\/v2\/product"}],"about":[{"href":"https:\/\/curiosidadesedicas.com\/loja\/en\/wp-json\/wp\/v2\/types\/product"}],"replies":[{"embeddable":true,"href":"https:\/\/curiosidadesedicas.com\/loja\/en\/wp-json\/wp\/v2\/comments?post=32461"}],"wp:featuredmedia":[{"embeddable":true,"href":"https:\/\/curiosidadesedicas.com\/loja\/en\/wp-json\/wp\/v2\/media\/32473"}],"wp:attachment":[{"href":"https:\/\/curiosidadesedicas.com\/loja\/en\/wp-json\/wp\/v2\/media?parent=32461"}],"wp:term":[{"taxonomy":"product_brand","embeddable":true,"href":"https:\/\/curiosidadesedicas.com\/loja\/en\/wp-json\/wp\/v2\/product_brand?post=32461"},{"taxonomy":"product_cat","embeddable":true,"href":"https:\/\/curiosidadesedicas.com\/loja\/en\/wp-json\/wp\/v2\/product_cat?post=32461"},{"taxonomy":"product_tag","embeddable":true,"href":"https:\/\/curiosidadesedicas.com\/loja\/en\/wp-json\/wp\/v2\/product_tag?post=32461"}],"curies":[{"name":"wp","href":"https:\/\/api.w.org\/{rel}","templated":true}]}}