{"id":32448,"date":"2024-01-30T16:28:04","date_gmt":"2024-01-30T16:28:04","guid":{"rendered":"https:\/\/curiosidadesedicas.com\/loja\/?post_type=product&#038;p=32448"},"modified":"2025-03-11T14:56:04","modified_gmt":"2025-03-11T14:56:04","slug":"suporte-de-smartphone-p-o-espelho-retrovisor-stropp","status":"publish","type":"product","link":"https:\/\/curiosidadesedicas.com\/loja\/en\/product\/suporte-de-smartphone-p-o-espelho-retrovisor-stropp\/","title":{"rendered":"SUPORTE DE SMARTPHONE P\/ O ESPELHO RETROVISOR STROPP"},"content":{"rendered":"<p>O suporte de smartphone para o espelho retrovisor Stropp permite colocar o telem\u00f3vel numa posi\u00e7\u00e3o \u00f3tima dentro do autom\u00f3vel permitindo uma visualiza\u00e7\u00e3o correta durante a condu\u00e7\u00e3o na estrada. Este suporte de telem\u00f3veis para o carro disp\u00f5e de umas pestanas de ajuste para se fixar em qualquer tipo de espelho retrovisor adaptando-se \u00e0 maior parte dos modelos de telem\u00f3veis. Ajusta-se perfeitamente ao tamanho do retrovisor e do telem\u00f3vel, proporcionando uma fixa\u00e7\u00e3o firme sem vibra\u00e7\u00e3o ou movimento. Al\u00e9m disso, \u00e9 f\u00e1cil de colocar e de remover e possui inclina\u00e7\u00e3o e orienta\u00e7\u00e3o regul\u00e1veis para ser colocado na posi\u00e7\u00e3o desejada de acordo com as necessidades do momento.<\/p>\n<ul>\n<li>Design original, moderno, universal<\/li>\n<li>Adequado para a maior dos telem\u00f3veis e retrovisores<\/li>\n<li>Adapt\u00e1vel: pestanas de ajuste deslizantes<\/li>\n<li>Bra\u00e7o de apoio com inclina\u00e7\u00e3o regul\u00e1vel: 270\u00ba<\/li>\n<li>Pin\u00e7a de seguran\u00e7a ajust\u00e1vel ao smartphone<\/li>\n<li>Orienta\u00e7\u00e3o regul\u00e1vel: rota\u00e7\u00e3o de 360\u00ba<\/li>\n<li>Posi\u00e7\u00e3o horizontal ou vertical do telem\u00f3vel<\/li>\n<li>Antivibra\u00e7\u00e3o, antirriscos e antiqueda<\/li>\n<li>Refor\u00e7o interior de silicone: prote\u00e7\u00e3o e seguran\u00e7a<\/li>\n<li>Fixa\u00e7\u00e3o firme:\u00a0uso c\u00f3modo, simples e seguro<\/li>\n<li>F\u00e1cil instala\u00e7\u00e3o\u00a0no espelho retrovisor do autom\u00f3vel<\/li>\n<li>Port\u00e1til, leve, f\u00e1cil de transportar e guardar<\/li>\n<li>Inclui instru\u00e7\u00f5es de utiliza\u00e7\u00e3o<\/li>\n<\/ul>\n<p>Este\u00a0suporte de telem\u00f3vel para o carro\u00a0coloca-se facilmente no espelho retrovisor seguindo as instru\u00e7\u00f5es inclu\u00eddas (v\u00e1lido para retrovisores de 6 a 9 cm de altura e de 2 a 5 cm de profundidade). A inclina\u00e7\u00e3o do bra\u00e7o de suporte pode ser regulada e fixada no \u00e2ngulo desejado.<\/p>\n<p>&nbsp;<\/p>\n<p>O smartphone \u00e9 colocado na pin\u00e7a ajust\u00e1vel (at\u00e9 9 cm m\u00e1ximo), que pode rodar para mover o telefone e fix\u00e1-lo na posi\u00e7\u00e3o desejada.<\/p>\n<p>Gra\u00e7as \u00e0 sua\u00a0resist\u00eancia, estabilidade e firmeza, absorve as vibra\u00e7\u00f5es para manter o telem\u00f3vel direito e sem movimento.<\/p>","protected":false},"excerpt":{"rendered":"<ul>\n<li>Material:\n<ul>\n<li>ABS<\/li>\n<li>Silicone<\/li>\n<\/ul>\n<\/li>\n<li>Cor: Preto<\/li>\n<li>Design moderno: Inovador e funcional<\/li>\n<li>Tipo: Suporte de Telem\u00f3veis para Carros<\/li>\n<li>Compatibilidade: Smartphones, Telem\u00f3veis<\/li>\n<li>Universal: Vers\u00e1til e adapt\u00e1vel<\/li>\n<li>Ajust\u00e1vel: 9 cm m\u00e1x.<\/li>\n<li>Caracter\u00edsticas: Rota\u00e7\u00e3o 360\u00ba<\/li>\n<li>M\u00faltiplas posi\u00e7\u00f5es: Horizontal-vertical<\/li>\n<li>Inclina\u00e7\u00e3o regul\u00e1vel: 270\u00ba<\/li>\n<li>Antivibra\u00e7\u00f5es: Apoio est\u00e1vel<\/li>\n<li>F\u00e1cil de utilizar: Utiliza\u00e7\u00e3o c\u00f3moda, simples e segura<\/li>\n<li>Original e port\u00e1til: F\u00e1cil instala\u00e7\u00e3o<\/li>\n<li>F\u00e1cil de colocar e de remover: Espelho retrovisor<\/li>\n<li>Inclui: Instru\u00e7\u00f5es de utiliza\u00e7\u00e3o<\/li>\n<li>Leve e male\u00e1vel: F\u00e1cil de transportar e de guardar<\/li>\n<li>Medidas aprox.: 12 x 17 x 7,8 cm<\/li>\n<\/ul>","protected":false},"featured_media":32458,"comment_status":"open","ping_status":"closed","template":"","meta":{"_glsr_average":0,"_glsr_ranking":0,"_glsr_reviews":0},"product_brand":[],"product_cat":[350,351,352],"product_tag":[],"class_list":{"0":"post-32448","1":"product","2":"type-product","3":"status-publish","4":"has-post-thumbnail","6":"product_cat-gadgets","7":"product_cat-p-carro","8":"product_cat-p-telemoveis","10":"first","11":"instock","12":"taxable","13":"shipping-taxable","14":"purchasable","15":"product-type-simple"},"yoast_head":"<!-- This site is optimized with the Yoast SEO plugin v26.8 - https:\/\/yoast.com\/product\/yoast-seo-wordpress\/ -->\n<title>SUPORTE DE SMARTPHONE P\/ O ESPELHO RETROVISOR STROPP - Curiosidades &amp; Dicas, Lda<\/title>\n<meta name=\"robots\" content=\"index, follow, max-snippet:-1, max-image-preview:large, max-video-preview:-1\" \/>\n<link rel=\"canonical\" href=\"https:\/\/curiosidadesedicas.com\/loja\/en\/product\/suporte-de-smartphone-p-o-espelho-retrovisor-stropp\/\" \/>\n<meta property=\"og:locale\" content=\"en_US\" \/>\n<meta property=\"og:type\" content=\"article\" \/>\n<meta property=\"og:title\" content=\"SUPORTE DE SMARTPHONE P\/ O ESPELHO RETROVISOR STROPP - Curiosidades &amp; Dicas, Lda\" \/>\n<meta property=\"og:description\" content=\"Material:   ABS  Silicone    Cor: Preto  Design moderno: Inovador e funcional  Tipo: Suporte de Telem\u00f3veis para Carros  Compatibilidade: Smartphones, Telem\u00f3veis  Universal: Vers\u00e1til e adapt\u00e1vel  Ajust\u00e1vel: 9 cm m\u00e1x.  Caracter\u00edsticas: Rota\u00e7\u00e3o 360\u00ba  M\u00faltiplas posi\u00e7\u00f5es: Horizontal-vertical  Inclina\u00e7\u00e3o regul\u00e1vel: 270\u00ba  Antivibra\u00e7\u00f5es: Apoio est\u00e1vel  F\u00e1cil de utilizar: Utiliza\u00e7\u00e3o c\u00f3moda, simples e segura  Original e port\u00e1til: F\u00e1cil instala\u00e7\u00e3o  F\u00e1cil de colocar e de remover: Espelho retrovisor  Inclui: Instru\u00e7\u00f5es de utiliza\u00e7\u00e3o  Leve e male\u00e1vel: F\u00e1cil de transportar e de guardar  Medidas aprox.: 12 x 17 x 7,8 cm\" \/>\n<meta property=\"og:url\" content=\"https:\/\/curiosidadesedicas.com\/loja\/en\/product\/suporte-de-smartphone-p-o-espelho-retrovisor-stropp\/\" \/>\n<meta property=\"og:site_name\" content=\"Curiosidades &amp; Dicas, Lda\" \/>\n<meta property=\"article:modified_time\" content=\"2025-03-11T14:56:04+00:00\" \/>\n<meta property=\"og:image\" content=\"https:\/\/curiosidadesedicas.com\/loja\/wp-content\/uploads\/2024\/01\/suporte-de-smartphone-para-o-espelho-retrovisor-stropp-innovagoods_377626.jpg\" \/>\n\t<meta property=\"og:image:width\" content=\"600\" \/>\n\t<meta property=\"og:image:height\" content=\"600\" \/>\n\t<meta property=\"og:image:type\" content=\"image\/jpeg\" \/>\n<meta name=\"twitter:card\" content=\"summary_large_image\" \/>\n<meta name=\"twitter:label1\" content=\"Est. reading time\" \/>\n\t<meta name=\"twitter:data1\" content=\"2 minutes\" \/>\n<script type=\"application\/ld+json\" class=\"yoast-schema-graph\">{\"@context\":\"https:\/\/schema.org\",\"@graph\":[{\"@type\":\"WebPage\",\"@id\":\"https:\/\/curiosidadesedicas.com\/loja\/produto\/suporte-de-smartphone-p-o-espelho-retrovisor-stropp\/\",\"url\":\"https:\/\/curiosidadesedicas.com\/loja\/produto\/suporte-de-smartphone-p-o-espelho-retrovisor-stropp\/\",\"name\":\"SUPORTE DE SMARTPHONE P\/ O ESPELHO RETROVISOR STROPP - Curiosidades &amp; Dicas, Lda\",\"isPartOf\":{\"@id\":\"https:\/\/curiosidadesedicas.com\/loja\/#website\"},\"primaryImageOfPage\":{\"@id\":\"https:\/\/curiosidadesedicas.com\/loja\/produto\/suporte-de-smartphone-p-o-espelho-retrovisor-stropp\/#primaryimage\"},\"image\":{\"@id\":\"https:\/\/curiosidadesedicas.com\/loja\/produto\/suporte-de-smartphone-p-o-espelho-retrovisor-stropp\/#primaryimage\"},\"thumbnailUrl\":\"https:\/\/curiosidadesedicas.com\/loja\/wp-content\/uploads\/2024\/01\/suporte-de-smartphone-para-o-espelho-retrovisor-stropp-innovagoods_377626.jpg\",\"datePublished\":\"2024-01-30T16:28:04+00:00\",\"dateModified\":\"2025-03-11T14:56:04+00:00\",\"breadcrumb\":{\"@id\":\"https:\/\/curiosidadesedicas.com\/loja\/produto\/suporte-de-smartphone-p-o-espelho-retrovisor-stropp\/#breadcrumb\"},\"inLanguage\":\"en-US\",\"potentialAction\":[{\"@type\":\"ReadAction\",\"target\":[\"https:\/\/curiosidadesedicas.com\/loja\/produto\/suporte-de-smartphone-p-o-espelho-retrovisor-stropp\/\"]}]},{\"@type\":\"ImageObject\",\"inLanguage\":\"en-US\",\"@id\":\"https:\/\/curiosidadesedicas.com\/loja\/produto\/suporte-de-smartphone-p-o-espelho-retrovisor-stropp\/#primaryimage\",\"url\":\"https:\/\/curiosidadesedicas.com\/loja\/wp-content\/uploads\/2024\/01\/suporte-de-smartphone-para-o-espelho-retrovisor-stropp-innovagoods_377626.jpg\",\"contentUrl\":\"https:\/\/curiosidadesedicas.com\/loja\/wp-content\/uploads\/2024\/01\/suporte-de-smartphone-para-o-espelho-retrovisor-stropp-innovagoods_377626.jpg\",\"width\":600,\"height\":600},{\"@type\":\"BreadcrumbList\",\"@id\":\"https:\/\/curiosidadesedicas.com\/loja\/produto\/suporte-de-smartphone-p-o-espelho-retrovisor-stropp\/#breadcrumb\",\"itemListElement\":[{\"@type\":\"ListItem\",\"position\":1,\"name\":\"In\u00edcio\",\"item\":\"https:\/\/curiosidadesedicas.com\/loja\/\"},{\"@type\":\"ListItem\",\"position\":2,\"name\":\"Produtos\",\"item\":\"https:\/\/curiosidadesedicas.com\/loja\/produtos\/\"},{\"@type\":\"ListItem\",\"position\":3,\"name\":\"SUPORTE DE SMARTPHONE P\/ O ESPELHO RETROVISOR STROPP\"}]},{\"@type\":\"WebSite\",\"@id\":\"https:\/\/curiosidadesedicas.com\/loja\/#website\",\"url\":\"https:\/\/curiosidadesedicas.com\/loja\/\",\"name\":\"Curiosidades &amp; Dicas, Lda\",\"description\":\"Apaixonados Por Inova\u00e7\u00e3o\",\"publisher\":{\"@id\":\"https:\/\/curiosidadesedicas.com\/loja\/#organization\"},\"potentialAction\":[{\"@type\":\"SearchAction\",\"target\":{\"@type\":\"EntryPoint\",\"urlTemplate\":\"https:\/\/curiosidadesedicas.com\/loja\/?s={search_term_string}\"},\"query-input\":{\"@type\":\"PropertyValueSpecification\",\"valueRequired\":true,\"valueName\":\"search_term_string\"}}],\"inLanguage\":\"en-US\"},{\"@type\":\"Organization\",\"@id\":\"https:\/\/curiosidadesedicas.com\/loja\/#organization\",\"name\":\"Curiosidades & Dicas\",\"url\":\"https:\/\/curiosidadesedicas.com\/loja\/\",\"logo\":{\"@type\":\"ImageObject\",\"inLanguage\":\"en-US\",\"@id\":\"https:\/\/curiosidadesedicas.com\/loja\/#\/schema\/logo\/image\/\",\"url\":\"https:\/\/curiosidadesedicas.com\/loja\/wp-content\/uploads\/2020\/05\/LogoCuriosidadesSimples.png\",\"contentUrl\":\"https:\/\/curiosidadesedicas.com\/loja\/wp-content\/uploads\/2020\/05\/LogoCuriosidadesSimples.png\",\"width\":3528,\"height\":804,\"caption\":\"Curiosidades & Dicas\"},\"image\":{\"@id\":\"https:\/\/curiosidadesedicas.com\/loja\/#\/schema\/logo\/image\/\"}}]}<\/script>\n<!-- \/ Yoast SEO plugin. -->","yoast_head_json":{"title":"SUPORTE DE SMARTPHONE P\/ O ESPELHO RETROVISOR STROPP - Curiosidades &amp; Dicas, Lda","robots":{"index":"index","follow":"follow","max-snippet":"max-snippet:-1","max-image-preview":"max-image-preview:large","max-video-preview":"max-video-preview:-1"},"canonical":"https:\/\/curiosidadesedicas.com\/loja\/en\/product\/suporte-de-smartphone-p-o-espelho-retrovisor-stropp\/","og_locale":"en_US","og_type":"article","og_title":"SUPORTE DE SMARTPHONE P\/ O ESPELHO RETROVISOR STROPP - Curiosidades &amp; Dicas, Lda","og_description":"Material:   ABS  Silicone    Cor: Preto  Design moderno: Inovador e funcional  Tipo: Suporte de Telem\u00f3veis para Carros  Compatibilidade: Smartphones, Telem\u00f3veis  Universal: Vers\u00e1til e adapt\u00e1vel  Ajust\u00e1vel: 9 cm m\u00e1x.  Caracter\u00edsticas: Rota\u00e7\u00e3o 360\u00ba  M\u00faltiplas posi\u00e7\u00f5es: Horizontal-vertical  Inclina\u00e7\u00e3o regul\u00e1vel: 270\u00ba  Antivibra\u00e7\u00f5es: Apoio est\u00e1vel  F\u00e1cil de utilizar: Utiliza\u00e7\u00e3o c\u00f3moda, simples e segura  Original e port\u00e1til: F\u00e1cil instala\u00e7\u00e3o  F\u00e1cil de colocar e de remover: Espelho retrovisor  Inclui: Instru\u00e7\u00f5es de utiliza\u00e7\u00e3o  Leve e male\u00e1vel: F\u00e1cil de transportar e de guardar  Medidas aprox.: 12 x 17 x 7,8 cm","og_url":"https:\/\/curiosidadesedicas.com\/loja\/en\/product\/suporte-de-smartphone-p-o-espelho-retrovisor-stropp\/","og_site_name":"Curiosidades &amp; Dicas, Lda","article_modified_time":"2025-03-11T14:56:04+00:00","og_image":[{"width":600,"height":600,"url":"https:\/\/curiosidadesedicas.com\/loja\/wp-content\/uploads\/2024\/01\/suporte-de-smartphone-para-o-espelho-retrovisor-stropp-innovagoods_377626.jpg","type":"image\/jpeg"}],"twitter_card":"summary_large_image","twitter_misc":{"Est. reading time":"2 minutes"},"schema":{"@context":"https:\/\/schema.org","@graph":[{"@type":"WebPage","@id":"https:\/\/curiosidadesedicas.com\/loja\/produto\/suporte-de-smartphone-p-o-espelho-retrovisor-stropp\/","url":"https:\/\/curiosidadesedicas.com\/loja\/produto\/suporte-de-smartphone-p-o-espelho-retrovisor-stropp\/","name":"SUPORTE DE SMARTPHONE P\/ O ESPELHO RETROVISOR STROPP - Curiosidades &amp; Dicas, Lda","isPartOf":{"@id":"https:\/\/curiosidadesedicas.com\/loja\/#website"},"primaryImageOfPage":{"@id":"https:\/\/curiosidadesedicas.com\/loja\/produto\/suporte-de-smartphone-p-o-espelho-retrovisor-stropp\/#primaryimage"},"image":{"@id":"https:\/\/curiosidadesedicas.com\/loja\/produto\/suporte-de-smartphone-p-o-espelho-retrovisor-stropp\/#primaryimage"},"thumbnailUrl":"https:\/\/curiosidadesedicas.com\/loja\/wp-content\/uploads\/2024\/01\/suporte-de-smartphone-para-o-espelho-retrovisor-stropp-innovagoods_377626.jpg","datePublished":"2024-01-30T16:28:04+00:00","dateModified":"2025-03-11T14:56:04+00:00","breadcrumb":{"@id":"https:\/\/curiosidadesedicas.com\/loja\/produto\/suporte-de-smartphone-p-o-espelho-retrovisor-stropp\/#breadcrumb"},"inLanguage":"en-US","potentialAction":[{"@type":"ReadAction","target":["https:\/\/curiosidadesedicas.com\/loja\/produto\/suporte-de-smartphone-p-o-espelho-retrovisor-stropp\/"]}]},{"@type":"ImageObject","inLanguage":"en-US","@id":"https:\/\/curiosidadesedicas.com\/loja\/produto\/suporte-de-smartphone-p-o-espelho-retrovisor-stropp\/#primaryimage","url":"https:\/\/curiosidadesedicas.com\/loja\/wp-content\/uploads\/2024\/01\/suporte-de-smartphone-para-o-espelho-retrovisor-stropp-innovagoods_377626.jpg","contentUrl":"https:\/\/curiosidadesedicas.com\/loja\/wp-content\/uploads\/2024\/01\/suporte-de-smartphone-para-o-espelho-retrovisor-stropp-innovagoods_377626.jpg","width":600,"height":600},{"@type":"BreadcrumbList","@id":"https:\/\/curiosidadesedicas.com\/loja\/produto\/suporte-de-smartphone-p-o-espelho-retrovisor-stropp\/#breadcrumb","itemListElement":[{"@type":"ListItem","position":1,"name":"In\u00edcio","item":"https:\/\/curiosidadesedicas.com\/loja\/"},{"@type":"ListItem","position":2,"name":"Produtos","item":"https:\/\/curiosidadesedicas.com\/loja\/produtos\/"},{"@type":"ListItem","position":3,"name":"SUPORTE DE SMARTPHONE P\/ O ESPELHO RETROVISOR STROPP"}]},{"@type":"WebSite","@id":"https:\/\/curiosidadesedicas.com\/loja\/#website","url":"https:\/\/curiosidadesedicas.com\/loja\/","name":"Curiosidades &amp; Dicas, Lda","description":"Apaixonados Por Inova\u00e7\u00e3o","publisher":{"@id":"https:\/\/curiosidadesedicas.com\/loja\/#organization"},"potentialAction":[{"@type":"SearchAction","target":{"@type":"EntryPoint","urlTemplate":"https:\/\/curiosidadesedicas.com\/loja\/?s={search_term_string}"},"query-input":{"@type":"PropertyValueSpecification","valueRequired":true,"valueName":"search_term_string"}}],"inLanguage":"en-US"},{"@type":"Organization","@id":"https:\/\/curiosidadesedicas.com\/loja\/#organization","name":"Curiosidades & Dicas","url":"https:\/\/curiosidadesedicas.com\/loja\/","logo":{"@type":"ImageObject","inLanguage":"en-US","@id":"https:\/\/curiosidadesedicas.com\/loja\/#\/schema\/logo\/image\/","url":"https:\/\/curiosidadesedicas.com\/loja\/wp-content\/uploads\/2020\/05\/LogoCuriosidadesSimples.png","contentUrl":"https:\/\/curiosidadesedicas.com\/loja\/wp-content\/uploads\/2020\/05\/LogoCuriosidadesSimples.png","width":3528,"height":804,"caption":"Curiosidades & Dicas"},"image":{"@id":"https:\/\/curiosidadesedicas.com\/loja\/#\/schema\/logo\/image\/"}}]}},"_links":{"self":[{"href":"https:\/\/curiosidadesedicas.com\/loja\/en\/wp-json\/wp\/v2\/product\/32448","targetHints":{"allow":["GET"]}}],"collection":[{"href":"https:\/\/curiosidadesedicas.com\/loja\/en\/wp-json\/wp\/v2\/product"}],"about":[{"href":"https:\/\/curiosidadesedicas.com\/loja\/en\/wp-json\/wp\/v2\/types\/product"}],"replies":[{"embeddable":true,"href":"https:\/\/curiosidadesedicas.com\/loja\/en\/wp-json\/wp\/v2\/comments?post=32448"}],"wp:featuredmedia":[{"embeddable":true,"href":"https:\/\/curiosidadesedicas.com\/loja\/en\/wp-json\/wp\/v2\/media\/32458"}],"wp:attachment":[{"href":"https:\/\/curiosidadesedicas.com\/loja\/en\/wp-json\/wp\/v2\/media?parent=32448"}],"wp:term":[{"taxonomy":"product_brand","embeddable":true,"href":"https:\/\/curiosidadesedicas.com\/loja\/en\/wp-json\/wp\/v2\/product_brand?post=32448"},{"taxonomy":"product_cat","embeddable":true,"href":"https:\/\/curiosidadesedicas.com\/loja\/en\/wp-json\/wp\/v2\/product_cat?post=32448"},{"taxonomy":"product_tag","embeddable":true,"href":"https:\/\/curiosidadesedicas.com\/loja\/en\/wp-json\/wp\/v2\/product_tag?post=32448"}],"curies":[{"name":"wp","href":"https:\/\/api.w.org\/{rel}","templated":true}]}}