{"id":32124,"date":"2024-01-28T09:34:25","date_gmt":"2024-01-28T09:34:25","guid":{"rendered":"https:\/\/curiosidadesedicas.com\/loja\/?post_type=product&#038;p=32124"},"modified":"2024-02-19T14:27:57","modified_gmt":"2024-02-19T14:27:57","slug":"capa-elastica-p-cadeira-c-encosto-lisa-stark-pack-2un","status":"publish","type":"product","link":"https:\/\/curiosidadesedicas.com\/loja\/en\/product\/capa-elastica-p-cadeira-c-encosto-lisa-stark-pack-2un\/","title":{"rendered":"CAPA EL\u00c1STICA P\/ CADEIRA C\/ ENCOSTO LISA STARK PACK 2UN"},"content":{"rendered":"<p><strong>COMPOSI\u00c7\u00c3O:\u00a0<\/strong>94% poli\u00e9ster, 6% elast\u00f3mero<\/p>\n<p><strong>PRAZO DE ENTREGA: <\/strong>10 dias \u00fateis (mediante a rotura de stock)<\/p>\n<p><strong>INSTRU\u00c7\u00d5ES DE LAVAGEM:<\/strong><\/p>\n<p class=\"ww\"><img loading=\"lazy\" decoding=\"async\" title=\"Temperatura m\u00e1xima de lavagem\" src=\"https:\/\/www.capasparasofa.pt\/img\/cms\/i_temperatura.jpg\" alt=\"Temperatura m\u00e1xima de lavagem\" width=\"42\" height=\"42\" \/> <img loading=\"lazy\" decoding=\"async\" title=\"N\u00e3o utilizar lix\u00edvia\" src=\"https:\/\/www.capasparasofa.pt\/img\/cms\/i_no_lejia.jpg\" alt=\"N\u00e3o utilizar lix\u00edvia\" width=\"42\" height=\"42\" \/> <img loading=\"lazy\" decoding=\"async\" title=\"N\u00e3o passar o ferro\" src=\"https:\/\/www.capasparasofa.pt\/img\/cms\/i_no_plancha.jpg\" alt=\"N\u00e3o passar o ferro\" width=\"42\" height=\"42\" \/> <img loading=\"lazy\" decoding=\"async\" title=\"N\u00e3o secar no tambor\" src=\"https:\/\/www.capasparasofa.pt\/img\/cms\/i_no_secadora.jpg\" alt=\"N\u00e3o secar no tambor\" width=\"42\" height=\"42\" \/> <img loading=\"lazy\" decoding=\"async\" title=\"N\u00e3o lavar a seco\" src=\"https:\/\/www.capasparasofa.pt\/img\/cms\/i_no_lavado_seco.jpg\" alt=\"N\u00e3o lavar a seco\" width=\"42\" height=\"42\" \/><\/p>\n<p><strong>100% lav\u00e1vel<\/strong><\/p>\n<div class=\"left_content_tab\">\n<div data-tab=\"25\">\n<div class=\"left_content_tab\">\n<div id=\"idTab25\" class=\"content_tab\" data-tab=\"25\">\n<p><strong>RECOMENDA\u00c7\u00d5ES:<\/strong><\/p>\n<\/div>\n<\/div>\n<\/div>\n<div class=\"content_tab\" data-tab=\"25\">* Lavar separadamente antes de usar cores escuras<br \/>\n* As cores mostradas nesta apresenta\u00e7\u00e3o podem apresentar varia\u00e7\u00e3o da realidade, devido \u00e0s limita\u00e7\u00f5es das diferentes telas, resolu\u00e7\u00f5es, brilho, etc<\/div>\n<\/div>\n<div data-tab=\"25\"><\/div>\n<div data-tab=\"25\"><\/div>\n<div class=\"right_content_tab\">\n<div class=\"banner_fab_esp\">\n<div class=\"fabricado_en_espanya\">\n<p>Temos 12 anos de mercado, com 99% dos clientes satisfeitos.\u00a0 Preparamos este conte\u00fado para mostrar o que nos distingue:<\/p>\n<\/div>\n<\/div>\n<\/div>\n<div><\/div>\n<div><img decoding=\"async\" src=\"https:\/\/curiosidadesedicas.com\/loja\/wp-content\/uploads\/2024\/01\/Valores-CADEIRAS.gif\" \/><\/div>","protected":false},"excerpt":{"rendered":"<p>Capa para Cadeira Multiel\u00e1stica Stark. Pack de 2 capas para cadeira, ajust\u00e1veis \u00e0 maioria dos modelos. Confecionada com tecido el\u00e1stico para se adaptar \u00e0 forma da sua cadeira. Proteja o estofado das suas cadeiras ou renove a sua imagem com estas capas de simples coloca\u00e7\u00e3o.<\/p>\n<p><img decoding=\"async\" src=\"https:\/\/curiosidadesedicas.com\/loja\/wp-content\/uploads\/2024\/01\/foto.jpg\" \/><\/p>\n<p>&nbsp;<\/p>\n<p>Tamanho: universal<\/p>\n<div class=\"woocommerce-product-details__short-description\">\n<p>Prazo de entrega: 10 dias \u00fateis, mediante a rotura de stock<\/p>\n<p><strong>Fotos Montagem:<\/strong>\u00a0F\u00e1cil e simples de aplicar<\/p>\n<\/div>\n<h3><img decoding=\"async\" src=\"https:\/\/curiosidadesedicas.com\/loja\/wp-content\/uploads\/2024\/01\/colocacion-sillas-respaldo.jpg\" \/><\/h3>\n<p>&nbsp;<\/p>","protected":false},"featured_media":32169,"comment_status":"open","ping_status":"closed","template":"","meta":{"_glsr_average":0,"_glsr_ranking":0,"_glsr_reviews":0},"product_brand":[],"product_cat":[371,374,472],"product_tag":[],"class_list":{"0":"post-32124","1":"product","2":"type-product","3":"status-publish","4":"has-post-thumbnail","6":"product_cat-capas-protetoras","7":"product_cat-elasticas-p-cadeiras","8":"product_cat-capas-p-encosto-e-assento","10":"first","11":"instock","12":"taxable","13":"shipping-taxable","14":"purchasable","15":"product-type-variable"},"yoast_head":"<!-- This site is optimized with the Yoast SEO plugin v26.8 - https:\/\/yoast.com\/product\/yoast-seo-wordpress\/ -->\n<title>CAPA EL\u00c1STICA P\/ CADEIRA C\/ ENCOSTO LISA STARK PACK 2UN - Curiosidades &amp; Dicas, Lda<\/title>\n<meta name=\"robots\" content=\"index, follow, max-snippet:-1, max-image-preview:large, max-video-preview:-1\" \/>\n<link rel=\"canonical\" href=\"https:\/\/curiosidadesedicas.com\/loja\/en\/product\/capa-elastica-p-cadeira-c-encosto-lisa-stark-pack-2un\/\" \/>\n<meta property=\"og:locale\" content=\"en_US\" \/>\n<meta property=\"og:type\" content=\"article\" \/>\n<meta property=\"og:title\" content=\"CAPA EL\u00c1STICA P\/ CADEIRA C\/ ENCOSTO LISA STARK PACK 2UN - Curiosidades &amp; Dicas, Lda\" \/>\n<meta property=\"og:description\" content=\"Capa para Cadeira Multiel\u00e1stica Stark. Pack de 2 capas para cadeira, ajust\u00e1veis \u00e0 maioria dos modelos. Confecionada com tecido el\u00e1stico para se adaptar \u00e0 forma da sua cadeira. Proteja o estofado das suas cadeiras ou renove a sua imagem com estas capas de simples coloca\u00e7\u00e3o.    &nbsp;  Tamanho: universal   Prazo de entrega: 10 dias \u00fateis, mediante a rotura de stock  Fotos Montagem:\u00a0F\u00e1cil e simples de aplicar    &nbsp;\" \/>\n<meta property=\"og:url\" content=\"https:\/\/curiosidadesedicas.com\/loja\/en\/product\/capa-elastica-p-cadeira-c-encosto-lisa-stark-pack-2un\/\" \/>\n<meta property=\"og:site_name\" content=\"Curiosidades &amp; Dicas, Lda\" \/>\n<meta property=\"article:modified_time\" content=\"2024-02-19T14:27:57+00:00\" \/>\n<meta property=\"og:image\" content=\"https:\/\/curiosidadesedicas.com\/loja\/wp-content\/uploads\/2024\/01\/31-1.jpg\" \/>\n\t<meta property=\"og:image:width\" content=\"800\" \/>\n\t<meta property=\"og:image:height\" content=\"800\" \/>\n\t<meta property=\"og:image:type\" content=\"image\/jpeg\" \/>\n<meta name=\"twitter:card\" content=\"summary_large_image\" \/>\n<meta name=\"twitter:label1\" content=\"Est. reading time\" \/>\n\t<meta name=\"twitter:data1\" content=\"2 minutes\" \/>\n<script type=\"application\/ld+json\" class=\"yoast-schema-graph\">{\"@context\":\"https:\/\/schema.org\",\"@graph\":[{\"@type\":\"WebPage\",\"@id\":\"https:\/\/curiosidadesedicas.com\/loja\/produto\/capa-elastica-p-cadeira-c-encosto-lisa-stark-pack-2un\/\",\"url\":\"https:\/\/curiosidadesedicas.com\/loja\/produto\/capa-elastica-p-cadeira-c-encosto-lisa-stark-pack-2un\/\",\"name\":\"CAPA EL\u00c1STICA P\/ CADEIRA C\/ ENCOSTO LISA STARK PACK 2UN - Curiosidades &amp; Dicas, Lda\",\"isPartOf\":{\"@id\":\"https:\/\/curiosidadesedicas.com\/loja\/#website\"},\"primaryImageOfPage\":{\"@id\":\"https:\/\/curiosidadesedicas.com\/loja\/produto\/capa-elastica-p-cadeira-c-encosto-lisa-stark-pack-2un\/#primaryimage\"},\"image\":{\"@id\":\"https:\/\/curiosidadesedicas.com\/loja\/produto\/capa-elastica-p-cadeira-c-encosto-lisa-stark-pack-2un\/#primaryimage\"},\"thumbnailUrl\":\"https:\/\/curiosidadesedicas.com\/loja\/wp-content\/uploads\/2024\/01\/31-1.jpg\",\"datePublished\":\"2024-01-28T09:34:25+00:00\",\"dateModified\":\"2024-02-19T14:27:57+00:00\",\"breadcrumb\":{\"@id\":\"https:\/\/curiosidadesedicas.com\/loja\/produto\/capa-elastica-p-cadeira-c-encosto-lisa-stark-pack-2un\/#breadcrumb\"},\"inLanguage\":\"en-US\",\"potentialAction\":[{\"@type\":\"ReadAction\",\"target\":[\"https:\/\/curiosidadesedicas.com\/loja\/produto\/capa-elastica-p-cadeira-c-encosto-lisa-stark-pack-2un\/\"]}]},{\"@type\":\"ImageObject\",\"inLanguage\":\"en-US\",\"@id\":\"https:\/\/curiosidadesedicas.com\/loja\/produto\/capa-elastica-p-cadeira-c-encosto-lisa-stark-pack-2un\/#primaryimage\",\"url\":\"https:\/\/curiosidadesedicas.com\/loja\/wp-content\/uploads\/2024\/01\/31-1.jpg\",\"contentUrl\":\"https:\/\/curiosidadesedicas.com\/loja\/wp-content\/uploads\/2024\/01\/31-1.jpg\",\"width\":800,\"height\":800},{\"@type\":\"BreadcrumbList\",\"@id\":\"https:\/\/curiosidadesedicas.com\/loja\/produto\/capa-elastica-p-cadeira-c-encosto-lisa-stark-pack-2un\/#breadcrumb\",\"itemListElement\":[{\"@type\":\"ListItem\",\"position\":1,\"name\":\"In\u00edcio\",\"item\":\"https:\/\/curiosidadesedicas.com\/loja\/\"},{\"@type\":\"ListItem\",\"position\":2,\"name\":\"Produtos\",\"item\":\"https:\/\/curiosidadesedicas.com\/loja\/produtos\/\"},{\"@type\":\"ListItem\",\"position\":3,\"name\":\"CAPA EL\u00c1STICA P\/ CADEIRA C\/ ENCOSTO LISA STARK PACK 2UN\"}]},{\"@type\":\"WebSite\",\"@id\":\"https:\/\/curiosidadesedicas.com\/loja\/#website\",\"url\":\"https:\/\/curiosidadesedicas.com\/loja\/\",\"name\":\"Curiosidades &amp; Dicas, Lda\",\"description\":\"Apaixonados Por Inova\u00e7\u00e3o\",\"publisher\":{\"@id\":\"https:\/\/curiosidadesedicas.com\/loja\/#organization\"},\"potentialAction\":[{\"@type\":\"SearchAction\",\"target\":{\"@type\":\"EntryPoint\",\"urlTemplate\":\"https:\/\/curiosidadesedicas.com\/loja\/?s={search_term_string}\"},\"query-input\":{\"@type\":\"PropertyValueSpecification\",\"valueRequired\":true,\"valueName\":\"search_term_string\"}}],\"inLanguage\":\"en-US\"},{\"@type\":\"Organization\",\"@id\":\"https:\/\/curiosidadesedicas.com\/loja\/#organization\",\"name\":\"Curiosidades & Dicas\",\"url\":\"https:\/\/curiosidadesedicas.com\/loja\/\",\"logo\":{\"@type\":\"ImageObject\",\"inLanguage\":\"en-US\",\"@id\":\"https:\/\/curiosidadesedicas.com\/loja\/#\/schema\/logo\/image\/\",\"url\":\"https:\/\/curiosidadesedicas.com\/loja\/wp-content\/uploads\/2020\/05\/LogoCuriosidadesSimples.png\",\"contentUrl\":\"https:\/\/curiosidadesedicas.com\/loja\/wp-content\/uploads\/2020\/05\/LogoCuriosidadesSimples.png\",\"width\":3528,\"height\":804,\"caption\":\"Curiosidades & Dicas\"},\"image\":{\"@id\":\"https:\/\/curiosidadesedicas.com\/loja\/#\/schema\/logo\/image\/\"}}]}<\/script>\n<!-- \/ Yoast SEO plugin. -->","yoast_head_json":{"title":"CAPA EL\u00c1STICA P\/ CADEIRA C\/ ENCOSTO LISA STARK PACK 2UN - Curiosidades &amp; Dicas, Lda","robots":{"index":"index","follow":"follow","max-snippet":"max-snippet:-1","max-image-preview":"max-image-preview:large","max-video-preview":"max-video-preview:-1"},"canonical":"https:\/\/curiosidadesedicas.com\/loja\/en\/product\/capa-elastica-p-cadeira-c-encosto-lisa-stark-pack-2un\/","og_locale":"en_US","og_type":"article","og_title":"CAPA EL\u00c1STICA P\/ CADEIRA C\/ ENCOSTO LISA STARK PACK 2UN - Curiosidades &amp; Dicas, Lda","og_description":"Capa para Cadeira Multiel\u00e1stica Stark. Pack de 2 capas para cadeira, ajust\u00e1veis \u00e0 maioria dos modelos. Confecionada com tecido el\u00e1stico para se adaptar \u00e0 forma da sua cadeira. Proteja o estofado das suas cadeiras ou renove a sua imagem com estas capas de simples coloca\u00e7\u00e3o.    &nbsp;  Tamanho: universal   Prazo de entrega: 10 dias \u00fateis, mediante a rotura de stock  Fotos Montagem:\u00a0F\u00e1cil e simples de aplicar    &nbsp;","og_url":"https:\/\/curiosidadesedicas.com\/loja\/en\/product\/capa-elastica-p-cadeira-c-encosto-lisa-stark-pack-2un\/","og_site_name":"Curiosidades &amp; Dicas, Lda","article_modified_time":"2024-02-19T14:27:57+00:00","og_image":[{"width":800,"height":800,"url":"https:\/\/curiosidadesedicas.com\/loja\/wp-content\/uploads\/2024\/01\/31-1.jpg","type":"image\/jpeg"}],"twitter_card":"summary_large_image","twitter_misc":{"Est. reading time":"2 minutes"},"schema":{"@context":"https:\/\/schema.org","@graph":[{"@type":"WebPage","@id":"https:\/\/curiosidadesedicas.com\/loja\/produto\/capa-elastica-p-cadeira-c-encosto-lisa-stark-pack-2un\/","url":"https:\/\/curiosidadesedicas.com\/loja\/produto\/capa-elastica-p-cadeira-c-encosto-lisa-stark-pack-2un\/","name":"CAPA EL\u00c1STICA P\/ CADEIRA C\/ ENCOSTO LISA STARK PACK 2UN - Curiosidades &amp; Dicas, Lda","isPartOf":{"@id":"https:\/\/curiosidadesedicas.com\/loja\/#website"},"primaryImageOfPage":{"@id":"https:\/\/curiosidadesedicas.com\/loja\/produto\/capa-elastica-p-cadeira-c-encosto-lisa-stark-pack-2un\/#primaryimage"},"image":{"@id":"https:\/\/curiosidadesedicas.com\/loja\/produto\/capa-elastica-p-cadeira-c-encosto-lisa-stark-pack-2un\/#primaryimage"},"thumbnailUrl":"https:\/\/curiosidadesedicas.com\/loja\/wp-content\/uploads\/2024\/01\/31-1.jpg","datePublished":"2024-01-28T09:34:25+00:00","dateModified":"2024-02-19T14:27:57+00:00","breadcrumb":{"@id":"https:\/\/curiosidadesedicas.com\/loja\/produto\/capa-elastica-p-cadeira-c-encosto-lisa-stark-pack-2un\/#breadcrumb"},"inLanguage":"en-US","potentialAction":[{"@type":"ReadAction","target":["https:\/\/curiosidadesedicas.com\/loja\/produto\/capa-elastica-p-cadeira-c-encosto-lisa-stark-pack-2un\/"]}]},{"@type":"ImageObject","inLanguage":"en-US","@id":"https:\/\/curiosidadesedicas.com\/loja\/produto\/capa-elastica-p-cadeira-c-encosto-lisa-stark-pack-2un\/#primaryimage","url":"https:\/\/curiosidadesedicas.com\/loja\/wp-content\/uploads\/2024\/01\/31-1.jpg","contentUrl":"https:\/\/curiosidadesedicas.com\/loja\/wp-content\/uploads\/2024\/01\/31-1.jpg","width":800,"height":800},{"@type":"BreadcrumbList","@id":"https:\/\/curiosidadesedicas.com\/loja\/produto\/capa-elastica-p-cadeira-c-encosto-lisa-stark-pack-2un\/#breadcrumb","itemListElement":[{"@type":"ListItem","position":1,"name":"In\u00edcio","item":"https:\/\/curiosidadesedicas.com\/loja\/"},{"@type":"ListItem","position":2,"name":"Produtos","item":"https:\/\/curiosidadesedicas.com\/loja\/produtos\/"},{"@type":"ListItem","position":3,"name":"CAPA EL\u00c1STICA P\/ CADEIRA C\/ ENCOSTO LISA STARK PACK 2UN"}]},{"@type":"WebSite","@id":"https:\/\/curiosidadesedicas.com\/loja\/#website","url":"https:\/\/curiosidadesedicas.com\/loja\/","name":"Curiosidades &amp; Dicas, Lda","description":"Apaixonados Por Inova\u00e7\u00e3o","publisher":{"@id":"https:\/\/curiosidadesedicas.com\/loja\/#organization"},"potentialAction":[{"@type":"SearchAction","target":{"@type":"EntryPoint","urlTemplate":"https:\/\/curiosidadesedicas.com\/loja\/?s={search_term_string}"},"query-input":{"@type":"PropertyValueSpecification","valueRequired":true,"valueName":"search_term_string"}}],"inLanguage":"en-US"},{"@type":"Organization","@id":"https:\/\/curiosidadesedicas.com\/loja\/#organization","name":"Curiosidades & Dicas","url":"https:\/\/curiosidadesedicas.com\/loja\/","logo":{"@type":"ImageObject","inLanguage":"en-US","@id":"https:\/\/curiosidadesedicas.com\/loja\/#\/schema\/logo\/image\/","url":"https:\/\/curiosidadesedicas.com\/loja\/wp-content\/uploads\/2020\/05\/LogoCuriosidadesSimples.png","contentUrl":"https:\/\/curiosidadesedicas.com\/loja\/wp-content\/uploads\/2020\/05\/LogoCuriosidadesSimples.png","width":3528,"height":804,"caption":"Curiosidades & Dicas"},"image":{"@id":"https:\/\/curiosidadesedicas.com\/loja\/#\/schema\/logo\/image\/"}}]}},"_links":{"self":[{"href":"https:\/\/curiosidadesedicas.com\/loja\/en\/wp-json\/wp\/v2\/product\/32124","targetHints":{"allow":["GET"]}}],"collection":[{"href":"https:\/\/curiosidadesedicas.com\/loja\/en\/wp-json\/wp\/v2\/product"}],"about":[{"href":"https:\/\/curiosidadesedicas.com\/loja\/en\/wp-json\/wp\/v2\/types\/product"}],"replies":[{"embeddable":true,"href":"https:\/\/curiosidadesedicas.com\/loja\/en\/wp-json\/wp\/v2\/comments?post=32124"}],"wp:featuredmedia":[{"embeddable":true,"href":"https:\/\/curiosidadesedicas.com\/loja\/en\/wp-json\/wp\/v2\/media\/32169"}],"wp:attachment":[{"href":"https:\/\/curiosidadesedicas.com\/loja\/en\/wp-json\/wp\/v2\/media?parent=32124"}],"wp:term":[{"taxonomy":"product_brand","embeddable":true,"href":"https:\/\/curiosidadesedicas.com\/loja\/en\/wp-json\/wp\/v2\/product_brand?post=32124"},{"taxonomy":"product_cat","embeddable":true,"href":"https:\/\/curiosidadesedicas.com\/loja\/en\/wp-json\/wp\/v2\/product_cat?post=32124"},{"taxonomy":"product_tag","embeddable":true,"href":"https:\/\/curiosidadesedicas.com\/loja\/en\/wp-json\/wp\/v2\/product_tag?post=32124"}],"curies":[{"name":"wp","href":"https:\/\/api.w.org\/{rel}","templated":true}]}}