{"id":32111,"date":"2024-01-26T16:13:38","date_gmt":"2024-01-26T16:13:38","guid":{"rendered":"https:\/\/curiosidadesedicas.com\/loja\/?post_type=product&#038;p=32111"},"modified":"2025-03-11T14:56:27","modified_gmt":"2025-03-11T14:56:27","slug":"rolo-removedor-de-pelos-de-animais-de-estimacao-rellair","status":"publish","type":"product","link":"https:\/\/curiosidadesedicas.com\/loja\/en\/product\/rolo-removedor-de-pelos-de-animais-de-estimacao-rellair\/","title":{"rendered":"ROLO REMOVEDOR DE PELOS DE ANIMAIS DE ESTIMA\u00c7\u00c3O RELLAIR"},"content":{"rendered":"<p>O\u00a0<b>rolo removedor de pelos de animais de estima\u00e7\u00e3o Rellair <\/b>\u00e9 altamente eficaz na remo\u00e7\u00e3o dos pelos que os animais de estima\u00e7\u00e3o deixam numa infinidade de superf\u00edcies de tecido em casa, no carro, etc., tais como os estofos de sof\u00e1s, cadeiras, assentos de carro ou em tapetes, cortinas, camas, almofadas, vestu\u00e1rio, etc. Este\u00a0<b>rolo de remo\u00e7\u00e3o manual de pelos<\/b>\u00a0tem um compartimento interno que armazena o cabelo recolhido que pode mais tarde ser aberto e esvaziado facilmente. \u00c9 tamb\u00e9m adequado para se livrar do cot\u00e3o.<\/p>\n<ul>\n<li><b>Reutiliz\u00e1vel, ecol\u00f3gico<\/b><\/li>\n<li><b>Rolo removedor de pelos de animais de estima\u00e7\u00e3o<\/b><\/li>\n<li>Design moderno, original e port\u00e1til<\/li>\n<li><b>Ret\u00e9m fibras de nylon<\/b><\/li>\n<li><b>Punho ergon\u00f3mico, f\u00e1cil de usar<\/b><\/li>\n<li><b>Compartimento para armazenamento de cabelo, f\u00e1cil de limpar<\/b><\/li>\n<li>Instru\u00e7\u00f5es ilustradas<\/li>\n<li><b>Multifuncional, adequado para cabelos, cot\u00e3o\u2026<\/b><\/li>\n<li><b>Multissuperf\u00edcie: estofos, vestu\u00e1rio, etc.<\/b><\/li>\n<li><b>Controlo manual, sem pilhas ou substitui\u00e7\u00f5es<\/b><\/li>\n<li>Compacto, leve, f\u00e1cil de transportar e armazenar<\/li>\n<\/ul>\n<p>Este\u00a0<b>rolo de remo\u00e7\u00e3o de pelos com compartimento de armazenamento<\/b>\u00a0\u00e9 uma forma r\u00e1pida e f\u00e1cil de remover pelos e cot\u00e3o. Basta escovar as superf\u00edcies com o rolo, movendo-o para tr\u00e1s e para a frente, para apanhar o pelo e recolh\u00ea-lo no interior. A energia est\u00e1tica criada pela escovagem das superf\u00edcies permite que a fibra de nylon no rolo retenha todos os pelos e cot\u00e3o com facilidade.<\/p>\n<p>Como funciona manualmente, n\u00e3o necessita de pilhas nem de substitui\u00e7\u00f5es. Deve ser utilizado apenas em superf\u00edcies de tecido. Para o limpar, basta abrir e esvaziar o recipiente. Recomendamos a utiliza\u00e7\u00e3o de um pano h\u00famido para limpar a \u00e1rea de recolha do cabelo. Nunca mergulhar ou limpar com \u00e1gua.<\/p>\n<p><img loading=\"lazy\" decoding=\"async\" class=\"\" src=\"https:\/\/curiosidadesedicas.com\/loja\/wp-content\/uploads\/2024\/01\/rolo-removedor-de-pelos-de-animais-de-estimacao-rellair-innovagoods_458322-4.jpg\" width=\"464\" height=\"464\" \/><\/p>","protected":false},"excerpt":{"rendered":"<ul>\n<li>Material:\n<ul>\n<li>ABS<\/li>\n<li>TPR<\/li>\n<li>Nylon<\/li>\n<li>Polipropileno<\/li>\n<\/ul>\n<\/li>\n<li>Cor:\n<ul>\n<li>Azul<\/li>\n<li>Cinzento<\/li>\n<\/ul>\n<\/li>\n<li>Design moderno: Original e port\u00e1til<\/li>\n<li>Tipo: Escova para eliminar pelos<\/li>\n<li>Reutiliz\u00e1vel: Ecol\u00f3gico<\/li>\n<li>Controlo manual: Sem pilhas<\/li>\n<li>Caracter\u00edsticas: Com dep\u00f3sito<\/li>\n<li>Cabo ergon\u00f3mico: Apoio est\u00e1vel<\/li>\n<li>Inovador e funcional: Vers\u00e1til e adapt\u00e1vel<\/li>\n<li>Multifun\u00e7\u00e3o: Tira Borbotos<\/li>\n<li>Multiuso: Diversas utiliza\u00e7\u00f5es e espa\u00e7os<\/li>\n<li>Utiliza\u00e7\u00e3o principal: Ideal para roupas, tapetes, cortinas, etc.<\/li>\n<li>F\u00e1cil de utilizar: Utiliza\u00e7\u00e3o c\u00f3moda e simples<\/li>\n<li>Inclui: Instru\u00e7\u00f5es de utiliza\u00e7\u00e3o com ilustra\u00e7\u00f5es<\/li>\n<li>Propriedades: N\u00e3o riscam nem danificam as superf\u00edcies<\/li>\n<li>F\u00e1cil limpeza: Limpar com pano h\u00famido<\/li>\n<li>Compacto: Ocupa pouco espa\u00e7o<\/li>\n<li>Leve e male\u00e1vel: F\u00e1cil de transportar e de guardar<\/li>\n<li>Medidas aprox.: 18,5 x 20 x 5,3 cm<\/li>\n<\/ul>","protected":false},"featured_media":32123,"comment_status":"open","ping_status":"closed","template":"","meta":{"_glsr_average":0,"_glsr_ranking":0,"_glsr_reviews":0},"product_brand":[],"product_cat":[350,354,365,394],"product_tag":[],"class_list":{"0":"post-32111","1":"product","2":"type-product","3":"status-publish","4":"has-post-thumbnail","6":"product_cat-gadgets","7":"product_cat-p-animais","8":"product_cat-para-o-lar","9":"product_cat-limpeza","11":"first","12":"instock","13":"taxable","14":"shipping-taxable","15":"purchasable","16":"product-type-simple"},"yoast_head":"<!-- This site is optimized with the Yoast SEO plugin v26.8 - https:\/\/yoast.com\/product\/yoast-seo-wordpress\/ -->\n<title>ROLO REMOVEDOR DE PELOS DE ANIMAIS DE ESTIMA\u00c7\u00c3O RELLAIR - Curiosidades &amp; Dicas, Lda<\/title>\n<meta name=\"robots\" content=\"index, follow, max-snippet:-1, max-image-preview:large, max-video-preview:-1\" \/>\n<link rel=\"canonical\" href=\"https:\/\/curiosidadesedicas.com\/loja\/en\/product\/rolo-removedor-de-pelos-de-animais-de-estimacao-rellair\/\" \/>\n<meta property=\"og:locale\" content=\"en_US\" \/>\n<meta property=\"og:type\" content=\"article\" \/>\n<meta property=\"og:title\" content=\"ROLO REMOVEDOR DE PELOS DE ANIMAIS DE ESTIMA\u00c7\u00c3O RELLAIR - Curiosidades &amp; Dicas, Lda\" \/>\n<meta property=\"og:description\" content=\"Material:   ABS  TPR  Nylon  Polipropileno    Cor:   Azul  Cinzento    Design moderno: Original e port\u00e1til  Tipo: Escova para eliminar pelos  Reutiliz\u00e1vel: Ecol\u00f3gico  Controlo manual: Sem pilhas  Caracter\u00edsticas: Com dep\u00f3sito  Cabo ergon\u00f3mico: Apoio est\u00e1vel  Inovador e funcional: Vers\u00e1til e adapt\u00e1vel  Multifun\u00e7\u00e3o: Tira Borbotos  Multiuso: Diversas utiliza\u00e7\u00f5es e espa\u00e7os  Utiliza\u00e7\u00e3o principal: Ideal para roupas, tapetes, cortinas, etc.  F\u00e1cil de utilizar: Utiliza\u00e7\u00e3o c\u00f3moda e simples  Inclui: Instru\u00e7\u00f5es de utiliza\u00e7\u00e3o com ilustra\u00e7\u00f5es  Propriedades: N\u00e3o riscam nem danificam as superf\u00edcies  F\u00e1cil limpeza: Limpar com pano h\u00famido  Compacto: Ocupa pouco espa\u00e7o  Leve e male\u00e1vel: F\u00e1cil de transportar e de guardar  Medidas aprox.: 18,5 x 20 x 5,3 cm\" \/>\n<meta property=\"og:url\" content=\"https:\/\/curiosidadesedicas.com\/loja\/en\/product\/rolo-removedor-de-pelos-de-animais-de-estimacao-rellair\/\" \/>\n<meta property=\"og:site_name\" content=\"Curiosidades &amp; Dicas, Lda\" \/>\n<meta property=\"article:modified_time\" content=\"2025-03-11T14:56:27+00:00\" \/>\n<meta property=\"og:image\" content=\"https:\/\/curiosidadesedicas.com\/loja\/wp-content\/uploads\/2024\/01\/rolo-removedor-de-pelos-de-animais-de-estimacao-rellair-innovagoods_458322.jpg\" \/>\n\t<meta property=\"og:image:width\" content=\"600\" \/>\n\t<meta property=\"og:image:height\" content=\"600\" \/>\n\t<meta property=\"og:image:type\" content=\"image\/jpeg\" \/>\n<meta name=\"twitter:card\" content=\"summary_large_image\" \/>\n<meta name=\"twitter:label1\" content=\"Est. reading time\" \/>\n\t<meta name=\"twitter:data1\" content=\"2 minutes\" \/>\n<script type=\"application\/ld+json\" class=\"yoast-schema-graph\">{\"@context\":\"https:\/\/schema.org\",\"@graph\":[{\"@type\":\"WebPage\",\"@id\":\"https:\/\/curiosidadesedicas.com\/loja\/produto\/rolo-removedor-de-pelos-de-animais-de-estimacao-rellair\/\",\"url\":\"https:\/\/curiosidadesedicas.com\/loja\/produto\/rolo-removedor-de-pelos-de-animais-de-estimacao-rellair\/\",\"name\":\"ROLO REMOVEDOR DE PELOS DE ANIMAIS DE ESTIMA\u00c7\u00c3O RELLAIR - Curiosidades &amp; Dicas, Lda\",\"isPartOf\":{\"@id\":\"https:\/\/curiosidadesedicas.com\/loja\/#website\"},\"primaryImageOfPage\":{\"@id\":\"https:\/\/curiosidadesedicas.com\/loja\/produto\/rolo-removedor-de-pelos-de-animais-de-estimacao-rellair\/#primaryimage\"},\"image\":{\"@id\":\"https:\/\/curiosidadesedicas.com\/loja\/produto\/rolo-removedor-de-pelos-de-animais-de-estimacao-rellair\/#primaryimage\"},\"thumbnailUrl\":\"https:\/\/curiosidadesedicas.com\/loja\/wp-content\/uploads\/2024\/01\/rolo-removedor-de-pelos-de-animais-de-estimacao-rellair-innovagoods_458322.jpg\",\"datePublished\":\"2024-01-26T16:13:38+00:00\",\"dateModified\":\"2025-03-11T14:56:27+00:00\",\"breadcrumb\":{\"@id\":\"https:\/\/curiosidadesedicas.com\/loja\/produto\/rolo-removedor-de-pelos-de-animais-de-estimacao-rellair\/#breadcrumb\"},\"inLanguage\":\"en-US\",\"potentialAction\":[{\"@type\":\"ReadAction\",\"target\":[\"https:\/\/curiosidadesedicas.com\/loja\/produto\/rolo-removedor-de-pelos-de-animais-de-estimacao-rellair\/\"]}]},{\"@type\":\"ImageObject\",\"inLanguage\":\"en-US\",\"@id\":\"https:\/\/curiosidadesedicas.com\/loja\/produto\/rolo-removedor-de-pelos-de-animais-de-estimacao-rellair\/#primaryimage\",\"url\":\"https:\/\/curiosidadesedicas.com\/loja\/wp-content\/uploads\/2024\/01\/rolo-removedor-de-pelos-de-animais-de-estimacao-rellair-innovagoods_458322.jpg\",\"contentUrl\":\"https:\/\/curiosidadesedicas.com\/loja\/wp-content\/uploads\/2024\/01\/rolo-removedor-de-pelos-de-animais-de-estimacao-rellair-innovagoods_458322.jpg\",\"width\":600,\"height\":600},{\"@type\":\"BreadcrumbList\",\"@id\":\"https:\/\/curiosidadesedicas.com\/loja\/produto\/rolo-removedor-de-pelos-de-animais-de-estimacao-rellair\/#breadcrumb\",\"itemListElement\":[{\"@type\":\"ListItem\",\"position\":1,\"name\":\"In\u00edcio\",\"item\":\"https:\/\/curiosidadesedicas.com\/loja\/\"},{\"@type\":\"ListItem\",\"position\":2,\"name\":\"Produtos\",\"item\":\"https:\/\/curiosidadesedicas.com\/loja\/produtos\/\"},{\"@type\":\"ListItem\",\"position\":3,\"name\":\"ROLO REMOVEDOR DE PELOS DE ANIMAIS DE ESTIMA\u00c7\u00c3O RELLAIR\"}]},{\"@type\":\"WebSite\",\"@id\":\"https:\/\/curiosidadesedicas.com\/loja\/#website\",\"url\":\"https:\/\/curiosidadesedicas.com\/loja\/\",\"name\":\"Curiosidades &amp; Dicas, Lda\",\"description\":\"Apaixonados Por Inova\u00e7\u00e3o\",\"publisher\":{\"@id\":\"https:\/\/curiosidadesedicas.com\/loja\/#organization\"},\"potentialAction\":[{\"@type\":\"SearchAction\",\"target\":{\"@type\":\"EntryPoint\",\"urlTemplate\":\"https:\/\/curiosidadesedicas.com\/loja\/?s={search_term_string}\"},\"query-input\":{\"@type\":\"PropertyValueSpecification\",\"valueRequired\":true,\"valueName\":\"search_term_string\"}}],\"inLanguage\":\"en-US\"},{\"@type\":\"Organization\",\"@id\":\"https:\/\/curiosidadesedicas.com\/loja\/#organization\",\"name\":\"Curiosidades & Dicas\",\"url\":\"https:\/\/curiosidadesedicas.com\/loja\/\",\"logo\":{\"@type\":\"ImageObject\",\"inLanguage\":\"en-US\",\"@id\":\"https:\/\/curiosidadesedicas.com\/loja\/#\/schema\/logo\/image\/\",\"url\":\"https:\/\/curiosidadesedicas.com\/loja\/wp-content\/uploads\/2020\/05\/LogoCuriosidadesSimples.png\",\"contentUrl\":\"https:\/\/curiosidadesedicas.com\/loja\/wp-content\/uploads\/2020\/05\/LogoCuriosidadesSimples.png\",\"width\":3528,\"height\":804,\"caption\":\"Curiosidades & Dicas\"},\"image\":{\"@id\":\"https:\/\/curiosidadesedicas.com\/loja\/#\/schema\/logo\/image\/\"}}]}<\/script>\n<!-- \/ Yoast SEO plugin. -->","yoast_head_json":{"title":"ROLO REMOVEDOR DE PELOS DE ANIMAIS DE ESTIMA\u00c7\u00c3O RELLAIR - Curiosidades &amp; Dicas, Lda","robots":{"index":"index","follow":"follow","max-snippet":"max-snippet:-1","max-image-preview":"max-image-preview:large","max-video-preview":"max-video-preview:-1"},"canonical":"https:\/\/curiosidadesedicas.com\/loja\/en\/product\/rolo-removedor-de-pelos-de-animais-de-estimacao-rellair\/","og_locale":"en_US","og_type":"article","og_title":"ROLO REMOVEDOR DE PELOS DE ANIMAIS DE ESTIMA\u00c7\u00c3O RELLAIR - Curiosidades &amp; Dicas, Lda","og_description":"Material:   ABS  TPR  Nylon  Polipropileno    Cor:   Azul  Cinzento    Design moderno: Original e port\u00e1til  Tipo: Escova para eliminar pelos  Reutiliz\u00e1vel: Ecol\u00f3gico  Controlo manual: Sem pilhas  Caracter\u00edsticas: Com dep\u00f3sito  Cabo ergon\u00f3mico: Apoio est\u00e1vel  Inovador e funcional: Vers\u00e1til e adapt\u00e1vel  Multifun\u00e7\u00e3o: Tira Borbotos  Multiuso: Diversas utiliza\u00e7\u00f5es e espa\u00e7os  Utiliza\u00e7\u00e3o principal: Ideal para roupas, tapetes, cortinas, etc.  F\u00e1cil de utilizar: Utiliza\u00e7\u00e3o c\u00f3moda e simples  Inclui: Instru\u00e7\u00f5es de utiliza\u00e7\u00e3o com ilustra\u00e7\u00f5es  Propriedades: N\u00e3o riscam nem danificam as superf\u00edcies  F\u00e1cil limpeza: Limpar com pano h\u00famido  Compacto: Ocupa pouco espa\u00e7o  Leve e male\u00e1vel: F\u00e1cil de transportar e de guardar  Medidas aprox.: 18,5 x 20 x 5,3 cm","og_url":"https:\/\/curiosidadesedicas.com\/loja\/en\/product\/rolo-removedor-de-pelos-de-animais-de-estimacao-rellair\/","og_site_name":"Curiosidades &amp; Dicas, Lda","article_modified_time":"2025-03-11T14:56:27+00:00","og_image":[{"width":600,"height":600,"url":"https:\/\/curiosidadesedicas.com\/loja\/wp-content\/uploads\/2024\/01\/rolo-removedor-de-pelos-de-animais-de-estimacao-rellair-innovagoods_458322.jpg","type":"image\/jpeg"}],"twitter_card":"summary_large_image","twitter_misc":{"Est. reading time":"2 minutes"},"schema":{"@context":"https:\/\/schema.org","@graph":[{"@type":"WebPage","@id":"https:\/\/curiosidadesedicas.com\/loja\/produto\/rolo-removedor-de-pelos-de-animais-de-estimacao-rellair\/","url":"https:\/\/curiosidadesedicas.com\/loja\/produto\/rolo-removedor-de-pelos-de-animais-de-estimacao-rellair\/","name":"ROLO REMOVEDOR DE PELOS DE ANIMAIS DE ESTIMA\u00c7\u00c3O RELLAIR - Curiosidades &amp; Dicas, Lda","isPartOf":{"@id":"https:\/\/curiosidadesedicas.com\/loja\/#website"},"primaryImageOfPage":{"@id":"https:\/\/curiosidadesedicas.com\/loja\/produto\/rolo-removedor-de-pelos-de-animais-de-estimacao-rellair\/#primaryimage"},"image":{"@id":"https:\/\/curiosidadesedicas.com\/loja\/produto\/rolo-removedor-de-pelos-de-animais-de-estimacao-rellair\/#primaryimage"},"thumbnailUrl":"https:\/\/curiosidadesedicas.com\/loja\/wp-content\/uploads\/2024\/01\/rolo-removedor-de-pelos-de-animais-de-estimacao-rellair-innovagoods_458322.jpg","datePublished":"2024-01-26T16:13:38+00:00","dateModified":"2025-03-11T14:56:27+00:00","breadcrumb":{"@id":"https:\/\/curiosidadesedicas.com\/loja\/produto\/rolo-removedor-de-pelos-de-animais-de-estimacao-rellair\/#breadcrumb"},"inLanguage":"en-US","potentialAction":[{"@type":"ReadAction","target":["https:\/\/curiosidadesedicas.com\/loja\/produto\/rolo-removedor-de-pelos-de-animais-de-estimacao-rellair\/"]}]},{"@type":"ImageObject","inLanguage":"en-US","@id":"https:\/\/curiosidadesedicas.com\/loja\/produto\/rolo-removedor-de-pelos-de-animais-de-estimacao-rellair\/#primaryimage","url":"https:\/\/curiosidadesedicas.com\/loja\/wp-content\/uploads\/2024\/01\/rolo-removedor-de-pelos-de-animais-de-estimacao-rellair-innovagoods_458322.jpg","contentUrl":"https:\/\/curiosidadesedicas.com\/loja\/wp-content\/uploads\/2024\/01\/rolo-removedor-de-pelos-de-animais-de-estimacao-rellair-innovagoods_458322.jpg","width":600,"height":600},{"@type":"BreadcrumbList","@id":"https:\/\/curiosidadesedicas.com\/loja\/produto\/rolo-removedor-de-pelos-de-animais-de-estimacao-rellair\/#breadcrumb","itemListElement":[{"@type":"ListItem","position":1,"name":"In\u00edcio","item":"https:\/\/curiosidadesedicas.com\/loja\/"},{"@type":"ListItem","position":2,"name":"Produtos","item":"https:\/\/curiosidadesedicas.com\/loja\/produtos\/"},{"@type":"ListItem","position":3,"name":"ROLO REMOVEDOR DE PELOS DE ANIMAIS DE ESTIMA\u00c7\u00c3O RELLAIR"}]},{"@type":"WebSite","@id":"https:\/\/curiosidadesedicas.com\/loja\/#website","url":"https:\/\/curiosidadesedicas.com\/loja\/","name":"Curiosidades &amp; Dicas, Lda","description":"Apaixonados Por Inova\u00e7\u00e3o","publisher":{"@id":"https:\/\/curiosidadesedicas.com\/loja\/#organization"},"potentialAction":[{"@type":"SearchAction","target":{"@type":"EntryPoint","urlTemplate":"https:\/\/curiosidadesedicas.com\/loja\/?s={search_term_string}"},"query-input":{"@type":"PropertyValueSpecification","valueRequired":true,"valueName":"search_term_string"}}],"inLanguage":"en-US"},{"@type":"Organization","@id":"https:\/\/curiosidadesedicas.com\/loja\/#organization","name":"Curiosidades & Dicas","url":"https:\/\/curiosidadesedicas.com\/loja\/","logo":{"@type":"ImageObject","inLanguage":"en-US","@id":"https:\/\/curiosidadesedicas.com\/loja\/#\/schema\/logo\/image\/","url":"https:\/\/curiosidadesedicas.com\/loja\/wp-content\/uploads\/2020\/05\/LogoCuriosidadesSimples.png","contentUrl":"https:\/\/curiosidadesedicas.com\/loja\/wp-content\/uploads\/2020\/05\/LogoCuriosidadesSimples.png","width":3528,"height":804,"caption":"Curiosidades & Dicas"},"image":{"@id":"https:\/\/curiosidadesedicas.com\/loja\/#\/schema\/logo\/image\/"}}]}},"_links":{"self":[{"href":"https:\/\/curiosidadesedicas.com\/loja\/en\/wp-json\/wp\/v2\/product\/32111","targetHints":{"allow":["GET"]}}],"collection":[{"href":"https:\/\/curiosidadesedicas.com\/loja\/en\/wp-json\/wp\/v2\/product"}],"about":[{"href":"https:\/\/curiosidadesedicas.com\/loja\/en\/wp-json\/wp\/v2\/types\/product"}],"replies":[{"embeddable":true,"href":"https:\/\/curiosidadesedicas.com\/loja\/en\/wp-json\/wp\/v2\/comments?post=32111"}],"wp:featuredmedia":[{"embeddable":true,"href":"https:\/\/curiosidadesedicas.com\/loja\/en\/wp-json\/wp\/v2\/media\/32123"}],"wp:attachment":[{"href":"https:\/\/curiosidadesedicas.com\/loja\/en\/wp-json\/wp\/v2\/media?parent=32111"}],"wp:term":[{"taxonomy":"product_brand","embeddable":true,"href":"https:\/\/curiosidadesedicas.com\/loja\/en\/wp-json\/wp\/v2\/product_brand?post=32111"},{"taxonomy":"product_cat","embeddable":true,"href":"https:\/\/curiosidadesedicas.com\/loja\/en\/wp-json\/wp\/v2\/product_cat?post=32111"},{"taxonomy":"product_tag","embeddable":true,"href":"https:\/\/curiosidadesedicas.com\/loja\/en\/wp-json\/wp\/v2\/product_tag?post=32111"}],"curies":[{"name":"wp","href":"https:\/\/api.w.org\/{rel}","templated":true}]}}