{"id":32040,"date":"2024-01-10T12:10:44","date_gmt":"2024-01-10T12:10:44","guid":{"rendered":"https:\/\/curiosidadesedicas.com\/loja\/?post_type=product&#038;p=32040"},"modified":"2024-01-10T12:31:33","modified_gmt":"2024-01-10T12:31:33","slug":"capa-elastica-p-assento-de-cadeira-marialva-pack-2un","status":"publish","type":"product","link":"https:\/\/curiosidadesedicas.com\/loja\/en\/product\/capa-elastica-p-assento-de-cadeira-marialva-pack-2un\/","title":{"rendered":"CAPA EL\u00c1STICA P\/ ASSENTO DE CADEIRA MARIALVA PACK 2UN"},"content":{"rendered":"<p><strong>COMPOSI\u00c7\u00c3O: <\/strong>55% Poli\u00e9ster &#8211; 35% Algod\u00e3o &#8211; 10% Elast\u00f3mero<\/p>\n<p><strong>PRAZO DE ENTREGA: <\/strong>5 a 8 dias \u00fateis (mediante rotura de stock)<\/p>\n<p><strong>INSTRU\u00c7\u00d5ES DE LAVAGEM:<\/strong><\/p>\n<p class=\"ww\"><img loading=\"lazy\" decoding=\"async\" title=\"Temperatura m\u00e1xima de lavagem\" src=\"https:\/\/www.capasparasofa.pt\/img\/cms\/i_temperatura.jpg\" alt=\"Temperatura m\u00e1xima de lavagem\" width=\"42\" height=\"42\" \/> <img loading=\"lazy\" decoding=\"async\" title=\"N\u00e3o utilizar lix\u00edvia\" src=\"https:\/\/www.capasparasofa.pt\/img\/cms\/i_no_lejia.jpg\" alt=\"N\u00e3o utilizar lix\u00edvia\" width=\"42\" height=\"42\" \/> <img loading=\"lazy\" decoding=\"async\" title=\"N\u00e3o passar o ferro\" src=\"https:\/\/www.capasparasofa.pt\/img\/cms\/i_no_plancha.jpg\" alt=\"N\u00e3o passar o ferro\" width=\"42\" height=\"42\" \/> <img loading=\"lazy\" decoding=\"async\" title=\"N\u00e3o secar no tambor\" src=\"https:\/\/www.capasparasofa.pt\/img\/cms\/i_no_secadora.jpg\" alt=\"N\u00e3o secar no tambor\" width=\"42\" height=\"42\" \/> <img loading=\"lazy\" decoding=\"async\" title=\"N\u00e3o lavar a seco\" src=\"https:\/\/www.capasparasofa.pt\/img\/cms\/i_no_lavado_seco.jpg\" alt=\"N\u00e3o lavar a seco\" width=\"42\" height=\"42\" \/><\/p>\n<p><strong>100% lav\u00e1vel<\/strong><\/p>\n<div class=\"left_content_tab\">\n<div data-tab=\"25\">\n<div class=\"left_content_tab\">\n<div id=\"idTab25\" class=\"content_tab\" data-tab=\"25\">\n<p><strong>RECOMENDA\u00c7\u00d5ES:<\/strong><\/p>\n<\/div>\n<\/div>\n<\/div>\n<div class=\"content_tab\" data-tab=\"25\">* Lavar separadamente antes de usar cores escuras<br \/>\n* As cores mostradas nesta apresenta\u00e7\u00e3o podem apresentar varia\u00e7\u00e3o da realidade, devido \u00e0s limita\u00e7\u00f5es das diferentes telas, resolu\u00e7\u00f5es, brilho, etc<\/div>\n<\/div>\n<div data-tab=\"25\"><\/div>\n<div data-tab=\"25\"><\/div>\n<div class=\"right_content_tab\">\n<div class=\"banner_fab_esp\">\n<div class=\"fabricado_en_espanya\">\n<p>&nbsp;<\/p>\n<p>Temos 12 anos de mercado, com 99% dos clientes satisfeitos.\u00a0 Preparamos este conte\u00fado para mostrar o que nos distingue:<\/p>\n<\/div>\n<\/div>\n<\/div>\n<div><\/div>\n<div><img decoding=\"async\" src=\"https:\/\/curiosidadesedicas.com\/loja\/wp-content\/uploads\/2024\/01\/Valores-CADEIRAS.gif\" \/><\/div>","protected":false},"excerpt":{"rendered":"<p>Pack de duas capas para cadeira sem espaldar, ajust\u00e1veis para a maioria de modelos. Proteja a sua cadeira e renove a sua imagem com esta moderna e pr\u00e1tica capa ajust\u00e1vel.<\/p>\n<ul>\n<li>Capa muito pr\u00e1tica, confecionada com <strong>tecido el\u00e1stico<\/strong> de qualidade<\/li>\n<li><strong>De simples coloca\u00e7\u00e3o, capa de uma \u00fanica pe\u00e7a.<\/strong><\/li>\n<li>Cobre o assento da sua cadeira ocultando o antigo estofado.<\/li>\n<li><strong>Pr\u00e1tica e ajust\u00e1vel<\/strong>, \u00e9 muito f\u00e1cil de colocar e retirar, assim como de lavar.<\/li>\n<li>Apta para lavagem \u00e0 maquina. Fica como nova ap\u00f3s uma lavagem a frio.<\/li>\n<li>Dispon\u00edvel num <strong>largo leque de modelos e cores<\/strong> para combinar com a sua sala\/cozinha.<\/li>\n<\/ul>\n<p><img decoding=\"async\" src=\"https:\/\/curiosidadesedicas.com\/loja\/wp-content\/uploads\/2024\/01\/image001-1.png\" \/><\/p>\n<p>Tamanho: universal<\/p>\n<div class=\"woocommerce-product-details__short-description\">\n<p>Prazo de entrega: 5 a 8 dias \u00fateis, mediante a rotura de stock<\/p>\n<\/div>\n<h3><\/h3>\n<div data-tab=\"25\"><\/div>","protected":false},"featured_media":32059,"comment_status":"open","ping_status":"closed","template":"","meta":{"_glsr_average":0,"_glsr_ranking":0,"_glsr_reviews":0},"product_brand":[],"product_cat":[371,374,473],"product_tag":[],"class_list":{"0":"post-32040","1":"product","2":"type-product","3":"status-publish","4":"has-post-thumbnail","6":"product_cat-capas-protetoras","7":"product_cat-elasticas-p-cadeiras","8":"product_cat-capas-p-assento","10":"first","11":"instock","12":"taxable","13":"shipping-taxable","14":"purchasable","15":"product-type-variable"},"yoast_head":"<!-- This site is optimized with the Yoast SEO plugin v26.8 - https:\/\/yoast.com\/product\/yoast-seo-wordpress\/ -->\n<title>CAPA EL\u00c1STICA P\/ ASSENTO DE CADEIRA MARIALVA PACK 2UN - Curiosidades &amp; Dicas, Lda<\/title>\n<meta name=\"robots\" content=\"index, follow, max-snippet:-1, max-image-preview:large, max-video-preview:-1\" \/>\n<link rel=\"canonical\" href=\"https:\/\/curiosidadesedicas.com\/loja\/en\/product\/capa-elastica-p-assento-de-cadeira-marialva-pack-2un\/\" \/>\n<meta property=\"og:locale\" content=\"en_US\" \/>\n<meta property=\"og:type\" content=\"article\" \/>\n<meta property=\"og:title\" content=\"CAPA EL\u00c1STICA P\/ ASSENTO DE CADEIRA MARIALVA PACK 2UN - Curiosidades &amp; Dicas, Lda\" \/>\n<meta property=\"og:description\" content=\"Pack de duas capas para cadeira sem espaldar, ajust\u00e1veis para a maioria de modelos. Proteja a sua cadeira e renove a sua imagem com esta moderna e pr\u00e1tica capa ajust\u00e1vel.   Capa muito pr\u00e1tica, confecionada com tecido el\u00e1stico de qualidade  De simples coloca\u00e7\u00e3o, capa de uma \u00fanica pe\u00e7a.  Cobre o assento da sua cadeira ocultando o antigo estofado.  Pr\u00e1tica e ajust\u00e1vel, \u00e9 muito f\u00e1cil de colocar e retirar, assim como de lavar.  Apta para lavagem \u00e0 maquina. Fica como nova ap\u00f3s uma lavagem a frio.  Dispon\u00edvel num largo leque de modelos e cores para combinar com a sua sala\/cozinha.    Tamanho: universal   Prazo de entrega: 5 a 8 dias \u00fateis, mediante a rotura de stock\" \/>\n<meta property=\"og:url\" content=\"https:\/\/curiosidadesedicas.com\/loja\/en\/product\/capa-elastica-p-assento-de-cadeira-marialva-pack-2un\/\" \/>\n<meta property=\"og:site_name\" content=\"Curiosidades &amp; Dicas, Lda\" \/>\n<meta property=\"article:modified_time\" content=\"2024-01-10T12:31:33+00:00\" \/>\n<meta property=\"og:image\" content=\"https:\/\/curiosidadesedicas.com\/loja\/wp-content\/uploads\/2024\/01\/Marialva-SILLA-ASIENTO-03-scaled.jpg\" \/>\n\t<meta property=\"og:image:width\" content=\"1535\" \/>\n\t<meta property=\"og:image:height\" content=\"2560\" \/>\n\t<meta property=\"og:image:type\" content=\"image\/jpeg\" \/>\n<meta name=\"twitter:card\" content=\"summary_large_image\" \/>\n<meta name=\"twitter:label1\" content=\"Est. reading time\" \/>\n\t<meta name=\"twitter:data1\" content=\"2 minutes\" \/>\n<script type=\"application\/ld+json\" class=\"yoast-schema-graph\">{\"@context\":\"https:\/\/schema.org\",\"@graph\":[{\"@type\":\"WebPage\",\"@id\":\"https:\/\/curiosidadesedicas.com\/loja\/produto\/capa-elastica-p-assento-de-cadeira-marialva-pack-2un\/\",\"url\":\"https:\/\/curiosidadesedicas.com\/loja\/produto\/capa-elastica-p-assento-de-cadeira-marialva-pack-2un\/\",\"name\":\"CAPA EL\u00c1STICA P\/ ASSENTO DE CADEIRA MARIALVA PACK 2UN - Curiosidades &amp; Dicas, Lda\",\"isPartOf\":{\"@id\":\"https:\/\/curiosidadesedicas.com\/loja\/#website\"},\"primaryImageOfPage\":{\"@id\":\"https:\/\/curiosidadesedicas.com\/loja\/produto\/capa-elastica-p-assento-de-cadeira-marialva-pack-2un\/#primaryimage\"},\"image\":{\"@id\":\"https:\/\/curiosidadesedicas.com\/loja\/produto\/capa-elastica-p-assento-de-cadeira-marialva-pack-2un\/#primaryimage\"},\"thumbnailUrl\":\"https:\/\/curiosidadesedicas.com\/loja\/wp-content\/uploads\/2024\/01\/Marialva-SILLA-ASIENTO-03-scaled.jpg\",\"datePublished\":\"2024-01-10T12:10:44+00:00\",\"dateModified\":\"2024-01-10T12:31:33+00:00\",\"breadcrumb\":{\"@id\":\"https:\/\/curiosidadesedicas.com\/loja\/produto\/capa-elastica-p-assento-de-cadeira-marialva-pack-2un\/#breadcrumb\"},\"inLanguage\":\"en-US\",\"potentialAction\":[{\"@type\":\"ReadAction\",\"target\":[\"https:\/\/curiosidadesedicas.com\/loja\/produto\/capa-elastica-p-assento-de-cadeira-marialva-pack-2un\/\"]}]},{\"@type\":\"ImageObject\",\"inLanguage\":\"en-US\",\"@id\":\"https:\/\/curiosidadesedicas.com\/loja\/produto\/capa-elastica-p-assento-de-cadeira-marialva-pack-2un\/#primaryimage\",\"url\":\"https:\/\/curiosidadesedicas.com\/loja\/wp-content\/uploads\/2024\/01\/Marialva-SILLA-ASIENTO-03-scaled.jpg\",\"contentUrl\":\"https:\/\/curiosidadesedicas.com\/loja\/wp-content\/uploads\/2024\/01\/Marialva-SILLA-ASIENTO-03-scaled.jpg\",\"width\":1535,\"height\":2560,\"caption\":\"Minimalist living room with fireplace without furniture\"},{\"@type\":\"BreadcrumbList\",\"@id\":\"https:\/\/curiosidadesedicas.com\/loja\/produto\/capa-elastica-p-assento-de-cadeira-marialva-pack-2un\/#breadcrumb\",\"itemListElement\":[{\"@type\":\"ListItem\",\"position\":1,\"name\":\"In\u00edcio\",\"item\":\"https:\/\/curiosidadesedicas.com\/loja\/\"},{\"@type\":\"ListItem\",\"position\":2,\"name\":\"Produtos\",\"item\":\"https:\/\/curiosidadesedicas.com\/loja\/produtos\/\"},{\"@type\":\"ListItem\",\"position\":3,\"name\":\"CAPA EL\u00c1STICA P\/ ASSENTO DE CADEIRA MARIALVA PACK 2UN\"}]},{\"@type\":\"WebSite\",\"@id\":\"https:\/\/curiosidadesedicas.com\/loja\/#website\",\"url\":\"https:\/\/curiosidadesedicas.com\/loja\/\",\"name\":\"Curiosidades &amp; Dicas, Lda\",\"description\":\"Apaixonados Por Inova\u00e7\u00e3o\",\"publisher\":{\"@id\":\"https:\/\/curiosidadesedicas.com\/loja\/#organization\"},\"potentialAction\":[{\"@type\":\"SearchAction\",\"target\":{\"@type\":\"EntryPoint\",\"urlTemplate\":\"https:\/\/curiosidadesedicas.com\/loja\/?s={search_term_string}\"},\"query-input\":{\"@type\":\"PropertyValueSpecification\",\"valueRequired\":true,\"valueName\":\"search_term_string\"}}],\"inLanguage\":\"en-US\"},{\"@type\":\"Organization\",\"@id\":\"https:\/\/curiosidadesedicas.com\/loja\/#organization\",\"name\":\"Curiosidades & Dicas\",\"url\":\"https:\/\/curiosidadesedicas.com\/loja\/\",\"logo\":{\"@type\":\"ImageObject\",\"inLanguage\":\"en-US\",\"@id\":\"https:\/\/curiosidadesedicas.com\/loja\/#\/schema\/logo\/image\/\",\"url\":\"https:\/\/curiosidadesedicas.com\/loja\/wp-content\/uploads\/2020\/05\/LogoCuriosidadesSimples.png\",\"contentUrl\":\"https:\/\/curiosidadesedicas.com\/loja\/wp-content\/uploads\/2020\/05\/LogoCuriosidadesSimples.png\",\"width\":3528,\"height\":804,\"caption\":\"Curiosidades & Dicas\"},\"image\":{\"@id\":\"https:\/\/curiosidadesedicas.com\/loja\/#\/schema\/logo\/image\/\"}}]}<\/script>\n<!-- \/ Yoast SEO plugin. -->","yoast_head_json":{"title":"CAPA EL\u00c1STICA P\/ ASSENTO DE CADEIRA MARIALVA PACK 2UN - Curiosidades &amp; Dicas, Lda","robots":{"index":"index","follow":"follow","max-snippet":"max-snippet:-1","max-image-preview":"max-image-preview:large","max-video-preview":"max-video-preview:-1"},"canonical":"https:\/\/curiosidadesedicas.com\/loja\/en\/product\/capa-elastica-p-assento-de-cadeira-marialva-pack-2un\/","og_locale":"en_US","og_type":"article","og_title":"CAPA EL\u00c1STICA P\/ ASSENTO DE CADEIRA MARIALVA PACK 2UN - Curiosidades &amp; Dicas, Lda","og_description":"Pack de duas capas para cadeira sem espaldar, ajust\u00e1veis para a maioria de modelos. Proteja a sua cadeira e renove a sua imagem com esta moderna e pr\u00e1tica capa ajust\u00e1vel.   Capa muito pr\u00e1tica, confecionada com tecido el\u00e1stico de qualidade  De simples coloca\u00e7\u00e3o, capa de uma \u00fanica pe\u00e7a.  Cobre o assento da sua cadeira ocultando o antigo estofado.  Pr\u00e1tica e ajust\u00e1vel, \u00e9 muito f\u00e1cil de colocar e retirar, assim como de lavar.  Apta para lavagem \u00e0 maquina. Fica como nova ap\u00f3s uma lavagem a frio.  Dispon\u00edvel num largo leque de modelos e cores para combinar com a sua sala\/cozinha.    Tamanho: universal   Prazo de entrega: 5 a 8 dias \u00fateis, mediante a rotura de stock","og_url":"https:\/\/curiosidadesedicas.com\/loja\/en\/product\/capa-elastica-p-assento-de-cadeira-marialva-pack-2un\/","og_site_name":"Curiosidades &amp; Dicas, Lda","article_modified_time":"2024-01-10T12:31:33+00:00","og_image":[{"width":1535,"height":2560,"url":"https:\/\/curiosidadesedicas.com\/loja\/wp-content\/uploads\/2024\/01\/Marialva-SILLA-ASIENTO-03-scaled.jpg","type":"image\/jpeg"}],"twitter_card":"summary_large_image","twitter_misc":{"Est. reading time":"2 minutes"},"schema":{"@context":"https:\/\/schema.org","@graph":[{"@type":"WebPage","@id":"https:\/\/curiosidadesedicas.com\/loja\/produto\/capa-elastica-p-assento-de-cadeira-marialva-pack-2un\/","url":"https:\/\/curiosidadesedicas.com\/loja\/produto\/capa-elastica-p-assento-de-cadeira-marialva-pack-2un\/","name":"CAPA EL\u00c1STICA P\/ ASSENTO DE CADEIRA MARIALVA PACK 2UN - Curiosidades &amp; Dicas, Lda","isPartOf":{"@id":"https:\/\/curiosidadesedicas.com\/loja\/#website"},"primaryImageOfPage":{"@id":"https:\/\/curiosidadesedicas.com\/loja\/produto\/capa-elastica-p-assento-de-cadeira-marialva-pack-2un\/#primaryimage"},"image":{"@id":"https:\/\/curiosidadesedicas.com\/loja\/produto\/capa-elastica-p-assento-de-cadeira-marialva-pack-2un\/#primaryimage"},"thumbnailUrl":"https:\/\/curiosidadesedicas.com\/loja\/wp-content\/uploads\/2024\/01\/Marialva-SILLA-ASIENTO-03-scaled.jpg","datePublished":"2024-01-10T12:10:44+00:00","dateModified":"2024-01-10T12:31:33+00:00","breadcrumb":{"@id":"https:\/\/curiosidadesedicas.com\/loja\/produto\/capa-elastica-p-assento-de-cadeira-marialva-pack-2un\/#breadcrumb"},"inLanguage":"en-US","potentialAction":[{"@type":"ReadAction","target":["https:\/\/curiosidadesedicas.com\/loja\/produto\/capa-elastica-p-assento-de-cadeira-marialva-pack-2un\/"]}]},{"@type":"ImageObject","inLanguage":"en-US","@id":"https:\/\/curiosidadesedicas.com\/loja\/produto\/capa-elastica-p-assento-de-cadeira-marialva-pack-2un\/#primaryimage","url":"https:\/\/curiosidadesedicas.com\/loja\/wp-content\/uploads\/2024\/01\/Marialva-SILLA-ASIENTO-03-scaled.jpg","contentUrl":"https:\/\/curiosidadesedicas.com\/loja\/wp-content\/uploads\/2024\/01\/Marialva-SILLA-ASIENTO-03-scaled.jpg","width":1535,"height":2560,"caption":"Minimalist living room with fireplace without furniture"},{"@type":"BreadcrumbList","@id":"https:\/\/curiosidadesedicas.com\/loja\/produto\/capa-elastica-p-assento-de-cadeira-marialva-pack-2un\/#breadcrumb","itemListElement":[{"@type":"ListItem","position":1,"name":"In\u00edcio","item":"https:\/\/curiosidadesedicas.com\/loja\/"},{"@type":"ListItem","position":2,"name":"Produtos","item":"https:\/\/curiosidadesedicas.com\/loja\/produtos\/"},{"@type":"ListItem","position":3,"name":"CAPA EL\u00c1STICA P\/ ASSENTO DE CADEIRA MARIALVA PACK 2UN"}]},{"@type":"WebSite","@id":"https:\/\/curiosidadesedicas.com\/loja\/#website","url":"https:\/\/curiosidadesedicas.com\/loja\/","name":"Curiosidades &amp; Dicas, Lda","description":"Apaixonados Por Inova\u00e7\u00e3o","publisher":{"@id":"https:\/\/curiosidadesedicas.com\/loja\/#organization"},"potentialAction":[{"@type":"SearchAction","target":{"@type":"EntryPoint","urlTemplate":"https:\/\/curiosidadesedicas.com\/loja\/?s={search_term_string}"},"query-input":{"@type":"PropertyValueSpecification","valueRequired":true,"valueName":"search_term_string"}}],"inLanguage":"en-US"},{"@type":"Organization","@id":"https:\/\/curiosidadesedicas.com\/loja\/#organization","name":"Curiosidades & Dicas","url":"https:\/\/curiosidadesedicas.com\/loja\/","logo":{"@type":"ImageObject","inLanguage":"en-US","@id":"https:\/\/curiosidadesedicas.com\/loja\/#\/schema\/logo\/image\/","url":"https:\/\/curiosidadesedicas.com\/loja\/wp-content\/uploads\/2020\/05\/LogoCuriosidadesSimples.png","contentUrl":"https:\/\/curiosidadesedicas.com\/loja\/wp-content\/uploads\/2020\/05\/LogoCuriosidadesSimples.png","width":3528,"height":804,"caption":"Curiosidades & Dicas"},"image":{"@id":"https:\/\/curiosidadesedicas.com\/loja\/#\/schema\/logo\/image\/"}}]}},"_links":{"self":[{"href":"https:\/\/curiosidadesedicas.com\/loja\/en\/wp-json\/wp\/v2\/product\/32040","targetHints":{"allow":["GET"]}}],"collection":[{"href":"https:\/\/curiosidadesedicas.com\/loja\/en\/wp-json\/wp\/v2\/product"}],"about":[{"href":"https:\/\/curiosidadesedicas.com\/loja\/en\/wp-json\/wp\/v2\/types\/product"}],"replies":[{"embeddable":true,"href":"https:\/\/curiosidadesedicas.com\/loja\/en\/wp-json\/wp\/v2\/comments?post=32040"}],"wp:featuredmedia":[{"embeddable":true,"href":"https:\/\/curiosidadesedicas.com\/loja\/en\/wp-json\/wp\/v2\/media\/32059"}],"wp:attachment":[{"href":"https:\/\/curiosidadesedicas.com\/loja\/en\/wp-json\/wp\/v2\/media?parent=32040"}],"wp:term":[{"taxonomy":"product_brand","embeddable":true,"href":"https:\/\/curiosidadesedicas.com\/loja\/en\/wp-json\/wp\/v2\/product_brand?post=32040"},{"taxonomy":"product_cat","embeddable":true,"href":"https:\/\/curiosidadesedicas.com\/loja\/en\/wp-json\/wp\/v2\/product_cat?post=32040"},{"taxonomy":"product_tag","embeddable":true,"href":"https:\/\/curiosidadesedicas.com\/loja\/en\/wp-json\/wp\/v2\/product_tag?post=32040"}],"curies":[{"name":"wp","href":"https:\/\/api.w.org\/{rel}","templated":true}]}}