{"id":31385,"date":"2024-01-05T12:26:56","date_gmt":"2024-01-05T12:26:56","guid":{"rendered":"https:\/\/curiosidadesedicas.com\/loja\/?post_type=product&#038;p=31385"},"modified":"2025-03-11T14:58:18","modified_gmt":"2025-03-11T14:58:18","slug":"espelho-p-casa-de-banho-c-luz-led-e-visao-360o-selfkut","status":"publish","type":"product","link":"https:\/\/curiosidadesedicas.com\/loja\/en\/product\/espelho-p-casa-de-banho-c-luz-led-e-visao-360o-selfkut\/","title":{"rendered":"ESPELHO P\/ CASA DE BANHO C\/ LUZ LED E VIS\u00c3O 360\u00ba SELFKUT"},"content":{"rendered":"<p><strong>Espelho de casa de banho\u00a0<\/strong>de montagem na parede tem uma incr\u00edvel flexibilidade permitindo uma rota\u00e7\u00e3o de 360\u00ba podendo ajustar o espelho de acordo com o \u00e2ngulo de vis\u00e3o adequado para satisfazer as suas necessidades e prefer\u00eancias.<\/p>\n<p>O\u00a0<strong>espelho de maquilhagem\u00a0<\/strong>proporciona uma vis\u00e3o cristalina, sem reflexos nem sombras, para m\u00faltiplos prop\u00f3sitos. Permite ver os detalhes que necessita para a maquilhagem ou para se barbear confortavelmente.<\/p>\n<ul>\n<li><strong>Espelho de casa de banho recarreg\u00e1vel:\u00a0<\/strong>Este espelho de maquilhagem iluminado funciona com uma bateria de l\u00edtio de 1000 mAh incorporada. Carregue facilmente o espelho com o cabo USB inclu\u00eddo utilizando um powerbank, um PC, etc. Antes da primeira utiliza\u00e7\u00e3o, carregue o dispositivo durante 2 h.<\/li>\n<li><strong>Design dobr\u00e1vel:\u00a0<\/strong>o espelho de casa de banho com luz proporciona-lhe um \u00e2ngulo de vis\u00e3o confort\u00e1vel para a maquilhagem, barba, etc. Pode ser utilizado onde quiser: casa de banho, sala, quarto\u2026 Tamb\u00e9m o pode dobrar na parede para poupar espa\u00e7o.<\/li>\n<li><strong>Vis\u00e3o 360\u00ba<\/strong>: Design adequado para casa, hot\u00e9is, spas, casas de banho, etc. As suas abas permitem-lhe uma vis\u00e3o de 360\u00ba podendo ajustar o espelho de acordo com o \u00e2ngulo de vis\u00e3o necess\u00e1rio para cortar o cabelo ou barbear o rosto.<\/li>\n<li><strong>Interruptor com sensor t\u00e1til:<\/strong>\u00a0o controlo das suas 24 luzes LED com o interruptor t\u00e1til torna mais f\u00e1cil ligar, desligar e regular a intensidade. Pode ser utilizado com ou sem luz de fundo. Os seus LED de baixo consumo possuem uma luz de 10000-12000 K dando um aspeto suave e natural.<\/li>\n<li><strong>F\u00e1cil de montar:\u00a0<\/strong>Retire a pel\u00edcula protetora e ligue o cabo USB ao conector. Para pendurar, pode utilizar uma porta puxando os ganchos extens\u00edveis da parte traseira. Tamb\u00e9m o pode pendurar na parede gra\u00e7as aos orif\u00edcios embutidos. Este espelho \u00e9 muito f\u00e1cil de instalar, n\u00e3o necessita de nenhum profissional.<\/li>\n<\/ul>\n<p><img decoding=\"async\" src=\"https:\/\/curiosidadesedicas.com\/loja\/wp-content\/uploads\/2024\/01\/espelho-para-casa-de-banho-com-luz-led-e-visao-360o-selfkut-innovagoods_592155-8.jpg\" \/><img decoding=\"async\" src=\"https:\/\/curiosidadesedicas.com\/loja\/wp-content\/uploads\/2024\/01\/espelho-para-casa-de-banho-com-luz-led-e-visao-360o-selfkut-innovagoods_592155-5.jpg\" \/><\/p>","protected":false},"excerpt":{"rendered":"<ul>\n<li>Material:\n<ul>\n<li>ABS<\/li>\n<li>Cristal<\/li>\n<\/ul>\n<\/li>\n<li>Cor: Branco<\/li>\n<li>Tipo: Espelho de parede<\/li>\n<li>\u00c2ngulo: 360\u00ba<\/li>\n<li>Caracter\u00edsticas: Dobr\u00e1vel<\/li>\n<li>Ajust\u00e1vel: Altura regul\u00e1vel<\/li>\n<li>Original e port\u00e1til: M\u00faltiplas posi\u00e7\u00f5es<\/li>\n<li>Leve LED: 24 LED \/ 4,4 W<\/li>\n<li>Fluxo luminoso: 70-75 lm<\/li>\n<li>Temperatura de cor: 10000-12000K<\/li>\n<li>Ilumina\u00e7\u00e3o: Intensidade regul\u00e1vel<\/li>\n<li>Bot\u00e3o t\u00e1til: on\/off \/\/ +\/-<\/li>\n<li>Recarreg\u00e1vel: Carga USB<\/li>\n<li>Tipo de bateria: Li-Ion<\/li>\n<li>Capacidade da bateria: 1000 mAh<\/li>\n<li>Inclui: Cabo USB para micro USB<\/li>\n<li>DC In: 5 V \/ 1 A \/ 5 W<\/li>\n<li>Medidas aprox. dobrado: 31,2 x 19,5 x 3 cm<\/li>\n<li>Medidas aprox. desdobrado: 93 x 19,5 x 3 cm<\/li>\n<\/ul>","protected":false},"featured_media":31402,"comment_status":"open","ping_status":"closed","template":"","meta":{"_glsr_average":0,"_glsr_ranking":0,"_glsr_reviews":0},"product_brand":[],"product_cat":[350,411,365,421,414],"product_tag":[],"class_list":{"0":"post-31385","1":"product","2":"type-product","3":"status-publish","4":"has-post-thumbnail","6":"product_cat-gadgets","7":"product_cat-divertidos-e-diversos","8":"product_cat-para-o-lar","9":"product_cat-arrumacao","10":"product_cat-espelhos","12":"first","13":"instock","14":"taxable","15":"shipping-taxable","16":"purchasable","17":"product-type-simple"},"yoast_head":"<!-- This site is optimized with the Yoast SEO plugin v26.8 - https:\/\/yoast.com\/product\/yoast-seo-wordpress\/ -->\n<title>ESPELHO P\/ CASA DE BANHO C\/ LUZ LED E VIS\u00c3O 360\u00ba SELFKUT - Curiosidades &amp; Dicas, Lda<\/title>\n<meta name=\"robots\" content=\"index, follow, max-snippet:-1, max-image-preview:large, max-video-preview:-1\" \/>\n<link rel=\"canonical\" href=\"https:\/\/curiosidadesedicas.com\/loja\/en\/product\/espelho-p-casa-de-banho-c-luz-led-e-visao-360o-selfkut\/\" \/>\n<meta property=\"og:locale\" content=\"en_US\" \/>\n<meta property=\"og:type\" content=\"article\" \/>\n<meta property=\"og:title\" content=\"ESPELHO P\/ CASA DE BANHO C\/ LUZ LED E VIS\u00c3O 360\u00ba SELFKUT - Curiosidades &amp; Dicas, Lda\" \/>\n<meta property=\"og:description\" content=\"Material:   ABS  Cristal    Cor: Branco  Tipo: Espelho de parede  \u00c2ngulo: 360\u00ba  Caracter\u00edsticas: Dobr\u00e1vel  Ajust\u00e1vel: Altura regul\u00e1vel  Original e port\u00e1til: M\u00faltiplas posi\u00e7\u00f5es  Leve LED: 24 LED \/ 4,4 W  Fluxo luminoso: 70-75 lm  Temperatura de cor: 10000-12000K  Ilumina\u00e7\u00e3o: Intensidade regul\u00e1vel  Bot\u00e3o t\u00e1til: on\/off \/\/ +\/-  Recarreg\u00e1vel: Carga USB  Tipo de bateria: Li-Ion  Capacidade da bateria: 1000 mAh  Inclui: Cabo USB para micro USB  DC In: 5 V \/ 1 A \/ 5 W  Medidas aprox. dobrado: 31,2 x 19,5 x 3 cm  Medidas aprox. desdobrado: 93 x 19,5 x 3 cm\" \/>\n<meta property=\"og:url\" content=\"https:\/\/curiosidadesedicas.com\/loja\/en\/product\/espelho-p-casa-de-banho-c-luz-led-e-visao-360o-selfkut\/\" \/>\n<meta property=\"og:site_name\" content=\"Curiosidades &amp; Dicas, Lda\" \/>\n<meta property=\"article:modified_time\" content=\"2025-03-11T14:58:18+00:00\" \/>\n<meta property=\"og:image\" content=\"https:\/\/curiosidadesedicas.com\/loja\/wp-content\/uploads\/2024\/01\/espelho-para-casa-de-banho-com-luz-led-e-visao-360o-selfkut-innovagoods_592155.jpg\" \/>\n\t<meta property=\"og:image:width\" content=\"600\" \/>\n\t<meta property=\"og:image:height\" content=\"600\" \/>\n\t<meta property=\"og:image:type\" content=\"image\/jpeg\" \/>\n<meta name=\"twitter:card\" content=\"summary_large_image\" \/>\n<meta name=\"twitter:label1\" content=\"Est. reading time\" \/>\n\t<meta name=\"twitter:data1\" content=\"3 minutes\" \/>\n<script type=\"application\/ld+json\" class=\"yoast-schema-graph\">{\"@context\":\"https:\/\/schema.org\",\"@graph\":[{\"@type\":\"WebPage\",\"@id\":\"https:\/\/curiosidadesedicas.com\/loja\/produto\/espelho-p-casa-de-banho-c-luz-led-e-visao-360o-selfkut\/\",\"url\":\"https:\/\/curiosidadesedicas.com\/loja\/produto\/espelho-p-casa-de-banho-c-luz-led-e-visao-360o-selfkut\/\",\"name\":\"ESPELHO P\/ CASA DE BANHO C\/ LUZ LED E VIS\u00c3O 360\u00ba SELFKUT - Curiosidades &amp; Dicas, Lda\",\"isPartOf\":{\"@id\":\"https:\/\/curiosidadesedicas.com\/loja\/#website\"},\"primaryImageOfPage\":{\"@id\":\"https:\/\/curiosidadesedicas.com\/loja\/produto\/espelho-p-casa-de-banho-c-luz-led-e-visao-360o-selfkut\/#primaryimage\"},\"image\":{\"@id\":\"https:\/\/curiosidadesedicas.com\/loja\/produto\/espelho-p-casa-de-banho-c-luz-led-e-visao-360o-selfkut\/#primaryimage\"},\"thumbnailUrl\":\"https:\/\/curiosidadesedicas.com\/loja\/wp-content\/uploads\/2024\/01\/espelho-para-casa-de-banho-com-luz-led-e-visao-360o-selfkut-innovagoods_592155.jpg\",\"datePublished\":\"2024-01-05T12:26:56+00:00\",\"dateModified\":\"2025-03-11T14:58:18+00:00\",\"breadcrumb\":{\"@id\":\"https:\/\/curiosidadesedicas.com\/loja\/produto\/espelho-p-casa-de-banho-c-luz-led-e-visao-360o-selfkut\/#breadcrumb\"},\"inLanguage\":\"en-US\",\"potentialAction\":[{\"@type\":\"ReadAction\",\"target\":[\"https:\/\/curiosidadesedicas.com\/loja\/produto\/espelho-p-casa-de-banho-c-luz-led-e-visao-360o-selfkut\/\"]}]},{\"@type\":\"ImageObject\",\"inLanguage\":\"en-US\",\"@id\":\"https:\/\/curiosidadesedicas.com\/loja\/produto\/espelho-p-casa-de-banho-c-luz-led-e-visao-360o-selfkut\/#primaryimage\",\"url\":\"https:\/\/curiosidadesedicas.com\/loja\/wp-content\/uploads\/2024\/01\/espelho-para-casa-de-banho-com-luz-led-e-visao-360o-selfkut-innovagoods_592155.jpg\",\"contentUrl\":\"https:\/\/curiosidadesedicas.com\/loja\/wp-content\/uploads\/2024\/01\/espelho-para-casa-de-banho-com-luz-led-e-visao-360o-selfkut-innovagoods_592155.jpg\",\"width\":600,\"height\":600},{\"@type\":\"BreadcrumbList\",\"@id\":\"https:\/\/curiosidadesedicas.com\/loja\/produto\/espelho-p-casa-de-banho-c-luz-led-e-visao-360o-selfkut\/#breadcrumb\",\"itemListElement\":[{\"@type\":\"ListItem\",\"position\":1,\"name\":\"In\u00edcio\",\"item\":\"https:\/\/curiosidadesedicas.com\/loja\/\"},{\"@type\":\"ListItem\",\"position\":2,\"name\":\"Produtos\",\"item\":\"https:\/\/curiosidadesedicas.com\/loja\/produtos\/\"},{\"@type\":\"ListItem\",\"position\":3,\"name\":\"ESPELHO P\/ CASA DE BANHO C\/ LUZ LED E VIS\u00c3O 360\u00ba SELFKUT\"}]},{\"@type\":\"WebSite\",\"@id\":\"https:\/\/curiosidadesedicas.com\/loja\/#website\",\"url\":\"https:\/\/curiosidadesedicas.com\/loja\/\",\"name\":\"Curiosidades &amp; Dicas, Lda\",\"description\":\"Apaixonados Por Inova\u00e7\u00e3o\",\"publisher\":{\"@id\":\"https:\/\/curiosidadesedicas.com\/loja\/#organization\"},\"potentialAction\":[{\"@type\":\"SearchAction\",\"target\":{\"@type\":\"EntryPoint\",\"urlTemplate\":\"https:\/\/curiosidadesedicas.com\/loja\/?s={search_term_string}\"},\"query-input\":{\"@type\":\"PropertyValueSpecification\",\"valueRequired\":true,\"valueName\":\"search_term_string\"}}],\"inLanguage\":\"en-US\"},{\"@type\":\"Organization\",\"@id\":\"https:\/\/curiosidadesedicas.com\/loja\/#organization\",\"name\":\"Curiosidades & Dicas\",\"url\":\"https:\/\/curiosidadesedicas.com\/loja\/\",\"logo\":{\"@type\":\"ImageObject\",\"inLanguage\":\"en-US\",\"@id\":\"https:\/\/curiosidadesedicas.com\/loja\/#\/schema\/logo\/image\/\",\"url\":\"https:\/\/curiosidadesedicas.com\/loja\/wp-content\/uploads\/2020\/05\/LogoCuriosidadesSimples.png\",\"contentUrl\":\"https:\/\/curiosidadesedicas.com\/loja\/wp-content\/uploads\/2020\/05\/LogoCuriosidadesSimples.png\",\"width\":3528,\"height\":804,\"caption\":\"Curiosidades & Dicas\"},\"image\":{\"@id\":\"https:\/\/curiosidadesedicas.com\/loja\/#\/schema\/logo\/image\/\"}}]}<\/script>\n<!-- \/ Yoast SEO plugin. -->","yoast_head_json":{"title":"ESPELHO P\/ CASA DE BANHO C\/ LUZ LED E VIS\u00c3O 360\u00ba SELFKUT - Curiosidades &amp; Dicas, Lda","robots":{"index":"index","follow":"follow","max-snippet":"max-snippet:-1","max-image-preview":"max-image-preview:large","max-video-preview":"max-video-preview:-1"},"canonical":"https:\/\/curiosidadesedicas.com\/loja\/en\/product\/espelho-p-casa-de-banho-c-luz-led-e-visao-360o-selfkut\/","og_locale":"en_US","og_type":"article","og_title":"ESPELHO P\/ CASA DE BANHO C\/ LUZ LED E VIS\u00c3O 360\u00ba SELFKUT - Curiosidades &amp; Dicas, Lda","og_description":"Material:   ABS  Cristal    Cor: Branco  Tipo: Espelho de parede  \u00c2ngulo: 360\u00ba  Caracter\u00edsticas: Dobr\u00e1vel  Ajust\u00e1vel: Altura regul\u00e1vel  Original e port\u00e1til: M\u00faltiplas posi\u00e7\u00f5es  Leve LED: 24 LED \/ 4,4 W  Fluxo luminoso: 70-75 lm  Temperatura de cor: 10000-12000K  Ilumina\u00e7\u00e3o: Intensidade regul\u00e1vel  Bot\u00e3o t\u00e1til: on\/off \/\/ +\/-  Recarreg\u00e1vel: Carga USB  Tipo de bateria: Li-Ion  Capacidade da bateria: 1000 mAh  Inclui: Cabo USB para micro USB  DC In: 5 V \/ 1 A \/ 5 W  Medidas aprox. dobrado: 31,2 x 19,5 x 3 cm  Medidas aprox. desdobrado: 93 x 19,5 x 3 cm","og_url":"https:\/\/curiosidadesedicas.com\/loja\/en\/product\/espelho-p-casa-de-banho-c-luz-led-e-visao-360o-selfkut\/","og_site_name":"Curiosidades &amp; Dicas, Lda","article_modified_time":"2025-03-11T14:58:18+00:00","og_image":[{"width":600,"height":600,"url":"https:\/\/curiosidadesedicas.com\/loja\/wp-content\/uploads\/2024\/01\/espelho-para-casa-de-banho-com-luz-led-e-visao-360o-selfkut-innovagoods_592155.jpg","type":"image\/jpeg"}],"twitter_card":"summary_large_image","twitter_misc":{"Est. reading time":"3 minutes"},"schema":{"@context":"https:\/\/schema.org","@graph":[{"@type":"WebPage","@id":"https:\/\/curiosidadesedicas.com\/loja\/produto\/espelho-p-casa-de-banho-c-luz-led-e-visao-360o-selfkut\/","url":"https:\/\/curiosidadesedicas.com\/loja\/produto\/espelho-p-casa-de-banho-c-luz-led-e-visao-360o-selfkut\/","name":"ESPELHO P\/ CASA DE BANHO C\/ LUZ LED E VIS\u00c3O 360\u00ba SELFKUT - Curiosidades &amp; Dicas, Lda","isPartOf":{"@id":"https:\/\/curiosidadesedicas.com\/loja\/#website"},"primaryImageOfPage":{"@id":"https:\/\/curiosidadesedicas.com\/loja\/produto\/espelho-p-casa-de-banho-c-luz-led-e-visao-360o-selfkut\/#primaryimage"},"image":{"@id":"https:\/\/curiosidadesedicas.com\/loja\/produto\/espelho-p-casa-de-banho-c-luz-led-e-visao-360o-selfkut\/#primaryimage"},"thumbnailUrl":"https:\/\/curiosidadesedicas.com\/loja\/wp-content\/uploads\/2024\/01\/espelho-para-casa-de-banho-com-luz-led-e-visao-360o-selfkut-innovagoods_592155.jpg","datePublished":"2024-01-05T12:26:56+00:00","dateModified":"2025-03-11T14:58:18+00:00","breadcrumb":{"@id":"https:\/\/curiosidadesedicas.com\/loja\/produto\/espelho-p-casa-de-banho-c-luz-led-e-visao-360o-selfkut\/#breadcrumb"},"inLanguage":"en-US","potentialAction":[{"@type":"ReadAction","target":["https:\/\/curiosidadesedicas.com\/loja\/produto\/espelho-p-casa-de-banho-c-luz-led-e-visao-360o-selfkut\/"]}]},{"@type":"ImageObject","inLanguage":"en-US","@id":"https:\/\/curiosidadesedicas.com\/loja\/produto\/espelho-p-casa-de-banho-c-luz-led-e-visao-360o-selfkut\/#primaryimage","url":"https:\/\/curiosidadesedicas.com\/loja\/wp-content\/uploads\/2024\/01\/espelho-para-casa-de-banho-com-luz-led-e-visao-360o-selfkut-innovagoods_592155.jpg","contentUrl":"https:\/\/curiosidadesedicas.com\/loja\/wp-content\/uploads\/2024\/01\/espelho-para-casa-de-banho-com-luz-led-e-visao-360o-selfkut-innovagoods_592155.jpg","width":600,"height":600},{"@type":"BreadcrumbList","@id":"https:\/\/curiosidadesedicas.com\/loja\/produto\/espelho-p-casa-de-banho-c-luz-led-e-visao-360o-selfkut\/#breadcrumb","itemListElement":[{"@type":"ListItem","position":1,"name":"In\u00edcio","item":"https:\/\/curiosidadesedicas.com\/loja\/"},{"@type":"ListItem","position":2,"name":"Produtos","item":"https:\/\/curiosidadesedicas.com\/loja\/produtos\/"},{"@type":"ListItem","position":3,"name":"ESPELHO P\/ CASA DE BANHO C\/ LUZ LED E VIS\u00c3O 360\u00ba SELFKUT"}]},{"@type":"WebSite","@id":"https:\/\/curiosidadesedicas.com\/loja\/#website","url":"https:\/\/curiosidadesedicas.com\/loja\/","name":"Curiosidades &amp; Dicas, Lda","description":"Apaixonados Por Inova\u00e7\u00e3o","publisher":{"@id":"https:\/\/curiosidadesedicas.com\/loja\/#organization"},"potentialAction":[{"@type":"SearchAction","target":{"@type":"EntryPoint","urlTemplate":"https:\/\/curiosidadesedicas.com\/loja\/?s={search_term_string}"},"query-input":{"@type":"PropertyValueSpecification","valueRequired":true,"valueName":"search_term_string"}}],"inLanguage":"en-US"},{"@type":"Organization","@id":"https:\/\/curiosidadesedicas.com\/loja\/#organization","name":"Curiosidades & Dicas","url":"https:\/\/curiosidadesedicas.com\/loja\/","logo":{"@type":"ImageObject","inLanguage":"en-US","@id":"https:\/\/curiosidadesedicas.com\/loja\/#\/schema\/logo\/image\/","url":"https:\/\/curiosidadesedicas.com\/loja\/wp-content\/uploads\/2020\/05\/LogoCuriosidadesSimples.png","contentUrl":"https:\/\/curiosidadesedicas.com\/loja\/wp-content\/uploads\/2020\/05\/LogoCuriosidadesSimples.png","width":3528,"height":804,"caption":"Curiosidades & Dicas"},"image":{"@id":"https:\/\/curiosidadesedicas.com\/loja\/#\/schema\/logo\/image\/"}}]}},"_links":{"self":[{"href":"https:\/\/curiosidadesedicas.com\/loja\/en\/wp-json\/wp\/v2\/product\/31385","targetHints":{"allow":["GET"]}}],"collection":[{"href":"https:\/\/curiosidadesedicas.com\/loja\/en\/wp-json\/wp\/v2\/product"}],"about":[{"href":"https:\/\/curiosidadesedicas.com\/loja\/en\/wp-json\/wp\/v2\/types\/product"}],"replies":[{"embeddable":true,"href":"https:\/\/curiosidadesedicas.com\/loja\/en\/wp-json\/wp\/v2\/comments?post=31385"}],"wp:featuredmedia":[{"embeddable":true,"href":"https:\/\/curiosidadesedicas.com\/loja\/en\/wp-json\/wp\/v2\/media\/31402"}],"wp:attachment":[{"href":"https:\/\/curiosidadesedicas.com\/loja\/en\/wp-json\/wp\/v2\/media?parent=31385"}],"wp:term":[{"taxonomy":"product_brand","embeddable":true,"href":"https:\/\/curiosidadesedicas.com\/loja\/en\/wp-json\/wp\/v2\/product_brand?post=31385"},{"taxonomy":"product_cat","embeddable":true,"href":"https:\/\/curiosidadesedicas.com\/loja\/en\/wp-json\/wp\/v2\/product_cat?post=31385"},{"taxonomy":"product_tag","embeddable":true,"href":"https:\/\/curiosidadesedicas.com\/loja\/en\/wp-json\/wp\/v2\/product_tag?post=31385"}],"curies":[{"name":"wp","href":"https:\/\/api.w.org\/{rel}","templated":true}]}}