{"id":31203,"date":"2023-12-17T15:00:26","date_gmt":"2023-12-17T15:00:26","guid":{"rendered":"https:\/\/curiosidadesedicas.com\/loja\/?post_type=product&#038;p=31203"},"modified":"2025-03-11T14:59:29","modified_gmt":"2025-03-11T14:59:29","slug":"aquecedor-de-pes-eletrico-2-em-1-elewa","status":"publish","type":"product","link":"https:\/\/curiosidadesedicas.com\/loja\/en\/product\/aquecedor-de-pes-eletrico-2-em-1-elewa\/","title":{"rendered":"AQUECEDOR DE P\u00c9S EL\u00c9TRICO 2 EM 1 ELEWA"},"content":{"rendered":"<div class=\"main-data\">\n<div class=\"main-data\">\n<div class=\"main-data\">\n<p class=\"small_desc\">Um original aquecedor de p\u00e9s el\u00e9trico 2\u00a0em\u00a01 muito vers\u00e1til e adapt\u00e1vel com o seu desenho desmont\u00e1vel e funcionamento atrav\u00e9s de USB. Perfeito para combater o frio do inverno e sentir um agrad\u00e1vel e reconfortante calor nos p\u00e9s. Pode ser utilizado em qualquer parte onde exista uma liga\u00e7\u00e3o USB (computador port\u00e1til, powerbank, adaptador USB, etc.). A base \u00e9 antiderrapante e amov\u00edvel para facilitar a utiliza\u00e7\u00e3o no solo, na cama, no sof\u00e1, em teletrabalho, etc. Al\u00e9m disso, para facilitar a limpeza disp\u00f5e de fecho de correr para extrair a resist\u00eancia el\u00e9trica e o cabo USB. Aquece com rapidez e alcan\u00e7a uma temperatura m\u00e1xima de 60\u00a0\u00b0C aproximadamente. Este aquecedor de p\u00e9s \u00e9 muito confort\u00e1vel, oferecendo uma quente sensa\u00e7\u00e3o de descanso, relaxamento e bem-estar. Se pretender, tamb\u00e9m pode utiliz\u00e1-lo sem resist\u00eancia el\u00e9trica ou cabo de conex\u00e3o USB (em modo de aquecedor de p\u00e9s sem fun\u00e7\u00e3o el\u00e9trica).<\/p>\n<p class=\"small_desc\"><img loading=\"lazy\" decoding=\"async\" class=\"\" src=\"https:\/\/curiosidadesedicas.com\/loja\/wp-content\/uploads\/2023\/12\/aquecedor-de-pes-eletrico-2-em-1-elewa-innovagoods_288118-8.jpg\" width=\"498\" height=\"498\" \/><\/p>\n<\/div>\n<\/div>\n<\/div>","protected":false},"excerpt":{"rendered":"<ul>\n<li>Material:\n<ul>\n<li>70 % Acr\u00edlico<\/li>\n<li>20 % Poli\u00e9ster<\/li>\n<li>10 % Nylon<\/li>\n<\/ul>\n<\/li>\n<li>Cor: Cinzento<\/li>\n<li>Design: Inovador e funcional<\/li>\n<li>Tipo: El\u00e9trico<\/li>\n<li>Vers\u00e1til e adapt\u00e1vel: M\u00faltiplas posi\u00e7\u00f5es<\/li>\n<li>Desmont\u00e1vel:\n<ul>\n<li>Com fecho de correr<\/li>\n<li>F\u00e1cil limpeza<\/li>\n<\/ul>\n<\/li>\n<li>Base antiderrapante: Apoio est\u00e1vel<\/li>\n<li>Fun\u00e7\u00e3o calor: Aquecimento r\u00e1pido<\/li>\n<li>Temperatura max.: 60 \u00baC<\/li>\n<li>Suave, de tato agrad\u00e1vel: C\u00f3modo e confort\u00e1vel<\/li>\n<li>Leve e male\u00e1vel: F\u00e1cil de transportar e de guardar<\/li>\n<li>Original e port\u00e1til: Cama, sof\u00e1, poltrona, etc.<\/li>\n<li>Efeitos ben\u00e9ficos: al\u00edvio, descanso, relaxamento e bem-estar<\/li>\n<li>Funcionamento: Conex\u00e3o USB<\/li>\n<li>Tipo de tomada: USB<\/li>\n<li>Cabo amov\u00edvel: 155 cm<\/li>\n<li>Pot\u00eancia: 10 W<\/li>\n<li>DC In: 5 V \/ 1 A<\/li>\n<li>Medidas aprox.: 29,5 x 14,5 x 31,5 cm<\/li>\n<\/ul>","protected":false},"featured_media":31217,"comment_status":"open","ping_status":"closed","template":"","meta":{"_glsr_average":0,"_glsr_ranking":0,"_glsr_reviews":0},"product_brand":[],"product_cat":[357,359,368,480],"product_tag":[],"class_list":{"0":"post-31203","1":"product","2":"type-product","3":"status-publish","4":"has-post-thumbnail","6":"product_cat-bem-estar","7":"product_cat-relax","8":"product_cat-aquecimento","9":"product_cat-pessoal","11":"first","12":"instock","13":"taxable","14":"shipping-taxable","15":"purchasable","16":"product-type-simple"},"yoast_head":"<!-- This site is optimized with the Yoast SEO plugin v26.8 - https:\/\/yoast.com\/product\/yoast-seo-wordpress\/ -->\n<title>AQUECEDOR DE P\u00c9S EL\u00c9TRICO 2 EM 1 ELEWA - Curiosidades &amp; Dicas, Lda<\/title>\n<meta name=\"robots\" content=\"index, follow, max-snippet:-1, max-image-preview:large, max-video-preview:-1\" \/>\n<link rel=\"canonical\" href=\"https:\/\/curiosidadesedicas.com\/loja\/en\/product\/aquecedor-de-pes-eletrico-2-em-1-elewa\/\" \/>\n<meta property=\"og:locale\" content=\"en_US\" \/>\n<meta property=\"og:type\" content=\"article\" \/>\n<meta property=\"og:title\" content=\"AQUECEDOR DE P\u00c9S EL\u00c9TRICO 2 EM 1 ELEWA - Curiosidades &amp; Dicas, Lda\" \/>\n<meta property=\"og:description\" content=\"Material:   70 % Acr\u00edlico  20 % Poli\u00e9ster  10 % Nylon    Cor: Cinzento  Design: Inovador e funcional  Tipo: El\u00e9trico  Vers\u00e1til e adapt\u00e1vel: M\u00faltiplas posi\u00e7\u00f5es  Desmont\u00e1vel:   Com fecho de correr  F\u00e1cil limpeza    Base antiderrapante: Apoio est\u00e1vel  Fun\u00e7\u00e3o calor: Aquecimento r\u00e1pido  Temperatura max.: 60 \u00baC  Suave, de tato agrad\u00e1vel: C\u00f3modo e confort\u00e1vel  Leve e male\u00e1vel: F\u00e1cil de transportar e de guardar  Original e port\u00e1til: Cama, sof\u00e1, poltrona, etc.  Efeitos ben\u00e9ficos: al\u00edvio, descanso, relaxamento e bem-estar  Funcionamento: Conex\u00e3o USB  Tipo de tomada: USB  Cabo amov\u00edvel: 155 cm  Pot\u00eancia: 10 W  DC In: 5 V \/ 1 A  Medidas aprox.: 29,5 x 14,5 x 31,5 cm\" \/>\n<meta property=\"og:url\" content=\"https:\/\/curiosidadesedicas.com\/loja\/en\/product\/aquecedor-de-pes-eletrico-2-em-1-elewa\/\" \/>\n<meta property=\"og:site_name\" content=\"Curiosidades &amp; Dicas, Lda\" \/>\n<meta property=\"article:modified_time\" content=\"2025-03-11T14:59:29+00:00\" \/>\n<meta property=\"og:image\" content=\"https:\/\/curiosidadesedicas.com\/loja\/wp-content\/uploads\/2023\/12\/aquecedor-de-pes-eletrico-2-em-1-elewa-innovagoods_288118.jpg\" \/>\n\t<meta property=\"og:image:width\" content=\"600\" \/>\n\t<meta property=\"og:image:height\" content=\"600\" \/>\n\t<meta property=\"og:image:type\" content=\"image\/jpeg\" \/>\n<meta name=\"twitter:card\" content=\"summary_large_image\" \/>\n<meta name=\"twitter:label1\" content=\"Est. reading time\" \/>\n\t<meta name=\"twitter:data1\" content=\"2 minutes\" \/>\n<script type=\"application\/ld+json\" class=\"yoast-schema-graph\">{\"@context\":\"https:\/\/schema.org\",\"@graph\":[{\"@type\":\"WebPage\",\"@id\":\"https:\/\/curiosidadesedicas.com\/loja\/produto\/aquecedor-de-pes-eletrico-2-em-1-elewa\/\",\"url\":\"https:\/\/curiosidadesedicas.com\/loja\/produto\/aquecedor-de-pes-eletrico-2-em-1-elewa\/\",\"name\":\"AQUECEDOR DE P\u00c9S EL\u00c9TRICO 2 EM 1 ELEWA - Curiosidades &amp; Dicas, Lda\",\"isPartOf\":{\"@id\":\"https:\/\/curiosidadesedicas.com\/loja\/#website\"},\"primaryImageOfPage\":{\"@id\":\"https:\/\/curiosidadesedicas.com\/loja\/produto\/aquecedor-de-pes-eletrico-2-em-1-elewa\/#primaryimage\"},\"image\":{\"@id\":\"https:\/\/curiosidadesedicas.com\/loja\/produto\/aquecedor-de-pes-eletrico-2-em-1-elewa\/#primaryimage\"},\"thumbnailUrl\":\"https:\/\/curiosidadesedicas.com\/loja\/wp-content\/uploads\/2023\/12\/aquecedor-de-pes-eletrico-2-em-1-elewa-innovagoods_288118.jpg\",\"datePublished\":\"2023-12-17T15:00:26+00:00\",\"dateModified\":\"2025-03-11T14:59:29+00:00\",\"breadcrumb\":{\"@id\":\"https:\/\/curiosidadesedicas.com\/loja\/produto\/aquecedor-de-pes-eletrico-2-em-1-elewa\/#breadcrumb\"},\"inLanguage\":\"en-US\",\"potentialAction\":[{\"@type\":\"ReadAction\",\"target\":[\"https:\/\/curiosidadesedicas.com\/loja\/produto\/aquecedor-de-pes-eletrico-2-em-1-elewa\/\"]}]},{\"@type\":\"ImageObject\",\"inLanguage\":\"en-US\",\"@id\":\"https:\/\/curiosidadesedicas.com\/loja\/produto\/aquecedor-de-pes-eletrico-2-em-1-elewa\/#primaryimage\",\"url\":\"https:\/\/curiosidadesedicas.com\/loja\/wp-content\/uploads\/2023\/12\/aquecedor-de-pes-eletrico-2-em-1-elewa-innovagoods_288118.jpg\",\"contentUrl\":\"https:\/\/curiosidadesedicas.com\/loja\/wp-content\/uploads\/2023\/12\/aquecedor-de-pes-eletrico-2-em-1-elewa-innovagoods_288118.jpg\",\"width\":600,\"height\":600},{\"@type\":\"BreadcrumbList\",\"@id\":\"https:\/\/curiosidadesedicas.com\/loja\/produto\/aquecedor-de-pes-eletrico-2-em-1-elewa\/#breadcrumb\",\"itemListElement\":[{\"@type\":\"ListItem\",\"position\":1,\"name\":\"In\u00edcio\",\"item\":\"https:\/\/curiosidadesedicas.com\/loja\/\"},{\"@type\":\"ListItem\",\"position\":2,\"name\":\"Produtos\",\"item\":\"https:\/\/curiosidadesedicas.com\/loja\/produtos\/\"},{\"@type\":\"ListItem\",\"position\":3,\"name\":\"AQUECEDOR DE P\u00c9S EL\u00c9TRICO 2 EM 1 ELEWA\"}]},{\"@type\":\"WebSite\",\"@id\":\"https:\/\/curiosidadesedicas.com\/loja\/#website\",\"url\":\"https:\/\/curiosidadesedicas.com\/loja\/\",\"name\":\"Curiosidades &amp; Dicas, Lda\",\"description\":\"Apaixonados Por Inova\u00e7\u00e3o\",\"publisher\":{\"@id\":\"https:\/\/curiosidadesedicas.com\/loja\/#organization\"},\"potentialAction\":[{\"@type\":\"SearchAction\",\"target\":{\"@type\":\"EntryPoint\",\"urlTemplate\":\"https:\/\/curiosidadesedicas.com\/loja\/?s={search_term_string}\"},\"query-input\":{\"@type\":\"PropertyValueSpecification\",\"valueRequired\":true,\"valueName\":\"search_term_string\"}}],\"inLanguage\":\"en-US\"},{\"@type\":\"Organization\",\"@id\":\"https:\/\/curiosidadesedicas.com\/loja\/#organization\",\"name\":\"Curiosidades & Dicas\",\"url\":\"https:\/\/curiosidadesedicas.com\/loja\/\",\"logo\":{\"@type\":\"ImageObject\",\"inLanguage\":\"en-US\",\"@id\":\"https:\/\/curiosidadesedicas.com\/loja\/#\/schema\/logo\/image\/\",\"url\":\"https:\/\/curiosidadesedicas.com\/loja\/wp-content\/uploads\/2020\/05\/LogoCuriosidadesSimples.png\",\"contentUrl\":\"https:\/\/curiosidadesedicas.com\/loja\/wp-content\/uploads\/2020\/05\/LogoCuriosidadesSimples.png\",\"width\":3528,\"height\":804,\"caption\":\"Curiosidades & Dicas\"},\"image\":{\"@id\":\"https:\/\/curiosidadesedicas.com\/loja\/#\/schema\/logo\/image\/\"}}]}<\/script>\n<!-- \/ Yoast SEO plugin. -->","yoast_head_json":{"title":"AQUECEDOR DE P\u00c9S EL\u00c9TRICO 2 EM 1 ELEWA - Curiosidades &amp; Dicas, Lda","robots":{"index":"index","follow":"follow","max-snippet":"max-snippet:-1","max-image-preview":"max-image-preview:large","max-video-preview":"max-video-preview:-1"},"canonical":"https:\/\/curiosidadesedicas.com\/loja\/en\/product\/aquecedor-de-pes-eletrico-2-em-1-elewa\/","og_locale":"en_US","og_type":"article","og_title":"AQUECEDOR DE P\u00c9S EL\u00c9TRICO 2 EM 1 ELEWA - Curiosidades &amp; Dicas, Lda","og_description":"Material:   70 % Acr\u00edlico  20 % Poli\u00e9ster  10 % Nylon    Cor: Cinzento  Design: Inovador e funcional  Tipo: El\u00e9trico  Vers\u00e1til e adapt\u00e1vel: M\u00faltiplas posi\u00e7\u00f5es  Desmont\u00e1vel:   Com fecho de correr  F\u00e1cil limpeza    Base antiderrapante: Apoio est\u00e1vel  Fun\u00e7\u00e3o calor: Aquecimento r\u00e1pido  Temperatura max.: 60 \u00baC  Suave, de tato agrad\u00e1vel: C\u00f3modo e confort\u00e1vel  Leve e male\u00e1vel: F\u00e1cil de transportar e de guardar  Original e port\u00e1til: Cama, sof\u00e1, poltrona, etc.  Efeitos ben\u00e9ficos: al\u00edvio, descanso, relaxamento e bem-estar  Funcionamento: Conex\u00e3o USB  Tipo de tomada: USB  Cabo amov\u00edvel: 155 cm  Pot\u00eancia: 10 W  DC In: 5 V \/ 1 A  Medidas aprox.: 29,5 x 14,5 x 31,5 cm","og_url":"https:\/\/curiosidadesedicas.com\/loja\/en\/product\/aquecedor-de-pes-eletrico-2-em-1-elewa\/","og_site_name":"Curiosidades &amp; Dicas, Lda","article_modified_time":"2025-03-11T14:59:29+00:00","og_image":[{"width":600,"height":600,"url":"https:\/\/curiosidadesedicas.com\/loja\/wp-content\/uploads\/2023\/12\/aquecedor-de-pes-eletrico-2-em-1-elewa-innovagoods_288118.jpg","type":"image\/jpeg"}],"twitter_card":"summary_large_image","twitter_misc":{"Est. reading time":"2 minutes"},"schema":{"@context":"https:\/\/schema.org","@graph":[{"@type":"WebPage","@id":"https:\/\/curiosidadesedicas.com\/loja\/produto\/aquecedor-de-pes-eletrico-2-em-1-elewa\/","url":"https:\/\/curiosidadesedicas.com\/loja\/produto\/aquecedor-de-pes-eletrico-2-em-1-elewa\/","name":"AQUECEDOR DE P\u00c9S EL\u00c9TRICO 2 EM 1 ELEWA - Curiosidades &amp; Dicas, Lda","isPartOf":{"@id":"https:\/\/curiosidadesedicas.com\/loja\/#website"},"primaryImageOfPage":{"@id":"https:\/\/curiosidadesedicas.com\/loja\/produto\/aquecedor-de-pes-eletrico-2-em-1-elewa\/#primaryimage"},"image":{"@id":"https:\/\/curiosidadesedicas.com\/loja\/produto\/aquecedor-de-pes-eletrico-2-em-1-elewa\/#primaryimage"},"thumbnailUrl":"https:\/\/curiosidadesedicas.com\/loja\/wp-content\/uploads\/2023\/12\/aquecedor-de-pes-eletrico-2-em-1-elewa-innovagoods_288118.jpg","datePublished":"2023-12-17T15:00:26+00:00","dateModified":"2025-03-11T14:59:29+00:00","breadcrumb":{"@id":"https:\/\/curiosidadesedicas.com\/loja\/produto\/aquecedor-de-pes-eletrico-2-em-1-elewa\/#breadcrumb"},"inLanguage":"en-US","potentialAction":[{"@type":"ReadAction","target":["https:\/\/curiosidadesedicas.com\/loja\/produto\/aquecedor-de-pes-eletrico-2-em-1-elewa\/"]}]},{"@type":"ImageObject","inLanguage":"en-US","@id":"https:\/\/curiosidadesedicas.com\/loja\/produto\/aquecedor-de-pes-eletrico-2-em-1-elewa\/#primaryimage","url":"https:\/\/curiosidadesedicas.com\/loja\/wp-content\/uploads\/2023\/12\/aquecedor-de-pes-eletrico-2-em-1-elewa-innovagoods_288118.jpg","contentUrl":"https:\/\/curiosidadesedicas.com\/loja\/wp-content\/uploads\/2023\/12\/aquecedor-de-pes-eletrico-2-em-1-elewa-innovagoods_288118.jpg","width":600,"height":600},{"@type":"BreadcrumbList","@id":"https:\/\/curiosidadesedicas.com\/loja\/produto\/aquecedor-de-pes-eletrico-2-em-1-elewa\/#breadcrumb","itemListElement":[{"@type":"ListItem","position":1,"name":"In\u00edcio","item":"https:\/\/curiosidadesedicas.com\/loja\/"},{"@type":"ListItem","position":2,"name":"Produtos","item":"https:\/\/curiosidadesedicas.com\/loja\/produtos\/"},{"@type":"ListItem","position":3,"name":"AQUECEDOR DE P\u00c9S EL\u00c9TRICO 2 EM 1 ELEWA"}]},{"@type":"WebSite","@id":"https:\/\/curiosidadesedicas.com\/loja\/#website","url":"https:\/\/curiosidadesedicas.com\/loja\/","name":"Curiosidades &amp; Dicas, Lda","description":"Apaixonados Por Inova\u00e7\u00e3o","publisher":{"@id":"https:\/\/curiosidadesedicas.com\/loja\/#organization"},"potentialAction":[{"@type":"SearchAction","target":{"@type":"EntryPoint","urlTemplate":"https:\/\/curiosidadesedicas.com\/loja\/?s={search_term_string}"},"query-input":{"@type":"PropertyValueSpecification","valueRequired":true,"valueName":"search_term_string"}}],"inLanguage":"en-US"},{"@type":"Organization","@id":"https:\/\/curiosidadesedicas.com\/loja\/#organization","name":"Curiosidades & Dicas","url":"https:\/\/curiosidadesedicas.com\/loja\/","logo":{"@type":"ImageObject","inLanguage":"en-US","@id":"https:\/\/curiosidadesedicas.com\/loja\/#\/schema\/logo\/image\/","url":"https:\/\/curiosidadesedicas.com\/loja\/wp-content\/uploads\/2020\/05\/LogoCuriosidadesSimples.png","contentUrl":"https:\/\/curiosidadesedicas.com\/loja\/wp-content\/uploads\/2020\/05\/LogoCuriosidadesSimples.png","width":3528,"height":804,"caption":"Curiosidades & Dicas"},"image":{"@id":"https:\/\/curiosidadesedicas.com\/loja\/#\/schema\/logo\/image\/"}}]}},"_links":{"self":[{"href":"https:\/\/curiosidadesedicas.com\/loja\/en\/wp-json\/wp\/v2\/product\/31203","targetHints":{"allow":["GET"]}}],"collection":[{"href":"https:\/\/curiosidadesedicas.com\/loja\/en\/wp-json\/wp\/v2\/product"}],"about":[{"href":"https:\/\/curiosidadesedicas.com\/loja\/en\/wp-json\/wp\/v2\/types\/product"}],"replies":[{"embeddable":true,"href":"https:\/\/curiosidadesedicas.com\/loja\/en\/wp-json\/wp\/v2\/comments?post=31203"}],"wp:featuredmedia":[{"embeddable":true,"href":"https:\/\/curiosidadesedicas.com\/loja\/en\/wp-json\/wp\/v2\/media\/31217"}],"wp:attachment":[{"href":"https:\/\/curiosidadesedicas.com\/loja\/en\/wp-json\/wp\/v2\/media?parent=31203"}],"wp:term":[{"taxonomy":"product_brand","embeddable":true,"href":"https:\/\/curiosidadesedicas.com\/loja\/en\/wp-json\/wp\/v2\/product_brand?post=31203"},{"taxonomy":"product_cat","embeddable":true,"href":"https:\/\/curiosidadesedicas.com\/loja\/en\/wp-json\/wp\/v2\/product_cat?post=31203"},{"taxonomy":"product_tag","embeddable":true,"href":"https:\/\/curiosidadesedicas.com\/loja\/en\/wp-json\/wp\/v2\/product_tag?post=31203"}],"curies":[{"name":"wp","href":"https:\/\/api.w.org\/{rel}","templated":true}]}}