{"id":30629,"date":"2023-09-25T15:18:05","date_gmt":"2023-09-25T15:18:05","guid":{"rendered":"https:\/\/curiosidadesedicas.com\/loja\/?post_type=product&#038;p=30629"},"modified":"2025-03-12T09:07:36","modified_gmt":"2025-03-12T09:07:36","slug":"fonte-p-animais-de-estimacao-drinkatt","status":"publish","type":"product","link":"https:\/\/curiosidadesedicas.com\/loja\/en\/product\/fonte-p-animais-de-estimacao-drinkatt\/","title":{"rendered":"FONTE P\/ ANIMAIS DE ESTIMA\u00c7\u00c3O DRINKATT"},"content":{"rendered":"<p>Uma\u00a0fonte de \u00e1gua autom\u00e1tica para animais de estima\u00e7\u00e3o\u00a0com v\u00e1rios componentes, que podem ser montados com facilidade, seguindo as instru\u00e7\u00f5es inclu\u00eddas. Inclui fitas adesivas para manter a tampa e o contentor unidos durante o transporte. Os dois filtros de esponja para a bomba s\u00e3o lav\u00e1veis e reutiliz\u00e1veis. Os tr\u00eas filtros para sa\u00edda de \u00e1gua t\u00eam uma dura\u00e7\u00e3o aproximada de 3-4 meses cada. Pode ser utilizada sem filtros.<\/p>\n<p>Esta\u00a0fonte de dispensa de \u00e1gua para animais\u00a0funciona por liga\u00e7\u00e3o USB. O modo de fluxo da \u00e1gua pode ser alterado retirando a tampa da bomba ou retirando a bomba na totalidade. O visor frontal permite visualizar a quantidade de \u00e1gua restante em cada momento para encher a fonte quando necess\u00e1rio. Se a \u00e1gua alcan\u00e7ar o n\u00edvel m\u00ednimo, a fonte ir\u00e1 parar at\u00e9 que volte a ser enchida. Para uma \u00f3tima higiene, recomenda-se limpar a fonte e substituir a \u00e1gua pelo menos uma vez por semana.<\/p>\n<p><img loading=\"lazy\" decoding=\"async\" class=\"\" src=\"https:\/\/curiosidadesedicas.com\/loja\/wp-content\/uploads\/2023\/09\/fonte-para-animais-de-estimacao-drinkatt-innovagoods_497864-3.jpg\" width=\"360\" height=\"360\" \/><\/p>\n<ul>\n<li>Material: Polipropileno<\/li>\n<li>Cor:\n<ul>\n<li>Branco<\/li>\n<li>Cinzento<\/li>\n<\/ul>\n<\/li>\n<li>Design original e port\u00e1til: Inovador e funcional<\/li>\n<li>Tipo: Bebedouro\/Fonte de \u00e1gua<\/li>\n<li>Capacidade: 3 L<\/li>\n<li>3 modos: 3 tipos de jato<\/li>\n<li>Fluxo de \u00e1gua: 100 L\/h<\/li>\n<li>Caracter\u00edsticas: Silencioso<\/li>\n<li>Apagado autom\u00e1tico: Sim<\/li>\n<li>Propriedades: Melhora a qualidade da \u00e1gua<\/li>\n<li>Inclui: Conjunto de filtros<\/li>\n<li>\u00c1gua purificada: Filtragem de impurezas da \u00e1gua<\/li>\n<li>Indicador do n\u00edvel de \u00e1gua: F\u00e1cil e r\u00e1pida visualiza\u00e7\u00e3o do conte\u00fado<\/li>\n<li>Utiliza\u00e7\u00e3o principal: Gatos<\/li>\n<li>Utiliza\u00e7\u00e3o secund\u00e1ria: Indicado para c\u00e3es e outros animais de companhia<\/li>\n<li>F\u00e1cil de utilizar: Utiliza\u00e7\u00e3o c\u00f3moda e simples<\/li>\n<li>Leve e male\u00e1vel: F\u00e1cil de transportar e de guardar<\/li>\n<li>Desmont\u00e1vel: F\u00e1cil limpeza<\/li>\n<li>F\u00e1cil instala\u00e7\u00e3o: Instru\u00e7\u00f5es de montagem<\/li>\n<li>Tipo de tomada: USB<\/li>\n<li>Comprimento do cabo: 150 cm<\/li>\n<li>Baixo consumo: Poupan\u00e7a de Energia<\/li>\n<li>Pot\u00eancia: 1 W<\/li>\n<li>DC In: 5 V \/ 1 A<\/li>\n<li>Medidas aprox.: 19 x 15 x 19 cm<\/li>\n<\/ul>\n<p>&nbsp;<\/p>\n<p>&nbsp;<\/p>","protected":false},"excerpt":{"rendered":"<p>Uma\u00a0fonte de \u00e1gua autom\u00e1tica para animais de estima\u00e7\u00e3o\u00a0com v\u00e1rios componentes, que podem ser montados com facilidade, seguindo as instru\u00e7\u00f5es inclu\u00eddas. Inclui fitas adesivas para manter a tampa e o contentor unidos durante o transporte. Os dois filtros de esponja para a bomba s\u00e3o lav\u00e1veis e reutiliz\u00e1veis. Os tr\u00eas filtros para sa\u00edda de \u00e1gua t\u00eam uma dura\u00e7\u00e3o aproximada de 3-4 meses cada. Pode ser utilizada sem filtros.<\/p>\n<p>Esta\u00a0fonte de dispensa de \u00e1gua para animais\u00a0funciona por liga\u00e7\u00e3o USB. O modo de fluxo da \u00e1gua pode ser alterado retirando a tampa da bomba ou retirando a bomba na totalidade. O visor frontal permite visualizar a quantidade de \u00e1gua restante em cada momento para encher a fonte quando necess\u00e1rio. Se a \u00e1gua alcan\u00e7ar o n\u00edvel m\u00ednimo, a fonte ir\u00e1 parar at\u00e9 que volte a ser enchida. Para uma \u00f3tima higiene, recomenda-se limpar a fonte e substituir a \u00e1gua pelo menos uma vez por semana.<\/p>\n<ul>\n<li>Fonte-bebedouro para animais de estima\u00e7\u00e3o<\/li>\n<li>Visor frontal do n\u00edvel da \u00e1gua<\/li>\n<li>Bomba com cabo de liga\u00e7\u00e3o USB<\/li>\n<li>Baixo consumo (1 W), poupan\u00e7a de energia<\/li>\n<li>Sistema de corrente e \u00e1gua cont\u00ednua<\/li>\n<li>\u00c1gua em movimento mais fresca e limpa<\/li>\n<li>Ampla superf\u00edcie para beber, acess\u00edvel em 360\u00b0<\/li>\n<li>Dois filtros para a bomba (1 + 1 sobresselente)<\/li>\n<li>Tr\u00eas filtros de sa\u00edda de \u00e1gua (1 + 2 sobresselentes)<\/li>\n<li>M\u00e1xima depura\u00e7\u00e3o: filtra\u00e7\u00e3o de impurezas<\/li>\n<li>Ajuda a melhorar a qualidade da \u00e1gua<\/li>\n<li>Tr\u00eas tipos de fluxo: cascata, manancial, fonte<\/li>\n<li>Silenciosa, sem ru\u00eddos para beber descontraidamente<\/li>\n<li>Grande capacidade: 3 l, caudal de \u00e1gua: at\u00e9 100 l\/h<\/li>\n<li>Design moderno, original, port\u00e1til, f\u00e1cil de utilizar<\/li>\n<li>Total conforto e seguran\u00e7a: desligamento autom\u00e1tico<\/li>\n<li>Ideal para gatos, apto para c\u00e3es e outros animais de estima\u00e7\u00e3o<\/li>\n<li>Instru\u00e7\u00f5es de montagem, f\u00e1cil de instalar e de limpar<\/li>\n<\/ul>","protected":false},"featured_media":30638,"comment_status":"open","ping_status":"closed","template":"","meta":{"_glsr_average":0,"_glsr_ranking":0,"_glsr_reviews":0},"product_brand":[],"product_cat":[350,354],"product_tag":[],"class_list":{"0":"post-30629","1":"product","2":"type-product","3":"status-publish","4":"has-post-thumbnail","6":"product_cat-gadgets","7":"product_cat-p-animais","9":"first","10":"instock","11":"taxable","12":"shipping-taxable","13":"purchasable","14":"product-type-simple"},"yoast_head":"<!-- This site is optimized with the Yoast SEO plugin v26.8 - https:\/\/yoast.com\/product\/yoast-seo-wordpress\/ -->\n<title>FONTE P\/ ANIMAIS DE ESTIMA\u00c7\u00c3O DRINKATT - Curiosidades &amp; Dicas, Lda<\/title>\n<meta name=\"robots\" content=\"index, follow, max-snippet:-1, max-image-preview:large, max-video-preview:-1\" \/>\n<link rel=\"canonical\" href=\"https:\/\/curiosidadesedicas.com\/loja\/en\/product\/fonte-p-animais-de-estimacao-drinkatt\/\" \/>\n<meta property=\"og:locale\" content=\"en_US\" \/>\n<meta property=\"og:type\" content=\"article\" \/>\n<meta property=\"og:title\" content=\"FONTE P\/ ANIMAIS DE ESTIMA\u00c7\u00c3O DRINKATT - Curiosidades &amp; Dicas, Lda\" \/>\n<meta property=\"og:description\" content=\"Uma\u00a0fonte de \u00e1gua autom\u00e1tica para animais de estima\u00e7\u00e3o\u00a0com v\u00e1rios componentes, que podem ser montados com facilidade, seguindo as instru\u00e7\u00f5es inclu\u00eddas. Inclui fitas adesivas para manter a tampa e o contentor unidos durante o transporte. Os dois filtros de esponja para a bomba s\u00e3o lav\u00e1veis e reutiliz\u00e1veis. Os tr\u00eas filtros para sa\u00edda de \u00e1gua t\u00eam uma dura\u00e7\u00e3o aproximada de 3-4 meses cada. Pode ser utilizada sem filtros.  Esta\u00a0fonte de dispensa de \u00e1gua para animais\u00a0funciona por liga\u00e7\u00e3o USB. O modo de fluxo da \u00e1gua pode ser alterado retirando a tampa da bomba ou retirando a bomba na totalidade. O visor frontal permite visualizar a quantidade de \u00e1gua restante em cada momento para encher a fonte quando necess\u00e1rio. Se a \u00e1gua alcan\u00e7ar o n\u00edvel m\u00ednimo, a fonte ir\u00e1 parar at\u00e9 que volte a ser enchida. Para uma \u00f3tima higiene, recomenda-se limpar a fonte e substituir a \u00e1gua pelo menos uma vez por semana.   Fonte-bebedouro para animais de estima\u00e7\u00e3o  Visor frontal do n\u00edvel da \u00e1gua  Bomba com cabo de liga\u00e7\u00e3o USB  Baixo consumo (1 W), poupan\u00e7a de energia  Sistema de corrente e \u00e1gua cont\u00ednua  \u00c1gua em movimento mais fresca e limpa  Ampla superf\u00edcie para beber, acess\u00edvel em 360\u00b0  Dois filtros para a bomba (1 + 1 sobresselente)  Tr\u00eas filtros de sa\u00edda de \u00e1gua (1 + 2 sobresselentes)  M\u00e1xima depura\u00e7\u00e3o: filtra\u00e7\u00e3o de impurezas  Ajuda a melhorar a qualidade da \u00e1gua  Tr\u00eas tipos de fluxo: cascata, manancial, fonte  Silenciosa, sem ru\u00eddos para beber descontraidamente  Grande capacidade: 3 l, caudal de \u00e1gua: at\u00e9 100 l\/h  Design moderno, original, port\u00e1til, f\u00e1cil de utilizar  Total conforto e seguran\u00e7a: desligamento autom\u00e1tico  Ideal para gatos, apto para c\u00e3es e outros animais de estima\u00e7\u00e3o  Instru\u00e7\u00f5es de montagem, f\u00e1cil de instalar e de limpar\" \/>\n<meta property=\"og:url\" content=\"https:\/\/curiosidadesedicas.com\/loja\/en\/product\/fonte-p-animais-de-estimacao-drinkatt\/\" \/>\n<meta property=\"og:site_name\" content=\"Curiosidades &amp; Dicas, Lda\" \/>\n<meta property=\"article:modified_time\" content=\"2025-03-12T09:07:36+00:00\" \/>\n<meta property=\"og:image\" content=\"https:\/\/curiosidadesedicas.com\/loja\/wp-content\/uploads\/2023\/09\/fonte-para-animais-de-estimacao-drinkatt-innovagoods_497864-1.jpg\" \/>\n\t<meta property=\"og:image:width\" content=\"600\" \/>\n\t<meta property=\"og:image:height\" content=\"600\" \/>\n\t<meta property=\"og:image:type\" content=\"image\/jpeg\" \/>\n<meta name=\"twitter:card\" content=\"summary_large_image\" \/>\n<meta name=\"twitter:label1\" content=\"Est. reading time\" \/>\n\t<meta name=\"twitter:data1\" content=\"2 minutes\" \/>\n<script type=\"application\/ld+json\" class=\"yoast-schema-graph\">{\"@context\":\"https:\/\/schema.org\",\"@graph\":[{\"@type\":\"WebPage\",\"@id\":\"https:\/\/curiosidadesedicas.com\/loja\/produto\/fonte-p-animais-de-estimacao-drinkatt\/\",\"url\":\"https:\/\/curiosidadesedicas.com\/loja\/produto\/fonte-p-animais-de-estimacao-drinkatt\/\",\"name\":\"FONTE P\/ ANIMAIS DE ESTIMA\u00c7\u00c3O DRINKATT - Curiosidades &amp; Dicas, Lda\",\"isPartOf\":{\"@id\":\"https:\/\/curiosidadesedicas.com\/loja\/#website\"},\"primaryImageOfPage\":{\"@id\":\"https:\/\/curiosidadesedicas.com\/loja\/produto\/fonte-p-animais-de-estimacao-drinkatt\/#primaryimage\"},\"image\":{\"@id\":\"https:\/\/curiosidadesedicas.com\/loja\/produto\/fonte-p-animais-de-estimacao-drinkatt\/#primaryimage\"},\"thumbnailUrl\":\"https:\/\/curiosidadesedicas.com\/loja\/wp-content\/uploads\/2023\/09\/fonte-para-animais-de-estimacao-drinkatt-innovagoods_497864-1.jpg\",\"datePublished\":\"2023-09-25T15:18:05+00:00\",\"dateModified\":\"2025-03-12T09:07:36+00:00\",\"breadcrumb\":{\"@id\":\"https:\/\/curiosidadesedicas.com\/loja\/produto\/fonte-p-animais-de-estimacao-drinkatt\/#breadcrumb\"},\"inLanguage\":\"en-US\",\"potentialAction\":[{\"@type\":\"ReadAction\",\"target\":[\"https:\/\/curiosidadesedicas.com\/loja\/produto\/fonte-p-animais-de-estimacao-drinkatt\/\"]}]},{\"@type\":\"ImageObject\",\"inLanguage\":\"en-US\",\"@id\":\"https:\/\/curiosidadesedicas.com\/loja\/produto\/fonte-p-animais-de-estimacao-drinkatt\/#primaryimage\",\"url\":\"https:\/\/curiosidadesedicas.com\/loja\/wp-content\/uploads\/2023\/09\/fonte-para-animais-de-estimacao-drinkatt-innovagoods_497864-1.jpg\",\"contentUrl\":\"https:\/\/curiosidadesedicas.com\/loja\/wp-content\/uploads\/2023\/09\/fonte-para-animais-de-estimacao-drinkatt-innovagoods_497864-1.jpg\",\"width\":600,\"height\":600},{\"@type\":\"BreadcrumbList\",\"@id\":\"https:\/\/curiosidadesedicas.com\/loja\/produto\/fonte-p-animais-de-estimacao-drinkatt\/#breadcrumb\",\"itemListElement\":[{\"@type\":\"ListItem\",\"position\":1,\"name\":\"In\u00edcio\",\"item\":\"https:\/\/curiosidadesedicas.com\/loja\/\"},{\"@type\":\"ListItem\",\"position\":2,\"name\":\"Produtos\",\"item\":\"https:\/\/curiosidadesedicas.com\/loja\/produtos\/\"},{\"@type\":\"ListItem\",\"position\":3,\"name\":\"FONTE P\/ ANIMAIS DE ESTIMA\u00c7\u00c3O DRINKATT\"}]},{\"@type\":\"WebSite\",\"@id\":\"https:\/\/curiosidadesedicas.com\/loja\/#website\",\"url\":\"https:\/\/curiosidadesedicas.com\/loja\/\",\"name\":\"Curiosidades &amp; Dicas, Lda\",\"description\":\"Apaixonados Por Inova\u00e7\u00e3o\",\"publisher\":{\"@id\":\"https:\/\/curiosidadesedicas.com\/loja\/#organization\"},\"potentialAction\":[{\"@type\":\"SearchAction\",\"target\":{\"@type\":\"EntryPoint\",\"urlTemplate\":\"https:\/\/curiosidadesedicas.com\/loja\/?s={search_term_string}\"},\"query-input\":{\"@type\":\"PropertyValueSpecification\",\"valueRequired\":true,\"valueName\":\"search_term_string\"}}],\"inLanguage\":\"en-US\"},{\"@type\":\"Organization\",\"@id\":\"https:\/\/curiosidadesedicas.com\/loja\/#organization\",\"name\":\"Curiosidades & Dicas\",\"url\":\"https:\/\/curiosidadesedicas.com\/loja\/\",\"logo\":{\"@type\":\"ImageObject\",\"inLanguage\":\"en-US\",\"@id\":\"https:\/\/curiosidadesedicas.com\/loja\/#\/schema\/logo\/image\/\",\"url\":\"https:\/\/curiosidadesedicas.com\/loja\/wp-content\/uploads\/2020\/05\/LogoCuriosidadesSimples.png\",\"contentUrl\":\"https:\/\/curiosidadesedicas.com\/loja\/wp-content\/uploads\/2020\/05\/LogoCuriosidadesSimples.png\",\"width\":3528,\"height\":804,\"caption\":\"Curiosidades & Dicas\"},\"image\":{\"@id\":\"https:\/\/curiosidadesedicas.com\/loja\/#\/schema\/logo\/image\/\"}}]}<\/script>\n<!-- \/ Yoast SEO plugin. -->","yoast_head_json":{"title":"FONTE P\/ ANIMAIS DE ESTIMA\u00c7\u00c3O DRINKATT - Curiosidades &amp; Dicas, Lda","robots":{"index":"index","follow":"follow","max-snippet":"max-snippet:-1","max-image-preview":"max-image-preview:large","max-video-preview":"max-video-preview:-1"},"canonical":"https:\/\/curiosidadesedicas.com\/loja\/en\/product\/fonte-p-animais-de-estimacao-drinkatt\/","og_locale":"en_US","og_type":"article","og_title":"FONTE P\/ ANIMAIS DE ESTIMA\u00c7\u00c3O DRINKATT - Curiosidades &amp; Dicas, Lda","og_description":"Uma\u00a0fonte de \u00e1gua autom\u00e1tica para animais de estima\u00e7\u00e3o\u00a0com v\u00e1rios componentes, que podem ser montados com facilidade, seguindo as instru\u00e7\u00f5es inclu\u00eddas. Inclui fitas adesivas para manter a tampa e o contentor unidos durante o transporte. Os dois filtros de esponja para a bomba s\u00e3o lav\u00e1veis e reutiliz\u00e1veis. Os tr\u00eas filtros para sa\u00edda de \u00e1gua t\u00eam uma dura\u00e7\u00e3o aproximada de 3-4 meses cada. Pode ser utilizada sem filtros.  Esta\u00a0fonte de dispensa de \u00e1gua para animais\u00a0funciona por liga\u00e7\u00e3o USB. O modo de fluxo da \u00e1gua pode ser alterado retirando a tampa da bomba ou retirando a bomba na totalidade. O visor frontal permite visualizar a quantidade de \u00e1gua restante em cada momento para encher a fonte quando necess\u00e1rio. Se a \u00e1gua alcan\u00e7ar o n\u00edvel m\u00ednimo, a fonte ir\u00e1 parar at\u00e9 que volte a ser enchida. Para uma \u00f3tima higiene, recomenda-se limpar a fonte e substituir a \u00e1gua pelo menos uma vez por semana.   Fonte-bebedouro para animais de estima\u00e7\u00e3o  Visor frontal do n\u00edvel da \u00e1gua  Bomba com cabo de liga\u00e7\u00e3o USB  Baixo consumo (1 W), poupan\u00e7a de energia  Sistema de corrente e \u00e1gua cont\u00ednua  \u00c1gua em movimento mais fresca e limpa  Ampla superf\u00edcie para beber, acess\u00edvel em 360\u00b0  Dois filtros para a bomba (1 + 1 sobresselente)  Tr\u00eas filtros de sa\u00edda de \u00e1gua (1 + 2 sobresselentes)  M\u00e1xima depura\u00e7\u00e3o: filtra\u00e7\u00e3o de impurezas  Ajuda a melhorar a qualidade da \u00e1gua  Tr\u00eas tipos de fluxo: cascata, manancial, fonte  Silenciosa, sem ru\u00eddos para beber descontraidamente  Grande capacidade: 3 l, caudal de \u00e1gua: at\u00e9 100 l\/h  Design moderno, original, port\u00e1til, f\u00e1cil de utilizar  Total conforto e seguran\u00e7a: desligamento autom\u00e1tico  Ideal para gatos, apto para c\u00e3es e outros animais de estima\u00e7\u00e3o  Instru\u00e7\u00f5es de montagem, f\u00e1cil de instalar e de limpar","og_url":"https:\/\/curiosidadesedicas.com\/loja\/en\/product\/fonte-p-animais-de-estimacao-drinkatt\/","og_site_name":"Curiosidades &amp; Dicas, Lda","article_modified_time":"2025-03-12T09:07:36+00:00","og_image":[{"width":600,"height":600,"url":"https:\/\/curiosidadesedicas.com\/loja\/wp-content\/uploads\/2023\/09\/fonte-para-animais-de-estimacao-drinkatt-innovagoods_497864-1.jpg","type":"image\/jpeg"}],"twitter_card":"summary_large_image","twitter_misc":{"Est. reading time":"2 minutes"},"schema":{"@context":"https:\/\/schema.org","@graph":[{"@type":"WebPage","@id":"https:\/\/curiosidadesedicas.com\/loja\/produto\/fonte-p-animais-de-estimacao-drinkatt\/","url":"https:\/\/curiosidadesedicas.com\/loja\/produto\/fonte-p-animais-de-estimacao-drinkatt\/","name":"FONTE P\/ ANIMAIS DE ESTIMA\u00c7\u00c3O DRINKATT - Curiosidades &amp; Dicas, Lda","isPartOf":{"@id":"https:\/\/curiosidadesedicas.com\/loja\/#website"},"primaryImageOfPage":{"@id":"https:\/\/curiosidadesedicas.com\/loja\/produto\/fonte-p-animais-de-estimacao-drinkatt\/#primaryimage"},"image":{"@id":"https:\/\/curiosidadesedicas.com\/loja\/produto\/fonte-p-animais-de-estimacao-drinkatt\/#primaryimage"},"thumbnailUrl":"https:\/\/curiosidadesedicas.com\/loja\/wp-content\/uploads\/2023\/09\/fonte-para-animais-de-estimacao-drinkatt-innovagoods_497864-1.jpg","datePublished":"2023-09-25T15:18:05+00:00","dateModified":"2025-03-12T09:07:36+00:00","breadcrumb":{"@id":"https:\/\/curiosidadesedicas.com\/loja\/produto\/fonte-p-animais-de-estimacao-drinkatt\/#breadcrumb"},"inLanguage":"en-US","potentialAction":[{"@type":"ReadAction","target":["https:\/\/curiosidadesedicas.com\/loja\/produto\/fonte-p-animais-de-estimacao-drinkatt\/"]}]},{"@type":"ImageObject","inLanguage":"en-US","@id":"https:\/\/curiosidadesedicas.com\/loja\/produto\/fonte-p-animais-de-estimacao-drinkatt\/#primaryimage","url":"https:\/\/curiosidadesedicas.com\/loja\/wp-content\/uploads\/2023\/09\/fonte-para-animais-de-estimacao-drinkatt-innovagoods_497864-1.jpg","contentUrl":"https:\/\/curiosidadesedicas.com\/loja\/wp-content\/uploads\/2023\/09\/fonte-para-animais-de-estimacao-drinkatt-innovagoods_497864-1.jpg","width":600,"height":600},{"@type":"BreadcrumbList","@id":"https:\/\/curiosidadesedicas.com\/loja\/produto\/fonte-p-animais-de-estimacao-drinkatt\/#breadcrumb","itemListElement":[{"@type":"ListItem","position":1,"name":"In\u00edcio","item":"https:\/\/curiosidadesedicas.com\/loja\/"},{"@type":"ListItem","position":2,"name":"Produtos","item":"https:\/\/curiosidadesedicas.com\/loja\/produtos\/"},{"@type":"ListItem","position":3,"name":"FONTE P\/ ANIMAIS DE ESTIMA\u00c7\u00c3O DRINKATT"}]},{"@type":"WebSite","@id":"https:\/\/curiosidadesedicas.com\/loja\/#website","url":"https:\/\/curiosidadesedicas.com\/loja\/","name":"Curiosidades &amp; Dicas, Lda","description":"Apaixonados Por Inova\u00e7\u00e3o","publisher":{"@id":"https:\/\/curiosidadesedicas.com\/loja\/#organization"},"potentialAction":[{"@type":"SearchAction","target":{"@type":"EntryPoint","urlTemplate":"https:\/\/curiosidadesedicas.com\/loja\/?s={search_term_string}"},"query-input":{"@type":"PropertyValueSpecification","valueRequired":true,"valueName":"search_term_string"}}],"inLanguage":"en-US"},{"@type":"Organization","@id":"https:\/\/curiosidadesedicas.com\/loja\/#organization","name":"Curiosidades & Dicas","url":"https:\/\/curiosidadesedicas.com\/loja\/","logo":{"@type":"ImageObject","inLanguage":"en-US","@id":"https:\/\/curiosidadesedicas.com\/loja\/#\/schema\/logo\/image\/","url":"https:\/\/curiosidadesedicas.com\/loja\/wp-content\/uploads\/2020\/05\/LogoCuriosidadesSimples.png","contentUrl":"https:\/\/curiosidadesedicas.com\/loja\/wp-content\/uploads\/2020\/05\/LogoCuriosidadesSimples.png","width":3528,"height":804,"caption":"Curiosidades & Dicas"},"image":{"@id":"https:\/\/curiosidadesedicas.com\/loja\/#\/schema\/logo\/image\/"}}]}},"_links":{"self":[{"href":"https:\/\/curiosidadesedicas.com\/loja\/en\/wp-json\/wp\/v2\/product\/30629","targetHints":{"allow":["GET"]}}],"collection":[{"href":"https:\/\/curiosidadesedicas.com\/loja\/en\/wp-json\/wp\/v2\/product"}],"about":[{"href":"https:\/\/curiosidadesedicas.com\/loja\/en\/wp-json\/wp\/v2\/types\/product"}],"replies":[{"embeddable":true,"href":"https:\/\/curiosidadesedicas.com\/loja\/en\/wp-json\/wp\/v2\/comments?post=30629"}],"wp:featuredmedia":[{"embeddable":true,"href":"https:\/\/curiosidadesedicas.com\/loja\/en\/wp-json\/wp\/v2\/media\/30638"}],"wp:attachment":[{"href":"https:\/\/curiosidadesedicas.com\/loja\/en\/wp-json\/wp\/v2\/media?parent=30629"}],"wp:term":[{"taxonomy":"product_brand","embeddable":true,"href":"https:\/\/curiosidadesedicas.com\/loja\/en\/wp-json\/wp\/v2\/product_brand?post=30629"},{"taxonomy":"product_cat","embeddable":true,"href":"https:\/\/curiosidadesedicas.com\/loja\/en\/wp-json\/wp\/v2\/product_cat?post=30629"},{"taxonomy":"product_tag","embeddable":true,"href":"https:\/\/curiosidadesedicas.com\/loja\/en\/wp-json\/wp\/v2\/product_tag?post=30629"}],"curies":[{"name":"wp","href":"https:\/\/api.w.org\/{rel}","templated":true}]}}