{"id":30451,"date":"2023-07-13T17:04:21","date_gmt":"2023-07-13T17:04:21","guid":{"rendered":"https:\/\/curiosidadesedicas.com\/loja\/?post_type=product&#038;p=30451"},"modified":"2025-06-25T14:07:58","modified_gmt":"2025-06-25T14:07:58","slug":"liquidificadora-de-copo-portatil-recarregavel-blendyr","status":"publish","type":"product","link":"https:\/\/curiosidadesedicas.com\/loja\/en\/product\/liquidificadora-de-copo-portatil-recarregavel-blendyr\/","title":{"rendered":"LIQUIDIFICADORA DE COPO PORT\u00c1TIL RECARREG\u00c1VEL BLENDYR"},"content":{"rendered":"<p>Uma batedeira com ta\u00e7a recarreg\u00e1vel para preparar batidos, sumos e smoothies naturais de forma pr\u00e1tica no escrit\u00f3rio, gin\u00e1sio, em casa, etc. Sem necessidade de cabos nem de tomadas. O design compacto e port\u00e1til permite que seja levada facilmente para qualquer lugar, no saco, na mochila, etc. As suas 6\u00a0afiadas l\u00e2minas de a\u00e7o inoxid\u00e1vel permitem triturar, remover, bater, etc. Com grande efic\u00e1cia. Tem 250\u00a0ml de capacidade, velocidade de 22\u00a0000\u00a0RPM e indicador LED de carga e funcionamento. Gra\u00e7as ao sistema de seguran\u00e7a, a batedeira n\u00e3o liga quando a ta\u00e7a n\u00e3o est\u00e1 corretamente colocada. O funcionamento \u00e9 muito simples, basta premir o bot\u00e3o on\/off at\u00e9 adquirir a textura pretendida. Recomenda-se agitar suavemente a batedeira para ajudar a melhorar o processo e conseguir um resultado mais homog\u00e9neo. Os alimentos s\u00f3lidos devem ser cortados em pequenos peda\u00e7os, ocupando um m\u00e1ximo de 40% do recipiente e acrescentar l\u00edquidos sem ultrapassar 90% da capacidade do recipiente. N\u00e3o utilizar frutos secos, nem alimentos rijos ou cascas. Desmonta-se facilmente para limpeza. Inclui cabo de carga USB para micro USB.<\/p>\n<p><img loading=\"lazy\" decoding=\"async\" class=\"\" src=\"https:\/\/curiosidadesedicas.com\/loja\/wp-content\/uploads\/2023\/07\/liquidificadora-de-copo-portatil-recarregavel-blendyr-innovagoods_317911-7.jpg\" width=\"437\" height=\"437\" \/><\/p>","protected":false},"excerpt":{"rendered":"<ul>\n<li>Material:\n<ul>\n<li>ABS<\/li>\n<li>PET<\/li>\n<li>A\u00e7o inoxid\u00e1vel<\/li>\n<\/ul>\n<\/li>\n<li>Cor:\n<ul>\n<li>Verde<\/li>\n<li>Transparente<\/li>\n<\/ul>\n<\/li>\n<li>Design moderno: Inovador e funcional<\/li>\n<li>Tipo:\n<ul>\n<li>El\u00e9trico<\/li>\n<li>Recarreg\u00e1vel<\/li>\n<li>Sem Fios<\/li>\n<\/ul>\n<\/li>\n<li>Original e port\u00e1til: Vers\u00e1til e adapt\u00e1vel<\/li>\n<li>Capacidade: 250 ml<\/li>\n<li>L\u00e2minas: x6<\/li>\n<li>Fecho de seguran\u00e7a: Indicador LED de funcionamento<\/li>\n<li>Utiliza\u00e7\u00e3o principal: Ideal para sumos de frutas, batidos, detox, smoothy e papas de beb\u00e9<\/li>\n<li>Bot\u00e3o \u00fanico: Bot\u00e3o on\/off<\/li>\n<li>F\u00e1cil de utilizar: Utiliza\u00e7\u00e3o c\u00f3moda e simples<\/li>\n<li>F\u00e1cil de desmontar e limpar: N\u00e3o indicado para m\u00e1quinas de lavar lou\u00e7a<\/li>\n<li>Leve e male\u00e1vel: F\u00e1cil de transportar e de guardar<\/li>\n<li>Velocidade: 22000 r.p.m.<\/li>\n<li>Pot\u00eancia: 30 W<\/li>\n<li>Carga USB: Inclui cabo USB para micro USB<\/li>\n<li>Bateria: Li-ion 1800 mAh<\/li>\n<li>DC In: 5 V \/ 1 A<\/li>\n<li>Medidas aprox.: \u00d87,5 x 17,5 cm<\/li>\n<\/ul>\n<p>&nbsp;<\/p>","protected":false},"featured_media":30464,"comment_status":"open","ping_status":"closed","template":"","meta":{"_glsr_average":0,"_glsr_ranking":0,"_glsr_reviews":0},"product_brand":[],"product_cat":[365,366],"product_tag":[],"class_list":{"0":"post-30451","1":"product","2":"type-product","3":"status-publish","4":"has-post-thumbnail","6":"product_cat-para-o-lar","7":"product_cat-cozinha","9":"first","10":"outofstock","11":"taxable","12":"shipping-taxable","13":"purchasable","14":"product-type-simple"},"yoast_head":"<!-- This site is optimized with the Yoast SEO plugin v26.8 - https:\/\/yoast.com\/product\/yoast-seo-wordpress\/ -->\n<title>LIQUIDIFICADORA DE COPO PORT\u00c1TIL RECARREG\u00c1VEL BLENDYR - Curiosidades &amp; Dicas, Lda<\/title>\n<meta name=\"robots\" content=\"index, follow, max-snippet:-1, max-image-preview:large, max-video-preview:-1\" \/>\n<link rel=\"canonical\" href=\"https:\/\/curiosidadesedicas.com\/loja\/en\/product\/liquidificadora-de-copo-portatil-recarregavel-blendyr\/\" \/>\n<meta property=\"og:locale\" content=\"en_US\" \/>\n<meta property=\"og:type\" content=\"article\" \/>\n<meta property=\"og:title\" content=\"LIQUIDIFICADORA DE COPO PORT\u00c1TIL RECARREG\u00c1VEL BLENDYR - Curiosidades &amp; Dicas, Lda\" \/>\n<meta property=\"og:description\" content=\"Material:   ABS  PET  A\u00e7o inoxid\u00e1vel    Cor:   Verde  Transparente    Design moderno: Inovador e funcional  Tipo:   El\u00e9trico  Recarreg\u00e1vel  Sem Fios    Original e port\u00e1til: Vers\u00e1til e adapt\u00e1vel  Capacidade: 250 ml  L\u00e2minas: x6  Fecho de seguran\u00e7a: Indicador LED de funcionamento  Utiliza\u00e7\u00e3o principal: Ideal para sumos de frutas, batidos, detox, smoothy e papas de beb\u00e9  Bot\u00e3o \u00fanico: Bot\u00e3o on\/off  F\u00e1cil de utilizar: Utiliza\u00e7\u00e3o c\u00f3moda e simples  F\u00e1cil de desmontar e limpar: N\u00e3o indicado para m\u00e1quinas de lavar lou\u00e7a  Leve e male\u00e1vel: F\u00e1cil de transportar e de guardar  Velocidade: 22000 r.p.m.  Pot\u00eancia: 30 W  Carga USB: Inclui cabo USB para micro USB  Bateria: Li-ion 1800 mAh  DC In: 5 V \/ 1 A  Medidas aprox.: \u00d87,5 x 17,5 cm  &nbsp;\" \/>\n<meta property=\"og:url\" content=\"https:\/\/curiosidadesedicas.com\/loja\/en\/product\/liquidificadora-de-copo-portatil-recarregavel-blendyr\/\" \/>\n<meta property=\"og:site_name\" content=\"Curiosidades &amp; Dicas, Lda\" \/>\n<meta property=\"article:modified_time\" content=\"2025-06-25T14:07:58+00:00\" \/>\n<meta property=\"og:image\" content=\"https:\/\/curiosidadesedicas.com\/loja\/wp-content\/uploads\/2023\/07\/liquidificadora-de-copo-portatil-recarregavel-blendyr-innovagoods_317911.jpg\" \/>\n\t<meta property=\"og:image:width\" content=\"600\" \/>\n\t<meta property=\"og:image:height\" content=\"600\" \/>\n\t<meta property=\"og:image:type\" content=\"image\/jpeg\" \/>\n<meta name=\"twitter:card\" content=\"summary_large_image\" \/>\n<meta name=\"twitter:label1\" content=\"Est. reading time\" \/>\n\t<meta name=\"twitter:data1\" content=\"2 minutes\" \/>\n<script type=\"application\/ld+json\" class=\"yoast-schema-graph\">{\"@context\":\"https:\/\/schema.org\",\"@graph\":[{\"@type\":\"WebPage\",\"@id\":\"https:\/\/curiosidadesedicas.com\/loja\/produto\/liquidificadora-de-copo-portatil-recarregavel-blendyr\/\",\"url\":\"https:\/\/curiosidadesedicas.com\/loja\/produto\/liquidificadora-de-copo-portatil-recarregavel-blendyr\/\",\"name\":\"LIQUIDIFICADORA DE COPO PORT\u00c1TIL RECARREG\u00c1VEL BLENDYR - Curiosidades &amp; Dicas, Lda\",\"isPartOf\":{\"@id\":\"https:\/\/curiosidadesedicas.com\/loja\/#website\"},\"primaryImageOfPage\":{\"@id\":\"https:\/\/curiosidadesedicas.com\/loja\/produto\/liquidificadora-de-copo-portatil-recarregavel-blendyr\/#primaryimage\"},\"image\":{\"@id\":\"https:\/\/curiosidadesedicas.com\/loja\/produto\/liquidificadora-de-copo-portatil-recarregavel-blendyr\/#primaryimage\"},\"thumbnailUrl\":\"https:\/\/curiosidadesedicas.com\/loja\/wp-content\/uploads\/2023\/07\/liquidificadora-de-copo-portatil-recarregavel-blendyr-innovagoods_317911.jpg\",\"datePublished\":\"2023-07-13T17:04:21+00:00\",\"dateModified\":\"2025-06-25T14:07:58+00:00\",\"breadcrumb\":{\"@id\":\"https:\/\/curiosidadesedicas.com\/loja\/produto\/liquidificadora-de-copo-portatil-recarregavel-blendyr\/#breadcrumb\"},\"inLanguage\":\"en-US\",\"potentialAction\":[{\"@type\":\"ReadAction\",\"target\":[\"https:\/\/curiosidadesedicas.com\/loja\/produto\/liquidificadora-de-copo-portatil-recarregavel-blendyr\/\"]}]},{\"@type\":\"ImageObject\",\"inLanguage\":\"en-US\",\"@id\":\"https:\/\/curiosidadesedicas.com\/loja\/produto\/liquidificadora-de-copo-portatil-recarregavel-blendyr\/#primaryimage\",\"url\":\"https:\/\/curiosidadesedicas.com\/loja\/wp-content\/uploads\/2023\/07\/liquidificadora-de-copo-portatil-recarregavel-blendyr-innovagoods_317911.jpg\",\"contentUrl\":\"https:\/\/curiosidadesedicas.com\/loja\/wp-content\/uploads\/2023\/07\/liquidificadora-de-copo-portatil-recarregavel-blendyr-innovagoods_317911.jpg\",\"width\":600,\"height\":600},{\"@type\":\"BreadcrumbList\",\"@id\":\"https:\/\/curiosidadesedicas.com\/loja\/produto\/liquidificadora-de-copo-portatil-recarregavel-blendyr\/#breadcrumb\",\"itemListElement\":[{\"@type\":\"ListItem\",\"position\":1,\"name\":\"In\u00edcio\",\"item\":\"https:\/\/curiosidadesedicas.com\/loja\/\"},{\"@type\":\"ListItem\",\"position\":2,\"name\":\"Produtos\",\"item\":\"https:\/\/curiosidadesedicas.com\/loja\/produtos\/\"},{\"@type\":\"ListItem\",\"position\":3,\"name\":\"LIQUIDIFICADORA DE COPO PORT\u00c1TIL RECARREG\u00c1VEL BLENDYR\"}]},{\"@type\":\"WebSite\",\"@id\":\"https:\/\/curiosidadesedicas.com\/loja\/#website\",\"url\":\"https:\/\/curiosidadesedicas.com\/loja\/\",\"name\":\"Curiosidades &amp; Dicas, Lda\",\"description\":\"Apaixonados Por Inova\u00e7\u00e3o\",\"publisher\":{\"@id\":\"https:\/\/curiosidadesedicas.com\/loja\/#organization\"},\"potentialAction\":[{\"@type\":\"SearchAction\",\"target\":{\"@type\":\"EntryPoint\",\"urlTemplate\":\"https:\/\/curiosidadesedicas.com\/loja\/?s={search_term_string}\"},\"query-input\":{\"@type\":\"PropertyValueSpecification\",\"valueRequired\":true,\"valueName\":\"search_term_string\"}}],\"inLanguage\":\"en-US\"},{\"@type\":\"Organization\",\"@id\":\"https:\/\/curiosidadesedicas.com\/loja\/#organization\",\"name\":\"Curiosidades & Dicas\",\"url\":\"https:\/\/curiosidadesedicas.com\/loja\/\",\"logo\":{\"@type\":\"ImageObject\",\"inLanguage\":\"en-US\",\"@id\":\"https:\/\/curiosidadesedicas.com\/loja\/#\/schema\/logo\/image\/\",\"url\":\"https:\/\/curiosidadesedicas.com\/loja\/wp-content\/uploads\/2020\/05\/LogoCuriosidadesSimples.png\",\"contentUrl\":\"https:\/\/curiosidadesedicas.com\/loja\/wp-content\/uploads\/2020\/05\/LogoCuriosidadesSimples.png\",\"width\":3528,\"height\":804,\"caption\":\"Curiosidades & Dicas\"},\"image\":{\"@id\":\"https:\/\/curiosidadesedicas.com\/loja\/#\/schema\/logo\/image\/\"}}]}<\/script>\n<!-- \/ Yoast SEO plugin. -->","yoast_head_json":{"title":"LIQUIDIFICADORA DE COPO PORT\u00c1TIL RECARREG\u00c1VEL BLENDYR - Curiosidades &amp; Dicas, Lda","robots":{"index":"index","follow":"follow","max-snippet":"max-snippet:-1","max-image-preview":"max-image-preview:large","max-video-preview":"max-video-preview:-1"},"canonical":"https:\/\/curiosidadesedicas.com\/loja\/en\/product\/liquidificadora-de-copo-portatil-recarregavel-blendyr\/","og_locale":"en_US","og_type":"article","og_title":"LIQUIDIFICADORA DE COPO PORT\u00c1TIL RECARREG\u00c1VEL BLENDYR - Curiosidades &amp; Dicas, Lda","og_description":"Material:   ABS  PET  A\u00e7o inoxid\u00e1vel    Cor:   Verde  Transparente    Design moderno: Inovador e funcional  Tipo:   El\u00e9trico  Recarreg\u00e1vel  Sem Fios    Original e port\u00e1til: Vers\u00e1til e adapt\u00e1vel  Capacidade: 250 ml  L\u00e2minas: x6  Fecho de seguran\u00e7a: Indicador LED de funcionamento  Utiliza\u00e7\u00e3o principal: Ideal para sumos de frutas, batidos, detox, smoothy e papas de beb\u00e9  Bot\u00e3o \u00fanico: Bot\u00e3o on\/off  F\u00e1cil de utilizar: Utiliza\u00e7\u00e3o c\u00f3moda e simples  F\u00e1cil de desmontar e limpar: N\u00e3o indicado para m\u00e1quinas de lavar lou\u00e7a  Leve e male\u00e1vel: F\u00e1cil de transportar e de guardar  Velocidade: 22000 r.p.m.  Pot\u00eancia: 30 W  Carga USB: Inclui cabo USB para micro USB  Bateria: Li-ion 1800 mAh  DC In: 5 V \/ 1 A  Medidas aprox.: \u00d87,5 x 17,5 cm  &nbsp;","og_url":"https:\/\/curiosidadesedicas.com\/loja\/en\/product\/liquidificadora-de-copo-portatil-recarregavel-blendyr\/","og_site_name":"Curiosidades &amp; Dicas, Lda","article_modified_time":"2025-06-25T14:07:58+00:00","og_image":[{"width":600,"height":600,"url":"https:\/\/curiosidadesedicas.com\/loja\/wp-content\/uploads\/2023\/07\/liquidificadora-de-copo-portatil-recarregavel-blendyr-innovagoods_317911.jpg","type":"image\/jpeg"}],"twitter_card":"summary_large_image","twitter_misc":{"Est. reading time":"2 minutes"},"schema":{"@context":"https:\/\/schema.org","@graph":[{"@type":"WebPage","@id":"https:\/\/curiosidadesedicas.com\/loja\/produto\/liquidificadora-de-copo-portatil-recarregavel-blendyr\/","url":"https:\/\/curiosidadesedicas.com\/loja\/produto\/liquidificadora-de-copo-portatil-recarregavel-blendyr\/","name":"LIQUIDIFICADORA DE COPO PORT\u00c1TIL RECARREG\u00c1VEL BLENDYR - Curiosidades &amp; Dicas, Lda","isPartOf":{"@id":"https:\/\/curiosidadesedicas.com\/loja\/#website"},"primaryImageOfPage":{"@id":"https:\/\/curiosidadesedicas.com\/loja\/produto\/liquidificadora-de-copo-portatil-recarregavel-blendyr\/#primaryimage"},"image":{"@id":"https:\/\/curiosidadesedicas.com\/loja\/produto\/liquidificadora-de-copo-portatil-recarregavel-blendyr\/#primaryimage"},"thumbnailUrl":"https:\/\/curiosidadesedicas.com\/loja\/wp-content\/uploads\/2023\/07\/liquidificadora-de-copo-portatil-recarregavel-blendyr-innovagoods_317911.jpg","datePublished":"2023-07-13T17:04:21+00:00","dateModified":"2025-06-25T14:07:58+00:00","breadcrumb":{"@id":"https:\/\/curiosidadesedicas.com\/loja\/produto\/liquidificadora-de-copo-portatil-recarregavel-blendyr\/#breadcrumb"},"inLanguage":"en-US","potentialAction":[{"@type":"ReadAction","target":["https:\/\/curiosidadesedicas.com\/loja\/produto\/liquidificadora-de-copo-portatil-recarregavel-blendyr\/"]}]},{"@type":"ImageObject","inLanguage":"en-US","@id":"https:\/\/curiosidadesedicas.com\/loja\/produto\/liquidificadora-de-copo-portatil-recarregavel-blendyr\/#primaryimage","url":"https:\/\/curiosidadesedicas.com\/loja\/wp-content\/uploads\/2023\/07\/liquidificadora-de-copo-portatil-recarregavel-blendyr-innovagoods_317911.jpg","contentUrl":"https:\/\/curiosidadesedicas.com\/loja\/wp-content\/uploads\/2023\/07\/liquidificadora-de-copo-portatil-recarregavel-blendyr-innovagoods_317911.jpg","width":600,"height":600},{"@type":"BreadcrumbList","@id":"https:\/\/curiosidadesedicas.com\/loja\/produto\/liquidificadora-de-copo-portatil-recarregavel-blendyr\/#breadcrumb","itemListElement":[{"@type":"ListItem","position":1,"name":"In\u00edcio","item":"https:\/\/curiosidadesedicas.com\/loja\/"},{"@type":"ListItem","position":2,"name":"Produtos","item":"https:\/\/curiosidadesedicas.com\/loja\/produtos\/"},{"@type":"ListItem","position":3,"name":"LIQUIDIFICADORA DE COPO PORT\u00c1TIL RECARREG\u00c1VEL BLENDYR"}]},{"@type":"WebSite","@id":"https:\/\/curiosidadesedicas.com\/loja\/#website","url":"https:\/\/curiosidadesedicas.com\/loja\/","name":"Curiosidades &amp; Dicas, Lda","description":"Apaixonados Por Inova\u00e7\u00e3o","publisher":{"@id":"https:\/\/curiosidadesedicas.com\/loja\/#organization"},"potentialAction":[{"@type":"SearchAction","target":{"@type":"EntryPoint","urlTemplate":"https:\/\/curiosidadesedicas.com\/loja\/?s={search_term_string}"},"query-input":{"@type":"PropertyValueSpecification","valueRequired":true,"valueName":"search_term_string"}}],"inLanguage":"en-US"},{"@type":"Organization","@id":"https:\/\/curiosidadesedicas.com\/loja\/#organization","name":"Curiosidades & Dicas","url":"https:\/\/curiosidadesedicas.com\/loja\/","logo":{"@type":"ImageObject","inLanguage":"en-US","@id":"https:\/\/curiosidadesedicas.com\/loja\/#\/schema\/logo\/image\/","url":"https:\/\/curiosidadesedicas.com\/loja\/wp-content\/uploads\/2020\/05\/LogoCuriosidadesSimples.png","contentUrl":"https:\/\/curiosidadesedicas.com\/loja\/wp-content\/uploads\/2020\/05\/LogoCuriosidadesSimples.png","width":3528,"height":804,"caption":"Curiosidades & Dicas"},"image":{"@id":"https:\/\/curiosidadesedicas.com\/loja\/#\/schema\/logo\/image\/"}}]}},"_links":{"self":[{"href":"https:\/\/curiosidadesedicas.com\/loja\/en\/wp-json\/wp\/v2\/product\/30451","targetHints":{"allow":["GET"]}}],"collection":[{"href":"https:\/\/curiosidadesedicas.com\/loja\/en\/wp-json\/wp\/v2\/product"}],"about":[{"href":"https:\/\/curiosidadesedicas.com\/loja\/en\/wp-json\/wp\/v2\/types\/product"}],"replies":[{"embeddable":true,"href":"https:\/\/curiosidadesedicas.com\/loja\/en\/wp-json\/wp\/v2\/comments?post=30451"}],"wp:featuredmedia":[{"embeddable":true,"href":"https:\/\/curiosidadesedicas.com\/loja\/en\/wp-json\/wp\/v2\/media\/30464"}],"wp:attachment":[{"href":"https:\/\/curiosidadesedicas.com\/loja\/en\/wp-json\/wp\/v2\/media?parent=30451"}],"wp:term":[{"taxonomy":"product_brand","embeddable":true,"href":"https:\/\/curiosidadesedicas.com\/loja\/en\/wp-json\/wp\/v2\/product_brand?post=30451"},{"taxonomy":"product_cat","embeddable":true,"href":"https:\/\/curiosidadesedicas.com\/loja\/en\/wp-json\/wp\/v2\/product_cat?post=30451"},{"taxonomy":"product_tag","embeddable":true,"href":"https:\/\/curiosidadesedicas.com\/loja\/en\/wp-json\/wp\/v2\/product_tag?post=30451"}],"curies":[{"name":"wp","href":"https:\/\/api.w.org\/{rel}","templated":true}]}}