{"id":30415,"date":"2023-06-14T12:34:03","date_gmt":"2023-06-14T12:34:03","guid":{"rendered":"https:\/\/curiosidadesedicas.com\/loja\/?post_type=product&#038;p=30415"},"modified":"2025-03-12T09:08:35","modified_gmt":"2025-03-12T09:08:35","slug":"sombra-p-o-automovel-uvlock-pack-de-2-uds","status":"publish","type":"product","link":"https:\/\/curiosidadesedicas.com\/loja\/en\/product\/sombra-p-o-automovel-uvlock-pack-de-2-uds\/","title":{"rendered":"MOSQUITEIRA P\/ O AUTOM\u00d3VEL UVLOCK | PACK DE 2 UDS"},"content":{"rendered":"<p>Uma original capa com prote\u00e7\u00e3o UV para fazer sombra no autom\u00f3vel e proteger os passageiros dos raios de sol, evitando o reflexo nos olhos, que n\u00e3o s\u00f3 \u00e9 inc\u00f3modo, como prejudicial. Al\u00e9m da prote\u00e7\u00e3o solar, esta sombra reduz igualmente a sensa\u00e7\u00e3o de calor e \u00e9 respir\u00e1vel, favorecendo, assim, a circula\u00e7\u00e3o do ar. Entre as suas grandes vantagens, destaca-se o fato de oferecer total cobertura, n\u00e3o impedir a visibilidade e permitir abrir o vidro do autom\u00f3vel sem problemas, ao contr\u00e1rio de outro modelos. Esta capa multifun\u00e7\u00f5es bloqueia os raios UV, impede a entrada de insetos atrav\u00e9s do vidro do autom\u00f3vel e protege a privacidade dos passageiros (crian\u00e7as e adultos) na traseira do ve\u00edculo. O design universal, leve, flex\u00edvel e ajust\u00e1vel adapta-se a qualquer vidro de autom\u00f3vel e a praticamente todos os tamanhos. O conjunto inclui 2 capas protetoras e 6 tiras de velcro adesivas (2+4 sobresselentes) para melhorar a fixa\u00e7\u00e3o. \u00c9 f\u00e1cil de instalar nos vidros laterais traseiros do autom\u00f3vel. Ambas as capas t\u00eam fitas el\u00e1sticas que podem ser fixadas ao vidro com os velcros adesivos (conforme indicado no manual inclu\u00eddo). Recomenda-se limpar as capas \u00e0 m\u00e3o.<\/p>\n<p><img loading=\"lazy\" decoding=\"async\" class=\"\" src=\"https:\/\/curiosidadesedicas.com\/loja\/wp-content\/uploads\/2023\/06\/sombra-para-o-automovel-uvlock-innovagoods-pack-de-2-uds_312940-2.jpg\" width=\"479\" height=\"479\" \/><\/p>","protected":false},"excerpt":{"rendered":"<ul>\n<li>Material:\n<ul>\n<li>92 % Poli\u00e9ster<\/li>\n<li>8 % Elastano<\/li>\n<\/ul>\n<\/li>\n<li>Cor: Preto<\/li>\n<li>Design moderno: Inovador e funcional<\/li>\n<li>Tipo:\n<ul>\n<li>Universal<\/li>\n<li>Multifun\u00e7\u00e3o<\/li>\n<\/ul>\n<\/li>\n<li>Ajust\u00e1vel: El\u00e1stico, flex\u00edvel e adapt\u00e1vel<\/li>\n<li>Prote\u00e7\u00e3o UV: Resistente aos raios UV<\/li>\n<li>Transpir\u00e1vel: Favorece a circula\u00e7\u00e3o do ar<\/li>\n<li>Filtro solar: Reduz a sensa\u00e7\u00e3o de calor<\/li>\n<li>Ampla cobertura: 100 %<\/li>\n<li>Inclui tira de velcro adesiva:\n<ul>\n<li>x6<\/li>\n<li>Apoio est\u00e1vel<\/li>\n<\/ul>\n<\/li>\n<li>Utiliza\u00e7\u00e3o principal: Prote\u00e7\u00e3o solar<\/li>\n<li>Utiliza\u00e7\u00e3o secund\u00e1ria: Insetos voadores<\/li>\n<li>Protege a privacidade: Ideal para crian\u00e7as e adultos<\/li>\n<li>F\u00e1cil de utilizar: Utiliza\u00e7\u00e3o c\u00f3moda e simples<\/li>\n<li>F\u00e1cil instala\u00e7\u00e3o: Sem montagem ou ferramentas<\/li>\n<li>F\u00e1cil limpeza: Lavar \u00e0 m\u00e3o<\/li>\n<li>Leve e male\u00e1vel: F\u00e1cil de transportar e de guardar<\/li>\n<li>Unidades: Pack de 2 uds<\/li>\n<li>Medidas aprox.: 50 x 50 cm<\/li>\n<\/ul>","protected":false},"featured_media":30417,"comment_status":"open","ping_status":"closed","template":"","meta":{"_glsr_average":0,"_glsr_ranking":0,"_glsr_reviews":0},"product_brand":[],"product_cat":[389,350,351],"product_tag":[],"class_list":{"0":"post-30415","1":"product","2":"type-product","3":"status-publish","4":"has-post-thumbnail","6":"product_cat-naturais","7":"product_cat-gadgets","8":"product_cat-p-carro","10":"first","11":"instock","12":"taxable","13":"shipping-taxable","14":"purchasable","15":"product-type-simple"},"yoast_head":"<!-- This site is optimized with the Yoast SEO plugin v26.8 - https:\/\/yoast.com\/product\/yoast-seo-wordpress\/ -->\n<title>MOSQUITEIRA P\/ O AUTOM\u00d3VEL UVLOCK | PACK DE 2 UDS - Curiosidades &amp; Dicas, Lda<\/title>\n<meta name=\"robots\" content=\"index, follow, max-snippet:-1, max-image-preview:large, max-video-preview:-1\" \/>\n<link rel=\"canonical\" href=\"https:\/\/curiosidadesedicas.com\/loja\/en\/product\/sombra-p-o-automovel-uvlock-pack-de-2-uds\/\" \/>\n<meta property=\"og:locale\" content=\"en_US\" \/>\n<meta property=\"og:type\" content=\"article\" \/>\n<meta property=\"og:title\" content=\"MOSQUITEIRA P\/ O AUTOM\u00d3VEL UVLOCK | PACK DE 2 UDS - Curiosidades &amp; Dicas, Lda\" \/>\n<meta property=\"og:description\" content=\"Material:   92 % Poli\u00e9ster  8 % Elastano    Cor: Preto  Design moderno: Inovador e funcional  Tipo:   Universal  Multifun\u00e7\u00e3o    Ajust\u00e1vel: El\u00e1stico, flex\u00edvel e adapt\u00e1vel  Prote\u00e7\u00e3o UV: Resistente aos raios UV  Transpir\u00e1vel: Favorece a circula\u00e7\u00e3o do ar  Filtro solar: Reduz a sensa\u00e7\u00e3o de calor  Ampla cobertura: 100 %  Inclui tira de velcro adesiva:   x6  Apoio est\u00e1vel    Utiliza\u00e7\u00e3o principal: Prote\u00e7\u00e3o solar  Utiliza\u00e7\u00e3o secund\u00e1ria: Insetos voadores  Protege a privacidade: Ideal para crian\u00e7as e adultos  F\u00e1cil de utilizar: Utiliza\u00e7\u00e3o c\u00f3moda e simples  F\u00e1cil instala\u00e7\u00e3o: Sem montagem ou ferramentas  F\u00e1cil limpeza: Lavar \u00e0 m\u00e3o  Leve e male\u00e1vel: F\u00e1cil de transportar e de guardar  Unidades: Pack de 2 uds  Medidas aprox.: 50 x 50 cm\" \/>\n<meta property=\"og:url\" content=\"https:\/\/curiosidadesedicas.com\/loja\/en\/product\/sombra-p-o-automovel-uvlock-pack-de-2-uds\/\" \/>\n<meta property=\"og:site_name\" content=\"Curiosidades &amp; Dicas, Lda\" \/>\n<meta property=\"article:modified_time\" content=\"2025-03-12T09:08:35+00:00\" \/>\n<meta property=\"og:image\" content=\"https:\/\/curiosidadesedicas.com\/loja\/wp-content\/uploads\/2023\/06\/2.png\" \/>\n\t<meta property=\"og:image:width\" content=\"596\" \/>\n\t<meta property=\"og:image:height\" content=\"586\" \/>\n\t<meta property=\"og:image:type\" content=\"image\/png\" \/>\n<meta name=\"twitter:card\" content=\"summary_large_image\" \/>\n<meta name=\"twitter:label1\" content=\"Est. reading time\" \/>\n\t<meta name=\"twitter:data1\" content=\"2 minutes\" \/>\n<script type=\"application\/ld+json\" class=\"yoast-schema-graph\">{\"@context\":\"https:\/\/schema.org\",\"@graph\":[{\"@type\":\"WebPage\",\"@id\":\"https:\/\/curiosidadesedicas.com\/loja\/produto\/sombra-p-o-automovel-uvlock-pack-de-2-uds\/\",\"url\":\"https:\/\/curiosidadesedicas.com\/loja\/produto\/sombra-p-o-automovel-uvlock-pack-de-2-uds\/\",\"name\":\"MOSQUITEIRA P\/ O AUTOM\u00d3VEL UVLOCK | PACK DE 2 UDS - Curiosidades &amp; Dicas, Lda\",\"isPartOf\":{\"@id\":\"https:\/\/curiosidadesedicas.com\/loja\/#website\"},\"primaryImageOfPage\":{\"@id\":\"https:\/\/curiosidadesedicas.com\/loja\/produto\/sombra-p-o-automovel-uvlock-pack-de-2-uds\/#primaryimage\"},\"image\":{\"@id\":\"https:\/\/curiosidadesedicas.com\/loja\/produto\/sombra-p-o-automovel-uvlock-pack-de-2-uds\/#primaryimage\"},\"thumbnailUrl\":\"https:\/\/curiosidadesedicas.com\/loja\/wp-content\/uploads\/2023\/06\/2.png\",\"datePublished\":\"2023-06-14T12:34:03+00:00\",\"dateModified\":\"2025-03-12T09:08:35+00:00\",\"breadcrumb\":{\"@id\":\"https:\/\/curiosidadesedicas.com\/loja\/produto\/sombra-p-o-automovel-uvlock-pack-de-2-uds\/#breadcrumb\"},\"inLanguage\":\"en-US\",\"potentialAction\":[{\"@type\":\"ReadAction\",\"target\":[\"https:\/\/curiosidadesedicas.com\/loja\/produto\/sombra-p-o-automovel-uvlock-pack-de-2-uds\/\"]}]},{\"@type\":\"ImageObject\",\"inLanguage\":\"en-US\",\"@id\":\"https:\/\/curiosidadesedicas.com\/loja\/produto\/sombra-p-o-automovel-uvlock-pack-de-2-uds\/#primaryimage\",\"url\":\"https:\/\/curiosidadesedicas.com\/loja\/wp-content\/uploads\/2023\/06\/2.png\",\"contentUrl\":\"https:\/\/curiosidadesedicas.com\/loja\/wp-content\/uploads\/2023\/06\/2.png\",\"width\":596,\"height\":586},{\"@type\":\"BreadcrumbList\",\"@id\":\"https:\/\/curiosidadesedicas.com\/loja\/produto\/sombra-p-o-automovel-uvlock-pack-de-2-uds\/#breadcrumb\",\"itemListElement\":[{\"@type\":\"ListItem\",\"position\":1,\"name\":\"In\u00edcio\",\"item\":\"https:\/\/curiosidadesedicas.com\/loja\/\"},{\"@type\":\"ListItem\",\"position\":2,\"name\":\"Produtos\",\"item\":\"https:\/\/curiosidadesedicas.com\/loja\/produtos\/\"},{\"@type\":\"ListItem\",\"position\":3,\"name\":\"MOSQUITEIRA P\/ O AUTOM\u00d3VEL UVLOCK | PACK DE 2 UDS\"}]},{\"@type\":\"WebSite\",\"@id\":\"https:\/\/curiosidadesedicas.com\/loja\/#website\",\"url\":\"https:\/\/curiosidadesedicas.com\/loja\/\",\"name\":\"Curiosidades &amp; Dicas, Lda\",\"description\":\"Apaixonados Por Inova\u00e7\u00e3o\",\"publisher\":{\"@id\":\"https:\/\/curiosidadesedicas.com\/loja\/#organization\"},\"potentialAction\":[{\"@type\":\"SearchAction\",\"target\":{\"@type\":\"EntryPoint\",\"urlTemplate\":\"https:\/\/curiosidadesedicas.com\/loja\/?s={search_term_string}\"},\"query-input\":{\"@type\":\"PropertyValueSpecification\",\"valueRequired\":true,\"valueName\":\"search_term_string\"}}],\"inLanguage\":\"en-US\"},{\"@type\":\"Organization\",\"@id\":\"https:\/\/curiosidadesedicas.com\/loja\/#organization\",\"name\":\"Curiosidades & Dicas\",\"url\":\"https:\/\/curiosidadesedicas.com\/loja\/\",\"logo\":{\"@type\":\"ImageObject\",\"inLanguage\":\"en-US\",\"@id\":\"https:\/\/curiosidadesedicas.com\/loja\/#\/schema\/logo\/image\/\",\"url\":\"https:\/\/curiosidadesedicas.com\/loja\/wp-content\/uploads\/2020\/05\/LogoCuriosidadesSimples.png\",\"contentUrl\":\"https:\/\/curiosidadesedicas.com\/loja\/wp-content\/uploads\/2020\/05\/LogoCuriosidadesSimples.png\",\"width\":3528,\"height\":804,\"caption\":\"Curiosidades & Dicas\"},\"image\":{\"@id\":\"https:\/\/curiosidadesedicas.com\/loja\/#\/schema\/logo\/image\/\"}}]}<\/script>\n<!-- \/ Yoast SEO plugin. -->","yoast_head_json":{"title":"MOSQUITEIRA P\/ O AUTOM\u00d3VEL UVLOCK | PACK DE 2 UDS - Curiosidades &amp; Dicas, Lda","robots":{"index":"index","follow":"follow","max-snippet":"max-snippet:-1","max-image-preview":"max-image-preview:large","max-video-preview":"max-video-preview:-1"},"canonical":"https:\/\/curiosidadesedicas.com\/loja\/en\/product\/sombra-p-o-automovel-uvlock-pack-de-2-uds\/","og_locale":"en_US","og_type":"article","og_title":"MOSQUITEIRA P\/ O AUTOM\u00d3VEL UVLOCK | PACK DE 2 UDS - Curiosidades &amp; Dicas, Lda","og_description":"Material:   92 % Poli\u00e9ster  8 % Elastano    Cor: Preto  Design moderno: Inovador e funcional  Tipo:   Universal  Multifun\u00e7\u00e3o    Ajust\u00e1vel: El\u00e1stico, flex\u00edvel e adapt\u00e1vel  Prote\u00e7\u00e3o UV: Resistente aos raios UV  Transpir\u00e1vel: Favorece a circula\u00e7\u00e3o do ar  Filtro solar: Reduz a sensa\u00e7\u00e3o de calor  Ampla cobertura: 100 %  Inclui tira de velcro adesiva:   x6  Apoio est\u00e1vel    Utiliza\u00e7\u00e3o principal: Prote\u00e7\u00e3o solar  Utiliza\u00e7\u00e3o secund\u00e1ria: Insetos voadores  Protege a privacidade: Ideal para crian\u00e7as e adultos  F\u00e1cil de utilizar: Utiliza\u00e7\u00e3o c\u00f3moda e simples  F\u00e1cil instala\u00e7\u00e3o: Sem montagem ou ferramentas  F\u00e1cil limpeza: Lavar \u00e0 m\u00e3o  Leve e male\u00e1vel: F\u00e1cil de transportar e de guardar  Unidades: Pack de 2 uds  Medidas aprox.: 50 x 50 cm","og_url":"https:\/\/curiosidadesedicas.com\/loja\/en\/product\/sombra-p-o-automovel-uvlock-pack-de-2-uds\/","og_site_name":"Curiosidades &amp; Dicas, Lda","article_modified_time":"2025-03-12T09:08:35+00:00","og_image":[{"width":596,"height":586,"url":"https:\/\/curiosidadesedicas.com\/loja\/wp-content\/uploads\/2023\/06\/2.png","type":"image\/png"}],"twitter_card":"summary_large_image","twitter_misc":{"Est. reading time":"2 minutes"},"schema":{"@context":"https:\/\/schema.org","@graph":[{"@type":"WebPage","@id":"https:\/\/curiosidadesedicas.com\/loja\/produto\/sombra-p-o-automovel-uvlock-pack-de-2-uds\/","url":"https:\/\/curiosidadesedicas.com\/loja\/produto\/sombra-p-o-automovel-uvlock-pack-de-2-uds\/","name":"MOSQUITEIRA P\/ O AUTOM\u00d3VEL UVLOCK | PACK DE 2 UDS - Curiosidades &amp; Dicas, Lda","isPartOf":{"@id":"https:\/\/curiosidadesedicas.com\/loja\/#website"},"primaryImageOfPage":{"@id":"https:\/\/curiosidadesedicas.com\/loja\/produto\/sombra-p-o-automovel-uvlock-pack-de-2-uds\/#primaryimage"},"image":{"@id":"https:\/\/curiosidadesedicas.com\/loja\/produto\/sombra-p-o-automovel-uvlock-pack-de-2-uds\/#primaryimage"},"thumbnailUrl":"https:\/\/curiosidadesedicas.com\/loja\/wp-content\/uploads\/2023\/06\/2.png","datePublished":"2023-06-14T12:34:03+00:00","dateModified":"2025-03-12T09:08:35+00:00","breadcrumb":{"@id":"https:\/\/curiosidadesedicas.com\/loja\/produto\/sombra-p-o-automovel-uvlock-pack-de-2-uds\/#breadcrumb"},"inLanguage":"en-US","potentialAction":[{"@type":"ReadAction","target":["https:\/\/curiosidadesedicas.com\/loja\/produto\/sombra-p-o-automovel-uvlock-pack-de-2-uds\/"]}]},{"@type":"ImageObject","inLanguage":"en-US","@id":"https:\/\/curiosidadesedicas.com\/loja\/produto\/sombra-p-o-automovel-uvlock-pack-de-2-uds\/#primaryimage","url":"https:\/\/curiosidadesedicas.com\/loja\/wp-content\/uploads\/2023\/06\/2.png","contentUrl":"https:\/\/curiosidadesedicas.com\/loja\/wp-content\/uploads\/2023\/06\/2.png","width":596,"height":586},{"@type":"BreadcrumbList","@id":"https:\/\/curiosidadesedicas.com\/loja\/produto\/sombra-p-o-automovel-uvlock-pack-de-2-uds\/#breadcrumb","itemListElement":[{"@type":"ListItem","position":1,"name":"In\u00edcio","item":"https:\/\/curiosidadesedicas.com\/loja\/"},{"@type":"ListItem","position":2,"name":"Produtos","item":"https:\/\/curiosidadesedicas.com\/loja\/produtos\/"},{"@type":"ListItem","position":3,"name":"MOSQUITEIRA P\/ O AUTOM\u00d3VEL UVLOCK | PACK DE 2 UDS"}]},{"@type":"WebSite","@id":"https:\/\/curiosidadesedicas.com\/loja\/#website","url":"https:\/\/curiosidadesedicas.com\/loja\/","name":"Curiosidades &amp; Dicas, Lda","description":"Apaixonados Por Inova\u00e7\u00e3o","publisher":{"@id":"https:\/\/curiosidadesedicas.com\/loja\/#organization"},"potentialAction":[{"@type":"SearchAction","target":{"@type":"EntryPoint","urlTemplate":"https:\/\/curiosidadesedicas.com\/loja\/?s={search_term_string}"},"query-input":{"@type":"PropertyValueSpecification","valueRequired":true,"valueName":"search_term_string"}}],"inLanguage":"en-US"},{"@type":"Organization","@id":"https:\/\/curiosidadesedicas.com\/loja\/#organization","name":"Curiosidades & Dicas","url":"https:\/\/curiosidadesedicas.com\/loja\/","logo":{"@type":"ImageObject","inLanguage":"en-US","@id":"https:\/\/curiosidadesedicas.com\/loja\/#\/schema\/logo\/image\/","url":"https:\/\/curiosidadesedicas.com\/loja\/wp-content\/uploads\/2020\/05\/LogoCuriosidadesSimples.png","contentUrl":"https:\/\/curiosidadesedicas.com\/loja\/wp-content\/uploads\/2020\/05\/LogoCuriosidadesSimples.png","width":3528,"height":804,"caption":"Curiosidades & Dicas"},"image":{"@id":"https:\/\/curiosidadesedicas.com\/loja\/#\/schema\/logo\/image\/"}}]}},"_links":{"self":[{"href":"https:\/\/curiosidadesedicas.com\/loja\/en\/wp-json\/wp\/v2\/product\/30415","targetHints":{"allow":["GET"]}}],"collection":[{"href":"https:\/\/curiosidadesedicas.com\/loja\/en\/wp-json\/wp\/v2\/product"}],"about":[{"href":"https:\/\/curiosidadesedicas.com\/loja\/en\/wp-json\/wp\/v2\/types\/product"}],"replies":[{"embeddable":true,"href":"https:\/\/curiosidadesedicas.com\/loja\/en\/wp-json\/wp\/v2\/comments?post=30415"}],"wp:featuredmedia":[{"embeddable":true,"href":"https:\/\/curiosidadesedicas.com\/loja\/en\/wp-json\/wp\/v2\/media\/30417"}],"wp:attachment":[{"href":"https:\/\/curiosidadesedicas.com\/loja\/en\/wp-json\/wp\/v2\/media?parent=30415"}],"wp:term":[{"taxonomy":"product_brand","embeddable":true,"href":"https:\/\/curiosidadesedicas.com\/loja\/en\/wp-json\/wp\/v2\/product_brand?post=30415"},{"taxonomy":"product_cat","embeddable":true,"href":"https:\/\/curiosidadesedicas.com\/loja\/en\/wp-json\/wp\/v2\/product_cat?post=30415"},{"taxonomy":"product_tag","embeddable":true,"href":"https:\/\/curiosidadesedicas.com\/loja\/en\/wp-json\/wp\/v2\/product_tag?post=30415"}],"curies":[{"name":"wp","href":"https:\/\/api.w.org\/{rel}","templated":true}]}}