{"id":29761,"date":"2023-04-21T12:27:20","date_gmt":"2023-04-21T12:27:20","guid":{"rendered":"https:\/\/curiosidadesedicas.com\/loja\/?post_type=product&#038;p=29761"},"modified":"2025-03-12T09:14:57","modified_gmt":"2025-03-12T09:14:57","slug":"ventoinha-industrial-de-chao-preto-45w-laminas-o30-x-41cm","status":"publish","type":"product","link":"https:\/\/curiosidadesedicas.com\/loja\/en\/product\/ventoinha-industrial-de-chao-preto-45w-laminas-o30-x-41cm\/","title":{"rendered":"VENTOINHA INDUSTRIAL DE CH\u00c3O PRETO 45W | L\u00c2MINAS \u00d830 x 41CM"},"content":{"rendered":"<p>Ventoinha de ch\u00e3o com 30cm de di\u00e2metro. Motor com 45W de pot\u00eancia e 3 velocidades. N\u00e3o requer montagem.<\/p>\n<p><img loading=\"lazy\" decoding=\"async\" class=\"\" src=\"https:\/\/curiosidadesedicas.com\/loja\/wp-content\/uploads\/2023\/04\/33934_1.jpg\" width=\"590\" height=\"590\" \/><\/p>","protected":false},"excerpt":{"rendered":"<ul>\n<li>Pot\u00eancia: 45W<\/li>\n<li>Tipo: Industrial<\/li>\n<li>Marca: EDM<\/li>\n<li>Peso: 3,326 Kg.<\/li>\n<li>Di\u00e2metro: 30cm.<\/li>\n<li>3 velocidades.<\/li>\n<li>Temporizador. N\u00e3o<\/li>\n<li>N\u00famero de L\u00e2minas: 3<\/li>\n<li>Cor: Preto<\/li>\n<li>Fluxo de AR: 1860m\u00b3\/h<\/li>\n<li>Tens\u00e3o: 220-240v ~ 50hz<\/li>\n<li>Posi\u00e7\u00e3o da Cabe\u00e7a: Ajust\u00e1vel<\/li>\n<li>Decib\u00e9is: 55db n\u00edvel de ruido<\/li>\n<li>Peso de Pl\u00e1stico: 13g<\/li>\n<li>Pronto para usar.\u00a0Nenhuma montagem necess\u00e1ria.<\/li>\n<li>Grade de prote\u00e7\u00e3o.<\/li>\n<li>Dimens\u00f5es: \u00d830x41cm (di\u00e2metro\/altura)<\/li>\n<\/ul>","protected":false},"featured_media":29762,"comment_status":"open","ping_status":"closed","template":"","meta":{"_glsr_average":0,"_glsr_ranking":0,"_glsr_reviews":0},"product_brand":[],"product_cat":[474,365,369],"product_tag":[],"class_list":{"0":"post-29761","1":"product","2":"type-product","3":"status-publish","4":"has-post-thumbnail","6":"product_cat-ventilacao","7":"product_cat-para-o-lar","8":"product_cat-ventoinhas","10":"first","11":"instock","12":"taxable","13":"shipping-taxable","14":"purchasable","15":"product-type-simple"},"yoast_head":"<!-- This site is optimized with the Yoast SEO plugin v26.8 - https:\/\/yoast.com\/product\/yoast-seo-wordpress\/ -->\n<title>VENTOINHA INDUSTRIAL DE CH\u00c3O PRETO 45W | L\u00c2MINAS \u00d830 x 41CM - Curiosidades &amp; Dicas, Lda<\/title>\n<meta name=\"robots\" content=\"index, follow, max-snippet:-1, max-image-preview:large, max-video-preview:-1\" \/>\n<link rel=\"canonical\" href=\"https:\/\/curiosidadesedicas.com\/loja\/en\/product\/ventoinha-industrial-de-chao-preto-45w-laminas-o30-x-41cm\/\" \/>\n<meta property=\"og:locale\" content=\"en_US\" \/>\n<meta property=\"og:type\" content=\"article\" \/>\n<meta property=\"og:title\" content=\"VENTOINHA INDUSTRIAL DE CH\u00c3O PRETO 45W | L\u00c2MINAS \u00d830 x 41CM - Curiosidades &amp; Dicas, Lda\" \/>\n<meta property=\"og:description\" content=\"Pot\u00eancia: 45W  Tipo: Industrial  Marca: EDM  Peso: 3,326 Kg.  Di\u00e2metro: 30cm.  3 velocidades.  Temporizador. N\u00e3o  N\u00famero de L\u00e2minas: 3  Cor: Preto  Fluxo de AR: 1860m\u00b3\/h  Tens\u00e3o: 220-240v ~ 50hz  Posi\u00e7\u00e3o da Cabe\u00e7a: Ajust\u00e1vel  Decib\u00e9is: 55db n\u00edvel de ruido  Peso de Pl\u00e1stico: 13g  Pronto para usar.\u00a0Nenhuma montagem necess\u00e1ria.  Grade de prote\u00e7\u00e3o.  Dimens\u00f5es: \u00d830x41cm (di\u00e2metro\/altura)\" \/>\n<meta property=\"og:url\" content=\"https:\/\/curiosidadesedicas.com\/loja\/en\/product\/ventoinha-industrial-de-chao-preto-45w-laminas-o30-x-41cm\/\" \/>\n<meta property=\"og:site_name\" content=\"Curiosidades &amp; Dicas, Lda\" \/>\n<meta property=\"article:modified_time\" content=\"2025-03-12T09:14:57+00:00\" \/>\n<meta property=\"og:image\" content=\"https:\/\/curiosidadesedicas.com\/loja\/wp-content\/uploads\/2023\/04\/33934.jpg\" \/>\n\t<meta property=\"og:image:width\" content=\"1000\" \/>\n\t<meta property=\"og:image:height\" content=\"1000\" \/>\n\t<meta property=\"og:image:type\" content=\"image\/jpeg\" \/>\n<meta name=\"twitter:card\" content=\"summary_large_image\" \/>\n<meta name=\"twitter:label1\" content=\"Est. reading time\" \/>\n\t<meta name=\"twitter:data1\" content=\"1 minute\" \/>\n<script type=\"application\/ld+json\" class=\"yoast-schema-graph\">{\"@context\":\"https:\/\/schema.org\",\"@graph\":[{\"@type\":\"WebPage\",\"@id\":\"https:\/\/curiosidadesedicas.com\/loja\/produto\/ventoinha-industrial-de-chao-preto-45w-laminas-o30-x-41cm\/\",\"url\":\"https:\/\/curiosidadesedicas.com\/loja\/produto\/ventoinha-industrial-de-chao-preto-45w-laminas-o30-x-41cm\/\",\"name\":\"VENTOINHA INDUSTRIAL DE CH\u00c3O PRETO 45W | L\u00c2MINAS \u00d830 x 41CM - Curiosidades &amp; Dicas, Lda\",\"isPartOf\":{\"@id\":\"https:\/\/curiosidadesedicas.com\/loja\/#website\"},\"primaryImageOfPage\":{\"@id\":\"https:\/\/curiosidadesedicas.com\/loja\/produto\/ventoinha-industrial-de-chao-preto-45w-laminas-o30-x-41cm\/#primaryimage\"},\"image\":{\"@id\":\"https:\/\/curiosidadesedicas.com\/loja\/produto\/ventoinha-industrial-de-chao-preto-45w-laminas-o30-x-41cm\/#primaryimage\"},\"thumbnailUrl\":\"https:\/\/curiosidadesedicas.com\/loja\/wp-content\/uploads\/2023\/04\/33934.jpg\",\"datePublished\":\"2023-04-21T12:27:20+00:00\",\"dateModified\":\"2025-03-12T09:14:57+00:00\",\"breadcrumb\":{\"@id\":\"https:\/\/curiosidadesedicas.com\/loja\/produto\/ventoinha-industrial-de-chao-preto-45w-laminas-o30-x-41cm\/#breadcrumb\"},\"inLanguage\":\"en-US\",\"potentialAction\":[{\"@type\":\"ReadAction\",\"target\":[\"https:\/\/curiosidadesedicas.com\/loja\/produto\/ventoinha-industrial-de-chao-preto-45w-laminas-o30-x-41cm\/\"]}]},{\"@type\":\"ImageObject\",\"inLanguage\":\"en-US\",\"@id\":\"https:\/\/curiosidadesedicas.com\/loja\/produto\/ventoinha-industrial-de-chao-preto-45w-laminas-o30-x-41cm\/#primaryimage\",\"url\":\"https:\/\/curiosidadesedicas.com\/loja\/wp-content\/uploads\/2023\/04\/33934.jpg\",\"contentUrl\":\"https:\/\/curiosidadesedicas.com\/loja\/wp-content\/uploads\/2023\/04\/33934.jpg\",\"width\":1000,\"height\":1000},{\"@type\":\"BreadcrumbList\",\"@id\":\"https:\/\/curiosidadesedicas.com\/loja\/produto\/ventoinha-industrial-de-chao-preto-45w-laminas-o30-x-41cm\/#breadcrumb\",\"itemListElement\":[{\"@type\":\"ListItem\",\"position\":1,\"name\":\"In\u00edcio\",\"item\":\"https:\/\/curiosidadesedicas.com\/loja\/\"},{\"@type\":\"ListItem\",\"position\":2,\"name\":\"Produtos\",\"item\":\"https:\/\/curiosidadesedicas.com\/loja\/produtos\/\"},{\"@type\":\"ListItem\",\"position\":3,\"name\":\"VENTOINHA INDUSTRIAL DE CH\u00c3O PRETO 45W | L\u00c2MINAS \u00d830 x 41CM\"}]},{\"@type\":\"WebSite\",\"@id\":\"https:\/\/curiosidadesedicas.com\/loja\/#website\",\"url\":\"https:\/\/curiosidadesedicas.com\/loja\/\",\"name\":\"Curiosidades &amp; Dicas, Lda\",\"description\":\"Apaixonados Por Inova\u00e7\u00e3o\",\"publisher\":{\"@id\":\"https:\/\/curiosidadesedicas.com\/loja\/#organization\"},\"potentialAction\":[{\"@type\":\"SearchAction\",\"target\":{\"@type\":\"EntryPoint\",\"urlTemplate\":\"https:\/\/curiosidadesedicas.com\/loja\/?s={search_term_string}\"},\"query-input\":{\"@type\":\"PropertyValueSpecification\",\"valueRequired\":true,\"valueName\":\"search_term_string\"}}],\"inLanguage\":\"en-US\"},{\"@type\":\"Organization\",\"@id\":\"https:\/\/curiosidadesedicas.com\/loja\/#organization\",\"name\":\"Curiosidades & Dicas\",\"url\":\"https:\/\/curiosidadesedicas.com\/loja\/\",\"logo\":{\"@type\":\"ImageObject\",\"inLanguage\":\"en-US\",\"@id\":\"https:\/\/curiosidadesedicas.com\/loja\/#\/schema\/logo\/image\/\",\"url\":\"https:\/\/curiosidadesedicas.com\/loja\/wp-content\/uploads\/2020\/05\/LogoCuriosidadesSimples.png\",\"contentUrl\":\"https:\/\/curiosidadesedicas.com\/loja\/wp-content\/uploads\/2020\/05\/LogoCuriosidadesSimples.png\",\"width\":3528,\"height\":804,\"caption\":\"Curiosidades & Dicas\"},\"image\":{\"@id\":\"https:\/\/curiosidadesedicas.com\/loja\/#\/schema\/logo\/image\/\"}}]}<\/script>\n<!-- \/ Yoast SEO plugin. -->","yoast_head_json":{"title":"VENTOINHA INDUSTRIAL DE CH\u00c3O PRETO 45W | L\u00c2MINAS \u00d830 x 41CM - Curiosidades &amp; Dicas, Lda","robots":{"index":"index","follow":"follow","max-snippet":"max-snippet:-1","max-image-preview":"max-image-preview:large","max-video-preview":"max-video-preview:-1"},"canonical":"https:\/\/curiosidadesedicas.com\/loja\/en\/product\/ventoinha-industrial-de-chao-preto-45w-laminas-o30-x-41cm\/","og_locale":"en_US","og_type":"article","og_title":"VENTOINHA INDUSTRIAL DE CH\u00c3O PRETO 45W | L\u00c2MINAS \u00d830 x 41CM - Curiosidades &amp; Dicas, Lda","og_description":"Pot\u00eancia: 45W  Tipo: Industrial  Marca: EDM  Peso: 3,326 Kg.  Di\u00e2metro: 30cm.  3 velocidades.  Temporizador. N\u00e3o  N\u00famero de L\u00e2minas: 3  Cor: Preto  Fluxo de AR: 1860m\u00b3\/h  Tens\u00e3o: 220-240v ~ 50hz  Posi\u00e7\u00e3o da Cabe\u00e7a: Ajust\u00e1vel  Decib\u00e9is: 55db n\u00edvel de ruido  Peso de Pl\u00e1stico: 13g  Pronto para usar.\u00a0Nenhuma montagem necess\u00e1ria.  Grade de prote\u00e7\u00e3o.  Dimens\u00f5es: \u00d830x41cm (di\u00e2metro\/altura)","og_url":"https:\/\/curiosidadesedicas.com\/loja\/en\/product\/ventoinha-industrial-de-chao-preto-45w-laminas-o30-x-41cm\/","og_site_name":"Curiosidades &amp; Dicas, Lda","article_modified_time":"2025-03-12T09:14:57+00:00","og_image":[{"width":1000,"height":1000,"url":"https:\/\/curiosidadesedicas.com\/loja\/wp-content\/uploads\/2023\/04\/33934.jpg","type":"image\/jpeg"}],"twitter_card":"summary_large_image","twitter_misc":{"Est. reading time":"1 minute"},"schema":{"@context":"https:\/\/schema.org","@graph":[{"@type":"WebPage","@id":"https:\/\/curiosidadesedicas.com\/loja\/produto\/ventoinha-industrial-de-chao-preto-45w-laminas-o30-x-41cm\/","url":"https:\/\/curiosidadesedicas.com\/loja\/produto\/ventoinha-industrial-de-chao-preto-45w-laminas-o30-x-41cm\/","name":"VENTOINHA INDUSTRIAL DE CH\u00c3O PRETO 45W | L\u00c2MINAS \u00d830 x 41CM - Curiosidades &amp; Dicas, Lda","isPartOf":{"@id":"https:\/\/curiosidadesedicas.com\/loja\/#website"},"primaryImageOfPage":{"@id":"https:\/\/curiosidadesedicas.com\/loja\/produto\/ventoinha-industrial-de-chao-preto-45w-laminas-o30-x-41cm\/#primaryimage"},"image":{"@id":"https:\/\/curiosidadesedicas.com\/loja\/produto\/ventoinha-industrial-de-chao-preto-45w-laminas-o30-x-41cm\/#primaryimage"},"thumbnailUrl":"https:\/\/curiosidadesedicas.com\/loja\/wp-content\/uploads\/2023\/04\/33934.jpg","datePublished":"2023-04-21T12:27:20+00:00","dateModified":"2025-03-12T09:14:57+00:00","breadcrumb":{"@id":"https:\/\/curiosidadesedicas.com\/loja\/produto\/ventoinha-industrial-de-chao-preto-45w-laminas-o30-x-41cm\/#breadcrumb"},"inLanguage":"en-US","potentialAction":[{"@type":"ReadAction","target":["https:\/\/curiosidadesedicas.com\/loja\/produto\/ventoinha-industrial-de-chao-preto-45w-laminas-o30-x-41cm\/"]}]},{"@type":"ImageObject","inLanguage":"en-US","@id":"https:\/\/curiosidadesedicas.com\/loja\/produto\/ventoinha-industrial-de-chao-preto-45w-laminas-o30-x-41cm\/#primaryimage","url":"https:\/\/curiosidadesedicas.com\/loja\/wp-content\/uploads\/2023\/04\/33934.jpg","contentUrl":"https:\/\/curiosidadesedicas.com\/loja\/wp-content\/uploads\/2023\/04\/33934.jpg","width":1000,"height":1000},{"@type":"BreadcrumbList","@id":"https:\/\/curiosidadesedicas.com\/loja\/produto\/ventoinha-industrial-de-chao-preto-45w-laminas-o30-x-41cm\/#breadcrumb","itemListElement":[{"@type":"ListItem","position":1,"name":"In\u00edcio","item":"https:\/\/curiosidadesedicas.com\/loja\/"},{"@type":"ListItem","position":2,"name":"Produtos","item":"https:\/\/curiosidadesedicas.com\/loja\/produtos\/"},{"@type":"ListItem","position":3,"name":"VENTOINHA INDUSTRIAL DE CH\u00c3O PRETO 45W | L\u00c2MINAS \u00d830 x 41CM"}]},{"@type":"WebSite","@id":"https:\/\/curiosidadesedicas.com\/loja\/#website","url":"https:\/\/curiosidadesedicas.com\/loja\/","name":"Curiosidades &amp; Dicas, Lda","description":"Apaixonados Por Inova\u00e7\u00e3o","publisher":{"@id":"https:\/\/curiosidadesedicas.com\/loja\/#organization"},"potentialAction":[{"@type":"SearchAction","target":{"@type":"EntryPoint","urlTemplate":"https:\/\/curiosidadesedicas.com\/loja\/?s={search_term_string}"},"query-input":{"@type":"PropertyValueSpecification","valueRequired":true,"valueName":"search_term_string"}}],"inLanguage":"en-US"},{"@type":"Organization","@id":"https:\/\/curiosidadesedicas.com\/loja\/#organization","name":"Curiosidades & Dicas","url":"https:\/\/curiosidadesedicas.com\/loja\/","logo":{"@type":"ImageObject","inLanguage":"en-US","@id":"https:\/\/curiosidadesedicas.com\/loja\/#\/schema\/logo\/image\/","url":"https:\/\/curiosidadesedicas.com\/loja\/wp-content\/uploads\/2020\/05\/LogoCuriosidadesSimples.png","contentUrl":"https:\/\/curiosidadesedicas.com\/loja\/wp-content\/uploads\/2020\/05\/LogoCuriosidadesSimples.png","width":3528,"height":804,"caption":"Curiosidades & Dicas"},"image":{"@id":"https:\/\/curiosidadesedicas.com\/loja\/#\/schema\/logo\/image\/"}}]}},"_links":{"self":[{"href":"https:\/\/curiosidadesedicas.com\/loja\/en\/wp-json\/wp\/v2\/product\/29761","targetHints":{"allow":["GET"]}}],"collection":[{"href":"https:\/\/curiosidadesedicas.com\/loja\/en\/wp-json\/wp\/v2\/product"}],"about":[{"href":"https:\/\/curiosidadesedicas.com\/loja\/en\/wp-json\/wp\/v2\/types\/product"}],"replies":[{"embeddable":true,"href":"https:\/\/curiosidadesedicas.com\/loja\/en\/wp-json\/wp\/v2\/comments?post=29761"}],"wp:featuredmedia":[{"embeddable":true,"href":"https:\/\/curiosidadesedicas.com\/loja\/en\/wp-json\/wp\/v2\/media\/29762"}],"wp:attachment":[{"href":"https:\/\/curiosidadesedicas.com\/loja\/en\/wp-json\/wp\/v2\/media?parent=29761"}],"wp:term":[{"taxonomy":"product_brand","embeddable":true,"href":"https:\/\/curiosidadesedicas.com\/loja\/en\/wp-json\/wp\/v2\/product_brand?post=29761"},{"taxonomy":"product_cat","embeddable":true,"href":"https:\/\/curiosidadesedicas.com\/loja\/en\/wp-json\/wp\/v2\/product_cat?post=29761"},{"taxonomy":"product_tag","embeddable":true,"href":"https:\/\/curiosidadesedicas.com\/loja\/en\/wp-json\/wp\/v2\/product_tag?post=29761"}],"curies":[{"name":"wp","href":"https:\/\/api.w.org\/{rel}","templated":true}]}}