{"id":29727,"date":"2023-04-19T14:18:42","date_gmt":"2023-04-19T14:18:42","guid":{"rendered":"https:\/\/curiosidadesedicas.com\/loja\/?post_type=product&#038;p=29727"},"modified":"2023-04-19T15:50:15","modified_gmt":"2023-04-19T15:50:15","slug":"ventoinha-de-teto-c-candeeiro-led-2835w-atlas-nikel","status":"publish","type":"product","link":"https:\/\/curiosidadesedicas.com\/loja\/en\/product\/ventoinha-de-teto-c-candeeiro-led-2835w-atlas-nikel\/","title":{"rendered":"VENTOINHA DE TETO C\/ CANDEEIRO LED 28+35W | ATLAS NIKEL"},"content":{"rendered":"<div dir=\"auto\">\n<ul>\n<li>Peso: 11Kg<\/li>\n<li>Temporizador: Sim<\/li>\n<li>Grau de Prote\u00e7\u00e3o: IP20<\/li>\n<li>Tipo: Ventilador de Teto<\/li>\n<li>Modelo: Atlas<\/li>\n<li>Cor: N\u00edquel<\/li>\n<li>Lumens Luz Led (W): 4500Lm<\/li>\n<li>Pot\u00eancia: 28W<\/li>\n<li>Luz Led (W): 35<\/li>\n<li>Temperatura de Cor: 2700k-4000k-5500k<\/li>\n<li>Tens\u00e3o: Dc 220-240v<\/li>\n<li>Velocidade: 230RPM<\/li>\n<li>Caracter\u00edsticas: Motor silencioso 42,5db<\/li>\n<li>Comando a dist\u00e2ncia inclu\u00eddo: Funciona com 2 pilhas AAA (n\u00e3o inclu\u00eddas)<\/li>\n<li>Caracter\u00edsticas: L\u00e2minas dobr\u00e1veis<\/li>\n<li>Cor da L\u00e2mina: Transparentes<\/li>\n<li>Marca: Phillips<\/li>\n<li>Tipo de luz: \u00cdndice de reprodu\u00e7\u00e3o crom\u00e1tica (IRC) 80<\/li>\n<li>Material: Metal\/Pl\u00e1stico<\/li>\n<\/ul>\n<p>&nbsp;<\/p>\n<p>&nbsp;<\/p>\n<p>&nbsp;<\/p>\n<\/div>","protected":false},"excerpt":{"rendered":"<div dir=\"auto\">\n<p>A Ventoinha de Teto com Candeeiro \u00e9 um artigo de luxo para usar todo o ano. Al\u00e9m do candeeiro em led com 35 watts, mant\u00e9m a divis\u00e3o fresca sem nenhum ru\u00eddo, motor silencioso 42,5db. Atrav\u00e9s do comando, pode escolher a temperatura de cor mais adequada para o seu espa\u00e7o: branco frio (5500k), branco neutro (4000k) ou branco quente (2700k). L\u00e2minas Dobr\u00e1veis, \u00d8106cm.<\/p>\n<\/div>\n<p><img loading=\"lazy\" decoding=\"async\" class=\"\" src=\"https:\/\/curiosidadesedicas.com\/loja\/wp-content\/uploads\/2023\/04\/93544_1.jpg\" width=\"792\" height=\"792\" \/><\/p>\n<p>&nbsp;<\/p>","protected":false},"featured_media":29728,"comment_status":"open","ping_status":"closed","template":"","meta":{"_glsr_average":0,"_glsr_ranking":0,"_glsr_reviews":0},"product_brand":[],"product_cat":[474,365,369],"product_tag":[],"class_list":{"0":"post-29727","1":"product","2":"type-product","3":"status-publish","4":"has-post-thumbnail","6":"product_cat-ventilacao","7":"product_cat-para-o-lar","8":"product_cat-ventoinhas","10":"first","11":"instock","12":"taxable","13":"shipping-taxable","14":"purchasable","15":"product-type-simple"},"yoast_head":"<!-- This site is optimized with the Yoast SEO plugin v26.8 - https:\/\/yoast.com\/product\/yoast-seo-wordpress\/ -->\n<title>VENTOINHA DE TETO C\/ CANDEEIRO LED 28+35W | ATLAS NIKEL - Curiosidades &amp; Dicas, Lda<\/title>\n<meta name=\"robots\" content=\"index, follow, max-snippet:-1, max-image-preview:large, max-video-preview:-1\" \/>\n<link rel=\"canonical\" href=\"https:\/\/curiosidadesedicas.com\/loja\/en\/product\/ventoinha-de-teto-c-candeeiro-led-2835w-atlas-nikel\/\" \/>\n<meta property=\"og:locale\" content=\"en_US\" \/>\n<meta property=\"og:type\" content=\"article\" \/>\n<meta property=\"og:title\" content=\"VENTOINHA DE TETO C\/ CANDEEIRO LED 28+35W | ATLAS NIKEL - Curiosidades &amp; Dicas, Lda\" \/>\n<meta property=\"og:description\" content=\"A Ventoinha de Teto com Candeeiro \u00e9 um artigo de luxo para usar todo o ano. Al\u00e9m do candeeiro em led com 35 watts, mant\u00e9m a divis\u00e3o fresca sem nenhum ru\u00eddo, motor silencioso 42,5db. Atrav\u00e9s do comando, pode escolher a temperatura de cor mais adequada para o seu espa\u00e7o: branco frio (5500k), branco neutro (4000k) ou branco quente (2700k). L\u00e2minas Dobr\u00e1veis, \u00d8106cm.     &nbsp;\" \/>\n<meta property=\"og:url\" content=\"https:\/\/curiosidadesedicas.com\/loja\/en\/product\/ventoinha-de-teto-c-candeeiro-led-2835w-atlas-nikel\/\" \/>\n<meta property=\"og:site_name\" content=\"Curiosidades &amp; Dicas, Lda\" \/>\n<meta property=\"article:modified_time\" content=\"2023-04-19T15:50:15+00:00\" \/>\n<meta property=\"og:image\" content=\"https:\/\/curiosidadesedicas.com\/loja\/wp-content\/uploads\/2023\/04\/93544.jpg\" \/>\n\t<meta property=\"og:image:width\" content=\"1000\" \/>\n\t<meta property=\"og:image:height\" content=\"1000\" \/>\n\t<meta property=\"og:image:type\" content=\"image\/jpeg\" \/>\n<meta name=\"twitter:card\" content=\"summary_large_image\" \/>\n<meta name=\"twitter:label1\" content=\"Est. reading time\" \/>\n\t<meta name=\"twitter:data1\" content=\"1 minute\" \/>\n<script type=\"application\/ld+json\" class=\"yoast-schema-graph\">{\"@context\":\"https:\/\/schema.org\",\"@graph\":[{\"@type\":\"WebPage\",\"@id\":\"https:\/\/curiosidadesedicas.com\/loja\/produto\/ventoinha-de-teto-c-candeeiro-led-2835w-atlas-nikel\/\",\"url\":\"https:\/\/curiosidadesedicas.com\/loja\/produto\/ventoinha-de-teto-c-candeeiro-led-2835w-atlas-nikel\/\",\"name\":\"VENTOINHA DE TETO C\/ CANDEEIRO LED 28+35W | ATLAS NIKEL - Curiosidades &amp; Dicas, Lda\",\"isPartOf\":{\"@id\":\"https:\/\/curiosidadesedicas.com\/loja\/#website\"},\"primaryImageOfPage\":{\"@id\":\"https:\/\/curiosidadesedicas.com\/loja\/produto\/ventoinha-de-teto-c-candeeiro-led-2835w-atlas-nikel\/#primaryimage\"},\"image\":{\"@id\":\"https:\/\/curiosidadesedicas.com\/loja\/produto\/ventoinha-de-teto-c-candeeiro-led-2835w-atlas-nikel\/#primaryimage\"},\"thumbnailUrl\":\"https:\/\/curiosidadesedicas.com\/loja\/wp-content\/uploads\/2023\/04\/93544.jpg\",\"datePublished\":\"2023-04-19T14:18:42+00:00\",\"dateModified\":\"2023-04-19T15:50:15+00:00\",\"breadcrumb\":{\"@id\":\"https:\/\/curiosidadesedicas.com\/loja\/produto\/ventoinha-de-teto-c-candeeiro-led-2835w-atlas-nikel\/#breadcrumb\"},\"inLanguage\":\"en-US\",\"potentialAction\":[{\"@type\":\"ReadAction\",\"target\":[\"https:\/\/curiosidadesedicas.com\/loja\/produto\/ventoinha-de-teto-c-candeeiro-led-2835w-atlas-nikel\/\"]}]},{\"@type\":\"ImageObject\",\"inLanguage\":\"en-US\",\"@id\":\"https:\/\/curiosidadesedicas.com\/loja\/produto\/ventoinha-de-teto-c-candeeiro-led-2835w-atlas-nikel\/#primaryimage\",\"url\":\"https:\/\/curiosidadesedicas.com\/loja\/wp-content\/uploads\/2023\/04\/93544.jpg\",\"contentUrl\":\"https:\/\/curiosidadesedicas.com\/loja\/wp-content\/uploads\/2023\/04\/93544.jpg\",\"width\":1000,\"height\":1000},{\"@type\":\"BreadcrumbList\",\"@id\":\"https:\/\/curiosidadesedicas.com\/loja\/produto\/ventoinha-de-teto-c-candeeiro-led-2835w-atlas-nikel\/#breadcrumb\",\"itemListElement\":[{\"@type\":\"ListItem\",\"position\":1,\"name\":\"In\u00edcio\",\"item\":\"https:\/\/curiosidadesedicas.com\/loja\/\"},{\"@type\":\"ListItem\",\"position\":2,\"name\":\"Produtos\",\"item\":\"https:\/\/curiosidadesedicas.com\/loja\/produtos\/\"},{\"@type\":\"ListItem\",\"position\":3,\"name\":\"VENTOINHA DE TETO C\/ CANDEEIRO LED 28+35W | ATLAS NIKEL\"}]},{\"@type\":\"WebSite\",\"@id\":\"https:\/\/curiosidadesedicas.com\/loja\/#website\",\"url\":\"https:\/\/curiosidadesedicas.com\/loja\/\",\"name\":\"Curiosidades &amp; Dicas, Lda\",\"description\":\"Apaixonados Por Inova\u00e7\u00e3o\",\"publisher\":{\"@id\":\"https:\/\/curiosidadesedicas.com\/loja\/#organization\"},\"potentialAction\":[{\"@type\":\"SearchAction\",\"target\":{\"@type\":\"EntryPoint\",\"urlTemplate\":\"https:\/\/curiosidadesedicas.com\/loja\/?s={search_term_string}\"},\"query-input\":{\"@type\":\"PropertyValueSpecification\",\"valueRequired\":true,\"valueName\":\"search_term_string\"}}],\"inLanguage\":\"en-US\"},{\"@type\":\"Organization\",\"@id\":\"https:\/\/curiosidadesedicas.com\/loja\/#organization\",\"name\":\"Curiosidades & Dicas\",\"url\":\"https:\/\/curiosidadesedicas.com\/loja\/\",\"logo\":{\"@type\":\"ImageObject\",\"inLanguage\":\"en-US\",\"@id\":\"https:\/\/curiosidadesedicas.com\/loja\/#\/schema\/logo\/image\/\",\"url\":\"https:\/\/curiosidadesedicas.com\/loja\/wp-content\/uploads\/2020\/05\/LogoCuriosidadesSimples.png\",\"contentUrl\":\"https:\/\/curiosidadesedicas.com\/loja\/wp-content\/uploads\/2020\/05\/LogoCuriosidadesSimples.png\",\"width\":3528,\"height\":804,\"caption\":\"Curiosidades & Dicas\"},\"image\":{\"@id\":\"https:\/\/curiosidadesedicas.com\/loja\/#\/schema\/logo\/image\/\"}}]}<\/script>\n<!-- \/ Yoast SEO plugin. -->","yoast_head_json":{"title":"VENTOINHA DE TETO C\/ CANDEEIRO LED 28+35W | ATLAS NIKEL - Curiosidades &amp; Dicas, Lda","robots":{"index":"index","follow":"follow","max-snippet":"max-snippet:-1","max-image-preview":"max-image-preview:large","max-video-preview":"max-video-preview:-1"},"canonical":"https:\/\/curiosidadesedicas.com\/loja\/en\/product\/ventoinha-de-teto-c-candeeiro-led-2835w-atlas-nikel\/","og_locale":"en_US","og_type":"article","og_title":"VENTOINHA DE TETO C\/ CANDEEIRO LED 28+35W | ATLAS NIKEL - Curiosidades &amp; Dicas, Lda","og_description":"A Ventoinha de Teto com Candeeiro \u00e9 um artigo de luxo para usar todo o ano. Al\u00e9m do candeeiro em led com 35 watts, mant\u00e9m a divis\u00e3o fresca sem nenhum ru\u00eddo, motor silencioso 42,5db. Atrav\u00e9s do comando, pode escolher a temperatura de cor mais adequada para o seu espa\u00e7o: branco frio (5500k), branco neutro (4000k) ou branco quente (2700k). L\u00e2minas Dobr\u00e1veis, \u00d8106cm.     &nbsp;","og_url":"https:\/\/curiosidadesedicas.com\/loja\/en\/product\/ventoinha-de-teto-c-candeeiro-led-2835w-atlas-nikel\/","og_site_name":"Curiosidades &amp; Dicas, Lda","article_modified_time":"2023-04-19T15:50:15+00:00","og_image":[{"width":1000,"height":1000,"url":"https:\/\/curiosidadesedicas.com\/loja\/wp-content\/uploads\/2023\/04\/93544.jpg","type":"image\/jpeg"}],"twitter_card":"summary_large_image","twitter_misc":{"Est. reading time":"1 minute"},"schema":{"@context":"https:\/\/schema.org","@graph":[{"@type":"WebPage","@id":"https:\/\/curiosidadesedicas.com\/loja\/produto\/ventoinha-de-teto-c-candeeiro-led-2835w-atlas-nikel\/","url":"https:\/\/curiosidadesedicas.com\/loja\/produto\/ventoinha-de-teto-c-candeeiro-led-2835w-atlas-nikel\/","name":"VENTOINHA DE TETO C\/ CANDEEIRO LED 28+35W | ATLAS NIKEL - Curiosidades &amp; Dicas, Lda","isPartOf":{"@id":"https:\/\/curiosidadesedicas.com\/loja\/#website"},"primaryImageOfPage":{"@id":"https:\/\/curiosidadesedicas.com\/loja\/produto\/ventoinha-de-teto-c-candeeiro-led-2835w-atlas-nikel\/#primaryimage"},"image":{"@id":"https:\/\/curiosidadesedicas.com\/loja\/produto\/ventoinha-de-teto-c-candeeiro-led-2835w-atlas-nikel\/#primaryimage"},"thumbnailUrl":"https:\/\/curiosidadesedicas.com\/loja\/wp-content\/uploads\/2023\/04\/93544.jpg","datePublished":"2023-04-19T14:18:42+00:00","dateModified":"2023-04-19T15:50:15+00:00","breadcrumb":{"@id":"https:\/\/curiosidadesedicas.com\/loja\/produto\/ventoinha-de-teto-c-candeeiro-led-2835w-atlas-nikel\/#breadcrumb"},"inLanguage":"en-US","potentialAction":[{"@type":"ReadAction","target":["https:\/\/curiosidadesedicas.com\/loja\/produto\/ventoinha-de-teto-c-candeeiro-led-2835w-atlas-nikel\/"]}]},{"@type":"ImageObject","inLanguage":"en-US","@id":"https:\/\/curiosidadesedicas.com\/loja\/produto\/ventoinha-de-teto-c-candeeiro-led-2835w-atlas-nikel\/#primaryimage","url":"https:\/\/curiosidadesedicas.com\/loja\/wp-content\/uploads\/2023\/04\/93544.jpg","contentUrl":"https:\/\/curiosidadesedicas.com\/loja\/wp-content\/uploads\/2023\/04\/93544.jpg","width":1000,"height":1000},{"@type":"BreadcrumbList","@id":"https:\/\/curiosidadesedicas.com\/loja\/produto\/ventoinha-de-teto-c-candeeiro-led-2835w-atlas-nikel\/#breadcrumb","itemListElement":[{"@type":"ListItem","position":1,"name":"In\u00edcio","item":"https:\/\/curiosidadesedicas.com\/loja\/"},{"@type":"ListItem","position":2,"name":"Produtos","item":"https:\/\/curiosidadesedicas.com\/loja\/produtos\/"},{"@type":"ListItem","position":3,"name":"VENTOINHA DE TETO C\/ CANDEEIRO LED 28+35W | ATLAS NIKEL"}]},{"@type":"WebSite","@id":"https:\/\/curiosidadesedicas.com\/loja\/#website","url":"https:\/\/curiosidadesedicas.com\/loja\/","name":"Curiosidades &amp; Dicas, Lda","description":"Apaixonados Por Inova\u00e7\u00e3o","publisher":{"@id":"https:\/\/curiosidadesedicas.com\/loja\/#organization"},"potentialAction":[{"@type":"SearchAction","target":{"@type":"EntryPoint","urlTemplate":"https:\/\/curiosidadesedicas.com\/loja\/?s={search_term_string}"},"query-input":{"@type":"PropertyValueSpecification","valueRequired":true,"valueName":"search_term_string"}}],"inLanguage":"en-US"},{"@type":"Organization","@id":"https:\/\/curiosidadesedicas.com\/loja\/#organization","name":"Curiosidades & Dicas","url":"https:\/\/curiosidadesedicas.com\/loja\/","logo":{"@type":"ImageObject","inLanguage":"en-US","@id":"https:\/\/curiosidadesedicas.com\/loja\/#\/schema\/logo\/image\/","url":"https:\/\/curiosidadesedicas.com\/loja\/wp-content\/uploads\/2020\/05\/LogoCuriosidadesSimples.png","contentUrl":"https:\/\/curiosidadesedicas.com\/loja\/wp-content\/uploads\/2020\/05\/LogoCuriosidadesSimples.png","width":3528,"height":804,"caption":"Curiosidades & Dicas"},"image":{"@id":"https:\/\/curiosidadesedicas.com\/loja\/#\/schema\/logo\/image\/"}}]}},"_links":{"self":[{"href":"https:\/\/curiosidadesedicas.com\/loja\/en\/wp-json\/wp\/v2\/product\/29727","targetHints":{"allow":["GET"]}}],"collection":[{"href":"https:\/\/curiosidadesedicas.com\/loja\/en\/wp-json\/wp\/v2\/product"}],"about":[{"href":"https:\/\/curiosidadesedicas.com\/loja\/en\/wp-json\/wp\/v2\/types\/product"}],"replies":[{"embeddable":true,"href":"https:\/\/curiosidadesedicas.com\/loja\/en\/wp-json\/wp\/v2\/comments?post=29727"}],"wp:featuredmedia":[{"embeddable":true,"href":"https:\/\/curiosidadesedicas.com\/loja\/en\/wp-json\/wp\/v2\/media\/29728"}],"wp:attachment":[{"href":"https:\/\/curiosidadesedicas.com\/loja\/en\/wp-json\/wp\/v2\/media?parent=29727"}],"wp:term":[{"taxonomy":"product_brand","embeddable":true,"href":"https:\/\/curiosidadesedicas.com\/loja\/en\/wp-json\/wp\/v2\/product_brand?post=29727"},{"taxonomy":"product_cat","embeddable":true,"href":"https:\/\/curiosidadesedicas.com\/loja\/en\/wp-json\/wp\/v2\/product_cat?post=29727"},{"taxonomy":"product_tag","embeddable":true,"href":"https:\/\/curiosidadesedicas.com\/loja\/en\/wp-json\/wp\/v2\/product_tag?post=29727"}],"curies":[{"name":"wp","href":"https:\/\/api.w.org\/{rel}","templated":true}]}}