{"id":29696,"date":"2023-04-13T13:29:09","date_gmt":"2023-04-13T13:29:09","guid":{"rendered":"https:\/\/curiosidadesedicas.com\/loja\/?post_type=product&#038;p=29696"},"modified":"2023-04-13T16:03:41","modified_gmt":"2023-04-13T16:03:41","slug":"depiladora-facial-4-em-1","status":"publish","type":"product","link":"https:\/\/curiosidadesedicas.com\/loja\/en\/product\/depiladora-facial-4-em-1\/","title":{"rendered":"DEPILADORA FACIAL 4 em 1"},"content":{"rendered":"<p>Depila\u00e7\u00e3o facial el\u00e9trica 4 em 1<\/p>\n<p>Depila\u00e7\u00e3o indolor para mulheres. Sem dor ou irrita\u00e7\u00e3o.<\/p>\n<p>A depiladora el\u00e9trica desliza suavemente sobre a pele para aparar os pelos sem puxar para uma tez lisa sem barba por fazer, cortes ou vermelhid\u00e3o.<\/p>\n<p>\u00c9 perfeita para aparar sobrancelhas, pelos do nariz, pelos do pesco\u00e7o, linha do biqu\u00edni e detalhes da barba, permitindo uma depila\u00e7\u00e3o precisa.<\/p>\n<p>A depiladora tem um design compacto e discreto.<\/p>\n<p>\u00c9 \u00e0 prova de \u00e1gua e f\u00e1cil de usar a qualquer hora, em qualquer lugar, mesmo no chuveiro e f\u00e1cil de limpar.<\/p>\n<p>Discreta e poderosa.<\/p>\n<p>4 cabe\u00e7as intercambi\u00e1veis.<\/p>\n<p>Bateria recarreg\u00e1vel.<\/p>\n<p>Inclui cabo carregador USB.<\/p>","protected":false},"excerpt":{"rendered":"<ul>\n<li style=\"list-style-type: none\">\n<ul>\n<li style=\"list-style-type: none\"><\/li>\n<\/ul>\n<\/li>\n<li>Discreta e poderosa.<\/li>\n<li>Sem dor ou irrita\u00e7\u00e3o.<\/li>\n<li>F\u00e1cil utiliza\u00e7\u00e3o e transporte<\/li>\n<li>4 cabe\u00e7otes intercambi\u00e1veis.<\/li>\n<li>Bateria recarreg\u00e1vel de 150 mAh.<\/li>\n<li>Perfeita para levar na bolsa.<\/li>\n<li>Cabo carregador USB.<\/li>\n<\/ul>","protected":false},"featured_media":29698,"comment_status":"open","ping_status":"closed","template":"","meta":{"_glsr_average":0,"_glsr_ranking":0,"_glsr_reviews":0},"product_brand":[],"product_cat":[357,360,344],"product_tag":[],"class_list":{"0":"post-29696","1":"product","2":"type-product","3":"status-publish","4":"has-post-thumbnail","6":"product_cat-bem-estar","7":"product_cat-beleza","8":"product_cat-vistos-na-tv","10":"first","11":"instock","12":"taxable","13":"shipping-taxable","14":"purchasable","15":"product-type-simple"},"yoast_head":"<!-- This site is optimized with the Yoast SEO plugin v26.8 - https:\/\/yoast.com\/product\/yoast-seo-wordpress\/ -->\n<title>DEPILADORA FACIAL 4 em 1 - Curiosidades &amp; Dicas, Lda<\/title>\n<meta name=\"robots\" content=\"index, follow, max-snippet:-1, max-image-preview:large, max-video-preview:-1\" \/>\n<link rel=\"canonical\" href=\"https:\/\/curiosidadesedicas.com\/loja\/en\/product\/depiladora-facial-4-em-1\/\" \/>\n<meta property=\"og:locale\" content=\"en_US\" \/>\n<meta property=\"og:type\" content=\"article\" \/>\n<meta property=\"og:title\" content=\"DEPILADORA FACIAL 4 em 1 - Curiosidades &amp; Dicas, Lda\" \/>\n<meta property=\"og:description\" content=\"Discreta e poderosa.  Sem dor ou irrita\u00e7\u00e3o.  F\u00e1cil utiliza\u00e7\u00e3o e transporte  4 cabe\u00e7otes intercambi\u00e1veis.  Bateria recarreg\u00e1vel de 150 mAh.  Perfeita para levar na bolsa.  Cabo carregador USB.\" \/>\n<meta property=\"og:url\" content=\"https:\/\/curiosidadesedicas.com\/loja\/en\/product\/depiladora-facial-4-em-1\/\" \/>\n<meta property=\"og:site_name\" content=\"Curiosidades &amp; Dicas, Lda\" \/>\n<meta property=\"article:modified_time\" content=\"2023-04-13T16:03:41+00:00\" \/>\n<meta property=\"og:image\" content=\"https:\/\/curiosidadesedicas.com\/loja\/wp-content\/uploads\/2023\/04\/BN4361-4.jpg\" \/>\n\t<meta property=\"og:image:width\" content=\"1000\" \/>\n\t<meta property=\"og:image:height\" content=\"1000\" \/>\n\t<meta property=\"og:image:type\" content=\"image\/jpeg\" \/>\n<meta name=\"twitter:card\" content=\"summary_large_image\" \/>\n<meta name=\"twitter:label1\" content=\"Est. reading time\" \/>\n\t<meta name=\"twitter:data1\" content=\"1 minute\" \/>\n<script type=\"application\/ld+json\" class=\"yoast-schema-graph\">{\"@context\":\"https:\/\/schema.org\",\"@graph\":[{\"@type\":\"WebPage\",\"@id\":\"https:\/\/curiosidadesedicas.com\/loja\/produto\/depiladora-facial-4-em-1\/\",\"url\":\"https:\/\/curiosidadesedicas.com\/loja\/produto\/depiladora-facial-4-em-1\/\",\"name\":\"DEPILADORA FACIAL 4 em 1 - Curiosidades &amp; Dicas, Lda\",\"isPartOf\":{\"@id\":\"https:\/\/curiosidadesedicas.com\/loja\/#website\"},\"primaryImageOfPage\":{\"@id\":\"https:\/\/curiosidadesedicas.com\/loja\/produto\/depiladora-facial-4-em-1\/#primaryimage\"},\"image\":{\"@id\":\"https:\/\/curiosidadesedicas.com\/loja\/produto\/depiladora-facial-4-em-1\/#primaryimage\"},\"thumbnailUrl\":\"https:\/\/curiosidadesedicas.com\/loja\/wp-content\/uploads\/2023\/04\/BN4361-4.jpg\",\"datePublished\":\"2023-04-13T13:29:09+00:00\",\"dateModified\":\"2023-04-13T16:03:41+00:00\",\"breadcrumb\":{\"@id\":\"https:\/\/curiosidadesedicas.com\/loja\/produto\/depiladora-facial-4-em-1\/#breadcrumb\"},\"inLanguage\":\"en-US\",\"potentialAction\":[{\"@type\":\"ReadAction\",\"target\":[\"https:\/\/curiosidadesedicas.com\/loja\/produto\/depiladora-facial-4-em-1\/\"]}]},{\"@type\":\"ImageObject\",\"inLanguage\":\"en-US\",\"@id\":\"https:\/\/curiosidadesedicas.com\/loja\/produto\/depiladora-facial-4-em-1\/#primaryimage\",\"url\":\"https:\/\/curiosidadesedicas.com\/loja\/wp-content\/uploads\/2023\/04\/BN4361-4.jpg\",\"contentUrl\":\"https:\/\/curiosidadesedicas.com\/loja\/wp-content\/uploads\/2023\/04\/BN4361-4.jpg\",\"width\":1000,\"height\":1000},{\"@type\":\"BreadcrumbList\",\"@id\":\"https:\/\/curiosidadesedicas.com\/loja\/produto\/depiladora-facial-4-em-1\/#breadcrumb\",\"itemListElement\":[{\"@type\":\"ListItem\",\"position\":1,\"name\":\"In\u00edcio\",\"item\":\"https:\/\/curiosidadesedicas.com\/loja\/\"},{\"@type\":\"ListItem\",\"position\":2,\"name\":\"Produtos\",\"item\":\"https:\/\/curiosidadesedicas.com\/loja\/produtos\/\"},{\"@type\":\"ListItem\",\"position\":3,\"name\":\"DEPILADORA FACIAL 4 em 1\"}]},{\"@type\":\"WebSite\",\"@id\":\"https:\/\/curiosidadesedicas.com\/loja\/#website\",\"url\":\"https:\/\/curiosidadesedicas.com\/loja\/\",\"name\":\"Curiosidades &amp; Dicas, Lda\",\"description\":\"Apaixonados Por Inova\u00e7\u00e3o\",\"publisher\":{\"@id\":\"https:\/\/curiosidadesedicas.com\/loja\/#organization\"},\"potentialAction\":[{\"@type\":\"SearchAction\",\"target\":{\"@type\":\"EntryPoint\",\"urlTemplate\":\"https:\/\/curiosidadesedicas.com\/loja\/?s={search_term_string}\"},\"query-input\":{\"@type\":\"PropertyValueSpecification\",\"valueRequired\":true,\"valueName\":\"search_term_string\"}}],\"inLanguage\":\"en-US\"},{\"@type\":\"Organization\",\"@id\":\"https:\/\/curiosidadesedicas.com\/loja\/#organization\",\"name\":\"Curiosidades & Dicas\",\"url\":\"https:\/\/curiosidadesedicas.com\/loja\/\",\"logo\":{\"@type\":\"ImageObject\",\"inLanguage\":\"en-US\",\"@id\":\"https:\/\/curiosidadesedicas.com\/loja\/#\/schema\/logo\/image\/\",\"url\":\"https:\/\/curiosidadesedicas.com\/loja\/wp-content\/uploads\/2020\/05\/LogoCuriosidadesSimples.png\",\"contentUrl\":\"https:\/\/curiosidadesedicas.com\/loja\/wp-content\/uploads\/2020\/05\/LogoCuriosidadesSimples.png\",\"width\":3528,\"height\":804,\"caption\":\"Curiosidades & Dicas\"},\"image\":{\"@id\":\"https:\/\/curiosidadesedicas.com\/loja\/#\/schema\/logo\/image\/\"}}]}<\/script>\n<!-- \/ Yoast SEO plugin. -->","yoast_head_json":{"title":"DEPILADORA FACIAL 4 em 1 - Curiosidades &amp; Dicas, Lda","robots":{"index":"index","follow":"follow","max-snippet":"max-snippet:-1","max-image-preview":"max-image-preview:large","max-video-preview":"max-video-preview:-1"},"canonical":"https:\/\/curiosidadesedicas.com\/loja\/en\/product\/depiladora-facial-4-em-1\/","og_locale":"en_US","og_type":"article","og_title":"DEPILADORA FACIAL 4 em 1 - Curiosidades &amp; Dicas, Lda","og_description":"Discreta e poderosa.  Sem dor ou irrita\u00e7\u00e3o.  F\u00e1cil utiliza\u00e7\u00e3o e transporte  4 cabe\u00e7otes intercambi\u00e1veis.  Bateria recarreg\u00e1vel de 150 mAh.  Perfeita para levar na bolsa.  Cabo carregador USB.","og_url":"https:\/\/curiosidadesedicas.com\/loja\/en\/product\/depiladora-facial-4-em-1\/","og_site_name":"Curiosidades &amp; Dicas, Lda","article_modified_time":"2023-04-13T16:03:41+00:00","og_image":[{"width":1000,"height":1000,"url":"https:\/\/curiosidadesedicas.com\/loja\/wp-content\/uploads\/2023\/04\/BN4361-4.jpg","type":"image\/jpeg"}],"twitter_card":"summary_large_image","twitter_misc":{"Est. reading time":"1 minute"},"schema":{"@context":"https:\/\/schema.org","@graph":[{"@type":"WebPage","@id":"https:\/\/curiosidadesedicas.com\/loja\/produto\/depiladora-facial-4-em-1\/","url":"https:\/\/curiosidadesedicas.com\/loja\/produto\/depiladora-facial-4-em-1\/","name":"DEPILADORA FACIAL 4 em 1 - Curiosidades &amp; Dicas, Lda","isPartOf":{"@id":"https:\/\/curiosidadesedicas.com\/loja\/#website"},"primaryImageOfPage":{"@id":"https:\/\/curiosidadesedicas.com\/loja\/produto\/depiladora-facial-4-em-1\/#primaryimage"},"image":{"@id":"https:\/\/curiosidadesedicas.com\/loja\/produto\/depiladora-facial-4-em-1\/#primaryimage"},"thumbnailUrl":"https:\/\/curiosidadesedicas.com\/loja\/wp-content\/uploads\/2023\/04\/BN4361-4.jpg","datePublished":"2023-04-13T13:29:09+00:00","dateModified":"2023-04-13T16:03:41+00:00","breadcrumb":{"@id":"https:\/\/curiosidadesedicas.com\/loja\/produto\/depiladora-facial-4-em-1\/#breadcrumb"},"inLanguage":"en-US","potentialAction":[{"@type":"ReadAction","target":["https:\/\/curiosidadesedicas.com\/loja\/produto\/depiladora-facial-4-em-1\/"]}]},{"@type":"ImageObject","inLanguage":"en-US","@id":"https:\/\/curiosidadesedicas.com\/loja\/produto\/depiladora-facial-4-em-1\/#primaryimage","url":"https:\/\/curiosidadesedicas.com\/loja\/wp-content\/uploads\/2023\/04\/BN4361-4.jpg","contentUrl":"https:\/\/curiosidadesedicas.com\/loja\/wp-content\/uploads\/2023\/04\/BN4361-4.jpg","width":1000,"height":1000},{"@type":"BreadcrumbList","@id":"https:\/\/curiosidadesedicas.com\/loja\/produto\/depiladora-facial-4-em-1\/#breadcrumb","itemListElement":[{"@type":"ListItem","position":1,"name":"In\u00edcio","item":"https:\/\/curiosidadesedicas.com\/loja\/"},{"@type":"ListItem","position":2,"name":"Produtos","item":"https:\/\/curiosidadesedicas.com\/loja\/produtos\/"},{"@type":"ListItem","position":3,"name":"DEPILADORA FACIAL 4 em 1"}]},{"@type":"WebSite","@id":"https:\/\/curiosidadesedicas.com\/loja\/#website","url":"https:\/\/curiosidadesedicas.com\/loja\/","name":"Curiosidades &amp; Dicas, Lda","description":"Apaixonados Por Inova\u00e7\u00e3o","publisher":{"@id":"https:\/\/curiosidadesedicas.com\/loja\/#organization"},"potentialAction":[{"@type":"SearchAction","target":{"@type":"EntryPoint","urlTemplate":"https:\/\/curiosidadesedicas.com\/loja\/?s={search_term_string}"},"query-input":{"@type":"PropertyValueSpecification","valueRequired":true,"valueName":"search_term_string"}}],"inLanguage":"en-US"},{"@type":"Organization","@id":"https:\/\/curiosidadesedicas.com\/loja\/#organization","name":"Curiosidades & Dicas","url":"https:\/\/curiosidadesedicas.com\/loja\/","logo":{"@type":"ImageObject","inLanguage":"en-US","@id":"https:\/\/curiosidadesedicas.com\/loja\/#\/schema\/logo\/image\/","url":"https:\/\/curiosidadesedicas.com\/loja\/wp-content\/uploads\/2020\/05\/LogoCuriosidadesSimples.png","contentUrl":"https:\/\/curiosidadesedicas.com\/loja\/wp-content\/uploads\/2020\/05\/LogoCuriosidadesSimples.png","width":3528,"height":804,"caption":"Curiosidades & Dicas"},"image":{"@id":"https:\/\/curiosidadesedicas.com\/loja\/#\/schema\/logo\/image\/"}}]}},"_links":{"self":[{"href":"https:\/\/curiosidadesedicas.com\/loja\/en\/wp-json\/wp\/v2\/product\/29696","targetHints":{"allow":["GET"]}}],"collection":[{"href":"https:\/\/curiosidadesedicas.com\/loja\/en\/wp-json\/wp\/v2\/product"}],"about":[{"href":"https:\/\/curiosidadesedicas.com\/loja\/en\/wp-json\/wp\/v2\/types\/product"}],"replies":[{"embeddable":true,"href":"https:\/\/curiosidadesedicas.com\/loja\/en\/wp-json\/wp\/v2\/comments?post=29696"}],"wp:featuredmedia":[{"embeddable":true,"href":"https:\/\/curiosidadesedicas.com\/loja\/en\/wp-json\/wp\/v2\/media\/29698"}],"wp:attachment":[{"href":"https:\/\/curiosidadesedicas.com\/loja\/en\/wp-json\/wp\/v2\/media?parent=29696"}],"wp:term":[{"taxonomy":"product_brand","embeddable":true,"href":"https:\/\/curiosidadesedicas.com\/loja\/en\/wp-json\/wp\/v2\/product_brand?post=29696"},{"taxonomy":"product_cat","embeddable":true,"href":"https:\/\/curiosidadesedicas.com\/loja\/en\/wp-json\/wp\/v2\/product_cat?post=29696"},{"taxonomy":"product_tag","embeddable":true,"href":"https:\/\/curiosidadesedicas.com\/loja\/en\/wp-json\/wp\/v2\/product_tag?post=29696"}],"curies":[{"name":"wp","href":"https:\/\/api.w.org\/{rel}","templated":true}]}}