{"id":29333,"date":"2023-02-01T10:18:24","date_gmt":"2023-02-01T10:18:24","guid":{"rendered":"https:\/\/curiosidadesedicas.com\/loja\/?post_type=product&#038;p=29333"},"modified":"2025-03-12T09:32:53","modified_gmt":"2025-03-12T09:32:53","slug":"oculos-de-sol-enrolaveis-sunfold-spain","status":"publish","type":"product","link":"https:\/\/curiosidadesedicas.com\/loja\/en\/product\/oculos-de-sol-enrolaveis-sunfold-spain\/","title":{"rendered":"\u00d3CULOS DE SOL ENROL\u00c1VEIS SUNFOLD SPAIN"},"content":{"rendered":"<div class=\"main-data\">\n<p>Os inovadores\u00a0<strong>\u00f3culos de sol Sunfold<\/strong>\u00a0s\u00e3o muito pr\u00e1ticos e c\u00f3modos pelas suas arma\u00e7\u00f5es dobr\u00e1veis e as suas hastes flex\u00edveis. Gra\u00e7as \u00e0 sua versatilidade e funcionalidade, adaptam-se facilmente ao pulso, \u00e0 bicicleta, ao guarda-sol e at\u00e9 ao volante do autom\u00f3vel, etc. S\u00e3o ideais para praticar desporto de aventura, tanto no ver\u00e3o, como no inverno.<\/p>\n<p><img decoding=\"async\" src=\"https:\/\/curiosidadesedicas.com\/loja\/wp-content\/uploads\/2023\/02\/oculos-de-sol-enrolaveis-sunfold-spain-red-6.jpg\" \/><\/p>\n<\/div>","protected":false},"excerpt":{"rendered":"<ul>\n<li>\u00d3culos de sol polarizados<\/li>\n<li>Arma\u00e7\u00e3o: policarbonato de alta qualidade<\/li>\n<li>Hastes de silicone e a\u00e7o flex\u00edvel<\/li>\n<li>Lentes de resina sint\u00e9tica<\/li>\n<li>Filtro solar: categoria 3<\/li>\n<li>Transmiss\u00e3o lum\u00ednica: entre 8% e 18%<\/li>\n<li>Bloqueio de luz: entre 82% e 92%<\/li>\n<li>Protegem 100% contra os raios UV (UV400)<\/li>\n<li>Medidas aprox. (frontal x altura x haste): 14 x 5 x 15 cm<\/li>\n<li>Inclui: estojo em microfibra e caixa de apresenta\u00e7\u00e3o<\/li>\n<\/ul>","protected":false},"featured_media":29341,"comment_status":"open","ping_status":"closed","template":"","meta":{"_glsr_average":0,"_glsr_ranking":0,"_glsr_reviews":0},"product_brand":[],"product_cat":[350,411],"product_tag":[],"class_list":{"0":"post-29333","1":"product","2":"type-product","3":"status-publish","4":"has-post-thumbnail","6":"product_cat-gadgets","7":"product_cat-divertidos-e-diversos","9":"first","10":"instock","11":"taxable","12":"shipping-taxable","13":"purchasable","14":"product-type-simple"},"yoast_head":"<!-- This site is optimized with the Yoast SEO plugin v26.8 - https:\/\/yoast.com\/product\/yoast-seo-wordpress\/ -->\n<title>\u00d3CULOS DE SOL ENROL\u00c1VEIS SUNFOLD SPAIN - Curiosidades &amp; Dicas, Lda<\/title>\n<meta name=\"robots\" content=\"index, follow, max-snippet:-1, max-image-preview:large, max-video-preview:-1\" \/>\n<link rel=\"canonical\" href=\"https:\/\/curiosidadesedicas.com\/loja\/en\/product\/oculos-de-sol-enrolaveis-sunfold-spain\/\" \/>\n<meta property=\"og:locale\" content=\"en_US\" \/>\n<meta property=\"og:type\" content=\"article\" \/>\n<meta property=\"og:title\" content=\"\u00d3CULOS DE SOL ENROL\u00c1VEIS SUNFOLD SPAIN - Curiosidades &amp; Dicas, Lda\" \/>\n<meta property=\"og:description\" content=\"\u00d3culos de sol polarizados  Arma\u00e7\u00e3o: policarbonato de alta qualidade  Hastes de silicone e a\u00e7o flex\u00edvel  Lentes de resina sint\u00e9tica  Filtro solar: categoria 3  Transmiss\u00e3o lum\u00ednica: entre 8% e 18%  Bloqueio de luz: entre 82% e 92%  Protegem 100% contra os raios UV (UV400)  Medidas aprox. (frontal x altura x haste): 14 x 5 x 15 cm  Inclui: estojo em microfibra e caixa de apresenta\u00e7\u00e3o\" \/>\n<meta property=\"og:url\" content=\"https:\/\/curiosidadesedicas.com\/loja\/en\/product\/oculos-de-sol-enrolaveis-sunfold-spain\/\" \/>\n<meta property=\"og:site_name\" content=\"Curiosidades &amp; Dicas, Lda\" \/>\n<meta property=\"article:modified_time\" content=\"2025-03-12T09:32:53+00:00\" \/>\n<meta property=\"og:image\" content=\"https:\/\/curiosidadesedicas.com\/loja\/wp-content\/uploads\/2023\/02\/oculos-de-sol-enrolaveis-sunfold-spain-red.jpg\" \/>\n\t<meta property=\"og:image:width\" content=\"600\" \/>\n\t<meta property=\"og:image:height\" content=\"600\" \/>\n\t<meta property=\"og:image:type\" content=\"image\/jpeg\" \/>\n<meta name=\"twitter:card\" content=\"summary_large_image\" \/>\n<meta name=\"twitter:label1\" content=\"Est. reading time\" \/>\n\t<meta name=\"twitter:data1\" content=\"1 minute\" \/>\n<script type=\"application\/ld+json\" class=\"yoast-schema-graph\">{\"@context\":\"https:\/\/schema.org\",\"@graph\":[{\"@type\":\"WebPage\",\"@id\":\"https:\/\/curiosidadesedicas.com\/loja\/produto\/oculos-de-sol-enrolaveis-sunfold-spain\/\",\"url\":\"https:\/\/curiosidadesedicas.com\/loja\/produto\/oculos-de-sol-enrolaveis-sunfold-spain\/\",\"name\":\"\u00d3CULOS DE SOL ENROL\u00c1VEIS SUNFOLD SPAIN - Curiosidades &amp; Dicas, Lda\",\"isPartOf\":{\"@id\":\"https:\/\/curiosidadesedicas.com\/loja\/#website\"},\"primaryImageOfPage\":{\"@id\":\"https:\/\/curiosidadesedicas.com\/loja\/produto\/oculos-de-sol-enrolaveis-sunfold-spain\/#primaryimage\"},\"image\":{\"@id\":\"https:\/\/curiosidadesedicas.com\/loja\/produto\/oculos-de-sol-enrolaveis-sunfold-spain\/#primaryimage\"},\"thumbnailUrl\":\"https:\/\/curiosidadesedicas.com\/loja\/wp-content\/uploads\/2023\/02\/oculos-de-sol-enrolaveis-sunfold-spain-red.jpg\",\"datePublished\":\"2023-02-01T10:18:24+00:00\",\"dateModified\":\"2025-03-12T09:32:53+00:00\",\"breadcrumb\":{\"@id\":\"https:\/\/curiosidadesedicas.com\/loja\/produto\/oculos-de-sol-enrolaveis-sunfold-spain\/#breadcrumb\"},\"inLanguage\":\"en-US\",\"potentialAction\":[{\"@type\":\"ReadAction\",\"target\":[\"https:\/\/curiosidadesedicas.com\/loja\/produto\/oculos-de-sol-enrolaveis-sunfold-spain\/\"]}]},{\"@type\":\"ImageObject\",\"inLanguage\":\"en-US\",\"@id\":\"https:\/\/curiosidadesedicas.com\/loja\/produto\/oculos-de-sol-enrolaveis-sunfold-spain\/#primaryimage\",\"url\":\"https:\/\/curiosidadesedicas.com\/loja\/wp-content\/uploads\/2023\/02\/oculos-de-sol-enrolaveis-sunfold-spain-red.jpg\",\"contentUrl\":\"https:\/\/curiosidadesedicas.com\/loja\/wp-content\/uploads\/2023\/02\/oculos-de-sol-enrolaveis-sunfold-spain-red.jpg\",\"width\":600,\"height\":600},{\"@type\":\"BreadcrumbList\",\"@id\":\"https:\/\/curiosidadesedicas.com\/loja\/produto\/oculos-de-sol-enrolaveis-sunfold-spain\/#breadcrumb\",\"itemListElement\":[{\"@type\":\"ListItem\",\"position\":1,\"name\":\"In\u00edcio\",\"item\":\"https:\/\/curiosidadesedicas.com\/loja\/\"},{\"@type\":\"ListItem\",\"position\":2,\"name\":\"Produtos\",\"item\":\"https:\/\/curiosidadesedicas.com\/loja\/produtos\/\"},{\"@type\":\"ListItem\",\"position\":3,\"name\":\"\u00d3CULOS DE SOL ENROL\u00c1VEIS SUNFOLD SPAIN\"}]},{\"@type\":\"WebSite\",\"@id\":\"https:\/\/curiosidadesedicas.com\/loja\/#website\",\"url\":\"https:\/\/curiosidadesedicas.com\/loja\/\",\"name\":\"Curiosidades &amp; Dicas, Lda\",\"description\":\"Apaixonados Por Inova\u00e7\u00e3o\",\"publisher\":{\"@id\":\"https:\/\/curiosidadesedicas.com\/loja\/#organization\"},\"potentialAction\":[{\"@type\":\"SearchAction\",\"target\":{\"@type\":\"EntryPoint\",\"urlTemplate\":\"https:\/\/curiosidadesedicas.com\/loja\/?s={search_term_string}\"},\"query-input\":{\"@type\":\"PropertyValueSpecification\",\"valueRequired\":true,\"valueName\":\"search_term_string\"}}],\"inLanguage\":\"en-US\"},{\"@type\":\"Organization\",\"@id\":\"https:\/\/curiosidadesedicas.com\/loja\/#organization\",\"name\":\"Curiosidades & Dicas\",\"url\":\"https:\/\/curiosidadesedicas.com\/loja\/\",\"logo\":{\"@type\":\"ImageObject\",\"inLanguage\":\"en-US\",\"@id\":\"https:\/\/curiosidadesedicas.com\/loja\/#\/schema\/logo\/image\/\",\"url\":\"https:\/\/curiosidadesedicas.com\/loja\/wp-content\/uploads\/2020\/05\/LogoCuriosidadesSimples.png\",\"contentUrl\":\"https:\/\/curiosidadesedicas.com\/loja\/wp-content\/uploads\/2020\/05\/LogoCuriosidadesSimples.png\",\"width\":3528,\"height\":804,\"caption\":\"Curiosidades & Dicas\"},\"image\":{\"@id\":\"https:\/\/curiosidadesedicas.com\/loja\/#\/schema\/logo\/image\/\"}}]}<\/script>\n<!-- \/ Yoast SEO plugin. -->","yoast_head_json":{"title":"\u00d3CULOS DE SOL ENROL\u00c1VEIS SUNFOLD SPAIN - Curiosidades &amp; Dicas, Lda","robots":{"index":"index","follow":"follow","max-snippet":"max-snippet:-1","max-image-preview":"max-image-preview:large","max-video-preview":"max-video-preview:-1"},"canonical":"https:\/\/curiosidadesedicas.com\/loja\/en\/product\/oculos-de-sol-enrolaveis-sunfold-spain\/","og_locale":"en_US","og_type":"article","og_title":"\u00d3CULOS DE SOL ENROL\u00c1VEIS SUNFOLD SPAIN - Curiosidades &amp; Dicas, Lda","og_description":"\u00d3culos de sol polarizados  Arma\u00e7\u00e3o: policarbonato de alta qualidade  Hastes de silicone e a\u00e7o flex\u00edvel  Lentes de resina sint\u00e9tica  Filtro solar: categoria 3  Transmiss\u00e3o lum\u00ednica: entre 8% e 18%  Bloqueio de luz: entre 82% e 92%  Protegem 100% contra os raios UV (UV400)  Medidas aprox. (frontal x altura x haste): 14 x 5 x 15 cm  Inclui: estojo em microfibra e caixa de apresenta\u00e7\u00e3o","og_url":"https:\/\/curiosidadesedicas.com\/loja\/en\/product\/oculos-de-sol-enrolaveis-sunfold-spain\/","og_site_name":"Curiosidades &amp; Dicas, Lda","article_modified_time":"2025-03-12T09:32:53+00:00","og_image":[{"width":600,"height":600,"url":"https:\/\/curiosidadesedicas.com\/loja\/wp-content\/uploads\/2023\/02\/oculos-de-sol-enrolaveis-sunfold-spain-red.jpg","type":"image\/jpeg"}],"twitter_card":"summary_large_image","twitter_misc":{"Est. reading time":"1 minute"},"schema":{"@context":"https:\/\/schema.org","@graph":[{"@type":"WebPage","@id":"https:\/\/curiosidadesedicas.com\/loja\/produto\/oculos-de-sol-enrolaveis-sunfold-spain\/","url":"https:\/\/curiosidadesedicas.com\/loja\/produto\/oculos-de-sol-enrolaveis-sunfold-spain\/","name":"\u00d3CULOS DE SOL ENROL\u00c1VEIS SUNFOLD SPAIN - Curiosidades &amp; Dicas, Lda","isPartOf":{"@id":"https:\/\/curiosidadesedicas.com\/loja\/#website"},"primaryImageOfPage":{"@id":"https:\/\/curiosidadesedicas.com\/loja\/produto\/oculos-de-sol-enrolaveis-sunfold-spain\/#primaryimage"},"image":{"@id":"https:\/\/curiosidadesedicas.com\/loja\/produto\/oculos-de-sol-enrolaveis-sunfold-spain\/#primaryimage"},"thumbnailUrl":"https:\/\/curiosidadesedicas.com\/loja\/wp-content\/uploads\/2023\/02\/oculos-de-sol-enrolaveis-sunfold-spain-red.jpg","datePublished":"2023-02-01T10:18:24+00:00","dateModified":"2025-03-12T09:32:53+00:00","breadcrumb":{"@id":"https:\/\/curiosidadesedicas.com\/loja\/produto\/oculos-de-sol-enrolaveis-sunfold-spain\/#breadcrumb"},"inLanguage":"en-US","potentialAction":[{"@type":"ReadAction","target":["https:\/\/curiosidadesedicas.com\/loja\/produto\/oculos-de-sol-enrolaveis-sunfold-spain\/"]}]},{"@type":"ImageObject","inLanguage":"en-US","@id":"https:\/\/curiosidadesedicas.com\/loja\/produto\/oculos-de-sol-enrolaveis-sunfold-spain\/#primaryimage","url":"https:\/\/curiosidadesedicas.com\/loja\/wp-content\/uploads\/2023\/02\/oculos-de-sol-enrolaveis-sunfold-spain-red.jpg","contentUrl":"https:\/\/curiosidadesedicas.com\/loja\/wp-content\/uploads\/2023\/02\/oculos-de-sol-enrolaveis-sunfold-spain-red.jpg","width":600,"height":600},{"@type":"BreadcrumbList","@id":"https:\/\/curiosidadesedicas.com\/loja\/produto\/oculos-de-sol-enrolaveis-sunfold-spain\/#breadcrumb","itemListElement":[{"@type":"ListItem","position":1,"name":"In\u00edcio","item":"https:\/\/curiosidadesedicas.com\/loja\/"},{"@type":"ListItem","position":2,"name":"Produtos","item":"https:\/\/curiosidadesedicas.com\/loja\/produtos\/"},{"@type":"ListItem","position":3,"name":"\u00d3CULOS DE SOL ENROL\u00c1VEIS SUNFOLD SPAIN"}]},{"@type":"WebSite","@id":"https:\/\/curiosidadesedicas.com\/loja\/#website","url":"https:\/\/curiosidadesedicas.com\/loja\/","name":"Curiosidades &amp; Dicas, Lda","description":"Apaixonados Por Inova\u00e7\u00e3o","publisher":{"@id":"https:\/\/curiosidadesedicas.com\/loja\/#organization"},"potentialAction":[{"@type":"SearchAction","target":{"@type":"EntryPoint","urlTemplate":"https:\/\/curiosidadesedicas.com\/loja\/?s={search_term_string}"},"query-input":{"@type":"PropertyValueSpecification","valueRequired":true,"valueName":"search_term_string"}}],"inLanguage":"en-US"},{"@type":"Organization","@id":"https:\/\/curiosidadesedicas.com\/loja\/#organization","name":"Curiosidades & Dicas","url":"https:\/\/curiosidadesedicas.com\/loja\/","logo":{"@type":"ImageObject","inLanguage":"en-US","@id":"https:\/\/curiosidadesedicas.com\/loja\/#\/schema\/logo\/image\/","url":"https:\/\/curiosidadesedicas.com\/loja\/wp-content\/uploads\/2020\/05\/LogoCuriosidadesSimples.png","contentUrl":"https:\/\/curiosidadesedicas.com\/loja\/wp-content\/uploads\/2020\/05\/LogoCuriosidadesSimples.png","width":3528,"height":804,"caption":"Curiosidades & Dicas"},"image":{"@id":"https:\/\/curiosidadesedicas.com\/loja\/#\/schema\/logo\/image\/"}}]}},"_links":{"self":[{"href":"https:\/\/curiosidadesedicas.com\/loja\/en\/wp-json\/wp\/v2\/product\/29333","targetHints":{"allow":["GET"]}}],"collection":[{"href":"https:\/\/curiosidadesedicas.com\/loja\/en\/wp-json\/wp\/v2\/product"}],"about":[{"href":"https:\/\/curiosidadesedicas.com\/loja\/en\/wp-json\/wp\/v2\/types\/product"}],"replies":[{"embeddable":true,"href":"https:\/\/curiosidadesedicas.com\/loja\/en\/wp-json\/wp\/v2\/comments?post=29333"}],"wp:featuredmedia":[{"embeddable":true,"href":"https:\/\/curiosidadesedicas.com\/loja\/en\/wp-json\/wp\/v2\/media\/29341"}],"wp:attachment":[{"href":"https:\/\/curiosidadesedicas.com\/loja\/en\/wp-json\/wp\/v2\/media?parent=29333"}],"wp:term":[{"taxonomy":"product_brand","embeddable":true,"href":"https:\/\/curiosidadesedicas.com\/loja\/en\/wp-json\/wp\/v2\/product_brand?post=29333"},{"taxonomy":"product_cat","embeddable":true,"href":"https:\/\/curiosidadesedicas.com\/loja\/en\/wp-json\/wp\/v2\/product_cat?post=29333"},{"taxonomy":"product_tag","embeddable":true,"href":"https:\/\/curiosidadesedicas.com\/loja\/en\/wp-json\/wp\/v2\/product_tag?post=29333"}],"curies":[{"name":"wp","href":"https:\/\/api.w.org\/{rel}","templated":true}]}}