{"id":29326,"date":"2023-02-01T09:54:43","date_gmt":"2023-02-01T09:54:43","guid":{"rendered":"https:\/\/curiosidadesedicas.com\/loja\/?post_type=product&#038;p=29326"},"modified":"2025-03-12T09:32:59","modified_gmt":"2025-03-12T09:32:59","slug":"dispensador-automatico-de-rebucados-e-frutos-secos-mini","status":"publish","type":"product","link":"https:\/\/curiosidadesedicas.com\/loja\/en\/product\/dispensador-automatico-de-rebucados-e-frutos-secos-mini\/","title":{"rendered":"DISPENSADOR AUTOM\u00c1TICO DE REBU\u00c7ADOS E FRUTOS SECOS MINI"},"content":{"rendered":"<p>Com o original\u00a0dispensador de rebu\u00e7ados e frutos secos Mini, comer snacks ser\u00e1 muito mais agrad\u00e1vel e divertido, uma vez que o mesmo disp\u00f5e de um sensor t\u00e1til para que caia a quantidade desejada na m\u00e3o ou numa tigela. Ideal para animar\u00a0festas e celebra\u00e7\u00f5es.<\/p>\n<p><img decoding=\"async\" src=\"https:\/\/curiosidadesedicas.com\/loja\/wp-content\/uploads\/2023\/02\/dispensador-automatico-de-rebucados-e-frutos-secos-mini-innovagoods_52325-4.jpg\" \/><\/p>\n<p>&nbsp;<\/p>","protected":false},"excerpt":{"rendered":"<ul>\n<li>Material:\n<ul>\n<li>ABS<\/li>\n<li>GPPS<\/li>\n<\/ul>\n<\/li>\n<li>Cor:\n<ul>\n<li>Cinzento<\/li>\n<li>Preto<\/li>\n<li>Transparente<\/li>\n<\/ul>\n<\/li>\n<li>Design moderno: Inovador e funcional<\/li>\n<li>Tipo: Dispensador com sensor<\/li>\n<li>Controlo t\u00e1til: Sensor<\/li>\n<li>Bot\u00e3o on\/off: Interruptor para ligar\/desligar<\/li>\n<li>Base de apoio est\u00e1vel: Apoio est\u00e1vel<\/li>\n<li>Caracter\u00edsticas: F\u00e1cil e r\u00e1pida visualiza\u00e7\u00e3o do conte\u00fado<\/li>\n<li>Compat\u00edvel: Apto para rebu\u00e7ados ou frutos secos duros e semiduros com um di\u00e2metro m\u00e1x. de 1,30 cm.<\/li>\n<li>F\u00e1cil de utilizar e limpar: Utiliza\u00e7\u00e3o c\u00f3moda e simples<\/li>\n<li>Original e port\u00e1til: Sem cabos<\/li>\n<li>Leve e male\u00e1vel: F\u00e1cil de transportar e de guardar<\/li>\n<li>Vers\u00e1til e adapt\u00e1vel: Diversas utiliza\u00e7\u00f5es e espa\u00e7os<\/li>\n<li>Ideal para crian\u00e7as e adultos: Ideal para festas, reuni\u00f5es, celebra\u00e7\u00f5es, etc.<\/li>\n<li>N\u00famero de pilhas: 3<\/li>\n<li>Tipo de pilha: AA<\/li>\n<li>Pilhas inclu\u00eddas: N\u00e3o<\/li>\n<li>Medidas aprox.: \u00d812,5 x 20 cm<\/li>\n<\/ul>","protected":false},"featured_media":29332,"comment_status":"open","ping_status":"closed","template":"","meta":{"_glsr_average":0,"_glsr_ranking":0,"_glsr_reviews":0},"product_brand":[],"product_cat":[365,366],"product_tag":[],"class_list":{"0":"post-29326","1":"product","2":"type-product","3":"status-publish","4":"has-post-thumbnail","6":"product_cat-para-o-lar","7":"product_cat-cozinha","9":"first","10":"instock","11":"taxable","12":"shipping-taxable","13":"purchasable","14":"product-type-simple"},"yoast_head":"<!-- This site is optimized with the Yoast SEO plugin v26.8 - https:\/\/yoast.com\/product\/yoast-seo-wordpress\/ -->\n<title>DISPENSADOR AUTOM\u00c1TICO DE REBU\u00c7ADOS E FRUTOS SECOS MINI - Curiosidades &amp; Dicas, Lda<\/title>\n<meta name=\"robots\" content=\"index, follow, max-snippet:-1, max-image-preview:large, max-video-preview:-1\" \/>\n<link rel=\"canonical\" href=\"https:\/\/curiosidadesedicas.com\/loja\/en\/product\/dispensador-automatico-de-rebucados-e-frutos-secos-mini\/\" \/>\n<meta property=\"og:locale\" content=\"en_US\" \/>\n<meta property=\"og:type\" content=\"article\" \/>\n<meta property=\"og:title\" content=\"DISPENSADOR AUTOM\u00c1TICO DE REBU\u00c7ADOS E FRUTOS SECOS MINI - Curiosidades &amp; Dicas, Lda\" \/>\n<meta property=\"og:description\" content=\"Material:   ABS  GPPS    Cor:   Cinzento  Preto  Transparente    Design moderno: Inovador e funcional  Tipo: Dispensador com sensor  Controlo t\u00e1til: Sensor  Bot\u00e3o on\/off: Interruptor para ligar\/desligar  Base de apoio est\u00e1vel: Apoio est\u00e1vel  Caracter\u00edsticas: F\u00e1cil e r\u00e1pida visualiza\u00e7\u00e3o do conte\u00fado  Compat\u00edvel: Apto para rebu\u00e7ados ou frutos secos duros e semiduros com um di\u00e2metro m\u00e1x. de 1,30 cm.  F\u00e1cil de utilizar e limpar: Utiliza\u00e7\u00e3o c\u00f3moda e simples  Original e port\u00e1til: Sem cabos  Leve e male\u00e1vel: F\u00e1cil de transportar e de guardar  Vers\u00e1til e adapt\u00e1vel: Diversas utiliza\u00e7\u00f5es e espa\u00e7os  Ideal para crian\u00e7as e adultos: Ideal para festas, reuni\u00f5es, celebra\u00e7\u00f5es, etc.  N\u00famero de pilhas: 3  Tipo de pilha: AA  Pilhas inclu\u00eddas: N\u00e3o  Medidas aprox.: \u00d812,5 x 20 cm\" \/>\n<meta property=\"og:url\" content=\"https:\/\/curiosidadesedicas.com\/loja\/en\/product\/dispensador-automatico-de-rebucados-e-frutos-secos-mini\/\" \/>\n<meta property=\"og:site_name\" content=\"Curiosidades &amp; Dicas, Lda\" \/>\n<meta property=\"article:modified_time\" content=\"2025-03-12T09:32:59+00:00\" \/>\n<meta property=\"og:image\" content=\"https:\/\/curiosidadesedicas.com\/loja\/wp-content\/uploads\/2023\/02\/dispensador-automatico-de-rebucados-e-frutos-secos-mini-innovagoods_52325-6.jpg\" \/>\n\t<meta property=\"og:image:width\" content=\"600\" \/>\n\t<meta property=\"og:image:height\" content=\"600\" \/>\n\t<meta property=\"og:image:type\" content=\"image\/jpeg\" \/>\n<meta name=\"twitter:card\" content=\"summary_large_image\" \/>\n<meta name=\"twitter:label1\" content=\"Est. reading time\" \/>\n\t<meta name=\"twitter:data1\" content=\"1 minute\" \/>\n<script type=\"application\/ld+json\" class=\"yoast-schema-graph\">{\"@context\":\"https:\/\/schema.org\",\"@graph\":[{\"@type\":\"WebPage\",\"@id\":\"https:\/\/curiosidadesedicas.com\/loja\/produto\/dispensador-automatico-de-rebucados-e-frutos-secos-mini\/\",\"url\":\"https:\/\/curiosidadesedicas.com\/loja\/produto\/dispensador-automatico-de-rebucados-e-frutos-secos-mini\/\",\"name\":\"DISPENSADOR AUTOM\u00c1TICO DE REBU\u00c7ADOS E FRUTOS SECOS MINI - Curiosidades &amp; Dicas, Lda\",\"isPartOf\":{\"@id\":\"https:\/\/curiosidadesedicas.com\/loja\/#website\"},\"primaryImageOfPage\":{\"@id\":\"https:\/\/curiosidadesedicas.com\/loja\/produto\/dispensador-automatico-de-rebucados-e-frutos-secos-mini\/#primaryimage\"},\"image\":{\"@id\":\"https:\/\/curiosidadesedicas.com\/loja\/produto\/dispensador-automatico-de-rebucados-e-frutos-secos-mini\/#primaryimage\"},\"thumbnailUrl\":\"https:\/\/curiosidadesedicas.com\/loja\/wp-content\/uploads\/2023\/02\/dispensador-automatico-de-rebucados-e-frutos-secos-mini-innovagoods_52325-6.jpg\",\"datePublished\":\"2023-02-01T09:54:43+00:00\",\"dateModified\":\"2025-03-12T09:32:59+00:00\",\"breadcrumb\":{\"@id\":\"https:\/\/curiosidadesedicas.com\/loja\/produto\/dispensador-automatico-de-rebucados-e-frutos-secos-mini\/#breadcrumb\"},\"inLanguage\":\"en-US\",\"potentialAction\":[{\"@type\":\"ReadAction\",\"target\":[\"https:\/\/curiosidadesedicas.com\/loja\/produto\/dispensador-automatico-de-rebucados-e-frutos-secos-mini\/\"]}]},{\"@type\":\"ImageObject\",\"inLanguage\":\"en-US\",\"@id\":\"https:\/\/curiosidadesedicas.com\/loja\/produto\/dispensador-automatico-de-rebucados-e-frutos-secos-mini\/#primaryimage\",\"url\":\"https:\/\/curiosidadesedicas.com\/loja\/wp-content\/uploads\/2023\/02\/dispensador-automatico-de-rebucados-e-frutos-secos-mini-innovagoods_52325-6.jpg\",\"contentUrl\":\"https:\/\/curiosidadesedicas.com\/loja\/wp-content\/uploads\/2023\/02\/dispensador-automatico-de-rebucados-e-frutos-secos-mini-innovagoods_52325-6.jpg\",\"width\":600,\"height\":600},{\"@type\":\"BreadcrumbList\",\"@id\":\"https:\/\/curiosidadesedicas.com\/loja\/produto\/dispensador-automatico-de-rebucados-e-frutos-secos-mini\/#breadcrumb\",\"itemListElement\":[{\"@type\":\"ListItem\",\"position\":1,\"name\":\"In\u00edcio\",\"item\":\"https:\/\/curiosidadesedicas.com\/loja\/\"},{\"@type\":\"ListItem\",\"position\":2,\"name\":\"Produtos\",\"item\":\"https:\/\/curiosidadesedicas.com\/loja\/produtos\/\"},{\"@type\":\"ListItem\",\"position\":3,\"name\":\"DISPENSADOR AUTOM\u00c1TICO DE REBU\u00c7ADOS E FRUTOS SECOS MINI\"}]},{\"@type\":\"WebSite\",\"@id\":\"https:\/\/curiosidadesedicas.com\/loja\/#website\",\"url\":\"https:\/\/curiosidadesedicas.com\/loja\/\",\"name\":\"Curiosidades &amp; Dicas, Lda\",\"description\":\"Apaixonados Por Inova\u00e7\u00e3o\",\"publisher\":{\"@id\":\"https:\/\/curiosidadesedicas.com\/loja\/#organization\"},\"potentialAction\":[{\"@type\":\"SearchAction\",\"target\":{\"@type\":\"EntryPoint\",\"urlTemplate\":\"https:\/\/curiosidadesedicas.com\/loja\/?s={search_term_string}\"},\"query-input\":{\"@type\":\"PropertyValueSpecification\",\"valueRequired\":true,\"valueName\":\"search_term_string\"}}],\"inLanguage\":\"en-US\"},{\"@type\":\"Organization\",\"@id\":\"https:\/\/curiosidadesedicas.com\/loja\/#organization\",\"name\":\"Curiosidades & Dicas\",\"url\":\"https:\/\/curiosidadesedicas.com\/loja\/\",\"logo\":{\"@type\":\"ImageObject\",\"inLanguage\":\"en-US\",\"@id\":\"https:\/\/curiosidadesedicas.com\/loja\/#\/schema\/logo\/image\/\",\"url\":\"https:\/\/curiosidadesedicas.com\/loja\/wp-content\/uploads\/2020\/05\/LogoCuriosidadesSimples.png\",\"contentUrl\":\"https:\/\/curiosidadesedicas.com\/loja\/wp-content\/uploads\/2020\/05\/LogoCuriosidadesSimples.png\",\"width\":3528,\"height\":804,\"caption\":\"Curiosidades & Dicas\"},\"image\":{\"@id\":\"https:\/\/curiosidadesedicas.com\/loja\/#\/schema\/logo\/image\/\"}}]}<\/script>\n<!-- \/ Yoast SEO plugin. -->","yoast_head_json":{"title":"DISPENSADOR AUTOM\u00c1TICO DE REBU\u00c7ADOS E FRUTOS SECOS MINI - Curiosidades &amp; Dicas, Lda","robots":{"index":"index","follow":"follow","max-snippet":"max-snippet:-1","max-image-preview":"max-image-preview:large","max-video-preview":"max-video-preview:-1"},"canonical":"https:\/\/curiosidadesedicas.com\/loja\/en\/product\/dispensador-automatico-de-rebucados-e-frutos-secos-mini\/","og_locale":"en_US","og_type":"article","og_title":"DISPENSADOR AUTOM\u00c1TICO DE REBU\u00c7ADOS E FRUTOS SECOS MINI - Curiosidades &amp; Dicas, Lda","og_description":"Material:   ABS  GPPS    Cor:   Cinzento  Preto  Transparente    Design moderno: Inovador e funcional  Tipo: Dispensador com sensor  Controlo t\u00e1til: Sensor  Bot\u00e3o on\/off: Interruptor para ligar\/desligar  Base de apoio est\u00e1vel: Apoio est\u00e1vel  Caracter\u00edsticas: F\u00e1cil e r\u00e1pida visualiza\u00e7\u00e3o do conte\u00fado  Compat\u00edvel: Apto para rebu\u00e7ados ou frutos secos duros e semiduros com um di\u00e2metro m\u00e1x. de 1,30 cm.  F\u00e1cil de utilizar e limpar: Utiliza\u00e7\u00e3o c\u00f3moda e simples  Original e port\u00e1til: Sem cabos  Leve e male\u00e1vel: F\u00e1cil de transportar e de guardar  Vers\u00e1til e adapt\u00e1vel: Diversas utiliza\u00e7\u00f5es e espa\u00e7os  Ideal para crian\u00e7as e adultos: Ideal para festas, reuni\u00f5es, celebra\u00e7\u00f5es, etc.  N\u00famero de pilhas: 3  Tipo de pilha: AA  Pilhas inclu\u00eddas: N\u00e3o  Medidas aprox.: \u00d812,5 x 20 cm","og_url":"https:\/\/curiosidadesedicas.com\/loja\/en\/product\/dispensador-automatico-de-rebucados-e-frutos-secos-mini\/","og_site_name":"Curiosidades &amp; Dicas, Lda","article_modified_time":"2025-03-12T09:32:59+00:00","og_image":[{"width":600,"height":600,"url":"https:\/\/curiosidadesedicas.com\/loja\/wp-content\/uploads\/2023\/02\/dispensador-automatico-de-rebucados-e-frutos-secos-mini-innovagoods_52325-6.jpg","type":"image\/jpeg"}],"twitter_card":"summary_large_image","twitter_misc":{"Est. reading time":"1 minute"},"schema":{"@context":"https:\/\/schema.org","@graph":[{"@type":"WebPage","@id":"https:\/\/curiosidadesedicas.com\/loja\/produto\/dispensador-automatico-de-rebucados-e-frutos-secos-mini\/","url":"https:\/\/curiosidadesedicas.com\/loja\/produto\/dispensador-automatico-de-rebucados-e-frutos-secos-mini\/","name":"DISPENSADOR AUTOM\u00c1TICO DE REBU\u00c7ADOS E FRUTOS SECOS MINI - Curiosidades &amp; Dicas, Lda","isPartOf":{"@id":"https:\/\/curiosidadesedicas.com\/loja\/#website"},"primaryImageOfPage":{"@id":"https:\/\/curiosidadesedicas.com\/loja\/produto\/dispensador-automatico-de-rebucados-e-frutos-secos-mini\/#primaryimage"},"image":{"@id":"https:\/\/curiosidadesedicas.com\/loja\/produto\/dispensador-automatico-de-rebucados-e-frutos-secos-mini\/#primaryimage"},"thumbnailUrl":"https:\/\/curiosidadesedicas.com\/loja\/wp-content\/uploads\/2023\/02\/dispensador-automatico-de-rebucados-e-frutos-secos-mini-innovagoods_52325-6.jpg","datePublished":"2023-02-01T09:54:43+00:00","dateModified":"2025-03-12T09:32:59+00:00","breadcrumb":{"@id":"https:\/\/curiosidadesedicas.com\/loja\/produto\/dispensador-automatico-de-rebucados-e-frutos-secos-mini\/#breadcrumb"},"inLanguage":"en-US","potentialAction":[{"@type":"ReadAction","target":["https:\/\/curiosidadesedicas.com\/loja\/produto\/dispensador-automatico-de-rebucados-e-frutos-secos-mini\/"]}]},{"@type":"ImageObject","inLanguage":"en-US","@id":"https:\/\/curiosidadesedicas.com\/loja\/produto\/dispensador-automatico-de-rebucados-e-frutos-secos-mini\/#primaryimage","url":"https:\/\/curiosidadesedicas.com\/loja\/wp-content\/uploads\/2023\/02\/dispensador-automatico-de-rebucados-e-frutos-secos-mini-innovagoods_52325-6.jpg","contentUrl":"https:\/\/curiosidadesedicas.com\/loja\/wp-content\/uploads\/2023\/02\/dispensador-automatico-de-rebucados-e-frutos-secos-mini-innovagoods_52325-6.jpg","width":600,"height":600},{"@type":"BreadcrumbList","@id":"https:\/\/curiosidadesedicas.com\/loja\/produto\/dispensador-automatico-de-rebucados-e-frutos-secos-mini\/#breadcrumb","itemListElement":[{"@type":"ListItem","position":1,"name":"In\u00edcio","item":"https:\/\/curiosidadesedicas.com\/loja\/"},{"@type":"ListItem","position":2,"name":"Produtos","item":"https:\/\/curiosidadesedicas.com\/loja\/produtos\/"},{"@type":"ListItem","position":3,"name":"DISPENSADOR AUTOM\u00c1TICO DE REBU\u00c7ADOS E FRUTOS SECOS MINI"}]},{"@type":"WebSite","@id":"https:\/\/curiosidadesedicas.com\/loja\/#website","url":"https:\/\/curiosidadesedicas.com\/loja\/","name":"Curiosidades &amp; Dicas, Lda","description":"Apaixonados Por Inova\u00e7\u00e3o","publisher":{"@id":"https:\/\/curiosidadesedicas.com\/loja\/#organization"},"potentialAction":[{"@type":"SearchAction","target":{"@type":"EntryPoint","urlTemplate":"https:\/\/curiosidadesedicas.com\/loja\/?s={search_term_string}"},"query-input":{"@type":"PropertyValueSpecification","valueRequired":true,"valueName":"search_term_string"}}],"inLanguage":"en-US"},{"@type":"Organization","@id":"https:\/\/curiosidadesedicas.com\/loja\/#organization","name":"Curiosidades & Dicas","url":"https:\/\/curiosidadesedicas.com\/loja\/","logo":{"@type":"ImageObject","inLanguage":"en-US","@id":"https:\/\/curiosidadesedicas.com\/loja\/#\/schema\/logo\/image\/","url":"https:\/\/curiosidadesedicas.com\/loja\/wp-content\/uploads\/2020\/05\/LogoCuriosidadesSimples.png","contentUrl":"https:\/\/curiosidadesedicas.com\/loja\/wp-content\/uploads\/2020\/05\/LogoCuriosidadesSimples.png","width":3528,"height":804,"caption":"Curiosidades & Dicas"},"image":{"@id":"https:\/\/curiosidadesedicas.com\/loja\/#\/schema\/logo\/image\/"}}]}},"_links":{"self":[{"href":"https:\/\/curiosidadesedicas.com\/loja\/en\/wp-json\/wp\/v2\/product\/29326","targetHints":{"allow":["GET"]}}],"collection":[{"href":"https:\/\/curiosidadesedicas.com\/loja\/en\/wp-json\/wp\/v2\/product"}],"about":[{"href":"https:\/\/curiosidadesedicas.com\/loja\/en\/wp-json\/wp\/v2\/types\/product"}],"replies":[{"embeddable":true,"href":"https:\/\/curiosidadesedicas.com\/loja\/en\/wp-json\/wp\/v2\/comments?post=29326"}],"wp:featuredmedia":[{"embeddable":true,"href":"https:\/\/curiosidadesedicas.com\/loja\/en\/wp-json\/wp\/v2\/media\/29332"}],"wp:attachment":[{"href":"https:\/\/curiosidadesedicas.com\/loja\/en\/wp-json\/wp\/v2\/media?parent=29326"}],"wp:term":[{"taxonomy":"product_brand","embeddable":true,"href":"https:\/\/curiosidadesedicas.com\/loja\/en\/wp-json\/wp\/v2\/product_brand?post=29326"},{"taxonomy":"product_cat","embeddable":true,"href":"https:\/\/curiosidadesedicas.com\/loja\/en\/wp-json\/wp\/v2\/product_cat?post=29326"},{"taxonomy":"product_tag","embeddable":true,"href":"https:\/\/curiosidadesedicas.com\/loja\/en\/wp-json\/wp\/v2\/product_tag?post=29326"}],"curies":[{"name":"wp","href":"https:\/\/api.w.org\/{rel}","templated":true}]}}