{"id":29283,"date":"2023-01-31T16:43:25","date_gmt":"2023-01-31T16:43:25","guid":{"rendered":"https:\/\/curiosidadesedicas.com\/loja\/?post_type=product&#038;p=29283"},"modified":"2025-03-12T09:33:10","modified_gmt":"2025-03-12T09:33:10","slug":"cobertor-com-mangas-e-capuz-oversized-com-forro-polar-swug","status":"publish","type":"product","link":"https:\/\/curiosidadesedicas.com\/loja\/en\/product\/cobertor-com-mangas-e-capuz-oversized-com-forro-polar-swug\/","title":{"rendered":"COBERTOR C\/ MANGAS E CAPUZ OVERSIZED C\/ FORRO POLAR SWUG"},"content":{"rendered":"<p>O\u00a0<b>cobertor com mangas e capuz com forro polar Swug <\/b>\u00e9 perfeito para se manter bem aquecido em casa durante todo o dia, no inverno. Um novo conceito de\u00a0<b>combina\u00e7\u00e3o entre manta e polar<\/b>\u00a0com capuz, ideal para combater o frio. Este original\u00a0<b>cobertor polar<\/b>\u00a0\u00e9 muito confort\u00e1vel, suave e agrad\u00e1vel ao toque. Al\u00e9m disso, \u00e9 adequado para qualquer pessoa devido ao seu tamanho grande e design unissexo. O forro polar do interior aumenta a sensa\u00e7\u00e3o de calor e aconchego.<\/p>\n<ul>\n<li><b>Cobertor tipo polar com mangas e capuz<\/b><\/li>\n<li><b>Sensa\u00e7\u00e3o reconfortante de calor e bem-estar<\/b><\/li>\n<li>Design moderno e elegante, tamanho grande<\/li>\n<li>Fabricado em poli\u00e9ster de qualidade<\/li>\n<li><b>Interior de forro polar (shearling)<\/b><\/li>\n<li><b>Amplo, c\u00f3modo, quente, confort\u00e1vel<\/b><\/li>\n<li><b>Muito suave, de toque aveludado<\/b><\/li>\n<li><b>Unissexo, tamanho \u00fanico, oversized<\/b><\/li>\n<li>Adequado para todos os tipos de corpo<\/li>\n<li><b>Bolso central grande<\/b>: 35 x 20 cm<\/li>\n<li>Vers\u00e1til, uso em interiores e exteriores<\/li>\n<li>F\u00e1cil limpeza com lavagem manual<\/li>\n<li>Comprimento com capuz estendido: cerca de 120 cm<\/li>\n<li>Largura aprox.: 80 cm \/ Mangas estendidas: cerca de 160 cm<\/li>\n<\/ul>\n<p>Este\u00a0<b>cobertor polar com forro interior shearling, capuz e bolso<\/b>\u00a0\u00e9 perfeito para se manter quente e confort\u00e1vel em casa durante os dias frios de inverno. O bolso frontal exterior permite manter as m\u00e3os quentes e guardar todo o tipo de objetos, como o telem\u00f3vel, o comando da televis\u00e3o, etc.<\/p>\n<p>Pode ser usado em interiores e exteriores (sala, cozinha, quarto, terra\u00e7o, p\u00e1tio, camping, etc.), enquanto descansa ou realiza todo o tipo de tarefas e atividades, como ler, ver filmes no sof\u00e1, limpar a casa, cozinhar, etc.<\/p>","protected":false},"excerpt":{"rendered":"<ul>\n<li>Material:\n<ul>\n<li>Poli\u00e9ster<\/li>\n<li>Forro Polar<\/li>\n<\/ul>\n<\/li>\n<li>Cor:\n<ul>\n<li>Cinzento<\/li>\n<li>Branco<\/li>\n<\/ul>\n<\/li>\n<li>Manta com Mangas:\n<ul>\n<li>Com mangas<\/li>\n<li>Com capuz<\/li>\n<\/ul>\n<\/li>\n<li>Design moderno: Elegante<\/li>\n<li>Tipo: Polar com Capuz<\/li>\n<li>Sexo: Unissexo<\/li>\n<li>Tamanho: Tamanho \u00fanico<\/li>\n<li>Caracter\u00edsticas: Tamanho grande<\/li>\n<li>Bolso central amplo: 35 x 20 cm<\/li>\n<li>Suave, de tato agrad\u00e1vel: Aveludado<\/li>\n<li>Propriedades: C\u00f3modo e confort\u00e1vel<\/li>\n<li>Calor instant\u00e2neo e reconfortante: Al\u00edvio, descanso, relaxamento e bem-estar<\/li>\n<li>Vers\u00e1til e adapt\u00e1vel: Utiliza\u00e7\u00e3o em interiores e exteriores<\/li>\n<li>F\u00e1cil limpeza: Lavar \u00e0 m\u00e3o<\/li>\n<li>Medidas aprox.: 160 x 120 x 80 cm<\/li>\n<\/ul>","protected":false},"featured_media":29298,"comment_status":"open","ping_status":"closed","template":"","meta":{"_glsr_average":0,"_glsr_ranking":0,"_glsr_reviews":0},"product_brand":[],"product_cat":[357,359,368,480],"product_tag":[],"class_list":{"0":"post-29283","1":"product","2":"type-product","3":"status-publish","4":"has-post-thumbnail","6":"product_cat-bem-estar","7":"product_cat-relax","8":"product_cat-aquecimento","9":"product_cat-pessoal","11":"first","12":"instock","13":"taxable","14":"shipping-taxable","15":"purchasable","16":"product-type-simple"},"yoast_head":"<!-- This site is optimized with the Yoast SEO plugin v26.8 - https:\/\/yoast.com\/product\/yoast-seo-wordpress\/ -->\n<title>COBERTOR C\/ MANGAS E CAPUZ OVERSIZED C\/ FORRO POLAR SWUG - Curiosidades &amp; Dicas, Lda<\/title>\n<meta name=\"robots\" content=\"index, follow, max-snippet:-1, max-image-preview:large, max-video-preview:-1\" \/>\n<link rel=\"canonical\" href=\"https:\/\/curiosidadesedicas.com\/loja\/en\/product\/cobertor-com-mangas-e-capuz-oversized-com-forro-polar-swug\/\" \/>\n<meta property=\"og:locale\" content=\"en_US\" \/>\n<meta property=\"og:type\" content=\"article\" \/>\n<meta property=\"og:title\" content=\"COBERTOR C\/ MANGAS E CAPUZ OVERSIZED C\/ FORRO POLAR SWUG - Curiosidades &amp; Dicas, Lda\" \/>\n<meta property=\"og:description\" content=\"Material:   Poli\u00e9ster  Forro Polar    Cor:   Cinzento  Branco    Manta com Mangas:   Com mangas  Com capuz    Design moderno: Elegante  Tipo: Polar com Capuz  Sexo: Unissexo  Tamanho: Tamanho \u00fanico  Caracter\u00edsticas: Tamanho grande  Bolso central amplo: 35 x 20 cm  Suave, de tato agrad\u00e1vel: Aveludado  Propriedades: C\u00f3modo e confort\u00e1vel  Calor instant\u00e2neo e reconfortante: Al\u00edvio, descanso, relaxamento e bem-estar  Vers\u00e1til e adapt\u00e1vel: Utiliza\u00e7\u00e3o em interiores e exteriores  F\u00e1cil limpeza: Lavar \u00e0 m\u00e3o  Medidas aprox.: 160 x 120 x 80 cm\" \/>\n<meta property=\"og:url\" content=\"https:\/\/curiosidadesedicas.com\/loja\/en\/product\/cobertor-com-mangas-e-capuz-oversized-com-forro-polar-swug\/\" \/>\n<meta property=\"og:site_name\" content=\"Curiosidades &amp; Dicas, Lda\" \/>\n<meta property=\"article:modified_time\" content=\"2025-03-12T09:33:10+00:00\" \/>\n<meta property=\"og:image\" content=\"https:\/\/curiosidadesedicas.com\/loja\/wp-content\/uploads\/2023\/01\/cobertor-com-mangas-e-capuz-oversized-com-forro-polar-swug-innovagoods_388247.jpg\" \/>\n\t<meta property=\"og:image:width\" content=\"600\" \/>\n\t<meta property=\"og:image:height\" content=\"600\" \/>\n\t<meta property=\"og:image:type\" content=\"image\/jpeg\" \/>\n<meta name=\"twitter:card\" content=\"summary_large_image\" \/>\n<meta name=\"twitter:label1\" content=\"Est. reading time\" \/>\n\t<meta name=\"twitter:data1\" content=\"2 minutes\" \/>\n<script type=\"application\/ld+json\" class=\"yoast-schema-graph\">{\"@context\":\"https:\/\/schema.org\",\"@graph\":[{\"@type\":\"WebPage\",\"@id\":\"https:\/\/curiosidadesedicas.com\/loja\/produto\/cobertor-com-mangas-e-capuz-oversized-com-forro-polar-swug\/\",\"url\":\"https:\/\/curiosidadesedicas.com\/loja\/produto\/cobertor-com-mangas-e-capuz-oversized-com-forro-polar-swug\/\",\"name\":\"COBERTOR C\/ MANGAS E CAPUZ OVERSIZED C\/ FORRO POLAR SWUG - Curiosidades &amp; Dicas, Lda\",\"isPartOf\":{\"@id\":\"https:\/\/curiosidadesedicas.com\/loja\/#website\"},\"primaryImageOfPage\":{\"@id\":\"https:\/\/curiosidadesedicas.com\/loja\/produto\/cobertor-com-mangas-e-capuz-oversized-com-forro-polar-swug\/#primaryimage\"},\"image\":{\"@id\":\"https:\/\/curiosidadesedicas.com\/loja\/produto\/cobertor-com-mangas-e-capuz-oversized-com-forro-polar-swug\/#primaryimage\"},\"thumbnailUrl\":\"https:\/\/curiosidadesedicas.com\/loja\/wp-content\/uploads\/2023\/01\/cobertor-com-mangas-e-capuz-oversized-com-forro-polar-swug-innovagoods_388247.jpg\",\"datePublished\":\"2023-01-31T16:43:25+00:00\",\"dateModified\":\"2025-03-12T09:33:10+00:00\",\"breadcrumb\":{\"@id\":\"https:\/\/curiosidadesedicas.com\/loja\/produto\/cobertor-com-mangas-e-capuz-oversized-com-forro-polar-swug\/#breadcrumb\"},\"inLanguage\":\"en-US\",\"potentialAction\":[{\"@type\":\"ReadAction\",\"target\":[\"https:\/\/curiosidadesedicas.com\/loja\/produto\/cobertor-com-mangas-e-capuz-oversized-com-forro-polar-swug\/\"]}]},{\"@type\":\"ImageObject\",\"inLanguage\":\"en-US\",\"@id\":\"https:\/\/curiosidadesedicas.com\/loja\/produto\/cobertor-com-mangas-e-capuz-oversized-com-forro-polar-swug\/#primaryimage\",\"url\":\"https:\/\/curiosidadesedicas.com\/loja\/wp-content\/uploads\/2023\/01\/cobertor-com-mangas-e-capuz-oversized-com-forro-polar-swug-innovagoods_388247.jpg\",\"contentUrl\":\"https:\/\/curiosidadesedicas.com\/loja\/wp-content\/uploads\/2023\/01\/cobertor-com-mangas-e-capuz-oversized-com-forro-polar-swug-innovagoods_388247.jpg\",\"width\":600,\"height\":600},{\"@type\":\"BreadcrumbList\",\"@id\":\"https:\/\/curiosidadesedicas.com\/loja\/produto\/cobertor-com-mangas-e-capuz-oversized-com-forro-polar-swug\/#breadcrumb\",\"itemListElement\":[{\"@type\":\"ListItem\",\"position\":1,\"name\":\"In\u00edcio\",\"item\":\"https:\/\/curiosidadesedicas.com\/loja\/\"},{\"@type\":\"ListItem\",\"position\":2,\"name\":\"Produtos\",\"item\":\"https:\/\/curiosidadesedicas.com\/loja\/produtos\/\"},{\"@type\":\"ListItem\",\"position\":3,\"name\":\"COBERTOR C\/ MANGAS E CAPUZ OVERSIZED C\/ FORRO POLAR SWUG\"}]},{\"@type\":\"WebSite\",\"@id\":\"https:\/\/curiosidadesedicas.com\/loja\/#website\",\"url\":\"https:\/\/curiosidadesedicas.com\/loja\/\",\"name\":\"Curiosidades &amp; Dicas, Lda\",\"description\":\"Apaixonados Por Inova\u00e7\u00e3o\",\"publisher\":{\"@id\":\"https:\/\/curiosidadesedicas.com\/loja\/#organization\"},\"potentialAction\":[{\"@type\":\"SearchAction\",\"target\":{\"@type\":\"EntryPoint\",\"urlTemplate\":\"https:\/\/curiosidadesedicas.com\/loja\/?s={search_term_string}\"},\"query-input\":{\"@type\":\"PropertyValueSpecification\",\"valueRequired\":true,\"valueName\":\"search_term_string\"}}],\"inLanguage\":\"en-US\"},{\"@type\":\"Organization\",\"@id\":\"https:\/\/curiosidadesedicas.com\/loja\/#organization\",\"name\":\"Curiosidades & Dicas\",\"url\":\"https:\/\/curiosidadesedicas.com\/loja\/\",\"logo\":{\"@type\":\"ImageObject\",\"inLanguage\":\"en-US\",\"@id\":\"https:\/\/curiosidadesedicas.com\/loja\/#\/schema\/logo\/image\/\",\"url\":\"https:\/\/curiosidadesedicas.com\/loja\/wp-content\/uploads\/2020\/05\/LogoCuriosidadesSimples.png\",\"contentUrl\":\"https:\/\/curiosidadesedicas.com\/loja\/wp-content\/uploads\/2020\/05\/LogoCuriosidadesSimples.png\",\"width\":3528,\"height\":804,\"caption\":\"Curiosidades & Dicas\"},\"image\":{\"@id\":\"https:\/\/curiosidadesedicas.com\/loja\/#\/schema\/logo\/image\/\"}}]}<\/script>\n<!-- \/ Yoast SEO plugin. -->","yoast_head_json":{"title":"COBERTOR C\/ MANGAS E CAPUZ OVERSIZED C\/ FORRO POLAR SWUG - Curiosidades &amp; Dicas, Lda","robots":{"index":"index","follow":"follow","max-snippet":"max-snippet:-1","max-image-preview":"max-image-preview:large","max-video-preview":"max-video-preview:-1"},"canonical":"https:\/\/curiosidadesedicas.com\/loja\/en\/product\/cobertor-com-mangas-e-capuz-oversized-com-forro-polar-swug\/","og_locale":"en_US","og_type":"article","og_title":"COBERTOR C\/ MANGAS E CAPUZ OVERSIZED C\/ FORRO POLAR SWUG - Curiosidades &amp; Dicas, Lda","og_description":"Material:   Poli\u00e9ster  Forro Polar    Cor:   Cinzento  Branco    Manta com Mangas:   Com mangas  Com capuz    Design moderno: Elegante  Tipo: Polar com Capuz  Sexo: Unissexo  Tamanho: Tamanho \u00fanico  Caracter\u00edsticas: Tamanho grande  Bolso central amplo: 35 x 20 cm  Suave, de tato agrad\u00e1vel: Aveludado  Propriedades: C\u00f3modo e confort\u00e1vel  Calor instant\u00e2neo e reconfortante: Al\u00edvio, descanso, relaxamento e bem-estar  Vers\u00e1til e adapt\u00e1vel: Utiliza\u00e7\u00e3o em interiores e exteriores  F\u00e1cil limpeza: Lavar \u00e0 m\u00e3o  Medidas aprox.: 160 x 120 x 80 cm","og_url":"https:\/\/curiosidadesedicas.com\/loja\/en\/product\/cobertor-com-mangas-e-capuz-oversized-com-forro-polar-swug\/","og_site_name":"Curiosidades &amp; Dicas, Lda","article_modified_time":"2025-03-12T09:33:10+00:00","og_image":[{"width":600,"height":600,"url":"https:\/\/curiosidadesedicas.com\/loja\/wp-content\/uploads\/2023\/01\/cobertor-com-mangas-e-capuz-oversized-com-forro-polar-swug-innovagoods_388247.jpg","type":"image\/jpeg"}],"twitter_card":"summary_large_image","twitter_misc":{"Est. reading time":"2 minutes"},"schema":{"@context":"https:\/\/schema.org","@graph":[{"@type":"WebPage","@id":"https:\/\/curiosidadesedicas.com\/loja\/produto\/cobertor-com-mangas-e-capuz-oversized-com-forro-polar-swug\/","url":"https:\/\/curiosidadesedicas.com\/loja\/produto\/cobertor-com-mangas-e-capuz-oversized-com-forro-polar-swug\/","name":"COBERTOR C\/ MANGAS E CAPUZ OVERSIZED C\/ FORRO POLAR SWUG - Curiosidades &amp; Dicas, Lda","isPartOf":{"@id":"https:\/\/curiosidadesedicas.com\/loja\/#website"},"primaryImageOfPage":{"@id":"https:\/\/curiosidadesedicas.com\/loja\/produto\/cobertor-com-mangas-e-capuz-oversized-com-forro-polar-swug\/#primaryimage"},"image":{"@id":"https:\/\/curiosidadesedicas.com\/loja\/produto\/cobertor-com-mangas-e-capuz-oversized-com-forro-polar-swug\/#primaryimage"},"thumbnailUrl":"https:\/\/curiosidadesedicas.com\/loja\/wp-content\/uploads\/2023\/01\/cobertor-com-mangas-e-capuz-oversized-com-forro-polar-swug-innovagoods_388247.jpg","datePublished":"2023-01-31T16:43:25+00:00","dateModified":"2025-03-12T09:33:10+00:00","breadcrumb":{"@id":"https:\/\/curiosidadesedicas.com\/loja\/produto\/cobertor-com-mangas-e-capuz-oversized-com-forro-polar-swug\/#breadcrumb"},"inLanguage":"en-US","potentialAction":[{"@type":"ReadAction","target":["https:\/\/curiosidadesedicas.com\/loja\/produto\/cobertor-com-mangas-e-capuz-oversized-com-forro-polar-swug\/"]}]},{"@type":"ImageObject","inLanguage":"en-US","@id":"https:\/\/curiosidadesedicas.com\/loja\/produto\/cobertor-com-mangas-e-capuz-oversized-com-forro-polar-swug\/#primaryimage","url":"https:\/\/curiosidadesedicas.com\/loja\/wp-content\/uploads\/2023\/01\/cobertor-com-mangas-e-capuz-oversized-com-forro-polar-swug-innovagoods_388247.jpg","contentUrl":"https:\/\/curiosidadesedicas.com\/loja\/wp-content\/uploads\/2023\/01\/cobertor-com-mangas-e-capuz-oversized-com-forro-polar-swug-innovagoods_388247.jpg","width":600,"height":600},{"@type":"BreadcrumbList","@id":"https:\/\/curiosidadesedicas.com\/loja\/produto\/cobertor-com-mangas-e-capuz-oversized-com-forro-polar-swug\/#breadcrumb","itemListElement":[{"@type":"ListItem","position":1,"name":"In\u00edcio","item":"https:\/\/curiosidadesedicas.com\/loja\/"},{"@type":"ListItem","position":2,"name":"Produtos","item":"https:\/\/curiosidadesedicas.com\/loja\/produtos\/"},{"@type":"ListItem","position":3,"name":"COBERTOR C\/ MANGAS E CAPUZ OVERSIZED C\/ FORRO POLAR SWUG"}]},{"@type":"WebSite","@id":"https:\/\/curiosidadesedicas.com\/loja\/#website","url":"https:\/\/curiosidadesedicas.com\/loja\/","name":"Curiosidades &amp; Dicas, Lda","description":"Apaixonados Por Inova\u00e7\u00e3o","publisher":{"@id":"https:\/\/curiosidadesedicas.com\/loja\/#organization"},"potentialAction":[{"@type":"SearchAction","target":{"@type":"EntryPoint","urlTemplate":"https:\/\/curiosidadesedicas.com\/loja\/?s={search_term_string}"},"query-input":{"@type":"PropertyValueSpecification","valueRequired":true,"valueName":"search_term_string"}}],"inLanguage":"en-US"},{"@type":"Organization","@id":"https:\/\/curiosidadesedicas.com\/loja\/#organization","name":"Curiosidades & Dicas","url":"https:\/\/curiosidadesedicas.com\/loja\/","logo":{"@type":"ImageObject","inLanguage":"en-US","@id":"https:\/\/curiosidadesedicas.com\/loja\/#\/schema\/logo\/image\/","url":"https:\/\/curiosidadesedicas.com\/loja\/wp-content\/uploads\/2020\/05\/LogoCuriosidadesSimples.png","contentUrl":"https:\/\/curiosidadesedicas.com\/loja\/wp-content\/uploads\/2020\/05\/LogoCuriosidadesSimples.png","width":3528,"height":804,"caption":"Curiosidades & Dicas"},"image":{"@id":"https:\/\/curiosidadesedicas.com\/loja\/#\/schema\/logo\/image\/"}}]}},"_links":{"self":[{"href":"https:\/\/curiosidadesedicas.com\/loja\/en\/wp-json\/wp\/v2\/product\/29283","targetHints":{"allow":["GET"]}}],"collection":[{"href":"https:\/\/curiosidadesedicas.com\/loja\/en\/wp-json\/wp\/v2\/product"}],"about":[{"href":"https:\/\/curiosidadesedicas.com\/loja\/en\/wp-json\/wp\/v2\/types\/product"}],"replies":[{"embeddable":true,"href":"https:\/\/curiosidadesedicas.com\/loja\/en\/wp-json\/wp\/v2\/comments?post=29283"}],"wp:featuredmedia":[{"embeddable":true,"href":"https:\/\/curiosidadesedicas.com\/loja\/en\/wp-json\/wp\/v2\/media\/29298"}],"wp:attachment":[{"href":"https:\/\/curiosidadesedicas.com\/loja\/en\/wp-json\/wp\/v2\/media?parent=29283"}],"wp:term":[{"taxonomy":"product_brand","embeddable":true,"href":"https:\/\/curiosidadesedicas.com\/loja\/en\/wp-json\/wp\/v2\/product_brand?post=29283"},{"taxonomy":"product_cat","embeddable":true,"href":"https:\/\/curiosidadesedicas.com\/loja\/en\/wp-json\/wp\/v2\/product_cat?post=29283"},{"taxonomy":"product_tag","embeddable":true,"href":"https:\/\/curiosidadesedicas.com\/loja\/en\/wp-json\/wp\/v2\/product_tag?post=29283"}],"curies":[{"name":"wp","href":"https:\/\/api.w.org\/{rel}","templated":true}]}}