{"id":29156,"date":"2023-01-24T16:58:03","date_gmt":"2023-01-24T16:58:03","guid":{"rendered":"https:\/\/curiosidadesedicas.com\/loja\/?post_type=product&#038;p=29156"},"modified":"2025-03-12T09:33:39","modified_gmt":"2025-03-12T09:33:39","slug":"luvas-de-compressao-p-artrite-arves-2-unidades","status":"publish","type":"product","link":"https:\/\/curiosidadesedicas.com\/loja\/en\/product\/luvas-de-compressao-p-artrite-arves-2-unidades\/","title":{"rendered":"LUVAS DE COMPRESS\u00c3O P\/ ARTRITE ARVES 2 UNIDADES"},"content":{"rendered":"<p>As\u00a0<b>luvas de compress\u00e3o para artrite Arves<\/b>\u00a0exercem uma compress\u00e3o suave e proporcionam um calor reconfortante sobre as m\u00e3os e pulsos, ajudando a aliviar as dores musculares e articulares provocados por diversas causas, como artrite, artrose, tendinite, trabalhos manuais, etc. Al\u00e9m disso, reduzem a inflama\u00e7\u00e3o, a rigidez e a sensa\u00e7\u00e3o de formigueiro nas m\u00e3os, pois favorecem uma melhor circula\u00e7\u00e3o.<\/p>\n<p>O seu design de dedos cortados permite realizar as atividades di\u00e1rias com total liberdade de movimentos, mantendo totalmente o tato e a capacidade de agarre. Gra\u00e7as ao seu material de qualidade adapt\u00e1vel e respir\u00e1vel, s\u00e3o muito confort\u00e1veis e evitam o suor ficando as m\u00e3os sempre secas.<\/p>\n<ul>\n<li><b>2 luvas de compress\u00e3o<\/b>\u00a0(um par)<\/li>\n<li>Compress\u00e3o \u00f3tima nas m\u00e3os e pulsos<\/li>\n<li><b>Ergon\u00f3mico, unissexo, 3 tamanhos: S, M, L<\/b><\/li>\n<li><b>Tecido leve, el\u00e1stico, flex\u00edvel, suave<\/b><\/li>\n<li><b>C\u00f3modo, respir\u00e1vel, resistente<\/b><\/li>\n<li>Dedos cortados, tato e movimentos livres<\/li>\n<li>Vers\u00e1til, m\u00faltiplas utiliza\u00e7\u00f5es e benef\u00edcios<\/li>\n<li><b>Alivia e previne a dor e o desconforto<\/b><\/li>\n<li><b>Descanso, relaxamento e bem-estar<\/b><\/li>\n<li>F\u00e1cil limpeza, lavagem \u00e0 m\u00e3o<\/li>\n<\/ul>\n<p>Estas\u00a0<b>luvas de compress\u00e3o<\/b>\u00a0est\u00e3o dispon\u00edveis em 3 tamanhos. Recomendam-se e podem ser usadas diariamente para realizar qualquer atividade, como cozinhar, ler, escrever, trabalhar, usar o telem\u00f3vel ou o computador, fazer trabalhos manuais ou tarefas dom\u00e9sticas, praticar desporto, etc.<\/p>\n<p>Uma solu\u00e7\u00e3o ideal para proporcionar al\u00edvio, relaxamento e bem-estar influenciando tamb\u00e9m positivamente a qualidade do sono para um melhor descanso.<\/p>","protected":false},"excerpt":{"rendered":"<ul>\n<li>Material:\n<ul>\n<li>Algod\u00e3o<\/li>\n<li>Poli\u00e9ster<\/li>\n<li>Elastano<\/li>\n<\/ul>\n<\/li>\n<li>Cor: Preto<\/li>\n<li>Design inovador e funcional: Ergon\u00f3mico<\/li>\n<li>Sexo: Unissexo<\/li>\n<li>Tamanho: S, M, L<\/li>\n<li>Tipo: Luvas de dedos abertos<\/li>\n<li>Unidades: 2 Unidades<\/li>\n<li>Pe\u00e7a de compress\u00e3o: M\u00e1ximo apoio<\/li>\n<li>Proporciona \u00f3tima compress\u00e3o: Evita mal-estar, dor e cansa\u00e7o&#8230;<\/li>\n<li>Propriedades: Transpir\u00e1vel<\/li>\n<li>Caracter\u00edsticas: El\u00e1stico, flex\u00edvel e adapt\u00e1vel<\/li>\n<li>Suave, de tato agrad\u00e1vel: C\u00f3modo e confort\u00e1vel<\/li>\n<li>F\u00e1cil de utilizar: F\u00e1cil de manusear com liberdade de movimentos<\/li>\n<li>Multifun\u00e7\u00e3o: Diversas utiliza\u00e7\u00f5es e espa\u00e7os<\/li>\n<li>Uso recomendado: Uso Di\u00e1rio<\/li>\n<li>Materiais de qualidade: Resistente e duradouro<\/li>\n<li>F\u00e1cil limpeza: Lavar \u00e0 m\u00e3o<\/li>\n<li>Leve e male\u00e1vel: F\u00e1cil de transportar e de guardar<\/li>\n<li>Efeitos ben\u00e9ficos: Al\u00edvio, descanso, relaxamento e bem-estar<\/li>\n<li>Medidas aprox.:\n<ul>\n<li>19,5 x 7 x 0,5 cm<\/li>\n<li>20,5 x 7,5 x 0,5 cm<\/li>\n<li>21,5 x 8 x 0,5 cm<\/li>\n<\/ul>\n<\/li>\n<\/ul>","protected":false},"featured_media":29168,"comment_status":"open","ping_status":"closed","template":"","meta":{"_glsr_average":0,"_glsr_ranking":0,"_glsr_reviews":0},"product_brand":[],"product_cat":[368,480,350,422,352],"product_tag":[],"class_list":{"0":"post-29156","1":"product","2":"type-product","3":"status-publish","4":"has-post-thumbnail","6":"product_cat-aquecimento","7":"product_cat-pessoal","8":"product_cat-gadgets","9":"product_cat-p-portatil","10":"product_cat-p-telemoveis","12":"first","13":"instock","14":"purchasable","15":"product-type-variable"},"yoast_head":"<!-- This site is optimized with the Yoast SEO plugin v26.8 - https:\/\/yoast.com\/product\/yoast-seo-wordpress\/ -->\n<title>LUVAS DE COMPRESS\u00c3O P\/ ARTRITE ARVES 2 UNIDADES - Curiosidades &amp; Dicas, Lda<\/title>\n<meta name=\"robots\" content=\"index, follow, max-snippet:-1, max-image-preview:large, max-video-preview:-1\" \/>\n<link rel=\"canonical\" href=\"https:\/\/curiosidadesedicas.com\/loja\/en\/product\/luvas-de-compressao-p-artrite-arves-2-unidades\/\" \/>\n<meta property=\"og:locale\" content=\"en_US\" \/>\n<meta property=\"og:type\" content=\"article\" \/>\n<meta property=\"og:title\" content=\"LUVAS DE COMPRESS\u00c3O P\/ ARTRITE ARVES 2 UNIDADES - Curiosidades &amp; Dicas, Lda\" \/>\n<meta property=\"og:description\" content=\"Material:   Algod\u00e3o  Poli\u00e9ster  Elastano    Cor: Preto  Design inovador e funcional: Ergon\u00f3mico  Sexo: Unissexo  Tamanho: S, M, L  Tipo: Luvas de dedos abertos  Unidades: 2 Unidades  Pe\u00e7a de compress\u00e3o: M\u00e1ximo apoio  Proporciona \u00f3tima compress\u00e3o: Evita mal-estar, dor e cansa\u00e7o...  Propriedades: Transpir\u00e1vel  Caracter\u00edsticas: El\u00e1stico, flex\u00edvel e adapt\u00e1vel  Suave, de tato agrad\u00e1vel: C\u00f3modo e confort\u00e1vel  F\u00e1cil de utilizar: F\u00e1cil de manusear com liberdade de movimentos  Multifun\u00e7\u00e3o: Diversas utiliza\u00e7\u00f5es e espa\u00e7os  Uso recomendado: Uso Di\u00e1rio  Materiais de qualidade: Resistente e duradouro  F\u00e1cil limpeza: Lavar \u00e0 m\u00e3o  Leve e male\u00e1vel: F\u00e1cil de transportar e de guardar  Efeitos ben\u00e9ficos: Al\u00edvio, descanso, relaxamento e bem-estar  Medidas aprox.:   19,5 x 7 x 0,5 cm  20,5 x 7,5 x 0,5 cm  21,5 x 8 x 0,5 cm\" \/>\n<meta property=\"og:url\" content=\"https:\/\/curiosidadesedicas.com\/loja\/en\/product\/luvas-de-compressao-p-artrite-arves-2-unidades\/\" \/>\n<meta property=\"og:site_name\" content=\"Curiosidades &amp; Dicas, Lda\" \/>\n<meta property=\"article:modified_time\" content=\"2025-03-12T09:33:39+00:00\" \/>\n<meta property=\"og:image\" content=\"https:\/\/curiosidadesedicas.com\/loja\/wp-content\/uploads\/2023\/01\/luvas-de-compressao-para-artrite-arves-innovagoods-2-unidades_455097.jpg\" \/>\n\t<meta property=\"og:image:width\" content=\"600\" \/>\n\t<meta property=\"og:image:height\" content=\"600\" \/>\n\t<meta property=\"og:image:type\" content=\"image\/jpeg\" \/>\n<meta name=\"twitter:card\" content=\"summary_large_image\" \/>\n<meta name=\"twitter:label1\" content=\"Est. reading time\" \/>\n\t<meta name=\"twitter:data1\" content=\"2 minutes\" \/>\n<script type=\"application\/ld+json\" class=\"yoast-schema-graph\">{\"@context\":\"https:\/\/schema.org\",\"@graph\":[{\"@type\":\"WebPage\",\"@id\":\"https:\/\/curiosidadesedicas.com\/loja\/produto\/luvas-de-compressao-p-artrite-arves-2-unidades\/\",\"url\":\"https:\/\/curiosidadesedicas.com\/loja\/produto\/luvas-de-compressao-p-artrite-arves-2-unidades\/\",\"name\":\"LUVAS DE COMPRESS\u00c3O P\/ ARTRITE ARVES 2 UNIDADES - Curiosidades &amp; Dicas, Lda\",\"isPartOf\":{\"@id\":\"https:\/\/curiosidadesedicas.com\/loja\/#website\"},\"primaryImageOfPage\":{\"@id\":\"https:\/\/curiosidadesedicas.com\/loja\/produto\/luvas-de-compressao-p-artrite-arves-2-unidades\/#primaryimage\"},\"image\":{\"@id\":\"https:\/\/curiosidadesedicas.com\/loja\/produto\/luvas-de-compressao-p-artrite-arves-2-unidades\/#primaryimage\"},\"thumbnailUrl\":\"https:\/\/curiosidadesedicas.com\/loja\/wp-content\/uploads\/2023\/01\/luvas-de-compressao-para-artrite-arves-innovagoods-2-unidades_455097.jpg\",\"datePublished\":\"2023-01-24T16:58:03+00:00\",\"dateModified\":\"2025-03-12T09:33:39+00:00\",\"breadcrumb\":{\"@id\":\"https:\/\/curiosidadesedicas.com\/loja\/produto\/luvas-de-compressao-p-artrite-arves-2-unidades\/#breadcrumb\"},\"inLanguage\":\"en-US\",\"potentialAction\":[{\"@type\":\"ReadAction\",\"target\":[\"https:\/\/curiosidadesedicas.com\/loja\/produto\/luvas-de-compressao-p-artrite-arves-2-unidades\/\"]}]},{\"@type\":\"ImageObject\",\"inLanguage\":\"en-US\",\"@id\":\"https:\/\/curiosidadesedicas.com\/loja\/produto\/luvas-de-compressao-p-artrite-arves-2-unidades\/#primaryimage\",\"url\":\"https:\/\/curiosidadesedicas.com\/loja\/wp-content\/uploads\/2023\/01\/luvas-de-compressao-para-artrite-arves-innovagoods-2-unidades_455097.jpg\",\"contentUrl\":\"https:\/\/curiosidadesedicas.com\/loja\/wp-content\/uploads\/2023\/01\/luvas-de-compressao-para-artrite-arves-innovagoods-2-unidades_455097.jpg\",\"width\":600,\"height\":600},{\"@type\":\"BreadcrumbList\",\"@id\":\"https:\/\/curiosidadesedicas.com\/loja\/produto\/luvas-de-compressao-p-artrite-arves-2-unidades\/#breadcrumb\",\"itemListElement\":[{\"@type\":\"ListItem\",\"position\":1,\"name\":\"In\u00edcio\",\"item\":\"https:\/\/curiosidadesedicas.com\/loja\/\"},{\"@type\":\"ListItem\",\"position\":2,\"name\":\"Produtos\",\"item\":\"https:\/\/curiosidadesedicas.com\/loja\/produtos\/\"},{\"@type\":\"ListItem\",\"position\":3,\"name\":\"LUVAS DE COMPRESS\u00c3O P\/ ARTRITE ARVES 2 UNIDADES\"}]},{\"@type\":\"WebSite\",\"@id\":\"https:\/\/curiosidadesedicas.com\/loja\/#website\",\"url\":\"https:\/\/curiosidadesedicas.com\/loja\/\",\"name\":\"Curiosidades &amp; Dicas, Lda\",\"description\":\"Apaixonados Por Inova\u00e7\u00e3o\",\"publisher\":{\"@id\":\"https:\/\/curiosidadesedicas.com\/loja\/#organization\"},\"potentialAction\":[{\"@type\":\"SearchAction\",\"target\":{\"@type\":\"EntryPoint\",\"urlTemplate\":\"https:\/\/curiosidadesedicas.com\/loja\/?s={search_term_string}\"},\"query-input\":{\"@type\":\"PropertyValueSpecification\",\"valueRequired\":true,\"valueName\":\"search_term_string\"}}],\"inLanguage\":\"en-US\"},{\"@type\":\"Organization\",\"@id\":\"https:\/\/curiosidadesedicas.com\/loja\/#organization\",\"name\":\"Curiosidades & Dicas\",\"url\":\"https:\/\/curiosidadesedicas.com\/loja\/\",\"logo\":{\"@type\":\"ImageObject\",\"inLanguage\":\"en-US\",\"@id\":\"https:\/\/curiosidadesedicas.com\/loja\/#\/schema\/logo\/image\/\",\"url\":\"https:\/\/curiosidadesedicas.com\/loja\/wp-content\/uploads\/2020\/05\/LogoCuriosidadesSimples.png\",\"contentUrl\":\"https:\/\/curiosidadesedicas.com\/loja\/wp-content\/uploads\/2020\/05\/LogoCuriosidadesSimples.png\",\"width\":3528,\"height\":804,\"caption\":\"Curiosidades & Dicas\"},\"image\":{\"@id\":\"https:\/\/curiosidadesedicas.com\/loja\/#\/schema\/logo\/image\/\"}}]}<\/script>\n<!-- \/ Yoast SEO plugin. -->","yoast_head_json":{"title":"LUVAS DE COMPRESS\u00c3O P\/ ARTRITE ARVES 2 UNIDADES - Curiosidades &amp; Dicas, Lda","robots":{"index":"index","follow":"follow","max-snippet":"max-snippet:-1","max-image-preview":"max-image-preview:large","max-video-preview":"max-video-preview:-1"},"canonical":"https:\/\/curiosidadesedicas.com\/loja\/en\/product\/luvas-de-compressao-p-artrite-arves-2-unidades\/","og_locale":"en_US","og_type":"article","og_title":"LUVAS DE COMPRESS\u00c3O P\/ ARTRITE ARVES 2 UNIDADES - Curiosidades &amp; Dicas, Lda","og_description":"Material:   Algod\u00e3o  Poli\u00e9ster  Elastano    Cor: Preto  Design inovador e funcional: Ergon\u00f3mico  Sexo: Unissexo  Tamanho: S, M, L  Tipo: Luvas de dedos abertos  Unidades: 2 Unidades  Pe\u00e7a de compress\u00e3o: M\u00e1ximo apoio  Proporciona \u00f3tima compress\u00e3o: Evita mal-estar, dor e cansa\u00e7o...  Propriedades: Transpir\u00e1vel  Caracter\u00edsticas: El\u00e1stico, flex\u00edvel e adapt\u00e1vel  Suave, de tato agrad\u00e1vel: C\u00f3modo e confort\u00e1vel  F\u00e1cil de utilizar: F\u00e1cil de manusear com liberdade de movimentos  Multifun\u00e7\u00e3o: Diversas utiliza\u00e7\u00f5es e espa\u00e7os  Uso recomendado: Uso Di\u00e1rio  Materiais de qualidade: Resistente e duradouro  F\u00e1cil limpeza: Lavar \u00e0 m\u00e3o  Leve e male\u00e1vel: F\u00e1cil de transportar e de guardar  Efeitos ben\u00e9ficos: Al\u00edvio, descanso, relaxamento e bem-estar  Medidas aprox.:   19,5 x 7 x 0,5 cm  20,5 x 7,5 x 0,5 cm  21,5 x 8 x 0,5 cm","og_url":"https:\/\/curiosidadesedicas.com\/loja\/en\/product\/luvas-de-compressao-p-artrite-arves-2-unidades\/","og_site_name":"Curiosidades &amp; Dicas, Lda","article_modified_time":"2025-03-12T09:33:39+00:00","og_image":[{"width":600,"height":600,"url":"https:\/\/curiosidadesedicas.com\/loja\/wp-content\/uploads\/2023\/01\/luvas-de-compressao-para-artrite-arves-innovagoods-2-unidades_455097.jpg","type":"image\/jpeg"}],"twitter_card":"summary_large_image","twitter_misc":{"Est. reading time":"2 minutes"},"schema":{"@context":"https:\/\/schema.org","@graph":[{"@type":"WebPage","@id":"https:\/\/curiosidadesedicas.com\/loja\/produto\/luvas-de-compressao-p-artrite-arves-2-unidades\/","url":"https:\/\/curiosidadesedicas.com\/loja\/produto\/luvas-de-compressao-p-artrite-arves-2-unidades\/","name":"LUVAS DE COMPRESS\u00c3O P\/ ARTRITE ARVES 2 UNIDADES - Curiosidades &amp; Dicas, Lda","isPartOf":{"@id":"https:\/\/curiosidadesedicas.com\/loja\/#website"},"primaryImageOfPage":{"@id":"https:\/\/curiosidadesedicas.com\/loja\/produto\/luvas-de-compressao-p-artrite-arves-2-unidades\/#primaryimage"},"image":{"@id":"https:\/\/curiosidadesedicas.com\/loja\/produto\/luvas-de-compressao-p-artrite-arves-2-unidades\/#primaryimage"},"thumbnailUrl":"https:\/\/curiosidadesedicas.com\/loja\/wp-content\/uploads\/2023\/01\/luvas-de-compressao-para-artrite-arves-innovagoods-2-unidades_455097.jpg","datePublished":"2023-01-24T16:58:03+00:00","dateModified":"2025-03-12T09:33:39+00:00","breadcrumb":{"@id":"https:\/\/curiosidadesedicas.com\/loja\/produto\/luvas-de-compressao-p-artrite-arves-2-unidades\/#breadcrumb"},"inLanguage":"en-US","potentialAction":[{"@type":"ReadAction","target":["https:\/\/curiosidadesedicas.com\/loja\/produto\/luvas-de-compressao-p-artrite-arves-2-unidades\/"]}]},{"@type":"ImageObject","inLanguage":"en-US","@id":"https:\/\/curiosidadesedicas.com\/loja\/produto\/luvas-de-compressao-p-artrite-arves-2-unidades\/#primaryimage","url":"https:\/\/curiosidadesedicas.com\/loja\/wp-content\/uploads\/2023\/01\/luvas-de-compressao-para-artrite-arves-innovagoods-2-unidades_455097.jpg","contentUrl":"https:\/\/curiosidadesedicas.com\/loja\/wp-content\/uploads\/2023\/01\/luvas-de-compressao-para-artrite-arves-innovagoods-2-unidades_455097.jpg","width":600,"height":600},{"@type":"BreadcrumbList","@id":"https:\/\/curiosidadesedicas.com\/loja\/produto\/luvas-de-compressao-p-artrite-arves-2-unidades\/#breadcrumb","itemListElement":[{"@type":"ListItem","position":1,"name":"In\u00edcio","item":"https:\/\/curiosidadesedicas.com\/loja\/"},{"@type":"ListItem","position":2,"name":"Produtos","item":"https:\/\/curiosidadesedicas.com\/loja\/produtos\/"},{"@type":"ListItem","position":3,"name":"LUVAS DE COMPRESS\u00c3O P\/ ARTRITE ARVES 2 UNIDADES"}]},{"@type":"WebSite","@id":"https:\/\/curiosidadesedicas.com\/loja\/#website","url":"https:\/\/curiosidadesedicas.com\/loja\/","name":"Curiosidades &amp; Dicas, Lda","description":"Apaixonados Por Inova\u00e7\u00e3o","publisher":{"@id":"https:\/\/curiosidadesedicas.com\/loja\/#organization"},"potentialAction":[{"@type":"SearchAction","target":{"@type":"EntryPoint","urlTemplate":"https:\/\/curiosidadesedicas.com\/loja\/?s={search_term_string}"},"query-input":{"@type":"PropertyValueSpecification","valueRequired":true,"valueName":"search_term_string"}}],"inLanguage":"en-US"},{"@type":"Organization","@id":"https:\/\/curiosidadesedicas.com\/loja\/#organization","name":"Curiosidades & Dicas","url":"https:\/\/curiosidadesedicas.com\/loja\/","logo":{"@type":"ImageObject","inLanguage":"en-US","@id":"https:\/\/curiosidadesedicas.com\/loja\/#\/schema\/logo\/image\/","url":"https:\/\/curiosidadesedicas.com\/loja\/wp-content\/uploads\/2020\/05\/LogoCuriosidadesSimples.png","contentUrl":"https:\/\/curiosidadesedicas.com\/loja\/wp-content\/uploads\/2020\/05\/LogoCuriosidadesSimples.png","width":3528,"height":804,"caption":"Curiosidades & Dicas"},"image":{"@id":"https:\/\/curiosidadesedicas.com\/loja\/#\/schema\/logo\/image\/"}}]}},"_links":{"self":[{"href":"https:\/\/curiosidadesedicas.com\/loja\/en\/wp-json\/wp\/v2\/product\/29156","targetHints":{"allow":["GET"]}}],"collection":[{"href":"https:\/\/curiosidadesedicas.com\/loja\/en\/wp-json\/wp\/v2\/product"}],"about":[{"href":"https:\/\/curiosidadesedicas.com\/loja\/en\/wp-json\/wp\/v2\/types\/product"}],"replies":[{"embeddable":true,"href":"https:\/\/curiosidadesedicas.com\/loja\/en\/wp-json\/wp\/v2\/comments?post=29156"}],"wp:featuredmedia":[{"embeddable":true,"href":"https:\/\/curiosidadesedicas.com\/loja\/en\/wp-json\/wp\/v2\/media\/29168"}],"wp:attachment":[{"href":"https:\/\/curiosidadesedicas.com\/loja\/en\/wp-json\/wp\/v2\/media?parent=29156"}],"wp:term":[{"taxonomy":"product_brand","embeddable":true,"href":"https:\/\/curiosidadesedicas.com\/loja\/en\/wp-json\/wp\/v2\/product_brand?post=29156"},{"taxonomy":"product_cat","embeddable":true,"href":"https:\/\/curiosidadesedicas.com\/loja\/en\/wp-json\/wp\/v2\/product_cat?post=29156"},{"taxonomy":"product_tag","embeddable":true,"href":"https:\/\/curiosidadesedicas.com\/loja\/en\/wp-json\/wp\/v2\/product_tag?post=29156"}],"curies":[{"name":"wp","href":"https:\/\/api.w.org\/{rel}","templated":true}]}}