{"id":29130,"date":"2023-01-24T16:21:30","date_gmt":"2023-01-24T16:21:30","guid":{"rendered":"https:\/\/curiosidadesedicas.com\/loja\/?post_type=product&#038;p=29130"},"modified":"2025-03-12T09:33:51","modified_gmt":"2025-03-12T09:33:51","slug":"massajador-de-pernas-por-compressao-de-ar-maspres","status":"publish","type":"product","link":"https:\/\/curiosidadesedicas.com\/loja\/en\/product\/massajador-de-pernas-por-compressao-de-ar-maspres\/","title":{"rendered":"MASSAJADOR DE PERNAS POR COMPRESS\u00c3O DE AR MASPRES"},"content":{"rendered":"<p>O\u00a0<b>massajador de pernas por compress\u00e3o de ar Maspres <\/b>utiliza a t\u00e9cnica da\u00a0<b>pressoterapia pneum\u00e1tica<\/b>, que consiste em aplicar press\u00e3o estrat\u00e9gica positiva atrav\u00e9s de um dispositivo insufl\u00e1vel e obter um efeito massajador com m\u00faltiplos benef\u00edcios. Este\u00a0<b>massajador\u00a0<\/b><b>el\u00e9trico de pernas<\/b>\u00a0utiliza a press\u00e3o de ar exercida sobre toda a perna (desde a coxa at\u00e9 ao p\u00e9) para proporcionar uma massagem integral, relaxante e reparadora. Ideal para aliviar o cansa\u00e7o e o desconforto nas pernas das pessoas que passam muito tempo em p\u00e9, etc.<\/p>\n<ul>\n<li><b>Design original, ergon\u00f3mico, insufl\u00e1vel<\/b><\/li>\n<li><b>Massagem nas pernas por compress\u00e3o de ar<\/b><\/li>\n<li><b>Ideal para pernas cansadas, al\u00edvio e relaxamento<\/b><\/li>\n<li>2 Perneiras para a parte superior das pernas<\/li>\n<li>2 Perneiras para a parte inferior das pernas<\/li>\n<li>Fechos ajust\u00e1veis com velcro, fixa\u00e7\u00e3o firme<\/li>\n<li>Estrutura tubular remov\u00edvel: conjunto de tubos conect\u00e1veis<\/li>\n<li><b>Comando de controlo<\/b>, funciona com<b>\u00a0<\/b>4 pilhas AA (n\u00e3o inclu\u00eddas)<\/li>\n<li><b>4 Modos de massagem: 4 intensidades de insuflar\/press\u00e3o<\/b><\/li>\n<li>Vasta cobertura de toda a perna, da coxa ao p\u00e9<\/li>\n<li><b>Desmont\u00e1vel<\/b>, leve, f\u00e1cil de utilizar, transportar e guardar<\/li>\n<li><b>Bolsa de transporte com fecho-de-correr<\/b>, adaptador de corrente extra\u00edvel<\/li>\n<\/ul>\n<p>Este\u00a0<b>massajador insufl\u00e1vel\u00a0<\/b>\u00e9 muito f\u00e1cil de montar e usar seguindo as instru\u00e7\u00f5es inclu\u00eddas. As fun\u00e7\u00f5es do dispositivo s\u00e3o executadas a partir do comando de controlo. Ao lig\u00e1-lo, o ar come\u00e7a a ser injetado nas 4 perneiras infl\u00e1veis durante alguns minutos at\u00e9 alcan\u00e7ar o n\u00edvel de press\u00e3o selecionado. Disp\u00f5e de 4 programas de menor a maior intensidade de insuflado\/press\u00e3o. Cada programa tem um tempo de insufla\u00e7\u00e3o\/press\u00e3o e um tempo de esvaziamento diferentes.<\/p>\n<p>Liga-se \u00e0 rede el\u00e9trica atrav\u00e9s do adaptador de corrente inclu\u00eddo. Embora possa ser utilizado apenas com as pilhas do comando de controlo, \u00e9 prefer\u00edvel utiliz\u00e1-lo sempre ligado \u00e0 rede el\u00e9trica (com algumas exce\u00e7\u00f5es) para n\u00e3o perder pot\u00eancia, efic\u00e1cia e durabilidade.<\/p>\n<p>Este\u00a0<b>massajador de ar<\/b>\u00a0contribui para o relaxamento e o bem-estar geral. Al\u00e9m disso, estimula a circula\u00e7\u00e3o e a elimina\u00e7\u00e3o de toxinas e tamb\u00e9m ajuda a prevenir e reduzir a reten\u00e7\u00e3o de l\u00edquidos e a celulite. Pode ser utilizado com lo\u00e7\u00e3o ou creme anticelul\u00editico ou de pernas cansadas para potenciar os seus efeitos.<\/p>\n<p>&nbsp;<\/p>","protected":false},"excerpt":{"rendered":"<ul>\n<li>Material:\n<ul>\n<li>PVC<\/li>\n<li>ABS<\/li>\n<li>Tecido Oxford<\/li>\n<\/ul>\n<\/li>\n<li>Cor: Cinzento<\/li>\n<li>Design inovador e funcional: Ergon\u00f3mico<\/li>\n<li>Tipo: El\u00e9trico<\/li>\n<li>Fun\u00e7\u00e3o massajadora: Perfeito para uma massagem relaxante e reparadora<\/li>\n<li>4 modos de massagem: 4 intensidades<\/li>\n<li>Press\u00e3o m\u00e1xima de ar: 96 kPa<\/li>\n<li>Ajust\u00e1vel: Fecho com velcro<\/li>\n<li>Uso recomendado: Pernas Cansadas<\/li>\n<li>Efeitos ben\u00e9ficos: Al\u00edvio, descanso, relaxamento e bem-estar<\/li>\n<li>F\u00e1cil de utilizar: Utiliza\u00e7\u00e3o c\u00f3moda e simples<\/li>\n<li>Desmont\u00e1vel: F\u00e1cil de transportar e de guardar<\/li>\n<li>Bolsa de transporte: 30 x 40 cm<\/li>\n<li>Telecomando com cabo: Funciona com pilhas (4 x AA, n\u00e3o inclu\u00eddas)<\/li>\n<li>Adaptador de Corrente: AC: 110-240 V \/ 50-60 Hz<\/li>\n<li>Tipo de tomada: C<\/li>\n<li>Comprimento do cabo: 90 cm<\/li>\n<li>Pot\u00eancia: 6,5 W<\/li>\n<li>DC In: 6 V \/ 800 mA<\/li>\n<li>Medidas aprox. desdobrado:\n<ul>\n<li>2x (22 x 68 cm)<\/li>\n<li>2x (54 x 57 cm)<\/li>\n<\/ul>\n<\/li>\n<\/ul>","protected":false},"featured_media":29139,"comment_status":"open","ping_status":"closed","template":"","meta":{"_glsr_average":0,"_glsr_ranking":0,"_glsr_reviews":0},"product_brand":[],"product_cat":[357,359,358],"product_tag":[],"class_list":{"0":"post-29130","1":"product","2":"type-product","3":"status-publish","4":"has-post-thumbnail","6":"product_cat-bem-estar","7":"product_cat-relax","8":"product_cat-saude-e-higiene","10":"first","11":"instock","12":"taxable","13":"shipping-taxable","14":"purchasable","15":"product-type-simple"},"yoast_head":"<!-- This site is optimized with the Yoast SEO plugin v26.8 - https:\/\/yoast.com\/product\/yoast-seo-wordpress\/ -->\n<title>MASSAJADOR DE PERNAS POR COMPRESS\u00c3O DE AR MASPRES - Curiosidades &amp; Dicas, Lda<\/title>\n<meta name=\"robots\" content=\"index, follow, max-snippet:-1, max-image-preview:large, max-video-preview:-1\" \/>\n<link rel=\"canonical\" href=\"https:\/\/curiosidadesedicas.com\/loja\/en\/product\/massajador-de-pernas-por-compressao-de-ar-maspres\/\" \/>\n<meta property=\"og:locale\" content=\"en_US\" \/>\n<meta property=\"og:type\" content=\"article\" \/>\n<meta property=\"og:title\" content=\"MASSAJADOR DE PERNAS POR COMPRESS\u00c3O DE AR MASPRES - Curiosidades &amp; Dicas, Lda\" \/>\n<meta property=\"og:description\" content=\"Material:   PVC  ABS  Tecido Oxford    Cor: Cinzento  Design inovador e funcional: Ergon\u00f3mico  Tipo: El\u00e9trico  Fun\u00e7\u00e3o massajadora: Perfeito para uma massagem relaxante e reparadora  4 modos de massagem: 4 intensidades  Press\u00e3o m\u00e1xima de ar: 96 kPa  Ajust\u00e1vel: Fecho com velcro  Uso recomendado: Pernas Cansadas  Efeitos ben\u00e9ficos: Al\u00edvio, descanso, relaxamento e bem-estar  F\u00e1cil de utilizar: Utiliza\u00e7\u00e3o c\u00f3moda e simples  Desmont\u00e1vel: F\u00e1cil de transportar e de guardar  Bolsa de transporte: 30 x 40 cm  Telecomando com cabo: Funciona com pilhas (4 x AA, n\u00e3o inclu\u00eddas)  Adaptador de Corrente: AC: 110-240 V \/ 50-60 Hz  Tipo de tomada: C  Comprimento do cabo: 90 cm  Pot\u00eancia: 6,5 W  DC In: 6 V \/ 800 mA  Medidas aprox. desdobrado:   2x (22 x 68 cm)  2x (54 x 57 cm)\" \/>\n<meta property=\"og:url\" content=\"https:\/\/curiosidadesedicas.com\/loja\/en\/product\/massajador-de-pernas-por-compressao-de-ar-maspres\/\" \/>\n<meta property=\"og:site_name\" content=\"Curiosidades &amp; Dicas, Lda\" \/>\n<meta property=\"article:modified_time\" content=\"2025-03-12T09:33:51+00:00\" \/>\n<meta property=\"og:image\" content=\"https:\/\/curiosidadesedicas.com\/loja\/wp-content\/uploads\/2023\/01\/massajador-de-pernas-por-compressao-de-ar-maspres-innovagoods_399226.jpg\" \/>\n\t<meta property=\"og:image:width\" content=\"600\" \/>\n\t<meta property=\"og:image:height\" content=\"600\" \/>\n\t<meta property=\"og:image:type\" content=\"image\/jpeg\" \/>\n<meta name=\"twitter:card\" content=\"summary_large_image\" \/>\n<meta name=\"twitter:label1\" content=\"Est. reading time\" \/>\n\t<meta name=\"twitter:data1\" content=\"2 minutes\" \/>\n<script type=\"application\/ld+json\" class=\"yoast-schema-graph\">{\"@context\":\"https:\/\/schema.org\",\"@graph\":[{\"@type\":\"WebPage\",\"@id\":\"https:\/\/curiosidadesedicas.com\/loja\/produto\/massajador-de-pernas-por-compressao-de-ar-maspres\/\",\"url\":\"https:\/\/curiosidadesedicas.com\/loja\/produto\/massajador-de-pernas-por-compressao-de-ar-maspres\/\",\"name\":\"MASSAJADOR DE PERNAS POR COMPRESS\u00c3O DE AR MASPRES - Curiosidades &amp; Dicas, Lda\",\"isPartOf\":{\"@id\":\"https:\/\/curiosidadesedicas.com\/loja\/#website\"},\"primaryImageOfPage\":{\"@id\":\"https:\/\/curiosidadesedicas.com\/loja\/produto\/massajador-de-pernas-por-compressao-de-ar-maspres\/#primaryimage\"},\"image\":{\"@id\":\"https:\/\/curiosidadesedicas.com\/loja\/produto\/massajador-de-pernas-por-compressao-de-ar-maspres\/#primaryimage\"},\"thumbnailUrl\":\"https:\/\/curiosidadesedicas.com\/loja\/wp-content\/uploads\/2023\/01\/massajador-de-pernas-por-compressao-de-ar-maspres-innovagoods_399226.jpg\",\"datePublished\":\"2023-01-24T16:21:30+00:00\",\"dateModified\":\"2025-03-12T09:33:51+00:00\",\"breadcrumb\":{\"@id\":\"https:\/\/curiosidadesedicas.com\/loja\/produto\/massajador-de-pernas-por-compressao-de-ar-maspres\/#breadcrumb\"},\"inLanguage\":\"en-US\",\"potentialAction\":[{\"@type\":\"ReadAction\",\"target\":[\"https:\/\/curiosidadesedicas.com\/loja\/produto\/massajador-de-pernas-por-compressao-de-ar-maspres\/\"]}]},{\"@type\":\"ImageObject\",\"inLanguage\":\"en-US\",\"@id\":\"https:\/\/curiosidadesedicas.com\/loja\/produto\/massajador-de-pernas-por-compressao-de-ar-maspres\/#primaryimage\",\"url\":\"https:\/\/curiosidadesedicas.com\/loja\/wp-content\/uploads\/2023\/01\/massajador-de-pernas-por-compressao-de-ar-maspres-innovagoods_399226.jpg\",\"contentUrl\":\"https:\/\/curiosidadesedicas.com\/loja\/wp-content\/uploads\/2023\/01\/massajador-de-pernas-por-compressao-de-ar-maspres-innovagoods_399226.jpg\",\"width\":600,\"height\":600},{\"@type\":\"BreadcrumbList\",\"@id\":\"https:\/\/curiosidadesedicas.com\/loja\/produto\/massajador-de-pernas-por-compressao-de-ar-maspres\/#breadcrumb\",\"itemListElement\":[{\"@type\":\"ListItem\",\"position\":1,\"name\":\"In\u00edcio\",\"item\":\"https:\/\/curiosidadesedicas.com\/loja\/\"},{\"@type\":\"ListItem\",\"position\":2,\"name\":\"Produtos\",\"item\":\"https:\/\/curiosidadesedicas.com\/loja\/produtos\/\"},{\"@type\":\"ListItem\",\"position\":3,\"name\":\"MASSAJADOR DE PERNAS POR COMPRESS\u00c3O DE AR MASPRES\"}]},{\"@type\":\"WebSite\",\"@id\":\"https:\/\/curiosidadesedicas.com\/loja\/#website\",\"url\":\"https:\/\/curiosidadesedicas.com\/loja\/\",\"name\":\"Curiosidades &amp; Dicas, Lda\",\"description\":\"Apaixonados Por Inova\u00e7\u00e3o\",\"publisher\":{\"@id\":\"https:\/\/curiosidadesedicas.com\/loja\/#organization\"},\"potentialAction\":[{\"@type\":\"SearchAction\",\"target\":{\"@type\":\"EntryPoint\",\"urlTemplate\":\"https:\/\/curiosidadesedicas.com\/loja\/?s={search_term_string}\"},\"query-input\":{\"@type\":\"PropertyValueSpecification\",\"valueRequired\":true,\"valueName\":\"search_term_string\"}}],\"inLanguage\":\"en-US\"},{\"@type\":\"Organization\",\"@id\":\"https:\/\/curiosidadesedicas.com\/loja\/#organization\",\"name\":\"Curiosidades & Dicas\",\"url\":\"https:\/\/curiosidadesedicas.com\/loja\/\",\"logo\":{\"@type\":\"ImageObject\",\"inLanguage\":\"en-US\",\"@id\":\"https:\/\/curiosidadesedicas.com\/loja\/#\/schema\/logo\/image\/\",\"url\":\"https:\/\/curiosidadesedicas.com\/loja\/wp-content\/uploads\/2020\/05\/LogoCuriosidadesSimples.png\",\"contentUrl\":\"https:\/\/curiosidadesedicas.com\/loja\/wp-content\/uploads\/2020\/05\/LogoCuriosidadesSimples.png\",\"width\":3528,\"height\":804,\"caption\":\"Curiosidades & Dicas\"},\"image\":{\"@id\":\"https:\/\/curiosidadesedicas.com\/loja\/#\/schema\/logo\/image\/\"}}]}<\/script>\n<!-- \/ Yoast SEO plugin. -->","yoast_head_json":{"title":"MASSAJADOR DE PERNAS POR COMPRESS\u00c3O DE AR MASPRES - Curiosidades &amp; Dicas, Lda","robots":{"index":"index","follow":"follow","max-snippet":"max-snippet:-1","max-image-preview":"max-image-preview:large","max-video-preview":"max-video-preview:-1"},"canonical":"https:\/\/curiosidadesedicas.com\/loja\/en\/product\/massajador-de-pernas-por-compressao-de-ar-maspres\/","og_locale":"en_US","og_type":"article","og_title":"MASSAJADOR DE PERNAS POR COMPRESS\u00c3O DE AR MASPRES - Curiosidades &amp; Dicas, Lda","og_description":"Material:   PVC  ABS  Tecido Oxford    Cor: Cinzento  Design inovador e funcional: Ergon\u00f3mico  Tipo: El\u00e9trico  Fun\u00e7\u00e3o massajadora: Perfeito para uma massagem relaxante e reparadora  4 modos de massagem: 4 intensidades  Press\u00e3o m\u00e1xima de ar: 96 kPa  Ajust\u00e1vel: Fecho com velcro  Uso recomendado: Pernas Cansadas  Efeitos ben\u00e9ficos: Al\u00edvio, descanso, relaxamento e bem-estar  F\u00e1cil de utilizar: Utiliza\u00e7\u00e3o c\u00f3moda e simples  Desmont\u00e1vel: F\u00e1cil de transportar e de guardar  Bolsa de transporte: 30 x 40 cm  Telecomando com cabo: Funciona com pilhas (4 x AA, n\u00e3o inclu\u00eddas)  Adaptador de Corrente: AC: 110-240 V \/ 50-60 Hz  Tipo de tomada: C  Comprimento do cabo: 90 cm  Pot\u00eancia: 6,5 W  DC In: 6 V \/ 800 mA  Medidas aprox. desdobrado:   2x (22 x 68 cm)  2x (54 x 57 cm)","og_url":"https:\/\/curiosidadesedicas.com\/loja\/en\/product\/massajador-de-pernas-por-compressao-de-ar-maspres\/","og_site_name":"Curiosidades &amp; Dicas, Lda","article_modified_time":"2025-03-12T09:33:51+00:00","og_image":[{"width":600,"height":600,"url":"https:\/\/curiosidadesedicas.com\/loja\/wp-content\/uploads\/2023\/01\/massajador-de-pernas-por-compressao-de-ar-maspres-innovagoods_399226.jpg","type":"image\/jpeg"}],"twitter_card":"summary_large_image","twitter_misc":{"Est. reading time":"2 minutes"},"schema":{"@context":"https:\/\/schema.org","@graph":[{"@type":"WebPage","@id":"https:\/\/curiosidadesedicas.com\/loja\/produto\/massajador-de-pernas-por-compressao-de-ar-maspres\/","url":"https:\/\/curiosidadesedicas.com\/loja\/produto\/massajador-de-pernas-por-compressao-de-ar-maspres\/","name":"MASSAJADOR DE PERNAS POR COMPRESS\u00c3O DE AR MASPRES - Curiosidades &amp; Dicas, Lda","isPartOf":{"@id":"https:\/\/curiosidadesedicas.com\/loja\/#website"},"primaryImageOfPage":{"@id":"https:\/\/curiosidadesedicas.com\/loja\/produto\/massajador-de-pernas-por-compressao-de-ar-maspres\/#primaryimage"},"image":{"@id":"https:\/\/curiosidadesedicas.com\/loja\/produto\/massajador-de-pernas-por-compressao-de-ar-maspres\/#primaryimage"},"thumbnailUrl":"https:\/\/curiosidadesedicas.com\/loja\/wp-content\/uploads\/2023\/01\/massajador-de-pernas-por-compressao-de-ar-maspres-innovagoods_399226.jpg","datePublished":"2023-01-24T16:21:30+00:00","dateModified":"2025-03-12T09:33:51+00:00","breadcrumb":{"@id":"https:\/\/curiosidadesedicas.com\/loja\/produto\/massajador-de-pernas-por-compressao-de-ar-maspres\/#breadcrumb"},"inLanguage":"en-US","potentialAction":[{"@type":"ReadAction","target":["https:\/\/curiosidadesedicas.com\/loja\/produto\/massajador-de-pernas-por-compressao-de-ar-maspres\/"]}]},{"@type":"ImageObject","inLanguage":"en-US","@id":"https:\/\/curiosidadesedicas.com\/loja\/produto\/massajador-de-pernas-por-compressao-de-ar-maspres\/#primaryimage","url":"https:\/\/curiosidadesedicas.com\/loja\/wp-content\/uploads\/2023\/01\/massajador-de-pernas-por-compressao-de-ar-maspres-innovagoods_399226.jpg","contentUrl":"https:\/\/curiosidadesedicas.com\/loja\/wp-content\/uploads\/2023\/01\/massajador-de-pernas-por-compressao-de-ar-maspres-innovagoods_399226.jpg","width":600,"height":600},{"@type":"BreadcrumbList","@id":"https:\/\/curiosidadesedicas.com\/loja\/produto\/massajador-de-pernas-por-compressao-de-ar-maspres\/#breadcrumb","itemListElement":[{"@type":"ListItem","position":1,"name":"In\u00edcio","item":"https:\/\/curiosidadesedicas.com\/loja\/"},{"@type":"ListItem","position":2,"name":"Produtos","item":"https:\/\/curiosidadesedicas.com\/loja\/produtos\/"},{"@type":"ListItem","position":3,"name":"MASSAJADOR DE PERNAS POR COMPRESS\u00c3O DE AR MASPRES"}]},{"@type":"WebSite","@id":"https:\/\/curiosidadesedicas.com\/loja\/#website","url":"https:\/\/curiosidadesedicas.com\/loja\/","name":"Curiosidades &amp; Dicas, Lda","description":"Apaixonados Por Inova\u00e7\u00e3o","publisher":{"@id":"https:\/\/curiosidadesedicas.com\/loja\/#organization"},"potentialAction":[{"@type":"SearchAction","target":{"@type":"EntryPoint","urlTemplate":"https:\/\/curiosidadesedicas.com\/loja\/?s={search_term_string}"},"query-input":{"@type":"PropertyValueSpecification","valueRequired":true,"valueName":"search_term_string"}}],"inLanguage":"en-US"},{"@type":"Organization","@id":"https:\/\/curiosidadesedicas.com\/loja\/#organization","name":"Curiosidades & Dicas","url":"https:\/\/curiosidadesedicas.com\/loja\/","logo":{"@type":"ImageObject","inLanguage":"en-US","@id":"https:\/\/curiosidadesedicas.com\/loja\/#\/schema\/logo\/image\/","url":"https:\/\/curiosidadesedicas.com\/loja\/wp-content\/uploads\/2020\/05\/LogoCuriosidadesSimples.png","contentUrl":"https:\/\/curiosidadesedicas.com\/loja\/wp-content\/uploads\/2020\/05\/LogoCuriosidadesSimples.png","width":3528,"height":804,"caption":"Curiosidades & Dicas"},"image":{"@id":"https:\/\/curiosidadesedicas.com\/loja\/#\/schema\/logo\/image\/"}}]}},"_links":{"self":[{"href":"https:\/\/curiosidadesedicas.com\/loja\/en\/wp-json\/wp\/v2\/product\/29130","targetHints":{"allow":["GET"]}}],"collection":[{"href":"https:\/\/curiosidadesedicas.com\/loja\/en\/wp-json\/wp\/v2\/product"}],"about":[{"href":"https:\/\/curiosidadesedicas.com\/loja\/en\/wp-json\/wp\/v2\/types\/product"}],"replies":[{"embeddable":true,"href":"https:\/\/curiosidadesedicas.com\/loja\/en\/wp-json\/wp\/v2\/comments?post=29130"}],"wp:featuredmedia":[{"embeddable":true,"href":"https:\/\/curiosidadesedicas.com\/loja\/en\/wp-json\/wp\/v2\/media\/29139"}],"wp:attachment":[{"href":"https:\/\/curiosidadesedicas.com\/loja\/en\/wp-json\/wp\/v2\/media?parent=29130"}],"wp:term":[{"taxonomy":"product_brand","embeddable":true,"href":"https:\/\/curiosidadesedicas.com\/loja\/en\/wp-json\/wp\/v2\/product_brand?post=29130"},{"taxonomy":"product_cat","embeddable":true,"href":"https:\/\/curiosidadesedicas.com\/loja\/en\/wp-json\/wp\/v2\/product_cat?post=29130"},{"taxonomy":"product_tag","embeddable":true,"href":"https:\/\/curiosidadesedicas.com\/loja\/en\/wp-json\/wp\/v2\/product_tag?post=29130"}],"curies":[{"name":"wp","href":"https:\/\/api.w.org\/{rel}","templated":true}]}}