{"id":28575,"date":"2023-01-02T12:39:01","date_gmt":"2023-01-02T12:39:01","guid":{"rendered":"https:\/\/curiosidadesedicas.com\/loja\/?post_type=product&#038;p=28575"},"modified":"2025-03-12T09:39:45","modified_gmt":"2025-03-12T09:39:45","slug":"capa-elastica-p-poltrona-relax-monzon","status":"publish","type":"product","link":"https:\/\/curiosidadesedicas.com\/loja\/en\/product\/capa-elastica-p-poltrona-relax-monzon\/","title":{"rendered":"CAPA EL\u00c1STICA P\/ POLTRONA RELAX MONZON"},"content":{"rendered":"<div>\n<div data-tab=\"25\">\n<div id=\"idTab25\" class=\"content_tab\" data-tab=\"25\">\n<p>Para que a sua capa encaixar-se melhor ainda, vamos incluir no pacote algumas barras especiais que podem ser de poliuretano ou de papel\u00e3o. Dependendo da capa que voc\u00ea vai escolher, voc\u00ea vai receber a quantidade necess\u00e1ria duma das duas op\u00e7\u00f5es.<\/p>\n<p><strong>RECOMENDA\u00c7\u00d5ES:<\/strong><\/p>\n<\/div>\n<div data-tab=\"25\">\n<p>* Lavar separadamente antes de usar cores escuras<\/p>\n<p>* As cores mostradas nesta apresenta\u00e7\u00e3o podem apresentar varia\u00e7\u00e3o da realidade, devido \u00e0s limita\u00e7\u00f5es das diferentes telas, resolu\u00e7\u00f5es, brilho, etc<\/p>\n<\/div>\n<\/div>\n<p><strong>Temos 11 anos de mercado, com 99% dos clientes satisfeitos.\u00a0 Preparamos este conte\u00fado para mostrar o que nos distingue:<\/strong><\/p>\n<\/div>\n<p><img loading=\"lazy\" decoding=\"async\" class=\"alignnone wp-image-24965 size-full\" src=\"https:\/\/curiosidadesedicas.com\/loja\/wp-content\/uploads\/2022\/03\/Valores-CAPAS.gif\" alt=\"\" width=\"600\" height=\"600\" \/><\/p>\n<p><strong>Composi\u00e7\u00e3o:<\/strong><br \/>\n60% Poli\u00e9ster &#8211; 35% Cotone &#8211; 5% Elast\u00f4mero.<\/p>\n<p><strong>INSTRU\u00c7\u00d5ES DE LAVAGEM:<\/strong><\/p>\n<p class=\"ww\"><img loading=\"lazy\" decoding=\"async\" title=\"Temperatura m\u00e1xima de lavagem\" src=\"https:\/\/www.capasparasofa.pt\/img\/cms\/i_temperatura.jpg\" alt=\"Temperatura m\u00e1xima de lavagem\" width=\"42\" height=\"42\" \/>\u00a0<img loading=\"lazy\" decoding=\"async\" title=\"N\u00e3o utilizar lix\u00edvia\" src=\"https:\/\/www.capasparasofa.pt\/img\/cms\/i_no_lejia.jpg\" alt=\"N\u00e3o utilizar lix\u00edvia\" width=\"42\" height=\"42\" \/>\u00a0<img loading=\"lazy\" decoding=\"async\" title=\"N\u00e3o passar o ferro\" src=\"https:\/\/www.capasparasofa.pt\/img\/cms\/i_no_plancha.jpg\" alt=\"N\u00e3o passar o ferro\" width=\"42\" height=\"42\" \/>\u00a0<img loading=\"lazy\" decoding=\"async\" title=\"N\u00e3o secar no tambor\" src=\"https:\/\/www.capasparasofa.pt\/img\/cms\/i_no_secadora.jpg\" alt=\"N\u00e3o secar no tambor\" width=\"42\" height=\"42\" \/>\u00a0<img loading=\"lazy\" decoding=\"async\" title=\"N\u00e3o lavar a seco\" src=\"https:\/\/www.capasparasofa.pt\/img\/cms\/i_no_lavado_seco.jpg\" alt=\"N\u00e3o lavar a seco\" width=\"42\" height=\"42\" \/><\/p>\n<p>100% lav\u00e1vel<\/p>\n<div class=\"woocommerce-tabs wc-tabs-wrapper\">\n<div id=\"tab-description\" class=\"woocommerce-Tabs-panel woocommerce-Tabs-panel--description panel entry-content wc-tab\" role=\"tabpanel\" aria-labelledby=\"tab-title-description\">\n<p>&nbsp;<\/p>\n<\/div>\n<\/div>\n<section class=\"related products\"><\/section>","protected":false},"excerpt":{"rendered":"<ul>\n<li>Capa muito pr\u00e1tica, adaptada para poltronas relax.<\/li>\n<li>Prote\u00e7\u00e3o total\u00a0para o seu sof\u00e1 e adapta\u00e7\u00e3o mais f\u00e1cil gra\u00e7as \u00e0 sua elasticidade.<\/li>\n<li>Pr\u00e1tica e ajust\u00e1vel, \u00e9 muito f\u00e1cil de colocar e retirar, assim como de lavar.<\/li>\n<li>Dispon\u00edvel num\u00a0largo leque de modelos e cores\u00a0para combinar com a sua sala<\/li>\n<\/ul>\n<p><strong>Veja como \u00e9 simples aplicar a capa monzon para poltronas relax:<\/strong><\/p>\n<div id=\"more_info_block\" class=\"col-xs-12 col-sm-12 col-md-10\">\n<div id=\"more_info_sheets\" class=\"sheets align_justify\">\n<div class=\"wrapper_content_tab\">\n<div class=\"left_content_tab\">\n<div id=\"idTab25\" class=\"content_tab\" data-tab=\"25\">\n<p>Medida do respaldo:\u00a0extens\u00edvel de 55cm a 85cm.<\/p>\n<\/div>\n<div class=\"content_tab\" data-tab=\"25\"><\/div>\n<\/div>\n<\/div>\n<\/div>\n<\/div>","protected":false},"featured_media":28609,"comment_status":"open","ping_status":"closed","template":"","meta":{"_glsr_average":0,"_glsr_ranking":0,"_glsr_reviews":0},"product_brand":[],"product_cat":[371,373],"product_tag":[416],"class_list":{"0":"post-28575","1":"product","2":"type-product","3":"status-publish","4":"has-post-thumbnail","6":"product_cat-capas-protetoras","7":"product_cat-elasticas-p-sofas","8":"product_tag-roque","10":"first","11":"instock","12":"taxable","13":"shipping-taxable","14":"purchasable","15":"product-type-variable"},"yoast_head":"<!-- This site is optimized with the Yoast SEO plugin v26.8 - https:\/\/yoast.com\/product\/yoast-seo-wordpress\/ -->\n<title>CAPA EL\u00c1STICA P\/ POLTRONA RELAX MONZON - Curiosidades &amp; Dicas, Lda<\/title>\n<meta name=\"robots\" content=\"index, follow, max-snippet:-1, max-image-preview:large, max-video-preview:-1\" \/>\n<link rel=\"canonical\" href=\"https:\/\/curiosidadesedicas.com\/loja\/en\/product\/capa-elastica-p-poltrona-relax-monzon\/\" \/>\n<meta property=\"og:locale\" content=\"en_US\" \/>\n<meta property=\"og:type\" content=\"article\" \/>\n<meta property=\"og:title\" content=\"CAPA EL\u00c1STICA P\/ POLTRONA RELAX MONZON - Curiosidades &amp; Dicas, Lda\" \/>\n<meta property=\"og:description\" content=\"Capa muito pr\u00e1tica, adaptada para poltronas relax.  Prote\u00e7\u00e3o total\u00a0para o seu sof\u00e1 e adapta\u00e7\u00e3o mais f\u00e1cil gra\u00e7as \u00e0 sua elasticidade.  Pr\u00e1tica e ajust\u00e1vel, \u00e9 muito f\u00e1cil de colocar e retirar, assim como de lavar.  Dispon\u00edvel num\u00a0largo leque de modelos e cores\u00a0para combinar com a sua sala  Veja como \u00e9 simples aplicar a capa monzon para poltronas relax:       Medida do respaldo:\u00a0extens\u00edvel de 55cm a 85cm.\" \/>\n<meta property=\"og:url\" content=\"https:\/\/curiosidadesedicas.com\/loja\/en\/product\/capa-elastica-p-poltrona-relax-monzon\/\" \/>\n<meta property=\"og:site_name\" content=\"Curiosidades &amp; Dicas, Lda\" \/>\n<meta property=\"article:modified_time\" content=\"2025-03-12T09:39:45+00:00\" \/>\n<meta property=\"og:image\" content=\"https:\/\/curiosidadesedicas.com\/loja\/wp-content\/uploads\/2023\/01\/BE11-2.png\" \/>\n\t<meta property=\"og:image:width\" content=\"876\" \/>\n\t<meta property=\"og:image:height\" content=\"707\" \/>\n\t<meta property=\"og:image:type\" content=\"image\/png\" \/>\n<meta name=\"twitter:card\" content=\"summary_large_image\" \/>\n<meta name=\"twitter:label1\" content=\"Est. reading time\" \/>\n\t<meta name=\"twitter:data1\" content=\"2 minutes\" \/>\n<script type=\"application\/ld+json\" class=\"yoast-schema-graph\">{\"@context\":\"https:\/\/schema.org\",\"@graph\":[{\"@type\":\"WebPage\",\"@id\":\"https:\/\/curiosidadesedicas.com\/loja\/produto\/capa-elastica-p-poltrona-relax-monzon\/\",\"url\":\"https:\/\/curiosidadesedicas.com\/loja\/produto\/capa-elastica-p-poltrona-relax-monzon\/\",\"name\":\"CAPA EL\u00c1STICA P\/ POLTRONA RELAX MONZON - Curiosidades &amp; Dicas, Lda\",\"isPartOf\":{\"@id\":\"https:\/\/curiosidadesedicas.com\/loja\/#website\"},\"primaryImageOfPage\":{\"@id\":\"https:\/\/curiosidadesedicas.com\/loja\/produto\/capa-elastica-p-poltrona-relax-monzon\/#primaryimage\"},\"image\":{\"@id\":\"https:\/\/curiosidadesedicas.com\/loja\/produto\/capa-elastica-p-poltrona-relax-monzon\/#primaryimage\"},\"thumbnailUrl\":\"https:\/\/curiosidadesedicas.com\/loja\/wp-content\/uploads\/2023\/01\/BE11-2.png\",\"datePublished\":\"2023-01-02T12:39:01+00:00\",\"dateModified\":\"2025-03-12T09:39:45+00:00\",\"breadcrumb\":{\"@id\":\"https:\/\/curiosidadesedicas.com\/loja\/produto\/capa-elastica-p-poltrona-relax-monzon\/#breadcrumb\"},\"inLanguage\":\"en-US\",\"potentialAction\":[{\"@type\":\"ReadAction\",\"target\":[\"https:\/\/curiosidadesedicas.com\/loja\/produto\/capa-elastica-p-poltrona-relax-monzon\/\"]}]},{\"@type\":\"ImageObject\",\"inLanguage\":\"en-US\",\"@id\":\"https:\/\/curiosidadesedicas.com\/loja\/produto\/capa-elastica-p-poltrona-relax-monzon\/#primaryimage\",\"url\":\"https:\/\/curiosidadesedicas.com\/loja\/wp-content\/uploads\/2023\/01\/BE11-2.png\",\"contentUrl\":\"https:\/\/curiosidadesedicas.com\/loja\/wp-content\/uploads\/2023\/01\/BE11-2.png\",\"width\":876,\"height\":707},{\"@type\":\"BreadcrumbList\",\"@id\":\"https:\/\/curiosidadesedicas.com\/loja\/produto\/capa-elastica-p-poltrona-relax-monzon\/#breadcrumb\",\"itemListElement\":[{\"@type\":\"ListItem\",\"position\":1,\"name\":\"In\u00edcio\",\"item\":\"https:\/\/curiosidadesedicas.com\/loja\/\"},{\"@type\":\"ListItem\",\"position\":2,\"name\":\"Produtos\",\"item\":\"https:\/\/curiosidadesedicas.com\/loja\/produtos\/\"},{\"@type\":\"ListItem\",\"position\":3,\"name\":\"CAPA EL\u00c1STICA P\/ POLTRONA RELAX MONZON\"}]},{\"@type\":\"WebSite\",\"@id\":\"https:\/\/curiosidadesedicas.com\/loja\/#website\",\"url\":\"https:\/\/curiosidadesedicas.com\/loja\/\",\"name\":\"Curiosidades &amp; Dicas, Lda\",\"description\":\"Apaixonados Por Inova\u00e7\u00e3o\",\"publisher\":{\"@id\":\"https:\/\/curiosidadesedicas.com\/loja\/#organization\"},\"potentialAction\":[{\"@type\":\"SearchAction\",\"target\":{\"@type\":\"EntryPoint\",\"urlTemplate\":\"https:\/\/curiosidadesedicas.com\/loja\/?s={search_term_string}\"},\"query-input\":{\"@type\":\"PropertyValueSpecification\",\"valueRequired\":true,\"valueName\":\"search_term_string\"}}],\"inLanguage\":\"en-US\"},{\"@type\":\"Organization\",\"@id\":\"https:\/\/curiosidadesedicas.com\/loja\/#organization\",\"name\":\"Curiosidades & Dicas\",\"url\":\"https:\/\/curiosidadesedicas.com\/loja\/\",\"logo\":{\"@type\":\"ImageObject\",\"inLanguage\":\"en-US\",\"@id\":\"https:\/\/curiosidadesedicas.com\/loja\/#\/schema\/logo\/image\/\",\"url\":\"https:\/\/curiosidadesedicas.com\/loja\/wp-content\/uploads\/2020\/05\/LogoCuriosidadesSimples.png\",\"contentUrl\":\"https:\/\/curiosidadesedicas.com\/loja\/wp-content\/uploads\/2020\/05\/LogoCuriosidadesSimples.png\",\"width\":3528,\"height\":804,\"caption\":\"Curiosidades & Dicas\"},\"image\":{\"@id\":\"https:\/\/curiosidadesedicas.com\/loja\/#\/schema\/logo\/image\/\"}}]}<\/script>\n<!-- \/ Yoast SEO plugin. -->","yoast_head_json":{"title":"CAPA EL\u00c1STICA P\/ POLTRONA RELAX MONZON - Curiosidades &amp; Dicas, Lda","robots":{"index":"index","follow":"follow","max-snippet":"max-snippet:-1","max-image-preview":"max-image-preview:large","max-video-preview":"max-video-preview:-1"},"canonical":"https:\/\/curiosidadesedicas.com\/loja\/en\/product\/capa-elastica-p-poltrona-relax-monzon\/","og_locale":"en_US","og_type":"article","og_title":"CAPA EL\u00c1STICA P\/ POLTRONA RELAX MONZON - Curiosidades &amp; Dicas, Lda","og_description":"Capa muito pr\u00e1tica, adaptada para poltronas relax.  Prote\u00e7\u00e3o total\u00a0para o seu sof\u00e1 e adapta\u00e7\u00e3o mais f\u00e1cil gra\u00e7as \u00e0 sua elasticidade.  Pr\u00e1tica e ajust\u00e1vel, \u00e9 muito f\u00e1cil de colocar e retirar, assim como de lavar.  Dispon\u00edvel num\u00a0largo leque de modelos e cores\u00a0para combinar com a sua sala  Veja como \u00e9 simples aplicar a capa monzon para poltronas relax:       Medida do respaldo:\u00a0extens\u00edvel de 55cm a 85cm.","og_url":"https:\/\/curiosidadesedicas.com\/loja\/en\/product\/capa-elastica-p-poltrona-relax-monzon\/","og_site_name":"Curiosidades &amp; Dicas, Lda","article_modified_time":"2025-03-12T09:39:45+00:00","og_image":[{"width":876,"height":707,"url":"https:\/\/curiosidadesedicas.com\/loja\/wp-content\/uploads\/2023\/01\/BE11-2.png","type":"image\/png"}],"twitter_card":"summary_large_image","twitter_misc":{"Est. reading time":"2 minutes"},"schema":{"@context":"https:\/\/schema.org","@graph":[{"@type":"WebPage","@id":"https:\/\/curiosidadesedicas.com\/loja\/produto\/capa-elastica-p-poltrona-relax-monzon\/","url":"https:\/\/curiosidadesedicas.com\/loja\/produto\/capa-elastica-p-poltrona-relax-monzon\/","name":"CAPA EL\u00c1STICA P\/ POLTRONA RELAX MONZON - Curiosidades &amp; Dicas, Lda","isPartOf":{"@id":"https:\/\/curiosidadesedicas.com\/loja\/#website"},"primaryImageOfPage":{"@id":"https:\/\/curiosidadesedicas.com\/loja\/produto\/capa-elastica-p-poltrona-relax-monzon\/#primaryimage"},"image":{"@id":"https:\/\/curiosidadesedicas.com\/loja\/produto\/capa-elastica-p-poltrona-relax-monzon\/#primaryimage"},"thumbnailUrl":"https:\/\/curiosidadesedicas.com\/loja\/wp-content\/uploads\/2023\/01\/BE11-2.png","datePublished":"2023-01-02T12:39:01+00:00","dateModified":"2025-03-12T09:39:45+00:00","breadcrumb":{"@id":"https:\/\/curiosidadesedicas.com\/loja\/produto\/capa-elastica-p-poltrona-relax-monzon\/#breadcrumb"},"inLanguage":"en-US","potentialAction":[{"@type":"ReadAction","target":["https:\/\/curiosidadesedicas.com\/loja\/produto\/capa-elastica-p-poltrona-relax-monzon\/"]}]},{"@type":"ImageObject","inLanguage":"en-US","@id":"https:\/\/curiosidadesedicas.com\/loja\/produto\/capa-elastica-p-poltrona-relax-monzon\/#primaryimage","url":"https:\/\/curiosidadesedicas.com\/loja\/wp-content\/uploads\/2023\/01\/BE11-2.png","contentUrl":"https:\/\/curiosidadesedicas.com\/loja\/wp-content\/uploads\/2023\/01\/BE11-2.png","width":876,"height":707},{"@type":"BreadcrumbList","@id":"https:\/\/curiosidadesedicas.com\/loja\/produto\/capa-elastica-p-poltrona-relax-monzon\/#breadcrumb","itemListElement":[{"@type":"ListItem","position":1,"name":"In\u00edcio","item":"https:\/\/curiosidadesedicas.com\/loja\/"},{"@type":"ListItem","position":2,"name":"Produtos","item":"https:\/\/curiosidadesedicas.com\/loja\/produtos\/"},{"@type":"ListItem","position":3,"name":"CAPA EL\u00c1STICA P\/ POLTRONA RELAX MONZON"}]},{"@type":"WebSite","@id":"https:\/\/curiosidadesedicas.com\/loja\/#website","url":"https:\/\/curiosidadesedicas.com\/loja\/","name":"Curiosidades &amp; Dicas, Lda","description":"Apaixonados Por Inova\u00e7\u00e3o","publisher":{"@id":"https:\/\/curiosidadesedicas.com\/loja\/#organization"},"potentialAction":[{"@type":"SearchAction","target":{"@type":"EntryPoint","urlTemplate":"https:\/\/curiosidadesedicas.com\/loja\/?s={search_term_string}"},"query-input":{"@type":"PropertyValueSpecification","valueRequired":true,"valueName":"search_term_string"}}],"inLanguage":"en-US"},{"@type":"Organization","@id":"https:\/\/curiosidadesedicas.com\/loja\/#organization","name":"Curiosidades & Dicas","url":"https:\/\/curiosidadesedicas.com\/loja\/","logo":{"@type":"ImageObject","inLanguage":"en-US","@id":"https:\/\/curiosidadesedicas.com\/loja\/#\/schema\/logo\/image\/","url":"https:\/\/curiosidadesedicas.com\/loja\/wp-content\/uploads\/2020\/05\/LogoCuriosidadesSimples.png","contentUrl":"https:\/\/curiosidadesedicas.com\/loja\/wp-content\/uploads\/2020\/05\/LogoCuriosidadesSimples.png","width":3528,"height":804,"caption":"Curiosidades & Dicas"},"image":{"@id":"https:\/\/curiosidadesedicas.com\/loja\/#\/schema\/logo\/image\/"}}]}},"_links":{"self":[{"href":"https:\/\/curiosidadesedicas.com\/loja\/en\/wp-json\/wp\/v2\/product\/28575","targetHints":{"allow":["GET"]}}],"collection":[{"href":"https:\/\/curiosidadesedicas.com\/loja\/en\/wp-json\/wp\/v2\/product"}],"about":[{"href":"https:\/\/curiosidadesedicas.com\/loja\/en\/wp-json\/wp\/v2\/types\/product"}],"replies":[{"embeddable":true,"href":"https:\/\/curiosidadesedicas.com\/loja\/en\/wp-json\/wp\/v2\/comments?post=28575"}],"wp:featuredmedia":[{"embeddable":true,"href":"https:\/\/curiosidadesedicas.com\/loja\/en\/wp-json\/wp\/v2\/media\/28609"}],"wp:attachment":[{"href":"https:\/\/curiosidadesedicas.com\/loja\/en\/wp-json\/wp\/v2\/media?parent=28575"}],"wp:term":[{"taxonomy":"product_brand","embeddable":true,"href":"https:\/\/curiosidadesedicas.com\/loja\/en\/wp-json\/wp\/v2\/product_brand?post=28575"},{"taxonomy":"product_cat","embeddable":true,"href":"https:\/\/curiosidadesedicas.com\/loja\/en\/wp-json\/wp\/v2\/product_cat?post=28575"},{"taxonomy":"product_tag","embeddable":true,"href":"https:\/\/curiosidadesedicas.com\/loja\/en\/wp-json\/wp\/v2\/product_tag?post=28575"}],"curies":[{"name":"wp","href":"https:\/\/api.w.org\/{rel}","templated":true}]}}