{"id":28476,"date":"2022-12-30T12:31:13","date_gmt":"2022-12-30T12:31:13","guid":{"rendered":"https:\/\/curiosidadesedicas.com\/loja\/?post_type=product&#038;p=28476"},"modified":"2025-03-12T09:39:53","modified_gmt":"2025-03-12T09:39:53","slug":"esfregona-de-microfibra-autodrenante-tipo-x-twop","status":"publish","type":"product","link":"https:\/\/curiosidadesedicas.com\/loja\/en\/product\/esfregona-de-microfibra-autodrenante-tipo-x-twop\/","title":{"rendered":"ESFREGONA DE MICROFIBRA AUTODRENANTE TIPO X TWOP"},"content":{"rendered":"<p>Uma original esfregona de microfibra autodrenante, com cabe\u00e7a em forma de X que roda 360\u00ba e cabo extens\u00edvel (140 cm), que chega \u00e0s \u00e1reas mais dif\u00edceis de alcan\u00e7ar. O sistema de tor\u00e7\u00e3o f\u00e1cil permite uma limpeza mais c\u00f3moda e eficiente, poupando tempo e esfor\u00e7o. Gra\u00e7as \u00e0 grande capacidade de absor\u00e7\u00e3o, remove completamente o p\u00f3 e a sujidade. Gra\u00e7as ao design inovador e multifuncional, pode ser utilizada para a limpeza a seco (mopa) ou com \u00e1gua (esfregona) e \u00e9 adequada para todos os tipos de pavimento. A esfregona inclui duas microfibras fortes e dur\u00e1veis, j\u00e1 que s\u00e3o reutiliz\u00e1veis e lav\u00e1veis na m\u00e1quina (at\u00e9 500 lavagens). Inclui tamb\u00e9m uma pequena escova integrada no cabo para a limpeza da esfregona. A esfregona n\u00e3o necessita de balde, podendo ser lavada por baixo da torneira. Ainda assim, poder\u00e1 utiliz\u00e1-la com balde (n\u00e3o inclu\u00eddo), se preferir. A esfregona \u00e9 ainda totalmente desmont\u00e1vel, pelo que \u00e9 f\u00e1cil de transportar e armazenar.<\/p>\n<p>&nbsp;<\/p>","protected":false},"excerpt":{"rendered":"<ul>\n<li>Material:\n<ul>\n<li>ABS<\/li>\n<li>PP<\/li>\n<li>PA6<\/li>\n<li>Ferro<\/li>\n<\/ul>\n<\/li>\n<li>Cor:\n<ul>\n<li>Cinzento<\/li>\n<li>Amarelo<\/li>\n<\/ul>\n<\/li>\n<li>Desenho em forma de X: Drenagem f\u00e1cil<\/li>\n<li>Tipo:\n<ul>\n<li>Compacto<\/li>\n<li>Inovador e funcional<\/li>\n<\/ul>\n<\/li>\n<li>Multifun\u00e7\u00e3o: Esfregona<\/li>\n<li>Cabe\u00e7al girat\u00f3rio 360\u00ba: Alcan\u00e7a zonas de acesso dif\u00edcil<\/li>\n<li>Superabsorvente: Elimina o p\u00f3 e a sujidade<\/li>\n<li>Inclui: 2 esfregonas de microfibra<\/li>\n<li>Lav\u00e1vel na m\u00e1quina: 500 Lavagens<\/li>\n<li>Reutiliz\u00e1vel:\n<ul>\n<li>Ecol\u00f3gico<\/li>\n<li>Resistente e duradouro<\/li>\n<\/ul>\n<\/li>\n<li>Pau extens\u00edvel: 140 cm<\/li>\n<li>Vers\u00e1til e adapt\u00e1vel: Aptas para todo o tipo de pavimentos<\/li>\n<li>Multiuso: Limpeza a seco e h\u00famido<\/li>\n<li>Desmont\u00e1vel: F\u00e1cil de transportar e de guardar<\/li>\n<li>F\u00e1cil limpeza: Escova integrada no cabo<\/li>\n<li>Utiliza\u00e7\u00e3o c\u00f3moda e simples: Poupan\u00e7a de tempo e de esfor\u00e7o<\/li>\n<li>Leve e male\u00e1vel: N\u00e3o inclui o balde<\/li>\n<li>Medidas aprox.: 38 x 142 x 18 cm<\/li>\n<\/ul>","protected":false},"featured_media":28494,"comment_status":"open","ping_status":"closed","template":"","meta":{"_glsr_average":0,"_glsr_ranking":0,"_glsr_reviews":0},"product_brand":[],"product_cat":[365,394,391],"product_tag":[],"class_list":{"0":"post-28476","1":"product","2":"type-product","3":"status-publish","4":"has-post-thumbnail","6":"product_cat-para-o-lar","7":"product_cat-limpeza","8":"product_cat-poupanca-de-agua","10":"first","11":"instock","12":"taxable","13":"shipping-taxable","14":"purchasable","15":"product-type-simple"},"yoast_head":"<!-- This site is optimized with the Yoast SEO plugin v26.8 - https:\/\/yoast.com\/product\/yoast-seo-wordpress\/ -->\n<title>ESFREGONA DE MICROFIBRA AUTODRENANTE TIPO X TWOP - Curiosidades &amp; Dicas, Lda<\/title>\n<meta name=\"robots\" content=\"index, follow, max-snippet:-1, max-image-preview:large, max-video-preview:-1\" \/>\n<link rel=\"canonical\" href=\"https:\/\/curiosidadesedicas.com\/loja\/en\/product\/esfregona-de-microfibra-autodrenante-tipo-x-twop\/\" \/>\n<meta property=\"og:locale\" content=\"en_US\" \/>\n<meta property=\"og:type\" content=\"article\" \/>\n<meta property=\"og:title\" content=\"ESFREGONA DE MICROFIBRA AUTODRENANTE TIPO X TWOP - Curiosidades &amp; Dicas, Lda\" \/>\n<meta property=\"og:description\" content=\"Material:   ABS  PP  PA6  Ferro    Cor:   Cinzento  Amarelo    Desenho em forma de X: Drenagem f\u00e1cil  Tipo:   Compacto  Inovador e funcional    Multifun\u00e7\u00e3o: Esfregona  Cabe\u00e7al girat\u00f3rio 360\u00ba: Alcan\u00e7a zonas de acesso dif\u00edcil  Superabsorvente: Elimina o p\u00f3 e a sujidade  Inclui: 2 esfregonas de microfibra  Lav\u00e1vel na m\u00e1quina: 500 Lavagens  Reutiliz\u00e1vel:   Ecol\u00f3gico  Resistente e duradouro    Pau extens\u00edvel: 140 cm  Vers\u00e1til e adapt\u00e1vel: Aptas para todo o tipo de pavimentos  Multiuso: Limpeza a seco e h\u00famido  Desmont\u00e1vel: F\u00e1cil de transportar e de guardar  F\u00e1cil limpeza: Escova integrada no cabo  Utiliza\u00e7\u00e3o c\u00f3moda e simples: Poupan\u00e7a de tempo e de esfor\u00e7o  Leve e male\u00e1vel: N\u00e3o inclui o balde  Medidas aprox.: 38 x 142 x 18 cm\" \/>\n<meta property=\"og:url\" content=\"https:\/\/curiosidadesedicas.com\/loja\/en\/product\/esfregona-de-microfibra-autodrenante-tipo-x-twop\/\" \/>\n<meta property=\"og:site_name\" content=\"Curiosidades &amp; Dicas, Lda\" \/>\n<meta property=\"article:modified_time\" content=\"2025-03-12T09:39:53+00:00\" \/>\n<meta property=\"og:image\" content=\"https:\/\/curiosidadesedicas.com\/loja\/wp-content\/uploads\/2022\/12\/esfregona-de-microfibra-autodrenante-tipo-x-twop-innovagoods_186105.jpg\" \/>\n\t<meta property=\"og:image:width\" content=\"600\" \/>\n\t<meta property=\"og:image:height\" content=\"600\" \/>\n\t<meta property=\"og:image:type\" content=\"image\/jpeg\" \/>\n<meta name=\"twitter:card\" content=\"summary_large_image\" \/>\n<meta name=\"twitter:label1\" content=\"Est. reading time\" \/>\n\t<meta name=\"twitter:data1\" content=\"1 minute\" \/>\n<script type=\"application\/ld+json\" class=\"yoast-schema-graph\">{\"@context\":\"https:\/\/schema.org\",\"@graph\":[{\"@type\":\"WebPage\",\"@id\":\"https:\/\/curiosidadesedicas.com\/loja\/produto\/esfregona-de-microfibra-autodrenante-tipo-x-twop\/\",\"url\":\"https:\/\/curiosidadesedicas.com\/loja\/produto\/esfregona-de-microfibra-autodrenante-tipo-x-twop\/\",\"name\":\"ESFREGONA DE MICROFIBRA AUTODRENANTE TIPO X TWOP - Curiosidades &amp; Dicas, Lda\",\"isPartOf\":{\"@id\":\"https:\/\/curiosidadesedicas.com\/loja\/#website\"},\"primaryImageOfPage\":{\"@id\":\"https:\/\/curiosidadesedicas.com\/loja\/produto\/esfregona-de-microfibra-autodrenante-tipo-x-twop\/#primaryimage\"},\"image\":{\"@id\":\"https:\/\/curiosidadesedicas.com\/loja\/produto\/esfregona-de-microfibra-autodrenante-tipo-x-twop\/#primaryimage\"},\"thumbnailUrl\":\"https:\/\/curiosidadesedicas.com\/loja\/wp-content\/uploads\/2022\/12\/esfregona-de-microfibra-autodrenante-tipo-x-twop-innovagoods_186105.jpg\",\"datePublished\":\"2022-12-30T12:31:13+00:00\",\"dateModified\":\"2025-03-12T09:39:53+00:00\",\"breadcrumb\":{\"@id\":\"https:\/\/curiosidadesedicas.com\/loja\/produto\/esfregona-de-microfibra-autodrenante-tipo-x-twop\/#breadcrumb\"},\"inLanguage\":\"en-US\",\"potentialAction\":[{\"@type\":\"ReadAction\",\"target\":[\"https:\/\/curiosidadesedicas.com\/loja\/produto\/esfregona-de-microfibra-autodrenante-tipo-x-twop\/\"]}]},{\"@type\":\"ImageObject\",\"inLanguage\":\"en-US\",\"@id\":\"https:\/\/curiosidadesedicas.com\/loja\/produto\/esfregona-de-microfibra-autodrenante-tipo-x-twop\/#primaryimage\",\"url\":\"https:\/\/curiosidadesedicas.com\/loja\/wp-content\/uploads\/2022\/12\/esfregona-de-microfibra-autodrenante-tipo-x-twop-innovagoods_186105.jpg\",\"contentUrl\":\"https:\/\/curiosidadesedicas.com\/loja\/wp-content\/uploads\/2022\/12\/esfregona-de-microfibra-autodrenante-tipo-x-twop-innovagoods_186105.jpg\",\"width\":600,\"height\":600},{\"@type\":\"BreadcrumbList\",\"@id\":\"https:\/\/curiosidadesedicas.com\/loja\/produto\/esfregona-de-microfibra-autodrenante-tipo-x-twop\/#breadcrumb\",\"itemListElement\":[{\"@type\":\"ListItem\",\"position\":1,\"name\":\"In\u00edcio\",\"item\":\"https:\/\/curiosidadesedicas.com\/loja\/\"},{\"@type\":\"ListItem\",\"position\":2,\"name\":\"Produtos\",\"item\":\"https:\/\/curiosidadesedicas.com\/loja\/produtos\/\"},{\"@type\":\"ListItem\",\"position\":3,\"name\":\"ESFREGONA DE MICROFIBRA AUTODRENANTE TIPO X TWOP\"}]},{\"@type\":\"WebSite\",\"@id\":\"https:\/\/curiosidadesedicas.com\/loja\/#website\",\"url\":\"https:\/\/curiosidadesedicas.com\/loja\/\",\"name\":\"Curiosidades &amp; Dicas, Lda\",\"description\":\"Apaixonados Por Inova\u00e7\u00e3o\",\"publisher\":{\"@id\":\"https:\/\/curiosidadesedicas.com\/loja\/#organization\"},\"potentialAction\":[{\"@type\":\"SearchAction\",\"target\":{\"@type\":\"EntryPoint\",\"urlTemplate\":\"https:\/\/curiosidadesedicas.com\/loja\/?s={search_term_string}\"},\"query-input\":{\"@type\":\"PropertyValueSpecification\",\"valueRequired\":true,\"valueName\":\"search_term_string\"}}],\"inLanguage\":\"en-US\"},{\"@type\":\"Organization\",\"@id\":\"https:\/\/curiosidadesedicas.com\/loja\/#organization\",\"name\":\"Curiosidades & Dicas\",\"url\":\"https:\/\/curiosidadesedicas.com\/loja\/\",\"logo\":{\"@type\":\"ImageObject\",\"inLanguage\":\"en-US\",\"@id\":\"https:\/\/curiosidadesedicas.com\/loja\/#\/schema\/logo\/image\/\",\"url\":\"https:\/\/curiosidadesedicas.com\/loja\/wp-content\/uploads\/2020\/05\/LogoCuriosidadesSimples.png\",\"contentUrl\":\"https:\/\/curiosidadesedicas.com\/loja\/wp-content\/uploads\/2020\/05\/LogoCuriosidadesSimples.png\",\"width\":3528,\"height\":804,\"caption\":\"Curiosidades & Dicas\"},\"image\":{\"@id\":\"https:\/\/curiosidadesedicas.com\/loja\/#\/schema\/logo\/image\/\"}}]}<\/script>\n<!-- \/ Yoast SEO plugin. -->","yoast_head_json":{"title":"ESFREGONA DE MICROFIBRA AUTODRENANTE TIPO X TWOP - Curiosidades &amp; Dicas, Lda","robots":{"index":"index","follow":"follow","max-snippet":"max-snippet:-1","max-image-preview":"max-image-preview:large","max-video-preview":"max-video-preview:-1"},"canonical":"https:\/\/curiosidadesedicas.com\/loja\/en\/product\/esfregona-de-microfibra-autodrenante-tipo-x-twop\/","og_locale":"en_US","og_type":"article","og_title":"ESFREGONA DE MICROFIBRA AUTODRENANTE TIPO X TWOP - Curiosidades &amp; Dicas, Lda","og_description":"Material:   ABS  PP  PA6  Ferro    Cor:   Cinzento  Amarelo    Desenho em forma de X: Drenagem f\u00e1cil  Tipo:   Compacto  Inovador e funcional    Multifun\u00e7\u00e3o: Esfregona  Cabe\u00e7al girat\u00f3rio 360\u00ba: Alcan\u00e7a zonas de acesso dif\u00edcil  Superabsorvente: Elimina o p\u00f3 e a sujidade  Inclui: 2 esfregonas de microfibra  Lav\u00e1vel na m\u00e1quina: 500 Lavagens  Reutiliz\u00e1vel:   Ecol\u00f3gico  Resistente e duradouro    Pau extens\u00edvel: 140 cm  Vers\u00e1til e adapt\u00e1vel: Aptas para todo o tipo de pavimentos  Multiuso: Limpeza a seco e h\u00famido  Desmont\u00e1vel: F\u00e1cil de transportar e de guardar  F\u00e1cil limpeza: Escova integrada no cabo  Utiliza\u00e7\u00e3o c\u00f3moda e simples: Poupan\u00e7a de tempo e de esfor\u00e7o  Leve e male\u00e1vel: N\u00e3o inclui o balde  Medidas aprox.: 38 x 142 x 18 cm","og_url":"https:\/\/curiosidadesedicas.com\/loja\/en\/product\/esfregona-de-microfibra-autodrenante-tipo-x-twop\/","og_site_name":"Curiosidades &amp; Dicas, Lda","article_modified_time":"2025-03-12T09:39:53+00:00","og_image":[{"width":600,"height":600,"url":"https:\/\/curiosidadesedicas.com\/loja\/wp-content\/uploads\/2022\/12\/esfregona-de-microfibra-autodrenante-tipo-x-twop-innovagoods_186105.jpg","type":"image\/jpeg"}],"twitter_card":"summary_large_image","twitter_misc":{"Est. reading time":"1 minute"},"schema":{"@context":"https:\/\/schema.org","@graph":[{"@type":"WebPage","@id":"https:\/\/curiosidadesedicas.com\/loja\/produto\/esfregona-de-microfibra-autodrenante-tipo-x-twop\/","url":"https:\/\/curiosidadesedicas.com\/loja\/produto\/esfregona-de-microfibra-autodrenante-tipo-x-twop\/","name":"ESFREGONA DE MICROFIBRA AUTODRENANTE TIPO X TWOP - Curiosidades &amp; Dicas, Lda","isPartOf":{"@id":"https:\/\/curiosidadesedicas.com\/loja\/#website"},"primaryImageOfPage":{"@id":"https:\/\/curiosidadesedicas.com\/loja\/produto\/esfregona-de-microfibra-autodrenante-tipo-x-twop\/#primaryimage"},"image":{"@id":"https:\/\/curiosidadesedicas.com\/loja\/produto\/esfregona-de-microfibra-autodrenante-tipo-x-twop\/#primaryimage"},"thumbnailUrl":"https:\/\/curiosidadesedicas.com\/loja\/wp-content\/uploads\/2022\/12\/esfregona-de-microfibra-autodrenante-tipo-x-twop-innovagoods_186105.jpg","datePublished":"2022-12-30T12:31:13+00:00","dateModified":"2025-03-12T09:39:53+00:00","breadcrumb":{"@id":"https:\/\/curiosidadesedicas.com\/loja\/produto\/esfregona-de-microfibra-autodrenante-tipo-x-twop\/#breadcrumb"},"inLanguage":"en-US","potentialAction":[{"@type":"ReadAction","target":["https:\/\/curiosidadesedicas.com\/loja\/produto\/esfregona-de-microfibra-autodrenante-tipo-x-twop\/"]}]},{"@type":"ImageObject","inLanguage":"en-US","@id":"https:\/\/curiosidadesedicas.com\/loja\/produto\/esfregona-de-microfibra-autodrenante-tipo-x-twop\/#primaryimage","url":"https:\/\/curiosidadesedicas.com\/loja\/wp-content\/uploads\/2022\/12\/esfregona-de-microfibra-autodrenante-tipo-x-twop-innovagoods_186105.jpg","contentUrl":"https:\/\/curiosidadesedicas.com\/loja\/wp-content\/uploads\/2022\/12\/esfregona-de-microfibra-autodrenante-tipo-x-twop-innovagoods_186105.jpg","width":600,"height":600},{"@type":"BreadcrumbList","@id":"https:\/\/curiosidadesedicas.com\/loja\/produto\/esfregona-de-microfibra-autodrenante-tipo-x-twop\/#breadcrumb","itemListElement":[{"@type":"ListItem","position":1,"name":"In\u00edcio","item":"https:\/\/curiosidadesedicas.com\/loja\/"},{"@type":"ListItem","position":2,"name":"Produtos","item":"https:\/\/curiosidadesedicas.com\/loja\/produtos\/"},{"@type":"ListItem","position":3,"name":"ESFREGONA DE MICROFIBRA AUTODRENANTE TIPO X TWOP"}]},{"@type":"WebSite","@id":"https:\/\/curiosidadesedicas.com\/loja\/#website","url":"https:\/\/curiosidadesedicas.com\/loja\/","name":"Curiosidades &amp; Dicas, Lda","description":"Apaixonados Por Inova\u00e7\u00e3o","publisher":{"@id":"https:\/\/curiosidadesedicas.com\/loja\/#organization"},"potentialAction":[{"@type":"SearchAction","target":{"@type":"EntryPoint","urlTemplate":"https:\/\/curiosidadesedicas.com\/loja\/?s={search_term_string}"},"query-input":{"@type":"PropertyValueSpecification","valueRequired":true,"valueName":"search_term_string"}}],"inLanguage":"en-US"},{"@type":"Organization","@id":"https:\/\/curiosidadesedicas.com\/loja\/#organization","name":"Curiosidades & Dicas","url":"https:\/\/curiosidadesedicas.com\/loja\/","logo":{"@type":"ImageObject","inLanguage":"en-US","@id":"https:\/\/curiosidadesedicas.com\/loja\/#\/schema\/logo\/image\/","url":"https:\/\/curiosidadesedicas.com\/loja\/wp-content\/uploads\/2020\/05\/LogoCuriosidadesSimples.png","contentUrl":"https:\/\/curiosidadesedicas.com\/loja\/wp-content\/uploads\/2020\/05\/LogoCuriosidadesSimples.png","width":3528,"height":804,"caption":"Curiosidades & Dicas"},"image":{"@id":"https:\/\/curiosidadesedicas.com\/loja\/#\/schema\/logo\/image\/"}}]}},"_links":{"self":[{"href":"https:\/\/curiosidadesedicas.com\/loja\/en\/wp-json\/wp\/v2\/product\/28476","targetHints":{"allow":["GET"]}}],"collection":[{"href":"https:\/\/curiosidadesedicas.com\/loja\/en\/wp-json\/wp\/v2\/product"}],"about":[{"href":"https:\/\/curiosidadesedicas.com\/loja\/en\/wp-json\/wp\/v2\/types\/product"}],"replies":[{"embeddable":true,"href":"https:\/\/curiosidadesedicas.com\/loja\/en\/wp-json\/wp\/v2\/comments?post=28476"}],"wp:featuredmedia":[{"embeddable":true,"href":"https:\/\/curiosidadesedicas.com\/loja\/en\/wp-json\/wp\/v2\/media\/28494"}],"wp:attachment":[{"href":"https:\/\/curiosidadesedicas.com\/loja\/en\/wp-json\/wp\/v2\/media?parent=28476"}],"wp:term":[{"taxonomy":"product_brand","embeddable":true,"href":"https:\/\/curiosidadesedicas.com\/loja\/en\/wp-json\/wp\/v2\/product_brand?post=28476"},{"taxonomy":"product_cat","embeddable":true,"href":"https:\/\/curiosidadesedicas.com\/loja\/en\/wp-json\/wp\/v2\/product_cat?post=28476"},{"taxonomy":"product_tag","embeddable":true,"href":"https:\/\/curiosidadesedicas.com\/loja\/en\/wp-json\/wp\/v2\/product_tag?post=28476"}],"curies":[{"name":"wp","href":"https:\/\/api.w.org\/{rel}","templated":true}]}}