{"id":27534,"date":"2022-09-21T08:29:37","date_gmt":"2022-09-21T08:29:37","guid":{"rendered":"https:\/\/curiosidadesedicas.com\/loja\/?post_type=product&#038;p=27534"},"modified":"2025-06-25T14:01:26","modified_gmt":"2025-06-25T14:01:26","slug":"piacaba-com-dispensador-de-detergente-bruilet","status":"publish","type":"product","link":"https:\/\/curiosidadesedicas.com\/loja\/en\/product\/piacaba-com-dispensador-de-detergente-bruilet\/","title":{"rendered":"PIA\u00c7ABA C\/ DISPENSADOR DE DETERGENTE BRUILET"},"content":{"rendered":"<p>O pia\u00e7aba com dispensador de detergente Bruilet oferece m\u00faltiplas vantagens em rela\u00e7\u00e3o aos pia\u00e7abas convencionais. Esta\u00a0escova sanit\u00e1ria\u00a0\u00e9 antibacteriana e muito mais higi\u00e9nica, pois o porta-escovas possui ranhuras que filtram o excesso de \u00e1gua e uma bandeja amov\u00edvel com orif\u00edcios de ventila\u00e7\u00e3o para uma secagem r\u00e1pida e eficaz. As suas cerdas de borracha suaves e flex\u00edveis permitem uma limpeza em profundidade, atingindo todos os cantos da sanita sem a danificar. O cabo \u00e9 desmont\u00e1vel e pode encher-se de detergente para a sanita que \u00e9 expulso atrav\u00e9s de um bot\u00e3o. Al\u00e9m disso, inclui um suporte adesivo para pendurar na parede se for essa a sua vontade.<\/p>\n<ul>\n<li>Design original, inovador e funcional<\/li>\n<li>Desmont\u00e1vel, f\u00e1cil de utilizar e limpar<\/li>\n<li>Secagem r\u00e1pida e f\u00e1cil, sem pingos nem derramamentos<\/li>\n<li>Antibacteriano, higi\u00e9nico, respir\u00e1vel e lav\u00e1vel<\/li>\n<li>Cabo da escova de borracha, mais eficiente, resistente e duradouro<\/li>\n<li>Cerdas macias e flex\u00edveis, acesso a zonas dif\u00edceis sem riscar<\/li>\n<li>Porta-escovas com ranhuras de filtragem\u00a0para drenagem<\/li>\n<li>Bandeja amov\u00edvel\u00a0que recolhe o excesso de \u00e1gua\u00a0com\u00a0orif\u00edcios de ventila\u00e7\u00e3o<\/li>\n<li>2 posi\u00e7\u00f5es: no ch\u00e3o ou na parede\u00a0(inclui suporte adesivo, economia de espa\u00e7o)<\/li>\n<li>Cabo ergon\u00f3mico desmont\u00e1vel com dep\u00f3sito\u00a0de 100 ml, tampa e bot\u00e3o de expuls\u00e3o<\/li>\n<\/ul>\n<p>Este\u00a0pia\u00e7aba multifuncional\u00a0original e completo pode ser colocado no ch\u00e3o ou facilmente pendurado na parede utilizando o\u00a0suporte adesivo inclu\u00eddo. A bandeja remov\u00edvel da escova deve ser limpa e esvaziada com regularidade.<\/p>\n<p>O dep\u00f3sito do cabo enche-se facilmente, basta girar a parte superior daquele para abrir, introduzir o detergente l\u00edquido desinfetante ou similar e fech\u00e1-lo novamente. Tamb\u00e9m se pode encher atrav\u00e9s do orif\u00edcio do cabo retirando a tampa. O detergente \u00e9 expelido pela parte inferior da escova ao pressionar o bot\u00e3o no cabo.<\/p>","protected":false},"excerpt":{"rendered":"<ul>\n<li>Material:\n<ul>\n<li>PP<\/li>\n<li>TPR<\/li>\n<\/ul>\n<\/li>\n<li>Cor:\n<ul>\n<li>Cinzento<\/li>\n<li>Transl\u00facido<\/li>\n<\/ul>\n<\/li>\n<li>Design original: Inovador e funcional<\/li>\n<li>Tipo: Escova de borracha<\/li>\n<li>Propriedades: Antibacteriano<\/li>\n<li>Caracter\u00edsticas: Higi\u00e9nico, respir\u00e1vel e lav\u00e1vel<\/li>\n<li>Dep\u00f3sito para sab\u00e3o: 100 ml<\/li>\n<li>Cabo ergon\u00f3mico: Antideslizante<\/li>\n<li>Cerdas suaves e flex\u00edveis: Acesso a cantos e \u00e1reas dif\u00edceis<\/li>\n<li>Bandeja de gotas amov\u00edvel: Drenagem f\u00e1cil<\/li>\n<li>Orif\u00edcios de ventila\u00e7\u00e3o: Secagem r\u00e1pida<\/li>\n<li>M\u00faltiplas posi\u00e7\u00f5es: Vers\u00e1til e adapt\u00e1vel<\/li>\n<li>Inclui: Suporte adesivo para a parede<\/li>\n<li>F\u00e1cil de utilizar e limpar: Utiliza\u00e7\u00e3o c\u00f3moda e simples<\/li>\n<li>Materiais de qualidade: Resistente e duradouro<\/li>\n<li>Desmont\u00e1vel: F\u00e1cil de montar e desmontar<\/li>\n<li>Leve e male\u00e1vel: F\u00e1cil de transportar e de guardar<\/li>\n<li>Medidas aprox.: \u00d810 x 45 cm<\/li>\n<\/ul>","protected":false},"featured_media":27535,"comment_status":"open","ping_status":"closed","template":"","meta":{"_glsr_average":0,"_glsr_ranking":0,"_glsr_reviews":0},"product_brand":[],"product_cat":[365,394],"product_tag":[],"class_list":{"0":"post-27534","1":"product","2":"type-product","3":"status-publish","4":"has-post-thumbnail","6":"product_cat-para-o-lar","7":"product_cat-limpeza","9":"first","10":"outofstock","11":"taxable","12":"shipping-taxable","13":"purchasable","14":"product-type-simple"},"yoast_head":"<!-- This site is optimized with the Yoast SEO plugin v26.8 - https:\/\/yoast.com\/product\/yoast-seo-wordpress\/ -->\n<title>PIA\u00c7ABA C\/ DISPENSADOR DE DETERGENTE BRUILET - Curiosidades &amp; Dicas, Lda<\/title>\n<meta name=\"robots\" content=\"index, follow, max-snippet:-1, max-image-preview:large, max-video-preview:-1\" \/>\n<link rel=\"canonical\" href=\"https:\/\/curiosidadesedicas.com\/loja\/en\/product\/piacaba-com-dispensador-de-detergente-bruilet\/\" \/>\n<meta property=\"og:locale\" content=\"en_US\" \/>\n<meta property=\"og:type\" content=\"article\" \/>\n<meta property=\"og:title\" content=\"PIA\u00c7ABA C\/ DISPENSADOR DE DETERGENTE BRUILET - Curiosidades &amp; Dicas, Lda\" \/>\n<meta property=\"og:description\" content=\"Material:   PP  TPR    Cor:   Cinzento  Transl\u00facido    Design original: Inovador e funcional  Tipo: Escova de borracha  Propriedades: Antibacteriano  Caracter\u00edsticas: Higi\u00e9nico, respir\u00e1vel e lav\u00e1vel  Dep\u00f3sito para sab\u00e3o: 100 ml  Cabo ergon\u00f3mico: Antideslizante  Cerdas suaves e flex\u00edveis: Acesso a cantos e \u00e1reas dif\u00edceis  Bandeja de gotas amov\u00edvel: Drenagem f\u00e1cil  Orif\u00edcios de ventila\u00e7\u00e3o: Secagem r\u00e1pida  M\u00faltiplas posi\u00e7\u00f5es: Vers\u00e1til e adapt\u00e1vel  Inclui: Suporte adesivo para a parede  F\u00e1cil de utilizar e limpar: Utiliza\u00e7\u00e3o c\u00f3moda e simples  Materiais de qualidade: Resistente e duradouro  Desmont\u00e1vel: F\u00e1cil de montar e desmontar  Leve e male\u00e1vel: F\u00e1cil de transportar e de guardar  Medidas aprox.: \u00d810 x 45 cm\" \/>\n<meta property=\"og:url\" content=\"https:\/\/curiosidadesedicas.com\/loja\/en\/product\/piacaba-com-dispensador-de-detergente-bruilet\/\" \/>\n<meta property=\"og:site_name\" content=\"Curiosidades &amp; Dicas, Lda\" \/>\n<meta property=\"article:modified_time\" content=\"2025-06-25T14:01:26+00:00\" \/>\n<meta property=\"og:image\" content=\"https:\/\/curiosidadesedicas.com\/loja\/wp-content\/uploads\/2022\/09\/1-11.jpg\" \/>\n\t<meta property=\"og:image:width\" content=\"600\" \/>\n\t<meta property=\"og:image:height\" content=\"600\" \/>\n\t<meta property=\"og:image:type\" content=\"image\/jpeg\" \/>\n<meta name=\"twitter:card\" content=\"summary_large_image\" \/>\n<meta name=\"twitter:label1\" content=\"Est. reading time\" \/>\n\t<meta name=\"twitter:data1\" content=\"2 minutes\" \/>\n<script type=\"application\/ld+json\" class=\"yoast-schema-graph\">{\"@context\":\"https:\/\/schema.org\",\"@graph\":[{\"@type\":\"WebPage\",\"@id\":\"https:\/\/curiosidadesedicas.com\/loja\/produto\/piacaba-com-dispensador-de-detergente-bruilet\/\",\"url\":\"https:\/\/curiosidadesedicas.com\/loja\/produto\/piacaba-com-dispensador-de-detergente-bruilet\/\",\"name\":\"PIA\u00c7ABA C\/ DISPENSADOR DE DETERGENTE BRUILET - Curiosidades &amp; Dicas, Lda\",\"isPartOf\":{\"@id\":\"https:\/\/curiosidadesedicas.com\/loja\/#website\"},\"primaryImageOfPage\":{\"@id\":\"https:\/\/curiosidadesedicas.com\/loja\/produto\/piacaba-com-dispensador-de-detergente-bruilet\/#primaryimage\"},\"image\":{\"@id\":\"https:\/\/curiosidadesedicas.com\/loja\/produto\/piacaba-com-dispensador-de-detergente-bruilet\/#primaryimage\"},\"thumbnailUrl\":\"https:\/\/curiosidadesedicas.com\/loja\/wp-content\/uploads\/2022\/09\/1-11.jpg\",\"datePublished\":\"2022-09-21T08:29:37+00:00\",\"dateModified\":\"2025-06-25T14:01:26+00:00\",\"breadcrumb\":{\"@id\":\"https:\/\/curiosidadesedicas.com\/loja\/produto\/piacaba-com-dispensador-de-detergente-bruilet\/#breadcrumb\"},\"inLanguage\":\"en-US\",\"potentialAction\":[{\"@type\":\"ReadAction\",\"target\":[\"https:\/\/curiosidadesedicas.com\/loja\/produto\/piacaba-com-dispensador-de-detergente-bruilet\/\"]}]},{\"@type\":\"ImageObject\",\"inLanguage\":\"en-US\",\"@id\":\"https:\/\/curiosidadesedicas.com\/loja\/produto\/piacaba-com-dispensador-de-detergente-bruilet\/#primaryimage\",\"url\":\"https:\/\/curiosidadesedicas.com\/loja\/wp-content\/uploads\/2022\/09\/1-11.jpg\",\"contentUrl\":\"https:\/\/curiosidadesedicas.com\/loja\/wp-content\/uploads\/2022\/09\/1-11.jpg\",\"width\":600,\"height\":600},{\"@type\":\"BreadcrumbList\",\"@id\":\"https:\/\/curiosidadesedicas.com\/loja\/produto\/piacaba-com-dispensador-de-detergente-bruilet\/#breadcrumb\",\"itemListElement\":[{\"@type\":\"ListItem\",\"position\":1,\"name\":\"In\u00edcio\",\"item\":\"https:\/\/curiosidadesedicas.com\/loja\/\"},{\"@type\":\"ListItem\",\"position\":2,\"name\":\"Produtos\",\"item\":\"https:\/\/curiosidadesedicas.com\/loja\/produtos\/\"},{\"@type\":\"ListItem\",\"position\":3,\"name\":\"PIA\u00c7ABA C\/ DISPENSADOR DE DETERGENTE BRUILET\"}]},{\"@type\":\"WebSite\",\"@id\":\"https:\/\/curiosidadesedicas.com\/loja\/#website\",\"url\":\"https:\/\/curiosidadesedicas.com\/loja\/\",\"name\":\"Curiosidades &amp; Dicas, Lda\",\"description\":\"Apaixonados Por Inova\u00e7\u00e3o\",\"publisher\":{\"@id\":\"https:\/\/curiosidadesedicas.com\/loja\/#organization\"},\"potentialAction\":[{\"@type\":\"SearchAction\",\"target\":{\"@type\":\"EntryPoint\",\"urlTemplate\":\"https:\/\/curiosidadesedicas.com\/loja\/?s={search_term_string}\"},\"query-input\":{\"@type\":\"PropertyValueSpecification\",\"valueRequired\":true,\"valueName\":\"search_term_string\"}}],\"inLanguage\":\"en-US\"},{\"@type\":\"Organization\",\"@id\":\"https:\/\/curiosidadesedicas.com\/loja\/#organization\",\"name\":\"Curiosidades & Dicas\",\"url\":\"https:\/\/curiosidadesedicas.com\/loja\/\",\"logo\":{\"@type\":\"ImageObject\",\"inLanguage\":\"en-US\",\"@id\":\"https:\/\/curiosidadesedicas.com\/loja\/#\/schema\/logo\/image\/\",\"url\":\"https:\/\/curiosidadesedicas.com\/loja\/wp-content\/uploads\/2020\/05\/LogoCuriosidadesSimples.png\",\"contentUrl\":\"https:\/\/curiosidadesedicas.com\/loja\/wp-content\/uploads\/2020\/05\/LogoCuriosidadesSimples.png\",\"width\":3528,\"height\":804,\"caption\":\"Curiosidades & Dicas\"},\"image\":{\"@id\":\"https:\/\/curiosidadesedicas.com\/loja\/#\/schema\/logo\/image\/\"}}]}<\/script>\n<!-- \/ Yoast SEO plugin. -->","yoast_head_json":{"title":"PIA\u00c7ABA C\/ DISPENSADOR DE DETERGENTE BRUILET - Curiosidades &amp; Dicas, Lda","robots":{"index":"index","follow":"follow","max-snippet":"max-snippet:-1","max-image-preview":"max-image-preview:large","max-video-preview":"max-video-preview:-1"},"canonical":"https:\/\/curiosidadesedicas.com\/loja\/en\/product\/piacaba-com-dispensador-de-detergente-bruilet\/","og_locale":"en_US","og_type":"article","og_title":"PIA\u00c7ABA C\/ DISPENSADOR DE DETERGENTE BRUILET - Curiosidades &amp; Dicas, Lda","og_description":"Material:   PP  TPR    Cor:   Cinzento  Transl\u00facido    Design original: Inovador e funcional  Tipo: Escova de borracha  Propriedades: Antibacteriano  Caracter\u00edsticas: Higi\u00e9nico, respir\u00e1vel e lav\u00e1vel  Dep\u00f3sito para sab\u00e3o: 100 ml  Cabo ergon\u00f3mico: Antideslizante  Cerdas suaves e flex\u00edveis: Acesso a cantos e \u00e1reas dif\u00edceis  Bandeja de gotas amov\u00edvel: Drenagem f\u00e1cil  Orif\u00edcios de ventila\u00e7\u00e3o: Secagem r\u00e1pida  M\u00faltiplas posi\u00e7\u00f5es: Vers\u00e1til e adapt\u00e1vel  Inclui: Suporte adesivo para a parede  F\u00e1cil de utilizar e limpar: Utiliza\u00e7\u00e3o c\u00f3moda e simples  Materiais de qualidade: Resistente e duradouro  Desmont\u00e1vel: F\u00e1cil de montar e desmontar  Leve e male\u00e1vel: F\u00e1cil de transportar e de guardar  Medidas aprox.: \u00d810 x 45 cm","og_url":"https:\/\/curiosidadesedicas.com\/loja\/en\/product\/piacaba-com-dispensador-de-detergente-bruilet\/","og_site_name":"Curiosidades &amp; Dicas, Lda","article_modified_time":"2025-06-25T14:01:26+00:00","og_image":[{"width":600,"height":600,"url":"https:\/\/curiosidadesedicas.com\/loja\/wp-content\/uploads\/2022\/09\/1-11.jpg","type":"image\/jpeg"}],"twitter_card":"summary_large_image","twitter_misc":{"Est. reading time":"2 minutes"},"schema":{"@context":"https:\/\/schema.org","@graph":[{"@type":"WebPage","@id":"https:\/\/curiosidadesedicas.com\/loja\/produto\/piacaba-com-dispensador-de-detergente-bruilet\/","url":"https:\/\/curiosidadesedicas.com\/loja\/produto\/piacaba-com-dispensador-de-detergente-bruilet\/","name":"PIA\u00c7ABA C\/ DISPENSADOR DE DETERGENTE BRUILET - Curiosidades &amp; Dicas, Lda","isPartOf":{"@id":"https:\/\/curiosidadesedicas.com\/loja\/#website"},"primaryImageOfPage":{"@id":"https:\/\/curiosidadesedicas.com\/loja\/produto\/piacaba-com-dispensador-de-detergente-bruilet\/#primaryimage"},"image":{"@id":"https:\/\/curiosidadesedicas.com\/loja\/produto\/piacaba-com-dispensador-de-detergente-bruilet\/#primaryimage"},"thumbnailUrl":"https:\/\/curiosidadesedicas.com\/loja\/wp-content\/uploads\/2022\/09\/1-11.jpg","datePublished":"2022-09-21T08:29:37+00:00","dateModified":"2025-06-25T14:01:26+00:00","breadcrumb":{"@id":"https:\/\/curiosidadesedicas.com\/loja\/produto\/piacaba-com-dispensador-de-detergente-bruilet\/#breadcrumb"},"inLanguage":"en-US","potentialAction":[{"@type":"ReadAction","target":["https:\/\/curiosidadesedicas.com\/loja\/produto\/piacaba-com-dispensador-de-detergente-bruilet\/"]}]},{"@type":"ImageObject","inLanguage":"en-US","@id":"https:\/\/curiosidadesedicas.com\/loja\/produto\/piacaba-com-dispensador-de-detergente-bruilet\/#primaryimage","url":"https:\/\/curiosidadesedicas.com\/loja\/wp-content\/uploads\/2022\/09\/1-11.jpg","contentUrl":"https:\/\/curiosidadesedicas.com\/loja\/wp-content\/uploads\/2022\/09\/1-11.jpg","width":600,"height":600},{"@type":"BreadcrumbList","@id":"https:\/\/curiosidadesedicas.com\/loja\/produto\/piacaba-com-dispensador-de-detergente-bruilet\/#breadcrumb","itemListElement":[{"@type":"ListItem","position":1,"name":"In\u00edcio","item":"https:\/\/curiosidadesedicas.com\/loja\/"},{"@type":"ListItem","position":2,"name":"Produtos","item":"https:\/\/curiosidadesedicas.com\/loja\/produtos\/"},{"@type":"ListItem","position":3,"name":"PIA\u00c7ABA C\/ DISPENSADOR DE DETERGENTE BRUILET"}]},{"@type":"WebSite","@id":"https:\/\/curiosidadesedicas.com\/loja\/#website","url":"https:\/\/curiosidadesedicas.com\/loja\/","name":"Curiosidades &amp; Dicas, Lda","description":"Apaixonados Por Inova\u00e7\u00e3o","publisher":{"@id":"https:\/\/curiosidadesedicas.com\/loja\/#organization"},"potentialAction":[{"@type":"SearchAction","target":{"@type":"EntryPoint","urlTemplate":"https:\/\/curiosidadesedicas.com\/loja\/?s={search_term_string}"},"query-input":{"@type":"PropertyValueSpecification","valueRequired":true,"valueName":"search_term_string"}}],"inLanguage":"en-US"},{"@type":"Organization","@id":"https:\/\/curiosidadesedicas.com\/loja\/#organization","name":"Curiosidades & Dicas","url":"https:\/\/curiosidadesedicas.com\/loja\/","logo":{"@type":"ImageObject","inLanguage":"en-US","@id":"https:\/\/curiosidadesedicas.com\/loja\/#\/schema\/logo\/image\/","url":"https:\/\/curiosidadesedicas.com\/loja\/wp-content\/uploads\/2020\/05\/LogoCuriosidadesSimples.png","contentUrl":"https:\/\/curiosidadesedicas.com\/loja\/wp-content\/uploads\/2020\/05\/LogoCuriosidadesSimples.png","width":3528,"height":804,"caption":"Curiosidades & Dicas"},"image":{"@id":"https:\/\/curiosidadesedicas.com\/loja\/#\/schema\/logo\/image\/"}}]}},"_links":{"self":[{"href":"https:\/\/curiosidadesedicas.com\/loja\/en\/wp-json\/wp\/v2\/product\/27534","targetHints":{"allow":["GET"]}}],"collection":[{"href":"https:\/\/curiosidadesedicas.com\/loja\/en\/wp-json\/wp\/v2\/product"}],"about":[{"href":"https:\/\/curiosidadesedicas.com\/loja\/en\/wp-json\/wp\/v2\/types\/product"}],"replies":[{"embeddable":true,"href":"https:\/\/curiosidadesedicas.com\/loja\/en\/wp-json\/wp\/v2\/comments?post=27534"}],"wp:featuredmedia":[{"embeddable":true,"href":"https:\/\/curiosidadesedicas.com\/loja\/en\/wp-json\/wp\/v2\/media\/27535"}],"wp:attachment":[{"href":"https:\/\/curiosidadesedicas.com\/loja\/en\/wp-json\/wp\/v2\/media?parent=27534"}],"wp:term":[{"taxonomy":"product_brand","embeddable":true,"href":"https:\/\/curiosidadesedicas.com\/loja\/en\/wp-json\/wp\/v2\/product_brand?post=27534"},{"taxonomy":"product_cat","embeddable":true,"href":"https:\/\/curiosidadesedicas.com\/loja\/en\/wp-json\/wp\/v2\/product_cat?post=27534"},{"taxonomy":"product_tag","embeddable":true,"href":"https:\/\/curiosidadesedicas.com\/loja\/en\/wp-json\/wp\/v2\/product_tag?post=27534"}],"curies":[{"name":"wp","href":"https:\/\/api.w.org\/{rel}","templated":true}]}}