{"id":27421,"date":"2022-09-19T09:12:44","date_gmt":"2022-09-19T09:12:44","guid":{"rendered":"https:\/\/curiosidadesedicas.com\/loja\/?post_type=product&#038;p=27421"},"modified":"2025-03-12T09:46:42","modified_gmt":"2025-03-12T09:46:42","slug":"pulseira-magnetica-p-bricolagem-wristool","status":"publish","type":"product","link":"https:\/\/curiosidadesedicas.com\/loja\/en\/product\/pulseira-magnetica-p-bricolagem-wristool\/","title":{"rendered":"PULSEIRA MAGN\u00c9TICA P\/ BRICOLAGEM WRISTOOL"},"content":{"rendered":"<p>Uma pulseira magn\u00e9tica original e vers\u00e1til com 15 \u00edmanes potentes para fixar ferramentas e acess\u00f3rios, tais como chaves de parafusos, brocas, parafusos, porcas, etc. Facilita e acelera os trabalhos de bricolagem, j\u00e1 que lhe permite ter as m\u00e3os livres, mantendo tudo o que precisa \u00e0 m\u00e3o para maior conforto. Pode igualmente ser utilizada para outros tipos de trabalho, tais como costura, etc. Esta pulseira magn\u00e9tica \u00e9 ergon\u00f3mica, respir\u00e1vel e adapt\u00e1vel, ajustando-se perfeitamente ao tamanho do pulso, gra\u00e7as ao seu fecho de velcro. Al\u00e9m disso, inclui duas bolsas para objetos n\u00e3o met\u00e1licos, tais como tachas, bra\u00e7adeiras de cabos, bobinas de fio, etc.<\/p>\n<p><img decoding=\"async\" src=\"https:\/\/curiosidadesedicas.com\/loja\/wp-content\/uploads\/2022\/09\/3-5.jpg\" \/><\/p>","protected":false},"excerpt":{"rendered":"<ul>\n<li>Material:\n<ul>\n<li>\u00cdmanes<\/li>\n<li>Poli\u00e9ster<\/li>\n<\/ul>\n<\/li>\n<li>Design inovador e funcional<\/li>\n<li>Tipo:\n<ul>\n<li>Magn\u00e9tico<\/li>\n<li>Ergon\u00f3mico<\/li>\n<li>Multifun\u00e7\u00e3o<\/li>\n<\/ul>\n<\/li>\n<li>Vers\u00e1til e adapt\u00e1vel<\/li>\n<li>\u00cdmanes: x15<\/li>\n<li>2 Bolsa<\/li>\n<li>Ajust\u00e1vel: Fecho com velcro<\/li>\n<li>Transpir\u00e1vel<\/li>\n<li>Indicada para trabalhos de bricolagem, costura, etc.<\/li>\n<li>Leve e male\u00e1vel<\/li>\n<li>Utiliza\u00e7\u00e3o c\u00f3moda e simples<\/li>\n<li>Ocupa pouco espa\u00e7o<\/li>\n<li>F\u00e1cil de transportar e de guardar<\/li>\n<li>Medidas aprox.: 39 x 9,5 x 0,5 cm<\/li>\n<\/ul>","protected":false},"featured_media":27422,"comment_status":"open","ping_status":"closed","template":"","meta":{"_glsr_average":0,"_glsr_ranking":0,"_glsr_reviews":0},"product_brand":[],"product_cat":[365,524],"product_tag":[],"class_list":{"0":"post-27421","1":"product","2":"type-product","3":"status-publish","4":"has-post-thumbnail","6":"product_cat-para-o-lar","7":"product_cat-bricolage","9":"first","10":"instock","11":"taxable","12":"shipping-taxable","13":"purchasable","14":"product-type-simple"},"yoast_head":"<!-- This site is optimized with the Yoast SEO plugin v26.8 - https:\/\/yoast.com\/product\/yoast-seo-wordpress\/ -->\n<title>PULSEIRA MAGN\u00c9TICA P\/ BRICOLAGEM WRISTOOL - Curiosidades &amp; Dicas, Lda<\/title>\n<meta name=\"robots\" content=\"index, follow, max-snippet:-1, max-image-preview:large, max-video-preview:-1\" \/>\n<link rel=\"canonical\" href=\"https:\/\/curiosidadesedicas.com\/loja\/en\/product\/pulseira-magnetica-p-bricolagem-wristool\/\" \/>\n<meta property=\"og:locale\" content=\"en_US\" \/>\n<meta property=\"og:type\" content=\"article\" \/>\n<meta property=\"og:title\" content=\"PULSEIRA MAGN\u00c9TICA P\/ BRICOLAGEM WRISTOOL - Curiosidades &amp; Dicas, Lda\" \/>\n<meta property=\"og:description\" content=\"Material:   \u00cdmanes  Poli\u00e9ster    Design inovador e funcional  Tipo:   Magn\u00e9tico  Ergon\u00f3mico  Multifun\u00e7\u00e3o    Vers\u00e1til e adapt\u00e1vel  \u00cdmanes: x15  2 Bolsa  Ajust\u00e1vel: Fecho com velcro  Transpir\u00e1vel  Indicada para trabalhos de bricolagem, costura, etc.  Leve e male\u00e1vel  Utiliza\u00e7\u00e3o c\u00f3moda e simples  Ocupa pouco espa\u00e7o  F\u00e1cil de transportar e de guardar  Medidas aprox.: 39 x 9,5 x 0,5 cm\" \/>\n<meta property=\"og:url\" content=\"https:\/\/curiosidadesedicas.com\/loja\/en\/product\/pulseira-magnetica-p-bricolagem-wristool\/\" \/>\n<meta property=\"og:site_name\" content=\"Curiosidades &amp; Dicas, Lda\" \/>\n<meta property=\"article:modified_time\" content=\"2025-03-12T09:46:42+00:00\" \/>\n<meta property=\"og:image\" content=\"https:\/\/curiosidadesedicas.com\/loja\/wp-content\/uploads\/2022\/09\/1-5.jpg\" \/>\n\t<meta property=\"og:image:width\" content=\"600\" \/>\n\t<meta property=\"og:image:height\" content=\"600\" \/>\n\t<meta property=\"og:image:type\" content=\"image\/jpeg\" \/>\n<meta name=\"twitter:card\" content=\"summary_large_image\" \/>\n<meta name=\"twitter:label1\" content=\"Est. reading time\" \/>\n\t<meta name=\"twitter:data1\" content=\"1 minute\" \/>\n<script type=\"application\/ld+json\" class=\"yoast-schema-graph\">{\"@context\":\"https:\/\/schema.org\",\"@graph\":[{\"@type\":\"WebPage\",\"@id\":\"https:\/\/curiosidadesedicas.com\/loja\/produto\/pulseira-magnetica-p-bricolagem-wristool\/\",\"url\":\"https:\/\/curiosidadesedicas.com\/loja\/produto\/pulseira-magnetica-p-bricolagem-wristool\/\",\"name\":\"PULSEIRA MAGN\u00c9TICA P\/ BRICOLAGEM WRISTOOL - Curiosidades &amp; Dicas, Lda\",\"isPartOf\":{\"@id\":\"https:\/\/curiosidadesedicas.com\/loja\/#website\"},\"primaryImageOfPage\":{\"@id\":\"https:\/\/curiosidadesedicas.com\/loja\/produto\/pulseira-magnetica-p-bricolagem-wristool\/#primaryimage\"},\"image\":{\"@id\":\"https:\/\/curiosidadesedicas.com\/loja\/produto\/pulseira-magnetica-p-bricolagem-wristool\/#primaryimage\"},\"thumbnailUrl\":\"https:\/\/curiosidadesedicas.com\/loja\/wp-content\/uploads\/2022\/09\/1-5.jpg\",\"datePublished\":\"2022-09-19T09:12:44+00:00\",\"dateModified\":\"2025-03-12T09:46:42+00:00\",\"breadcrumb\":{\"@id\":\"https:\/\/curiosidadesedicas.com\/loja\/produto\/pulseira-magnetica-p-bricolagem-wristool\/#breadcrumb\"},\"inLanguage\":\"en-US\",\"potentialAction\":[{\"@type\":\"ReadAction\",\"target\":[\"https:\/\/curiosidadesedicas.com\/loja\/produto\/pulseira-magnetica-p-bricolagem-wristool\/\"]}]},{\"@type\":\"ImageObject\",\"inLanguage\":\"en-US\",\"@id\":\"https:\/\/curiosidadesedicas.com\/loja\/produto\/pulseira-magnetica-p-bricolagem-wristool\/#primaryimage\",\"url\":\"https:\/\/curiosidadesedicas.com\/loja\/wp-content\/uploads\/2022\/09\/1-5.jpg\",\"contentUrl\":\"https:\/\/curiosidadesedicas.com\/loja\/wp-content\/uploads\/2022\/09\/1-5.jpg\",\"width\":600,\"height\":600},{\"@type\":\"BreadcrumbList\",\"@id\":\"https:\/\/curiosidadesedicas.com\/loja\/produto\/pulseira-magnetica-p-bricolagem-wristool\/#breadcrumb\",\"itemListElement\":[{\"@type\":\"ListItem\",\"position\":1,\"name\":\"In\u00edcio\",\"item\":\"https:\/\/curiosidadesedicas.com\/loja\/\"},{\"@type\":\"ListItem\",\"position\":2,\"name\":\"Produtos\",\"item\":\"https:\/\/curiosidadesedicas.com\/loja\/produtos\/\"},{\"@type\":\"ListItem\",\"position\":3,\"name\":\"PULSEIRA MAGN\u00c9TICA P\/ BRICOLAGEM WRISTOOL\"}]},{\"@type\":\"WebSite\",\"@id\":\"https:\/\/curiosidadesedicas.com\/loja\/#website\",\"url\":\"https:\/\/curiosidadesedicas.com\/loja\/\",\"name\":\"Curiosidades &amp; Dicas, Lda\",\"description\":\"Apaixonados Por Inova\u00e7\u00e3o\",\"publisher\":{\"@id\":\"https:\/\/curiosidadesedicas.com\/loja\/#organization\"},\"potentialAction\":[{\"@type\":\"SearchAction\",\"target\":{\"@type\":\"EntryPoint\",\"urlTemplate\":\"https:\/\/curiosidadesedicas.com\/loja\/?s={search_term_string}\"},\"query-input\":{\"@type\":\"PropertyValueSpecification\",\"valueRequired\":true,\"valueName\":\"search_term_string\"}}],\"inLanguage\":\"en-US\"},{\"@type\":\"Organization\",\"@id\":\"https:\/\/curiosidadesedicas.com\/loja\/#organization\",\"name\":\"Curiosidades & Dicas\",\"url\":\"https:\/\/curiosidadesedicas.com\/loja\/\",\"logo\":{\"@type\":\"ImageObject\",\"inLanguage\":\"en-US\",\"@id\":\"https:\/\/curiosidadesedicas.com\/loja\/#\/schema\/logo\/image\/\",\"url\":\"https:\/\/curiosidadesedicas.com\/loja\/wp-content\/uploads\/2020\/05\/LogoCuriosidadesSimples.png\",\"contentUrl\":\"https:\/\/curiosidadesedicas.com\/loja\/wp-content\/uploads\/2020\/05\/LogoCuriosidadesSimples.png\",\"width\":3528,\"height\":804,\"caption\":\"Curiosidades & Dicas\"},\"image\":{\"@id\":\"https:\/\/curiosidadesedicas.com\/loja\/#\/schema\/logo\/image\/\"}}]}<\/script>\n<!-- \/ Yoast SEO plugin. -->","yoast_head_json":{"title":"PULSEIRA MAGN\u00c9TICA P\/ BRICOLAGEM WRISTOOL - Curiosidades &amp; Dicas, Lda","robots":{"index":"index","follow":"follow","max-snippet":"max-snippet:-1","max-image-preview":"max-image-preview:large","max-video-preview":"max-video-preview:-1"},"canonical":"https:\/\/curiosidadesedicas.com\/loja\/en\/product\/pulseira-magnetica-p-bricolagem-wristool\/","og_locale":"en_US","og_type":"article","og_title":"PULSEIRA MAGN\u00c9TICA P\/ BRICOLAGEM WRISTOOL - Curiosidades &amp; Dicas, Lda","og_description":"Material:   \u00cdmanes  Poli\u00e9ster    Design inovador e funcional  Tipo:   Magn\u00e9tico  Ergon\u00f3mico  Multifun\u00e7\u00e3o    Vers\u00e1til e adapt\u00e1vel  \u00cdmanes: x15  2 Bolsa  Ajust\u00e1vel: Fecho com velcro  Transpir\u00e1vel  Indicada para trabalhos de bricolagem, costura, etc.  Leve e male\u00e1vel  Utiliza\u00e7\u00e3o c\u00f3moda e simples  Ocupa pouco espa\u00e7o  F\u00e1cil de transportar e de guardar  Medidas aprox.: 39 x 9,5 x 0,5 cm","og_url":"https:\/\/curiosidadesedicas.com\/loja\/en\/product\/pulseira-magnetica-p-bricolagem-wristool\/","og_site_name":"Curiosidades &amp; Dicas, Lda","article_modified_time":"2025-03-12T09:46:42+00:00","og_image":[{"width":600,"height":600,"url":"https:\/\/curiosidadesedicas.com\/loja\/wp-content\/uploads\/2022\/09\/1-5.jpg","type":"image\/jpeg"}],"twitter_card":"summary_large_image","twitter_misc":{"Est. reading time":"1 minute"},"schema":{"@context":"https:\/\/schema.org","@graph":[{"@type":"WebPage","@id":"https:\/\/curiosidadesedicas.com\/loja\/produto\/pulseira-magnetica-p-bricolagem-wristool\/","url":"https:\/\/curiosidadesedicas.com\/loja\/produto\/pulseira-magnetica-p-bricolagem-wristool\/","name":"PULSEIRA MAGN\u00c9TICA P\/ BRICOLAGEM WRISTOOL - Curiosidades &amp; Dicas, Lda","isPartOf":{"@id":"https:\/\/curiosidadesedicas.com\/loja\/#website"},"primaryImageOfPage":{"@id":"https:\/\/curiosidadesedicas.com\/loja\/produto\/pulseira-magnetica-p-bricolagem-wristool\/#primaryimage"},"image":{"@id":"https:\/\/curiosidadesedicas.com\/loja\/produto\/pulseira-magnetica-p-bricolagem-wristool\/#primaryimage"},"thumbnailUrl":"https:\/\/curiosidadesedicas.com\/loja\/wp-content\/uploads\/2022\/09\/1-5.jpg","datePublished":"2022-09-19T09:12:44+00:00","dateModified":"2025-03-12T09:46:42+00:00","breadcrumb":{"@id":"https:\/\/curiosidadesedicas.com\/loja\/produto\/pulseira-magnetica-p-bricolagem-wristool\/#breadcrumb"},"inLanguage":"en-US","potentialAction":[{"@type":"ReadAction","target":["https:\/\/curiosidadesedicas.com\/loja\/produto\/pulseira-magnetica-p-bricolagem-wristool\/"]}]},{"@type":"ImageObject","inLanguage":"en-US","@id":"https:\/\/curiosidadesedicas.com\/loja\/produto\/pulseira-magnetica-p-bricolagem-wristool\/#primaryimage","url":"https:\/\/curiosidadesedicas.com\/loja\/wp-content\/uploads\/2022\/09\/1-5.jpg","contentUrl":"https:\/\/curiosidadesedicas.com\/loja\/wp-content\/uploads\/2022\/09\/1-5.jpg","width":600,"height":600},{"@type":"BreadcrumbList","@id":"https:\/\/curiosidadesedicas.com\/loja\/produto\/pulseira-magnetica-p-bricolagem-wristool\/#breadcrumb","itemListElement":[{"@type":"ListItem","position":1,"name":"In\u00edcio","item":"https:\/\/curiosidadesedicas.com\/loja\/"},{"@type":"ListItem","position":2,"name":"Produtos","item":"https:\/\/curiosidadesedicas.com\/loja\/produtos\/"},{"@type":"ListItem","position":3,"name":"PULSEIRA MAGN\u00c9TICA P\/ BRICOLAGEM WRISTOOL"}]},{"@type":"WebSite","@id":"https:\/\/curiosidadesedicas.com\/loja\/#website","url":"https:\/\/curiosidadesedicas.com\/loja\/","name":"Curiosidades &amp; Dicas, Lda","description":"Apaixonados Por Inova\u00e7\u00e3o","publisher":{"@id":"https:\/\/curiosidadesedicas.com\/loja\/#organization"},"potentialAction":[{"@type":"SearchAction","target":{"@type":"EntryPoint","urlTemplate":"https:\/\/curiosidadesedicas.com\/loja\/?s={search_term_string}"},"query-input":{"@type":"PropertyValueSpecification","valueRequired":true,"valueName":"search_term_string"}}],"inLanguage":"en-US"},{"@type":"Organization","@id":"https:\/\/curiosidadesedicas.com\/loja\/#organization","name":"Curiosidades & Dicas","url":"https:\/\/curiosidadesedicas.com\/loja\/","logo":{"@type":"ImageObject","inLanguage":"en-US","@id":"https:\/\/curiosidadesedicas.com\/loja\/#\/schema\/logo\/image\/","url":"https:\/\/curiosidadesedicas.com\/loja\/wp-content\/uploads\/2020\/05\/LogoCuriosidadesSimples.png","contentUrl":"https:\/\/curiosidadesedicas.com\/loja\/wp-content\/uploads\/2020\/05\/LogoCuriosidadesSimples.png","width":3528,"height":804,"caption":"Curiosidades & Dicas"},"image":{"@id":"https:\/\/curiosidadesedicas.com\/loja\/#\/schema\/logo\/image\/"}}]}},"_links":{"self":[{"href":"https:\/\/curiosidadesedicas.com\/loja\/en\/wp-json\/wp\/v2\/product\/27421","targetHints":{"allow":["GET"]}}],"collection":[{"href":"https:\/\/curiosidadesedicas.com\/loja\/en\/wp-json\/wp\/v2\/product"}],"about":[{"href":"https:\/\/curiosidadesedicas.com\/loja\/en\/wp-json\/wp\/v2\/types\/product"}],"replies":[{"embeddable":true,"href":"https:\/\/curiosidadesedicas.com\/loja\/en\/wp-json\/wp\/v2\/comments?post=27421"}],"wp:featuredmedia":[{"embeddable":true,"href":"https:\/\/curiosidadesedicas.com\/loja\/en\/wp-json\/wp\/v2\/media\/27422"}],"wp:attachment":[{"href":"https:\/\/curiosidadesedicas.com\/loja\/en\/wp-json\/wp\/v2\/media?parent=27421"}],"wp:term":[{"taxonomy":"product_brand","embeddable":true,"href":"https:\/\/curiosidadesedicas.com\/loja\/en\/wp-json\/wp\/v2\/product_brand?post=27421"},{"taxonomy":"product_cat","embeddable":true,"href":"https:\/\/curiosidadesedicas.com\/loja\/en\/wp-json\/wp\/v2\/product_cat?post=27421"},{"taxonomy":"product_tag","embeddable":true,"href":"https:\/\/curiosidadesedicas.com\/loja\/en\/wp-json\/wp\/v2\/product_tag?post=27421"}],"curies":[{"name":"wp","href":"https:\/\/api.w.org\/{rel}","templated":true}]}}