{"id":27349,"date":"2022-09-16T13:54:40","date_gmt":"2022-09-16T13:54:40","guid":{"rendered":"https:\/\/curiosidadesedicas.com\/loja\/?post_type=product&#038;p=27349"},"modified":"2025-03-12T09:47:29","modified_gmt":"2025-03-12T09:47:29","slug":"ferro-ceramico-p-cabelo-c-vapor-stemio","status":"publish","type":"product","link":"https:\/\/curiosidadesedicas.com\/loja\/en\/product\/ferro-ceramico-p-cabelo-c-vapor-stemio\/","title":{"rendered":"FERRO CER\u00c2MICO P\/ CABELO C\/ VAPOR STEMIO"},"content":{"rendered":"<p>Uma placa a vapor para o cabelo para um alisamento perfeito que proporciona resultados mais eficazes. Protege e hidrata os cabelos deixando-os macios e com brilho, al\u00e9m de prevenir o encrespamento. A fun\u00e7\u00e3o vapor \u00e9 separada e pode ser usada sempre que desejar. A tecnologia PTC faz com que o ferro aque\u00e7a rapidamente (atinge a temperatura desejada em apenas 30 segundos) e isso aumenta a dura\u00e7\u00e3o do calor. Possui placas de cer\u00e2mica 3D que n\u00e3o danificam o cabelo e evitam o atrito, reduzindo assim emaranhados e pux\u00f5es. No ecr\u00e3 LED encontrar\u00e1 5 n\u00edveis de temperatura regul\u00e1veis \u200b\u200b(120-200\u00baC) que se adaptam a todos os tipos de cabelo. A placa para cabelo desliga-se automaticamente quando n\u00e3o for utilizado durante 45 minutos. O seu design moderno e curvo tamb\u00e9m permite criar ondas com mais facilidade. O cabo roda 360\u00ba e \u00e9 extra longo, com 180 cm de comprimento, para uma utiliza\u00e7\u00e3o c\u00f3moda. Para evitar queimaduras acidentais, a trava de seguran\u00e7a mant\u00e9m as placas fechadas quando o ferro n\u00e3o est\u00e1 em utiliza\u00e7\u00e3o. Inclui instru\u00e7\u00f5es de uso e um tanque remov\u00edvel para encher com \u00e1gua destilada quando a fun\u00e7\u00e3o de vapor \u00e9 ativada. Este ferro para cabelo tem uma pot\u00eancia de 36 W e \u00e9 leve e compacto, f\u00e1cil de transportar e guardar.<\/p>\n<p><img decoding=\"async\" src=\"https:\/\/curiosidadesedicas.com\/loja\/wp-content\/uploads\/2022\/09\/2.jpg\" \/><\/p>","protected":false},"excerpt":{"rendered":"<ul>\n<li>Material: ABS<\/li>\n<li>Cor:\n<ul>\n<li>Branco<\/li>\n<li>Preto<\/li>\n<\/ul>\n<\/li>\n<li>Design: Curvado<\/li>\n<li>Tipo: El\u00e9trico<\/li>\n<li>Fun\u00e7\u00e3o de vapor: Dep\u00f3sito extra\u00edvel<\/li>\n<li>Placas cer\u00e2micas: 3D<\/li>\n<li>Tecnologia PTC: Aquecimento r\u00e1pido<\/li>\n<li>Tempo de aquecimento aprox.: 30 s<\/li>\n<li>Ecr\u00e3 LED: 5 n\u00edveis de temperatura<\/li>\n<li>Temperatura regul\u00e1vel: 120-140-160-180-200 \u00baC<\/li>\n<li>Bloqueio de seguran\u00e7a: Utiliza\u00e7\u00e3o c\u00f3moda, simples e segura<\/li>\n<li>Cabo girat\u00f3rio 360\u00ba: Vers\u00e1til e adapt\u00e1vel<\/li>\n<li>Apagado autom\u00e1tico: 45 min<\/li>\n<li>Leve e male\u00e1vel: F\u00e1cil de transportar e de guardar<\/li>\n<li>Pot\u00eancia: 36 W<\/li>\n<li>AC In: 100-240 V \/ 50-60 Hz<\/li>\n<li>Comprimento do cabo: 180 cm<\/li>\n<li>Tipo de tomada: C<\/li>\n<li>Medidas aprox.: 4,2 x 30 x 3,5 cm<\/li>\n<\/ul>","protected":false},"featured_media":27362,"comment_status":"open","ping_status":"closed","template":"","meta":{"_glsr_average":0,"_glsr_ranking":0,"_glsr_reviews":0},"product_brand":[],"product_cat":[357,360],"product_tag":[],"class_list":{"0":"post-27349","1":"product","2":"type-product","3":"status-publish","4":"has-post-thumbnail","6":"product_cat-bem-estar","7":"product_cat-beleza","9":"first","10":"instock","11":"taxable","12":"shipping-taxable","13":"purchasable","14":"product-type-simple"},"yoast_head":"<!-- This site is optimized with the Yoast SEO plugin v26.8 - https:\/\/yoast.com\/product\/yoast-seo-wordpress\/ -->\n<title>FERRO CER\u00c2MICO P\/ CABELO C\/ VAPOR STEMIO - Curiosidades &amp; Dicas, Lda<\/title>\n<meta name=\"robots\" content=\"index, follow, max-snippet:-1, max-image-preview:large, max-video-preview:-1\" \/>\n<link rel=\"canonical\" href=\"https:\/\/curiosidadesedicas.com\/loja\/en\/product\/ferro-ceramico-p-cabelo-c-vapor-stemio\/\" \/>\n<meta property=\"og:locale\" content=\"en_US\" \/>\n<meta property=\"og:type\" content=\"article\" \/>\n<meta property=\"og:title\" content=\"FERRO CER\u00c2MICO P\/ CABELO C\/ VAPOR STEMIO - Curiosidades &amp; Dicas, Lda\" \/>\n<meta property=\"og:description\" content=\"Material: ABS  Cor:   Branco  Preto    Design: Curvado  Tipo: El\u00e9trico  Fun\u00e7\u00e3o de vapor: Dep\u00f3sito extra\u00edvel  Placas cer\u00e2micas: 3D  Tecnologia PTC: Aquecimento r\u00e1pido  Tempo de aquecimento aprox.: 30 s  Ecr\u00e3 LED: 5 n\u00edveis de temperatura  Temperatura regul\u00e1vel: 120-140-160-180-200 \u00baC  Bloqueio de seguran\u00e7a: Utiliza\u00e7\u00e3o c\u00f3moda, simples e segura  Cabo girat\u00f3rio 360\u00ba: Vers\u00e1til e adapt\u00e1vel  Apagado autom\u00e1tico: 45 min  Leve e male\u00e1vel: F\u00e1cil de transportar e de guardar  Pot\u00eancia: 36 W  AC In: 100-240 V \/ 50-60 Hz  Comprimento do cabo: 180 cm  Tipo de tomada: C  Medidas aprox.: 4,2 x 30 x 3,5 cm\" \/>\n<meta property=\"og:url\" content=\"https:\/\/curiosidadesedicas.com\/loja\/en\/product\/ferro-ceramico-p-cabelo-c-vapor-stemio\/\" \/>\n<meta property=\"og:site_name\" content=\"Curiosidades &amp; Dicas, Lda\" \/>\n<meta property=\"article:modified_time\" content=\"2025-03-12T09:47:29+00:00\" \/>\n<meta property=\"og:image\" content=\"https:\/\/curiosidadesedicas.com\/loja\/wp-content\/uploads\/2022\/09\/ferro-ceramico-para-cabelo-com-vapor-stemio-innovagoods-36-w_186047.jpg\" \/>\n\t<meta property=\"og:image:width\" content=\"600\" \/>\n\t<meta property=\"og:image:height\" content=\"600\" \/>\n\t<meta property=\"og:image:type\" content=\"image\/jpeg\" \/>\n<meta name=\"twitter:card\" content=\"summary_large_image\" \/>\n<meta name=\"twitter:label1\" content=\"Est. reading time\" \/>\n\t<meta name=\"twitter:data1\" content=\"2 minutes\" \/>\n<script type=\"application\/ld+json\" class=\"yoast-schema-graph\">{\"@context\":\"https:\/\/schema.org\",\"@graph\":[{\"@type\":\"WebPage\",\"@id\":\"https:\/\/curiosidadesedicas.com\/loja\/produto\/ferro-ceramico-p-cabelo-c-vapor-stemio\/\",\"url\":\"https:\/\/curiosidadesedicas.com\/loja\/produto\/ferro-ceramico-p-cabelo-c-vapor-stemio\/\",\"name\":\"FERRO CER\u00c2MICO P\/ CABELO C\/ VAPOR STEMIO - Curiosidades &amp; Dicas, Lda\",\"isPartOf\":{\"@id\":\"https:\/\/curiosidadesedicas.com\/loja\/#website\"},\"primaryImageOfPage\":{\"@id\":\"https:\/\/curiosidadesedicas.com\/loja\/produto\/ferro-ceramico-p-cabelo-c-vapor-stemio\/#primaryimage\"},\"image\":{\"@id\":\"https:\/\/curiosidadesedicas.com\/loja\/produto\/ferro-ceramico-p-cabelo-c-vapor-stemio\/#primaryimage\"},\"thumbnailUrl\":\"https:\/\/curiosidadesedicas.com\/loja\/wp-content\/uploads\/2022\/09\/ferro-ceramico-para-cabelo-com-vapor-stemio-innovagoods-36-w_186047.jpg\",\"datePublished\":\"2022-09-16T13:54:40+00:00\",\"dateModified\":\"2025-03-12T09:47:29+00:00\",\"breadcrumb\":{\"@id\":\"https:\/\/curiosidadesedicas.com\/loja\/produto\/ferro-ceramico-p-cabelo-c-vapor-stemio\/#breadcrumb\"},\"inLanguage\":\"en-US\",\"potentialAction\":[{\"@type\":\"ReadAction\",\"target\":[\"https:\/\/curiosidadesedicas.com\/loja\/produto\/ferro-ceramico-p-cabelo-c-vapor-stemio\/\"]}]},{\"@type\":\"ImageObject\",\"inLanguage\":\"en-US\",\"@id\":\"https:\/\/curiosidadesedicas.com\/loja\/produto\/ferro-ceramico-p-cabelo-c-vapor-stemio\/#primaryimage\",\"url\":\"https:\/\/curiosidadesedicas.com\/loja\/wp-content\/uploads\/2022\/09\/ferro-ceramico-para-cabelo-com-vapor-stemio-innovagoods-36-w_186047.jpg\",\"contentUrl\":\"https:\/\/curiosidadesedicas.com\/loja\/wp-content\/uploads\/2022\/09\/ferro-ceramico-para-cabelo-com-vapor-stemio-innovagoods-36-w_186047.jpg\",\"width\":600,\"height\":600},{\"@type\":\"BreadcrumbList\",\"@id\":\"https:\/\/curiosidadesedicas.com\/loja\/produto\/ferro-ceramico-p-cabelo-c-vapor-stemio\/#breadcrumb\",\"itemListElement\":[{\"@type\":\"ListItem\",\"position\":1,\"name\":\"In\u00edcio\",\"item\":\"https:\/\/curiosidadesedicas.com\/loja\/\"},{\"@type\":\"ListItem\",\"position\":2,\"name\":\"Produtos\",\"item\":\"https:\/\/curiosidadesedicas.com\/loja\/produtos\/\"},{\"@type\":\"ListItem\",\"position\":3,\"name\":\"FERRO CER\u00c2MICO P\/ CABELO C\/ VAPOR STEMIO\"}]},{\"@type\":\"WebSite\",\"@id\":\"https:\/\/curiosidadesedicas.com\/loja\/#website\",\"url\":\"https:\/\/curiosidadesedicas.com\/loja\/\",\"name\":\"Curiosidades &amp; Dicas, Lda\",\"description\":\"Apaixonados Por Inova\u00e7\u00e3o\",\"publisher\":{\"@id\":\"https:\/\/curiosidadesedicas.com\/loja\/#organization\"},\"potentialAction\":[{\"@type\":\"SearchAction\",\"target\":{\"@type\":\"EntryPoint\",\"urlTemplate\":\"https:\/\/curiosidadesedicas.com\/loja\/?s={search_term_string}\"},\"query-input\":{\"@type\":\"PropertyValueSpecification\",\"valueRequired\":true,\"valueName\":\"search_term_string\"}}],\"inLanguage\":\"en-US\"},{\"@type\":\"Organization\",\"@id\":\"https:\/\/curiosidadesedicas.com\/loja\/#organization\",\"name\":\"Curiosidades & Dicas\",\"url\":\"https:\/\/curiosidadesedicas.com\/loja\/\",\"logo\":{\"@type\":\"ImageObject\",\"inLanguage\":\"en-US\",\"@id\":\"https:\/\/curiosidadesedicas.com\/loja\/#\/schema\/logo\/image\/\",\"url\":\"https:\/\/curiosidadesedicas.com\/loja\/wp-content\/uploads\/2020\/05\/LogoCuriosidadesSimples.png\",\"contentUrl\":\"https:\/\/curiosidadesedicas.com\/loja\/wp-content\/uploads\/2020\/05\/LogoCuriosidadesSimples.png\",\"width\":3528,\"height\":804,\"caption\":\"Curiosidades & Dicas\"},\"image\":{\"@id\":\"https:\/\/curiosidadesedicas.com\/loja\/#\/schema\/logo\/image\/\"}}]}<\/script>\n<!-- \/ Yoast SEO plugin. -->","yoast_head_json":{"title":"FERRO CER\u00c2MICO P\/ CABELO C\/ VAPOR STEMIO - Curiosidades &amp; Dicas, Lda","robots":{"index":"index","follow":"follow","max-snippet":"max-snippet:-1","max-image-preview":"max-image-preview:large","max-video-preview":"max-video-preview:-1"},"canonical":"https:\/\/curiosidadesedicas.com\/loja\/en\/product\/ferro-ceramico-p-cabelo-c-vapor-stemio\/","og_locale":"en_US","og_type":"article","og_title":"FERRO CER\u00c2MICO P\/ CABELO C\/ VAPOR STEMIO - Curiosidades &amp; Dicas, Lda","og_description":"Material: ABS  Cor:   Branco  Preto    Design: Curvado  Tipo: El\u00e9trico  Fun\u00e7\u00e3o de vapor: Dep\u00f3sito extra\u00edvel  Placas cer\u00e2micas: 3D  Tecnologia PTC: Aquecimento r\u00e1pido  Tempo de aquecimento aprox.: 30 s  Ecr\u00e3 LED: 5 n\u00edveis de temperatura  Temperatura regul\u00e1vel: 120-140-160-180-200 \u00baC  Bloqueio de seguran\u00e7a: Utiliza\u00e7\u00e3o c\u00f3moda, simples e segura  Cabo girat\u00f3rio 360\u00ba: Vers\u00e1til e adapt\u00e1vel  Apagado autom\u00e1tico: 45 min  Leve e male\u00e1vel: F\u00e1cil de transportar e de guardar  Pot\u00eancia: 36 W  AC In: 100-240 V \/ 50-60 Hz  Comprimento do cabo: 180 cm  Tipo de tomada: C  Medidas aprox.: 4,2 x 30 x 3,5 cm","og_url":"https:\/\/curiosidadesedicas.com\/loja\/en\/product\/ferro-ceramico-p-cabelo-c-vapor-stemio\/","og_site_name":"Curiosidades &amp; Dicas, Lda","article_modified_time":"2025-03-12T09:47:29+00:00","og_image":[{"width":600,"height":600,"url":"https:\/\/curiosidadesedicas.com\/loja\/wp-content\/uploads\/2022\/09\/ferro-ceramico-para-cabelo-com-vapor-stemio-innovagoods-36-w_186047.jpg","type":"image\/jpeg"}],"twitter_card":"summary_large_image","twitter_misc":{"Est. reading time":"2 minutes"},"schema":{"@context":"https:\/\/schema.org","@graph":[{"@type":"WebPage","@id":"https:\/\/curiosidadesedicas.com\/loja\/produto\/ferro-ceramico-p-cabelo-c-vapor-stemio\/","url":"https:\/\/curiosidadesedicas.com\/loja\/produto\/ferro-ceramico-p-cabelo-c-vapor-stemio\/","name":"FERRO CER\u00c2MICO P\/ CABELO C\/ VAPOR STEMIO - Curiosidades &amp; Dicas, Lda","isPartOf":{"@id":"https:\/\/curiosidadesedicas.com\/loja\/#website"},"primaryImageOfPage":{"@id":"https:\/\/curiosidadesedicas.com\/loja\/produto\/ferro-ceramico-p-cabelo-c-vapor-stemio\/#primaryimage"},"image":{"@id":"https:\/\/curiosidadesedicas.com\/loja\/produto\/ferro-ceramico-p-cabelo-c-vapor-stemio\/#primaryimage"},"thumbnailUrl":"https:\/\/curiosidadesedicas.com\/loja\/wp-content\/uploads\/2022\/09\/ferro-ceramico-para-cabelo-com-vapor-stemio-innovagoods-36-w_186047.jpg","datePublished":"2022-09-16T13:54:40+00:00","dateModified":"2025-03-12T09:47:29+00:00","breadcrumb":{"@id":"https:\/\/curiosidadesedicas.com\/loja\/produto\/ferro-ceramico-p-cabelo-c-vapor-stemio\/#breadcrumb"},"inLanguage":"en-US","potentialAction":[{"@type":"ReadAction","target":["https:\/\/curiosidadesedicas.com\/loja\/produto\/ferro-ceramico-p-cabelo-c-vapor-stemio\/"]}]},{"@type":"ImageObject","inLanguage":"en-US","@id":"https:\/\/curiosidadesedicas.com\/loja\/produto\/ferro-ceramico-p-cabelo-c-vapor-stemio\/#primaryimage","url":"https:\/\/curiosidadesedicas.com\/loja\/wp-content\/uploads\/2022\/09\/ferro-ceramico-para-cabelo-com-vapor-stemio-innovagoods-36-w_186047.jpg","contentUrl":"https:\/\/curiosidadesedicas.com\/loja\/wp-content\/uploads\/2022\/09\/ferro-ceramico-para-cabelo-com-vapor-stemio-innovagoods-36-w_186047.jpg","width":600,"height":600},{"@type":"BreadcrumbList","@id":"https:\/\/curiosidadesedicas.com\/loja\/produto\/ferro-ceramico-p-cabelo-c-vapor-stemio\/#breadcrumb","itemListElement":[{"@type":"ListItem","position":1,"name":"In\u00edcio","item":"https:\/\/curiosidadesedicas.com\/loja\/"},{"@type":"ListItem","position":2,"name":"Produtos","item":"https:\/\/curiosidadesedicas.com\/loja\/produtos\/"},{"@type":"ListItem","position":3,"name":"FERRO CER\u00c2MICO P\/ CABELO C\/ VAPOR STEMIO"}]},{"@type":"WebSite","@id":"https:\/\/curiosidadesedicas.com\/loja\/#website","url":"https:\/\/curiosidadesedicas.com\/loja\/","name":"Curiosidades &amp; Dicas, Lda","description":"Apaixonados Por Inova\u00e7\u00e3o","publisher":{"@id":"https:\/\/curiosidadesedicas.com\/loja\/#organization"},"potentialAction":[{"@type":"SearchAction","target":{"@type":"EntryPoint","urlTemplate":"https:\/\/curiosidadesedicas.com\/loja\/?s={search_term_string}"},"query-input":{"@type":"PropertyValueSpecification","valueRequired":true,"valueName":"search_term_string"}}],"inLanguage":"en-US"},{"@type":"Organization","@id":"https:\/\/curiosidadesedicas.com\/loja\/#organization","name":"Curiosidades & Dicas","url":"https:\/\/curiosidadesedicas.com\/loja\/","logo":{"@type":"ImageObject","inLanguage":"en-US","@id":"https:\/\/curiosidadesedicas.com\/loja\/#\/schema\/logo\/image\/","url":"https:\/\/curiosidadesedicas.com\/loja\/wp-content\/uploads\/2020\/05\/LogoCuriosidadesSimples.png","contentUrl":"https:\/\/curiosidadesedicas.com\/loja\/wp-content\/uploads\/2020\/05\/LogoCuriosidadesSimples.png","width":3528,"height":804,"caption":"Curiosidades & Dicas"},"image":{"@id":"https:\/\/curiosidadesedicas.com\/loja\/#\/schema\/logo\/image\/"}}]}},"_links":{"self":[{"href":"https:\/\/curiosidadesedicas.com\/loja\/en\/wp-json\/wp\/v2\/product\/27349","targetHints":{"allow":["GET"]}}],"collection":[{"href":"https:\/\/curiosidadesedicas.com\/loja\/en\/wp-json\/wp\/v2\/product"}],"about":[{"href":"https:\/\/curiosidadesedicas.com\/loja\/en\/wp-json\/wp\/v2\/types\/product"}],"replies":[{"embeddable":true,"href":"https:\/\/curiosidadesedicas.com\/loja\/en\/wp-json\/wp\/v2\/comments?post=27349"}],"wp:featuredmedia":[{"embeddable":true,"href":"https:\/\/curiosidadesedicas.com\/loja\/en\/wp-json\/wp\/v2\/media\/27362"}],"wp:attachment":[{"href":"https:\/\/curiosidadesedicas.com\/loja\/en\/wp-json\/wp\/v2\/media?parent=27349"}],"wp:term":[{"taxonomy":"product_brand","embeddable":true,"href":"https:\/\/curiosidadesedicas.com\/loja\/en\/wp-json\/wp\/v2\/product_brand?post=27349"},{"taxonomy":"product_cat","embeddable":true,"href":"https:\/\/curiosidadesedicas.com\/loja\/en\/wp-json\/wp\/v2\/product_cat?post=27349"},{"taxonomy":"product_tag","embeddable":true,"href":"https:\/\/curiosidadesedicas.com\/loja\/en\/wp-json\/wp\/v2\/product_tag?post=27349"}],"curies":[{"name":"wp","href":"https:\/\/api.w.org\/{rel}","templated":true}]}}