{"id":27106,"date":"2022-08-05T16:27:41","date_gmt":"2022-08-05T16:27:41","guid":{"rendered":"https:\/\/curiosidadesedicas.com\/loja\/?post_type=product&#038;p=27106"},"modified":"2025-03-11T13:52:42","modified_gmt":"2025-03-11T13:52:42","slug":"ventoinha-de-teto-c-candeeiro-led-95w","status":"publish","type":"product","link":"https:\/\/curiosidadesedicas.com\/loja\/en\/product\/ventoinha-de-teto-c-candeeiro-led-95w\/","title":{"rendered":"VENTOINHA DE TETO C\/ CANDEEIRO LED 95W"},"content":{"rendered":"<div dir=\"auto\">\n<p>A Ventoinha de Teto com Candeeiro \u00e9 um artigo de luxo para usar todo o ano. Al\u00e9m do candeeiro em led com 95 watts e 6000lumens, mant\u00e9m a divis\u00e3o fresca sem nenhum ru\u00eddo. Atrav\u00e9s do comando, pode escolher a temperatura de cor mais adequada para o seu espa\u00e7o: branco frio (6000k), branco neutro (4000k) ou branco quente (3000k), e programar para se desligar em 1h, 2h ou 4 horas.<\/p>\n<p>Quando n\u00e3o pretender utilizar a ventoinha, \u00e9 simples, as p\u00e1s recolhem e o que fica \u00e9 somente o lind\u00edssimo candeeiro.<\/p>\n<p>De Ver\u00e3o obtenha um excelente rendimento, onde vai sentir a divis\u00e3o fresca. De Inverno, use as p\u00e1s em sentido inverso, proporcionando um ambiente mais seco.<\/p>\n<p><img decoding=\"async\" src=\"https:\/\/curiosidadesedicas.com\/loja\/wp-content\/uploads\/2022\/08\/GIF-Ventoinha-de-Teto.gif\" \/><\/p>\n<p>&nbsp;<\/p>\n<\/div>","protected":false},"excerpt":{"rendered":"<div dir=\"auto\">\n<p>A Ventoinha de Teto com Candeeiro \u00e9 um artigo de luxo para usar todo o ano. Al\u00e9m do candeeiro em led com 95 watts e 6000 lumens, mant\u00e9m a divis\u00e3o fresca sem nenhum ru\u00eddo. Atrav\u00e9s do comando, pode escolher a temperatura de cor mais adequada para o seu espa\u00e7o: branco frio (6000k), branco neutro (4000k) ou branco quente (3000k), e programar para se desligar em 1h, 2h ou 4 horas.<\/p>\n<p>Quando n\u00e3o pretender utilizar a ventoinha, \u00e9 simples, as p\u00e1s recolhem e o que fica \u00e9 somente o lind\u00edssimo candeeiro.<\/p>\n<p>De Ver\u00e3o obtenha um excelente rendimento, onde vai sentir a divis\u00e3o fresca. De Inverno, use as p\u00e1s em sentido inverso, proporcionando um ambiente mais seco.<\/p>\n<p>Este modelo encontra-se esgotado, veja, por favor, o novo modelo da ventoinha de teto c\/candeeiro <a href=\"https:\/\/curiosidadesedicas.com\/loja\/en\/product\/ventoinha-de-teto-robin-c-candeeiro-led-72w\/\" target=\"_blank\" rel=\"noopener\"><strong>aqui<\/strong><\/a><\/p>\n<\/div>\n<p>https:\/\/youtu.be\/Zg9UoQAOZ74<\/p>\n<p><strong><a href=\"https:\/\/curiosidadesedicas.com\/loja\/wp-content\/uploads\/2022\/08\/Manual-de-Instrucoes-Ventoinha-de-Teto-com-Candeeiro-LED-2.pdf\" target=\"_blank\" rel=\"noopener\">VER MANUAL DE INSTRU\u00c7\u00d5ES<\/a><\/strong><\/p>","protected":false},"featured_media":27134,"comment_status":"open","ping_status":"closed","template":"","meta":{"_glsr_average":0,"_glsr_ranking":0,"_glsr_reviews":0},"product_brand":[],"product_cat":[474,365,369],"product_tag":[],"class_list":{"0":"post-27106","1":"product","2":"type-product","3":"status-publish","4":"has-post-thumbnail","6":"product_cat-ventilacao","7":"product_cat-para-o-lar","8":"product_cat-ventoinhas","10":"first","11":"instock","12":"taxable","13":"shipping-taxable","14":"purchasable","15":"product-type-simple"},"yoast_head":"<!-- This site is optimized with the Yoast SEO plugin v26.8 - https:\/\/yoast.com\/product\/yoast-seo-wordpress\/ -->\n<title>VENTOINHA DE TETO C\/ CANDEEIRO LED 95W - Curiosidades &amp; Dicas, Lda<\/title>\n<meta name=\"robots\" content=\"index, follow, max-snippet:-1, max-image-preview:large, max-video-preview:-1\" \/>\n<link rel=\"canonical\" href=\"https:\/\/curiosidadesedicas.com\/loja\/en\/product\/ventoinha-de-teto-c-candeeiro-led-95w\/\" \/>\n<meta property=\"og:locale\" content=\"en_US\" \/>\n<meta property=\"og:type\" content=\"article\" \/>\n<meta property=\"og:title\" content=\"VENTOINHA DE TETO C\/ CANDEEIRO LED 95W - Curiosidades &amp; Dicas, Lda\" \/>\n<meta property=\"og:description\" content=\"A Ventoinha de Teto com Candeeiro \u00e9 um artigo de luxo para usar todo o ano. Al\u00e9m do candeeiro em led com 95 watts e 6000 lumens, mant\u00e9m a divis\u00e3o fresca sem nenhum ru\u00eddo. Atrav\u00e9s do comando, pode escolher a temperatura de cor mais adequada para o seu espa\u00e7o: branco frio (6000k), branco neutro (4000k) ou branco quente (3000k), e programar para se desligar em 1h, 2h ou 4 horas.  Quando n\u00e3o pretender utilizar a ventoinha, \u00e9 simples, as p\u00e1s recolhem e o que fica \u00e9 somente o lind\u00edssimo candeeiro.  De Ver\u00e3o obtenha um excelente rendimento, onde vai sentir a divis\u00e3o fresca. De Inverno, use as p\u00e1s em sentido inverso, proporcionando um ambiente mais seco.  Este modelo encontra-se esgotado, veja, por favor, o novo modelo da ventoinha de teto c\/candeeiro aqui   https:\/\/youtu.be\/Zg9UoQAOZ74  VER MANUAL DE INSTRU\u00c7\u00d5ES\" \/>\n<meta property=\"og:url\" content=\"https:\/\/curiosidadesedicas.com\/loja\/en\/product\/ventoinha-de-teto-c-candeeiro-led-95w\/\" \/>\n<meta property=\"og:site_name\" content=\"Curiosidades &amp; Dicas, Lda\" \/>\n<meta property=\"article:modified_time\" content=\"2025-03-11T13:52:42+00:00\" \/>\n<meta property=\"og:image\" content=\"https:\/\/curiosidadesedicas.com\/loja\/wp-content\/uploads\/2022\/08\/Design-sem-nome.png\" \/>\n\t<meta property=\"og:image:width\" content=\"750\" \/>\n\t<meta property=\"og:image:height\" content=\"750\" \/>\n\t<meta property=\"og:image:type\" content=\"image\/png\" \/>\n<meta name=\"twitter:card\" content=\"summary_large_image\" \/>\n<meta name=\"twitter:label1\" content=\"Est. reading time\" \/>\n\t<meta name=\"twitter:data1\" content=\"1 minute\" \/>\n<script type=\"application\/ld+json\" class=\"yoast-schema-graph\">{\"@context\":\"https:\/\/schema.org\",\"@graph\":[{\"@type\":\"WebPage\",\"@id\":\"https:\/\/curiosidadesedicas.com\/loja\/produto\/ventoinha-de-teto-c-candeeiro-led-95w\/\",\"url\":\"https:\/\/curiosidadesedicas.com\/loja\/produto\/ventoinha-de-teto-c-candeeiro-led-95w\/\",\"name\":\"VENTOINHA DE TETO C\/ CANDEEIRO LED 95W - Curiosidades &amp; Dicas, Lda\",\"isPartOf\":{\"@id\":\"https:\/\/curiosidadesedicas.com\/loja\/#website\"},\"primaryImageOfPage\":{\"@id\":\"https:\/\/curiosidadesedicas.com\/loja\/produto\/ventoinha-de-teto-c-candeeiro-led-95w\/#primaryimage\"},\"image\":{\"@id\":\"https:\/\/curiosidadesedicas.com\/loja\/produto\/ventoinha-de-teto-c-candeeiro-led-95w\/#primaryimage\"},\"thumbnailUrl\":\"https:\/\/curiosidadesedicas.com\/loja\/wp-content\/uploads\/2022\/08\/Design-sem-nome.png\",\"datePublished\":\"2022-08-05T16:27:41+00:00\",\"dateModified\":\"2025-03-11T13:52:42+00:00\",\"breadcrumb\":{\"@id\":\"https:\/\/curiosidadesedicas.com\/loja\/produto\/ventoinha-de-teto-c-candeeiro-led-95w\/#breadcrumb\"},\"inLanguage\":\"en-US\",\"potentialAction\":[{\"@type\":\"ReadAction\",\"target\":[\"https:\/\/curiosidadesedicas.com\/loja\/produto\/ventoinha-de-teto-c-candeeiro-led-95w\/\"]}]},{\"@type\":\"ImageObject\",\"inLanguage\":\"en-US\",\"@id\":\"https:\/\/curiosidadesedicas.com\/loja\/produto\/ventoinha-de-teto-c-candeeiro-led-95w\/#primaryimage\",\"url\":\"https:\/\/curiosidadesedicas.com\/loja\/wp-content\/uploads\/2022\/08\/Design-sem-nome.png\",\"contentUrl\":\"https:\/\/curiosidadesedicas.com\/loja\/wp-content\/uploads\/2022\/08\/Design-sem-nome.png\",\"width\":750,\"height\":750},{\"@type\":\"BreadcrumbList\",\"@id\":\"https:\/\/curiosidadesedicas.com\/loja\/produto\/ventoinha-de-teto-c-candeeiro-led-95w\/#breadcrumb\",\"itemListElement\":[{\"@type\":\"ListItem\",\"position\":1,\"name\":\"In\u00edcio\",\"item\":\"https:\/\/curiosidadesedicas.com\/loja\/\"},{\"@type\":\"ListItem\",\"position\":2,\"name\":\"Produtos\",\"item\":\"https:\/\/curiosidadesedicas.com\/loja\/produtos\/\"},{\"@type\":\"ListItem\",\"position\":3,\"name\":\"VENTOINHA DE TETO C\/ CANDEEIRO LED 95W\"}]},{\"@type\":\"WebSite\",\"@id\":\"https:\/\/curiosidadesedicas.com\/loja\/#website\",\"url\":\"https:\/\/curiosidadesedicas.com\/loja\/\",\"name\":\"Curiosidades &amp; Dicas, Lda\",\"description\":\"Apaixonados Por Inova\u00e7\u00e3o\",\"publisher\":{\"@id\":\"https:\/\/curiosidadesedicas.com\/loja\/#organization\"},\"potentialAction\":[{\"@type\":\"SearchAction\",\"target\":{\"@type\":\"EntryPoint\",\"urlTemplate\":\"https:\/\/curiosidadesedicas.com\/loja\/?s={search_term_string}\"},\"query-input\":{\"@type\":\"PropertyValueSpecification\",\"valueRequired\":true,\"valueName\":\"search_term_string\"}}],\"inLanguage\":\"en-US\"},{\"@type\":\"Organization\",\"@id\":\"https:\/\/curiosidadesedicas.com\/loja\/#organization\",\"name\":\"Curiosidades & Dicas\",\"url\":\"https:\/\/curiosidadesedicas.com\/loja\/\",\"logo\":{\"@type\":\"ImageObject\",\"inLanguage\":\"en-US\",\"@id\":\"https:\/\/curiosidadesedicas.com\/loja\/#\/schema\/logo\/image\/\",\"url\":\"https:\/\/curiosidadesedicas.com\/loja\/wp-content\/uploads\/2020\/05\/LogoCuriosidadesSimples.png\",\"contentUrl\":\"https:\/\/curiosidadesedicas.com\/loja\/wp-content\/uploads\/2020\/05\/LogoCuriosidadesSimples.png\",\"width\":3528,\"height\":804,\"caption\":\"Curiosidades & Dicas\"},\"image\":{\"@id\":\"https:\/\/curiosidadesedicas.com\/loja\/#\/schema\/logo\/image\/\"}}]}<\/script>\n<!-- \/ Yoast SEO plugin. -->","yoast_head_json":{"title":"VENTOINHA DE TETO C\/ CANDEEIRO LED 95W - Curiosidades &amp; Dicas, Lda","robots":{"index":"index","follow":"follow","max-snippet":"max-snippet:-1","max-image-preview":"max-image-preview:large","max-video-preview":"max-video-preview:-1"},"canonical":"https:\/\/curiosidadesedicas.com\/loja\/en\/product\/ventoinha-de-teto-c-candeeiro-led-95w\/","og_locale":"en_US","og_type":"article","og_title":"VENTOINHA DE TETO C\/ CANDEEIRO LED 95W - Curiosidades &amp; Dicas, Lda","og_description":"A Ventoinha de Teto com Candeeiro \u00e9 um artigo de luxo para usar todo o ano. Al\u00e9m do candeeiro em led com 95 watts e 6000 lumens, mant\u00e9m a divis\u00e3o fresca sem nenhum ru\u00eddo. Atrav\u00e9s do comando, pode escolher a temperatura de cor mais adequada para o seu espa\u00e7o: branco frio (6000k), branco neutro (4000k) ou branco quente (3000k), e programar para se desligar em 1h, 2h ou 4 horas.  Quando n\u00e3o pretender utilizar a ventoinha, \u00e9 simples, as p\u00e1s recolhem e o que fica \u00e9 somente o lind\u00edssimo candeeiro.  De Ver\u00e3o obtenha um excelente rendimento, onde vai sentir a divis\u00e3o fresca. De Inverno, use as p\u00e1s em sentido inverso, proporcionando um ambiente mais seco.  Este modelo encontra-se esgotado, veja, por favor, o novo modelo da ventoinha de teto c\/candeeiro aqui   https:\/\/youtu.be\/Zg9UoQAOZ74  VER MANUAL DE INSTRU\u00c7\u00d5ES","og_url":"https:\/\/curiosidadesedicas.com\/loja\/en\/product\/ventoinha-de-teto-c-candeeiro-led-95w\/","og_site_name":"Curiosidades &amp; Dicas, Lda","article_modified_time":"2025-03-11T13:52:42+00:00","og_image":[{"width":750,"height":750,"url":"https:\/\/curiosidadesedicas.com\/loja\/wp-content\/uploads\/2022\/08\/Design-sem-nome.png","type":"image\/png"}],"twitter_card":"summary_large_image","twitter_misc":{"Est. reading time":"1 minute"},"schema":{"@context":"https:\/\/schema.org","@graph":[{"@type":"WebPage","@id":"https:\/\/curiosidadesedicas.com\/loja\/produto\/ventoinha-de-teto-c-candeeiro-led-95w\/","url":"https:\/\/curiosidadesedicas.com\/loja\/produto\/ventoinha-de-teto-c-candeeiro-led-95w\/","name":"VENTOINHA DE TETO C\/ CANDEEIRO LED 95W - Curiosidades &amp; Dicas, Lda","isPartOf":{"@id":"https:\/\/curiosidadesedicas.com\/loja\/#website"},"primaryImageOfPage":{"@id":"https:\/\/curiosidadesedicas.com\/loja\/produto\/ventoinha-de-teto-c-candeeiro-led-95w\/#primaryimage"},"image":{"@id":"https:\/\/curiosidadesedicas.com\/loja\/produto\/ventoinha-de-teto-c-candeeiro-led-95w\/#primaryimage"},"thumbnailUrl":"https:\/\/curiosidadesedicas.com\/loja\/wp-content\/uploads\/2022\/08\/Design-sem-nome.png","datePublished":"2022-08-05T16:27:41+00:00","dateModified":"2025-03-11T13:52:42+00:00","breadcrumb":{"@id":"https:\/\/curiosidadesedicas.com\/loja\/produto\/ventoinha-de-teto-c-candeeiro-led-95w\/#breadcrumb"},"inLanguage":"en-US","potentialAction":[{"@type":"ReadAction","target":["https:\/\/curiosidadesedicas.com\/loja\/produto\/ventoinha-de-teto-c-candeeiro-led-95w\/"]}]},{"@type":"ImageObject","inLanguage":"en-US","@id":"https:\/\/curiosidadesedicas.com\/loja\/produto\/ventoinha-de-teto-c-candeeiro-led-95w\/#primaryimage","url":"https:\/\/curiosidadesedicas.com\/loja\/wp-content\/uploads\/2022\/08\/Design-sem-nome.png","contentUrl":"https:\/\/curiosidadesedicas.com\/loja\/wp-content\/uploads\/2022\/08\/Design-sem-nome.png","width":750,"height":750},{"@type":"BreadcrumbList","@id":"https:\/\/curiosidadesedicas.com\/loja\/produto\/ventoinha-de-teto-c-candeeiro-led-95w\/#breadcrumb","itemListElement":[{"@type":"ListItem","position":1,"name":"In\u00edcio","item":"https:\/\/curiosidadesedicas.com\/loja\/"},{"@type":"ListItem","position":2,"name":"Produtos","item":"https:\/\/curiosidadesedicas.com\/loja\/produtos\/"},{"@type":"ListItem","position":3,"name":"VENTOINHA DE TETO C\/ CANDEEIRO LED 95W"}]},{"@type":"WebSite","@id":"https:\/\/curiosidadesedicas.com\/loja\/#website","url":"https:\/\/curiosidadesedicas.com\/loja\/","name":"Curiosidades &amp; Dicas, Lda","description":"Apaixonados Por Inova\u00e7\u00e3o","publisher":{"@id":"https:\/\/curiosidadesedicas.com\/loja\/#organization"},"potentialAction":[{"@type":"SearchAction","target":{"@type":"EntryPoint","urlTemplate":"https:\/\/curiosidadesedicas.com\/loja\/?s={search_term_string}"},"query-input":{"@type":"PropertyValueSpecification","valueRequired":true,"valueName":"search_term_string"}}],"inLanguage":"en-US"},{"@type":"Organization","@id":"https:\/\/curiosidadesedicas.com\/loja\/#organization","name":"Curiosidades & Dicas","url":"https:\/\/curiosidadesedicas.com\/loja\/","logo":{"@type":"ImageObject","inLanguage":"en-US","@id":"https:\/\/curiosidadesedicas.com\/loja\/#\/schema\/logo\/image\/","url":"https:\/\/curiosidadesedicas.com\/loja\/wp-content\/uploads\/2020\/05\/LogoCuriosidadesSimples.png","contentUrl":"https:\/\/curiosidadesedicas.com\/loja\/wp-content\/uploads\/2020\/05\/LogoCuriosidadesSimples.png","width":3528,"height":804,"caption":"Curiosidades & Dicas"},"image":{"@id":"https:\/\/curiosidadesedicas.com\/loja\/#\/schema\/logo\/image\/"}}]}},"_links":{"self":[{"href":"https:\/\/curiosidadesedicas.com\/loja\/en\/wp-json\/wp\/v2\/product\/27106","targetHints":{"allow":["GET"]}}],"collection":[{"href":"https:\/\/curiosidadesedicas.com\/loja\/en\/wp-json\/wp\/v2\/product"}],"about":[{"href":"https:\/\/curiosidadesedicas.com\/loja\/en\/wp-json\/wp\/v2\/types\/product"}],"replies":[{"embeddable":true,"href":"https:\/\/curiosidadesedicas.com\/loja\/en\/wp-json\/wp\/v2\/comments?post=27106"}],"wp:featuredmedia":[{"embeddable":true,"href":"https:\/\/curiosidadesedicas.com\/loja\/en\/wp-json\/wp\/v2\/media\/27134"}],"wp:attachment":[{"href":"https:\/\/curiosidadesedicas.com\/loja\/en\/wp-json\/wp\/v2\/media?parent=27106"}],"wp:term":[{"taxonomy":"product_brand","embeddable":true,"href":"https:\/\/curiosidadesedicas.com\/loja\/en\/wp-json\/wp\/v2\/product_brand?post=27106"},{"taxonomy":"product_cat","embeddable":true,"href":"https:\/\/curiosidadesedicas.com\/loja\/en\/wp-json\/wp\/v2\/product_cat?post=27106"},{"taxonomy":"product_tag","embeddable":true,"href":"https:\/\/curiosidadesedicas.com\/loja\/en\/wp-json\/wp\/v2\/product_tag?post=27106"}],"curies":[{"name":"wp","href":"https:\/\/api.w.org\/{rel}","templated":true}]}}