{"id":26853,"date":"2022-07-07T05:30:03","date_gmt":"2022-07-07T05:30:03","guid":{"rendered":"https:\/\/curiosidadesedicas.com\/loja\/?post_type=product&#038;p=26853"},"modified":"2025-06-25T13:33:11","modified_gmt":"2025-06-25T13:33:11","slug":"pistola-de-bombas-de-sabao-bubblig","status":"publish","type":"product","link":"https:\/\/curiosidadesedicas.com\/loja\/en\/product\/pistola-de-bombas-de-sabao-bubblig\/","title":{"rendered":"PISTOLA DE BOMBAS DE SAB\u00c3O BUBBLIG"},"content":{"rendered":"<p>Uma divertida pistola de bolas de sab\u00e3o que divertir\u00e1 as crian\u00e7as em brincadeiras ao ar livre para lan\u00e7ar muitas bolhas em seu redor, criando um ambiente de magia e fantasia. Uma brincadeira que sobrevive gera\u00e7\u00e3o ap\u00f3s gera\u00e7\u00e3o e que nunca passa de moda. Ideal para o entretenimento e decora\u00e7\u00e3o de festas e celebra\u00e7\u00f5es, especialmente para crian\u00e7as, mas \u00e0 qual os adultos podem n\u00e3o resistir e experimentar, recordando a sua inf\u00e2ncia com nostalgia. Esta original pistola gera bolhas de sab\u00e3o automaticamente e os 8 canh\u00f5es podem lan\u00e7ar at\u00e9 300 bolhas por disparo, toda uma invas\u00e3o de bombas de sab\u00e3o. Inclui um frasco para sab\u00e3o e uma c\u00e2mara para a carga de sab\u00e3o, pelo que pode levar tudo o que precisa facilmente para qualquer lugar. O cabo \u00e9 ergon\u00f3mico, funciona com pilhas e \u00e9 muito f\u00e1cil de utilizar. Basta despejar o sab\u00e3o no frasco para a c\u00e2mara de carga, introduzir a ponta da pistola na c\u00e2mara para impregnar os canh\u00f5es e disparar, repetindo a opera\u00e7\u00e3o sempre que seja necess\u00e1rio. O conjunto n\u00e3o inclui sab\u00e3o, mas inclui as instru\u00e7\u00f5es para fabricar o sab\u00e3o para as bombas. Pode utilizar-se sab\u00e3o espec\u00edfico para bombas (n\u00e3o inclu\u00eddo) ou fabricar o sab\u00e3o seguindo as instru\u00e7\u00f5es.<\/p>\n<p><img decoding=\"async\" src=\"https:\/\/curiosidadesedicas.com\/loja\/wp-content\/uploads\/2022\/07\/pistola-de-bombas-de-sabao-bubblig-innovagoods_322146-3.jpg\" \/><\/p>","protected":false},"excerpt":{"rendered":"<ul>\n<li>Material: ABS<\/li>\n<li>Cor:\n<ul>\n<li>Cinzento<\/li>\n<li>Azul<\/li>\n<\/ul>\n<\/li>\n<li>Design moderno: Inovador e funcional<\/li>\n<li>Tipo: El\u00e9trico<\/li>\n<li>Original e port\u00e1til: Sem cabos<\/li>\n<li>Funciona com pilhas: 3 x AA, n\u00e3o inclu\u00eddas<\/li>\n<li>Capacidade: 20 ml<\/li>\n<li>Pistola para Bolas de Sab\u00e3o: Gera bolhas de sab\u00e3o automaticamente<\/li>\n<li>8 canh\u00f5es de bolhas: At\u00e9 300 bolhas por disparo<\/li>\n<li>Inclui acess\u00f3rios:\n<ul>\n<li>Frasco para sab\u00e3o<\/li>\n<li>Cuba de carregamento de sab\u00e3o<\/li>\n<\/ul>\n<\/li>\n<li>Cabo ergon\u00f3mico: Apoio est\u00e1vel<\/li>\n<li>F\u00e1cil de utilizar: Utiliza\u00e7\u00e3o c\u00f3moda e simples<\/li>\n<li>N\u00e3o inclui o sab\u00e3o: Com instru\u00e7\u00f5es para fabricar sab\u00e3o para as bolas<\/li>\n<li>Uso recomendado: Utiliza\u00e7\u00e3o em exteriores<\/li>\n<li>Ideal para crian\u00e7as e adultos: Anti-stress, relaxamento, divers\u00e3o e treino<\/li>\n<li>Leve e male\u00e1vel: F\u00e1cil de transportar e de guardar<\/li>\n<li>Inclui: Instru\u00e7\u00f5es de utiliza\u00e7\u00e3o<\/li>\n<li>Idade recomendada: 3+ Anos<\/li>\n<li>Medidas aprox.: 23 x 9,3 x 5,2 cm<\/li>\n<\/ul>\n<p>&nbsp;<\/p>","protected":false},"featured_media":26865,"comment_status":"open","ping_status":"closed","template":"","meta":{"_glsr_average":0,"_glsr_ranking":0,"_glsr_reviews":0},"product_brand":[],"product_cat":[350,353,356],"product_tag":[],"class_list":{"0":"post-26853","1":"product","2":"type-product","3":"status-publish","4":"has-post-thumbnail","6":"product_cat-gadgets","7":"product_cat-p-criancas","8":"product_cat-p-praia-e-piscina","10":"first","11":"outofstock","12":"taxable","13":"shipping-taxable","14":"purchasable","15":"product-type-simple"},"yoast_head":"<!-- This site is optimized with the Yoast SEO plugin v26.8 - https:\/\/yoast.com\/product\/yoast-seo-wordpress\/ -->\n<title>PISTOLA DE BOMBAS DE SAB\u00c3O BUBBLIG - Curiosidades &amp; Dicas, Lda<\/title>\n<meta name=\"robots\" content=\"index, follow, max-snippet:-1, max-image-preview:large, max-video-preview:-1\" \/>\n<link rel=\"canonical\" href=\"https:\/\/curiosidadesedicas.com\/loja\/en\/product\/pistola-de-bombas-de-sabao-bubblig\/\" \/>\n<meta property=\"og:locale\" content=\"en_US\" \/>\n<meta property=\"og:type\" content=\"article\" \/>\n<meta property=\"og:title\" content=\"PISTOLA DE BOMBAS DE SAB\u00c3O BUBBLIG - Curiosidades &amp; Dicas, Lda\" \/>\n<meta property=\"og:description\" content=\"Material: ABS  Cor:   Cinzento  Azul    Design moderno: Inovador e funcional  Tipo: El\u00e9trico  Original e port\u00e1til: Sem cabos  Funciona com pilhas: 3 x AA, n\u00e3o inclu\u00eddas  Capacidade: 20 ml  Pistola para Bolas de Sab\u00e3o: Gera bolhas de sab\u00e3o automaticamente  8 canh\u00f5es de bolhas: At\u00e9 300 bolhas por disparo  Inclui acess\u00f3rios:   Frasco para sab\u00e3o  Cuba de carregamento de sab\u00e3o    Cabo ergon\u00f3mico: Apoio est\u00e1vel  F\u00e1cil de utilizar: Utiliza\u00e7\u00e3o c\u00f3moda e simples  N\u00e3o inclui o sab\u00e3o: Com instru\u00e7\u00f5es para fabricar sab\u00e3o para as bolas  Uso recomendado: Utiliza\u00e7\u00e3o em exteriores  Ideal para crian\u00e7as e adultos: Anti-stress, relaxamento, divers\u00e3o e treino  Leve e male\u00e1vel: F\u00e1cil de transportar e de guardar  Inclui: Instru\u00e7\u00f5es de utiliza\u00e7\u00e3o  Idade recomendada: 3+ Anos  Medidas aprox.: 23 x 9,3 x 5,2 cm  &nbsp;\" \/>\n<meta property=\"og:url\" content=\"https:\/\/curiosidadesedicas.com\/loja\/en\/product\/pistola-de-bombas-de-sabao-bubblig\/\" \/>\n<meta property=\"og:site_name\" content=\"Curiosidades &amp; Dicas, Lda\" \/>\n<meta property=\"article:modified_time\" content=\"2025-06-25T13:33:11+00:00\" \/>\n<meta property=\"og:image\" content=\"https:\/\/curiosidadesedicas.com\/loja\/wp-content\/uploads\/2022\/07\/pistola-de-bombas-de-sabao-bubblig-innovagoods_322146.jpg\" \/>\n\t<meta property=\"og:image:width\" content=\"600\" \/>\n\t<meta property=\"og:image:height\" content=\"600\" \/>\n\t<meta property=\"og:image:type\" content=\"image\/jpeg\" \/>\n<meta name=\"twitter:card\" content=\"summary_large_image\" \/>\n<meta name=\"twitter:label1\" content=\"Est. reading time\" \/>\n\t<meta name=\"twitter:data1\" content=\"2 minutes\" \/>\n<script type=\"application\/ld+json\" class=\"yoast-schema-graph\">{\"@context\":\"https:\/\/schema.org\",\"@graph\":[{\"@type\":\"WebPage\",\"@id\":\"https:\/\/curiosidadesedicas.com\/loja\/produto\/pistola-de-bombas-de-sabao-bubblig\/\",\"url\":\"https:\/\/curiosidadesedicas.com\/loja\/produto\/pistola-de-bombas-de-sabao-bubblig\/\",\"name\":\"PISTOLA DE BOMBAS DE SAB\u00c3O BUBBLIG - Curiosidades &amp; Dicas, Lda\",\"isPartOf\":{\"@id\":\"https:\/\/curiosidadesedicas.com\/loja\/#website\"},\"primaryImageOfPage\":{\"@id\":\"https:\/\/curiosidadesedicas.com\/loja\/produto\/pistola-de-bombas-de-sabao-bubblig\/#primaryimage\"},\"image\":{\"@id\":\"https:\/\/curiosidadesedicas.com\/loja\/produto\/pistola-de-bombas-de-sabao-bubblig\/#primaryimage\"},\"thumbnailUrl\":\"https:\/\/curiosidadesedicas.com\/loja\/wp-content\/uploads\/2022\/07\/pistola-de-bombas-de-sabao-bubblig-innovagoods_322146.jpg\",\"datePublished\":\"2022-07-07T05:30:03+00:00\",\"dateModified\":\"2025-06-25T13:33:11+00:00\",\"breadcrumb\":{\"@id\":\"https:\/\/curiosidadesedicas.com\/loja\/produto\/pistola-de-bombas-de-sabao-bubblig\/#breadcrumb\"},\"inLanguage\":\"en-US\",\"potentialAction\":[{\"@type\":\"ReadAction\",\"target\":[\"https:\/\/curiosidadesedicas.com\/loja\/produto\/pistola-de-bombas-de-sabao-bubblig\/\"]}]},{\"@type\":\"ImageObject\",\"inLanguage\":\"en-US\",\"@id\":\"https:\/\/curiosidadesedicas.com\/loja\/produto\/pistola-de-bombas-de-sabao-bubblig\/#primaryimage\",\"url\":\"https:\/\/curiosidadesedicas.com\/loja\/wp-content\/uploads\/2022\/07\/pistola-de-bombas-de-sabao-bubblig-innovagoods_322146.jpg\",\"contentUrl\":\"https:\/\/curiosidadesedicas.com\/loja\/wp-content\/uploads\/2022\/07\/pistola-de-bombas-de-sabao-bubblig-innovagoods_322146.jpg\",\"width\":600,\"height\":600},{\"@type\":\"BreadcrumbList\",\"@id\":\"https:\/\/curiosidadesedicas.com\/loja\/produto\/pistola-de-bombas-de-sabao-bubblig\/#breadcrumb\",\"itemListElement\":[{\"@type\":\"ListItem\",\"position\":1,\"name\":\"In\u00edcio\",\"item\":\"https:\/\/curiosidadesedicas.com\/loja\/\"},{\"@type\":\"ListItem\",\"position\":2,\"name\":\"Produtos\",\"item\":\"https:\/\/curiosidadesedicas.com\/loja\/produtos\/\"},{\"@type\":\"ListItem\",\"position\":3,\"name\":\"PISTOLA DE BOMBAS DE SAB\u00c3O BUBBLIG\"}]},{\"@type\":\"WebSite\",\"@id\":\"https:\/\/curiosidadesedicas.com\/loja\/#website\",\"url\":\"https:\/\/curiosidadesedicas.com\/loja\/\",\"name\":\"Curiosidades &amp; Dicas, Lda\",\"description\":\"Apaixonados Por Inova\u00e7\u00e3o\",\"publisher\":{\"@id\":\"https:\/\/curiosidadesedicas.com\/loja\/#organization\"},\"potentialAction\":[{\"@type\":\"SearchAction\",\"target\":{\"@type\":\"EntryPoint\",\"urlTemplate\":\"https:\/\/curiosidadesedicas.com\/loja\/?s={search_term_string}\"},\"query-input\":{\"@type\":\"PropertyValueSpecification\",\"valueRequired\":true,\"valueName\":\"search_term_string\"}}],\"inLanguage\":\"en-US\"},{\"@type\":\"Organization\",\"@id\":\"https:\/\/curiosidadesedicas.com\/loja\/#organization\",\"name\":\"Curiosidades & Dicas\",\"url\":\"https:\/\/curiosidadesedicas.com\/loja\/\",\"logo\":{\"@type\":\"ImageObject\",\"inLanguage\":\"en-US\",\"@id\":\"https:\/\/curiosidadesedicas.com\/loja\/#\/schema\/logo\/image\/\",\"url\":\"https:\/\/curiosidadesedicas.com\/loja\/wp-content\/uploads\/2020\/05\/LogoCuriosidadesSimples.png\",\"contentUrl\":\"https:\/\/curiosidadesedicas.com\/loja\/wp-content\/uploads\/2020\/05\/LogoCuriosidadesSimples.png\",\"width\":3528,\"height\":804,\"caption\":\"Curiosidades & Dicas\"},\"image\":{\"@id\":\"https:\/\/curiosidadesedicas.com\/loja\/#\/schema\/logo\/image\/\"}}]}<\/script>\n<!-- \/ Yoast SEO plugin. -->","yoast_head_json":{"title":"PISTOLA DE BOMBAS DE SAB\u00c3O BUBBLIG - Curiosidades &amp; Dicas, Lda","robots":{"index":"index","follow":"follow","max-snippet":"max-snippet:-1","max-image-preview":"max-image-preview:large","max-video-preview":"max-video-preview:-1"},"canonical":"https:\/\/curiosidadesedicas.com\/loja\/en\/product\/pistola-de-bombas-de-sabao-bubblig\/","og_locale":"en_US","og_type":"article","og_title":"PISTOLA DE BOMBAS DE SAB\u00c3O BUBBLIG - Curiosidades &amp; Dicas, Lda","og_description":"Material: ABS  Cor:   Cinzento  Azul    Design moderno: Inovador e funcional  Tipo: El\u00e9trico  Original e port\u00e1til: Sem cabos  Funciona com pilhas: 3 x AA, n\u00e3o inclu\u00eddas  Capacidade: 20 ml  Pistola para Bolas de Sab\u00e3o: Gera bolhas de sab\u00e3o automaticamente  8 canh\u00f5es de bolhas: At\u00e9 300 bolhas por disparo  Inclui acess\u00f3rios:   Frasco para sab\u00e3o  Cuba de carregamento de sab\u00e3o    Cabo ergon\u00f3mico: Apoio est\u00e1vel  F\u00e1cil de utilizar: Utiliza\u00e7\u00e3o c\u00f3moda e simples  N\u00e3o inclui o sab\u00e3o: Com instru\u00e7\u00f5es para fabricar sab\u00e3o para as bolas  Uso recomendado: Utiliza\u00e7\u00e3o em exteriores  Ideal para crian\u00e7as e adultos: Anti-stress, relaxamento, divers\u00e3o e treino  Leve e male\u00e1vel: F\u00e1cil de transportar e de guardar  Inclui: Instru\u00e7\u00f5es de utiliza\u00e7\u00e3o  Idade recomendada: 3+ Anos  Medidas aprox.: 23 x 9,3 x 5,2 cm  &nbsp;","og_url":"https:\/\/curiosidadesedicas.com\/loja\/en\/product\/pistola-de-bombas-de-sabao-bubblig\/","og_site_name":"Curiosidades &amp; Dicas, Lda","article_modified_time":"2025-06-25T13:33:11+00:00","og_image":[{"width":600,"height":600,"url":"https:\/\/curiosidadesedicas.com\/loja\/wp-content\/uploads\/2022\/07\/pistola-de-bombas-de-sabao-bubblig-innovagoods_322146.jpg","type":"image\/jpeg"}],"twitter_card":"summary_large_image","twitter_misc":{"Est. reading time":"2 minutes"},"schema":{"@context":"https:\/\/schema.org","@graph":[{"@type":"WebPage","@id":"https:\/\/curiosidadesedicas.com\/loja\/produto\/pistola-de-bombas-de-sabao-bubblig\/","url":"https:\/\/curiosidadesedicas.com\/loja\/produto\/pistola-de-bombas-de-sabao-bubblig\/","name":"PISTOLA DE BOMBAS DE SAB\u00c3O BUBBLIG - Curiosidades &amp; Dicas, Lda","isPartOf":{"@id":"https:\/\/curiosidadesedicas.com\/loja\/#website"},"primaryImageOfPage":{"@id":"https:\/\/curiosidadesedicas.com\/loja\/produto\/pistola-de-bombas-de-sabao-bubblig\/#primaryimage"},"image":{"@id":"https:\/\/curiosidadesedicas.com\/loja\/produto\/pistola-de-bombas-de-sabao-bubblig\/#primaryimage"},"thumbnailUrl":"https:\/\/curiosidadesedicas.com\/loja\/wp-content\/uploads\/2022\/07\/pistola-de-bombas-de-sabao-bubblig-innovagoods_322146.jpg","datePublished":"2022-07-07T05:30:03+00:00","dateModified":"2025-06-25T13:33:11+00:00","breadcrumb":{"@id":"https:\/\/curiosidadesedicas.com\/loja\/produto\/pistola-de-bombas-de-sabao-bubblig\/#breadcrumb"},"inLanguage":"en-US","potentialAction":[{"@type":"ReadAction","target":["https:\/\/curiosidadesedicas.com\/loja\/produto\/pistola-de-bombas-de-sabao-bubblig\/"]}]},{"@type":"ImageObject","inLanguage":"en-US","@id":"https:\/\/curiosidadesedicas.com\/loja\/produto\/pistola-de-bombas-de-sabao-bubblig\/#primaryimage","url":"https:\/\/curiosidadesedicas.com\/loja\/wp-content\/uploads\/2022\/07\/pistola-de-bombas-de-sabao-bubblig-innovagoods_322146.jpg","contentUrl":"https:\/\/curiosidadesedicas.com\/loja\/wp-content\/uploads\/2022\/07\/pistola-de-bombas-de-sabao-bubblig-innovagoods_322146.jpg","width":600,"height":600},{"@type":"BreadcrumbList","@id":"https:\/\/curiosidadesedicas.com\/loja\/produto\/pistola-de-bombas-de-sabao-bubblig\/#breadcrumb","itemListElement":[{"@type":"ListItem","position":1,"name":"In\u00edcio","item":"https:\/\/curiosidadesedicas.com\/loja\/"},{"@type":"ListItem","position":2,"name":"Produtos","item":"https:\/\/curiosidadesedicas.com\/loja\/produtos\/"},{"@type":"ListItem","position":3,"name":"PISTOLA DE BOMBAS DE SAB\u00c3O BUBBLIG"}]},{"@type":"WebSite","@id":"https:\/\/curiosidadesedicas.com\/loja\/#website","url":"https:\/\/curiosidadesedicas.com\/loja\/","name":"Curiosidades &amp; Dicas, Lda","description":"Apaixonados Por Inova\u00e7\u00e3o","publisher":{"@id":"https:\/\/curiosidadesedicas.com\/loja\/#organization"},"potentialAction":[{"@type":"SearchAction","target":{"@type":"EntryPoint","urlTemplate":"https:\/\/curiosidadesedicas.com\/loja\/?s={search_term_string}"},"query-input":{"@type":"PropertyValueSpecification","valueRequired":true,"valueName":"search_term_string"}}],"inLanguage":"en-US"},{"@type":"Organization","@id":"https:\/\/curiosidadesedicas.com\/loja\/#organization","name":"Curiosidades & Dicas","url":"https:\/\/curiosidadesedicas.com\/loja\/","logo":{"@type":"ImageObject","inLanguage":"en-US","@id":"https:\/\/curiosidadesedicas.com\/loja\/#\/schema\/logo\/image\/","url":"https:\/\/curiosidadesedicas.com\/loja\/wp-content\/uploads\/2020\/05\/LogoCuriosidadesSimples.png","contentUrl":"https:\/\/curiosidadesedicas.com\/loja\/wp-content\/uploads\/2020\/05\/LogoCuriosidadesSimples.png","width":3528,"height":804,"caption":"Curiosidades & Dicas"},"image":{"@id":"https:\/\/curiosidadesedicas.com\/loja\/#\/schema\/logo\/image\/"}}]}},"_links":{"self":[{"href":"https:\/\/curiosidadesedicas.com\/loja\/en\/wp-json\/wp\/v2\/product\/26853","targetHints":{"allow":["GET"]}}],"collection":[{"href":"https:\/\/curiosidadesedicas.com\/loja\/en\/wp-json\/wp\/v2\/product"}],"about":[{"href":"https:\/\/curiosidadesedicas.com\/loja\/en\/wp-json\/wp\/v2\/types\/product"}],"replies":[{"embeddable":true,"href":"https:\/\/curiosidadesedicas.com\/loja\/en\/wp-json\/wp\/v2\/comments?post=26853"}],"wp:featuredmedia":[{"embeddable":true,"href":"https:\/\/curiosidadesedicas.com\/loja\/en\/wp-json\/wp\/v2\/media\/26865"}],"wp:attachment":[{"href":"https:\/\/curiosidadesedicas.com\/loja\/en\/wp-json\/wp\/v2\/media?parent=26853"}],"wp:term":[{"taxonomy":"product_brand","embeddable":true,"href":"https:\/\/curiosidadesedicas.com\/loja\/en\/wp-json\/wp\/v2\/product_brand?post=26853"},{"taxonomy":"product_cat","embeddable":true,"href":"https:\/\/curiosidadesedicas.com\/loja\/en\/wp-json\/wp\/v2\/product_cat?post=26853"},{"taxonomy":"product_tag","embeddable":true,"href":"https:\/\/curiosidadesedicas.com\/loja\/en\/wp-json\/wp\/v2\/product_tag?post=26853"}],"curies":[{"name":"wp","href":"https:\/\/api.w.org\/{rel}","templated":true}]}}