{"id":26615,"date":"2022-06-24T15:07:16","date_gmt":"2022-06-24T15:07:16","guid":{"rendered":"https:\/\/curiosidadesedicas.com\/loja\/?post_type=product&#038;p=26615"},"modified":"2025-03-12T09:51:05","modified_gmt":"2025-03-12T09:51:05","slug":"conjunto-rolos-de-pintura-recarregaveis-anti-gotas-rollnpaint-5-pecas","status":"publish","type":"product","link":"https:\/\/curiosidadesedicas.com\/loja\/en\/product\/conjunto-rolos-de-pintura-recarregaveis-anti-gotas-rollnpaint-5-pecas\/","title":{"rendered":"CONJUNTO ROLOS DE PINTURA RECARREG\u00c1VEIS ANTI-GOTAS ROLL&#8217;N&#8217;PAINT 5 PE\u00c7AS"},"content":{"rendered":"<p>Um conjunto completo de rolos de pintura recarreg\u00e1veis com grande capacidade de cobertura que minimizam o tempo e o esfor\u00e7o de pintar e evitam derrames e gotas.<\/p>\n<p><img decoding=\"async\" src=\"https:\/\/curiosidadesedicas.com\/loja\/wp-content\/uploads\/2022\/06\/conjunto-rolos-de-pintura-recarregaveis-anti-gotas-roll-n-paint-innovagoods-5-pecas_97937-10.jpg\" \/><\/p>","protected":false},"excerpt":{"rendered":"<ul>\n<li>Material:\n<ul>\n<li>PP<\/li>\n<li>Poli\u00e9ster<\/li>\n<li>Alum\u00ednio<\/li>\n<\/ul>\n<\/li>\n<li>Utiliza\u00e7\u00e3o c\u00f3moda e simples<\/li>\n<li>Distribui\u00e7\u00e3o uniforme da tinta<\/li>\n<li>At\u00e9 25 m2 pintados com cada carga de tinta<\/li>\n<li>Otimiza o gasto de tinta, j\u00e1 n\u00e3o se desperdi\u00e7a nem uma gota<\/li>\n<li>Adapta-se a qualquer superf\u00edcie<\/li>\n<li>Acabamento profisssional<\/li>\n<li>F\u00e1cil limpeza e armazenagem<\/li>\n<li>Inclui:\n<ul>\n<li>Rolo para parede com tampa de seguran\u00e7a<\/li>\n<li>Rolo de precis\u00e3o com tampa de seguran\u00e7a<\/li>\n<li>Escova para canto<\/li>\n<li>Jarro de enchimento<\/li>\n<li>Barra de extens\u00e3o<\/li>\n<\/ul>\n<\/li>\n<li>Medidas aprox.:\n<ul>\n<li>16 x 9 cm<\/li>\n<li>7 x 9 cm<\/li>\n<li>8 x 20 cm<\/li>\n<li>1 L<\/li>\n<li>75 cm<\/li>\n<\/ul>\n<\/li>\n<\/ul>","protected":false},"featured_media":26625,"comment_status":"open","ping_status":"closed","template":"","meta":{"_glsr_average":0,"_glsr_ranking":0,"_glsr_reviews":0},"product_brand":[],"product_cat":[350,411,365,421],"product_tag":[],"class_list":{"0":"post-26615","1":"product","2":"type-product","3":"status-publish","4":"has-post-thumbnail","6":"product_cat-gadgets","7":"product_cat-divertidos-e-diversos","8":"product_cat-para-o-lar","9":"product_cat-arrumacao","11":"first","12":"instock","13":"taxable","14":"shipping-taxable","15":"purchasable","16":"product-type-simple"},"yoast_head":"<!-- This site is optimized with the Yoast SEO plugin v26.8 - https:\/\/yoast.com\/product\/yoast-seo-wordpress\/ -->\n<title>CONJUNTO ROLOS DE PINTURA RECARREG\u00c1VEIS ANTI-GOTAS ROLL&#039;N&#039;PAINT 5 PE\u00c7AS - Curiosidades &amp; Dicas, Lda<\/title>\n<meta name=\"robots\" content=\"index, follow, max-snippet:-1, max-image-preview:large, max-video-preview:-1\" \/>\n<link rel=\"canonical\" href=\"https:\/\/curiosidadesedicas.com\/loja\/en\/product\/conjunto-rolos-de-pintura-recarregaveis-anti-gotas-rollnpaint-5-pecas\/\" \/>\n<meta property=\"og:locale\" content=\"en_US\" \/>\n<meta property=\"og:type\" content=\"article\" \/>\n<meta property=\"og:title\" content=\"CONJUNTO ROLOS DE PINTURA RECARREG\u00c1VEIS ANTI-GOTAS ROLL&#039;N&#039;PAINT 5 PE\u00c7AS - Curiosidades &amp; Dicas, Lda\" \/>\n<meta property=\"og:description\" content=\"Material:   PP  Poli\u00e9ster  Alum\u00ednio    Utiliza\u00e7\u00e3o c\u00f3moda e simples  Distribui\u00e7\u00e3o uniforme da tinta  At\u00e9 25 m2 pintados com cada carga de tinta  Otimiza o gasto de tinta, j\u00e1 n\u00e3o se desperdi\u00e7a nem uma gota  Adapta-se a qualquer superf\u00edcie  Acabamento profisssional  F\u00e1cil limpeza e armazenagem  Inclui:   Rolo para parede com tampa de seguran\u00e7a  Rolo de precis\u00e3o com tampa de seguran\u00e7a  Escova para canto  Jarro de enchimento  Barra de extens\u00e3o    Medidas aprox.:   16 x 9 cm  7 x 9 cm  8 x 20 cm  1 L  75 cm\" \/>\n<meta property=\"og:url\" content=\"https:\/\/curiosidadesedicas.com\/loja\/en\/product\/conjunto-rolos-de-pintura-recarregaveis-anti-gotas-rollnpaint-5-pecas\/\" \/>\n<meta property=\"og:site_name\" content=\"Curiosidades &amp; Dicas, Lda\" \/>\n<meta property=\"article:modified_time\" content=\"2025-03-12T09:51:05+00:00\" \/>\n<meta property=\"og:image\" content=\"https:\/\/curiosidadesedicas.com\/loja\/wp-content\/uploads\/2022\/06\/conjunto-rolos-de-pintura-recarregaveis-anti-gotas-roll-n-paint-innovagoods-5-pecas_97937.jpg\" \/>\n\t<meta property=\"og:image:width\" content=\"600\" \/>\n\t<meta property=\"og:image:height\" content=\"600\" \/>\n\t<meta property=\"og:image:type\" content=\"image\/jpeg\" \/>\n<meta name=\"twitter:card\" content=\"summary_large_image\" \/>\n<meta name=\"twitter:label1\" content=\"Est. reading time\" \/>\n\t<meta name=\"twitter:data1\" content=\"1 minute\" \/>\n<script type=\"application\/ld+json\" class=\"yoast-schema-graph\">{\"@context\":\"https:\/\/schema.org\",\"@graph\":[{\"@type\":\"WebPage\",\"@id\":\"https:\/\/curiosidadesedicas.com\/loja\/produto\/conjunto-rolos-de-pintura-recarregaveis-anti-gotas-rollnpaint-5-pecas\/\",\"url\":\"https:\/\/curiosidadesedicas.com\/loja\/produto\/conjunto-rolos-de-pintura-recarregaveis-anti-gotas-rollnpaint-5-pecas\/\",\"name\":\"CONJUNTO ROLOS DE PINTURA RECARREG\u00c1VEIS ANTI-GOTAS ROLL'N'PAINT 5 PE\u00c7AS - Curiosidades &amp; Dicas, Lda\",\"isPartOf\":{\"@id\":\"https:\/\/curiosidadesedicas.com\/loja\/#website\"},\"primaryImageOfPage\":{\"@id\":\"https:\/\/curiosidadesedicas.com\/loja\/produto\/conjunto-rolos-de-pintura-recarregaveis-anti-gotas-rollnpaint-5-pecas\/#primaryimage\"},\"image\":{\"@id\":\"https:\/\/curiosidadesedicas.com\/loja\/produto\/conjunto-rolos-de-pintura-recarregaveis-anti-gotas-rollnpaint-5-pecas\/#primaryimage\"},\"thumbnailUrl\":\"https:\/\/curiosidadesedicas.com\/loja\/wp-content\/uploads\/2022\/06\/conjunto-rolos-de-pintura-recarregaveis-anti-gotas-roll-n-paint-innovagoods-5-pecas_97937.jpg\",\"datePublished\":\"2022-06-24T15:07:16+00:00\",\"dateModified\":\"2025-03-12T09:51:05+00:00\",\"breadcrumb\":{\"@id\":\"https:\/\/curiosidadesedicas.com\/loja\/produto\/conjunto-rolos-de-pintura-recarregaveis-anti-gotas-rollnpaint-5-pecas\/#breadcrumb\"},\"inLanguage\":\"en-US\",\"potentialAction\":[{\"@type\":\"ReadAction\",\"target\":[\"https:\/\/curiosidadesedicas.com\/loja\/produto\/conjunto-rolos-de-pintura-recarregaveis-anti-gotas-rollnpaint-5-pecas\/\"]}]},{\"@type\":\"ImageObject\",\"inLanguage\":\"en-US\",\"@id\":\"https:\/\/curiosidadesedicas.com\/loja\/produto\/conjunto-rolos-de-pintura-recarregaveis-anti-gotas-rollnpaint-5-pecas\/#primaryimage\",\"url\":\"https:\/\/curiosidadesedicas.com\/loja\/wp-content\/uploads\/2022\/06\/conjunto-rolos-de-pintura-recarregaveis-anti-gotas-roll-n-paint-innovagoods-5-pecas_97937.jpg\",\"contentUrl\":\"https:\/\/curiosidadesedicas.com\/loja\/wp-content\/uploads\/2022\/06\/conjunto-rolos-de-pintura-recarregaveis-anti-gotas-roll-n-paint-innovagoods-5-pecas_97937.jpg\",\"width\":600,\"height\":600},{\"@type\":\"BreadcrumbList\",\"@id\":\"https:\/\/curiosidadesedicas.com\/loja\/produto\/conjunto-rolos-de-pintura-recarregaveis-anti-gotas-rollnpaint-5-pecas\/#breadcrumb\",\"itemListElement\":[{\"@type\":\"ListItem\",\"position\":1,\"name\":\"In\u00edcio\",\"item\":\"https:\/\/curiosidadesedicas.com\/loja\/\"},{\"@type\":\"ListItem\",\"position\":2,\"name\":\"Produtos\",\"item\":\"https:\/\/curiosidadesedicas.com\/loja\/produtos\/\"},{\"@type\":\"ListItem\",\"position\":3,\"name\":\"CONJUNTO ROLOS DE PINTURA RECARREG\u00c1VEIS ANTI-GOTAS ROLL&#8217;N&#8217;PAINT 5 PE\u00c7AS\"}]},{\"@type\":\"WebSite\",\"@id\":\"https:\/\/curiosidadesedicas.com\/loja\/#website\",\"url\":\"https:\/\/curiosidadesedicas.com\/loja\/\",\"name\":\"Curiosidades &amp; Dicas, Lda\",\"description\":\"Apaixonados Por Inova\u00e7\u00e3o\",\"publisher\":{\"@id\":\"https:\/\/curiosidadesedicas.com\/loja\/#organization\"},\"potentialAction\":[{\"@type\":\"SearchAction\",\"target\":{\"@type\":\"EntryPoint\",\"urlTemplate\":\"https:\/\/curiosidadesedicas.com\/loja\/?s={search_term_string}\"},\"query-input\":{\"@type\":\"PropertyValueSpecification\",\"valueRequired\":true,\"valueName\":\"search_term_string\"}}],\"inLanguage\":\"en-US\"},{\"@type\":\"Organization\",\"@id\":\"https:\/\/curiosidadesedicas.com\/loja\/#organization\",\"name\":\"Curiosidades & Dicas\",\"url\":\"https:\/\/curiosidadesedicas.com\/loja\/\",\"logo\":{\"@type\":\"ImageObject\",\"inLanguage\":\"en-US\",\"@id\":\"https:\/\/curiosidadesedicas.com\/loja\/#\/schema\/logo\/image\/\",\"url\":\"https:\/\/curiosidadesedicas.com\/loja\/wp-content\/uploads\/2020\/05\/LogoCuriosidadesSimples.png\",\"contentUrl\":\"https:\/\/curiosidadesedicas.com\/loja\/wp-content\/uploads\/2020\/05\/LogoCuriosidadesSimples.png\",\"width\":3528,\"height\":804,\"caption\":\"Curiosidades & Dicas\"},\"image\":{\"@id\":\"https:\/\/curiosidadesedicas.com\/loja\/#\/schema\/logo\/image\/\"}}]}<\/script>\n<!-- \/ Yoast SEO plugin. -->","yoast_head_json":{"title":"CONJUNTO ROLOS DE PINTURA RECARREG\u00c1VEIS ANTI-GOTAS ROLL'N'PAINT 5 PE\u00c7AS - Curiosidades &amp; Dicas, Lda","robots":{"index":"index","follow":"follow","max-snippet":"max-snippet:-1","max-image-preview":"max-image-preview:large","max-video-preview":"max-video-preview:-1"},"canonical":"https:\/\/curiosidadesedicas.com\/loja\/en\/product\/conjunto-rolos-de-pintura-recarregaveis-anti-gotas-rollnpaint-5-pecas\/","og_locale":"en_US","og_type":"article","og_title":"CONJUNTO ROLOS DE PINTURA RECARREG\u00c1VEIS ANTI-GOTAS ROLL'N'PAINT 5 PE\u00c7AS - Curiosidades &amp; Dicas, Lda","og_description":"Material:   PP  Poli\u00e9ster  Alum\u00ednio    Utiliza\u00e7\u00e3o c\u00f3moda e simples  Distribui\u00e7\u00e3o uniforme da tinta  At\u00e9 25 m2 pintados com cada carga de tinta  Otimiza o gasto de tinta, j\u00e1 n\u00e3o se desperdi\u00e7a nem uma gota  Adapta-se a qualquer superf\u00edcie  Acabamento profisssional  F\u00e1cil limpeza e armazenagem  Inclui:   Rolo para parede com tampa de seguran\u00e7a  Rolo de precis\u00e3o com tampa de seguran\u00e7a  Escova para canto  Jarro de enchimento  Barra de extens\u00e3o    Medidas aprox.:   16 x 9 cm  7 x 9 cm  8 x 20 cm  1 L  75 cm","og_url":"https:\/\/curiosidadesedicas.com\/loja\/en\/product\/conjunto-rolos-de-pintura-recarregaveis-anti-gotas-rollnpaint-5-pecas\/","og_site_name":"Curiosidades &amp; Dicas, Lda","article_modified_time":"2025-03-12T09:51:05+00:00","og_image":[{"width":600,"height":600,"url":"https:\/\/curiosidadesedicas.com\/loja\/wp-content\/uploads\/2022\/06\/conjunto-rolos-de-pintura-recarregaveis-anti-gotas-roll-n-paint-innovagoods-5-pecas_97937.jpg","type":"image\/jpeg"}],"twitter_card":"summary_large_image","twitter_misc":{"Est. reading time":"1 minute"},"schema":{"@context":"https:\/\/schema.org","@graph":[{"@type":"WebPage","@id":"https:\/\/curiosidadesedicas.com\/loja\/produto\/conjunto-rolos-de-pintura-recarregaveis-anti-gotas-rollnpaint-5-pecas\/","url":"https:\/\/curiosidadesedicas.com\/loja\/produto\/conjunto-rolos-de-pintura-recarregaveis-anti-gotas-rollnpaint-5-pecas\/","name":"CONJUNTO ROLOS DE PINTURA RECARREG\u00c1VEIS ANTI-GOTAS ROLL'N'PAINT 5 PE\u00c7AS - Curiosidades &amp; Dicas, Lda","isPartOf":{"@id":"https:\/\/curiosidadesedicas.com\/loja\/#website"},"primaryImageOfPage":{"@id":"https:\/\/curiosidadesedicas.com\/loja\/produto\/conjunto-rolos-de-pintura-recarregaveis-anti-gotas-rollnpaint-5-pecas\/#primaryimage"},"image":{"@id":"https:\/\/curiosidadesedicas.com\/loja\/produto\/conjunto-rolos-de-pintura-recarregaveis-anti-gotas-rollnpaint-5-pecas\/#primaryimage"},"thumbnailUrl":"https:\/\/curiosidadesedicas.com\/loja\/wp-content\/uploads\/2022\/06\/conjunto-rolos-de-pintura-recarregaveis-anti-gotas-roll-n-paint-innovagoods-5-pecas_97937.jpg","datePublished":"2022-06-24T15:07:16+00:00","dateModified":"2025-03-12T09:51:05+00:00","breadcrumb":{"@id":"https:\/\/curiosidadesedicas.com\/loja\/produto\/conjunto-rolos-de-pintura-recarregaveis-anti-gotas-rollnpaint-5-pecas\/#breadcrumb"},"inLanguage":"en-US","potentialAction":[{"@type":"ReadAction","target":["https:\/\/curiosidadesedicas.com\/loja\/produto\/conjunto-rolos-de-pintura-recarregaveis-anti-gotas-rollnpaint-5-pecas\/"]}]},{"@type":"ImageObject","inLanguage":"en-US","@id":"https:\/\/curiosidadesedicas.com\/loja\/produto\/conjunto-rolos-de-pintura-recarregaveis-anti-gotas-rollnpaint-5-pecas\/#primaryimage","url":"https:\/\/curiosidadesedicas.com\/loja\/wp-content\/uploads\/2022\/06\/conjunto-rolos-de-pintura-recarregaveis-anti-gotas-roll-n-paint-innovagoods-5-pecas_97937.jpg","contentUrl":"https:\/\/curiosidadesedicas.com\/loja\/wp-content\/uploads\/2022\/06\/conjunto-rolos-de-pintura-recarregaveis-anti-gotas-roll-n-paint-innovagoods-5-pecas_97937.jpg","width":600,"height":600},{"@type":"BreadcrumbList","@id":"https:\/\/curiosidadesedicas.com\/loja\/produto\/conjunto-rolos-de-pintura-recarregaveis-anti-gotas-rollnpaint-5-pecas\/#breadcrumb","itemListElement":[{"@type":"ListItem","position":1,"name":"In\u00edcio","item":"https:\/\/curiosidadesedicas.com\/loja\/"},{"@type":"ListItem","position":2,"name":"Produtos","item":"https:\/\/curiosidadesedicas.com\/loja\/produtos\/"},{"@type":"ListItem","position":3,"name":"CONJUNTO ROLOS DE PINTURA RECARREG\u00c1VEIS ANTI-GOTAS ROLL&#8217;N&#8217;PAINT 5 PE\u00c7AS"}]},{"@type":"WebSite","@id":"https:\/\/curiosidadesedicas.com\/loja\/#website","url":"https:\/\/curiosidadesedicas.com\/loja\/","name":"Curiosidades &amp; Dicas, Lda","description":"Apaixonados Por Inova\u00e7\u00e3o","publisher":{"@id":"https:\/\/curiosidadesedicas.com\/loja\/#organization"},"potentialAction":[{"@type":"SearchAction","target":{"@type":"EntryPoint","urlTemplate":"https:\/\/curiosidadesedicas.com\/loja\/?s={search_term_string}"},"query-input":{"@type":"PropertyValueSpecification","valueRequired":true,"valueName":"search_term_string"}}],"inLanguage":"en-US"},{"@type":"Organization","@id":"https:\/\/curiosidadesedicas.com\/loja\/#organization","name":"Curiosidades & Dicas","url":"https:\/\/curiosidadesedicas.com\/loja\/","logo":{"@type":"ImageObject","inLanguage":"en-US","@id":"https:\/\/curiosidadesedicas.com\/loja\/#\/schema\/logo\/image\/","url":"https:\/\/curiosidadesedicas.com\/loja\/wp-content\/uploads\/2020\/05\/LogoCuriosidadesSimples.png","contentUrl":"https:\/\/curiosidadesedicas.com\/loja\/wp-content\/uploads\/2020\/05\/LogoCuriosidadesSimples.png","width":3528,"height":804,"caption":"Curiosidades & Dicas"},"image":{"@id":"https:\/\/curiosidadesedicas.com\/loja\/#\/schema\/logo\/image\/"}}]}},"_links":{"self":[{"href":"https:\/\/curiosidadesedicas.com\/loja\/en\/wp-json\/wp\/v2\/product\/26615","targetHints":{"allow":["GET"]}}],"collection":[{"href":"https:\/\/curiosidadesedicas.com\/loja\/en\/wp-json\/wp\/v2\/product"}],"about":[{"href":"https:\/\/curiosidadesedicas.com\/loja\/en\/wp-json\/wp\/v2\/types\/product"}],"replies":[{"embeddable":true,"href":"https:\/\/curiosidadesedicas.com\/loja\/en\/wp-json\/wp\/v2\/comments?post=26615"}],"wp:featuredmedia":[{"embeddable":true,"href":"https:\/\/curiosidadesedicas.com\/loja\/en\/wp-json\/wp\/v2\/media\/26625"}],"wp:attachment":[{"href":"https:\/\/curiosidadesedicas.com\/loja\/en\/wp-json\/wp\/v2\/media?parent=26615"}],"wp:term":[{"taxonomy":"product_brand","embeddable":true,"href":"https:\/\/curiosidadesedicas.com\/loja\/en\/wp-json\/wp\/v2\/product_brand?post=26615"},{"taxonomy":"product_cat","embeddable":true,"href":"https:\/\/curiosidadesedicas.com\/loja\/en\/wp-json\/wp\/v2\/product_cat?post=26615"},{"taxonomy":"product_tag","embeddable":true,"href":"https:\/\/curiosidadesedicas.com\/loja\/en\/wp-json\/wp\/v2\/product_tag?post=26615"}],"curies":[{"name":"wp","href":"https:\/\/api.w.org\/{rel}","templated":true}]}}