{"id":26581,"date":"2022-06-24T14:36:54","date_gmt":"2022-06-24T14:36:54","guid":{"rendered":"https:\/\/curiosidadesedicas.com\/loja\/?post_type=product&#038;p=26581"},"modified":"2025-03-12T09:51:18","modified_gmt":"2025-03-12T09:51:18","slug":"prancha-de-paddle-surf-insuflavel-2-em-1-c-assento-e-acessorios-kaddle-105","status":"publish","type":"product","link":"https:\/\/curiosidadesedicas.com\/loja\/en\/product\/prancha-de-paddle-surf-insuflavel-2-em-1-c-assento-e-acessorios-kaddle-105\/","title":{"rendered":"PRANCHA DE PADDLE SURF INSUFL\u00c1VEL 2 EM 1 C\/ ASSENTO E ACESS\u00d3RIOS KADDLE 10,5&#8242;"},"content":{"rendered":"<p>A prancha de paddle surf insufl\u00e1vel Kaddle inclui tudo o que \u00e9 necess\u00e1rio para desfrutar deste desporto aqu\u00e1tico da moda e muito mais. Perfeita para quem quiser praticar esta modalidade desportiva (Stand Up Paddling) ou para aqueles que j\u00e1 t\u00eam experi\u00eancia e pretendem continuar a praticar e viver novas aventuras. Esta prancha vers\u00e1til de paddle surf \u00e9 larga, robusta e est\u00e1vel, proporcionando maior seguran\u00e7a e controlo. Al\u00e9m disso, o seu assento desmont\u00e1vel oferece m\u00faltiplas possibilidades e total comodidade. Ideal para travessias de inicia\u00e7\u00e3o, passeios, surfar ondas pequenas, praticar remo, caiaque, pesca, ioga na \u00e1gua&#8230;<\/p>\n<ul>\n<li><b>Materiais de alta qualidade<\/b>:<\/li>\n<\/ul>\n<p>-Prancha: PVC refor\u00e7ado com poli\u00e9ster<br \/>\n-Assento: poli\u00e9ster 210D, EVA<br \/>\n-Remo: p\u00e9rtiga: alum\u00ednio, p\u00e1: PP<br \/>\n-Bolsa: poli\u00e9ster 600D resistente \u00e0 \u00e1gua<br \/>\n-Leash: PTA de alta densidade<br \/>\n-Barbatanas: PP e n\u00e1ilon<br \/>\n-Insuflador: PP e alum\u00ednio<\/p>\n<ul>\n<li>Inclui\u00a0<b>manual de instru\u00e7\u00f5es\u00a0<\/b>e um completo\u00a0<b>conjunto de acess\u00f3rios<\/b>:<\/li>\n<\/ul>\n<p>-1 Assento desmont\u00e1vel (60 x 68 cm) com encosto e bolsa<br \/>\n-1 Remo desmont\u00e1vel, dupla p\u00e1, altura ajust\u00e1vel: 160-210 cm<br \/>\n-3 Barbatanas desmont\u00e1veis: 1 grande e 2 pequenas<br \/>\n-1 Leash: cabo de seguran\u00e7a para o tornozelo<br \/>\n-1 Correia de fixa\u00e7\u00e3o, dobr\u00e1vel e armazen\u00e1vel<br \/>\n-1 Bolsa-mochila de transporte: 90 x 40 x 30 cm aprox.<br \/>\n-1 Kit repara\u00e7\u00e3o: 2 remendos, cola e chave de ajuste<br \/>\n-1 Insuflador manual com man\u00f3metro: dupla a\u00e7\u00e3o (insuflar-esvaziar)<\/p>\n<ul>\n<li>Adequada para lago, p\u00e2ntano e mar<\/li>\n<li>Design original personalizado<\/li>\n<li>Superf\u00edcie\u00a0antiderrapante<\/li>\n<li>Grande estabilidade, espessura e rigidez<\/li>\n<li>Polivalente,\u00a0resistente, duradoura<\/li>\n<li>V\u00e1lvula de alta press\u00e3o\u00a0com tampa de rosca<\/li>\n<li>Press\u00e3o m\u00e1x. de insuflado: 15 PSI<\/li>\n<li>Peso m\u00e1x. suportado: 150 kg<\/li>\n<li>F\u00e1cil de montar, desmontar, transportar e guardar<\/li>\n<\/ul>\n<p>O insuflador inclu\u00eddo e a v\u00e1lvula de insufla\u00e7\u00e3o agilizam o processo de insuflar e esvaziar a prancha. A press\u00e3o adequada deve oscilar entre 12 e 15 PSI m\u00e1x. O assento \u00e9 opcional e monta-se facilmente fixando-o nas argolas laterais da prancha. O remo pode ser montado com 1 ou 2 p\u00e1s, dependendo da utiliza\u00e7\u00e3o. As 3 barbatanas inclu\u00eddas favorecem a desloca\u00e7\u00e3o; podem ser colocadas as tr\u00eas ou s\u00f3 a traseira, conforme a prefer\u00eancia e dependendo da funcionalidade.<\/p>\n<p>Uma vez esvaziada, a prancha dobra-se facilmente e pode ser guardada na mochila juntamente com os outros acess\u00f3rios inclu\u00eddos, tornando-a muito pr\u00e1tica e f\u00e1cil de transportar para qualquer lado. Al\u00e9m disso, o kit de repara\u00e7\u00e3o permite reparar pequenos cortes e ajustar a v\u00e1lvula, quando necess\u00e1rio.<\/p>\n<p>&nbsp;<\/p>","protected":false},"excerpt":{"rendered":"<ul>\n<li>Material:\n<ul>\n<li>PVC<\/li>\n<li>PP<\/li>\n<li>EVA<\/li>\n<li>PTA<\/li>\n<li>Poli\u00e9ster<\/li>\n<li>Alum\u00ednio<\/li>\n<li>Nylon<\/li>\n<\/ul>\n<\/li>\n<li>Cor:\n<ul>\n<li>Azul<\/li>\n<li>Branco<\/li>\n<li>Cinzento<\/li>\n<li>Preto<\/li>\n<\/ul>\n<\/li>\n<li>Inclui:\n<ul>\n<li>Bomba de Ar<\/li>\n<li>Conjunto de acess\u00f3rios<\/li>\n<li>Kit de Repara\u00e7\u00e3o<\/li>\n<li>Bolsa de transporte<\/li>\n<li>Instru\u00e7\u00f5es de montagem<\/li>\n<\/ul>\n<\/li>\n<li>Tipo: Insufl\u00e1vel<\/li>\n<li>Press\u00e3o m\u00e1xima de ar: 15 PSI<\/li>\n<li>Peso m\u00e1x. suportado: 150 kg<\/li>\n<li>Materiais de qualidade: Resistente e duradouro<\/li>\n<li>Antideslizante: Apoio est\u00e1vel<\/li>\n<li>Caracter\u00edsticas: M\u00e1xima estabilidade<\/li>\n<li>Vers\u00e1til e adapt\u00e1vel: Apto para todos os n\u00edveis<\/li>\n<li>Leve, manuse\u00e1vel e f\u00e1cil de usar: F\u00e1cil de transportar e de guardar<\/li>\n<li>Peso aprox.: 10,5 kg<\/li>\n<li>Comprimento aprox.: 10,5&#8242;<\/li>\n<li>Medidas aprox.: 320 x 82 x 15 cm<\/li>\n<\/ul>","protected":false},"featured_media":26600,"comment_status":"open","ping_status":"closed","template":"","meta":{"_glsr_average":0,"_glsr_ranking":0,"_glsr_reviews":0},"product_brand":[],"product_cat":[350,356],"product_tag":[],"class_list":{"0":"post-26581","1":"product","2":"type-product","3":"status-publish","4":"has-post-thumbnail","6":"product_cat-gadgets","7":"product_cat-p-praia-e-piscina","9":"first","10":"instock","11":"taxable","12":"shipping-taxable","13":"purchasable","14":"product-type-simple"},"yoast_head":"<!-- This site is optimized with the Yoast SEO plugin v26.8 - https:\/\/yoast.com\/product\/yoast-seo-wordpress\/ -->\n<title>PRANCHA DE PADDLE SURF INSUFL\u00c1VEL 2 EM 1 C\/ ASSENTO E ACESS\u00d3RIOS KADDLE 10,5&#039; - Curiosidades &amp; Dicas, Lda<\/title>\n<meta name=\"robots\" content=\"index, follow, max-snippet:-1, max-image-preview:large, max-video-preview:-1\" \/>\n<link rel=\"canonical\" href=\"https:\/\/curiosidadesedicas.com\/loja\/en\/product\/prancha-de-paddle-surf-insuflavel-2-em-1-c-assento-e-acessorios-kaddle-105\/\" \/>\n<meta property=\"og:locale\" content=\"en_US\" \/>\n<meta property=\"og:type\" content=\"article\" \/>\n<meta property=\"og:title\" content=\"PRANCHA DE PADDLE SURF INSUFL\u00c1VEL 2 EM 1 C\/ ASSENTO E ACESS\u00d3RIOS KADDLE 10,5&#039; - Curiosidades &amp; Dicas, Lda\" \/>\n<meta property=\"og:description\" content=\"Material:   PVC  PP  EVA  PTA  Poli\u00e9ster  Alum\u00ednio  Nylon    Cor:   Azul  Branco  Cinzento  Preto    Inclui:   Bomba de Ar  Conjunto de acess\u00f3rios  Kit de Repara\u00e7\u00e3o  Bolsa de transporte  Instru\u00e7\u00f5es de montagem    Tipo: Insufl\u00e1vel  Press\u00e3o m\u00e1xima de ar: 15 PSI  Peso m\u00e1x. suportado: 150 kg  Materiais de qualidade: Resistente e duradouro  Antideslizante: Apoio est\u00e1vel  Caracter\u00edsticas: M\u00e1xima estabilidade  Vers\u00e1til e adapt\u00e1vel: Apto para todos os n\u00edveis  Leve, manuse\u00e1vel e f\u00e1cil de usar: F\u00e1cil de transportar e de guardar  Peso aprox.: 10,5 kg  Comprimento aprox.: 10,5&#039;  Medidas aprox.: 320 x 82 x 15 cm\" \/>\n<meta property=\"og:url\" content=\"https:\/\/curiosidadesedicas.com\/loja\/en\/product\/prancha-de-paddle-surf-insuflavel-2-em-1-c-assento-e-acessorios-kaddle-105\/\" \/>\n<meta property=\"og:site_name\" content=\"Curiosidades &amp; Dicas, Lda\" \/>\n<meta property=\"article:modified_time\" content=\"2025-03-12T09:51:18+00:00\" \/>\n<meta property=\"og:image\" content=\"https:\/\/curiosidadesedicas.com\/loja\/wp-content\/uploads\/2022\/06\/prancha-de-paddle-surf-insuflavel-2-em-1-com-assento-e-acessorios-kaddle-innovagoods-10-5_351211.jpg\" \/>\n\t<meta property=\"og:image:width\" content=\"600\" \/>\n\t<meta property=\"og:image:height\" content=\"600\" \/>\n\t<meta property=\"og:image:type\" content=\"image\/jpeg\" \/>\n<meta name=\"twitter:card\" content=\"summary_large_image\" \/>\n<meta name=\"twitter:label1\" content=\"Est. reading time\" \/>\n\t<meta name=\"twitter:data1\" content=\"3 minutes\" \/>\n<script type=\"application\/ld+json\" class=\"yoast-schema-graph\">{\"@context\":\"https:\/\/schema.org\",\"@graph\":[{\"@type\":\"WebPage\",\"@id\":\"https:\/\/curiosidadesedicas.com\/loja\/produto\/prancha-de-paddle-surf-insuflavel-2-em-1-c-assento-e-acessorios-kaddle-105\/\",\"url\":\"https:\/\/curiosidadesedicas.com\/loja\/produto\/prancha-de-paddle-surf-insuflavel-2-em-1-c-assento-e-acessorios-kaddle-105\/\",\"name\":\"PRANCHA DE PADDLE SURF INSUFL\u00c1VEL 2 EM 1 C\/ ASSENTO E ACESS\u00d3RIOS KADDLE 10,5' - Curiosidades &amp; Dicas, Lda\",\"isPartOf\":{\"@id\":\"https:\/\/curiosidadesedicas.com\/loja\/#website\"},\"primaryImageOfPage\":{\"@id\":\"https:\/\/curiosidadesedicas.com\/loja\/produto\/prancha-de-paddle-surf-insuflavel-2-em-1-c-assento-e-acessorios-kaddle-105\/#primaryimage\"},\"image\":{\"@id\":\"https:\/\/curiosidadesedicas.com\/loja\/produto\/prancha-de-paddle-surf-insuflavel-2-em-1-c-assento-e-acessorios-kaddle-105\/#primaryimage\"},\"thumbnailUrl\":\"https:\/\/curiosidadesedicas.com\/loja\/wp-content\/uploads\/2022\/06\/prancha-de-paddle-surf-insuflavel-2-em-1-com-assento-e-acessorios-kaddle-innovagoods-10-5_351211.jpg\",\"datePublished\":\"2022-06-24T14:36:54+00:00\",\"dateModified\":\"2025-03-12T09:51:18+00:00\",\"breadcrumb\":{\"@id\":\"https:\/\/curiosidadesedicas.com\/loja\/produto\/prancha-de-paddle-surf-insuflavel-2-em-1-c-assento-e-acessorios-kaddle-105\/#breadcrumb\"},\"inLanguage\":\"en-US\",\"potentialAction\":[{\"@type\":\"ReadAction\",\"target\":[\"https:\/\/curiosidadesedicas.com\/loja\/produto\/prancha-de-paddle-surf-insuflavel-2-em-1-c-assento-e-acessorios-kaddle-105\/\"]}]},{\"@type\":\"ImageObject\",\"inLanguage\":\"en-US\",\"@id\":\"https:\/\/curiosidadesedicas.com\/loja\/produto\/prancha-de-paddle-surf-insuflavel-2-em-1-c-assento-e-acessorios-kaddle-105\/#primaryimage\",\"url\":\"https:\/\/curiosidadesedicas.com\/loja\/wp-content\/uploads\/2022\/06\/prancha-de-paddle-surf-insuflavel-2-em-1-com-assento-e-acessorios-kaddle-innovagoods-10-5_351211.jpg\",\"contentUrl\":\"https:\/\/curiosidadesedicas.com\/loja\/wp-content\/uploads\/2022\/06\/prancha-de-paddle-surf-insuflavel-2-em-1-com-assento-e-acessorios-kaddle-innovagoods-10-5_351211.jpg\",\"width\":600,\"height\":600},{\"@type\":\"BreadcrumbList\",\"@id\":\"https:\/\/curiosidadesedicas.com\/loja\/produto\/prancha-de-paddle-surf-insuflavel-2-em-1-c-assento-e-acessorios-kaddle-105\/#breadcrumb\",\"itemListElement\":[{\"@type\":\"ListItem\",\"position\":1,\"name\":\"In\u00edcio\",\"item\":\"https:\/\/curiosidadesedicas.com\/loja\/\"},{\"@type\":\"ListItem\",\"position\":2,\"name\":\"Produtos\",\"item\":\"https:\/\/curiosidadesedicas.com\/loja\/produtos\/\"},{\"@type\":\"ListItem\",\"position\":3,\"name\":\"PRANCHA DE PADDLE SURF INSUFL\u00c1VEL 2 EM 1 C\/ ASSENTO E ACESS\u00d3RIOS KADDLE 10,5&#8242;\"}]},{\"@type\":\"WebSite\",\"@id\":\"https:\/\/curiosidadesedicas.com\/loja\/#website\",\"url\":\"https:\/\/curiosidadesedicas.com\/loja\/\",\"name\":\"Curiosidades &amp; Dicas, Lda\",\"description\":\"Apaixonados Por Inova\u00e7\u00e3o\",\"publisher\":{\"@id\":\"https:\/\/curiosidadesedicas.com\/loja\/#organization\"},\"potentialAction\":[{\"@type\":\"SearchAction\",\"target\":{\"@type\":\"EntryPoint\",\"urlTemplate\":\"https:\/\/curiosidadesedicas.com\/loja\/?s={search_term_string}\"},\"query-input\":{\"@type\":\"PropertyValueSpecification\",\"valueRequired\":true,\"valueName\":\"search_term_string\"}}],\"inLanguage\":\"en-US\"},{\"@type\":\"Organization\",\"@id\":\"https:\/\/curiosidadesedicas.com\/loja\/#organization\",\"name\":\"Curiosidades & Dicas\",\"url\":\"https:\/\/curiosidadesedicas.com\/loja\/\",\"logo\":{\"@type\":\"ImageObject\",\"inLanguage\":\"en-US\",\"@id\":\"https:\/\/curiosidadesedicas.com\/loja\/#\/schema\/logo\/image\/\",\"url\":\"https:\/\/curiosidadesedicas.com\/loja\/wp-content\/uploads\/2020\/05\/LogoCuriosidadesSimples.png\",\"contentUrl\":\"https:\/\/curiosidadesedicas.com\/loja\/wp-content\/uploads\/2020\/05\/LogoCuriosidadesSimples.png\",\"width\":3528,\"height\":804,\"caption\":\"Curiosidades & Dicas\"},\"image\":{\"@id\":\"https:\/\/curiosidadesedicas.com\/loja\/#\/schema\/logo\/image\/\"}}]}<\/script>\n<!-- \/ Yoast SEO plugin. -->","yoast_head_json":{"title":"PRANCHA DE PADDLE SURF INSUFL\u00c1VEL 2 EM 1 C\/ ASSENTO E ACESS\u00d3RIOS KADDLE 10,5' - Curiosidades &amp; Dicas, Lda","robots":{"index":"index","follow":"follow","max-snippet":"max-snippet:-1","max-image-preview":"max-image-preview:large","max-video-preview":"max-video-preview:-1"},"canonical":"https:\/\/curiosidadesedicas.com\/loja\/en\/product\/prancha-de-paddle-surf-insuflavel-2-em-1-c-assento-e-acessorios-kaddle-105\/","og_locale":"en_US","og_type":"article","og_title":"PRANCHA DE PADDLE SURF INSUFL\u00c1VEL 2 EM 1 C\/ ASSENTO E ACESS\u00d3RIOS KADDLE 10,5' - Curiosidades &amp; Dicas, Lda","og_description":"Material:   PVC  PP  EVA  PTA  Poli\u00e9ster  Alum\u00ednio  Nylon    Cor:   Azul  Branco  Cinzento  Preto    Inclui:   Bomba de Ar  Conjunto de acess\u00f3rios  Kit de Repara\u00e7\u00e3o  Bolsa de transporte  Instru\u00e7\u00f5es de montagem    Tipo: Insufl\u00e1vel  Press\u00e3o m\u00e1xima de ar: 15 PSI  Peso m\u00e1x. suportado: 150 kg  Materiais de qualidade: Resistente e duradouro  Antideslizante: Apoio est\u00e1vel  Caracter\u00edsticas: M\u00e1xima estabilidade  Vers\u00e1til e adapt\u00e1vel: Apto para todos os n\u00edveis  Leve, manuse\u00e1vel e f\u00e1cil de usar: F\u00e1cil de transportar e de guardar  Peso aprox.: 10,5 kg  Comprimento aprox.: 10,5'  Medidas aprox.: 320 x 82 x 15 cm","og_url":"https:\/\/curiosidadesedicas.com\/loja\/en\/product\/prancha-de-paddle-surf-insuflavel-2-em-1-c-assento-e-acessorios-kaddle-105\/","og_site_name":"Curiosidades &amp; Dicas, Lda","article_modified_time":"2025-03-12T09:51:18+00:00","og_image":[{"width":600,"height":600,"url":"https:\/\/curiosidadesedicas.com\/loja\/wp-content\/uploads\/2022\/06\/prancha-de-paddle-surf-insuflavel-2-em-1-com-assento-e-acessorios-kaddle-innovagoods-10-5_351211.jpg","type":"image\/jpeg"}],"twitter_card":"summary_large_image","twitter_misc":{"Est. reading time":"3 minutes"},"schema":{"@context":"https:\/\/schema.org","@graph":[{"@type":"WebPage","@id":"https:\/\/curiosidadesedicas.com\/loja\/produto\/prancha-de-paddle-surf-insuflavel-2-em-1-c-assento-e-acessorios-kaddle-105\/","url":"https:\/\/curiosidadesedicas.com\/loja\/produto\/prancha-de-paddle-surf-insuflavel-2-em-1-c-assento-e-acessorios-kaddle-105\/","name":"PRANCHA DE PADDLE SURF INSUFL\u00c1VEL 2 EM 1 C\/ ASSENTO E ACESS\u00d3RIOS KADDLE 10,5' - Curiosidades &amp; Dicas, Lda","isPartOf":{"@id":"https:\/\/curiosidadesedicas.com\/loja\/#website"},"primaryImageOfPage":{"@id":"https:\/\/curiosidadesedicas.com\/loja\/produto\/prancha-de-paddle-surf-insuflavel-2-em-1-c-assento-e-acessorios-kaddle-105\/#primaryimage"},"image":{"@id":"https:\/\/curiosidadesedicas.com\/loja\/produto\/prancha-de-paddle-surf-insuflavel-2-em-1-c-assento-e-acessorios-kaddle-105\/#primaryimage"},"thumbnailUrl":"https:\/\/curiosidadesedicas.com\/loja\/wp-content\/uploads\/2022\/06\/prancha-de-paddle-surf-insuflavel-2-em-1-com-assento-e-acessorios-kaddle-innovagoods-10-5_351211.jpg","datePublished":"2022-06-24T14:36:54+00:00","dateModified":"2025-03-12T09:51:18+00:00","breadcrumb":{"@id":"https:\/\/curiosidadesedicas.com\/loja\/produto\/prancha-de-paddle-surf-insuflavel-2-em-1-c-assento-e-acessorios-kaddle-105\/#breadcrumb"},"inLanguage":"en-US","potentialAction":[{"@type":"ReadAction","target":["https:\/\/curiosidadesedicas.com\/loja\/produto\/prancha-de-paddle-surf-insuflavel-2-em-1-c-assento-e-acessorios-kaddle-105\/"]}]},{"@type":"ImageObject","inLanguage":"en-US","@id":"https:\/\/curiosidadesedicas.com\/loja\/produto\/prancha-de-paddle-surf-insuflavel-2-em-1-c-assento-e-acessorios-kaddle-105\/#primaryimage","url":"https:\/\/curiosidadesedicas.com\/loja\/wp-content\/uploads\/2022\/06\/prancha-de-paddle-surf-insuflavel-2-em-1-com-assento-e-acessorios-kaddle-innovagoods-10-5_351211.jpg","contentUrl":"https:\/\/curiosidadesedicas.com\/loja\/wp-content\/uploads\/2022\/06\/prancha-de-paddle-surf-insuflavel-2-em-1-com-assento-e-acessorios-kaddle-innovagoods-10-5_351211.jpg","width":600,"height":600},{"@type":"BreadcrumbList","@id":"https:\/\/curiosidadesedicas.com\/loja\/produto\/prancha-de-paddle-surf-insuflavel-2-em-1-c-assento-e-acessorios-kaddle-105\/#breadcrumb","itemListElement":[{"@type":"ListItem","position":1,"name":"In\u00edcio","item":"https:\/\/curiosidadesedicas.com\/loja\/"},{"@type":"ListItem","position":2,"name":"Produtos","item":"https:\/\/curiosidadesedicas.com\/loja\/produtos\/"},{"@type":"ListItem","position":3,"name":"PRANCHA DE PADDLE SURF INSUFL\u00c1VEL 2 EM 1 C\/ ASSENTO E ACESS\u00d3RIOS KADDLE 10,5&#8242;"}]},{"@type":"WebSite","@id":"https:\/\/curiosidadesedicas.com\/loja\/#website","url":"https:\/\/curiosidadesedicas.com\/loja\/","name":"Curiosidades &amp; Dicas, Lda","description":"Apaixonados Por Inova\u00e7\u00e3o","publisher":{"@id":"https:\/\/curiosidadesedicas.com\/loja\/#organization"},"potentialAction":[{"@type":"SearchAction","target":{"@type":"EntryPoint","urlTemplate":"https:\/\/curiosidadesedicas.com\/loja\/?s={search_term_string}"},"query-input":{"@type":"PropertyValueSpecification","valueRequired":true,"valueName":"search_term_string"}}],"inLanguage":"en-US"},{"@type":"Organization","@id":"https:\/\/curiosidadesedicas.com\/loja\/#organization","name":"Curiosidades & Dicas","url":"https:\/\/curiosidadesedicas.com\/loja\/","logo":{"@type":"ImageObject","inLanguage":"en-US","@id":"https:\/\/curiosidadesedicas.com\/loja\/#\/schema\/logo\/image\/","url":"https:\/\/curiosidadesedicas.com\/loja\/wp-content\/uploads\/2020\/05\/LogoCuriosidadesSimples.png","contentUrl":"https:\/\/curiosidadesedicas.com\/loja\/wp-content\/uploads\/2020\/05\/LogoCuriosidadesSimples.png","width":3528,"height":804,"caption":"Curiosidades & Dicas"},"image":{"@id":"https:\/\/curiosidadesedicas.com\/loja\/#\/schema\/logo\/image\/"}}]}},"_links":{"self":[{"href":"https:\/\/curiosidadesedicas.com\/loja\/en\/wp-json\/wp\/v2\/product\/26581","targetHints":{"allow":["GET"]}}],"collection":[{"href":"https:\/\/curiosidadesedicas.com\/loja\/en\/wp-json\/wp\/v2\/product"}],"about":[{"href":"https:\/\/curiosidadesedicas.com\/loja\/en\/wp-json\/wp\/v2\/types\/product"}],"replies":[{"embeddable":true,"href":"https:\/\/curiosidadesedicas.com\/loja\/en\/wp-json\/wp\/v2\/comments?post=26581"}],"wp:featuredmedia":[{"embeddable":true,"href":"https:\/\/curiosidadesedicas.com\/loja\/en\/wp-json\/wp\/v2\/media\/26600"}],"wp:attachment":[{"href":"https:\/\/curiosidadesedicas.com\/loja\/en\/wp-json\/wp\/v2\/media?parent=26581"}],"wp:term":[{"taxonomy":"product_brand","embeddable":true,"href":"https:\/\/curiosidadesedicas.com\/loja\/en\/wp-json\/wp\/v2\/product_brand?post=26581"},{"taxonomy":"product_cat","embeddable":true,"href":"https:\/\/curiosidadesedicas.com\/loja\/en\/wp-json\/wp\/v2\/product_cat?post=26581"},{"taxonomy":"product_tag","embeddable":true,"href":"https:\/\/curiosidadesedicas.com\/loja\/en\/wp-json\/wp\/v2\/product_tag?post=26581"}],"curies":[{"name":"wp","href":"https:\/\/api.w.org\/{rel}","templated":true}]}}