{"id":26482,"date":"2022-06-24T10:28:29","date_gmt":"2022-06-24T10:28:29","guid":{"rendered":"https:\/\/curiosidadesedicas.com\/loja\/?post_type=product&#038;p=26482"},"modified":"2025-03-12T09:59:44","modified_gmt":"2025-03-12T09:59:44","slug":"lima-p-pedicure-recarregavel-c-aspirador-integrado-sofeem","status":"publish","type":"product","link":"https:\/\/curiosidadesedicas.com\/loja\/en\/product\/lima-p-pedicure-recarregavel-c-aspirador-integrado-sofeem\/","title":{"rendered":"LIMA P\/ PEDICURE RECARREG\u00c1VEL C\/ ASPIRADOR INTEGRADO SOFEEM"},"content":{"rendered":"<p>Uma lima el\u00e9trica para pedicure com aspirador de res\u00edduos integrado, que elimina efetivamente durezas, calos e pele morta. Ideal para tratar os p\u00e9s, uma vez que o seu potente efeito de exfolia\u00e7\u00e3o evita calcanhares secos e gretados, deixando os p\u00e9s suaves, brilhantes e hidratados. O funcionamento \u00e9 muito simples, basta deslizar suavemente, sem pressionar, sobre a pele. O design ergon\u00f3mico, recarreg\u00e1vel e port\u00e1til \u00e9 muito pr\u00e1tico e f\u00e1cil de utilizar em qualquer momento e lugar. \u00c9 indolor e n\u00e3o suja gra\u00e7as ao sistema de aspira\u00e7\u00e3o de res\u00edduos. As limas s\u00e3o duradouras e reutiliz\u00e1veis, uma vez que podem extrair-se facilmente para lavar com \u00e1gua. Tem 2 velocidades e indicador LED de funcionamento. F\u00e1cil de desmontar para esvaziamento e limpeza. Inclui uma lima sobresselente, uma pequena escova de limpeza e cabo USB para micro USB.<\/p>\n<p><img decoding=\"async\" src=\"https:\/\/curiosidadesedicas.com\/loja\/wp-content\/uploads\/2022\/06\/lima-para-pedicure-recarregavel-com-aspirador-integrado-sofeem-innovagoods_148805-6.jpg\" \/><\/p>\n<p>&nbsp;<\/p>\n<p>&nbsp;<\/p>","protected":false},"excerpt":{"rendered":"<ul>\n<li>Material: ABS<\/li>\n<li>Design moderno e ergon\u00f3mico<\/li>\n<li>Tipo:\n<ul>\n<li>El\u00e9trico<\/li>\n<li>Recarreg\u00e1vel<\/li>\n<li>Sem Fios<\/li>\n<li>Reutiliz\u00e1vel<\/li>\n<li>Desmont\u00e1vel<\/li>\n<\/ul>\n<\/li>\n<li>Indolor<\/li>\n<li>Carga USB: inclui cabo USB para micro USB<\/li>\n<li>Limas lav\u00e1veis e dur\u00e1veis<\/li>\n<li>2 velocidades: 1300-1450 r.p.m.<\/li>\n<li>Aspira\u00e7\u00e3o de res\u00edduos<\/li>\n<li>Lima sobresselente<\/li>\n<li>Pequena escova de limpeza<\/li>\n<li>Indicador LED de alimenta\u00e7\u00e3o<\/li>\n<li>Utiliza\u00e7\u00e3o c\u00f3moda, simples e segura<\/li>\n<li>Leve e male\u00e1vel<\/li>\n<li>F\u00e1cil de desmontar e limpar<\/li>\n<li>Tamanho Reduzido Compacto<\/li>\n<li>F\u00e1cil de transportar e de guardar<\/li>\n<li>Bateria: Li-ion 3,7 V \/ 400 mAh \/\/ 5 W<\/li>\n<li>DC in: 5 V \/ 1 A<\/li>\n<li>Medidas aprox.: \u00d8 6,5 x 10 cm<\/li>\n<\/ul>","protected":false},"featured_media":26491,"comment_status":"open","ping_status":"closed","template":"","meta":{"_glsr_average":0,"_glsr_ranking":0,"_glsr_reviews":0},"product_brand":[],"product_cat":[357,360],"product_tag":[],"class_list":{"0":"post-26482","1":"product","2":"type-product","3":"status-publish","4":"has-post-thumbnail","6":"product_cat-bem-estar","7":"product_cat-beleza","9":"first","10":"instock","11":"taxable","12":"shipping-taxable","13":"purchasable","14":"product-type-simple"},"yoast_head":"<!-- This site is optimized with the Yoast SEO plugin v26.8 - https:\/\/yoast.com\/product\/yoast-seo-wordpress\/ -->\n<title>LIMA P\/ PEDICURE RECARREG\u00c1VEL C\/ ASPIRADOR INTEGRADO SOFEEM - Curiosidades &amp; Dicas, Lda<\/title>\n<meta name=\"robots\" content=\"index, follow, max-snippet:-1, max-image-preview:large, max-video-preview:-1\" \/>\n<link rel=\"canonical\" href=\"https:\/\/curiosidadesedicas.com\/loja\/en\/product\/lima-p-pedicure-recarregavel-c-aspirador-integrado-sofeem\/\" \/>\n<meta property=\"og:locale\" content=\"en_US\" \/>\n<meta property=\"og:type\" content=\"article\" \/>\n<meta property=\"og:title\" content=\"LIMA P\/ PEDICURE RECARREG\u00c1VEL C\/ ASPIRADOR INTEGRADO SOFEEM - Curiosidades &amp; Dicas, Lda\" \/>\n<meta property=\"og:description\" content=\"Material: ABS  Design moderno e ergon\u00f3mico  Tipo:   El\u00e9trico  Recarreg\u00e1vel  Sem Fios  Reutiliz\u00e1vel  Desmont\u00e1vel    Indolor  Carga USB: inclui cabo USB para micro USB  Limas lav\u00e1veis e dur\u00e1veis  2 velocidades: 1300-1450 r.p.m.  Aspira\u00e7\u00e3o de res\u00edduos  Lima sobresselente  Pequena escova de limpeza  Indicador LED de alimenta\u00e7\u00e3o  Utiliza\u00e7\u00e3o c\u00f3moda, simples e segura  Leve e male\u00e1vel  F\u00e1cil de desmontar e limpar  Tamanho Reduzido Compacto  F\u00e1cil de transportar e de guardar  Bateria: Li-ion 3,7 V \/ 400 mAh \/\/ 5 W  DC in: 5 V \/ 1 A  Medidas aprox.: \u00d8 6,5 x 10 cm\" \/>\n<meta property=\"og:url\" content=\"https:\/\/curiosidadesedicas.com\/loja\/en\/product\/lima-p-pedicure-recarregavel-c-aspirador-integrado-sofeem\/\" \/>\n<meta property=\"og:site_name\" content=\"Curiosidades &amp; Dicas, Lda\" \/>\n<meta property=\"article:modified_time\" content=\"2025-03-12T09:59:44+00:00\" \/>\n<meta property=\"og:image\" content=\"https:\/\/curiosidadesedicas.com\/loja\/wp-content\/uploads\/2022\/06\/lima-para-pedicure-recarregavel-com-aspirador-integrado-sofeem-innovagoods_148805.jpg\" \/>\n\t<meta property=\"og:image:width\" content=\"600\" \/>\n\t<meta property=\"og:image:height\" content=\"600\" \/>\n\t<meta property=\"og:image:type\" content=\"image\/jpeg\" \/>\n<meta name=\"twitter:card\" content=\"summary_large_image\" \/>\n<meta name=\"twitter:label1\" content=\"Est. reading time\" \/>\n\t<meta name=\"twitter:data1\" content=\"1 minute\" \/>\n<script type=\"application\/ld+json\" class=\"yoast-schema-graph\">{\"@context\":\"https:\/\/schema.org\",\"@graph\":[{\"@type\":\"WebPage\",\"@id\":\"https:\/\/curiosidadesedicas.com\/loja\/produto\/lima-p-pedicure-recarregavel-c-aspirador-integrado-sofeem\/\",\"url\":\"https:\/\/curiosidadesedicas.com\/loja\/produto\/lima-p-pedicure-recarregavel-c-aspirador-integrado-sofeem\/\",\"name\":\"LIMA P\/ PEDICURE RECARREG\u00c1VEL C\/ ASPIRADOR INTEGRADO SOFEEM - Curiosidades &amp; Dicas, Lda\",\"isPartOf\":{\"@id\":\"https:\/\/curiosidadesedicas.com\/loja\/#website\"},\"primaryImageOfPage\":{\"@id\":\"https:\/\/curiosidadesedicas.com\/loja\/produto\/lima-p-pedicure-recarregavel-c-aspirador-integrado-sofeem\/#primaryimage\"},\"image\":{\"@id\":\"https:\/\/curiosidadesedicas.com\/loja\/produto\/lima-p-pedicure-recarregavel-c-aspirador-integrado-sofeem\/#primaryimage\"},\"thumbnailUrl\":\"https:\/\/curiosidadesedicas.com\/loja\/wp-content\/uploads\/2022\/06\/lima-para-pedicure-recarregavel-com-aspirador-integrado-sofeem-innovagoods_148805.jpg\",\"datePublished\":\"2022-06-24T10:28:29+00:00\",\"dateModified\":\"2025-03-12T09:59:44+00:00\",\"breadcrumb\":{\"@id\":\"https:\/\/curiosidadesedicas.com\/loja\/produto\/lima-p-pedicure-recarregavel-c-aspirador-integrado-sofeem\/#breadcrumb\"},\"inLanguage\":\"en-US\",\"potentialAction\":[{\"@type\":\"ReadAction\",\"target\":[\"https:\/\/curiosidadesedicas.com\/loja\/produto\/lima-p-pedicure-recarregavel-c-aspirador-integrado-sofeem\/\"]}]},{\"@type\":\"ImageObject\",\"inLanguage\":\"en-US\",\"@id\":\"https:\/\/curiosidadesedicas.com\/loja\/produto\/lima-p-pedicure-recarregavel-c-aspirador-integrado-sofeem\/#primaryimage\",\"url\":\"https:\/\/curiosidadesedicas.com\/loja\/wp-content\/uploads\/2022\/06\/lima-para-pedicure-recarregavel-com-aspirador-integrado-sofeem-innovagoods_148805.jpg\",\"contentUrl\":\"https:\/\/curiosidadesedicas.com\/loja\/wp-content\/uploads\/2022\/06\/lima-para-pedicure-recarregavel-com-aspirador-integrado-sofeem-innovagoods_148805.jpg\",\"width\":600,\"height\":600},{\"@type\":\"BreadcrumbList\",\"@id\":\"https:\/\/curiosidadesedicas.com\/loja\/produto\/lima-p-pedicure-recarregavel-c-aspirador-integrado-sofeem\/#breadcrumb\",\"itemListElement\":[{\"@type\":\"ListItem\",\"position\":1,\"name\":\"In\u00edcio\",\"item\":\"https:\/\/curiosidadesedicas.com\/loja\/\"},{\"@type\":\"ListItem\",\"position\":2,\"name\":\"Produtos\",\"item\":\"https:\/\/curiosidadesedicas.com\/loja\/produtos\/\"},{\"@type\":\"ListItem\",\"position\":3,\"name\":\"LIMA P\/ PEDICURE RECARREG\u00c1VEL C\/ ASPIRADOR INTEGRADO SOFEEM\"}]},{\"@type\":\"WebSite\",\"@id\":\"https:\/\/curiosidadesedicas.com\/loja\/#website\",\"url\":\"https:\/\/curiosidadesedicas.com\/loja\/\",\"name\":\"Curiosidades &amp; Dicas, Lda\",\"description\":\"Apaixonados Por Inova\u00e7\u00e3o\",\"publisher\":{\"@id\":\"https:\/\/curiosidadesedicas.com\/loja\/#organization\"},\"potentialAction\":[{\"@type\":\"SearchAction\",\"target\":{\"@type\":\"EntryPoint\",\"urlTemplate\":\"https:\/\/curiosidadesedicas.com\/loja\/?s={search_term_string}\"},\"query-input\":{\"@type\":\"PropertyValueSpecification\",\"valueRequired\":true,\"valueName\":\"search_term_string\"}}],\"inLanguage\":\"en-US\"},{\"@type\":\"Organization\",\"@id\":\"https:\/\/curiosidadesedicas.com\/loja\/#organization\",\"name\":\"Curiosidades & Dicas\",\"url\":\"https:\/\/curiosidadesedicas.com\/loja\/\",\"logo\":{\"@type\":\"ImageObject\",\"inLanguage\":\"en-US\",\"@id\":\"https:\/\/curiosidadesedicas.com\/loja\/#\/schema\/logo\/image\/\",\"url\":\"https:\/\/curiosidadesedicas.com\/loja\/wp-content\/uploads\/2020\/05\/LogoCuriosidadesSimples.png\",\"contentUrl\":\"https:\/\/curiosidadesedicas.com\/loja\/wp-content\/uploads\/2020\/05\/LogoCuriosidadesSimples.png\",\"width\":3528,\"height\":804,\"caption\":\"Curiosidades & Dicas\"},\"image\":{\"@id\":\"https:\/\/curiosidadesedicas.com\/loja\/#\/schema\/logo\/image\/\"}}]}<\/script>\n<!-- \/ Yoast SEO plugin. -->","yoast_head_json":{"title":"LIMA P\/ PEDICURE RECARREG\u00c1VEL C\/ ASPIRADOR INTEGRADO SOFEEM - Curiosidades &amp; Dicas, Lda","robots":{"index":"index","follow":"follow","max-snippet":"max-snippet:-1","max-image-preview":"max-image-preview:large","max-video-preview":"max-video-preview:-1"},"canonical":"https:\/\/curiosidadesedicas.com\/loja\/en\/product\/lima-p-pedicure-recarregavel-c-aspirador-integrado-sofeem\/","og_locale":"en_US","og_type":"article","og_title":"LIMA P\/ PEDICURE RECARREG\u00c1VEL C\/ ASPIRADOR INTEGRADO SOFEEM - Curiosidades &amp; Dicas, Lda","og_description":"Material: ABS  Design moderno e ergon\u00f3mico  Tipo:   El\u00e9trico  Recarreg\u00e1vel  Sem Fios  Reutiliz\u00e1vel  Desmont\u00e1vel    Indolor  Carga USB: inclui cabo USB para micro USB  Limas lav\u00e1veis e dur\u00e1veis  2 velocidades: 1300-1450 r.p.m.  Aspira\u00e7\u00e3o de res\u00edduos  Lima sobresselente  Pequena escova de limpeza  Indicador LED de alimenta\u00e7\u00e3o  Utiliza\u00e7\u00e3o c\u00f3moda, simples e segura  Leve e male\u00e1vel  F\u00e1cil de desmontar e limpar  Tamanho Reduzido Compacto  F\u00e1cil de transportar e de guardar  Bateria: Li-ion 3,7 V \/ 400 mAh \/\/ 5 W  DC in: 5 V \/ 1 A  Medidas aprox.: \u00d8 6,5 x 10 cm","og_url":"https:\/\/curiosidadesedicas.com\/loja\/en\/product\/lima-p-pedicure-recarregavel-c-aspirador-integrado-sofeem\/","og_site_name":"Curiosidades &amp; Dicas, Lda","article_modified_time":"2025-03-12T09:59:44+00:00","og_image":[{"width":600,"height":600,"url":"https:\/\/curiosidadesedicas.com\/loja\/wp-content\/uploads\/2022\/06\/lima-para-pedicure-recarregavel-com-aspirador-integrado-sofeem-innovagoods_148805.jpg","type":"image\/jpeg"}],"twitter_card":"summary_large_image","twitter_misc":{"Est. reading time":"1 minute"},"schema":{"@context":"https:\/\/schema.org","@graph":[{"@type":"WebPage","@id":"https:\/\/curiosidadesedicas.com\/loja\/produto\/lima-p-pedicure-recarregavel-c-aspirador-integrado-sofeem\/","url":"https:\/\/curiosidadesedicas.com\/loja\/produto\/lima-p-pedicure-recarregavel-c-aspirador-integrado-sofeem\/","name":"LIMA P\/ PEDICURE RECARREG\u00c1VEL C\/ ASPIRADOR INTEGRADO SOFEEM - Curiosidades &amp; Dicas, Lda","isPartOf":{"@id":"https:\/\/curiosidadesedicas.com\/loja\/#website"},"primaryImageOfPage":{"@id":"https:\/\/curiosidadesedicas.com\/loja\/produto\/lima-p-pedicure-recarregavel-c-aspirador-integrado-sofeem\/#primaryimage"},"image":{"@id":"https:\/\/curiosidadesedicas.com\/loja\/produto\/lima-p-pedicure-recarregavel-c-aspirador-integrado-sofeem\/#primaryimage"},"thumbnailUrl":"https:\/\/curiosidadesedicas.com\/loja\/wp-content\/uploads\/2022\/06\/lima-para-pedicure-recarregavel-com-aspirador-integrado-sofeem-innovagoods_148805.jpg","datePublished":"2022-06-24T10:28:29+00:00","dateModified":"2025-03-12T09:59:44+00:00","breadcrumb":{"@id":"https:\/\/curiosidadesedicas.com\/loja\/produto\/lima-p-pedicure-recarregavel-c-aspirador-integrado-sofeem\/#breadcrumb"},"inLanguage":"en-US","potentialAction":[{"@type":"ReadAction","target":["https:\/\/curiosidadesedicas.com\/loja\/produto\/lima-p-pedicure-recarregavel-c-aspirador-integrado-sofeem\/"]}]},{"@type":"ImageObject","inLanguage":"en-US","@id":"https:\/\/curiosidadesedicas.com\/loja\/produto\/lima-p-pedicure-recarregavel-c-aspirador-integrado-sofeem\/#primaryimage","url":"https:\/\/curiosidadesedicas.com\/loja\/wp-content\/uploads\/2022\/06\/lima-para-pedicure-recarregavel-com-aspirador-integrado-sofeem-innovagoods_148805.jpg","contentUrl":"https:\/\/curiosidadesedicas.com\/loja\/wp-content\/uploads\/2022\/06\/lima-para-pedicure-recarregavel-com-aspirador-integrado-sofeem-innovagoods_148805.jpg","width":600,"height":600},{"@type":"BreadcrumbList","@id":"https:\/\/curiosidadesedicas.com\/loja\/produto\/lima-p-pedicure-recarregavel-c-aspirador-integrado-sofeem\/#breadcrumb","itemListElement":[{"@type":"ListItem","position":1,"name":"In\u00edcio","item":"https:\/\/curiosidadesedicas.com\/loja\/"},{"@type":"ListItem","position":2,"name":"Produtos","item":"https:\/\/curiosidadesedicas.com\/loja\/produtos\/"},{"@type":"ListItem","position":3,"name":"LIMA P\/ PEDICURE RECARREG\u00c1VEL C\/ ASPIRADOR INTEGRADO SOFEEM"}]},{"@type":"WebSite","@id":"https:\/\/curiosidadesedicas.com\/loja\/#website","url":"https:\/\/curiosidadesedicas.com\/loja\/","name":"Curiosidades &amp; Dicas, Lda","description":"Apaixonados Por Inova\u00e7\u00e3o","publisher":{"@id":"https:\/\/curiosidadesedicas.com\/loja\/#organization"},"potentialAction":[{"@type":"SearchAction","target":{"@type":"EntryPoint","urlTemplate":"https:\/\/curiosidadesedicas.com\/loja\/?s={search_term_string}"},"query-input":{"@type":"PropertyValueSpecification","valueRequired":true,"valueName":"search_term_string"}}],"inLanguage":"en-US"},{"@type":"Organization","@id":"https:\/\/curiosidadesedicas.com\/loja\/#organization","name":"Curiosidades & Dicas","url":"https:\/\/curiosidadesedicas.com\/loja\/","logo":{"@type":"ImageObject","inLanguage":"en-US","@id":"https:\/\/curiosidadesedicas.com\/loja\/#\/schema\/logo\/image\/","url":"https:\/\/curiosidadesedicas.com\/loja\/wp-content\/uploads\/2020\/05\/LogoCuriosidadesSimples.png","contentUrl":"https:\/\/curiosidadesedicas.com\/loja\/wp-content\/uploads\/2020\/05\/LogoCuriosidadesSimples.png","width":3528,"height":804,"caption":"Curiosidades & Dicas"},"image":{"@id":"https:\/\/curiosidadesedicas.com\/loja\/#\/schema\/logo\/image\/"}}]}},"_links":{"self":[{"href":"https:\/\/curiosidadesedicas.com\/loja\/en\/wp-json\/wp\/v2\/product\/26482","targetHints":{"allow":["GET"]}}],"collection":[{"href":"https:\/\/curiosidadesedicas.com\/loja\/en\/wp-json\/wp\/v2\/product"}],"about":[{"href":"https:\/\/curiosidadesedicas.com\/loja\/en\/wp-json\/wp\/v2\/types\/product"}],"replies":[{"embeddable":true,"href":"https:\/\/curiosidadesedicas.com\/loja\/en\/wp-json\/wp\/v2\/comments?post=26482"}],"wp:featuredmedia":[{"embeddable":true,"href":"https:\/\/curiosidadesedicas.com\/loja\/en\/wp-json\/wp\/v2\/media\/26491"}],"wp:attachment":[{"href":"https:\/\/curiosidadesedicas.com\/loja\/en\/wp-json\/wp\/v2\/media?parent=26482"}],"wp:term":[{"taxonomy":"product_brand","embeddable":true,"href":"https:\/\/curiosidadesedicas.com\/loja\/en\/wp-json\/wp\/v2\/product_brand?post=26482"},{"taxonomy":"product_cat","embeddable":true,"href":"https:\/\/curiosidadesedicas.com\/loja\/en\/wp-json\/wp\/v2\/product_cat?post=26482"},{"taxonomy":"product_tag","embeddable":true,"href":"https:\/\/curiosidadesedicas.com\/loja\/en\/wp-json\/wp\/v2\/product_tag?post=26482"}],"curies":[{"name":"wp","href":"https:\/\/api.w.org\/{rel}","templated":true}]}}