{"id":26117,"date":"2022-05-24T10:04:48","date_gmt":"2022-05-24T10:04:48","guid":{"rendered":"https:\/\/curiosidadesedicas.com\/loja\/?post_type=product&#038;p=26117"},"modified":"2025-03-12T14:23:34","modified_gmt":"2025-03-12T14:23:34","slug":"mosquiteira-magnetica-p-janela","status":"publish","type":"product","link":"https:\/\/curiosidadesedicas.com\/loja\/en\/product\/mosquiteira-magnetica-p-janela\/","title":{"rendered":"MOSQUITEIRA MAGN\u00c9TICA P\/ JANELA"},"content":{"rendered":"<p>Montagem:<\/p>","protected":false},"excerpt":{"rendered":"<div id=\"shop-desc\" class=\"tab-pane active\">\n<div class=\"product-description\">\n<ul>\n<li>Tipo: mosquiteira<\/li>\n<li>Inova\u00e7\u00e3o contra insetos para janelas atrav\u00e9s de fixa\u00e7\u00e3o magn\u00e9tica<\/li>\n<li>Instala\u00e7\u00e3o em 15 minutos, sem perfurar<\/li>\n<li>Cabe atr\u00e1s das persianas, pois tem apenas 8mm de profundidade<\/li>\n<li>Super flex\u00edvel, f\u00e1cil e r\u00e1pido de desmontar<\/li>\n<li>remov\u00edvel a qualquer altura<\/li>\n<li>Fita adesiva magn\u00e9tica 3M de alta qualidade<\/li>\n<li>Pode usar-se tanto no interior de uma janela de correr como no exterior<\/li>\n<li>Em janelas de abrir coloca-se no exterior<\/li>\n<li><strong>Pode cortar \u00e0 medida da sua janela<\/strong><\/li>\n<\/ul>\n<p>https:\/\/youtu.be\/rJ7NGhTNmiI<\/p>\n<\/div>\n<\/div>","protected":false},"featured_media":33946,"comment_status":"open","ping_status":"closed","template":"","meta":{"_glsr_average":0,"_glsr_ranking":0,"_glsr_reviews":0},"product_brand":[],"product_cat":[387,389],"product_tag":[],"class_list":{"0":"post-26117","1":"product","2":"type-product","3":"status-publish","4":"has-post-thumbnail","6":"product_cat-anti-insetos","7":"product_cat-naturais","9":"first","10":"instock","11":"taxable","12":"shipping-taxable","13":"purchasable","14":"product-type-variable"},"yoast_head":"<!-- This site is optimized with the Yoast SEO plugin v26.8 - https:\/\/yoast.com\/product\/yoast-seo-wordpress\/ -->\n<title>MOSQUITEIRA MAGN\u00c9TICA P\/ JANELA - Curiosidades &amp; Dicas, Lda<\/title>\n<meta name=\"robots\" content=\"index, follow, max-snippet:-1, max-image-preview:large, max-video-preview:-1\" \/>\n<link rel=\"canonical\" href=\"https:\/\/curiosidadesedicas.com\/loja\/en\/product\/mosquiteira-magnetica-p-janela\/\" \/>\n<meta property=\"og:locale\" content=\"en_US\" \/>\n<meta property=\"og:type\" content=\"article\" \/>\n<meta property=\"og:title\" content=\"MOSQUITEIRA MAGN\u00c9TICA P\/ JANELA - Curiosidades &amp; Dicas, Lda\" \/>\n<meta property=\"og:description\" content=\"Tipo: mosquiteira  Inova\u00e7\u00e3o contra insetos para janelas atrav\u00e9s de fixa\u00e7\u00e3o magn\u00e9tica  Instala\u00e7\u00e3o em 15 minutos, sem perfurar  Cabe atr\u00e1s das persianas, pois tem apenas 8mm de profundidade  Super flex\u00edvel, f\u00e1cil e r\u00e1pido de desmontar  remov\u00edvel a qualquer altura  Fita adesiva magn\u00e9tica 3M de alta qualidade  Pode usar-se tanto no interior de uma janela de correr como no exterior  Em janelas de abrir coloca-se no exterior  Pode cortar \u00e0 medida da sua janela  https:\/\/youtu.be\/rJ7NGhTNmiI\" \/>\n<meta property=\"og:url\" content=\"https:\/\/curiosidadesedicas.com\/loja\/en\/product\/mosquiteira-magnetica-p-janela\/\" \/>\n<meta property=\"og:site_name\" content=\"Curiosidades &amp; Dicas, Lda\" \/>\n<meta property=\"article:modified_time\" content=\"2025-03-12T14:23:34+00:00\" \/>\n<meta property=\"og:image\" content=\"https:\/\/curiosidadesedicas.com\/loja\/wp-content\/uploads\/2022\/05\/11-1024x740.png\" \/>\n\t<meta property=\"og:image:width\" content=\"1024\" \/>\n\t<meta property=\"og:image:height\" content=\"740\" \/>\n\t<meta property=\"og:image:type\" content=\"image\/png\" \/>\n<meta name=\"twitter:card\" content=\"summary_large_image\" \/>\n<meta name=\"twitter:label1\" content=\"Est. reading time\" \/>\n\t<meta name=\"twitter:data1\" content=\"1 minute\" \/>\n<script type=\"application\/ld+json\" class=\"yoast-schema-graph\">{\"@context\":\"https:\/\/schema.org\",\"@graph\":[{\"@type\":\"WebPage\",\"@id\":\"https:\/\/curiosidadesedicas.com\/loja\/produto\/mosquiteira-magnetica-p-janela\/\",\"url\":\"https:\/\/curiosidadesedicas.com\/loja\/produto\/mosquiteira-magnetica-p-janela\/\",\"name\":\"MOSQUITEIRA MAGN\u00c9TICA P\/ JANELA - Curiosidades &amp; Dicas, Lda\",\"isPartOf\":{\"@id\":\"https:\/\/curiosidadesedicas.com\/loja\/#website\"},\"primaryImageOfPage\":{\"@id\":\"https:\/\/curiosidadesedicas.com\/loja\/produto\/mosquiteira-magnetica-p-janela\/#primaryimage\"},\"image\":{\"@id\":\"https:\/\/curiosidadesedicas.com\/loja\/produto\/mosquiteira-magnetica-p-janela\/#primaryimage\"},\"thumbnailUrl\":\"https:\/\/curiosidadesedicas.com\/loja\/wp-content\/uploads\/2022\/05\/11.png\",\"datePublished\":\"2022-05-24T10:04:48+00:00\",\"dateModified\":\"2025-03-12T14:23:34+00:00\",\"breadcrumb\":{\"@id\":\"https:\/\/curiosidadesedicas.com\/loja\/produto\/mosquiteira-magnetica-p-janela\/#breadcrumb\"},\"inLanguage\":\"en-US\",\"potentialAction\":[{\"@type\":\"ReadAction\",\"target\":[\"https:\/\/curiosidadesedicas.com\/loja\/produto\/mosquiteira-magnetica-p-janela\/\"]}]},{\"@type\":\"ImageObject\",\"inLanguage\":\"en-US\",\"@id\":\"https:\/\/curiosidadesedicas.com\/loja\/produto\/mosquiteira-magnetica-p-janela\/#primaryimage\",\"url\":\"https:\/\/curiosidadesedicas.com\/loja\/wp-content\/uploads\/2022\/05\/11.png\",\"contentUrl\":\"https:\/\/curiosidadesedicas.com\/loja\/wp-content\/uploads\/2022\/05\/11.png\",\"width\":1267,\"height\":916},{\"@type\":\"BreadcrumbList\",\"@id\":\"https:\/\/curiosidadesedicas.com\/loja\/produto\/mosquiteira-magnetica-p-janela\/#breadcrumb\",\"itemListElement\":[{\"@type\":\"ListItem\",\"position\":1,\"name\":\"In\u00edcio\",\"item\":\"https:\/\/curiosidadesedicas.com\/loja\/\"},{\"@type\":\"ListItem\",\"position\":2,\"name\":\"Produtos\",\"item\":\"https:\/\/curiosidadesedicas.com\/loja\/produtos\/\"},{\"@type\":\"ListItem\",\"position\":3,\"name\":\"MOSQUITEIRA MAGN\u00c9TICA P\/ JANELA\"}]},{\"@type\":\"WebSite\",\"@id\":\"https:\/\/curiosidadesedicas.com\/loja\/#website\",\"url\":\"https:\/\/curiosidadesedicas.com\/loja\/\",\"name\":\"Curiosidades &amp; Dicas, Lda\",\"description\":\"Apaixonados Por Inova\u00e7\u00e3o\",\"publisher\":{\"@id\":\"https:\/\/curiosidadesedicas.com\/loja\/#organization\"},\"potentialAction\":[{\"@type\":\"SearchAction\",\"target\":{\"@type\":\"EntryPoint\",\"urlTemplate\":\"https:\/\/curiosidadesedicas.com\/loja\/?s={search_term_string}\"},\"query-input\":{\"@type\":\"PropertyValueSpecification\",\"valueRequired\":true,\"valueName\":\"search_term_string\"}}],\"inLanguage\":\"en-US\"},{\"@type\":\"Organization\",\"@id\":\"https:\/\/curiosidadesedicas.com\/loja\/#organization\",\"name\":\"Curiosidades & Dicas\",\"url\":\"https:\/\/curiosidadesedicas.com\/loja\/\",\"logo\":{\"@type\":\"ImageObject\",\"inLanguage\":\"en-US\",\"@id\":\"https:\/\/curiosidadesedicas.com\/loja\/#\/schema\/logo\/image\/\",\"url\":\"https:\/\/curiosidadesedicas.com\/loja\/wp-content\/uploads\/2020\/05\/LogoCuriosidadesSimples.png\",\"contentUrl\":\"https:\/\/curiosidadesedicas.com\/loja\/wp-content\/uploads\/2020\/05\/LogoCuriosidadesSimples.png\",\"width\":3528,\"height\":804,\"caption\":\"Curiosidades & Dicas\"},\"image\":{\"@id\":\"https:\/\/curiosidadesedicas.com\/loja\/#\/schema\/logo\/image\/\"}}]}<\/script>\n<!-- \/ Yoast SEO plugin. -->","yoast_head_json":{"title":"MOSQUITEIRA MAGN\u00c9TICA P\/ JANELA - Curiosidades &amp; Dicas, Lda","robots":{"index":"index","follow":"follow","max-snippet":"max-snippet:-1","max-image-preview":"max-image-preview:large","max-video-preview":"max-video-preview:-1"},"canonical":"https:\/\/curiosidadesedicas.com\/loja\/en\/product\/mosquiteira-magnetica-p-janela\/","og_locale":"en_US","og_type":"article","og_title":"MOSQUITEIRA MAGN\u00c9TICA P\/ JANELA - Curiosidades &amp; Dicas, Lda","og_description":"Tipo: mosquiteira  Inova\u00e7\u00e3o contra insetos para janelas atrav\u00e9s de fixa\u00e7\u00e3o magn\u00e9tica  Instala\u00e7\u00e3o em 15 minutos, sem perfurar  Cabe atr\u00e1s das persianas, pois tem apenas 8mm de profundidade  Super flex\u00edvel, f\u00e1cil e r\u00e1pido de desmontar  remov\u00edvel a qualquer altura  Fita adesiva magn\u00e9tica 3M de alta qualidade  Pode usar-se tanto no interior de uma janela de correr como no exterior  Em janelas de abrir coloca-se no exterior  Pode cortar \u00e0 medida da sua janela  https:\/\/youtu.be\/rJ7NGhTNmiI","og_url":"https:\/\/curiosidadesedicas.com\/loja\/en\/product\/mosquiteira-magnetica-p-janela\/","og_site_name":"Curiosidades &amp; Dicas, Lda","article_modified_time":"2025-03-12T14:23:34+00:00","og_image":[{"width":1024,"height":740,"url":"https:\/\/curiosidadesedicas.com\/loja\/wp-content\/uploads\/2022\/05\/11-1024x740.png","type":"image\/png"}],"twitter_card":"summary_large_image","twitter_misc":{"Est. reading time":"1 minute"},"schema":{"@context":"https:\/\/schema.org","@graph":[{"@type":"WebPage","@id":"https:\/\/curiosidadesedicas.com\/loja\/produto\/mosquiteira-magnetica-p-janela\/","url":"https:\/\/curiosidadesedicas.com\/loja\/produto\/mosquiteira-magnetica-p-janela\/","name":"MOSQUITEIRA MAGN\u00c9TICA P\/ JANELA - Curiosidades &amp; Dicas, Lda","isPartOf":{"@id":"https:\/\/curiosidadesedicas.com\/loja\/#website"},"primaryImageOfPage":{"@id":"https:\/\/curiosidadesedicas.com\/loja\/produto\/mosquiteira-magnetica-p-janela\/#primaryimage"},"image":{"@id":"https:\/\/curiosidadesedicas.com\/loja\/produto\/mosquiteira-magnetica-p-janela\/#primaryimage"},"thumbnailUrl":"https:\/\/curiosidadesedicas.com\/loja\/wp-content\/uploads\/2022\/05\/11.png","datePublished":"2022-05-24T10:04:48+00:00","dateModified":"2025-03-12T14:23:34+00:00","breadcrumb":{"@id":"https:\/\/curiosidadesedicas.com\/loja\/produto\/mosquiteira-magnetica-p-janela\/#breadcrumb"},"inLanguage":"en-US","potentialAction":[{"@type":"ReadAction","target":["https:\/\/curiosidadesedicas.com\/loja\/produto\/mosquiteira-magnetica-p-janela\/"]}]},{"@type":"ImageObject","inLanguage":"en-US","@id":"https:\/\/curiosidadesedicas.com\/loja\/produto\/mosquiteira-magnetica-p-janela\/#primaryimage","url":"https:\/\/curiosidadesedicas.com\/loja\/wp-content\/uploads\/2022\/05\/11.png","contentUrl":"https:\/\/curiosidadesedicas.com\/loja\/wp-content\/uploads\/2022\/05\/11.png","width":1267,"height":916},{"@type":"BreadcrumbList","@id":"https:\/\/curiosidadesedicas.com\/loja\/produto\/mosquiteira-magnetica-p-janela\/#breadcrumb","itemListElement":[{"@type":"ListItem","position":1,"name":"In\u00edcio","item":"https:\/\/curiosidadesedicas.com\/loja\/"},{"@type":"ListItem","position":2,"name":"Produtos","item":"https:\/\/curiosidadesedicas.com\/loja\/produtos\/"},{"@type":"ListItem","position":3,"name":"MOSQUITEIRA MAGN\u00c9TICA P\/ JANELA"}]},{"@type":"WebSite","@id":"https:\/\/curiosidadesedicas.com\/loja\/#website","url":"https:\/\/curiosidadesedicas.com\/loja\/","name":"Curiosidades &amp; Dicas, Lda","description":"Apaixonados Por Inova\u00e7\u00e3o","publisher":{"@id":"https:\/\/curiosidadesedicas.com\/loja\/#organization"},"potentialAction":[{"@type":"SearchAction","target":{"@type":"EntryPoint","urlTemplate":"https:\/\/curiosidadesedicas.com\/loja\/?s={search_term_string}"},"query-input":{"@type":"PropertyValueSpecification","valueRequired":true,"valueName":"search_term_string"}}],"inLanguage":"en-US"},{"@type":"Organization","@id":"https:\/\/curiosidadesedicas.com\/loja\/#organization","name":"Curiosidades & Dicas","url":"https:\/\/curiosidadesedicas.com\/loja\/","logo":{"@type":"ImageObject","inLanguage":"en-US","@id":"https:\/\/curiosidadesedicas.com\/loja\/#\/schema\/logo\/image\/","url":"https:\/\/curiosidadesedicas.com\/loja\/wp-content\/uploads\/2020\/05\/LogoCuriosidadesSimples.png","contentUrl":"https:\/\/curiosidadesedicas.com\/loja\/wp-content\/uploads\/2020\/05\/LogoCuriosidadesSimples.png","width":3528,"height":804,"caption":"Curiosidades & Dicas"},"image":{"@id":"https:\/\/curiosidadesedicas.com\/loja\/#\/schema\/logo\/image\/"}}]}},"_links":{"self":[{"href":"https:\/\/curiosidadesedicas.com\/loja\/en\/wp-json\/wp\/v2\/product\/26117","targetHints":{"allow":["GET"]}}],"collection":[{"href":"https:\/\/curiosidadesedicas.com\/loja\/en\/wp-json\/wp\/v2\/product"}],"about":[{"href":"https:\/\/curiosidadesedicas.com\/loja\/en\/wp-json\/wp\/v2\/types\/product"}],"replies":[{"embeddable":true,"href":"https:\/\/curiosidadesedicas.com\/loja\/en\/wp-json\/wp\/v2\/comments?post=26117"}],"wp:featuredmedia":[{"embeddable":true,"href":"https:\/\/curiosidadesedicas.com\/loja\/en\/wp-json\/wp\/v2\/media\/33946"}],"wp:attachment":[{"href":"https:\/\/curiosidadesedicas.com\/loja\/en\/wp-json\/wp\/v2\/media?parent=26117"}],"wp:term":[{"taxonomy":"product_brand","embeddable":true,"href":"https:\/\/curiosidadesedicas.com\/loja\/en\/wp-json\/wp\/v2\/product_brand?post=26117"},{"taxonomy":"product_cat","embeddable":true,"href":"https:\/\/curiosidadesedicas.com\/loja\/en\/wp-json\/wp\/v2\/product_cat?post=26117"},{"taxonomy":"product_tag","embeddable":true,"href":"https:\/\/curiosidadesedicas.com\/loja\/en\/wp-json\/wp\/v2\/product_tag?post=26117"}],"curies":[{"name":"wp","href":"https:\/\/api.w.org\/{rel}","templated":true}]}}