{"id":25871,"date":"2022-04-19T12:51:20","date_gmt":"2022-04-19T12:51:20","guid":{"rendered":"https:\/\/curiosidadesedicas.com\/loja\/?post_type=product&#038;p=25871"},"modified":"2025-03-12T14:25:04","modified_gmt":"2025-03-12T14:25:04","slug":"pincas-de-depilacao-c-led-lezers","status":"publish","type":"product","link":"https:\/\/curiosidadesedicas.com\/loja\/en\/product\/pincas-de-depilacao-c-led-lezers\/","title":{"rendered":"PIN\u00c7AS DE DEPILA\u00c7\u00c3O C\/LED LEZERS"},"content":{"rendered":"<p>Umas pin\u00e7as de depila\u00e7\u00e3o com LED ideais para conseguir uma depila\u00e7\u00e3o perfeita com um acabamento profissional de forma confort\u00e1vel, r\u00e1pida e eficaz. O design original com luz permite iluminar a zona a depilar, facilitando a depila\u00e7\u00e3o ao proporcionar uma maior visibilidade para n\u00e3o ter de esfor\u00e7ar a vista. As pontas de precis\u00e3o agarram o pelo com firmeza para excelente extra\u00e7\u00e3o. Estas pin\u00e7as com luz LED funcionam com pilhar (3 x LR41, inclu\u00eddas) e t\u00eam um bot\u00e3o \u00fanico on\/off. S\u00e3o aptas para depilar sobrancelhas, bu\u00e7o, etc. e s\u00e3o muito f\u00e1ceis de utilizar e de levar para qualquer lugar quando tal seja necess\u00e1rio (bolso, mala, estojo, etc.).<\/p>","protected":false},"excerpt":{"rendered":"<ul>\n<li>Material: A\u00e7o inoxid\u00e1vel<\/li>\n<li>Cor:\n<ul>\n<li>Metal<\/li>\n<li>Vermelho<\/li>\n<\/ul>\n<\/li>\n<li>Design original: Ergon\u00f3mico<\/li>\n<li>Tipo: El\u00e9trico<\/li>\n<li>Pontas de precis\u00e3o: Extra\u00e7\u00e3o r\u00e1pida e eficaz do pelo<\/li>\n<li>Leve LED: Maior visibilidade<\/li>\n<li>Funciona com pilhas: 3 x LR41, inclu\u00eddas<\/li>\n<li>Bot\u00e3o \u00fanico: Bot\u00e3o on\/off<\/li>\n<li>F\u00e1cil de utilizar: Utiliza\u00e7\u00e3o c\u00f3moda e simples<\/li>\n<li>Leve e male\u00e1vel: F\u00e1cil de transportar e de guardar<\/li>\n<li>Medidas aprox.: 1,5 x 10 x 1,5 cm<\/li>\n<\/ul>","protected":false},"featured_media":25875,"comment_status":"open","ping_status":"closed","template":"","meta":{"_glsr_average":0,"_glsr_ranking":0,"_glsr_reviews":0},"product_brand":[],"product_cat":[357,360,358],"product_tag":[],"class_list":{"0":"post-25871","1":"product","2":"type-product","3":"status-publish","4":"has-post-thumbnail","6":"product_cat-bem-estar","7":"product_cat-beleza","8":"product_cat-saude-e-higiene","10":"first","11":"instock","12":"taxable","13":"shipping-taxable","14":"purchasable","15":"product-type-simple"},"yoast_head":"<!-- This site is optimized with the Yoast SEO plugin v26.8 - https:\/\/yoast.com\/product\/yoast-seo-wordpress\/ -->\n<title>PIN\u00c7AS DE DEPILA\u00c7\u00c3O C\/LED LEZERS - Curiosidades &amp; Dicas, Lda<\/title>\n<meta name=\"robots\" content=\"index, follow, max-snippet:-1, max-image-preview:large, max-video-preview:-1\" \/>\n<link rel=\"canonical\" href=\"https:\/\/curiosidadesedicas.com\/loja\/en\/product\/pincas-de-depilacao-c-led-lezers\/\" \/>\n<meta property=\"og:locale\" content=\"en_US\" \/>\n<meta property=\"og:type\" content=\"article\" \/>\n<meta property=\"og:title\" content=\"PIN\u00c7AS DE DEPILA\u00c7\u00c3O C\/LED LEZERS - Curiosidades &amp; Dicas, Lda\" \/>\n<meta property=\"og:description\" content=\"Material: A\u00e7o inoxid\u00e1vel  Cor:   Metal  Vermelho    Design original: Ergon\u00f3mico  Tipo: El\u00e9trico  Pontas de precis\u00e3o: Extra\u00e7\u00e3o r\u00e1pida e eficaz do pelo  Leve LED: Maior visibilidade  Funciona com pilhas: 3 x LR41, inclu\u00eddas  Bot\u00e3o \u00fanico: Bot\u00e3o on\/off  F\u00e1cil de utilizar: Utiliza\u00e7\u00e3o c\u00f3moda e simples  Leve e male\u00e1vel: F\u00e1cil de transportar e de guardar  Medidas aprox.: 1,5 x 10 x 1,5 cm\" \/>\n<meta property=\"og:url\" content=\"https:\/\/curiosidadesedicas.com\/loja\/en\/product\/pincas-de-depilacao-c-led-lezers\/\" \/>\n<meta property=\"og:site_name\" content=\"Curiosidades &amp; Dicas, Lda\" \/>\n<meta property=\"article:modified_time\" content=\"2025-03-12T14:25:04+00:00\" \/>\n<meta property=\"og:image\" content=\"https:\/\/curiosidadesedicas.com\/loja\/wp-content\/uploads\/2022\/04\/pincas-de-depilacao-com-led-lezers-innovagoods_309651.jpg\" \/>\n\t<meta property=\"og:image:width\" content=\"600\" \/>\n\t<meta property=\"og:image:height\" content=\"600\" \/>\n\t<meta property=\"og:image:type\" content=\"image\/jpeg\" \/>\n<meta name=\"twitter:card\" content=\"summary_large_image\" \/>\n<meta name=\"twitter:label1\" content=\"Est. reading time\" \/>\n\t<meta name=\"twitter:data1\" content=\"1 minute\" \/>\n<script type=\"application\/ld+json\" class=\"yoast-schema-graph\">{\"@context\":\"https:\/\/schema.org\",\"@graph\":[{\"@type\":\"WebPage\",\"@id\":\"https:\/\/curiosidadesedicas.com\/loja\/produto\/pincas-de-depilacao-c-led-lezers\/\",\"url\":\"https:\/\/curiosidadesedicas.com\/loja\/produto\/pincas-de-depilacao-c-led-lezers\/\",\"name\":\"PIN\u00c7AS DE DEPILA\u00c7\u00c3O C\/LED LEZERS - Curiosidades &amp; Dicas, Lda\",\"isPartOf\":{\"@id\":\"https:\/\/curiosidadesedicas.com\/loja\/#website\"},\"primaryImageOfPage\":{\"@id\":\"https:\/\/curiosidadesedicas.com\/loja\/produto\/pincas-de-depilacao-c-led-lezers\/#primaryimage\"},\"image\":{\"@id\":\"https:\/\/curiosidadesedicas.com\/loja\/produto\/pincas-de-depilacao-c-led-lezers\/#primaryimage\"},\"thumbnailUrl\":\"https:\/\/curiosidadesedicas.com\/loja\/wp-content\/uploads\/2022\/04\/pincas-de-depilacao-com-led-lezers-innovagoods_309651.jpg\",\"datePublished\":\"2022-04-19T12:51:20+00:00\",\"dateModified\":\"2025-03-12T14:25:04+00:00\",\"breadcrumb\":{\"@id\":\"https:\/\/curiosidadesedicas.com\/loja\/produto\/pincas-de-depilacao-c-led-lezers\/#breadcrumb\"},\"inLanguage\":\"en-US\",\"potentialAction\":[{\"@type\":\"ReadAction\",\"target\":[\"https:\/\/curiosidadesedicas.com\/loja\/produto\/pincas-de-depilacao-c-led-lezers\/\"]}]},{\"@type\":\"ImageObject\",\"inLanguage\":\"en-US\",\"@id\":\"https:\/\/curiosidadesedicas.com\/loja\/produto\/pincas-de-depilacao-c-led-lezers\/#primaryimage\",\"url\":\"https:\/\/curiosidadesedicas.com\/loja\/wp-content\/uploads\/2022\/04\/pincas-de-depilacao-com-led-lezers-innovagoods_309651.jpg\",\"contentUrl\":\"https:\/\/curiosidadesedicas.com\/loja\/wp-content\/uploads\/2022\/04\/pincas-de-depilacao-com-led-lezers-innovagoods_309651.jpg\",\"width\":600,\"height\":600},{\"@type\":\"BreadcrumbList\",\"@id\":\"https:\/\/curiosidadesedicas.com\/loja\/produto\/pincas-de-depilacao-c-led-lezers\/#breadcrumb\",\"itemListElement\":[{\"@type\":\"ListItem\",\"position\":1,\"name\":\"In\u00edcio\",\"item\":\"https:\/\/curiosidadesedicas.com\/loja\/\"},{\"@type\":\"ListItem\",\"position\":2,\"name\":\"Produtos\",\"item\":\"https:\/\/curiosidadesedicas.com\/loja\/produtos\/\"},{\"@type\":\"ListItem\",\"position\":3,\"name\":\"PIN\u00c7AS DE DEPILA\u00c7\u00c3O C\/LED LEZERS\"}]},{\"@type\":\"WebSite\",\"@id\":\"https:\/\/curiosidadesedicas.com\/loja\/#website\",\"url\":\"https:\/\/curiosidadesedicas.com\/loja\/\",\"name\":\"Curiosidades &amp; Dicas, Lda\",\"description\":\"Apaixonados Por Inova\u00e7\u00e3o\",\"publisher\":{\"@id\":\"https:\/\/curiosidadesedicas.com\/loja\/#organization\"},\"potentialAction\":[{\"@type\":\"SearchAction\",\"target\":{\"@type\":\"EntryPoint\",\"urlTemplate\":\"https:\/\/curiosidadesedicas.com\/loja\/?s={search_term_string}\"},\"query-input\":{\"@type\":\"PropertyValueSpecification\",\"valueRequired\":true,\"valueName\":\"search_term_string\"}}],\"inLanguage\":\"en-US\"},{\"@type\":\"Organization\",\"@id\":\"https:\/\/curiosidadesedicas.com\/loja\/#organization\",\"name\":\"Curiosidades & Dicas\",\"url\":\"https:\/\/curiosidadesedicas.com\/loja\/\",\"logo\":{\"@type\":\"ImageObject\",\"inLanguage\":\"en-US\",\"@id\":\"https:\/\/curiosidadesedicas.com\/loja\/#\/schema\/logo\/image\/\",\"url\":\"https:\/\/curiosidadesedicas.com\/loja\/wp-content\/uploads\/2020\/05\/LogoCuriosidadesSimples.png\",\"contentUrl\":\"https:\/\/curiosidadesedicas.com\/loja\/wp-content\/uploads\/2020\/05\/LogoCuriosidadesSimples.png\",\"width\":3528,\"height\":804,\"caption\":\"Curiosidades & Dicas\"},\"image\":{\"@id\":\"https:\/\/curiosidadesedicas.com\/loja\/#\/schema\/logo\/image\/\"}}]}<\/script>\n<!-- \/ Yoast SEO plugin. -->","yoast_head_json":{"title":"PIN\u00c7AS DE DEPILA\u00c7\u00c3O C\/LED LEZERS - Curiosidades &amp; Dicas, Lda","robots":{"index":"index","follow":"follow","max-snippet":"max-snippet:-1","max-image-preview":"max-image-preview:large","max-video-preview":"max-video-preview:-1"},"canonical":"https:\/\/curiosidadesedicas.com\/loja\/en\/product\/pincas-de-depilacao-c-led-lezers\/","og_locale":"en_US","og_type":"article","og_title":"PIN\u00c7AS DE DEPILA\u00c7\u00c3O C\/LED LEZERS - Curiosidades &amp; Dicas, Lda","og_description":"Material: A\u00e7o inoxid\u00e1vel  Cor:   Metal  Vermelho    Design original: Ergon\u00f3mico  Tipo: El\u00e9trico  Pontas de precis\u00e3o: Extra\u00e7\u00e3o r\u00e1pida e eficaz do pelo  Leve LED: Maior visibilidade  Funciona com pilhas: 3 x LR41, inclu\u00eddas  Bot\u00e3o \u00fanico: Bot\u00e3o on\/off  F\u00e1cil de utilizar: Utiliza\u00e7\u00e3o c\u00f3moda e simples  Leve e male\u00e1vel: F\u00e1cil de transportar e de guardar  Medidas aprox.: 1,5 x 10 x 1,5 cm","og_url":"https:\/\/curiosidadesedicas.com\/loja\/en\/product\/pincas-de-depilacao-c-led-lezers\/","og_site_name":"Curiosidades &amp; Dicas, Lda","article_modified_time":"2025-03-12T14:25:04+00:00","og_image":[{"width":600,"height":600,"url":"https:\/\/curiosidadesedicas.com\/loja\/wp-content\/uploads\/2022\/04\/pincas-de-depilacao-com-led-lezers-innovagoods_309651.jpg","type":"image\/jpeg"}],"twitter_card":"summary_large_image","twitter_misc":{"Est. reading time":"1 minute"},"schema":{"@context":"https:\/\/schema.org","@graph":[{"@type":"WebPage","@id":"https:\/\/curiosidadesedicas.com\/loja\/produto\/pincas-de-depilacao-c-led-lezers\/","url":"https:\/\/curiosidadesedicas.com\/loja\/produto\/pincas-de-depilacao-c-led-lezers\/","name":"PIN\u00c7AS DE DEPILA\u00c7\u00c3O C\/LED LEZERS - Curiosidades &amp; Dicas, Lda","isPartOf":{"@id":"https:\/\/curiosidadesedicas.com\/loja\/#website"},"primaryImageOfPage":{"@id":"https:\/\/curiosidadesedicas.com\/loja\/produto\/pincas-de-depilacao-c-led-lezers\/#primaryimage"},"image":{"@id":"https:\/\/curiosidadesedicas.com\/loja\/produto\/pincas-de-depilacao-c-led-lezers\/#primaryimage"},"thumbnailUrl":"https:\/\/curiosidadesedicas.com\/loja\/wp-content\/uploads\/2022\/04\/pincas-de-depilacao-com-led-lezers-innovagoods_309651.jpg","datePublished":"2022-04-19T12:51:20+00:00","dateModified":"2025-03-12T14:25:04+00:00","breadcrumb":{"@id":"https:\/\/curiosidadesedicas.com\/loja\/produto\/pincas-de-depilacao-c-led-lezers\/#breadcrumb"},"inLanguage":"en-US","potentialAction":[{"@type":"ReadAction","target":["https:\/\/curiosidadesedicas.com\/loja\/produto\/pincas-de-depilacao-c-led-lezers\/"]}]},{"@type":"ImageObject","inLanguage":"en-US","@id":"https:\/\/curiosidadesedicas.com\/loja\/produto\/pincas-de-depilacao-c-led-lezers\/#primaryimage","url":"https:\/\/curiosidadesedicas.com\/loja\/wp-content\/uploads\/2022\/04\/pincas-de-depilacao-com-led-lezers-innovagoods_309651.jpg","contentUrl":"https:\/\/curiosidadesedicas.com\/loja\/wp-content\/uploads\/2022\/04\/pincas-de-depilacao-com-led-lezers-innovagoods_309651.jpg","width":600,"height":600},{"@type":"BreadcrumbList","@id":"https:\/\/curiosidadesedicas.com\/loja\/produto\/pincas-de-depilacao-c-led-lezers\/#breadcrumb","itemListElement":[{"@type":"ListItem","position":1,"name":"In\u00edcio","item":"https:\/\/curiosidadesedicas.com\/loja\/"},{"@type":"ListItem","position":2,"name":"Produtos","item":"https:\/\/curiosidadesedicas.com\/loja\/produtos\/"},{"@type":"ListItem","position":3,"name":"PIN\u00c7AS DE DEPILA\u00c7\u00c3O C\/LED LEZERS"}]},{"@type":"WebSite","@id":"https:\/\/curiosidadesedicas.com\/loja\/#website","url":"https:\/\/curiosidadesedicas.com\/loja\/","name":"Curiosidades &amp; Dicas, Lda","description":"Apaixonados Por Inova\u00e7\u00e3o","publisher":{"@id":"https:\/\/curiosidadesedicas.com\/loja\/#organization"},"potentialAction":[{"@type":"SearchAction","target":{"@type":"EntryPoint","urlTemplate":"https:\/\/curiosidadesedicas.com\/loja\/?s={search_term_string}"},"query-input":{"@type":"PropertyValueSpecification","valueRequired":true,"valueName":"search_term_string"}}],"inLanguage":"en-US"},{"@type":"Organization","@id":"https:\/\/curiosidadesedicas.com\/loja\/#organization","name":"Curiosidades & Dicas","url":"https:\/\/curiosidadesedicas.com\/loja\/","logo":{"@type":"ImageObject","inLanguage":"en-US","@id":"https:\/\/curiosidadesedicas.com\/loja\/#\/schema\/logo\/image\/","url":"https:\/\/curiosidadesedicas.com\/loja\/wp-content\/uploads\/2020\/05\/LogoCuriosidadesSimples.png","contentUrl":"https:\/\/curiosidadesedicas.com\/loja\/wp-content\/uploads\/2020\/05\/LogoCuriosidadesSimples.png","width":3528,"height":804,"caption":"Curiosidades & Dicas"},"image":{"@id":"https:\/\/curiosidadesedicas.com\/loja\/#\/schema\/logo\/image\/"}}]}},"_links":{"self":[{"href":"https:\/\/curiosidadesedicas.com\/loja\/en\/wp-json\/wp\/v2\/product\/25871","targetHints":{"allow":["GET"]}}],"collection":[{"href":"https:\/\/curiosidadesedicas.com\/loja\/en\/wp-json\/wp\/v2\/product"}],"about":[{"href":"https:\/\/curiosidadesedicas.com\/loja\/en\/wp-json\/wp\/v2\/types\/product"}],"replies":[{"embeddable":true,"href":"https:\/\/curiosidadesedicas.com\/loja\/en\/wp-json\/wp\/v2\/comments?post=25871"}],"wp:featuredmedia":[{"embeddable":true,"href":"https:\/\/curiosidadesedicas.com\/loja\/en\/wp-json\/wp\/v2\/media\/25875"}],"wp:attachment":[{"href":"https:\/\/curiosidadesedicas.com\/loja\/en\/wp-json\/wp\/v2\/media?parent=25871"}],"wp:term":[{"taxonomy":"product_brand","embeddable":true,"href":"https:\/\/curiosidadesedicas.com\/loja\/en\/wp-json\/wp\/v2\/product_brand?post=25871"},{"taxonomy":"product_cat","embeddable":true,"href":"https:\/\/curiosidadesedicas.com\/loja\/en\/wp-json\/wp\/v2\/product_cat?post=25871"},{"taxonomy":"product_tag","embeddable":true,"href":"https:\/\/curiosidadesedicas.com\/loja\/en\/wp-json\/wp\/v2\/product_tag?post=25871"}],"curies":[{"name":"wp","href":"https:\/\/api.w.org\/{rel}","templated":true}]}}