{"id":25813,"date":"2022-04-18T15:20:06","date_gmt":"2022-04-18T15:20:06","guid":{"rendered":"https:\/\/curiosidadesedicas.com\/loja\/?post_type=product&#038;p=25813"},"modified":"2025-06-25T13:56:34","modified_gmt":"2025-06-25T13:56:34","slug":"suporte-gravitacional-de-telemoveis-p-o-carro","status":"publish","type":"product","link":"https:\/\/curiosidadesedicas.com\/loja\/en\/product\/suporte-gravitacional-de-telemoveis-p-o-carro\/","title":{"rendered":"SUPORTE GRAVITACIONAL DE TELEM\u00d3VEIS P\/ O CARRO"},"content":{"rendered":"<p>Um suporte para o smartphone muito c\u00f3modo e pr\u00e1tico, que \u00e9 colocado facilmente na grelha de ventila\u00e7\u00e3o do carro. O pr\u00f3prio peso do telem\u00f3vel exerce press\u00e3o sobre as fixa\u00e7\u00f5es laterais para as ajustar ao seu tamanho.<\/p>\n<p><img decoding=\"async\" src=\"https:\/\/curiosidadesedicas.com\/loja\/wp-content\/uploads\/2022\/04\/suporte-gravitacional-de-telemoveis-para-o-carro-innovagoods_88879-6.jpg\" \/><\/p>","protected":false},"excerpt":{"rendered":"<ul>\n<li>Fabricado em ABS e PC<\/li>\n<li>F\u00e1cil coloca\u00e7\u00e3o e extra\u00e7\u00e3o<\/li>\n<li>Apto para dispositivos de 6,5 at\u00e9 8,5 cm (entre 4&#8243; e 6&#8243;)<\/li>\n<li>Auto-ajust\u00e1vel ao tamanho do smartphone<\/li>\n<li>Interior das fixa\u00e7\u00f5es em borracha para evitar estragos e ru\u00eddos nas vibra\u00e7\u00f5es<\/li>\n<li>Mola com ponta de seguran\u00e7a para uma fixa\u00e7\u00e3o total \u00e0 grelha de ventila\u00e7\u00e3o<\/li>\n<li>Orif\u00edcio para acesso f\u00e1cil ao cabo USB (n\u00e3o inclu\u00eddo)<\/li>\n<li>Medidas aprox.: 9 x 10 x 7 cm<\/li>\n<\/ul>","protected":false},"featured_media":25821,"comment_status":"open","ping_status":"closed","template":"","meta":{"_glsr_average":0,"_glsr_ranking":0,"_glsr_reviews":0},"product_brand":[],"product_cat":[350,351,352],"product_tag":[],"class_list":{"0":"post-25813","1":"product","2":"type-product","3":"status-publish","4":"has-post-thumbnail","6":"product_cat-gadgets","7":"product_cat-p-carro","8":"product_cat-p-telemoveis","10":"first","11":"outofstock","12":"taxable","13":"shipping-taxable","14":"purchasable","15":"product-type-simple"},"yoast_head":"<!-- This site is optimized with the Yoast SEO plugin v26.8 - https:\/\/yoast.com\/product\/yoast-seo-wordpress\/ -->\n<title>SUPORTE GRAVITACIONAL DE TELEM\u00d3VEIS P\/ O CARRO - Curiosidades &amp; Dicas, Lda<\/title>\n<meta name=\"robots\" content=\"index, follow, max-snippet:-1, max-image-preview:large, max-video-preview:-1\" \/>\n<link rel=\"canonical\" href=\"https:\/\/curiosidadesedicas.com\/loja\/en\/product\/suporte-gravitacional-de-telemoveis-p-o-carro\/\" \/>\n<meta property=\"og:locale\" content=\"en_US\" \/>\n<meta property=\"og:type\" content=\"article\" \/>\n<meta property=\"og:title\" content=\"SUPORTE GRAVITACIONAL DE TELEM\u00d3VEIS P\/ O CARRO - Curiosidades &amp; Dicas, Lda\" \/>\n<meta property=\"og:description\" content=\"Fabricado em ABS e PC  F\u00e1cil coloca\u00e7\u00e3o e extra\u00e7\u00e3o  Apto para dispositivos de 6,5 at\u00e9 8,5 cm (entre 4&quot; e 6&quot;)  Auto-ajust\u00e1vel ao tamanho do smartphone  Interior das fixa\u00e7\u00f5es em borracha para evitar estragos e ru\u00eddos nas vibra\u00e7\u00f5es  Mola com ponta de seguran\u00e7a para uma fixa\u00e7\u00e3o total \u00e0 grelha de ventila\u00e7\u00e3o  Orif\u00edcio para acesso f\u00e1cil ao cabo USB (n\u00e3o inclu\u00eddo)  Medidas aprox.: 9 x 10 x 7 cm\" \/>\n<meta property=\"og:url\" content=\"https:\/\/curiosidadesedicas.com\/loja\/en\/product\/suporte-gravitacional-de-telemoveis-p-o-carro\/\" \/>\n<meta property=\"og:site_name\" content=\"Curiosidades &amp; Dicas, Lda\" \/>\n<meta property=\"article:modified_time\" content=\"2025-06-25T13:56:34+00:00\" \/>\n<meta property=\"og:image\" content=\"https:\/\/curiosidadesedicas.com\/loja\/wp-content\/uploads\/2022\/04\/suporte-gravitacional-de-telemoveis-para-o-carro-innovagoods_88879-8.jpg\" \/>\n\t<meta property=\"og:image:width\" content=\"600\" \/>\n\t<meta property=\"og:image:height\" content=\"600\" \/>\n\t<meta property=\"og:image:type\" content=\"image\/jpeg\" \/>\n<meta name=\"twitter:card\" content=\"summary_large_image\" \/>\n<meta name=\"twitter:label1\" content=\"Est. reading time\" \/>\n\t<meta name=\"twitter:data1\" content=\"1 minute\" \/>\n<script type=\"application\/ld+json\" class=\"yoast-schema-graph\">{\"@context\":\"https:\/\/schema.org\",\"@graph\":[{\"@type\":\"WebPage\",\"@id\":\"https:\/\/curiosidadesedicas.com\/loja\/produto\/suporte-gravitacional-de-telemoveis-p-o-carro\/\",\"url\":\"https:\/\/curiosidadesedicas.com\/loja\/produto\/suporte-gravitacional-de-telemoveis-p-o-carro\/\",\"name\":\"SUPORTE GRAVITACIONAL DE TELEM\u00d3VEIS P\/ O CARRO - Curiosidades &amp; Dicas, Lda\",\"isPartOf\":{\"@id\":\"https:\/\/curiosidadesedicas.com\/loja\/#website\"},\"primaryImageOfPage\":{\"@id\":\"https:\/\/curiosidadesedicas.com\/loja\/produto\/suporte-gravitacional-de-telemoveis-p-o-carro\/#primaryimage\"},\"image\":{\"@id\":\"https:\/\/curiosidadesedicas.com\/loja\/produto\/suporte-gravitacional-de-telemoveis-p-o-carro\/#primaryimage\"},\"thumbnailUrl\":\"https:\/\/curiosidadesedicas.com\/loja\/wp-content\/uploads\/2022\/04\/suporte-gravitacional-de-telemoveis-para-o-carro-innovagoods_88879-8.jpg\",\"datePublished\":\"2022-04-18T15:20:06+00:00\",\"dateModified\":\"2025-06-25T13:56:34+00:00\",\"breadcrumb\":{\"@id\":\"https:\/\/curiosidadesedicas.com\/loja\/produto\/suporte-gravitacional-de-telemoveis-p-o-carro\/#breadcrumb\"},\"inLanguage\":\"en-US\",\"potentialAction\":[{\"@type\":\"ReadAction\",\"target\":[\"https:\/\/curiosidadesedicas.com\/loja\/produto\/suporte-gravitacional-de-telemoveis-p-o-carro\/\"]}]},{\"@type\":\"ImageObject\",\"inLanguage\":\"en-US\",\"@id\":\"https:\/\/curiosidadesedicas.com\/loja\/produto\/suporte-gravitacional-de-telemoveis-p-o-carro\/#primaryimage\",\"url\":\"https:\/\/curiosidadesedicas.com\/loja\/wp-content\/uploads\/2022\/04\/suporte-gravitacional-de-telemoveis-para-o-carro-innovagoods_88879-8.jpg\",\"contentUrl\":\"https:\/\/curiosidadesedicas.com\/loja\/wp-content\/uploads\/2022\/04\/suporte-gravitacional-de-telemoveis-para-o-carro-innovagoods_88879-8.jpg\",\"width\":600,\"height\":600},{\"@type\":\"BreadcrumbList\",\"@id\":\"https:\/\/curiosidadesedicas.com\/loja\/produto\/suporte-gravitacional-de-telemoveis-p-o-carro\/#breadcrumb\",\"itemListElement\":[{\"@type\":\"ListItem\",\"position\":1,\"name\":\"In\u00edcio\",\"item\":\"https:\/\/curiosidadesedicas.com\/loja\/\"},{\"@type\":\"ListItem\",\"position\":2,\"name\":\"Produtos\",\"item\":\"https:\/\/curiosidadesedicas.com\/loja\/produtos\/\"},{\"@type\":\"ListItem\",\"position\":3,\"name\":\"SUPORTE GRAVITACIONAL DE TELEM\u00d3VEIS P\/ O CARRO\"}]},{\"@type\":\"WebSite\",\"@id\":\"https:\/\/curiosidadesedicas.com\/loja\/#website\",\"url\":\"https:\/\/curiosidadesedicas.com\/loja\/\",\"name\":\"Curiosidades &amp; Dicas, Lda\",\"description\":\"Apaixonados Por Inova\u00e7\u00e3o\",\"publisher\":{\"@id\":\"https:\/\/curiosidadesedicas.com\/loja\/#organization\"},\"potentialAction\":[{\"@type\":\"SearchAction\",\"target\":{\"@type\":\"EntryPoint\",\"urlTemplate\":\"https:\/\/curiosidadesedicas.com\/loja\/?s={search_term_string}\"},\"query-input\":{\"@type\":\"PropertyValueSpecification\",\"valueRequired\":true,\"valueName\":\"search_term_string\"}}],\"inLanguage\":\"en-US\"},{\"@type\":\"Organization\",\"@id\":\"https:\/\/curiosidadesedicas.com\/loja\/#organization\",\"name\":\"Curiosidades & Dicas\",\"url\":\"https:\/\/curiosidadesedicas.com\/loja\/\",\"logo\":{\"@type\":\"ImageObject\",\"inLanguage\":\"en-US\",\"@id\":\"https:\/\/curiosidadesedicas.com\/loja\/#\/schema\/logo\/image\/\",\"url\":\"https:\/\/curiosidadesedicas.com\/loja\/wp-content\/uploads\/2020\/05\/LogoCuriosidadesSimples.png\",\"contentUrl\":\"https:\/\/curiosidadesedicas.com\/loja\/wp-content\/uploads\/2020\/05\/LogoCuriosidadesSimples.png\",\"width\":3528,\"height\":804,\"caption\":\"Curiosidades & Dicas\"},\"image\":{\"@id\":\"https:\/\/curiosidadesedicas.com\/loja\/#\/schema\/logo\/image\/\"}}]}<\/script>\n<!-- \/ Yoast SEO plugin. -->","yoast_head_json":{"title":"SUPORTE GRAVITACIONAL DE TELEM\u00d3VEIS P\/ O CARRO - Curiosidades &amp; Dicas, Lda","robots":{"index":"index","follow":"follow","max-snippet":"max-snippet:-1","max-image-preview":"max-image-preview:large","max-video-preview":"max-video-preview:-1"},"canonical":"https:\/\/curiosidadesedicas.com\/loja\/en\/product\/suporte-gravitacional-de-telemoveis-p-o-carro\/","og_locale":"en_US","og_type":"article","og_title":"SUPORTE GRAVITACIONAL DE TELEM\u00d3VEIS P\/ O CARRO - Curiosidades &amp; Dicas, Lda","og_description":"Fabricado em ABS e PC  F\u00e1cil coloca\u00e7\u00e3o e extra\u00e7\u00e3o  Apto para dispositivos de 6,5 at\u00e9 8,5 cm (entre 4\" e 6\")  Auto-ajust\u00e1vel ao tamanho do smartphone  Interior das fixa\u00e7\u00f5es em borracha para evitar estragos e ru\u00eddos nas vibra\u00e7\u00f5es  Mola com ponta de seguran\u00e7a para uma fixa\u00e7\u00e3o total \u00e0 grelha de ventila\u00e7\u00e3o  Orif\u00edcio para acesso f\u00e1cil ao cabo USB (n\u00e3o inclu\u00eddo)  Medidas aprox.: 9 x 10 x 7 cm","og_url":"https:\/\/curiosidadesedicas.com\/loja\/en\/product\/suporte-gravitacional-de-telemoveis-p-o-carro\/","og_site_name":"Curiosidades &amp; Dicas, Lda","article_modified_time":"2025-06-25T13:56:34+00:00","og_image":[{"width":600,"height":600,"url":"https:\/\/curiosidadesedicas.com\/loja\/wp-content\/uploads\/2022\/04\/suporte-gravitacional-de-telemoveis-para-o-carro-innovagoods_88879-8.jpg","type":"image\/jpeg"}],"twitter_card":"summary_large_image","twitter_misc":{"Est. reading time":"1 minute"},"schema":{"@context":"https:\/\/schema.org","@graph":[{"@type":"WebPage","@id":"https:\/\/curiosidadesedicas.com\/loja\/produto\/suporte-gravitacional-de-telemoveis-p-o-carro\/","url":"https:\/\/curiosidadesedicas.com\/loja\/produto\/suporte-gravitacional-de-telemoveis-p-o-carro\/","name":"SUPORTE GRAVITACIONAL DE TELEM\u00d3VEIS P\/ O CARRO - Curiosidades &amp; Dicas, Lda","isPartOf":{"@id":"https:\/\/curiosidadesedicas.com\/loja\/#website"},"primaryImageOfPage":{"@id":"https:\/\/curiosidadesedicas.com\/loja\/produto\/suporte-gravitacional-de-telemoveis-p-o-carro\/#primaryimage"},"image":{"@id":"https:\/\/curiosidadesedicas.com\/loja\/produto\/suporte-gravitacional-de-telemoveis-p-o-carro\/#primaryimage"},"thumbnailUrl":"https:\/\/curiosidadesedicas.com\/loja\/wp-content\/uploads\/2022\/04\/suporte-gravitacional-de-telemoveis-para-o-carro-innovagoods_88879-8.jpg","datePublished":"2022-04-18T15:20:06+00:00","dateModified":"2025-06-25T13:56:34+00:00","breadcrumb":{"@id":"https:\/\/curiosidadesedicas.com\/loja\/produto\/suporte-gravitacional-de-telemoveis-p-o-carro\/#breadcrumb"},"inLanguage":"en-US","potentialAction":[{"@type":"ReadAction","target":["https:\/\/curiosidadesedicas.com\/loja\/produto\/suporte-gravitacional-de-telemoveis-p-o-carro\/"]}]},{"@type":"ImageObject","inLanguage":"en-US","@id":"https:\/\/curiosidadesedicas.com\/loja\/produto\/suporte-gravitacional-de-telemoveis-p-o-carro\/#primaryimage","url":"https:\/\/curiosidadesedicas.com\/loja\/wp-content\/uploads\/2022\/04\/suporte-gravitacional-de-telemoveis-para-o-carro-innovagoods_88879-8.jpg","contentUrl":"https:\/\/curiosidadesedicas.com\/loja\/wp-content\/uploads\/2022\/04\/suporte-gravitacional-de-telemoveis-para-o-carro-innovagoods_88879-8.jpg","width":600,"height":600},{"@type":"BreadcrumbList","@id":"https:\/\/curiosidadesedicas.com\/loja\/produto\/suporte-gravitacional-de-telemoveis-p-o-carro\/#breadcrumb","itemListElement":[{"@type":"ListItem","position":1,"name":"In\u00edcio","item":"https:\/\/curiosidadesedicas.com\/loja\/"},{"@type":"ListItem","position":2,"name":"Produtos","item":"https:\/\/curiosidadesedicas.com\/loja\/produtos\/"},{"@type":"ListItem","position":3,"name":"SUPORTE GRAVITACIONAL DE TELEM\u00d3VEIS P\/ O CARRO"}]},{"@type":"WebSite","@id":"https:\/\/curiosidadesedicas.com\/loja\/#website","url":"https:\/\/curiosidadesedicas.com\/loja\/","name":"Curiosidades &amp; Dicas, Lda","description":"Apaixonados Por Inova\u00e7\u00e3o","publisher":{"@id":"https:\/\/curiosidadesedicas.com\/loja\/#organization"},"potentialAction":[{"@type":"SearchAction","target":{"@type":"EntryPoint","urlTemplate":"https:\/\/curiosidadesedicas.com\/loja\/?s={search_term_string}"},"query-input":{"@type":"PropertyValueSpecification","valueRequired":true,"valueName":"search_term_string"}}],"inLanguage":"en-US"},{"@type":"Organization","@id":"https:\/\/curiosidadesedicas.com\/loja\/#organization","name":"Curiosidades & Dicas","url":"https:\/\/curiosidadesedicas.com\/loja\/","logo":{"@type":"ImageObject","inLanguage":"en-US","@id":"https:\/\/curiosidadesedicas.com\/loja\/#\/schema\/logo\/image\/","url":"https:\/\/curiosidadesedicas.com\/loja\/wp-content\/uploads\/2020\/05\/LogoCuriosidadesSimples.png","contentUrl":"https:\/\/curiosidadesedicas.com\/loja\/wp-content\/uploads\/2020\/05\/LogoCuriosidadesSimples.png","width":3528,"height":804,"caption":"Curiosidades & Dicas"},"image":{"@id":"https:\/\/curiosidadesedicas.com\/loja\/#\/schema\/logo\/image\/"}}]}},"_links":{"self":[{"href":"https:\/\/curiosidadesedicas.com\/loja\/en\/wp-json\/wp\/v2\/product\/25813","targetHints":{"allow":["GET"]}}],"collection":[{"href":"https:\/\/curiosidadesedicas.com\/loja\/en\/wp-json\/wp\/v2\/product"}],"about":[{"href":"https:\/\/curiosidadesedicas.com\/loja\/en\/wp-json\/wp\/v2\/types\/product"}],"replies":[{"embeddable":true,"href":"https:\/\/curiosidadesedicas.com\/loja\/en\/wp-json\/wp\/v2\/comments?post=25813"}],"wp:featuredmedia":[{"embeddable":true,"href":"https:\/\/curiosidadesedicas.com\/loja\/en\/wp-json\/wp\/v2\/media\/25821"}],"wp:attachment":[{"href":"https:\/\/curiosidadesedicas.com\/loja\/en\/wp-json\/wp\/v2\/media?parent=25813"}],"wp:term":[{"taxonomy":"product_brand","embeddable":true,"href":"https:\/\/curiosidadesedicas.com\/loja\/en\/wp-json\/wp\/v2\/product_brand?post=25813"},{"taxonomy":"product_cat","embeddable":true,"href":"https:\/\/curiosidadesedicas.com\/loja\/en\/wp-json\/wp\/v2\/product_cat?post=25813"},{"taxonomy":"product_tag","embeddable":true,"href":"https:\/\/curiosidadesedicas.com\/loja\/en\/wp-json\/wp\/v2\/product_tag?post=25813"}],"curies":[{"name":"wp","href":"https:\/\/api.w.org\/{rel}","templated":true}]}}