{"id":25773,"date":"2022-04-12T11:18:20","date_gmt":"2022-04-12T11:18:20","guid":{"rendered":"https:\/\/curiosidadesedicas.com\/loja\/?post_type=product&#038;p=25773"},"modified":"2024-04-23T15:55:59","modified_gmt":"2024-04-23T15:55:59","slug":"aparelho-de-massagem-anticelulitico-vibratorio-c-infravermelhos-5-em-1-cellyred","status":"publish","type":"product","link":"https:\/\/curiosidadesedicas.com\/loja\/en\/product\/aparelho-de-massagem-anticelulitico-vibratorio-c-infravermelhos-5-em-1-cellyred\/","title":{"rendered":"APARELHO DE MASSAGEM ANTICELUL\u00cdTICO VIBRAT\u00d3RIO C\/ INFRAVERMELHOS 5 EM 1 CELLYRED"},"content":{"rendered":"<p>Um aparelho de massagem anticelul\u00edtico com calor por infravermelhos que atua eficazmente sobre a gordura acumulada, melhorando o aspeto e a elasticidade da pele. Gra\u00e7as ao seu design multifuncional, combate a celulite e a flacidez, mas \u00e9 tamb\u00e9m ideal para proporcionar um grande relaxamento e bem-estar atrav\u00e9s de agrad\u00e1veis massagens. O seu movimento de rota\u00e7\u00e3o + vibra\u00e7\u00e3o e o calor por infravermelhos intensificam e melhoram os resultados. Se pretender utiliz\u00e1-lo sem calor, poder\u00e1 desativar a fun\u00e7\u00e3o de infravermelhos. Inclui 5 cabe\u00e7as diferentes para uma adapta\u00e7\u00e3o total, em fun\u00e7\u00e3o da \u00e1rea do corpo a tratar e do tipo de massagem ou efeito a alcan\u00e7ar: profunda-calmante-anticelulite \/ drenante-anti-flacidez-anticelulite \/ tonificante-relaxante \/ rejuvenescedora. Uma das cabe\u00e7as \u00e9 uma rede de prote\u00e7\u00e3o para a utiliza\u00e7\u00e3o em \u00e1reas com cabelo. A intensidade e o controle de velocidade s\u00e3o regul\u00e1veis. O seu funcionamento \u00e9 muito simples, bastando fazer movimentos lentos e circulares sobre a \u00e1rea a tratar, deslizando suavemente. Adequado para todo o corpo; ainda que se destine sobretudo aos gl\u00fateos, pernas, bra\u00e7os, cintura e barriga, \u00e9 tamb\u00e9m perfeito para os ombros, o pesco\u00e7o, etc. O aparelho \u00e9 f\u00e1cil de limpar e pode ser usado diariamente, recomendando-se um m\u00e1ximo de 20 minutos (aproximadamente 5 minutos em cada \u00e1rea). Recomenda-se a utiliza\u00e7\u00e3o de lo\u00e7\u00f5es, \u00f3leos e cremes adequados (n\u00e3o inclu\u00eddos) para facilitar a utiliza\u00e7\u00e3o e potenciar os resultados.<\/p>\n<p><img decoding=\"async\" src=\"https:\/\/curiosidadesedicas.com\/loja\/wp-content\/uploads\/2022\/04\/aparelho-de-massagem-anticelulitico-vibratorio-com-infravermelhos-5-em-1-cellyred-innovagoods_149934-9.jpg\" \/><\/p>","protected":false},"excerpt":{"rendered":"<ul>\n<li>Material:\n<ul>\n<li>ABS<\/li>\n<li>TPR<\/li>\n<\/ul>\n<\/li>\n<li>Design moderno e ergon\u00f3mico<\/li>\n<li>Tipo:\n<ul>\n<li>El\u00e9trico<\/li>\n<li>Multifun\u00e7\u00e3o<\/li>\n<\/ul>\n<\/li>\n<li>5 cabe\u00e7as intercambi\u00e1veis<\/li>\n<li>Fun\u00e7\u00e3o calor: Infravermelhos<\/li>\n<li>Efeito termoativo potenciador<\/li>\n<li>Movimento simult\u00e2neo de rota\u00e7\u00e3o e vibra\u00e7\u00e3o<\/li>\n<li>Intensidade regul\u00e1vel<\/li>\n<li>Velocidade regul\u00e1vel: \u22642500 r.p.m.<\/li>\n<li>Uso di\u00e1rio recomendado: 15-20 min<\/li>\n<li>Apto para todo o corpo<\/li>\n<li>Ideal para pernas, gl\u00fateos, cintura, abd\u00f3men e bra\u00e7os<\/li>\n<li>Leve e male\u00e1vel<\/li>\n<li>F\u00e1cil de utilizar e limpar<\/li>\n<li>Cabo extra longo: 1,8 m<\/li>\n<li>Pot\u00eancia: 25 W<\/li>\n<li>220-240 V \/ 50 Hz<\/li>\n<li>Medidas aprox.: 15 x 16,5 x 11 cm<\/li>\n<\/ul>\n<p>https:\/\/youtu.be\/iZKkzvS2tYo<\/p>\n<p>&nbsp;<\/p>","protected":false},"featured_media":25786,"comment_status":"open","ping_status":"closed","template":"","meta":{"_glsr_average":0,"_glsr_ranking":0,"_glsr_reviews":0},"product_brand":[],"product_cat":[357,360],"product_tag":[],"class_list":{"0":"post-25773","1":"product","2":"type-product","3":"status-publish","4":"has-post-thumbnail","6":"product_cat-bem-estar","7":"product_cat-beleza","9":"first","10":"instock","11":"taxable","12":"shipping-taxable","13":"purchasable","14":"product-type-simple"},"yoast_head":"<!-- This site is optimized with the Yoast SEO plugin v26.8 - https:\/\/yoast.com\/product\/yoast-seo-wordpress\/ -->\n<title>APARELHO DE MASSAGEM ANTICELUL\u00cdTICO VIBRAT\u00d3RIO C\/ INFRAVERMELHOS 5 EM 1 CELLYRED - Curiosidades &amp; Dicas, Lda<\/title>\n<meta name=\"robots\" content=\"index, follow, max-snippet:-1, max-image-preview:large, max-video-preview:-1\" \/>\n<link rel=\"canonical\" href=\"https:\/\/curiosidadesedicas.com\/loja\/en\/product\/aparelho-de-massagem-anticelulitico-vibratorio-c-infravermelhos-5-em-1-cellyred\/\" \/>\n<meta property=\"og:locale\" content=\"en_US\" \/>\n<meta property=\"og:type\" content=\"article\" \/>\n<meta property=\"og:title\" content=\"APARELHO DE MASSAGEM ANTICELUL\u00cdTICO VIBRAT\u00d3RIO C\/ INFRAVERMELHOS 5 EM 1 CELLYRED - Curiosidades &amp; Dicas, Lda\" \/>\n<meta property=\"og:description\" content=\"Material:   ABS  TPR    Design moderno e ergon\u00f3mico  Tipo:   El\u00e9trico  Multifun\u00e7\u00e3o    5 cabe\u00e7as intercambi\u00e1veis  Fun\u00e7\u00e3o calor: Infravermelhos  Efeito termoativo potenciador  Movimento simult\u00e2neo de rota\u00e7\u00e3o e vibra\u00e7\u00e3o  Intensidade regul\u00e1vel  Velocidade regul\u00e1vel: \u22642500 r.p.m.  Uso di\u00e1rio recomendado: 15-20 min  Apto para todo o corpo  Ideal para pernas, gl\u00fateos, cintura, abd\u00f3men e bra\u00e7os  Leve e male\u00e1vel  F\u00e1cil de utilizar e limpar  Cabo extra longo: 1,8 m  Pot\u00eancia: 25 W  220-240 V \/ 50 Hz  Medidas aprox.: 15 x 16,5 x 11 cm  https:\/\/youtu.be\/iZKkzvS2tYo  &nbsp;\" \/>\n<meta property=\"og:url\" content=\"https:\/\/curiosidadesedicas.com\/loja\/en\/product\/aparelho-de-massagem-anticelulitico-vibratorio-c-infravermelhos-5-em-1-cellyred\/\" \/>\n<meta property=\"og:site_name\" content=\"Curiosidades &amp; Dicas, Lda\" \/>\n<meta property=\"article:modified_time\" content=\"2024-04-23T15:55:59+00:00\" \/>\n<meta property=\"og:image\" content=\"https:\/\/curiosidadesedicas.com\/loja\/wp-content\/uploads\/2022\/04\/aparelho-de-massagem-anticelulitico-vibratorio-com-infravermelhos-5-em-1-cellyred-innovagoods_149934.jpg\" \/>\n\t<meta property=\"og:image:width\" content=\"600\" \/>\n\t<meta property=\"og:image:height\" content=\"600\" \/>\n\t<meta property=\"og:image:type\" content=\"image\/jpeg\" \/>\n<meta name=\"twitter:card\" content=\"summary_large_image\" \/>\n<meta name=\"twitter:label1\" content=\"Est. reading time\" \/>\n\t<meta name=\"twitter:data1\" content=\"2 minutes\" \/>\n<script type=\"application\/ld+json\" class=\"yoast-schema-graph\">{\"@context\":\"https:\/\/schema.org\",\"@graph\":[{\"@type\":\"WebPage\",\"@id\":\"https:\/\/curiosidadesedicas.com\/loja\/produto\/aparelho-de-massagem-anticelulitico-vibratorio-c-infravermelhos-5-em-1-cellyred\/\",\"url\":\"https:\/\/curiosidadesedicas.com\/loja\/produto\/aparelho-de-massagem-anticelulitico-vibratorio-c-infravermelhos-5-em-1-cellyred\/\",\"name\":\"APARELHO DE MASSAGEM ANTICELUL\u00cdTICO VIBRAT\u00d3RIO C\/ INFRAVERMELHOS 5 EM 1 CELLYRED - Curiosidades &amp; Dicas, Lda\",\"isPartOf\":{\"@id\":\"https:\/\/curiosidadesedicas.com\/loja\/#website\"},\"primaryImageOfPage\":{\"@id\":\"https:\/\/curiosidadesedicas.com\/loja\/produto\/aparelho-de-massagem-anticelulitico-vibratorio-c-infravermelhos-5-em-1-cellyred\/#primaryimage\"},\"image\":{\"@id\":\"https:\/\/curiosidadesedicas.com\/loja\/produto\/aparelho-de-massagem-anticelulitico-vibratorio-c-infravermelhos-5-em-1-cellyred\/#primaryimage\"},\"thumbnailUrl\":\"https:\/\/curiosidadesedicas.com\/loja\/wp-content\/uploads\/2022\/04\/aparelho-de-massagem-anticelulitico-vibratorio-com-infravermelhos-5-em-1-cellyred-innovagoods_149934.jpg\",\"datePublished\":\"2022-04-12T11:18:20+00:00\",\"dateModified\":\"2024-04-23T15:55:59+00:00\",\"breadcrumb\":{\"@id\":\"https:\/\/curiosidadesedicas.com\/loja\/produto\/aparelho-de-massagem-anticelulitico-vibratorio-c-infravermelhos-5-em-1-cellyred\/#breadcrumb\"},\"inLanguage\":\"en-US\",\"potentialAction\":[{\"@type\":\"ReadAction\",\"target\":[\"https:\/\/curiosidadesedicas.com\/loja\/produto\/aparelho-de-massagem-anticelulitico-vibratorio-c-infravermelhos-5-em-1-cellyred\/\"]}]},{\"@type\":\"ImageObject\",\"inLanguage\":\"en-US\",\"@id\":\"https:\/\/curiosidadesedicas.com\/loja\/produto\/aparelho-de-massagem-anticelulitico-vibratorio-c-infravermelhos-5-em-1-cellyred\/#primaryimage\",\"url\":\"https:\/\/curiosidadesedicas.com\/loja\/wp-content\/uploads\/2022\/04\/aparelho-de-massagem-anticelulitico-vibratorio-com-infravermelhos-5-em-1-cellyred-innovagoods_149934.jpg\",\"contentUrl\":\"https:\/\/curiosidadesedicas.com\/loja\/wp-content\/uploads\/2022\/04\/aparelho-de-massagem-anticelulitico-vibratorio-com-infravermelhos-5-em-1-cellyred-innovagoods_149934.jpg\",\"width\":600,\"height\":600},{\"@type\":\"BreadcrumbList\",\"@id\":\"https:\/\/curiosidadesedicas.com\/loja\/produto\/aparelho-de-massagem-anticelulitico-vibratorio-c-infravermelhos-5-em-1-cellyred\/#breadcrumb\",\"itemListElement\":[{\"@type\":\"ListItem\",\"position\":1,\"name\":\"In\u00edcio\",\"item\":\"https:\/\/curiosidadesedicas.com\/loja\/\"},{\"@type\":\"ListItem\",\"position\":2,\"name\":\"Produtos\",\"item\":\"https:\/\/curiosidadesedicas.com\/loja\/produtos\/\"},{\"@type\":\"ListItem\",\"position\":3,\"name\":\"APARELHO DE MASSAGEM ANTICELUL\u00cdTICO VIBRAT\u00d3RIO C\/ INFRAVERMELHOS 5 EM 1 CELLYRED\"}]},{\"@type\":\"WebSite\",\"@id\":\"https:\/\/curiosidadesedicas.com\/loja\/#website\",\"url\":\"https:\/\/curiosidadesedicas.com\/loja\/\",\"name\":\"Curiosidades &amp; Dicas, Lda\",\"description\":\"Apaixonados Por Inova\u00e7\u00e3o\",\"publisher\":{\"@id\":\"https:\/\/curiosidadesedicas.com\/loja\/#organization\"},\"potentialAction\":[{\"@type\":\"SearchAction\",\"target\":{\"@type\":\"EntryPoint\",\"urlTemplate\":\"https:\/\/curiosidadesedicas.com\/loja\/?s={search_term_string}\"},\"query-input\":{\"@type\":\"PropertyValueSpecification\",\"valueRequired\":true,\"valueName\":\"search_term_string\"}}],\"inLanguage\":\"en-US\"},{\"@type\":\"Organization\",\"@id\":\"https:\/\/curiosidadesedicas.com\/loja\/#organization\",\"name\":\"Curiosidades & Dicas\",\"url\":\"https:\/\/curiosidadesedicas.com\/loja\/\",\"logo\":{\"@type\":\"ImageObject\",\"inLanguage\":\"en-US\",\"@id\":\"https:\/\/curiosidadesedicas.com\/loja\/#\/schema\/logo\/image\/\",\"url\":\"https:\/\/curiosidadesedicas.com\/loja\/wp-content\/uploads\/2020\/05\/LogoCuriosidadesSimples.png\",\"contentUrl\":\"https:\/\/curiosidadesedicas.com\/loja\/wp-content\/uploads\/2020\/05\/LogoCuriosidadesSimples.png\",\"width\":3528,\"height\":804,\"caption\":\"Curiosidades & Dicas\"},\"image\":{\"@id\":\"https:\/\/curiosidadesedicas.com\/loja\/#\/schema\/logo\/image\/\"}}]}<\/script>\n<!-- \/ Yoast SEO plugin. -->","yoast_head_json":{"title":"APARELHO DE MASSAGEM ANTICELUL\u00cdTICO VIBRAT\u00d3RIO C\/ INFRAVERMELHOS 5 EM 1 CELLYRED - Curiosidades &amp; Dicas, Lda","robots":{"index":"index","follow":"follow","max-snippet":"max-snippet:-1","max-image-preview":"max-image-preview:large","max-video-preview":"max-video-preview:-1"},"canonical":"https:\/\/curiosidadesedicas.com\/loja\/en\/product\/aparelho-de-massagem-anticelulitico-vibratorio-c-infravermelhos-5-em-1-cellyred\/","og_locale":"en_US","og_type":"article","og_title":"APARELHO DE MASSAGEM ANTICELUL\u00cdTICO VIBRAT\u00d3RIO C\/ INFRAVERMELHOS 5 EM 1 CELLYRED - Curiosidades &amp; Dicas, Lda","og_description":"Material:   ABS  TPR    Design moderno e ergon\u00f3mico  Tipo:   El\u00e9trico  Multifun\u00e7\u00e3o    5 cabe\u00e7as intercambi\u00e1veis  Fun\u00e7\u00e3o calor: Infravermelhos  Efeito termoativo potenciador  Movimento simult\u00e2neo de rota\u00e7\u00e3o e vibra\u00e7\u00e3o  Intensidade regul\u00e1vel  Velocidade regul\u00e1vel: \u22642500 r.p.m.  Uso di\u00e1rio recomendado: 15-20 min  Apto para todo o corpo  Ideal para pernas, gl\u00fateos, cintura, abd\u00f3men e bra\u00e7os  Leve e male\u00e1vel  F\u00e1cil de utilizar e limpar  Cabo extra longo: 1,8 m  Pot\u00eancia: 25 W  220-240 V \/ 50 Hz  Medidas aprox.: 15 x 16,5 x 11 cm  https:\/\/youtu.be\/iZKkzvS2tYo  &nbsp;","og_url":"https:\/\/curiosidadesedicas.com\/loja\/en\/product\/aparelho-de-massagem-anticelulitico-vibratorio-c-infravermelhos-5-em-1-cellyred\/","og_site_name":"Curiosidades &amp; Dicas, Lda","article_modified_time":"2024-04-23T15:55:59+00:00","og_image":[{"width":600,"height":600,"url":"https:\/\/curiosidadesedicas.com\/loja\/wp-content\/uploads\/2022\/04\/aparelho-de-massagem-anticelulitico-vibratorio-com-infravermelhos-5-em-1-cellyred-innovagoods_149934.jpg","type":"image\/jpeg"}],"twitter_card":"summary_large_image","twitter_misc":{"Est. reading time":"2 minutes"},"schema":{"@context":"https:\/\/schema.org","@graph":[{"@type":"WebPage","@id":"https:\/\/curiosidadesedicas.com\/loja\/produto\/aparelho-de-massagem-anticelulitico-vibratorio-c-infravermelhos-5-em-1-cellyred\/","url":"https:\/\/curiosidadesedicas.com\/loja\/produto\/aparelho-de-massagem-anticelulitico-vibratorio-c-infravermelhos-5-em-1-cellyred\/","name":"APARELHO DE MASSAGEM ANTICELUL\u00cdTICO VIBRAT\u00d3RIO C\/ INFRAVERMELHOS 5 EM 1 CELLYRED - Curiosidades &amp; Dicas, Lda","isPartOf":{"@id":"https:\/\/curiosidadesedicas.com\/loja\/#website"},"primaryImageOfPage":{"@id":"https:\/\/curiosidadesedicas.com\/loja\/produto\/aparelho-de-massagem-anticelulitico-vibratorio-c-infravermelhos-5-em-1-cellyred\/#primaryimage"},"image":{"@id":"https:\/\/curiosidadesedicas.com\/loja\/produto\/aparelho-de-massagem-anticelulitico-vibratorio-c-infravermelhos-5-em-1-cellyred\/#primaryimage"},"thumbnailUrl":"https:\/\/curiosidadesedicas.com\/loja\/wp-content\/uploads\/2022\/04\/aparelho-de-massagem-anticelulitico-vibratorio-com-infravermelhos-5-em-1-cellyred-innovagoods_149934.jpg","datePublished":"2022-04-12T11:18:20+00:00","dateModified":"2024-04-23T15:55:59+00:00","breadcrumb":{"@id":"https:\/\/curiosidadesedicas.com\/loja\/produto\/aparelho-de-massagem-anticelulitico-vibratorio-c-infravermelhos-5-em-1-cellyred\/#breadcrumb"},"inLanguage":"en-US","potentialAction":[{"@type":"ReadAction","target":["https:\/\/curiosidadesedicas.com\/loja\/produto\/aparelho-de-massagem-anticelulitico-vibratorio-c-infravermelhos-5-em-1-cellyred\/"]}]},{"@type":"ImageObject","inLanguage":"en-US","@id":"https:\/\/curiosidadesedicas.com\/loja\/produto\/aparelho-de-massagem-anticelulitico-vibratorio-c-infravermelhos-5-em-1-cellyred\/#primaryimage","url":"https:\/\/curiosidadesedicas.com\/loja\/wp-content\/uploads\/2022\/04\/aparelho-de-massagem-anticelulitico-vibratorio-com-infravermelhos-5-em-1-cellyred-innovagoods_149934.jpg","contentUrl":"https:\/\/curiosidadesedicas.com\/loja\/wp-content\/uploads\/2022\/04\/aparelho-de-massagem-anticelulitico-vibratorio-com-infravermelhos-5-em-1-cellyred-innovagoods_149934.jpg","width":600,"height":600},{"@type":"BreadcrumbList","@id":"https:\/\/curiosidadesedicas.com\/loja\/produto\/aparelho-de-massagem-anticelulitico-vibratorio-c-infravermelhos-5-em-1-cellyred\/#breadcrumb","itemListElement":[{"@type":"ListItem","position":1,"name":"In\u00edcio","item":"https:\/\/curiosidadesedicas.com\/loja\/"},{"@type":"ListItem","position":2,"name":"Produtos","item":"https:\/\/curiosidadesedicas.com\/loja\/produtos\/"},{"@type":"ListItem","position":3,"name":"APARELHO DE MASSAGEM ANTICELUL\u00cdTICO VIBRAT\u00d3RIO C\/ INFRAVERMELHOS 5 EM 1 CELLYRED"}]},{"@type":"WebSite","@id":"https:\/\/curiosidadesedicas.com\/loja\/#website","url":"https:\/\/curiosidadesedicas.com\/loja\/","name":"Curiosidades &amp; Dicas, Lda","description":"Apaixonados Por Inova\u00e7\u00e3o","publisher":{"@id":"https:\/\/curiosidadesedicas.com\/loja\/#organization"},"potentialAction":[{"@type":"SearchAction","target":{"@type":"EntryPoint","urlTemplate":"https:\/\/curiosidadesedicas.com\/loja\/?s={search_term_string}"},"query-input":{"@type":"PropertyValueSpecification","valueRequired":true,"valueName":"search_term_string"}}],"inLanguage":"en-US"},{"@type":"Organization","@id":"https:\/\/curiosidadesedicas.com\/loja\/#organization","name":"Curiosidades & Dicas","url":"https:\/\/curiosidadesedicas.com\/loja\/","logo":{"@type":"ImageObject","inLanguage":"en-US","@id":"https:\/\/curiosidadesedicas.com\/loja\/#\/schema\/logo\/image\/","url":"https:\/\/curiosidadesedicas.com\/loja\/wp-content\/uploads\/2020\/05\/LogoCuriosidadesSimples.png","contentUrl":"https:\/\/curiosidadesedicas.com\/loja\/wp-content\/uploads\/2020\/05\/LogoCuriosidadesSimples.png","width":3528,"height":804,"caption":"Curiosidades & Dicas"},"image":{"@id":"https:\/\/curiosidadesedicas.com\/loja\/#\/schema\/logo\/image\/"}}]}},"_links":{"self":[{"href":"https:\/\/curiosidadesedicas.com\/loja\/en\/wp-json\/wp\/v2\/product\/25773","targetHints":{"allow":["GET"]}}],"collection":[{"href":"https:\/\/curiosidadesedicas.com\/loja\/en\/wp-json\/wp\/v2\/product"}],"about":[{"href":"https:\/\/curiosidadesedicas.com\/loja\/en\/wp-json\/wp\/v2\/types\/product"}],"replies":[{"embeddable":true,"href":"https:\/\/curiosidadesedicas.com\/loja\/en\/wp-json\/wp\/v2\/comments?post=25773"}],"wp:featuredmedia":[{"embeddable":true,"href":"https:\/\/curiosidadesedicas.com\/loja\/en\/wp-json\/wp\/v2\/media\/25786"}],"wp:attachment":[{"href":"https:\/\/curiosidadesedicas.com\/loja\/en\/wp-json\/wp\/v2\/media?parent=25773"}],"wp:term":[{"taxonomy":"product_brand","embeddable":true,"href":"https:\/\/curiosidadesedicas.com\/loja\/en\/wp-json\/wp\/v2\/product_brand?post=25773"},{"taxonomy":"product_cat","embeddable":true,"href":"https:\/\/curiosidadesedicas.com\/loja\/en\/wp-json\/wp\/v2\/product_cat?post=25773"},{"taxonomy":"product_tag","embeddable":true,"href":"https:\/\/curiosidadesedicas.com\/loja\/en\/wp-json\/wp\/v2\/product_tag?post=25773"}],"curies":[{"name":"wp","href":"https:\/\/api.w.org\/{rel}","templated":true}]}}