{"id":25634,"date":"2022-04-07T12:03:18","date_gmt":"2022-04-07T12:03:18","guid":{"rendered":"https:\/\/curiosidadesedicas.com\/loja\/?post_type=product&#038;p=25634"},"modified":"2025-03-12T14:27:22","modified_gmt":"2025-03-12T14:27:22","slug":"pistola-de-agua-de-pressao-c-deposito-8-em-1","status":"publish","type":"product","link":"https:\/\/curiosidadesedicas.com\/loja\/en\/product\/pistola-de-agua-de-pressao-c-deposito-8-em-1\/","title":{"rendered":"PISTOLA DE \u00c1GUA DE PRESS\u00c3O C\/ DEP\u00d3SITO 8 EM 1"},"content":{"rendered":"<p>Gra\u00e7as \u00e0 press\u00e3o da \u00e1gua e ao dep\u00f3sito\u00a0para detergente integrado, esta pistola \u00e9 perfeita para uma limpeza eficaz e sem esfor\u00e7o. Ideal para paredes, solos, carros, janelas, etc. Al\u00e9m disso, tamb\u00e9m pode ser utilizada para regar as plantas ou a relva, podendo encher o dep\u00f3sito de inseticidas ou fertilizantes. A sua utiliza\u00e7\u00e3o \u00e9 muito simples, bastando lig\u00e1-la de forma f\u00e1cil e r\u00e1pida a qualquer mangueira. Al\u00e9m disso, poder\u00e1 controlar a press\u00e3o da \u00e1gua.<\/p>\n<p><img decoding=\"async\" src=\"https:\/\/curiosidadesedicas.com\/loja\/wp-content\/uploads\/2022\/04\/pistola-de-agua-de-press-o-com-deposito-8-em-1-innovagoods_63214-6.jpg\" \/><\/p>","protected":false},"excerpt":{"rendered":"<ul>\n<li>Fabricada em ABS resistente<\/li>\n<li>Adaptador para mangueiras<\/li>\n<li>Dep\u00f3sito: 100 ml<\/li>\n<li>3 posi\u00e7\u00f5es: fechado, jato normal e jato com dep\u00f3sito<\/li>\n<li>8 tipos de jato:\n<ul>\n<li>Jato de press\u00e3o<\/li>\n<li>Jato de precis\u00e3o<\/li>\n<li>Neblina<\/li>\n<li>Chuva<\/li>\n<li>Spray diagonal<\/li>\n<li>Spray horizontal<\/li>\n<li>Spray vertical<\/li>\n<li>Humidificador<\/li>\n<\/ul>\n<\/li>\n<li>Medidas aprox.:\u00a0 41 x 15 x 5,5 cm<\/li>\n<\/ul>\n<p>&nbsp;<\/p>","protected":false},"featured_media":25641,"comment_status":"open","ping_status":"closed","template":"","meta":{"_glsr_average":0,"_glsr_ranking":0,"_glsr_reviews":0},"product_brand":[],"product_cat":[350,351,355,365,394],"product_tag":[],"class_list":{"0":"post-25634","1":"product","2":"type-product","3":"status-publish","4":"has-post-thumbnail","6":"product_cat-gadgets","7":"product_cat-p-carro","8":"product_cat-p-jardins","9":"product_cat-para-o-lar","10":"product_cat-limpeza","12":"first","13":"instock","14":"taxable","15":"shipping-taxable","16":"purchasable","17":"product-type-simple"},"yoast_head":"<!-- This site is optimized with the Yoast SEO plugin v26.8 - https:\/\/yoast.com\/product\/yoast-seo-wordpress\/ -->\n<title>PISTOLA DE \u00c1GUA DE PRESS\u00c3O C\/ DEP\u00d3SITO 8 EM 1 - Curiosidades &amp; Dicas, Lda<\/title>\n<meta name=\"robots\" content=\"index, follow, max-snippet:-1, max-image-preview:large, max-video-preview:-1\" \/>\n<link rel=\"canonical\" href=\"https:\/\/curiosidadesedicas.com\/loja\/en\/product\/pistola-de-agua-de-pressao-c-deposito-8-em-1\/\" \/>\n<meta property=\"og:locale\" content=\"en_US\" \/>\n<meta property=\"og:type\" content=\"article\" \/>\n<meta property=\"og:title\" content=\"PISTOLA DE \u00c1GUA DE PRESS\u00c3O C\/ DEP\u00d3SITO 8 EM 1 - Curiosidades &amp; Dicas, Lda\" \/>\n<meta property=\"og:description\" content=\"Fabricada em ABS resistente  Adaptador para mangueiras  Dep\u00f3sito: 100 ml  3 posi\u00e7\u00f5es: fechado, jato normal e jato com dep\u00f3sito  8 tipos de jato:   Jato de press\u00e3o  Jato de precis\u00e3o  Neblina  Chuva  Spray diagonal  Spray horizontal  Spray vertical  Humidificador    Medidas aprox.:\u00a0 41 x 15 x 5,5 cm  &nbsp;\" \/>\n<meta property=\"og:url\" content=\"https:\/\/curiosidadesedicas.com\/loja\/en\/product\/pistola-de-agua-de-pressao-c-deposito-8-em-1\/\" \/>\n<meta property=\"og:site_name\" content=\"Curiosidades &amp; Dicas, Lda\" \/>\n<meta property=\"article:modified_time\" content=\"2025-03-12T14:27:22+00:00\" \/>\n<meta property=\"og:image\" content=\"https:\/\/curiosidadesedicas.com\/loja\/wp-content\/uploads\/2022\/04\/pistola-de-agua-de-press-o-com-deposito-8-em-1-innovagoods_63214.jpg\" \/>\n\t<meta property=\"og:image:width\" content=\"600\" \/>\n\t<meta property=\"og:image:height\" content=\"600\" \/>\n\t<meta property=\"og:image:type\" content=\"image\/jpeg\" \/>\n<meta name=\"twitter:card\" content=\"summary_large_image\" \/>\n<meta name=\"twitter:label1\" content=\"Est. reading time\" \/>\n\t<meta name=\"twitter:data1\" content=\"1 minute\" \/>\n<script type=\"application\/ld+json\" class=\"yoast-schema-graph\">{\"@context\":\"https:\/\/schema.org\",\"@graph\":[{\"@type\":\"WebPage\",\"@id\":\"https:\/\/curiosidadesedicas.com\/loja\/produto\/pistola-de-agua-de-pressao-c-deposito-8-em-1\/\",\"url\":\"https:\/\/curiosidadesedicas.com\/loja\/produto\/pistola-de-agua-de-pressao-c-deposito-8-em-1\/\",\"name\":\"PISTOLA DE \u00c1GUA DE PRESS\u00c3O C\/ DEP\u00d3SITO 8 EM 1 - Curiosidades &amp; Dicas, Lda\",\"isPartOf\":{\"@id\":\"https:\/\/curiosidadesedicas.com\/loja\/#website\"},\"primaryImageOfPage\":{\"@id\":\"https:\/\/curiosidadesedicas.com\/loja\/produto\/pistola-de-agua-de-pressao-c-deposito-8-em-1\/#primaryimage\"},\"image\":{\"@id\":\"https:\/\/curiosidadesedicas.com\/loja\/produto\/pistola-de-agua-de-pressao-c-deposito-8-em-1\/#primaryimage\"},\"thumbnailUrl\":\"https:\/\/curiosidadesedicas.com\/loja\/wp-content\/uploads\/2022\/04\/pistola-de-agua-de-press-o-com-deposito-8-em-1-innovagoods_63214.jpg\",\"datePublished\":\"2022-04-07T12:03:18+00:00\",\"dateModified\":\"2025-03-12T14:27:22+00:00\",\"breadcrumb\":{\"@id\":\"https:\/\/curiosidadesedicas.com\/loja\/produto\/pistola-de-agua-de-pressao-c-deposito-8-em-1\/#breadcrumb\"},\"inLanguage\":\"en-US\",\"potentialAction\":[{\"@type\":\"ReadAction\",\"target\":[\"https:\/\/curiosidadesedicas.com\/loja\/produto\/pistola-de-agua-de-pressao-c-deposito-8-em-1\/\"]}]},{\"@type\":\"ImageObject\",\"inLanguage\":\"en-US\",\"@id\":\"https:\/\/curiosidadesedicas.com\/loja\/produto\/pistola-de-agua-de-pressao-c-deposito-8-em-1\/#primaryimage\",\"url\":\"https:\/\/curiosidadesedicas.com\/loja\/wp-content\/uploads\/2022\/04\/pistola-de-agua-de-press-o-com-deposito-8-em-1-innovagoods_63214.jpg\",\"contentUrl\":\"https:\/\/curiosidadesedicas.com\/loja\/wp-content\/uploads\/2022\/04\/pistola-de-agua-de-press-o-com-deposito-8-em-1-innovagoods_63214.jpg\",\"width\":600,\"height\":600},{\"@type\":\"BreadcrumbList\",\"@id\":\"https:\/\/curiosidadesedicas.com\/loja\/produto\/pistola-de-agua-de-pressao-c-deposito-8-em-1\/#breadcrumb\",\"itemListElement\":[{\"@type\":\"ListItem\",\"position\":1,\"name\":\"In\u00edcio\",\"item\":\"https:\/\/curiosidadesedicas.com\/loja\/\"},{\"@type\":\"ListItem\",\"position\":2,\"name\":\"Produtos\",\"item\":\"https:\/\/curiosidadesedicas.com\/loja\/produtos\/\"},{\"@type\":\"ListItem\",\"position\":3,\"name\":\"PISTOLA DE \u00c1GUA DE PRESS\u00c3O C\/ DEP\u00d3SITO 8 EM 1\"}]},{\"@type\":\"WebSite\",\"@id\":\"https:\/\/curiosidadesedicas.com\/loja\/#website\",\"url\":\"https:\/\/curiosidadesedicas.com\/loja\/\",\"name\":\"Curiosidades &amp; Dicas, Lda\",\"description\":\"Apaixonados Por Inova\u00e7\u00e3o\",\"publisher\":{\"@id\":\"https:\/\/curiosidadesedicas.com\/loja\/#organization\"},\"potentialAction\":[{\"@type\":\"SearchAction\",\"target\":{\"@type\":\"EntryPoint\",\"urlTemplate\":\"https:\/\/curiosidadesedicas.com\/loja\/?s={search_term_string}\"},\"query-input\":{\"@type\":\"PropertyValueSpecification\",\"valueRequired\":true,\"valueName\":\"search_term_string\"}}],\"inLanguage\":\"en-US\"},{\"@type\":\"Organization\",\"@id\":\"https:\/\/curiosidadesedicas.com\/loja\/#organization\",\"name\":\"Curiosidades & Dicas\",\"url\":\"https:\/\/curiosidadesedicas.com\/loja\/\",\"logo\":{\"@type\":\"ImageObject\",\"inLanguage\":\"en-US\",\"@id\":\"https:\/\/curiosidadesedicas.com\/loja\/#\/schema\/logo\/image\/\",\"url\":\"https:\/\/curiosidadesedicas.com\/loja\/wp-content\/uploads\/2020\/05\/LogoCuriosidadesSimples.png\",\"contentUrl\":\"https:\/\/curiosidadesedicas.com\/loja\/wp-content\/uploads\/2020\/05\/LogoCuriosidadesSimples.png\",\"width\":3528,\"height\":804,\"caption\":\"Curiosidades & Dicas\"},\"image\":{\"@id\":\"https:\/\/curiosidadesedicas.com\/loja\/#\/schema\/logo\/image\/\"}}]}<\/script>\n<!-- \/ Yoast SEO plugin. -->","yoast_head_json":{"title":"PISTOLA DE \u00c1GUA DE PRESS\u00c3O C\/ DEP\u00d3SITO 8 EM 1 - Curiosidades &amp; Dicas, Lda","robots":{"index":"index","follow":"follow","max-snippet":"max-snippet:-1","max-image-preview":"max-image-preview:large","max-video-preview":"max-video-preview:-1"},"canonical":"https:\/\/curiosidadesedicas.com\/loja\/en\/product\/pistola-de-agua-de-pressao-c-deposito-8-em-1\/","og_locale":"en_US","og_type":"article","og_title":"PISTOLA DE \u00c1GUA DE PRESS\u00c3O C\/ DEP\u00d3SITO 8 EM 1 - Curiosidades &amp; Dicas, Lda","og_description":"Fabricada em ABS resistente  Adaptador para mangueiras  Dep\u00f3sito: 100 ml  3 posi\u00e7\u00f5es: fechado, jato normal e jato com dep\u00f3sito  8 tipos de jato:   Jato de press\u00e3o  Jato de precis\u00e3o  Neblina  Chuva  Spray diagonal  Spray horizontal  Spray vertical  Humidificador    Medidas aprox.:\u00a0 41 x 15 x 5,5 cm  &nbsp;","og_url":"https:\/\/curiosidadesedicas.com\/loja\/en\/product\/pistola-de-agua-de-pressao-c-deposito-8-em-1\/","og_site_name":"Curiosidades &amp; Dicas, Lda","article_modified_time":"2025-03-12T14:27:22+00:00","og_image":[{"width":600,"height":600,"url":"https:\/\/curiosidadesedicas.com\/loja\/wp-content\/uploads\/2022\/04\/pistola-de-agua-de-press-o-com-deposito-8-em-1-innovagoods_63214.jpg","type":"image\/jpeg"}],"twitter_card":"summary_large_image","twitter_misc":{"Est. reading time":"1 minute"},"schema":{"@context":"https:\/\/schema.org","@graph":[{"@type":"WebPage","@id":"https:\/\/curiosidadesedicas.com\/loja\/produto\/pistola-de-agua-de-pressao-c-deposito-8-em-1\/","url":"https:\/\/curiosidadesedicas.com\/loja\/produto\/pistola-de-agua-de-pressao-c-deposito-8-em-1\/","name":"PISTOLA DE \u00c1GUA DE PRESS\u00c3O C\/ DEP\u00d3SITO 8 EM 1 - Curiosidades &amp; Dicas, Lda","isPartOf":{"@id":"https:\/\/curiosidadesedicas.com\/loja\/#website"},"primaryImageOfPage":{"@id":"https:\/\/curiosidadesedicas.com\/loja\/produto\/pistola-de-agua-de-pressao-c-deposito-8-em-1\/#primaryimage"},"image":{"@id":"https:\/\/curiosidadesedicas.com\/loja\/produto\/pistola-de-agua-de-pressao-c-deposito-8-em-1\/#primaryimage"},"thumbnailUrl":"https:\/\/curiosidadesedicas.com\/loja\/wp-content\/uploads\/2022\/04\/pistola-de-agua-de-press-o-com-deposito-8-em-1-innovagoods_63214.jpg","datePublished":"2022-04-07T12:03:18+00:00","dateModified":"2025-03-12T14:27:22+00:00","breadcrumb":{"@id":"https:\/\/curiosidadesedicas.com\/loja\/produto\/pistola-de-agua-de-pressao-c-deposito-8-em-1\/#breadcrumb"},"inLanguage":"en-US","potentialAction":[{"@type":"ReadAction","target":["https:\/\/curiosidadesedicas.com\/loja\/produto\/pistola-de-agua-de-pressao-c-deposito-8-em-1\/"]}]},{"@type":"ImageObject","inLanguage":"en-US","@id":"https:\/\/curiosidadesedicas.com\/loja\/produto\/pistola-de-agua-de-pressao-c-deposito-8-em-1\/#primaryimage","url":"https:\/\/curiosidadesedicas.com\/loja\/wp-content\/uploads\/2022\/04\/pistola-de-agua-de-press-o-com-deposito-8-em-1-innovagoods_63214.jpg","contentUrl":"https:\/\/curiosidadesedicas.com\/loja\/wp-content\/uploads\/2022\/04\/pistola-de-agua-de-press-o-com-deposito-8-em-1-innovagoods_63214.jpg","width":600,"height":600},{"@type":"BreadcrumbList","@id":"https:\/\/curiosidadesedicas.com\/loja\/produto\/pistola-de-agua-de-pressao-c-deposito-8-em-1\/#breadcrumb","itemListElement":[{"@type":"ListItem","position":1,"name":"In\u00edcio","item":"https:\/\/curiosidadesedicas.com\/loja\/"},{"@type":"ListItem","position":2,"name":"Produtos","item":"https:\/\/curiosidadesedicas.com\/loja\/produtos\/"},{"@type":"ListItem","position":3,"name":"PISTOLA DE \u00c1GUA DE PRESS\u00c3O C\/ DEP\u00d3SITO 8 EM 1"}]},{"@type":"WebSite","@id":"https:\/\/curiosidadesedicas.com\/loja\/#website","url":"https:\/\/curiosidadesedicas.com\/loja\/","name":"Curiosidades &amp; Dicas, Lda","description":"Apaixonados Por Inova\u00e7\u00e3o","publisher":{"@id":"https:\/\/curiosidadesedicas.com\/loja\/#organization"},"potentialAction":[{"@type":"SearchAction","target":{"@type":"EntryPoint","urlTemplate":"https:\/\/curiosidadesedicas.com\/loja\/?s={search_term_string}"},"query-input":{"@type":"PropertyValueSpecification","valueRequired":true,"valueName":"search_term_string"}}],"inLanguage":"en-US"},{"@type":"Organization","@id":"https:\/\/curiosidadesedicas.com\/loja\/#organization","name":"Curiosidades & Dicas","url":"https:\/\/curiosidadesedicas.com\/loja\/","logo":{"@type":"ImageObject","inLanguage":"en-US","@id":"https:\/\/curiosidadesedicas.com\/loja\/#\/schema\/logo\/image\/","url":"https:\/\/curiosidadesedicas.com\/loja\/wp-content\/uploads\/2020\/05\/LogoCuriosidadesSimples.png","contentUrl":"https:\/\/curiosidadesedicas.com\/loja\/wp-content\/uploads\/2020\/05\/LogoCuriosidadesSimples.png","width":3528,"height":804,"caption":"Curiosidades & Dicas"},"image":{"@id":"https:\/\/curiosidadesedicas.com\/loja\/#\/schema\/logo\/image\/"}}]}},"_links":{"self":[{"href":"https:\/\/curiosidadesedicas.com\/loja\/en\/wp-json\/wp\/v2\/product\/25634","targetHints":{"allow":["GET"]}}],"collection":[{"href":"https:\/\/curiosidadesedicas.com\/loja\/en\/wp-json\/wp\/v2\/product"}],"about":[{"href":"https:\/\/curiosidadesedicas.com\/loja\/en\/wp-json\/wp\/v2\/types\/product"}],"replies":[{"embeddable":true,"href":"https:\/\/curiosidadesedicas.com\/loja\/en\/wp-json\/wp\/v2\/comments?post=25634"}],"wp:featuredmedia":[{"embeddable":true,"href":"https:\/\/curiosidadesedicas.com\/loja\/en\/wp-json\/wp\/v2\/media\/25641"}],"wp:attachment":[{"href":"https:\/\/curiosidadesedicas.com\/loja\/en\/wp-json\/wp\/v2\/media?parent=25634"}],"wp:term":[{"taxonomy":"product_brand","embeddable":true,"href":"https:\/\/curiosidadesedicas.com\/loja\/en\/wp-json\/wp\/v2\/product_brand?post=25634"},{"taxonomy":"product_cat","embeddable":true,"href":"https:\/\/curiosidadesedicas.com\/loja\/en\/wp-json\/wp\/v2\/product_cat?post=25634"},{"taxonomy":"product_tag","embeddable":true,"href":"https:\/\/curiosidadesedicas.com\/loja\/en\/wp-json\/wp\/v2\/product_tag?post=25634"}],"curies":[{"name":"wp","href":"https:\/\/api.w.org\/{rel}","templated":true}]}}