{"id":25165,"date":"2022-03-17T12:42:03","date_gmt":"2022-03-17T12:42:03","guid":{"rendered":"https:\/\/curiosidadesedicas.com\/loja\/?post_type=product&#038;p=25165"},"modified":"2025-03-13T09:51:57","modified_gmt":"2025-03-13T09:51:57","slug":"mini-climatizador-humidificador-por-ultrassons-c-led-koolizer","status":"publish","type":"product","link":"https:\/\/curiosidadesedicas.com\/loja\/en\/product\/mini-climatizador-humidificador-por-ultrassons-c-led-koolizer\/","title":{"rendered":"MINI VENTILADOR HUMIDIFICADOR POR ULTRASSONS C\/ LED KOOLIZER"},"content":{"rendered":"<p>Um mini climatizador humidificador por ultrassons com LED que cria um ambiente mais fresco e agrad\u00e1vel gra\u00e7as ao seu moderno e vers\u00e1til design multifun\u00e7\u00f5es. A rede frontal \u00e9 regul\u00e1vel para direcionar o fluxo de ar para cima ou para baixo. \u00c9 silencioso e n\u00e3o incomoda gra\u00e7as \u00e0 tecnologia de ultrassons. O dep\u00f3sito tem uma capacidade de 200 ml e deve ser enchido com \u00e1gua mineral, ainda que tamb\u00e9m possam ser acrescentadas algumas gotas de \u00f3leos essenciais aromatizantes ou gelo picado para oferecer uma maior sensa\u00e7\u00e3o de limpeza e frescura, potenciando um efeito frio e perfumado como um difusor de aromas. Tem luz LED multicor (utiliza\u00e7\u00e3o opcional) e permite selecionar entre tr\u00eas velocidades (baixa, m\u00e9dia e alta). As fun\u00e7\u00f5es de ventilador e humidificador s\u00e3o independentes e podem ser ativadas em separado ou em conjunto, conforme pretenda. Este mini climatizador compacto, leve e port\u00e1til \u00e9 muito pr\u00e1tico e f\u00e1cil de utilizar e de levar para onde seja necess\u00e1rio. O cabo com ficha USB permite lig\u00e1-la a qualquer porta USB, como um computador port\u00e1til, powerbank, etc. ou \u00e0 rede el\u00e9trica atrav\u00e9s de um adaptador (n\u00e3o inclu\u00eddo).<\/p>\n<p><img decoding=\"async\" src=\"https:\/\/curiosidadesedicas.com\/loja\/wp-content\/uploads\/2022\/03\/mini-climatizador-humidificador-por-ultrassons-com-led-koolizer-innovagoods_328324-3.jpg\" \/><\/p>","protected":false},"excerpt":{"rendered":"<ul>\n<li>Material: ABS<\/li>\n<li>Cor:\n<ul>\n<li>Branco<\/li>\n<li>Cinzento<\/li>\n<\/ul>\n<\/li>\n<li>Design moderno e elegante: Inovador e funcional<\/li>\n<li>Tipo:\n<ul>\n<li>El\u00e9trico<\/li>\n<li>Silencioso<\/li>\n<li>Compacto<\/li>\n<li>Multifun\u00e7\u00e3o<\/li>\n<\/ul>\n<\/li>\n<li>Humidificador: Tecnologia de ultrassons<\/li>\n<li>Rede frontal regul\u00e1vel: Fluxo de ar direcion\u00e1vel<\/li>\n<li>Capacidade: 200 ml<\/li>\n<li>3 velocidades: Velocidade regul\u00e1vel<\/li>\n<li>Leve LED: Multicor<\/li>\n<li>Difusor de aromas: Utiliza\u00e7\u00e3o com \u00e1gua, aromas, ess\u00eancias&#8230; (n\u00e3o inclu\u00eddos)<\/li>\n<li>Original e port\u00e1til: Utiliza\u00e7\u00e3o c\u00f3moda e simples<\/li>\n<li>Leve e male\u00e1vel: F\u00e1cil de transportar e de guardar<\/li>\n<li>Pulveriza\u00e7\u00e3o: 28 ml\/h (\u00b115 %)<\/li>\n<li>N\u00edvel de ru\u00eddo: 45 dB<\/li>\n<li>Comprimento do cabo: 100 cm<\/li>\n<li>Tipo de tomada: USB<\/li>\n<li>Pot\u00eancia: 4,5 W<\/li>\n<li>DC In: 5 V \/ 2 A<\/li>\n<li>Medidas aprox.: 13,5 x 18 x 9 cm<\/li>\n<\/ul>","protected":false},"featured_media":25178,"comment_status":"open","ping_status":"closed","template":"","meta":{"_glsr_average":0,"_glsr_ranking":0,"_glsr_reviews":0},"product_brand":[],"product_cat":[381,382,474,365,484,369],"product_tag":[],"class_list":{"0":"post-25165","1":"product","2":"type-product","3":"status-publish","4":"has-post-thumbnail","6":"product_cat-ambientadores","7":"product_cat-humidificadores","8":"product_cat-ventilacao","9":"product_cat-para-o-lar","10":"product_cat-evaporativos","11":"product_cat-ventoinhas","13":"first","14":"instock","15":"taxable","16":"shipping-taxable","17":"purchasable","18":"product-type-simple"},"yoast_head":"<!-- This site is optimized with the Yoast SEO plugin v26.8 - https:\/\/yoast.com\/product\/yoast-seo-wordpress\/ -->\n<title>MINI VENTILADOR HUMIDIFICADOR POR ULTRASSONS C\/ LED KOOLIZER - Curiosidades &amp; Dicas, Lda<\/title>\n<meta name=\"robots\" content=\"index, follow, max-snippet:-1, max-image-preview:large, max-video-preview:-1\" \/>\n<link rel=\"canonical\" href=\"https:\/\/curiosidadesedicas.com\/loja\/en\/product\/mini-climatizador-humidificador-por-ultrassons-c-led-koolizer\/\" \/>\n<meta property=\"og:locale\" content=\"en_US\" \/>\n<meta property=\"og:type\" content=\"article\" \/>\n<meta property=\"og:title\" content=\"MINI VENTILADOR HUMIDIFICADOR POR ULTRASSONS C\/ LED KOOLIZER - Curiosidades &amp; Dicas, Lda\" \/>\n<meta property=\"og:description\" content=\"Material: ABS  Cor:   Branco  Cinzento    Design moderno e elegante: Inovador e funcional  Tipo:   El\u00e9trico  Silencioso  Compacto  Multifun\u00e7\u00e3o    Humidificador: Tecnologia de ultrassons  Rede frontal regul\u00e1vel: Fluxo de ar direcion\u00e1vel  Capacidade: 200 ml  3 velocidades: Velocidade regul\u00e1vel  Leve LED: Multicor  Difusor de aromas: Utiliza\u00e7\u00e3o com \u00e1gua, aromas, ess\u00eancias... (n\u00e3o inclu\u00eddos)  Original e port\u00e1til: Utiliza\u00e7\u00e3o c\u00f3moda e simples  Leve e male\u00e1vel: F\u00e1cil de transportar e de guardar  Pulveriza\u00e7\u00e3o: 28 ml\/h (\u00b115 %)  N\u00edvel de ru\u00eddo: 45 dB  Comprimento do cabo: 100 cm  Tipo de tomada: USB  Pot\u00eancia: 4,5 W  DC In: 5 V \/ 2 A  Medidas aprox.: 13,5 x 18 x 9 cm\" \/>\n<meta property=\"og:url\" content=\"https:\/\/curiosidadesedicas.com\/loja\/en\/product\/mini-climatizador-humidificador-por-ultrassons-c-led-koolizer\/\" \/>\n<meta property=\"og:site_name\" content=\"Curiosidades &amp; Dicas, Lda\" \/>\n<meta property=\"article:modified_time\" content=\"2025-03-13T09:51:57+00:00\" \/>\n<meta property=\"og:image\" content=\"https:\/\/curiosidadesedicas.com\/loja\/wp-content\/uploads\/2022\/03\/mini-climatizador-humidificador-por-ultrassons-com-led-koolizer-innovagoods_328324.jpg\" \/>\n\t<meta property=\"og:image:width\" content=\"600\" \/>\n\t<meta property=\"og:image:height\" content=\"600\" \/>\n\t<meta property=\"og:image:type\" content=\"image\/jpeg\" \/>\n<meta name=\"twitter:card\" content=\"summary_large_image\" \/>\n<meta name=\"twitter:label1\" content=\"Est. reading time\" \/>\n\t<meta name=\"twitter:data1\" content=\"2 minutes\" \/>\n<script type=\"application\/ld+json\" class=\"yoast-schema-graph\">{\"@context\":\"https:\/\/schema.org\",\"@graph\":[{\"@type\":\"WebPage\",\"@id\":\"https:\/\/curiosidadesedicas.com\/loja\/produto\/mini-climatizador-humidificador-por-ultrassons-c-led-koolizer\/\",\"url\":\"https:\/\/curiosidadesedicas.com\/loja\/produto\/mini-climatizador-humidificador-por-ultrassons-c-led-koolizer\/\",\"name\":\"MINI VENTILADOR HUMIDIFICADOR POR ULTRASSONS C\/ LED KOOLIZER - Curiosidades &amp; Dicas, Lda\",\"isPartOf\":{\"@id\":\"https:\/\/curiosidadesedicas.com\/loja\/#website\"},\"primaryImageOfPage\":{\"@id\":\"https:\/\/curiosidadesedicas.com\/loja\/produto\/mini-climatizador-humidificador-por-ultrassons-c-led-koolizer\/#primaryimage\"},\"image\":{\"@id\":\"https:\/\/curiosidadesedicas.com\/loja\/produto\/mini-climatizador-humidificador-por-ultrassons-c-led-koolizer\/#primaryimage\"},\"thumbnailUrl\":\"https:\/\/curiosidadesedicas.com\/loja\/wp-content\/uploads\/2022\/03\/mini-climatizador-humidificador-por-ultrassons-com-led-koolizer-innovagoods_328324.jpg\",\"datePublished\":\"2022-03-17T12:42:03+00:00\",\"dateModified\":\"2025-03-13T09:51:57+00:00\",\"breadcrumb\":{\"@id\":\"https:\/\/curiosidadesedicas.com\/loja\/produto\/mini-climatizador-humidificador-por-ultrassons-c-led-koolizer\/#breadcrumb\"},\"inLanguage\":\"en-US\",\"potentialAction\":[{\"@type\":\"ReadAction\",\"target\":[\"https:\/\/curiosidadesedicas.com\/loja\/produto\/mini-climatizador-humidificador-por-ultrassons-c-led-koolizer\/\"]}]},{\"@type\":\"ImageObject\",\"inLanguage\":\"en-US\",\"@id\":\"https:\/\/curiosidadesedicas.com\/loja\/produto\/mini-climatizador-humidificador-por-ultrassons-c-led-koolizer\/#primaryimage\",\"url\":\"https:\/\/curiosidadesedicas.com\/loja\/wp-content\/uploads\/2022\/03\/mini-climatizador-humidificador-por-ultrassons-com-led-koolizer-innovagoods_328324.jpg\",\"contentUrl\":\"https:\/\/curiosidadesedicas.com\/loja\/wp-content\/uploads\/2022\/03\/mini-climatizador-humidificador-por-ultrassons-com-led-koolizer-innovagoods_328324.jpg\",\"width\":600,\"height\":600},{\"@type\":\"BreadcrumbList\",\"@id\":\"https:\/\/curiosidadesedicas.com\/loja\/produto\/mini-climatizador-humidificador-por-ultrassons-c-led-koolizer\/#breadcrumb\",\"itemListElement\":[{\"@type\":\"ListItem\",\"position\":1,\"name\":\"In\u00edcio\",\"item\":\"https:\/\/curiosidadesedicas.com\/loja\/\"},{\"@type\":\"ListItem\",\"position\":2,\"name\":\"Produtos\",\"item\":\"https:\/\/curiosidadesedicas.com\/loja\/produtos\/\"},{\"@type\":\"ListItem\",\"position\":3,\"name\":\"MINI VENTILADOR HUMIDIFICADOR POR ULTRASSONS C\/ LED KOOLIZER\"}]},{\"@type\":\"WebSite\",\"@id\":\"https:\/\/curiosidadesedicas.com\/loja\/#website\",\"url\":\"https:\/\/curiosidadesedicas.com\/loja\/\",\"name\":\"Curiosidades &amp; Dicas, Lda\",\"description\":\"Apaixonados Por Inova\u00e7\u00e3o\",\"publisher\":{\"@id\":\"https:\/\/curiosidadesedicas.com\/loja\/#organization\"},\"potentialAction\":[{\"@type\":\"SearchAction\",\"target\":{\"@type\":\"EntryPoint\",\"urlTemplate\":\"https:\/\/curiosidadesedicas.com\/loja\/?s={search_term_string}\"},\"query-input\":{\"@type\":\"PropertyValueSpecification\",\"valueRequired\":true,\"valueName\":\"search_term_string\"}}],\"inLanguage\":\"en-US\"},{\"@type\":\"Organization\",\"@id\":\"https:\/\/curiosidadesedicas.com\/loja\/#organization\",\"name\":\"Curiosidades & Dicas\",\"url\":\"https:\/\/curiosidadesedicas.com\/loja\/\",\"logo\":{\"@type\":\"ImageObject\",\"inLanguage\":\"en-US\",\"@id\":\"https:\/\/curiosidadesedicas.com\/loja\/#\/schema\/logo\/image\/\",\"url\":\"https:\/\/curiosidadesedicas.com\/loja\/wp-content\/uploads\/2020\/05\/LogoCuriosidadesSimples.png\",\"contentUrl\":\"https:\/\/curiosidadesedicas.com\/loja\/wp-content\/uploads\/2020\/05\/LogoCuriosidadesSimples.png\",\"width\":3528,\"height\":804,\"caption\":\"Curiosidades & Dicas\"},\"image\":{\"@id\":\"https:\/\/curiosidadesedicas.com\/loja\/#\/schema\/logo\/image\/\"}}]}<\/script>\n<!-- \/ Yoast SEO plugin. -->","yoast_head_json":{"title":"MINI VENTILADOR HUMIDIFICADOR POR ULTRASSONS C\/ LED KOOLIZER - Curiosidades &amp; Dicas, Lda","robots":{"index":"index","follow":"follow","max-snippet":"max-snippet:-1","max-image-preview":"max-image-preview:large","max-video-preview":"max-video-preview:-1"},"canonical":"https:\/\/curiosidadesedicas.com\/loja\/en\/product\/mini-climatizador-humidificador-por-ultrassons-c-led-koolizer\/","og_locale":"en_US","og_type":"article","og_title":"MINI VENTILADOR HUMIDIFICADOR POR ULTRASSONS C\/ LED KOOLIZER - Curiosidades &amp; Dicas, Lda","og_description":"Material: ABS  Cor:   Branco  Cinzento    Design moderno e elegante: Inovador e funcional  Tipo:   El\u00e9trico  Silencioso  Compacto  Multifun\u00e7\u00e3o    Humidificador: Tecnologia de ultrassons  Rede frontal regul\u00e1vel: Fluxo de ar direcion\u00e1vel  Capacidade: 200 ml  3 velocidades: Velocidade regul\u00e1vel  Leve LED: Multicor  Difusor de aromas: Utiliza\u00e7\u00e3o com \u00e1gua, aromas, ess\u00eancias... (n\u00e3o inclu\u00eddos)  Original e port\u00e1til: Utiliza\u00e7\u00e3o c\u00f3moda e simples  Leve e male\u00e1vel: F\u00e1cil de transportar e de guardar  Pulveriza\u00e7\u00e3o: 28 ml\/h (\u00b115 %)  N\u00edvel de ru\u00eddo: 45 dB  Comprimento do cabo: 100 cm  Tipo de tomada: USB  Pot\u00eancia: 4,5 W  DC In: 5 V \/ 2 A  Medidas aprox.: 13,5 x 18 x 9 cm","og_url":"https:\/\/curiosidadesedicas.com\/loja\/en\/product\/mini-climatizador-humidificador-por-ultrassons-c-led-koolizer\/","og_site_name":"Curiosidades &amp; Dicas, Lda","article_modified_time":"2025-03-13T09:51:57+00:00","og_image":[{"width":600,"height":600,"url":"https:\/\/curiosidadesedicas.com\/loja\/wp-content\/uploads\/2022\/03\/mini-climatizador-humidificador-por-ultrassons-com-led-koolizer-innovagoods_328324.jpg","type":"image\/jpeg"}],"twitter_card":"summary_large_image","twitter_misc":{"Est. reading time":"2 minutes"},"schema":{"@context":"https:\/\/schema.org","@graph":[{"@type":"WebPage","@id":"https:\/\/curiosidadesedicas.com\/loja\/produto\/mini-climatizador-humidificador-por-ultrassons-c-led-koolizer\/","url":"https:\/\/curiosidadesedicas.com\/loja\/produto\/mini-climatizador-humidificador-por-ultrassons-c-led-koolizer\/","name":"MINI VENTILADOR HUMIDIFICADOR POR ULTRASSONS C\/ LED KOOLIZER - Curiosidades &amp; Dicas, Lda","isPartOf":{"@id":"https:\/\/curiosidadesedicas.com\/loja\/#website"},"primaryImageOfPage":{"@id":"https:\/\/curiosidadesedicas.com\/loja\/produto\/mini-climatizador-humidificador-por-ultrassons-c-led-koolizer\/#primaryimage"},"image":{"@id":"https:\/\/curiosidadesedicas.com\/loja\/produto\/mini-climatizador-humidificador-por-ultrassons-c-led-koolizer\/#primaryimage"},"thumbnailUrl":"https:\/\/curiosidadesedicas.com\/loja\/wp-content\/uploads\/2022\/03\/mini-climatizador-humidificador-por-ultrassons-com-led-koolizer-innovagoods_328324.jpg","datePublished":"2022-03-17T12:42:03+00:00","dateModified":"2025-03-13T09:51:57+00:00","breadcrumb":{"@id":"https:\/\/curiosidadesedicas.com\/loja\/produto\/mini-climatizador-humidificador-por-ultrassons-c-led-koolizer\/#breadcrumb"},"inLanguage":"en-US","potentialAction":[{"@type":"ReadAction","target":["https:\/\/curiosidadesedicas.com\/loja\/produto\/mini-climatizador-humidificador-por-ultrassons-c-led-koolizer\/"]}]},{"@type":"ImageObject","inLanguage":"en-US","@id":"https:\/\/curiosidadesedicas.com\/loja\/produto\/mini-climatizador-humidificador-por-ultrassons-c-led-koolizer\/#primaryimage","url":"https:\/\/curiosidadesedicas.com\/loja\/wp-content\/uploads\/2022\/03\/mini-climatizador-humidificador-por-ultrassons-com-led-koolizer-innovagoods_328324.jpg","contentUrl":"https:\/\/curiosidadesedicas.com\/loja\/wp-content\/uploads\/2022\/03\/mini-climatizador-humidificador-por-ultrassons-com-led-koolizer-innovagoods_328324.jpg","width":600,"height":600},{"@type":"BreadcrumbList","@id":"https:\/\/curiosidadesedicas.com\/loja\/produto\/mini-climatizador-humidificador-por-ultrassons-c-led-koolizer\/#breadcrumb","itemListElement":[{"@type":"ListItem","position":1,"name":"In\u00edcio","item":"https:\/\/curiosidadesedicas.com\/loja\/"},{"@type":"ListItem","position":2,"name":"Produtos","item":"https:\/\/curiosidadesedicas.com\/loja\/produtos\/"},{"@type":"ListItem","position":3,"name":"MINI VENTILADOR HUMIDIFICADOR POR ULTRASSONS C\/ LED KOOLIZER"}]},{"@type":"WebSite","@id":"https:\/\/curiosidadesedicas.com\/loja\/#website","url":"https:\/\/curiosidadesedicas.com\/loja\/","name":"Curiosidades &amp; Dicas, Lda","description":"Apaixonados Por Inova\u00e7\u00e3o","publisher":{"@id":"https:\/\/curiosidadesedicas.com\/loja\/#organization"},"potentialAction":[{"@type":"SearchAction","target":{"@type":"EntryPoint","urlTemplate":"https:\/\/curiosidadesedicas.com\/loja\/?s={search_term_string}"},"query-input":{"@type":"PropertyValueSpecification","valueRequired":true,"valueName":"search_term_string"}}],"inLanguage":"en-US"},{"@type":"Organization","@id":"https:\/\/curiosidadesedicas.com\/loja\/#organization","name":"Curiosidades & Dicas","url":"https:\/\/curiosidadesedicas.com\/loja\/","logo":{"@type":"ImageObject","inLanguage":"en-US","@id":"https:\/\/curiosidadesedicas.com\/loja\/#\/schema\/logo\/image\/","url":"https:\/\/curiosidadesedicas.com\/loja\/wp-content\/uploads\/2020\/05\/LogoCuriosidadesSimples.png","contentUrl":"https:\/\/curiosidadesedicas.com\/loja\/wp-content\/uploads\/2020\/05\/LogoCuriosidadesSimples.png","width":3528,"height":804,"caption":"Curiosidades & Dicas"},"image":{"@id":"https:\/\/curiosidadesedicas.com\/loja\/#\/schema\/logo\/image\/"}}]}},"_links":{"self":[{"href":"https:\/\/curiosidadesedicas.com\/loja\/en\/wp-json\/wp\/v2\/product\/25165","targetHints":{"allow":["GET"]}}],"collection":[{"href":"https:\/\/curiosidadesedicas.com\/loja\/en\/wp-json\/wp\/v2\/product"}],"about":[{"href":"https:\/\/curiosidadesedicas.com\/loja\/en\/wp-json\/wp\/v2\/types\/product"}],"replies":[{"embeddable":true,"href":"https:\/\/curiosidadesedicas.com\/loja\/en\/wp-json\/wp\/v2\/comments?post=25165"}],"wp:featuredmedia":[{"embeddable":true,"href":"https:\/\/curiosidadesedicas.com\/loja\/en\/wp-json\/wp\/v2\/media\/25178"}],"wp:attachment":[{"href":"https:\/\/curiosidadesedicas.com\/loja\/en\/wp-json\/wp\/v2\/media?parent=25165"}],"wp:term":[{"taxonomy":"product_brand","embeddable":true,"href":"https:\/\/curiosidadesedicas.com\/loja\/en\/wp-json\/wp\/v2\/product_brand?post=25165"},{"taxonomy":"product_cat","embeddable":true,"href":"https:\/\/curiosidadesedicas.com\/loja\/en\/wp-json\/wp\/v2\/product_cat?post=25165"},{"taxonomy":"product_tag","embeddable":true,"href":"https:\/\/curiosidadesedicas.com\/loja\/en\/wp-json\/wp\/v2\/product_tag?post=25165"}],"curies":[{"name":"wp","href":"https:\/\/api.w.org\/{rel}","templated":true}]}}