{"id":25093,"date":"2022-03-16T13:58:14","date_gmt":"2022-03-16T13:58:14","guid":{"rendered":"https:\/\/curiosidadesedicas.com\/loja\/?post_type=product&#038;p=25093"},"modified":"2022-11-09T13:08:40","modified_gmt":"2022-11-09T13:08:40","slug":"tabuleiros-p-alimentos-reutilizaveis-pack-de-2","status":"publish","type":"product","link":"https:\/\/curiosidadesedicas.com\/loja\/en\/product\/tabuleiros-p-alimentos-reutilizaveis-pack-de-2\/","title":{"rendered":"TABULEIROS P\/ ALIMENTOS REUTILIZ\u00c1VEIS (PACK DE 2)"},"content":{"rendered":"<p>Um conjunto de 2 tabuleiros para a conserva\u00e7\u00e3o de alimentos, que os selam facilmente, mantendo-os frescos por mais tempo. Tamb\u00e9m pode ser utilizado para servir ou transportar alimentos com maior seguran\u00e7a e higiene em passeios, acampamentos, etc). Gra\u00e7as ao design empilh\u00e1vel, os tabuleiros ocupam pouco espa\u00e7o e ajudam a manter a ordem no frigor\u00edfico. Por serem reutiliz\u00e1veis e lav\u00e1veis, substituem pel\u00edcula aderente, sacos de pl\u00e1stico, folha de alum\u00ednio ou outras op\u00e7\u00f5es de uma s\u00f3 utiliza\u00e7\u00e3o, que tanto prejudicam o ambiente. Ideais para carnes, peixes, carnes frias, legumes, etc.<\/p>\n<p><img decoding=\"async\" src=\"https:\/\/curiosidadesedicas.com\/loja\/wp-content\/uploads\/2022\/03\/tabuleiros-para-alimentos-reutilizaveis-pack-de-2_119431-3.jpg\" \/><\/p>\n<p>&nbsp;<\/p>","protected":false},"excerpt":{"rendered":"<ul>\n<li>Material: PP<\/li>\n<li>Livre de BPA<\/li>\n<li>Design inovador e funcional: Empilh\u00e1vel<\/li>\n<li>Inclui: 2 uds<\/li>\n<li>Tipo:\n<ul>\n<li>Reutiliz\u00e1vel<\/li>\n<li>Ecol\u00f3gico<\/li>\n<\/ul>\n<\/li>\n<li>Embalado a v\u00e1cuo e veda\u00e7\u00e3o herm\u00e9tica<\/li>\n<li>Prolonga a conserva\u00e7\u00e3o dos alimentos<\/li>\n<li>M\u00e1ximo aproveitamento do espa\u00e7o<\/li>\n<li>Evita maus odores<\/li>\n<li>Utiliza\u00e7\u00e3o principal: conserva\u00e7\u00e3o de alimentos<\/li>\n<li>Utiliza\u00e7\u00e3o secund\u00e1ria: transporte de alimentos<\/li>\n<li>Aptos para carnes, peixes, carnes frias, vegetais, etc.<\/li>\n<li>Utiliza\u00e7\u00e3o c\u00f3moda e simples<\/li>\n<li>Leve e male\u00e1vel<\/li>\n<li>F\u00e1cil de transportar e de guardar<\/li>\n<li>Adequado para micro-ondas, frigor\u00edfico, congelador e m\u00e1quina de lavar lou\u00e7a<\/li>\n<li>Medidas aprox.: 30 x 22 cm<\/li>\n<\/ul>\n<p><img decoding=\"async\" src=\"https:\/\/curiosidadesedicas.com\/loja\/wp-content\/uploads\/2022\/03\/tabuleiros-para-alimentos-reutilizaveis-pack-de-2_119431-5.jpg\" \/><\/p>","protected":false},"featured_media":25102,"comment_status":"open","ping_status":"closed","template":"","meta":{"_glsr_average":0,"_glsr_ranking":0,"_glsr_reviews":0},"product_brand":[],"product_cat":[393,365,366],"product_tag":[],"class_list":{"0":"post-25093","1":"product","2":"type-product","3":"status-publish","4":"has-post-thumbnail","6":"product_cat-ecologicos","7":"product_cat-para-o-lar","8":"product_cat-cozinha","10":"first","11":"instock","12":"taxable","13":"shipping-taxable","14":"purchasable","15":"product-type-simple"},"yoast_head":"<!-- This site is optimized with the Yoast SEO plugin v26.8 - https:\/\/yoast.com\/product\/yoast-seo-wordpress\/ -->\n<title>TABULEIROS P\/ ALIMENTOS REUTILIZ\u00c1VEIS (PACK DE 2) - Curiosidades &amp; Dicas, Lda<\/title>\n<meta name=\"robots\" content=\"index, follow, max-snippet:-1, max-image-preview:large, max-video-preview:-1\" \/>\n<link rel=\"canonical\" href=\"https:\/\/curiosidadesedicas.com\/loja\/en\/product\/tabuleiros-p-alimentos-reutilizaveis-pack-de-2\/\" \/>\n<meta property=\"og:locale\" content=\"en_US\" \/>\n<meta property=\"og:type\" content=\"article\" \/>\n<meta property=\"og:title\" content=\"TABULEIROS P\/ ALIMENTOS REUTILIZ\u00c1VEIS (PACK DE 2) - Curiosidades &amp; Dicas, Lda\" \/>\n<meta property=\"og:description\" content=\"Material: PP  Livre de BPA  Design inovador e funcional: Empilh\u00e1vel  Inclui: 2 uds  Tipo:   Reutiliz\u00e1vel  Ecol\u00f3gico    Embalado a v\u00e1cuo e veda\u00e7\u00e3o herm\u00e9tica  Prolonga a conserva\u00e7\u00e3o dos alimentos  M\u00e1ximo aproveitamento do espa\u00e7o  Evita maus odores  Utiliza\u00e7\u00e3o principal: conserva\u00e7\u00e3o de alimentos  Utiliza\u00e7\u00e3o secund\u00e1ria: transporte de alimentos  Aptos para carnes, peixes, carnes frias, vegetais, etc.  Utiliza\u00e7\u00e3o c\u00f3moda e simples  Leve e male\u00e1vel  F\u00e1cil de transportar e de guardar  Adequado para micro-ondas, frigor\u00edfico, congelador e m\u00e1quina de lavar lou\u00e7a  Medidas aprox.: 30 x 22 cm\" \/>\n<meta property=\"og:url\" content=\"https:\/\/curiosidadesedicas.com\/loja\/en\/product\/tabuleiros-p-alimentos-reutilizaveis-pack-de-2\/\" \/>\n<meta property=\"og:site_name\" content=\"Curiosidades &amp; Dicas, Lda\" \/>\n<meta property=\"article:modified_time\" content=\"2022-11-09T13:08:40+00:00\" \/>\n<meta property=\"og:image\" content=\"https:\/\/curiosidadesedicas.com\/loja\/wp-content\/uploads\/2022\/03\/tabuleiros-para-alimentos-reutilizaveis-pack-de-2_119431.jpg\" \/>\n\t<meta property=\"og:image:width\" content=\"600\" \/>\n\t<meta property=\"og:image:height\" content=\"600\" \/>\n\t<meta property=\"og:image:type\" content=\"image\/jpeg\" \/>\n<meta name=\"twitter:card\" content=\"summary_large_image\" \/>\n<meta name=\"twitter:label1\" content=\"Est. reading time\" \/>\n\t<meta name=\"twitter:data1\" content=\"1 minute\" \/>\n<script type=\"application\/ld+json\" class=\"yoast-schema-graph\">{\"@context\":\"https:\/\/schema.org\",\"@graph\":[{\"@type\":\"WebPage\",\"@id\":\"https:\/\/curiosidadesedicas.com\/loja\/produto\/tabuleiros-p-alimentos-reutilizaveis-pack-de-2\/\",\"url\":\"https:\/\/curiosidadesedicas.com\/loja\/produto\/tabuleiros-p-alimentos-reutilizaveis-pack-de-2\/\",\"name\":\"TABULEIROS P\/ ALIMENTOS REUTILIZ\u00c1VEIS (PACK DE 2) - Curiosidades &amp; Dicas, Lda\",\"isPartOf\":{\"@id\":\"https:\/\/curiosidadesedicas.com\/loja\/#website\"},\"primaryImageOfPage\":{\"@id\":\"https:\/\/curiosidadesedicas.com\/loja\/produto\/tabuleiros-p-alimentos-reutilizaveis-pack-de-2\/#primaryimage\"},\"image\":{\"@id\":\"https:\/\/curiosidadesedicas.com\/loja\/produto\/tabuleiros-p-alimentos-reutilizaveis-pack-de-2\/#primaryimage\"},\"thumbnailUrl\":\"https:\/\/curiosidadesedicas.com\/loja\/wp-content\/uploads\/2022\/03\/tabuleiros-para-alimentos-reutilizaveis-pack-de-2_119431.jpg\",\"datePublished\":\"2022-03-16T13:58:14+00:00\",\"dateModified\":\"2022-11-09T13:08:40+00:00\",\"breadcrumb\":{\"@id\":\"https:\/\/curiosidadesedicas.com\/loja\/produto\/tabuleiros-p-alimentos-reutilizaveis-pack-de-2\/#breadcrumb\"},\"inLanguage\":\"en-US\",\"potentialAction\":[{\"@type\":\"ReadAction\",\"target\":[\"https:\/\/curiosidadesedicas.com\/loja\/produto\/tabuleiros-p-alimentos-reutilizaveis-pack-de-2\/\"]}]},{\"@type\":\"ImageObject\",\"inLanguage\":\"en-US\",\"@id\":\"https:\/\/curiosidadesedicas.com\/loja\/produto\/tabuleiros-p-alimentos-reutilizaveis-pack-de-2\/#primaryimage\",\"url\":\"https:\/\/curiosidadesedicas.com\/loja\/wp-content\/uploads\/2022\/03\/tabuleiros-para-alimentos-reutilizaveis-pack-de-2_119431.jpg\",\"contentUrl\":\"https:\/\/curiosidadesedicas.com\/loja\/wp-content\/uploads\/2022\/03\/tabuleiros-para-alimentos-reutilizaveis-pack-de-2_119431.jpg\",\"width\":600,\"height\":600},{\"@type\":\"BreadcrumbList\",\"@id\":\"https:\/\/curiosidadesedicas.com\/loja\/produto\/tabuleiros-p-alimentos-reutilizaveis-pack-de-2\/#breadcrumb\",\"itemListElement\":[{\"@type\":\"ListItem\",\"position\":1,\"name\":\"In\u00edcio\",\"item\":\"https:\/\/curiosidadesedicas.com\/loja\/\"},{\"@type\":\"ListItem\",\"position\":2,\"name\":\"Produtos\",\"item\":\"https:\/\/curiosidadesedicas.com\/loja\/produtos\/\"},{\"@type\":\"ListItem\",\"position\":3,\"name\":\"TABULEIROS P\/ ALIMENTOS REUTILIZ\u00c1VEIS (PACK DE 2)\"}]},{\"@type\":\"WebSite\",\"@id\":\"https:\/\/curiosidadesedicas.com\/loja\/#website\",\"url\":\"https:\/\/curiosidadesedicas.com\/loja\/\",\"name\":\"Curiosidades &amp; Dicas, Lda\",\"description\":\"Apaixonados Por Inova\u00e7\u00e3o\",\"publisher\":{\"@id\":\"https:\/\/curiosidadesedicas.com\/loja\/#organization\"},\"potentialAction\":[{\"@type\":\"SearchAction\",\"target\":{\"@type\":\"EntryPoint\",\"urlTemplate\":\"https:\/\/curiosidadesedicas.com\/loja\/?s={search_term_string}\"},\"query-input\":{\"@type\":\"PropertyValueSpecification\",\"valueRequired\":true,\"valueName\":\"search_term_string\"}}],\"inLanguage\":\"en-US\"},{\"@type\":\"Organization\",\"@id\":\"https:\/\/curiosidadesedicas.com\/loja\/#organization\",\"name\":\"Curiosidades & Dicas\",\"url\":\"https:\/\/curiosidadesedicas.com\/loja\/\",\"logo\":{\"@type\":\"ImageObject\",\"inLanguage\":\"en-US\",\"@id\":\"https:\/\/curiosidadesedicas.com\/loja\/#\/schema\/logo\/image\/\",\"url\":\"https:\/\/curiosidadesedicas.com\/loja\/wp-content\/uploads\/2020\/05\/LogoCuriosidadesSimples.png\",\"contentUrl\":\"https:\/\/curiosidadesedicas.com\/loja\/wp-content\/uploads\/2020\/05\/LogoCuriosidadesSimples.png\",\"width\":3528,\"height\":804,\"caption\":\"Curiosidades & Dicas\"},\"image\":{\"@id\":\"https:\/\/curiosidadesedicas.com\/loja\/#\/schema\/logo\/image\/\"}}]}<\/script>\n<!-- \/ Yoast SEO plugin. -->","yoast_head_json":{"title":"TABULEIROS P\/ ALIMENTOS REUTILIZ\u00c1VEIS (PACK DE 2) - Curiosidades &amp; Dicas, Lda","robots":{"index":"index","follow":"follow","max-snippet":"max-snippet:-1","max-image-preview":"max-image-preview:large","max-video-preview":"max-video-preview:-1"},"canonical":"https:\/\/curiosidadesedicas.com\/loja\/en\/product\/tabuleiros-p-alimentos-reutilizaveis-pack-de-2\/","og_locale":"en_US","og_type":"article","og_title":"TABULEIROS P\/ ALIMENTOS REUTILIZ\u00c1VEIS (PACK DE 2) - Curiosidades &amp; Dicas, Lda","og_description":"Material: PP  Livre de BPA  Design inovador e funcional: Empilh\u00e1vel  Inclui: 2 uds  Tipo:   Reutiliz\u00e1vel  Ecol\u00f3gico    Embalado a v\u00e1cuo e veda\u00e7\u00e3o herm\u00e9tica  Prolonga a conserva\u00e7\u00e3o dos alimentos  M\u00e1ximo aproveitamento do espa\u00e7o  Evita maus odores  Utiliza\u00e7\u00e3o principal: conserva\u00e7\u00e3o de alimentos  Utiliza\u00e7\u00e3o secund\u00e1ria: transporte de alimentos  Aptos para carnes, peixes, carnes frias, vegetais, etc.  Utiliza\u00e7\u00e3o c\u00f3moda e simples  Leve e male\u00e1vel  F\u00e1cil de transportar e de guardar  Adequado para micro-ondas, frigor\u00edfico, congelador e m\u00e1quina de lavar lou\u00e7a  Medidas aprox.: 30 x 22 cm","og_url":"https:\/\/curiosidadesedicas.com\/loja\/en\/product\/tabuleiros-p-alimentos-reutilizaveis-pack-de-2\/","og_site_name":"Curiosidades &amp; Dicas, Lda","article_modified_time":"2022-11-09T13:08:40+00:00","og_image":[{"width":600,"height":600,"url":"https:\/\/curiosidadesedicas.com\/loja\/wp-content\/uploads\/2022\/03\/tabuleiros-para-alimentos-reutilizaveis-pack-de-2_119431.jpg","type":"image\/jpeg"}],"twitter_card":"summary_large_image","twitter_misc":{"Est. reading time":"1 minute"},"schema":{"@context":"https:\/\/schema.org","@graph":[{"@type":"WebPage","@id":"https:\/\/curiosidadesedicas.com\/loja\/produto\/tabuleiros-p-alimentos-reutilizaveis-pack-de-2\/","url":"https:\/\/curiosidadesedicas.com\/loja\/produto\/tabuleiros-p-alimentos-reutilizaveis-pack-de-2\/","name":"TABULEIROS P\/ ALIMENTOS REUTILIZ\u00c1VEIS (PACK DE 2) - Curiosidades &amp; Dicas, Lda","isPartOf":{"@id":"https:\/\/curiosidadesedicas.com\/loja\/#website"},"primaryImageOfPage":{"@id":"https:\/\/curiosidadesedicas.com\/loja\/produto\/tabuleiros-p-alimentos-reutilizaveis-pack-de-2\/#primaryimage"},"image":{"@id":"https:\/\/curiosidadesedicas.com\/loja\/produto\/tabuleiros-p-alimentos-reutilizaveis-pack-de-2\/#primaryimage"},"thumbnailUrl":"https:\/\/curiosidadesedicas.com\/loja\/wp-content\/uploads\/2022\/03\/tabuleiros-para-alimentos-reutilizaveis-pack-de-2_119431.jpg","datePublished":"2022-03-16T13:58:14+00:00","dateModified":"2022-11-09T13:08:40+00:00","breadcrumb":{"@id":"https:\/\/curiosidadesedicas.com\/loja\/produto\/tabuleiros-p-alimentos-reutilizaveis-pack-de-2\/#breadcrumb"},"inLanguage":"en-US","potentialAction":[{"@type":"ReadAction","target":["https:\/\/curiosidadesedicas.com\/loja\/produto\/tabuleiros-p-alimentos-reutilizaveis-pack-de-2\/"]}]},{"@type":"ImageObject","inLanguage":"en-US","@id":"https:\/\/curiosidadesedicas.com\/loja\/produto\/tabuleiros-p-alimentos-reutilizaveis-pack-de-2\/#primaryimage","url":"https:\/\/curiosidadesedicas.com\/loja\/wp-content\/uploads\/2022\/03\/tabuleiros-para-alimentos-reutilizaveis-pack-de-2_119431.jpg","contentUrl":"https:\/\/curiosidadesedicas.com\/loja\/wp-content\/uploads\/2022\/03\/tabuleiros-para-alimentos-reutilizaveis-pack-de-2_119431.jpg","width":600,"height":600},{"@type":"BreadcrumbList","@id":"https:\/\/curiosidadesedicas.com\/loja\/produto\/tabuleiros-p-alimentos-reutilizaveis-pack-de-2\/#breadcrumb","itemListElement":[{"@type":"ListItem","position":1,"name":"In\u00edcio","item":"https:\/\/curiosidadesedicas.com\/loja\/"},{"@type":"ListItem","position":2,"name":"Produtos","item":"https:\/\/curiosidadesedicas.com\/loja\/produtos\/"},{"@type":"ListItem","position":3,"name":"TABULEIROS P\/ ALIMENTOS REUTILIZ\u00c1VEIS (PACK DE 2)"}]},{"@type":"WebSite","@id":"https:\/\/curiosidadesedicas.com\/loja\/#website","url":"https:\/\/curiosidadesedicas.com\/loja\/","name":"Curiosidades &amp; Dicas, Lda","description":"Apaixonados Por Inova\u00e7\u00e3o","publisher":{"@id":"https:\/\/curiosidadesedicas.com\/loja\/#organization"},"potentialAction":[{"@type":"SearchAction","target":{"@type":"EntryPoint","urlTemplate":"https:\/\/curiosidadesedicas.com\/loja\/?s={search_term_string}"},"query-input":{"@type":"PropertyValueSpecification","valueRequired":true,"valueName":"search_term_string"}}],"inLanguage":"en-US"},{"@type":"Organization","@id":"https:\/\/curiosidadesedicas.com\/loja\/#organization","name":"Curiosidades & Dicas","url":"https:\/\/curiosidadesedicas.com\/loja\/","logo":{"@type":"ImageObject","inLanguage":"en-US","@id":"https:\/\/curiosidadesedicas.com\/loja\/#\/schema\/logo\/image\/","url":"https:\/\/curiosidadesedicas.com\/loja\/wp-content\/uploads\/2020\/05\/LogoCuriosidadesSimples.png","contentUrl":"https:\/\/curiosidadesedicas.com\/loja\/wp-content\/uploads\/2020\/05\/LogoCuriosidadesSimples.png","width":3528,"height":804,"caption":"Curiosidades & Dicas"},"image":{"@id":"https:\/\/curiosidadesedicas.com\/loja\/#\/schema\/logo\/image\/"}}]}},"_links":{"self":[{"href":"https:\/\/curiosidadesedicas.com\/loja\/en\/wp-json\/wp\/v2\/product\/25093","targetHints":{"allow":["GET"]}}],"collection":[{"href":"https:\/\/curiosidadesedicas.com\/loja\/en\/wp-json\/wp\/v2\/product"}],"about":[{"href":"https:\/\/curiosidadesedicas.com\/loja\/en\/wp-json\/wp\/v2\/types\/product"}],"replies":[{"embeddable":true,"href":"https:\/\/curiosidadesedicas.com\/loja\/en\/wp-json\/wp\/v2\/comments?post=25093"}],"wp:featuredmedia":[{"embeddable":true,"href":"https:\/\/curiosidadesedicas.com\/loja\/en\/wp-json\/wp\/v2\/media\/25102"}],"wp:attachment":[{"href":"https:\/\/curiosidadesedicas.com\/loja\/en\/wp-json\/wp\/v2\/media?parent=25093"}],"wp:term":[{"taxonomy":"product_brand","embeddable":true,"href":"https:\/\/curiosidadesedicas.com\/loja\/en\/wp-json\/wp\/v2\/product_brand?post=25093"},{"taxonomy":"product_cat","embeddable":true,"href":"https:\/\/curiosidadesedicas.com\/loja\/en\/wp-json\/wp\/v2\/product_cat?post=25093"},{"taxonomy":"product_tag","embeddable":true,"href":"https:\/\/curiosidadesedicas.com\/loja\/en\/wp-json\/wp\/v2\/product_tag?post=25093"}],"curies":[{"name":"wp","href":"https:\/\/api.w.org\/{rel}","templated":true}]}}