{"id":25084,"date":"2022-03-16T13:45:51","date_gmt":"2022-03-16T13:45:51","guid":{"rendered":"https:\/\/curiosidadesedicas.com\/loja\/?post_type=product&#038;p=25084"},"modified":"2022-03-16T13:55:15","modified_gmt":"2022-03-16T13:55:15","slug":"palhinhas-reutilizaveis-irisana-multicor-silicone-6-unidades","status":"publish","type":"product","link":"https:\/\/curiosidadesedicas.com\/loja\/en\/product\/palhinhas-reutilizaveis-irisana-multicor-silicone-6-unidades\/","title":{"rendered":"PALHINHAS REUTILIZ\u00c1VEIS IRISANA MULTICOR SILICONE 6 UNIDADES"},"content":{"rendered":"<ul>\n<li>Ideal para crian\u00e7as, que costumam mastigar canudos enquanto bebem.<\/li>\n<li>Bordas arredondadas e suaves ajudam a prevenir les\u00f5es nos l\u00e1bios e dentes.<\/li>\n<li>Feito de silicone de grau aliment\u00edcio, livre de t\u00f3xicos. 100% BPA GR\u00c1TIS.<\/li>\n<li>Adequado para bebidas quentes e frias.<\/li>\n<li>Resiste a temperaturas de -40 a 232 \u2103.<\/li>\n<li>F\u00e1cil de limpar.<\/li>\n<\/ul>\n<p>&nbsp;<\/p>\n<p>&nbsp;<\/p>","protected":false},"excerpt":{"rendered":"<ul>\n<li>Cor: Multicor<\/li>\n<li>Material: Silicone<\/li>\n<li>Caracter\u00edsticas:\n<ul>\n<li>Reutiliz\u00e1vel<\/li>\n<li>Vida \u00fatil, indefinida<\/li>\n<\/ul>\n<\/li>\n<li>Medidas aprox.: 21,5 cm<\/li>\n<li>Quantidade: 6 uds<\/li>\n<li>Reutiliz\u00e1vel. Reduz o desperd\u00edcio.<\/li>\n<li>Canudos de silicone macios e flex\u00edveis.<\/li>\n<li>Eles mant\u00eam a forma.<\/li>\n<li>Ideal para crian\u00e7as, que costumam mastigar canudos enquanto bebem.<\/li>\n<li>Bordas arredondadas e suaves ajudam a prevenir les\u00f5es nos l\u00e1bios e dentes.<\/li>\n<li>Feito de silicone de grau aliment\u00edcio, livre de t\u00f3xicos. 100% BPA GR\u00c1TIS.<\/li>\n<li>Adequado para bebidas quentes e frias.<\/li>\n<li>Resiste a temperaturas de -40 a 232 \u2103.<\/li>\n<li>F\u00e1cil de limpar.<\/li>\n<li>Inclui escova para limpar.<\/li>\n<li>Pr\u00f3prio para m\u00e1quina de lavar lou\u00e7a.<\/li>\n<li>6 canudos de cores diferentes + 1 escova de limpeza<\/li>\n<\/ul>\n<p><img decoding=\"async\" src=\"https:\/\/curiosidadesedicas.com\/loja\/wp-content\/uploads\/2022\/03\/palhinhas-reutilizaveis-irisana-multicolor-silicone-21-5-cm-6-uds_188488-3.jpg\" \/><\/p>","protected":false},"featured_media":25091,"comment_status":"open","ping_status":"closed","template":"","meta":{"_glsr_average":0,"_glsr_ranking":0,"_glsr_reviews":0},"product_brand":[],"product_cat":[393,365,366],"product_tag":[],"class_list":{"0":"post-25084","1":"product","2":"type-product","3":"status-publish","4":"has-post-thumbnail","6":"product_cat-ecologicos","7":"product_cat-para-o-lar","8":"product_cat-cozinha","10":"first","11":"instock","12":"taxable","13":"shipping-taxable","14":"purchasable","15":"product-type-simple"},"yoast_head":"<!-- This site is optimized with the Yoast SEO plugin v26.8 - https:\/\/yoast.com\/product\/yoast-seo-wordpress\/ -->\n<title>PALHINHAS REUTILIZ\u00c1VEIS IRISANA MULTICOR SILICONE 6 UNIDADES - Curiosidades &amp; Dicas, Lda<\/title>\n<meta name=\"robots\" content=\"index, follow, max-snippet:-1, max-image-preview:large, max-video-preview:-1\" \/>\n<link rel=\"canonical\" href=\"https:\/\/curiosidadesedicas.com\/loja\/en\/product\/palhinhas-reutilizaveis-irisana-multicor-silicone-6-unidades\/\" \/>\n<meta property=\"og:locale\" content=\"en_US\" \/>\n<meta property=\"og:type\" content=\"article\" \/>\n<meta property=\"og:title\" content=\"PALHINHAS REUTILIZ\u00c1VEIS IRISANA MULTICOR SILICONE 6 UNIDADES - Curiosidades &amp; Dicas, Lda\" \/>\n<meta property=\"og:description\" content=\"Cor: Multicor  Material: Silicone  Caracter\u00edsticas:   Reutiliz\u00e1vel  Vida \u00fatil, indefinida    Medidas aprox.: 21,5 cm  Quantidade: 6 uds  Reutiliz\u00e1vel. Reduz o desperd\u00edcio.  Canudos de silicone macios e flex\u00edveis.  Eles mant\u00eam a forma.  Ideal para crian\u00e7as, que costumam mastigar canudos enquanto bebem.  Bordas arredondadas e suaves ajudam a prevenir les\u00f5es nos l\u00e1bios e dentes.  Feito de silicone de grau aliment\u00edcio, livre de t\u00f3xicos. 100% BPA GR\u00c1TIS.  Adequado para bebidas quentes e frias.  Resiste a temperaturas de -40 a 232 \u2103.  F\u00e1cil de limpar.  Inclui escova para limpar.  Pr\u00f3prio para m\u00e1quina de lavar lou\u00e7a.  6 canudos de cores diferentes + 1 escova de limpeza\" \/>\n<meta property=\"og:url\" content=\"https:\/\/curiosidadesedicas.com\/loja\/en\/product\/palhinhas-reutilizaveis-irisana-multicor-silicone-6-unidades\/\" \/>\n<meta property=\"og:site_name\" content=\"Curiosidades &amp; Dicas, Lda\" \/>\n<meta property=\"article:modified_time\" content=\"2022-03-16T13:55:15+00:00\" \/>\n<meta property=\"og:image\" content=\"https:\/\/curiosidadesedicas.com\/loja\/wp-content\/uploads\/2022\/03\/palhinhas-reutilizaveis-irisana-multicolor-silicone-21-5-cm-6-uds_188488.jpg\" \/>\n\t<meta property=\"og:image:width\" content=\"600\" \/>\n\t<meta property=\"og:image:height\" content=\"600\" \/>\n\t<meta property=\"og:image:type\" content=\"image\/jpeg\" \/>\n<meta name=\"twitter:card\" content=\"summary_large_image\" \/>\n<meta name=\"twitter:label1\" content=\"Est. reading time\" \/>\n\t<meta name=\"twitter:data1\" content=\"1 minute\" \/>\n<script type=\"application\/ld+json\" class=\"yoast-schema-graph\">{\"@context\":\"https:\/\/schema.org\",\"@graph\":[{\"@type\":\"WebPage\",\"@id\":\"https:\/\/curiosidadesedicas.com\/loja\/produto\/palhinhas-reutilizaveis-irisana-multicor-silicone-6-unidades\/\",\"url\":\"https:\/\/curiosidadesedicas.com\/loja\/produto\/palhinhas-reutilizaveis-irisana-multicor-silicone-6-unidades\/\",\"name\":\"PALHINHAS REUTILIZ\u00c1VEIS IRISANA MULTICOR SILICONE 6 UNIDADES - Curiosidades &amp; Dicas, Lda\",\"isPartOf\":{\"@id\":\"https:\/\/curiosidadesedicas.com\/loja\/#website\"},\"primaryImageOfPage\":{\"@id\":\"https:\/\/curiosidadesedicas.com\/loja\/produto\/palhinhas-reutilizaveis-irisana-multicor-silicone-6-unidades\/#primaryimage\"},\"image\":{\"@id\":\"https:\/\/curiosidadesedicas.com\/loja\/produto\/palhinhas-reutilizaveis-irisana-multicor-silicone-6-unidades\/#primaryimage\"},\"thumbnailUrl\":\"https:\/\/curiosidadesedicas.com\/loja\/wp-content\/uploads\/2022\/03\/palhinhas-reutilizaveis-irisana-multicolor-silicone-21-5-cm-6-uds_188488.jpg\",\"datePublished\":\"2022-03-16T13:45:51+00:00\",\"dateModified\":\"2022-03-16T13:55:15+00:00\",\"breadcrumb\":{\"@id\":\"https:\/\/curiosidadesedicas.com\/loja\/produto\/palhinhas-reutilizaveis-irisana-multicor-silicone-6-unidades\/#breadcrumb\"},\"inLanguage\":\"en-US\",\"potentialAction\":[{\"@type\":\"ReadAction\",\"target\":[\"https:\/\/curiosidadesedicas.com\/loja\/produto\/palhinhas-reutilizaveis-irisana-multicor-silicone-6-unidades\/\"]}]},{\"@type\":\"ImageObject\",\"inLanguage\":\"en-US\",\"@id\":\"https:\/\/curiosidadesedicas.com\/loja\/produto\/palhinhas-reutilizaveis-irisana-multicor-silicone-6-unidades\/#primaryimage\",\"url\":\"https:\/\/curiosidadesedicas.com\/loja\/wp-content\/uploads\/2022\/03\/palhinhas-reutilizaveis-irisana-multicolor-silicone-21-5-cm-6-uds_188488.jpg\",\"contentUrl\":\"https:\/\/curiosidadesedicas.com\/loja\/wp-content\/uploads\/2022\/03\/palhinhas-reutilizaveis-irisana-multicolor-silicone-21-5-cm-6-uds_188488.jpg\",\"width\":600,\"height\":600},{\"@type\":\"BreadcrumbList\",\"@id\":\"https:\/\/curiosidadesedicas.com\/loja\/produto\/palhinhas-reutilizaveis-irisana-multicor-silicone-6-unidades\/#breadcrumb\",\"itemListElement\":[{\"@type\":\"ListItem\",\"position\":1,\"name\":\"In\u00edcio\",\"item\":\"https:\/\/curiosidadesedicas.com\/loja\/\"},{\"@type\":\"ListItem\",\"position\":2,\"name\":\"Produtos\",\"item\":\"https:\/\/curiosidadesedicas.com\/loja\/produtos\/\"},{\"@type\":\"ListItem\",\"position\":3,\"name\":\"PALHINHAS REUTILIZ\u00c1VEIS IRISANA MULTICOR SILICONE 6 UNIDADES\"}]},{\"@type\":\"WebSite\",\"@id\":\"https:\/\/curiosidadesedicas.com\/loja\/#website\",\"url\":\"https:\/\/curiosidadesedicas.com\/loja\/\",\"name\":\"Curiosidades &amp; Dicas, Lda\",\"description\":\"Apaixonados Por Inova\u00e7\u00e3o\",\"publisher\":{\"@id\":\"https:\/\/curiosidadesedicas.com\/loja\/#organization\"},\"potentialAction\":[{\"@type\":\"SearchAction\",\"target\":{\"@type\":\"EntryPoint\",\"urlTemplate\":\"https:\/\/curiosidadesedicas.com\/loja\/?s={search_term_string}\"},\"query-input\":{\"@type\":\"PropertyValueSpecification\",\"valueRequired\":true,\"valueName\":\"search_term_string\"}}],\"inLanguage\":\"en-US\"},{\"@type\":\"Organization\",\"@id\":\"https:\/\/curiosidadesedicas.com\/loja\/#organization\",\"name\":\"Curiosidades & Dicas\",\"url\":\"https:\/\/curiosidadesedicas.com\/loja\/\",\"logo\":{\"@type\":\"ImageObject\",\"inLanguage\":\"en-US\",\"@id\":\"https:\/\/curiosidadesedicas.com\/loja\/#\/schema\/logo\/image\/\",\"url\":\"https:\/\/curiosidadesedicas.com\/loja\/wp-content\/uploads\/2020\/05\/LogoCuriosidadesSimples.png\",\"contentUrl\":\"https:\/\/curiosidadesedicas.com\/loja\/wp-content\/uploads\/2020\/05\/LogoCuriosidadesSimples.png\",\"width\":3528,\"height\":804,\"caption\":\"Curiosidades & Dicas\"},\"image\":{\"@id\":\"https:\/\/curiosidadesedicas.com\/loja\/#\/schema\/logo\/image\/\"}}]}<\/script>\n<!-- \/ Yoast SEO plugin. -->","yoast_head_json":{"title":"PALHINHAS REUTILIZ\u00c1VEIS IRISANA MULTICOR SILICONE 6 UNIDADES - Curiosidades &amp; Dicas, Lda","robots":{"index":"index","follow":"follow","max-snippet":"max-snippet:-1","max-image-preview":"max-image-preview:large","max-video-preview":"max-video-preview:-1"},"canonical":"https:\/\/curiosidadesedicas.com\/loja\/en\/product\/palhinhas-reutilizaveis-irisana-multicor-silicone-6-unidades\/","og_locale":"en_US","og_type":"article","og_title":"PALHINHAS REUTILIZ\u00c1VEIS IRISANA MULTICOR SILICONE 6 UNIDADES - Curiosidades &amp; Dicas, Lda","og_description":"Cor: Multicor  Material: Silicone  Caracter\u00edsticas:   Reutiliz\u00e1vel  Vida \u00fatil, indefinida    Medidas aprox.: 21,5 cm  Quantidade: 6 uds  Reutiliz\u00e1vel. Reduz o desperd\u00edcio.  Canudos de silicone macios e flex\u00edveis.  Eles mant\u00eam a forma.  Ideal para crian\u00e7as, que costumam mastigar canudos enquanto bebem.  Bordas arredondadas e suaves ajudam a prevenir les\u00f5es nos l\u00e1bios e dentes.  Feito de silicone de grau aliment\u00edcio, livre de t\u00f3xicos. 100% BPA GR\u00c1TIS.  Adequado para bebidas quentes e frias.  Resiste a temperaturas de -40 a 232 \u2103.  F\u00e1cil de limpar.  Inclui escova para limpar.  Pr\u00f3prio para m\u00e1quina de lavar lou\u00e7a.  6 canudos de cores diferentes + 1 escova de limpeza","og_url":"https:\/\/curiosidadesedicas.com\/loja\/en\/product\/palhinhas-reutilizaveis-irisana-multicor-silicone-6-unidades\/","og_site_name":"Curiosidades &amp; Dicas, Lda","article_modified_time":"2022-03-16T13:55:15+00:00","og_image":[{"width":600,"height":600,"url":"https:\/\/curiosidadesedicas.com\/loja\/wp-content\/uploads\/2022\/03\/palhinhas-reutilizaveis-irisana-multicolor-silicone-21-5-cm-6-uds_188488.jpg","type":"image\/jpeg"}],"twitter_card":"summary_large_image","twitter_misc":{"Est. reading time":"1 minute"},"schema":{"@context":"https:\/\/schema.org","@graph":[{"@type":"WebPage","@id":"https:\/\/curiosidadesedicas.com\/loja\/produto\/palhinhas-reutilizaveis-irisana-multicor-silicone-6-unidades\/","url":"https:\/\/curiosidadesedicas.com\/loja\/produto\/palhinhas-reutilizaveis-irisana-multicor-silicone-6-unidades\/","name":"PALHINHAS REUTILIZ\u00c1VEIS IRISANA MULTICOR SILICONE 6 UNIDADES - Curiosidades &amp; Dicas, Lda","isPartOf":{"@id":"https:\/\/curiosidadesedicas.com\/loja\/#website"},"primaryImageOfPage":{"@id":"https:\/\/curiosidadesedicas.com\/loja\/produto\/palhinhas-reutilizaveis-irisana-multicor-silicone-6-unidades\/#primaryimage"},"image":{"@id":"https:\/\/curiosidadesedicas.com\/loja\/produto\/palhinhas-reutilizaveis-irisana-multicor-silicone-6-unidades\/#primaryimage"},"thumbnailUrl":"https:\/\/curiosidadesedicas.com\/loja\/wp-content\/uploads\/2022\/03\/palhinhas-reutilizaveis-irisana-multicolor-silicone-21-5-cm-6-uds_188488.jpg","datePublished":"2022-03-16T13:45:51+00:00","dateModified":"2022-03-16T13:55:15+00:00","breadcrumb":{"@id":"https:\/\/curiosidadesedicas.com\/loja\/produto\/palhinhas-reutilizaveis-irisana-multicor-silicone-6-unidades\/#breadcrumb"},"inLanguage":"en-US","potentialAction":[{"@type":"ReadAction","target":["https:\/\/curiosidadesedicas.com\/loja\/produto\/palhinhas-reutilizaveis-irisana-multicor-silicone-6-unidades\/"]}]},{"@type":"ImageObject","inLanguage":"en-US","@id":"https:\/\/curiosidadesedicas.com\/loja\/produto\/palhinhas-reutilizaveis-irisana-multicor-silicone-6-unidades\/#primaryimage","url":"https:\/\/curiosidadesedicas.com\/loja\/wp-content\/uploads\/2022\/03\/palhinhas-reutilizaveis-irisana-multicolor-silicone-21-5-cm-6-uds_188488.jpg","contentUrl":"https:\/\/curiosidadesedicas.com\/loja\/wp-content\/uploads\/2022\/03\/palhinhas-reutilizaveis-irisana-multicolor-silicone-21-5-cm-6-uds_188488.jpg","width":600,"height":600},{"@type":"BreadcrumbList","@id":"https:\/\/curiosidadesedicas.com\/loja\/produto\/palhinhas-reutilizaveis-irisana-multicor-silicone-6-unidades\/#breadcrumb","itemListElement":[{"@type":"ListItem","position":1,"name":"In\u00edcio","item":"https:\/\/curiosidadesedicas.com\/loja\/"},{"@type":"ListItem","position":2,"name":"Produtos","item":"https:\/\/curiosidadesedicas.com\/loja\/produtos\/"},{"@type":"ListItem","position":3,"name":"PALHINHAS REUTILIZ\u00c1VEIS IRISANA MULTICOR SILICONE 6 UNIDADES"}]},{"@type":"WebSite","@id":"https:\/\/curiosidadesedicas.com\/loja\/#website","url":"https:\/\/curiosidadesedicas.com\/loja\/","name":"Curiosidades &amp; Dicas, Lda","description":"Apaixonados Por Inova\u00e7\u00e3o","publisher":{"@id":"https:\/\/curiosidadesedicas.com\/loja\/#organization"},"potentialAction":[{"@type":"SearchAction","target":{"@type":"EntryPoint","urlTemplate":"https:\/\/curiosidadesedicas.com\/loja\/?s={search_term_string}"},"query-input":{"@type":"PropertyValueSpecification","valueRequired":true,"valueName":"search_term_string"}}],"inLanguage":"en-US"},{"@type":"Organization","@id":"https:\/\/curiosidadesedicas.com\/loja\/#organization","name":"Curiosidades & Dicas","url":"https:\/\/curiosidadesedicas.com\/loja\/","logo":{"@type":"ImageObject","inLanguage":"en-US","@id":"https:\/\/curiosidadesedicas.com\/loja\/#\/schema\/logo\/image\/","url":"https:\/\/curiosidadesedicas.com\/loja\/wp-content\/uploads\/2020\/05\/LogoCuriosidadesSimples.png","contentUrl":"https:\/\/curiosidadesedicas.com\/loja\/wp-content\/uploads\/2020\/05\/LogoCuriosidadesSimples.png","width":3528,"height":804,"caption":"Curiosidades & Dicas"},"image":{"@id":"https:\/\/curiosidadesedicas.com\/loja\/#\/schema\/logo\/image\/"}}]}},"_links":{"self":[{"href":"https:\/\/curiosidadesedicas.com\/loja\/en\/wp-json\/wp\/v2\/product\/25084","targetHints":{"allow":["GET"]}}],"collection":[{"href":"https:\/\/curiosidadesedicas.com\/loja\/en\/wp-json\/wp\/v2\/product"}],"about":[{"href":"https:\/\/curiosidadesedicas.com\/loja\/en\/wp-json\/wp\/v2\/types\/product"}],"replies":[{"embeddable":true,"href":"https:\/\/curiosidadesedicas.com\/loja\/en\/wp-json\/wp\/v2\/comments?post=25084"}],"wp:featuredmedia":[{"embeddable":true,"href":"https:\/\/curiosidadesedicas.com\/loja\/en\/wp-json\/wp\/v2\/media\/25091"}],"wp:attachment":[{"href":"https:\/\/curiosidadesedicas.com\/loja\/en\/wp-json\/wp\/v2\/media?parent=25084"}],"wp:term":[{"taxonomy":"product_brand","embeddable":true,"href":"https:\/\/curiosidadesedicas.com\/loja\/en\/wp-json\/wp\/v2\/product_brand?post=25084"},{"taxonomy":"product_cat","embeddable":true,"href":"https:\/\/curiosidadesedicas.com\/loja\/en\/wp-json\/wp\/v2\/product_cat?post=25084"},{"taxonomy":"product_tag","embeddable":true,"href":"https:\/\/curiosidadesedicas.com\/loja\/en\/wp-json\/wp\/v2\/product_tag?post=25084"}],"curies":[{"name":"wp","href":"https:\/\/api.w.org\/{rel}","templated":true}]}}