{"id":25069,"date":"2022-03-16T12:41:55","date_gmt":"2022-03-16T12:41:55","guid":{"rendered":"https:\/\/curiosidadesedicas.com\/loja\/?post_type=product&#038;p=25069"},"modified":"2025-06-25T13:55:24","modified_gmt":"2025-06-25T13:55:24","slug":"conjunto-de-sacos-reutilizaveis-p-alimentos-frescos-10-pecas","status":"publish","type":"product","link":"https:\/\/curiosidadesedicas.com\/loja\/en\/product\/conjunto-de-sacos-reutilizaveis-p-alimentos-frescos-10-pecas\/","title":{"rendered":"CONJUNTO DE SACOS REUTILIZ\u00c1VEIS P\/ ALIMENTOS FRESCOS 10 PE\u00c7AS"},"content":{"rendered":"<p>Um conjunto de 10 sacos de dois tamanhos diferentes, muito pr\u00e1ticos para guardar e transportar alimentos tanto s\u00f3lidos quanto l\u00edquidos de forma confort\u00e1vel e segura. Os 5 sacos mais pequenos s\u00e3o perfeitos para frutas, doces, nozes, etc. Os 5 sacos maiores s\u00e3o muito \u00fateis para lanches, sandu\u00edches, biscoitos, legumes, etc. Os sacos s\u00e3o igualmente ideais para conservar os alimentos no frigor\u00edfico ou congelador. Estes sacos s\u00e3o, assim, sem d\u00favida a melhor op\u00e7\u00e3o para levar o lanche ou almo\u00e7o para a escola, o trabalho, o gin\u00e1sio, o campo, a praia, etc. Al\u00e9m disso, s\u00e3o ecol\u00f3gicos, lav\u00e1veis e reutiliz\u00e1veis as vezes que for necess\u00e1rio, contribuindo, assim, para a poupan\u00e7a de dinheiro e de recursos e evitando a utiliza\u00e7\u00e3o de sacos de pl\u00e1stico ou de papel de alum\u00ednio.<\/p>\n<p><img decoding=\"async\" src=\"https:\/\/curiosidadesedicas.com\/loja\/wp-content\/uploads\/2022\/03\/conjunto-de-sacos-reutilizaveis-para-alimentos-freco-innovagoods-10-pecas_118547-1.jpg\" \/><\/p>","protected":false},"excerpt":{"rendered":"<p>Um conjunto de 10 sacos de dois tamanhos diferentes, muito pr\u00e1ticos para guardar e transportar alimentos tanto s\u00f3lidos quanto l\u00edquidos de forma confort\u00e1vel e segura. Os 5 sacos mais pequenos s\u00e3o perfeitos para frutas, doces, nozes, etc. Os 5 sacos maiores s\u00e3o muito \u00fateis para lanches, sandu\u00edches, biscoitos, legumes, etc. Os sacos s\u00e3o igualmente ideais para conservar os alimentos no frigor\u00edfico ou congelador. Estes sacos s\u00e3o, assim, sem d\u00favida a melhor op\u00e7\u00e3o para levar o lanche ou almo\u00e7o para a escola, o trabalho, o gin\u00e1sio, o campo, a praia, etc. Al\u00e9m disso, s\u00e3o ecol\u00f3gicos, lav\u00e1veis e reutiliz\u00e1veis as vezes que for necess\u00e1rio, contribuindo, assim, para a poupan\u00e7a de dinheiro e de recursos e evitando a utiliza\u00e7\u00e3o de sacos de pl\u00e1stico ou de papel de alum\u00ednio.<\/p>\n<ul>\n<li>Material: PEVA<\/li>\n<li>Livre de BPA<\/li>\n<li>Design inovador e funcional<\/li>\n<li>Inclui: 10 uds<\/li>\n<li>Tipo:\n<ul>\n<li>Reutiliz\u00e1vel<\/li>\n<li>Ecol\u00f3gico<\/li>\n<\/ul>\n<\/li>\n<li>Fecho Herm\u00e9tico: zip-lock<\/li>\n<li>Aptos para s\u00f3lidos e l\u00edquidos: Anti-pingos e anti-vazamento<\/li>\n<li>Utiliza\u00e7\u00e3o principal: transporte de alimentos<\/li>\n<li>Utiliza\u00e7\u00e3o secund\u00e1ria: conserva\u00e7\u00e3o de alimentos<\/li>\n<li>Aptos para o frigor\u00edfico e congelador<\/li>\n<li>F\u00e1cil limpeza: Lav\u00e1vel<\/li>\n<li>N\u00e3o indicado para m\u00e1quinas de lavar lou\u00e7a<\/li>\n<li>Utiliza\u00e7\u00e3o c\u00f3moda e simples<\/li>\n<li>Leve e male\u00e1vel<\/li>\n<li>F\u00e1cil de transportar e de guardar<\/li>\n<li>Medidas aprox.:\n<ul>\n<li>x5: 21,5 x 12 cm<\/li>\n<li>x5: 21,5 x 18 cm<\/li>\n<\/ul>\n<\/li>\n<\/ul>","protected":false},"featured_media":25077,"comment_status":"open","ping_status":"closed","template":"","meta":{"_glsr_average":0,"_glsr_ranking":0,"_glsr_reviews":0},"product_brand":[],"product_cat":[393,365,366],"product_tag":[],"class_list":{"0":"post-25069","1":"product","2":"type-product","3":"status-publish","4":"has-post-thumbnail","6":"product_cat-ecologicos","7":"product_cat-para-o-lar","8":"product_cat-cozinha","10":"first","11":"outofstock","12":"taxable","13":"shipping-taxable","14":"purchasable","15":"product-type-simple"},"yoast_head":"<!-- This site is optimized with the Yoast SEO plugin v26.8 - https:\/\/yoast.com\/product\/yoast-seo-wordpress\/ -->\n<title>CONJUNTO DE SACOS REUTILIZ\u00c1VEIS P\/ ALIMENTOS FRESCOS 10 PE\u00c7AS - Curiosidades &amp; Dicas, Lda<\/title>\n<meta name=\"robots\" content=\"index, follow, max-snippet:-1, max-image-preview:large, max-video-preview:-1\" \/>\n<link rel=\"canonical\" href=\"https:\/\/curiosidadesedicas.com\/loja\/en\/product\/conjunto-de-sacos-reutilizaveis-p-alimentos-frescos-10-pecas\/\" \/>\n<meta property=\"og:locale\" content=\"en_US\" \/>\n<meta property=\"og:type\" content=\"article\" \/>\n<meta property=\"og:title\" content=\"CONJUNTO DE SACOS REUTILIZ\u00c1VEIS P\/ ALIMENTOS FRESCOS 10 PE\u00c7AS - Curiosidades &amp; Dicas, Lda\" \/>\n<meta property=\"og:description\" content=\"Um conjunto de 10 sacos de dois tamanhos diferentes, muito pr\u00e1ticos para guardar e transportar alimentos tanto s\u00f3lidos quanto l\u00edquidos de forma confort\u00e1vel e segura. Os 5 sacos mais pequenos s\u00e3o perfeitos para frutas, doces, nozes, etc. Os 5 sacos maiores s\u00e3o muito \u00fateis para lanches, sandu\u00edches, biscoitos, legumes, etc. Os sacos s\u00e3o igualmente ideais para conservar os alimentos no frigor\u00edfico ou congelador. Estes sacos s\u00e3o, assim, sem d\u00favida a melhor op\u00e7\u00e3o para levar o lanche ou almo\u00e7o para a escola, o trabalho, o gin\u00e1sio, o campo, a praia, etc. Al\u00e9m disso, s\u00e3o ecol\u00f3gicos, lav\u00e1veis e reutiliz\u00e1veis as vezes que for necess\u00e1rio, contribuindo, assim, para a poupan\u00e7a de dinheiro e de recursos e evitando a utiliza\u00e7\u00e3o de sacos de pl\u00e1stico ou de papel de alum\u00ednio.   Material: PEVA  Livre de BPA  Design inovador e funcional  Inclui: 10 uds  Tipo:   Reutiliz\u00e1vel  Ecol\u00f3gico    Fecho Herm\u00e9tico: zip-lock  Aptos para s\u00f3lidos e l\u00edquidos: Anti-pingos e anti-vazamento  Utiliza\u00e7\u00e3o principal: transporte de alimentos  Utiliza\u00e7\u00e3o secund\u00e1ria: conserva\u00e7\u00e3o de alimentos  Aptos para o frigor\u00edfico e congelador  F\u00e1cil limpeza: Lav\u00e1vel  N\u00e3o indicado para m\u00e1quinas de lavar lou\u00e7a  Utiliza\u00e7\u00e3o c\u00f3moda e simples  Leve e male\u00e1vel  F\u00e1cil de transportar e de guardar  Medidas aprox.:   x5: 21,5 x 12 cm  x5: 21,5 x 18 cm\" \/>\n<meta property=\"og:url\" content=\"https:\/\/curiosidadesedicas.com\/loja\/en\/product\/conjunto-de-sacos-reutilizaveis-p-alimentos-frescos-10-pecas\/\" \/>\n<meta property=\"og:site_name\" content=\"Curiosidades &amp; Dicas, Lda\" \/>\n<meta property=\"article:modified_time\" content=\"2025-06-25T13:55:24+00:00\" \/>\n<meta property=\"og:image\" content=\"https:\/\/curiosidadesedicas.com\/loja\/wp-content\/uploads\/2022\/03\/conjunto-de-sacos-reutilizaveis-para-alimentos-freco-innovagoods-10-pecas_118547.jpg\" \/>\n\t<meta property=\"og:image:width\" content=\"600\" \/>\n\t<meta property=\"og:image:height\" content=\"600\" \/>\n\t<meta property=\"og:image:type\" content=\"image\/jpeg\" \/>\n<meta name=\"twitter:card\" content=\"summary_large_image\" \/>\n<meta name=\"twitter:label1\" content=\"Est. reading time\" \/>\n\t<meta name=\"twitter:data1\" content=\"1 minute\" \/>\n<script type=\"application\/ld+json\" class=\"yoast-schema-graph\">{\"@context\":\"https:\/\/schema.org\",\"@graph\":[{\"@type\":\"WebPage\",\"@id\":\"https:\/\/curiosidadesedicas.com\/loja\/produto\/conjunto-de-sacos-reutilizaveis-p-alimentos-frescos-10-pecas\/\",\"url\":\"https:\/\/curiosidadesedicas.com\/loja\/produto\/conjunto-de-sacos-reutilizaveis-p-alimentos-frescos-10-pecas\/\",\"name\":\"CONJUNTO DE SACOS REUTILIZ\u00c1VEIS P\/ ALIMENTOS FRESCOS 10 PE\u00c7AS - Curiosidades &amp; Dicas, Lda\",\"isPartOf\":{\"@id\":\"https:\/\/curiosidadesedicas.com\/loja\/#website\"},\"primaryImageOfPage\":{\"@id\":\"https:\/\/curiosidadesedicas.com\/loja\/produto\/conjunto-de-sacos-reutilizaveis-p-alimentos-frescos-10-pecas\/#primaryimage\"},\"image\":{\"@id\":\"https:\/\/curiosidadesedicas.com\/loja\/produto\/conjunto-de-sacos-reutilizaveis-p-alimentos-frescos-10-pecas\/#primaryimage\"},\"thumbnailUrl\":\"https:\/\/curiosidadesedicas.com\/loja\/wp-content\/uploads\/2022\/03\/conjunto-de-sacos-reutilizaveis-para-alimentos-freco-innovagoods-10-pecas_118547.jpg\",\"datePublished\":\"2022-03-16T12:41:55+00:00\",\"dateModified\":\"2025-06-25T13:55:24+00:00\",\"breadcrumb\":{\"@id\":\"https:\/\/curiosidadesedicas.com\/loja\/produto\/conjunto-de-sacos-reutilizaveis-p-alimentos-frescos-10-pecas\/#breadcrumb\"},\"inLanguage\":\"en-US\",\"potentialAction\":[{\"@type\":\"ReadAction\",\"target\":[\"https:\/\/curiosidadesedicas.com\/loja\/produto\/conjunto-de-sacos-reutilizaveis-p-alimentos-frescos-10-pecas\/\"]}]},{\"@type\":\"ImageObject\",\"inLanguage\":\"en-US\",\"@id\":\"https:\/\/curiosidadesedicas.com\/loja\/produto\/conjunto-de-sacos-reutilizaveis-p-alimentos-frescos-10-pecas\/#primaryimage\",\"url\":\"https:\/\/curiosidadesedicas.com\/loja\/wp-content\/uploads\/2022\/03\/conjunto-de-sacos-reutilizaveis-para-alimentos-freco-innovagoods-10-pecas_118547.jpg\",\"contentUrl\":\"https:\/\/curiosidadesedicas.com\/loja\/wp-content\/uploads\/2022\/03\/conjunto-de-sacos-reutilizaveis-para-alimentos-freco-innovagoods-10-pecas_118547.jpg\",\"width\":600,\"height\":600},{\"@type\":\"BreadcrumbList\",\"@id\":\"https:\/\/curiosidadesedicas.com\/loja\/produto\/conjunto-de-sacos-reutilizaveis-p-alimentos-frescos-10-pecas\/#breadcrumb\",\"itemListElement\":[{\"@type\":\"ListItem\",\"position\":1,\"name\":\"In\u00edcio\",\"item\":\"https:\/\/curiosidadesedicas.com\/loja\/\"},{\"@type\":\"ListItem\",\"position\":2,\"name\":\"Produtos\",\"item\":\"https:\/\/curiosidadesedicas.com\/loja\/produtos\/\"},{\"@type\":\"ListItem\",\"position\":3,\"name\":\"CONJUNTO DE SACOS REUTILIZ\u00c1VEIS P\/ ALIMENTOS FRESCOS 10 PE\u00c7AS\"}]},{\"@type\":\"WebSite\",\"@id\":\"https:\/\/curiosidadesedicas.com\/loja\/#website\",\"url\":\"https:\/\/curiosidadesedicas.com\/loja\/\",\"name\":\"Curiosidades &amp; Dicas, Lda\",\"description\":\"Apaixonados Por Inova\u00e7\u00e3o\",\"publisher\":{\"@id\":\"https:\/\/curiosidadesedicas.com\/loja\/#organization\"},\"potentialAction\":[{\"@type\":\"SearchAction\",\"target\":{\"@type\":\"EntryPoint\",\"urlTemplate\":\"https:\/\/curiosidadesedicas.com\/loja\/?s={search_term_string}\"},\"query-input\":{\"@type\":\"PropertyValueSpecification\",\"valueRequired\":true,\"valueName\":\"search_term_string\"}}],\"inLanguage\":\"en-US\"},{\"@type\":\"Organization\",\"@id\":\"https:\/\/curiosidadesedicas.com\/loja\/#organization\",\"name\":\"Curiosidades & Dicas\",\"url\":\"https:\/\/curiosidadesedicas.com\/loja\/\",\"logo\":{\"@type\":\"ImageObject\",\"inLanguage\":\"en-US\",\"@id\":\"https:\/\/curiosidadesedicas.com\/loja\/#\/schema\/logo\/image\/\",\"url\":\"https:\/\/curiosidadesedicas.com\/loja\/wp-content\/uploads\/2020\/05\/LogoCuriosidadesSimples.png\",\"contentUrl\":\"https:\/\/curiosidadesedicas.com\/loja\/wp-content\/uploads\/2020\/05\/LogoCuriosidadesSimples.png\",\"width\":3528,\"height\":804,\"caption\":\"Curiosidades & Dicas\"},\"image\":{\"@id\":\"https:\/\/curiosidadesedicas.com\/loja\/#\/schema\/logo\/image\/\"}}]}<\/script>\n<!-- \/ Yoast SEO plugin. -->","yoast_head_json":{"title":"CONJUNTO DE SACOS REUTILIZ\u00c1VEIS P\/ ALIMENTOS FRESCOS 10 PE\u00c7AS - Curiosidades &amp; Dicas, Lda","robots":{"index":"index","follow":"follow","max-snippet":"max-snippet:-1","max-image-preview":"max-image-preview:large","max-video-preview":"max-video-preview:-1"},"canonical":"https:\/\/curiosidadesedicas.com\/loja\/en\/product\/conjunto-de-sacos-reutilizaveis-p-alimentos-frescos-10-pecas\/","og_locale":"en_US","og_type":"article","og_title":"CONJUNTO DE SACOS REUTILIZ\u00c1VEIS P\/ ALIMENTOS FRESCOS 10 PE\u00c7AS - Curiosidades &amp; Dicas, Lda","og_description":"Um conjunto de 10 sacos de dois tamanhos diferentes, muito pr\u00e1ticos para guardar e transportar alimentos tanto s\u00f3lidos quanto l\u00edquidos de forma confort\u00e1vel e segura. Os 5 sacos mais pequenos s\u00e3o perfeitos para frutas, doces, nozes, etc. Os 5 sacos maiores s\u00e3o muito \u00fateis para lanches, sandu\u00edches, biscoitos, legumes, etc. Os sacos s\u00e3o igualmente ideais para conservar os alimentos no frigor\u00edfico ou congelador. Estes sacos s\u00e3o, assim, sem d\u00favida a melhor op\u00e7\u00e3o para levar o lanche ou almo\u00e7o para a escola, o trabalho, o gin\u00e1sio, o campo, a praia, etc. Al\u00e9m disso, s\u00e3o ecol\u00f3gicos, lav\u00e1veis e reutiliz\u00e1veis as vezes que for necess\u00e1rio, contribuindo, assim, para a poupan\u00e7a de dinheiro e de recursos e evitando a utiliza\u00e7\u00e3o de sacos de pl\u00e1stico ou de papel de alum\u00ednio.   Material: PEVA  Livre de BPA  Design inovador e funcional  Inclui: 10 uds  Tipo:   Reutiliz\u00e1vel  Ecol\u00f3gico    Fecho Herm\u00e9tico: zip-lock  Aptos para s\u00f3lidos e l\u00edquidos: Anti-pingos e anti-vazamento  Utiliza\u00e7\u00e3o principal: transporte de alimentos  Utiliza\u00e7\u00e3o secund\u00e1ria: conserva\u00e7\u00e3o de alimentos  Aptos para o frigor\u00edfico e congelador  F\u00e1cil limpeza: Lav\u00e1vel  N\u00e3o indicado para m\u00e1quinas de lavar lou\u00e7a  Utiliza\u00e7\u00e3o c\u00f3moda e simples  Leve e male\u00e1vel  F\u00e1cil de transportar e de guardar  Medidas aprox.:   x5: 21,5 x 12 cm  x5: 21,5 x 18 cm","og_url":"https:\/\/curiosidadesedicas.com\/loja\/en\/product\/conjunto-de-sacos-reutilizaveis-p-alimentos-frescos-10-pecas\/","og_site_name":"Curiosidades &amp; Dicas, Lda","article_modified_time":"2025-06-25T13:55:24+00:00","og_image":[{"width":600,"height":600,"url":"https:\/\/curiosidadesedicas.com\/loja\/wp-content\/uploads\/2022\/03\/conjunto-de-sacos-reutilizaveis-para-alimentos-freco-innovagoods-10-pecas_118547.jpg","type":"image\/jpeg"}],"twitter_card":"summary_large_image","twitter_misc":{"Est. reading time":"1 minute"},"schema":{"@context":"https:\/\/schema.org","@graph":[{"@type":"WebPage","@id":"https:\/\/curiosidadesedicas.com\/loja\/produto\/conjunto-de-sacos-reutilizaveis-p-alimentos-frescos-10-pecas\/","url":"https:\/\/curiosidadesedicas.com\/loja\/produto\/conjunto-de-sacos-reutilizaveis-p-alimentos-frescos-10-pecas\/","name":"CONJUNTO DE SACOS REUTILIZ\u00c1VEIS P\/ ALIMENTOS FRESCOS 10 PE\u00c7AS - Curiosidades &amp; Dicas, Lda","isPartOf":{"@id":"https:\/\/curiosidadesedicas.com\/loja\/#website"},"primaryImageOfPage":{"@id":"https:\/\/curiosidadesedicas.com\/loja\/produto\/conjunto-de-sacos-reutilizaveis-p-alimentos-frescos-10-pecas\/#primaryimage"},"image":{"@id":"https:\/\/curiosidadesedicas.com\/loja\/produto\/conjunto-de-sacos-reutilizaveis-p-alimentos-frescos-10-pecas\/#primaryimage"},"thumbnailUrl":"https:\/\/curiosidadesedicas.com\/loja\/wp-content\/uploads\/2022\/03\/conjunto-de-sacos-reutilizaveis-para-alimentos-freco-innovagoods-10-pecas_118547.jpg","datePublished":"2022-03-16T12:41:55+00:00","dateModified":"2025-06-25T13:55:24+00:00","breadcrumb":{"@id":"https:\/\/curiosidadesedicas.com\/loja\/produto\/conjunto-de-sacos-reutilizaveis-p-alimentos-frescos-10-pecas\/#breadcrumb"},"inLanguage":"en-US","potentialAction":[{"@type":"ReadAction","target":["https:\/\/curiosidadesedicas.com\/loja\/produto\/conjunto-de-sacos-reutilizaveis-p-alimentos-frescos-10-pecas\/"]}]},{"@type":"ImageObject","inLanguage":"en-US","@id":"https:\/\/curiosidadesedicas.com\/loja\/produto\/conjunto-de-sacos-reutilizaveis-p-alimentos-frescos-10-pecas\/#primaryimage","url":"https:\/\/curiosidadesedicas.com\/loja\/wp-content\/uploads\/2022\/03\/conjunto-de-sacos-reutilizaveis-para-alimentos-freco-innovagoods-10-pecas_118547.jpg","contentUrl":"https:\/\/curiosidadesedicas.com\/loja\/wp-content\/uploads\/2022\/03\/conjunto-de-sacos-reutilizaveis-para-alimentos-freco-innovagoods-10-pecas_118547.jpg","width":600,"height":600},{"@type":"BreadcrumbList","@id":"https:\/\/curiosidadesedicas.com\/loja\/produto\/conjunto-de-sacos-reutilizaveis-p-alimentos-frescos-10-pecas\/#breadcrumb","itemListElement":[{"@type":"ListItem","position":1,"name":"In\u00edcio","item":"https:\/\/curiosidadesedicas.com\/loja\/"},{"@type":"ListItem","position":2,"name":"Produtos","item":"https:\/\/curiosidadesedicas.com\/loja\/produtos\/"},{"@type":"ListItem","position":3,"name":"CONJUNTO DE SACOS REUTILIZ\u00c1VEIS P\/ ALIMENTOS FRESCOS 10 PE\u00c7AS"}]},{"@type":"WebSite","@id":"https:\/\/curiosidadesedicas.com\/loja\/#website","url":"https:\/\/curiosidadesedicas.com\/loja\/","name":"Curiosidades &amp; Dicas, Lda","description":"Apaixonados Por Inova\u00e7\u00e3o","publisher":{"@id":"https:\/\/curiosidadesedicas.com\/loja\/#organization"},"potentialAction":[{"@type":"SearchAction","target":{"@type":"EntryPoint","urlTemplate":"https:\/\/curiosidadesedicas.com\/loja\/?s={search_term_string}"},"query-input":{"@type":"PropertyValueSpecification","valueRequired":true,"valueName":"search_term_string"}}],"inLanguage":"en-US"},{"@type":"Organization","@id":"https:\/\/curiosidadesedicas.com\/loja\/#organization","name":"Curiosidades & Dicas","url":"https:\/\/curiosidadesedicas.com\/loja\/","logo":{"@type":"ImageObject","inLanguage":"en-US","@id":"https:\/\/curiosidadesedicas.com\/loja\/#\/schema\/logo\/image\/","url":"https:\/\/curiosidadesedicas.com\/loja\/wp-content\/uploads\/2020\/05\/LogoCuriosidadesSimples.png","contentUrl":"https:\/\/curiosidadesedicas.com\/loja\/wp-content\/uploads\/2020\/05\/LogoCuriosidadesSimples.png","width":3528,"height":804,"caption":"Curiosidades & Dicas"},"image":{"@id":"https:\/\/curiosidadesedicas.com\/loja\/#\/schema\/logo\/image\/"}}]}},"_links":{"self":[{"href":"https:\/\/curiosidadesedicas.com\/loja\/en\/wp-json\/wp\/v2\/product\/25069","targetHints":{"allow":["GET"]}}],"collection":[{"href":"https:\/\/curiosidadesedicas.com\/loja\/en\/wp-json\/wp\/v2\/product"}],"about":[{"href":"https:\/\/curiosidadesedicas.com\/loja\/en\/wp-json\/wp\/v2\/types\/product"}],"replies":[{"embeddable":true,"href":"https:\/\/curiosidadesedicas.com\/loja\/en\/wp-json\/wp\/v2\/comments?post=25069"}],"wp:featuredmedia":[{"embeddable":true,"href":"https:\/\/curiosidadesedicas.com\/loja\/en\/wp-json\/wp\/v2\/media\/25077"}],"wp:attachment":[{"href":"https:\/\/curiosidadesedicas.com\/loja\/en\/wp-json\/wp\/v2\/media?parent=25069"}],"wp:term":[{"taxonomy":"product_brand","embeddable":true,"href":"https:\/\/curiosidadesedicas.com\/loja\/en\/wp-json\/wp\/v2\/product_brand?post=25069"},{"taxonomy":"product_cat","embeddable":true,"href":"https:\/\/curiosidadesedicas.com\/loja\/en\/wp-json\/wp\/v2\/product_cat?post=25069"},{"taxonomy":"product_tag","embeddable":true,"href":"https:\/\/curiosidadesedicas.com\/loja\/en\/wp-json\/wp\/v2\/product_tag?post=25069"}],"curies":[{"name":"wp","href":"https:\/\/api.w.org\/{rel}","templated":true}]}}