{"id":25054,"date":"2022-03-16T12:03:46","date_gmt":"2022-03-16T12:03:46","guid":{"rendered":"https:\/\/curiosidadesedicas.com\/loja\/?post_type=product&#038;p=25054"},"modified":"2022-03-16T12:22:58","modified_gmt":"2022-03-16T12:22:58","slug":"involucro-protetor-p-alimentos-irisana-3-unidades","status":"publish","type":"product","link":"https:\/\/curiosidadesedicas.com\/loja\/en\/product\/involucro-protetor-p-alimentos-irisana-3-unidades\/","title":{"rendered":"INV\u00d3LUCRO PROTETOR P\/ ALIMENTOS IRISANA (3 UNIDADES)"},"content":{"rendered":"<p><strong>LIMPEZA E CONSERVA\u00c7\u00c3O:<\/strong><\/p>\n<ul>\n<li>Guarde-os longe de fontes de calor, como \u00e1gua quente, forno, micro-ondas, lava-lou\u00e7as ou luz solar direta.<\/li>\n<li>Para aumentar o seu prazo de validade, deve ser lavado com \u00e1gua fria (sem riscar), seco ao ar e guardado em local seco. Se demorar muito, \u00e9 aconselh\u00e1vel guardar na geladeira.<\/li>\n<\/ul>\n<p><img decoding=\"async\" src=\"https:\/\/curiosidadesedicas.com\/loja\/wp-content\/uploads\/2022\/03\/involucro-protetor-para-alimentos-irisana-3-uds_188603-5.jpg\" \/><\/p>","protected":false},"excerpt":{"rendered":"<p>Pode embrulhar qualquer coisa, desde um sandu\u00edche ou um peda\u00e7o de fruta, at\u00e9 cobrir uma tigela, um copo, um prato, etc. Basta cobrir o objeto ou alimento que deseja proteger e dar forma ao envolt\u00f3rio com o calor das m\u00e3os.<\/p>\n<p>Fabricado com 100% algod\u00e3o org\u00e2nico, cera de abelha natural, resina de \u00e1rvore (con\u00edferas) e \u00f3leo de Jojoba. 100% LIVRE DE BPA e outros produtos qu\u00edmicos.<\/p>\n<p>100% reutiliz\u00e1vel e a alternativa mais saud\u00e1vel e ecol\u00f3gica ao filme adesivo ou folha de alum\u00ednio.<\/p>\n<ul>\n<li>\u00a0Caracter\u00edsticas:\n<ul>\n<li>Lav\u00e1vel<\/li>\n<li>Reutiliz\u00e1vel<\/li>\n<li>Livre de BPA<\/li>\n<li>Vida \u00fatil, indefinida<\/li>\n<\/ul>\n<\/li>\n<li>Material:\n<ul>\n<li>Cera de abelha<\/li>\n<li>Algod\u00e3o<\/li>\n<\/ul>\n<\/li>\n<li>Cor:\n<ul>\n<li>Amarelo<\/li>\n<li>Azul<\/li>\n<li>Branco<\/li>\n<\/ul>\n<\/li>\n<li>Medidas aprox.:\n<ul>\n<li>33 x 25 cm<\/li>\n<li>28 x 25 cm<\/li>\n<li>20 x 18 cm<\/li>\n<\/ul>\n<\/li>\n<\/ul>\n<p>Cada pacote inclui <strong>3 embalagens<\/strong>\u00a0das seguintes medidas:<\/p>\n<ul>\n<li>33&#215;25 cm.<\/li>\n<li>28&#215;25 cm,<\/li>\n<li>20&#215;18 cm<\/li>\n<\/ul>\n<p><img decoding=\"async\" src=\"https:\/\/curiosidadesedicas.com\/loja\/wp-content\/uploads\/2022\/03\/involucro-protetor-para-alimentos-irisana-3-uds_188603-1.jpg\" \/><\/p>","protected":false},"featured_media":25060,"comment_status":"open","ping_status":"closed","template":"","meta":{"_glsr_average":0,"_glsr_ranking":0,"_glsr_reviews":0},"product_brand":[],"product_cat":[393,365,366],"product_tag":[],"class_list":{"0":"post-25054","1":"product","2":"type-product","3":"status-publish","4":"has-post-thumbnail","6":"product_cat-ecologicos","7":"product_cat-para-o-lar","8":"product_cat-cozinha","10":"first","11":"instock","12":"taxable","13":"shipping-taxable","14":"purchasable","15":"product-type-simple"},"yoast_head":"<!-- This site is optimized with the Yoast SEO plugin v26.8 - https:\/\/yoast.com\/product\/yoast-seo-wordpress\/ -->\n<title>INV\u00d3LUCRO PROTETOR P\/ ALIMENTOS IRISANA (3 UNIDADES) - Curiosidades &amp; Dicas, Lda<\/title>\n<meta name=\"robots\" content=\"index, follow, max-snippet:-1, max-image-preview:large, max-video-preview:-1\" \/>\n<link rel=\"canonical\" href=\"https:\/\/curiosidadesedicas.com\/loja\/en\/product\/involucro-protetor-p-alimentos-irisana-3-unidades\/\" \/>\n<meta property=\"og:locale\" content=\"en_US\" \/>\n<meta property=\"og:type\" content=\"article\" \/>\n<meta property=\"og:title\" content=\"INV\u00d3LUCRO PROTETOR P\/ ALIMENTOS IRISANA (3 UNIDADES) - Curiosidades &amp; Dicas, Lda\" \/>\n<meta property=\"og:description\" content=\"Pode embrulhar qualquer coisa, desde um sandu\u00edche ou um peda\u00e7o de fruta, at\u00e9 cobrir uma tigela, um copo, um prato, etc. Basta cobrir o objeto ou alimento que deseja proteger e dar forma ao envolt\u00f3rio com o calor das m\u00e3os.  Fabricado com 100% algod\u00e3o org\u00e2nico, cera de abelha natural, resina de \u00e1rvore (con\u00edferas) e \u00f3leo de Jojoba. 100% LIVRE DE BPA e outros produtos qu\u00edmicos.  100% reutiliz\u00e1vel e a alternativa mais saud\u00e1vel e ecol\u00f3gica ao filme adesivo ou folha de alum\u00ednio.   \u00a0Caracter\u00edsticas:   Lav\u00e1vel  Reutiliz\u00e1vel  Livre de BPA  Vida \u00fatil, indefinida    Material:   Cera de abelha  Algod\u00e3o    Cor:   Amarelo  Azul  Branco    Medidas aprox.:   33 x 25 cm  28 x 25 cm  20 x 18 cm    Cada pacote inclui 3 embalagens\u00a0das seguintes medidas:   33x25 cm.  28x25 cm,  20x18 cm\" \/>\n<meta property=\"og:url\" content=\"https:\/\/curiosidadesedicas.com\/loja\/en\/product\/involucro-protetor-p-alimentos-irisana-3-unidades\/\" \/>\n<meta property=\"og:site_name\" content=\"Curiosidades &amp; Dicas, Lda\" \/>\n<meta property=\"article:modified_time\" content=\"2022-03-16T12:22:58+00:00\" \/>\n<meta property=\"og:image\" content=\"https:\/\/curiosidadesedicas.com\/loja\/wp-content\/uploads\/2022\/03\/involucro-protetor-para-alimentos-irisana-3-uds_188603.jpg\" \/>\n\t<meta property=\"og:image:width\" content=\"600\" \/>\n\t<meta property=\"og:image:height\" content=\"600\" \/>\n\t<meta property=\"og:image:type\" content=\"image\/jpeg\" \/>\n<meta name=\"twitter:card\" content=\"summary_large_image\" \/>\n<meta name=\"twitter:label1\" content=\"Est. reading time\" \/>\n\t<meta name=\"twitter:data1\" content=\"1 minute\" \/>\n<script type=\"application\/ld+json\" class=\"yoast-schema-graph\">{\"@context\":\"https:\/\/schema.org\",\"@graph\":[{\"@type\":\"WebPage\",\"@id\":\"https:\/\/curiosidadesedicas.com\/loja\/produto\/involucro-protetor-p-alimentos-irisana-3-unidades\/\",\"url\":\"https:\/\/curiosidadesedicas.com\/loja\/produto\/involucro-protetor-p-alimentos-irisana-3-unidades\/\",\"name\":\"INV\u00d3LUCRO PROTETOR P\/ ALIMENTOS IRISANA (3 UNIDADES) - Curiosidades &amp; Dicas, Lda\",\"isPartOf\":{\"@id\":\"https:\/\/curiosidadesedicas.com\/loja\/#website\"},\"primaryImageOfPage\":{\"@id\":\"https:\/\/curiosidadesedicas.com\/loja\/produto\/involucro-protetor-p-alimentos-irisana-3-unidades\/#primaryimage\"},\"image\":{\"@id\":\"https:\/\/curiosidadesedicas.com\/loja\/produto\/involucro-protetor-p-alimentos-irisana-3-unidades\/#primaryimage\"},\"thumbnailUrl\":\"https:\/\/curiosidadesedicas.com\/loja\/wp-content\/uploads\/2022\/03\/involucro-protetor-para-alimentos-irisana-3-uds_188603.jpg\",\"datePublished\":\"2022-03-16T12:03:46+00:00\",\"dateModified\":\"2022-03-16T12:22:58+00:00\",\"breadcrumb\":{\"@id\":\"https:\/\/curiosidadesedicas.com\/loja\/produto\/involucro-protetor-p-alimentos-irisana-3-unidades\/#breadcrumb\"},\"inLanguage\":\"en-US\",\"potentialAction\":[{\"@type\":\"ReadAction\",\"target\":[\"https:\/\/curiosidadesedicas.com\/loja\/produto\/involucro-protetor-p-alimentos-irisana-3-unidades\/\"]}]},{\"@type\":\"ImageObject\",\"inLanguage\":\"en-US\",\"@id\":\"https:\/\/curiosidadesedicas.com\/loja\/produto\/involucro-protetor-p-alimentos-irisana-3-unidades\/#primaryimage\",\"url\":\"https:\/\/curiosidadesedicas.com\/loja\/wp-content\/uploads\/2022\/03\/involucro-protetor-para-alimentos-irisana-3-uds_188603.jpg\",\"contentUrl\":\"https:\/\/curiosidadesedicas.com\/loja\/wp-content\/uploads\/2022\/03\/involucro-protetor-para-alimentos-irisana-3-uds_188603.jpg\",\"width\":600,\"height\":600},{\"@type\":\"BreadcrumbList\",\"@id\":\"https:\/\/curiosidadesedicas.com\/loja\/produto\/involucro-protetor-p-alimentos-irisana-3-unidades\/#breadcrumb\",\"itemListElement\":[{\"@type\":\"ListItem\",\"position\":1,\"name\":\"In\u00edcio\",\"item\":\"https:\/\/curiosidadesedicas.com\/loja\/\"},{\"@type\":\"ListItem\",\"position\":2,\"name\":\"Produtos\",\"item\":\"https:\/\/curiosidadesedicas.com\/loja\/produtos\/\"},{\"@type\":\"ListItem\",\"position\":3,\"name\":\"INV\u00d3LUCRO PROTETOR P\/ ALIMENTOS IRISANA (3 UNIDADES)\"}]},{\"@type\":\"WebSite\",\"@id\":\"https:\/\/curiosidadesedicas.com\/loja\/#website\",\"url\":\"https:\/\/curiosidadesedicas.com\/loja\/\",\"name\":\"Curiosidades &amp; Dicas, Lda\",\"description\":\"Apaixonados Por Inova\u00e7\u00e3o\",\"publisher\":{\"@id\":\"https:\/\/curiosidadesedicas.com\/loja\/#organization\"},\"potentialAction\":[{\"@type\":\"SearchAction\",\"target\":{\"@type\":\"EntryPoint\",\"urlTemplate\":\"https:\/\/curiosidadesedicas.com\/loja\/?s={search_term_string}\"},\"query-input\":{\"@type\":\"PropertyValueSpecification\",\"valueRequired\":true,\"valueName\":\"search_term_string\"}}],\"inLanguage\":\"en-US\"},{\"@type\":\"Organization\",\"@id\":\"https:\/\/curiosidadesedicas.com\/loja\/#organization\",\"name\":\"Curiosidades & Dicas\",\"url\":\"https:\/\/curiosidadesedicas.com\/loja\/\",\"logo\":{\"@type\":\"ImageObject\",\"inLanguage\":\"en-US\",\"@id\":\"https:\/\/curiosidadesedicas.com\/loja\/#\/schema\/logo\/image\/\",\"url\":\"https:\/\/curiosidadesedicas.com\/loja\/wp-content\/uploads\/2020\/05\/LogoCuriosidadesSimples.png\",\"contentUrl\":\"https:\/\/curiosidadesedicas.com\/loja\/wp-content\/uploads\/2020\/05\/LogoCuriosidadesSimples.png\",\"width\":3528,\"height\":804,\"caption\":\"Curiosidades & Dicas\"},\"image\":{\"@id\":\"https:\/\/curiosidadesedicas.com\/loja\/#\/schema\/logo\/image\/\"}}]}<\/script>\n<!-- \/ Yoast SEO plugin. -->","yoast_head_json":{"title":"INV\u00d3LUCRO PROTETOR P\/ ALIMENTOS IRISANA (3 UNIDADES) - Curiosidades &amp; Dicas, Lda","robots":{"index":"index","follow":"follow","max-snippet":"max-snippet:-1","max-image-preview":"max-image-preview:large","max-video-preview":"max-video-preview:-1"},"canonical":"https:\/\/curiosidadesedicas.com\/loja\/en\/product\/involucro-protetor-p-alimentos-irisana-3-unidades\/","og_locale":"en_US","og_type":"article","og_title":"INV\u00d3LUCRO PROTETOR P\/ ALIMENTOS IRISANA (3 UNIDADES) - Curiosidades &amp; Dicas, Lda","og_description":"Pode embrulhar qualquer coisa, desde um sandu\u00edche ou um peda\u00e7o de fruta, at\u00e9 cobrir uma tigela, um copo, um prato, etc. Basta cobrir o objeto ou alimento que deseja proteger e dar forma ao envolt\u00f3rio com o calor das m\u00e3os.  Fabricado com 100% algod\u00e3o org\u00e2nico, cera de abelha natural, resina de \u00e1rvore (con\u00edferas) e \u00f3leo de Jojoba. 100% LIVRE DE BPA e outros produtos qu\u00edmicos.  100% reutiliz\u00e1vel e a alternativa mais saud\u00e1vel e ecol\u00f3gica ao filme adesivo ou folha de alum\u00ednio.   \u00a0Caracter\u00edsticas:   Lav\u00e1vel  Reutiliz\u00e1vel  Livre de BPA  Vida \u00fatil, indefinida    Material:   Cera de abelha  Algod\u00e3o    Cor:   Amarelo  Azul  Branco    Medidas aprox.:   33 x 25 cm  28 x 25 cm  20 x 18 cm    Cada pacote inclui 3 embalagens\u00a0das seguintes medidas:   33x25 cm.  28x25 cm,  20x18 cm","og_url":"https:\/\/curiosidadesedicas.com\/loja\/en\/product\/involucro-protetor-p-alimentos-irisana-3-unidades\/","og_site_name":"Curiosidades &amp; Dicas, Lda","article_modified_time":"2022-03-16T12:22:58+00:00","og_image":[{"width":600,"height":600,"url":"https:\/\/curiosidadesedicas.com\/loja\/wp-content\/uploads\/2022\/03\/involucro-protetor-para-alimentos-irisana-3-uds_188603.jpg","type":"image\/jpeg"}],"twitter_card":"summary_large_image","twitter_misc":{"Est. reading time":"1 minute"},"schema":{"@context":"https:\/\/schema.org","@graph":[{"@type":"WebPage","@id":"https:\/\/curiosidadesedicas.com\/loja\/produto\/involucro-protetor-p-alimentos-irisana-3-unidades\/","url":"https:\/\/curiosidadesedicas.com\/loja\/produto\/involucro-protetor-p-alimentos-irisana-3-unidades\/","name":"INV\u00d3LUCRO PROTETOR P\/ ALIMENTOS IRISANA (3 UNIDADES) - Curiosidades &amp; Dicas, Lda","isPartOf":{"@id":"https:\/\/curiosidadesedicas.com\/loja\/#website"},"primaryImageOfPage":{"@id":"https:\/\/curiosidadesedicas.com\/loja\/produto\/involucro-protetor-p-alimentos-irisana-3-unidades\/#primaryimage"},"image":{"@id":"https:\/\/curiosidadesedicas.com\/loja\/produto\/involucro-protetor-p-alimentos-irisana-3-unidades\/#primaryimage"},"thumbnailUrl":"https:\/\/curiosidadesedicas.com\/loja\/wp-content\/uploads\/2022\/03\/involucro-protetor-para-alimentos-irisana-3-uds_188603.jpg","datePublished":"2022-03-16T12:03:46+00:00","dateModified":"2022-03-16T12:22:58+00:00","breadcrumb":{"@id":"https:\/\/curiosidadesedicas.com\/loja\/produto\/involucro-protetor-p-alimentos-irisana-3-unidades\/#breadcrumb"},"inLanguage":"en-US","potentialAction":[{"@type":"ReadAction","target":["https:\/\/curiosidadesedicas.com\/loja\/produto\/involucro-protetor-p-alimentos-irisana-3-unidades\/"]}]},{"@type":"ImageObject","inLanguage":"en-US","@id":"https:\/\/curiosidadesedicas.com\/loja\/produto\/involucro-protetor-p-alimentos-irisana-3-unidades\/#primaryimage","url":"https:\/\/curiosidadesedicas.com\/loja\/wp-content\/uploads\/2022\/03\/involucro-protetor-para-alimentos-irisana-3-uds_188603.jpg","contentUrl":"https:\/\/curiosidadesedicas.com\/loja\/wp-content\/uploads\/2022\/03\/involucro-protetor-para-alimentos-irisana-3-uds_188603.jpg","width":600,"height":600},{"@type":"BreadcrumbList","@id":"https:\/\/curiosidadesedicas.com\/loja\/produto\/involucro-protetor-p-alimentos-irisana-3-unidades\/#breadcrumb","itemListElement":[{"@type":"ListItem","position":1,"name":"In\u00edcio","item":"https:\/\/curiosidadesedicas.com\/loja\/"},{"@type":"ListItem","position":2,"name":"Produtos","item":"https:\/\/curiosidadesedicas.com\/loja\/produtos\/"},{"@type":"ListItem","position":3,"name":"INV\u00d3LUCRO PROTETOR P\/ ALIMENTOS IRISANA (3 UNIDADES)"}]},{"@type":"WebSite","@id":"https:\/\/curiosidadesedicas.com\/loja\/#website","url":"https:\/\/curiosidadesedicas.com\/loja\/","name":"Curiosidades &amp; Dicas, Lda","description":"Apaixonados Por Inova\u00e7\u00e3o","publisher":{"@id":"https:\/\/curiosidadesedicas.com\/loja\/#organization"},"potentialAction":[{"@type":"SearchAction","target":{"@type":"EntryPoint","urlTemplate":"https:\/\/curiosidadesedicas.com\/loja\/?s={search_term_string}"},"query-input":{"@type":"PropertyValueSpecification","valueRequired":true,"valueName":"search_term_string"}}],"inLanguage":"en-US"},{"@type":"Organization","@id":"https:\/\/curiosidadesedicas.com\/loja\/#organization","name":"Curiosidades & Dicas","url":"https:\/\/curiosidadesedicas.com\/loja\/","logo":{"@type":"ImageObject","inLanguage":"en-US","@id":"https:\/\/curiosidadesedicas.com\/loja\/#\/schema\/logo\/image\/","url":"https:\/\/curiosidadesedicas.com\/loja\/wp-content\/uploads\/2020\/05\/LogoCuriosidadesSimples.png","contentUrl":"https:\/\/curiosidadesedicas.com\/loja\/wp-content\/uploads\/2020\/05\/LogoCuriosidadesSimples.png","width":3528,"height":804,"caption":"Curiosidades & Dicas"},"image":{"@id":"https:\/\/curiosidadesedicas.com\/loja\/#\/schema\/logo\/image\/"}}]}},"_links":{"self":[{"href":"https:\/\/curiosidadesedicas.com\/loja\/en\/wp-json\/wp\/v2\/product\/25054","targetHints":{"allow":["GET"]}}],"collection":[{"href":"https:\/\/curiosidadesedicas.com\/loja\/en\/wp-json\/wp\/v2\/product"}],"about":[{"href":"https:\/\/curiosidadesedicas.com\/loja\/en\/wp-json\/wp\/v2\/types\/product"}],"replies":[{"embeddable":true,"href":"https:\/\/curiosidadesedicas.com\/loja\/en\/wp-json\/wp\/v2\/comments?post=25054"}],"wp:featuredmedia":[{"embeddable":true,"href":"https:\/\/curiosidadesedicas.com\/loja\/en\/wp-json\/wp\/v2\/media\/25060"}],"wp:attachment":[{"href":"https:\/\/curiosidadesedicas.com\/loja\/en\/wp-json\/wp\/v2\/media?parent=25054"}],"wp:term":[{"taxonomy":"product_brand","embeddable":true,"href":"https:\/\/curiosidadesedicas.com\/loja\/en\/wp-json\/wp\/v2\/product_brand?post=25054"},{"taxonomy":"product_cat","embeddable":true,"href":"https:\/\/curiosidadesedicas.com\/loja\/en\/wp-json\/wp\/v2\/product_cat?post=25054"},{"taxonomy":"product_tag","embeddable":true,"href":"https:\/\/curiosidadesedicas.com\/loja\/en\/wp-json\/wp\/v2\/product_tag?post=25054"}],"curies":[{"name":"wp","href":"https:\/\/api.w.org\/{rel}","templated":true}]}}