{"id":24966,"date":"2022-03-07T21:53:38","date_gmt":"2022-03-07T21:53:38","guid":{"rendered":"https:\/\/curiosidadesedicas.com\/loja\/?post_type=product&#038;p=24966"},"modified":"2025-04-03T10:48:23","modified_gmt":"2025-04-03T10:48:23","slug":"capa-elastica-p-sofa-de-canto-roque","status":"publish","type":"product","link":"https:\/\/curiosidadesedicas.com\/loja\/en\/product\/capa-elastica-p-sofa-de-canto-roque\/","title":{"rendered":"CAPA EL\u00c1STICA P\/ SOF\u00c1 DE CANTO ROQUE"},"content":{"rendered":"<div>\n<div id=\"idTab25\" class=\"content_tab\" data-tab=\"25\">\n<p>Para seguir a capa correta, me\u00e7a por favor o sof\u00e1 de uma extremidade \u00e0 outra, como na imagem abaixo:<\/p>\n<\/div>\n<\/div>\n<div data-tab=\"25\">\n<p><img loading=\"lazy\" decoding=\"async\" class=\"alignnone wp-image-24905 size-full\" src=\"https:\/\/curiosidadesedicas.com\/loja\/wp-content\/uploads\/2020\/06\/CANTO-como-medir.gif\" alt=\"\" width=\"500\" height=\"500\" \/><\/p>\n<ul>\n<li>\u00a0Tamanho:\n<ul>\n<li>L (medida do respaldo): at\u00e9 450cm<\/li>\n<li>XL (medida do respaldo): at\u00e9 600cm<\/li>\n<\/ul>\n<\/li>\n<\/ul>\n<p>Para que a sua capa encaixar-se melhor ainda, vamos incluir no pacote algumas barras especiais que podem ser de poliuretano ou de papel\u00e3o. Dependendo da capa que voc\u00ea vai escolher, voc\u00ea vai receber a quantidade necess\u00e1ria duma das duas op\u00e7\u00f5es.<\/p>\n<p>&nbsp;<\/p>\n<p><strong>RECOMENDA\u00c7\u00d5ES:<\/strong><\/p>\n<\/div>\n<div>\n<div class=\"content_tab\" data-tab=\"25\">* Lavar separadamente antes de usar cores escuras<br \/>\n* As cores mostradas nesta apresenta\u00e7\u00e3o podem apresentar varia\u00e7\u00e3o da realidade, devido \u00e0s limita\u00e7\u00f5es das diferentes telas, resolu\u00e7\u00f5es, brilho, etc<\/div>\n<div data-tab=\"25\"><\/div>\n<div data-tab=\"25\"><strong>COMPOSI\u00c7\u00c3O:<\/strong><\/div>\n<\/div>\n<div>\n<p>55% Poli\u00e9ster &#8211; 35%\u00a0Algod\u00e3o &#8211; 10% Elast\u00f4mero<\/p>\n<p><strong>INSTRU\u00c7\u00d5ES DE LAVAGEM:<\/strong><\/p>\n<p class=\"ww\"><img loading=\"lazy\" decoding=\"async\" title=\"Temperatura m\u00e1xima de lavagem\" src=\"https:\/\/www.capasparasofa.pt\/img\/cms\/i_temperatura.jpg\" alt=\"Temperatura m\u00e1xima de lavagem\" width=\"42\" height=\"42\" \/> <img loading=\"lazy\" decoding=\"async\" title=\"N\u00e3o utilizar lix\u00edvia\" src=\"https:\/\/www.capasparasofa.pt\/img\/cms\/i_no_lejia.jpg\" alt=\"N\u00e3o utilizar lix\u00edvia\" width=\"42\" height=\"42\" \/> <img loading=\"lazy\" decoding=\"async\" title=\"N\u00e3o passar o ferro\" src=\"https:\/\/www.capasparasofa.pt\/img\/cms\/i_no_plancha.jpg\" alt=\"N\u00e3o passar o ferro\" width=\"42\" height=\"42\" \/> <img loading=\"lazy\" decoding=\"async\" title=\"N\u00e3o secar no tambor\" src=\"https:\/\/www.capasparasofa.pt\/img\/cms\/i_no_secadora.jpg\" alt=\"N\u00e3o secar no tambor\" width=\"42\" height=\"42\" \/> <img loading=\"lazy\" decoding=\"async\" title=\"N\u00e3o lavar a seco\" src=\"https:\/\/www.capasparasofa.pt\/img\/cms\/i_no_lavado_seco.jpg\" alt=\"N\u00e3o lavar a seco\" width=\"42\" height=\"42\" \/><\/p>\n<p>100% lav\u00e1vel<\/p>\n<p><strong>Estamos no mercado desde 2011, com 99% dos clientes satisfeitos.\u00a0 Preparamos este conte\u00fado para mostrar o que nos distingue:<\/strong><\/p>\n<div style=\"width: 640px;\" class=\"wp-video\"><!--[if lt IE 9]><script>document.createElement('video');<\/script><![endif]-->\n<video class=\"wp-video-shortcode\" id=\"video-24966-1\" width=\"640\" height=\"360\" preload=\"metadata\" controls=\"controls\"><source type=\"video\/mp4\" src=\"https:\/\/curiosidadesedicas.com\/loja\/wp-content\/uploads\/2022\/03\/Valores-de-Mercado-CAPAS-SOFA.mp4?_=1\" \/><a href=\"https:\/\/curiosidadesedicas.com\/loja\/wp-content\/uploads\/2022\/03\/Valores-de-Mercado-CAPAS-SOFA.mp4\">https:\/\/curiosidadesedicas.com\/loja\/wp-content\/uploads\/2022\/03\/Valores-de-Mercado-CAPAS-SOFA.mp4<\/a><\/video><\/div>\n<p>&nbsp;<\/p>\n<\/div>","protected":false},"excerpt":{"rendered":"<ul>\n<li>Capa muito pr\u00e1tica, confecionada com <strong>tecido el\u00e1stico<\/strong> de qualidade<\/li>\n<li><strong>Prote\u00e7\u00e3o total<\/strong> para o seu sof\u00e1 de canto e adapta\u00e7\u00e3o mais f\u00e1cil gra\u00e7as \u00e0 sua elasticidade<\/li>\n<li><strong>Pr\u00e1tica e ajust\u00e1vel<\/strong>, \u00e9 muito f\u00e1cil de colocar e retirar, assim como de lavar<\/li>\n<li>Dispon\u00edvel num <strong>largo leque de modelos e cores<\/strong> para combinar com a sua sala<\/li>\n<\/ul>\n<p><strong>Veja a transforma\u00e7\u00e3o do sof\u00e1 de canto:<\/strong><\/p>\n<p>https:\/\/youtu.be\/5OyV3jtNNFs<\/p>","protected":false},"featured_media":28431,"comment_status":"open","ping_status":"closed","template":"","meta":{"_glsr_average":0,"_glsr_ranking":0,"_glsr_reviews":0},"product_brand":[],"product_cat":[371,373,546],"product_tag":[416],"class_list":{"0":"post-24966","1":"product","2":"type-product","3":"status-publish","4":"has-post-thumbnail","6":"product_cat-capas-protetoras","7":"product_cat-elasticas-p-sofas","8":"product_cat-colecao-roque","9":"product_tag-roque","11":"first","12":"instock","13":"taxable","14":"shipping-taxable","15":"purchasable","16":"product-type-variable"},"yoast_head":"<!-- This site is optimized with the Yoast SEO plugin v26.8 - https:\/\/yoast.com\/product\/yoast-seo-wordpress\/ -->\n<title>CAPA EL\u00c1STICA P\/ SOF\u00c1 DE CANTO ROQUE - Curiosidades &amp; Dicas, Lda<\/title>\n<meta name=\"robots\" content=\"index, follow, max-snippet:-1, max-image-preview:large, max-video-preview:-1\" \/>\n<link rel=\"canonical\" href=\"https:\/\/curiosidadesedicas.com\/loja\/en\/product\/capa-elastica-p-sofa-de-canto-roque\/\" \/>\n<meta property=\"og:locale\" content=\"en_US\" \/>\n<meta property=\"og:type\" content=\"article\" \/>\n<meta property=\"og:title\" content=\"CAPA EL\u00c1STICA P\/ SOF\u00c1 DE CANTO ROQUE - Curiosidades &amp; Dicas, Lda\" \/>\n<meta property=\"og:description\" content=\"Capa muito pr\u00e1tica, confecionada com tecido el\u00e1stico de qualidade  Prote\u00e7\u00e3o total para o seu sof\u00e1 de canto e adapta\u00e7\u00e3o mais f\u00e1cil gra\u00e7as \u00e0 sua elasticidade  Pr\u00e1tica e ajust\u00e1vel, \u00e9 muito f\u00e1cil de colocar e retirar, assim como de lavar  Dispon\u00edvel num largo leque de modelos e cores para combinar com a sua sala  Veja a transforma\u00e7\u00e3o do sof\u00e1 de canto:  https:\/\/youtu.be\/5OyV3jtNNFs\" \/>\n<meta property=\"og:url\" content=\"https:\/\/curiosidadesedicas.com\/loja\/en\/product\/capa-elastica-p-sofa-de-canto-roque\/\" \/>\n<meta property=\"og:site_name\" content=\"Curiosidades &amp; Dicas, Lda\" \/>\n<meta property=\"article:modified_time\" content=\"2025-04-03T10:48:23+00:00\" \/>\n<meta property=\"og:image\" content=\"https:\/\/curiosidadesedicas.com\/loja\/wp-content\/uploads\/2022\/03\/1-1.png\" \/>\n\t<meta property=\"og:image:width\" content=\"1250\" \/>\n\t<meta property=\"og:image:height\" content=\"1250\" \/>\n\t<meta property=\"og:image:type\" content=\"image\/png\" \/>\n<meta name=\"twitter:card\" content=\"summary_large_image\" \/>\n<meta name=\"twitter:label1\" content=\"Est. reading time\" \/>\n\t<meta name=\"twitter:data1\" content=\"3 minutes\" \/>\n<script type=\"application\/ld+json\" class=\"yoast-schema-graph\">{\"@context\":\"https:\/\/schema.org\",\"@graph\":[{\"@type\":\"WebPage\",\"@id\":\"https:\/\/curiosidadesedicas.com\/loja\/produto\/capa-elastica-p-sofa-de-canto-roque\/\",\"url\":\"https:\/\/curiosidadesedicas.com\/loja\/produto\/capa-elastica-p-sofa-de-canto-roque\/\",\"name\":\"CAPA EL\u00c1STICA P\/ SOF\u00c1 DE CANTO ROQUE - Curiosidades &amp; Dicas, Lda\",\"isPartOf\":{\"@id\":\"https:\/\/curiosidadesedicas.com\/loja\/#website\"},\"primaryImageOfPage\":{\"@id\":\"https:\/\/curiosidadesedicas.com\/loja\/produto\/capa-elastica-p-sofa-de-canto-roque\/#primaryimage\"},\"image\":{\"@id\":\"https:\/\/curiosidadesedicas.com\/loja\/produto\/capa-elastica-p-sofa-de-canto-roque\/#primaryimage\"},\"thumbnailUrl\":\"https:\/\/curiosidadesedicas.com\/loja\/wp-content\/uploads\/2022\/03\/1-1.png\",\"datePublished\":\"2022-03-07T21:53:38+00:00\",\"dateModified\":\"2025-04-03T10:48:23+00:00\",\"breadcrumb\":{\"@id\":\"https:\/\/curiosidadesedicas.com\/loja\/produto\/capa-elastica-p-sofa-de-canto-roque\/#breadcrumb\"},\"inLanguage\":\"en-US\",\"potentialAction\":[{\"@type\":\"ReadAction\",\"target\":[\"https:\/\/curiosidadesedicas.com\/loja\/produto\/capa-elastica-p-sofa-de-canto-roque\/\"]}]},{\"@type\":\"ImageObject\",\"inLanguage\":\"en-US\",\"@id\":\"https:\/\/curiosidadesedicas.com\/loja\/produto\/capa-elastica-p-sofa-de-canto-roque\/#primaryimage\",\"url\":\"https:\/\/curiosidadesedicas.com\/loja\/wp-content\/uploads\/2022\/03\/1-1.png\",\"contentUrl\":\"https:\/\/curiosidadesedicas.com\/loja\/wp-content\/uploads\/2022\/03\/1-1.png\",\"width\":1250,\"height\":1250},{\"@type\":\"BreadcrumbList\",\"@id\":\"https:\/\/curiosidadesedicas.com\/loja\/produto\/capa-elastica-p-sofa-de-canto-roque\/#breadcrumb\",\"itemListElement\":[{\"@type\":\"ListItem\",\"position\":1,\"name\":\"In\u00edcio\",\"item\":\"https:\/\/curiosidadesedicas.com\/loja\/\"},{\"@type\":\"ListItem\",\"position\":2,\"name\":\"Produtos\",\"item\":\"https:\/\/curiosidadesedicas.com\/loja\/produtos\/\"},{\"@type\":\"ListItem\",\"position\":3,\"name\":\"CAPA EL\u00c1STICA P\/ SOF\u00c1 DE CANTO ROQUE\"}]},{\"@type\":\"WebSite\",\"@id\":\"https:\/\/curiosidadesedicas.com\/loja\/#website\",\"url\":\"https:\/\/curiosidadesedicas.com\/loja\/\",\"name\":\"Curiosidades &amp; Dicas, Lda\",\"description\":\"Apaixonados Por Inova\u00e7\u00e3o\",\"publisher\":{\"@id\":\"https:\/\/curiosidadesedicas.com\/loja\/#organization\"},\"potentialAction\":[{\"@type\":\"SearchAction\",\"target\":{\"@type\":\"EntryPoint\",\"urlTemplate\":\"https:\/\/curiosidadesedicas.com\/loja\/?s={search_term_string}\"},\"query-input\":{\"@type\":\"PropertyValueSpecification\",\"valueRequired\":true,\"valueName\":\"search_term_string\"}}],\"inLanguage\":\"en-US\"},{\"@type\":\"Organization\",\"@id\":\"https:\/\/curiosidadesedicas.com\/loja\/#organization\",\"name\":\"Curiosidades & Dicas\",\"url\":\"https:\/\/curiosidadesedicas.com\/loja\/\",\"logo\":{\"@type\":\"ImageObject\",\"inLanguage\":\"en-US\",\"@id\":\"https:\/\/curiosidadesedicas.com\/loja\/#\/schema\/logo\/image\/\",\"url\":\"https:\/\/curiosidadesedicas.com\/loja\/wp-content\/uploads\/2020\/05\/LogoCuriosidadesSimples.png\",\"contentUrl\":\"https:\/\/curiosidadesedicas.com\/loja\/wp-content\/uploads\/2020\/05\/LogoCuriosidadesSimples.png\",\"width\":3528,\"height\":804,\"caption\":\"Curiosidades & Dicas\"},\"image\":{\"@id\":\"https:\/\/curiosidadesedicas.com\/loja\/#\/schema\/logo\/image\/\"}}]}<\/script>\n<!-- \/ Yoast SEO plugin. -->","yoast_head_json":{"title":"CAPA EL\u00c1STICA P\/ SOF\u00c1 DE CANTO ROQUE - Curiosidades &amp; Dicas, Lda","robots":{"index":"index","follow":"follow","max-snippet":"max-snippet:-1","max-image-preview":"max-image-preview:large","max-video-preview":"max-video-preview:-1"},"canonical":"https:\/\/curiosidadesedicas.com\/loja\/en\/product\/capa-elastica-p-sofa-de-canto-roque\/","og_locale":"en_US","og_type":"article","og_title":"CAPA EL\u00c1STICA P\/ SOF\u00c1 DE CANTO ROQUE - Curiosidades &amp; Dicas, Lda","og_description":"Capa muito pr\u00e1tica, confecionada com tecido el\u00e1stico de qualidade  Prote\u00e7\u00e3o total para o seu sof\u00e1 de canto e adapta\u00e7\u00e3o mais f\u00e1cil gra\u00e7as \u00e0 sua elasticidade  Pr\u00e1tica e ajust\u00e1vel, \u00e9 muito f\u00e1cil de colocar e retirar, assim como de lavar  Dispon\u00edvel num largo leque de modelos e cores para combinar com a sua sala  Veja a transforma\u00e7\u00e3o do sof\u00e1 de canto:  https:\/\/youtu.be\/5OyV3jtNNFs","og_url":"https:\/\/curiosidadesedicas.com\/loja\/en\/product\/capa-elastica-p-sofa-de-canto-roque\/","og_site_name":"Curiosidades &amp; Dicas, Lda","article_modified_time":"2025-04-03T10:48:23+00:00","og_image":[{"width":1250,"height":1250,"url":"https:\/\/curiosidadesedicas.com\/loja\/wp-content\/uploads\/2022\/03\/1-1.png","type":"image\/png"}],"twitter_card":"summary_large_image","twitter_misc":{"Est. reading time":"3 minutes"},"schema":{"@context":"https:\/\/schema.org","@graph":[{"@type":"WebPage","@id":"https:\/\/curiosidadesedicas.com\/loja\/produto\/capa-elastica-p-sofa-de-canto-roque\/","url":"https:\/\/curiosidadesedicas.com\/loja\/produto\/capa-elastica-p-sofa-de-canto-roque\/","name":"CAPA EL\u00c1STICA P\/ SOF\u00c1 DE CANTO ROQUE - Curiosidades &amp; Dicas, Lda","isPartOf":{"@id":"https:\/\/curiosidadesedicas.com\/loja\/#website"},"primaryImageOfPage":{"@id":"https:\/\/curiosidadesedicas.com\/loja\/produto\/capa-elastica-p-sofa-de-canto-roque\/#primaryimage"},"image":{"@id":"https:\/\/curiosidadesedicas.com\/loja\/produto\/capa-elastica-p-sofa-de-canto-roque\/#primaryimage"},"thumbnailUrl":"https:\/\/curiosidadesedicas.com\/loja\/wp-content\/uploads\/2022\/03\/1-1.png","datePublished":"2022-03-07T21:53:38+00:00","dateModified":"2025-04-03T10:48:23+00:00","breadcrumb":{"@id":"https:\/\/curiosidadesedicas.com\/loja\/produto\/capa-elastica-p-sofa-de-canto-roque\/#breadcrumb"},"inLanguage":"en-US","potentialAction":[{"@type":"ReadAction","target":["https:\/\/curiosidadesedicas.com\/loja\/produto\/capa-elastica-p-sofa-de-canto-roque\/"]}]},{"@type":"ImageObject","inLanguage":"en-US","@id":"https:\/\/curiosidadesedicas.com\/loja\/produto\/capa-elastica-p-sofa-de-canto-roque\/#primaryimage","url":"https:\/\/curiosidadesedicas.com\/loja\/wp-content\/uploads\/2022\/03\/1-1.png","contentUrl":"https:\/\/curiosidadesedicas.com\/loja\/wp-content\/uploads\/2022\/03\/1-1.png","width":1250,"height":1250},{"@type":"BreadcrumbList","@id":"https:\/\/curiosidadesedicas.com\/loja\/produto\/capa-elastica-p-sofa-de-canto-roque\/#breadcrumb","itemListElement":[{"@type":"ListItem","position":1,"name":"In\u00edcio","item":"https:\/\/curiosidadesedicas.com\/loja\/"},{"@type":"ListItem","position":2,"name":"Produtos","item":"https:\/\/curiosidadesedicas.com\/loja\/produtos\/"},{"@type":"ListItem","position":3,"name":"CAPA EL\u00c1STICA P\/ SOF\u00c1 DE CANTO ROQUE"}]},{"@type":"WebSite","@id":"https:\/\/curiosidadesedicas.com\/loja\/#website","url":"https:\/\/curiosidadesedicas.com\/loja\/","name":"Curiosidades &amp; Dicas, Lda","description":"Apaixonados Por Inova\u00e7\u00e3o","publisher":{"@id":"https:\/\/curiosidadesedicas.com\/loja\/#organization"},"potentialAction":[{"@type":"SearchAction","target":{"@type":"EntryPoint","urlTemplate":"https:\/\/curiosidadesedicas.com\/loja\/?s={search_term_string}"},"query-input":{"@type":"PropertyValueSpecification","valueRequired":true,"valueName":"search_term_string"}}],"inLanguage":"en-US"},{"@type":"Organization","@id":"https:\/\/curiosidadesedicas.com\/loja\/#organization","name":"Curiosidades & Dicas","url":"https:\/\/curiosidadesedicas.com\/loja\/","logo":{"@type":"ImageObject","inLanguage":"en-US","@id":"https:\/\/curiosidadesedicas.com\/loja\/#\/schema\/logo\/image\/","url":"https:\/\/curiosidadesedicas.com\/loja\/wp-content\/uploads\/2020\/05\/LogoCuriosidadesSimples.png","contentUrl":"https:\/\/curiosidadesedicas.com\/loja\/wp-content\/uploads\/2020\/05\/LogoCuriosidadesSimples.png","width":3528,"height":804,"caption":"Curiosidades & Dicas"},"image":{"@id":"https:\/\/curiosidadesedicas.com\/loja\/#\/schema\/logo\/image\/"}}]}},"_links":{"self":[{"href":"https:\/\/curiosidadesedicas.com\/loja\/en\/wp-json\/wp\/v2\/product\/24966","targetHints":{"allow":["GET"]}}],"collection":[{"href":"https:\/\/curiosidadesedicas.com\/loja\/en\/wp-json\/wp\/v2\/product"}],"about":[{"href":"https:\/\/curiosidadesedicas.com\/loja\/en\/wp-json\/wp\/v2\/types\/product"}],"replies":[{"embeddable":true,"href":"https:\/\/curiosidadesedicas.com\/loja\/en\/wp-json\/wp\/v2\/comments?post=24966"}],"wp:featuredmedia":[{"embeddable":true,"href":"https:\/\/curiosidadesedicas.com\/loja\/en\/wp-json\/wp\/v2\/media\/28431"}],"wp:attachment":[{"href":"https:\/\/curiosidadesedicas.com\/loja\/en\/wp-json\/wp\/v2\/media?parent=24966"}],"wp:term":[{"taxonomy":"product_brand","embeddable":true,"href":"https:\/\/curiosidadesedicas.com\/loja\/en\/wp-json\/wp\/v2\/product_brand?post=24966"},{"taxonomy":"product_cat","embeddable":true,"href":"https:\/\/curiosidadesedicas.com\/loja\/en\/wp-json\/wp\/v2\/product_cat?post=24966"},{"taxonomy":"product_tag","embeddable":true,"href":"https:\/\/curiosidadesedicas.com\/loja\/en\/wp-json\/wp\/v2\/product_tag?post=24966"}],"curies":[{"name":"wp","href":"https:\/\/api.w.org\/{rel}","templated":true}]}}