{"id":24790,"date":"2022-02-27T16:55:41","date_gmt":"2022-02-27T16:55:41","guid":{"rendered":"https:\/\/curiosidadesedicas.com\/loja\/?post_type=product&#038;p=24790"},"modified":"2025-03-13T09:54:07","modified_gmt":"2025-03-13T09:54:07","slug":"aparelho-de-massagem-corporal-ems-atrainik","status":"publish","type":"product","link":"https:\/\/curiosidadesedicas.com\/loja\/en\/product\/aparelho-de-massagem-corporal-ems-atrainik\/","title":{"rendered":"APARELHO DE MASSAGEM CORPORAL EMS ATRAINIK"},"content":{"rendered":"<p>Um aparelho de massagem corporal que realiza um treino muscular intenso atrav\u00e9s de eletroestimula\u00e7\u00e3o (EMS), modelando o corpo (eletroescultura corporal). O aparelho tonifica e fortalece os m\u00fasculos e promove a elimina\u00e7\u00e3o de gordura, proporcionando um efeito eficaz. Com 6 modos de massagem e 10 n\u00edveis de intensidade que se adaptam \u00e0s diferentes necessidades, desde uma massagem de aquecimento ou relaxamento mais suave a uma potente massagem de exerc\u00edcio intenso. Gra\u00e7as ao seu design ergon\u00f3mico que permite m\u00faltiplas posi\u00e7\u00f5es e fun\u00e7\u00f5es, este \u00e9 um aparelho que proporciona m\u00faltiplos benef\u00edcios e que pode ser utilizado em v\u00e1rias partes do corpo (abd\u00f3men, pernas, bra\u00e7os, n\u00e1degas, cintura, costas, ombros, pesco\u00e7o, etc.). Os 4 adesivos magn\u00e9ticos s\u00e3o reutiliz\u00e1veis (2 + 2 pe\u00e7as sobressalentes) e aderem perfeitamente \u00e0 pele, sendo fixados por via magn\u00e9tica aos dois m\u00f3dulos do dispositivo. Este vers\u00e1til aparelho de massagem por eletroestimula\u00e7\u00e3o \u00e9 c\u00f3modo, discreto e silencioso, pelo que pode ser utilizado em v\u00e1rios momentos e locais (em casa, durante o teletrabalho, no gin\u00e1sio, em sess\u00f5es de gin\u00e1stica ou yoga, etc.). Al\u00e9m disso, \u00e9 muito f\u00e1cil de usar, transportar e armazenar, visto ser leve, compacto, recarreg\u00e1vel e port\u00e1til. Recomenda-se o uso di\u00e1rio por um m\u00e1ximo de 10 minutos. Cabo de carregamento DC-USB inclu\u00eddo.<\/p>\n<p><img decoding=\"async\" src=\"https:\/\/curiosidadesedicas.com\/loja\/wp-content\/uploads\/2022\/02\/aparelho-de-massagem-corporal-ems-atrainik-innovagoods_315948-9.jpg\" \/><\/p>","protected":false},"excerpt":{"rendered":"<ul>\n<li>Material: ABS<\/li>\n<li>Design moderno: Ergon\u00f3mico<\/li>\n<li>Tipo:\n<ul>\n<li>El\u00e9trico<\/li>\n<li>Recarreg\u00e1vel<\/li>\n<li>Sem Fios<\/li>\n<\/ul>\n<\/li>\n<li>Eletroestimula\u00e7\u00e3o (EMS): Fun\u00e7\u00e3o massajadora<\/li>\n<li>Multifun\u00e7\u00e3o: 6 modos de massagem<\/li>\n<li>Intensidade regul\u00e1vel: 10 n\u00edveis de intensidade<\/li>\n<li>Adesivos magn\u00e9ticos:\n<ul>\n<li>x4<\/li>\n<li>Reutiliz\u00e1vel<\/li>\n<\/ul>\n<\/li>\n<li>M\u00faltiplas posi\u00e7\u00f5es: Abdominais, bra\u00e7os, pernas, gl\u00fateos, cintura, costas, etc.<\/li>\n<li>Apoio est\u00e1vel: Ades\u00e3o perfeita \u00e0 pele<\/li>\n<li>Efeito adelga\u00e7ante:\n<ul>\n<li>Promove a elimina\u00e7\u00e3o de gorduras e toxinas<\/li>\n<li>Ideal para relaxar e tonificar os m\u00fasculos e moldar a figura<\/li>\n<\/ul>\n<\/li>\n<li>Vers\u00e1til e adapt\u00e1vel: Diversas utiliza\u00e7\u00f5es e espa\u00e7os<\/li>\n<li>Silencioso: Utiliza\u00e7\u00e3o c\u00f3moda, simples e segura<\/li>\n<li>Original e port\u00e1til: Leve e male\u00e1vel<\/li>\n<li>Tamanho Reduzido Compacto: F\u00e1cil de transportar e de guardar<\/li>\n<li>Carga USB: Inclui cabo DC-USB<\/li>\n<li>Bateria: Li-ion 150 mAh \/ 0,55 Wh<\/li>\n<li>DC In: 5 V \/ 500 mA<\/li>\n<li>Medidas aprox.: 2 x 5,6 x 6,1 x 1,8 cm<\/li>\n<\/ul>","protected":false},"featured_media":24803,"comment_status":"open","ping_status":"closed","template":"","meta":{"_glsr_average":0,"_glsr_ranking":0,"_glsr_reviews":0},"product_brand":[],"product_cat":[357,360,359,358],"product_tag":[],"class_list":{"0":"post-24790","1":"product","2":"type-product","3":"status-publish","4":"has-post-thumbnail","6":"product_cat-bem-estar","7":"product_cat-beleza","8":"product_cat-relax","9":"product_cat-saude-e-higiene","11":"first","12":"instock","13":"taxable","14":"shipping-taxable","15":"purchasable","16":"product-type-simple"},"yoast_head":"<!-- This site is optimized with the Yoast SEO plugin v26.8 - https:\/\/yoast.com\/product\/yoast-seo-wordpress\/ -->\n<title>APARELHO DE MASSAGEM CORPORAL EMS ATRAINIK - Curiosidades &amp; Dicas, Lda<\/title>\n<meta name=\"robots\" content=\"index, follow, max-snippet:-1, max-image-preview:large, max-video-preview:-1\" \/>\n<link rel=\"canonical\" href=\"https:\/\/curiosidadesedicas.com\/loja\/en\/product\/aparelho-de-massagem-corporal-ems-atrainik\/\" \/>\n<meta property=\"og:locale\" content=\"en_US\" \/>\n<meta property=\"og:type\" content=\"article\" \/>\n<meta property=\"og:title\" content=\"APARELHO DE MASSAGEM CORPORAL EMS ATRAINIK - Curiosidades &amp; Dicas, Lda\" \/>\n<meta property=\"og:description\" content=\"Material: ABS  Design moderno: Ergon\u00f3mico  Tipo:   El\u00e9trico  Recarreg\u00e1vel  Sem Fios    Eletroestimula\u00e7\u00e3o (EMS): Fun\u00e7\u00e3o massajadora  Multifun\u00e7\u00e3o: 6 modos de massagem  Intensidade regul\u00e1vel: 10 n\u00edveis de intensidade  Adesivos magn\u00e9ticos:   x4  Reutiliz\u00e1vel    M\u00faltiplas posi\u00e7\u00f5es: Abdominais, bra\u00e7os, pernas, gl\u00fateos, cintura, costas, etc.  Apoio est\u00e1vel: Ades\u00e3o perfeita \u00e0 pele  Efeito adelga\u00e7ante:   Promove a elimina\u00e7\u00e3o de gorduras e toxinas  Ideal para relaxar e tonificar os m\u00fasculos e moldar a figura    Vers\u00e1til e adapt\u00e1vel: Diversas utiliza\u00e7\u00f5es e espa\u00e7os  Silencioso: Utiliza\u00e7\u00e3o c\u00f3moda, simples e segura  Original e port\u00e1til: Leve e male\u00e1vel  Tamanho Reduzido Compacto: F\u00e1cil de transportar e de guardar  Carga USB: Inclui cabo DC-USB  Bateria: Li-ion 150 mAh \/ 0,55 Wh  DC In: 5 V \/ 500 mA  Medidas aprox.: 2 x 5,6 x 6,1 x 1,8 cm\" \/>\n<meta property=\"og:url\" content=\"https:\/\/curiosidadesedicas.com\/loja\/en\/product\/aparelho-de-massagem-corporal-ems-atrainik\/\" \/>\n<meta property=\"og:site_name\" content=\"Curiosidades &amp; Dicas, Lda\" \/>\n<meta property=\"article:modified_time\" content=\"2025-03-13T09:54:07+00:00\" \/>\n<meta property=\"og:image\" content=\"https:\/\/curiosidadesedicas.com\/loja\/wp-content\/uploads\/2022\/02\/aparelho-de-massagem-corporal-ems-atrainik-innovagoods_315948.jpg\" \/>\n\t<meta property=\"og:image:width\" content=\"600\" \/>\n\t<meta property=\"og:image:height\" content=\"600\" \/>\n\t<meta property=\"og:image:type\" content=\"image\/jpeg\" \/>\n<meta name=\"twitter:card\" content=\"summary_large_image\" \/>\n<meta name=\"twitter:label1\" content=\"Est. reading time\" \/>\n\t<meta name=\"twitter:data1\" content=\"2 minutes\" \/>\n<script type=\"application\/ld+json\" class=\"yoast-schema-graph\">{\"@context\":\"https:\/\/schema.org\",\"@graph\":[{\"@type\":\"WebPage\",\"@id\":\"https:\/\/curiosidadesedicas.com\/loja\/produto\/aparelho-de-massagem-corporal-ems-atrainik\/\",\"url\":\"https:\/\/curiosidadesedicas.com\/loja\/produto\/aparelho-de-massagem-corporal-ems-atrainik\/\",\"name\":\"APARELHO DE MASSAGEM CORPORAL EMS ATRAINIK - Curiosidades &amp; Dicas, Lda\",\"isPartOf\":{\"@id\":\"https:\/\/curiosidadesedicas.com\/loja\/#website\"},\"primaryImageOfPage\":{\"@id\":\"https:\/\/curiosidadesedicas.com\/loja\/produto\/aparelho-de-massagem-corporal-ems-atrainik\/#primaryimage\"},\"image\":{\"@id\":\"https:\/\/curiosidadesedicas.com\/loja\/produto\/aparelho-de-massagem-corporal-ems-atrainik\/#primaryimage\"},\"thumbnailUrl\":\"https:\/\/curiosidadesedicas.com\/loja\/wp-content\/uploads\/2022\/02\/aparelho-de-massagem-corporal-ems-atrainik-innovagoods_315948.jpg\",\"datePublished\":\"2022-02-27T16:55:41+00:00\",\"dateModified\":\"2025-03-13T09:54:07+00:00\",\"breadcrumb\":{\"@id\":\"https:\/\/curiosidadesedicas.com\/loja\/produto\/aparelho-de-massagem-corporal-ems-atrainik\/#breadcrumb\"},\"inLanguage\":\"en-US\",\"potentialAction\":[{\"@type\":\"ReadAction\",\"target\":[\"https:\/\/curiosidadesedicas.com\/loja\/produto\/aparelho-de-massagem-corporal-ems-atrainik\/\"]}]},{\"@type\":\"ImageObject\",\"inLanguage\":\"en-US\",\"@id\":\"https:\/\/curiosidadesedicas.com\/loja\/produto\/aparelho-de-massagem-corporal-ems-atrainik\/#primaryimage\",\"url\":\"https:\/\/curiosidadesedicas.com\/loja\/wp-content\/uploads\/2022\/02\/aparelho-de-massagem-corporal-ems-atrainik-innovagoods_315948.jpg\",\"contentUrl\":\"https:\/\/curiosidadesedicas.com\/loja\/wp-content\/uploads\/2022\/02\/aparelho-de-massagem-corporal-ems-atrainik-innovagoods_315948.jpg\",\"width\":600,\"height\":600},{\"@type\":\"BreadcrumbList\",\"@id\":\"https:\/\/curiosidadesedicas.com\/loja\/produto\/aparelho-de-massagem-corporal-ems-atrainik\/#breadcrumb\",\"itemListElement\":[{\"@type\":\"ListItem\",\"position\":1,\"name\":\"In\u00edcio\",\"item\":\"https:\/\/curiosidadesedicas.com\/loja\/\"},{\"@type\":\"ListItem\",\"position\":2,\"name\":\"Produtos\",\"item\":\"https:\/\/curiosidadesedicas.com\/loja\/produtos\/\"},{\"@type\":\"ListItem\",\"position\":3,\"name\":\"APARELHO DE MASSAGEM CORPORAL EMS ATRAINIK\"}]},{\"@type\":\"WebSite\",\"@id\":\"https:\/\/curiosidadesedicas.com\/loja\/#website\",\"url\":\"https:\/\/curiosidadesedicas.com\/loja\/\",\"name\":\"Curiosidades &amp; Dicas, Lda\",\"description\":\"Apaixonados Por Inova\u00e7\u00e3o\",\"publisher\":{\"@id\":\"https:\/\/curiosidadesedicas.com\/loja\/#organization\"},\"potentialAction\":[{\"@type\":\"SearchAction\",\"target\":{\"@type\":\"EntryPoint\",\"urlTemplate\":\"https:\/\/curiosidadesedicas.com\/loja\/?s={search_term_string}\"},\"query-input\":{\"@type\":\"PropertyValueSpecification\",\"valueRequired\":true,\"valueName\":\"search_term_string\"}}],\"inLanguage\":\"en-US\"},{\"@type\":\"Organization\",\"@id\":\"https:\/\/curiosidadesedicas.com\/loja\/#organization\",\"name\":\"Curiosidades & Dicas\",\"url\":\"https:\/\/curiosidadesedicas.com\/loja\/\",\"logo\":{\"@type\":\"ImageObject\",\"inLanguage\":\"en-US\",\"@id\":\"https:\/\/curiosidadesedicas.com\/loja\/#\/schema\/logo\/image\/\",\"url\":\"https:\/\/curiosidadesedicas.com\/loja\/wp-content\/uploads\/2020\/05\/LogoCuriosidadesSimples.png\",\"contentUrl\":\"https:\/\/curiosidadesedicas.com\/loja\/wp-content\/uploads\/2020\/05\/LogoCuriosidadesSimples.png\",\"width\":3528,\"height\":804,\"caption\":\"Curiosidades & Dicas\"},\"image\":{\"@id\":\"https:\/\/curiosidadesedicas.com\/loja\/#\/schema\/logo\/image\/\"}}]}<\/script>\n<!-- \/ Yoast SEO plugin. -->","yoast_head_json":{"title":"APARELHO DE MASSAGEM CORPORAL EMS ATRAINIK - Curiosidades &amp; Dicas, Lda","robots":{"index":"index","follow":"follow","max-snippet":"max-snippet:-1","max-image-preview":"max-image-preview:large","max-video-preview":"max-video-preview:-1"},"canonical":"https:\/\/curiosidadesedicas.com\/loja\/en\/product\/aparelho-de-massagem-corporal-ems-atrainik\/","og_locale":"en_US","og_type":"article","og_title":"APARELHO DE MASSAGEM CORPORAL EMS ATRAINIK - Curiosidades &amp; Dicas, Lda","og_description":"Material: ABS  Design moderno: Ergon\u00f3mico  Tipo:   El\u00e9trico  Recarreg\u00e1vel  Sem Fios    Eletroestimula\u00e7\u00e3o (EMS): Fun\u00e7\u00e3o massajadora  Multifun\u00e7\u00e3o: 6 modos de massagem  Intensidade regul\u00e1vel: 10 n\u00edveis de intensidade  Adesivos magn\u00e9ticos:   x4  Reutiliz\u00e1vel    M\u00faltiplas posi\u00e7\u00f5es: Abdominais, bra\u00e7os, pernas, gl\u00fateos, cintura, costas, etc.  Apoio est\u00e1vel: Ades\u00e3o perfeita \u00e0 pele  Efeito adelga\u00e7ante:   Promove a elimina\u00e7\u00e3o de gorduras e toxinas  Ideal para relaxar e tonificar os m\u00fasculos e moldar a figura    Vers\u00e1til e adapt\u00e1vel: Diversas utiliza\u00e7\u00f5es e espa\u00e7os  Silencioso: Utiliza\u00e7\u00e3o c\u00f3moda, simples e segura  Original e port\u00e1til: Leve e male\u00e1vel  Tamanho Reduzido Compacto: F\u00e1cil de transportar e de guardar  Carga USB: Inclui cabo DC-USB  Bateria: Li-ion 150 mAh \/ 0,55 Wh  DC In: 5 V \/ 500 mA  Medidas aprox.: 2 x 5,6 x 6,1 x 1,8 cm","og_url":"https:\/\/curiosidadesedicas.com\/loja\/en\/product\/aparelho-de-massagem-corporal-ems-atrainik\/","og_site_name":"Curiosidades &amp; Dicas, Lda","article_modified_time":"2025-03-13T09:54:07+00:00","og_image":[{"width":600,"height":600,"url":"https:\/\/curiosidadesedicas.com\/loja\/wp-content\/uploads\/2022\/02\/aparelho-de-massagem-corporal-ems-atrainik-innovagoods_315948.jpg","type":"image\/jpeg"}],"twitter_card":"summary_large_image","twitter_misc":{"Est. reading time":"2 minutes"},"schema":{"@context":"https:\/\/schema.org","@graph":[{"@type":"WebPage","@id":"https:\/\/curiosidadesedicas.com\/loja\/produto\/aparelho-de-massagem-corporal-ems-atrainik\/","url":"https:\/\/curiosidadesedicas.com\/loja\/produto\/aparelho-de-massagem-corporal-ems-atrainik\/","name":"APARELHO DE MASSAGEM CORPORAL EMS ATRAINIK - Curiosidades &amp; Dicas, Lda","isPartOf":{"@id":"https:\/\/curiosidadesedicas.com\/loja\/#website"},"primaryImageOfPage":{"@id":"https:\/\/curiosidadesedicas.com\/loja\/produto\/aparelho-de-massagem-corporal-ems-atrainik\/#primaryimage"},"image":{"@id":"https:\/\/curiosidadesedicas.com\/loja\/produto\/aparelho-de-massagem-corporal-ems-atrainik\/#primaryimage"},"thumbnailUrl":"https:\/\/curiosidadesedicas.com\/loja\/wp-content\/uploads\/2022\/02\/aparelho-de-massagem-corporal-ems-atrainik-innovagoods_315948.jpg","datePublished":"2022-02-27T16:55:41+00:00","dateModified":"2025-03-13T09:54:07+00:00","breadcrumb":{"@id":"https:\/\/curiosidadesedicas.com\/loja\/produto\/aparelho-de-massagem-corporal-ems-atrainik\/#breadcrumb"},"inLanguage":"en-US","potentialAction":[{"@type":"ReadAction","target":["https:\/\/curiosidadesedicas.com\/loja\/produto\/aparelho-de-massagem-corporal-ems-atrainik\/"]}]},{"@type":"ImageObject","inLanguage":"en-US","@id":"https:\/\/curiosidadesedicas.com\/loja\/produto\/aparelho-de-massagem-corporal-ems-atrainik\/#primaryimage","url":"https:\/\/curiosidadesedicas.com\/loja\/wp-content\/uploads\/2022\/02\/aparelho-de-massagem-corporal-ems-atrainik-innovagoods_315948.jpg","contentUrl":"https:\/\/curiosidadesedicas.com\/loja\/wp-content\/uploads\/2022\/02\/aparelho-de-massagem-corporal-ems-atrainik-innovagoods_315948.jpg","width":600,"height":600},{"@type":"BreadcrumbList","@id":"https:\/\/curiosidadesedicas.com\/loja\/produto\/aparelho-de-massagem-corporal-ems-atrainik\/#breadcrumb","itemListElement":[{"@type":"ListItem","position":1,"name":"In\u00edcio","item":"https:\/\/curiosidadesedicas.com\/loja\/"},{"@type":"ListItem","position":2,"name":"Produtos","item":"https:\/\/curiosidadesedicas.com\/loja\/produtos\/"},{"@type":"ListItem","position":3,"name":"APARELHO DE MASSAGEM CORPORAL EMS ATRAINIK"}]},{"@type":"WebSite","@id":"https:\/\/curiosidadesedicas.com\/loja\/#website","url":"https:\/\/curiosidadesedicas.com\/loja\/","name":"Curiosidades &amp; Dicas, Lda","description":"Apaixonados Por Inova\u00e7\u00e3o","publisher":{"@id":"https:\/\/curiosidadesedicas.com\/loja\/#organization"},"potentialAction":[{"@type":"SearchAction","target":{"@type":"EntryPoint","urlTemplate":"https:\/\/curiosidadesedicas.com\/loja\/?s={search_term_string}"},"query-input":{"@type":"PropertyValueSpecification","valueRequired":true,"valueName":"search_term_string"}}],"inLanguage":"en-US"},{"@type":"Organization","@id":"https:\/\/curiosidadesedicas.com\/loja\/#organization","name":"Curiosidades & Dicas","url":"https:\/\/curiosidadesedicas.com\/loja\/","logo":{"@type":"ImageObject","inLanguage":"en-US","@id":"https:\/\/curiosidadesedicas.com\/loja\/#\/schema\/logo\/image\/","url":"https:\/\/curiosidadesedicas.com\/loja\/wp-content\/uploads\/2020\/05\/LogoCuriosidadesSimples.png","contentUrl":"https:\/\/curiosidadesedicas.com\/loja\/wp-content\/uploads\/2020\/05\/LogoCuriosidadesSimples.png","width":3528,"height":804,"caption":"Curiosidades & Dicas"},"image":{"@id":"https:\/\/curiosidadesedicas.com\/loja\/#\/schema\/logo\/image\/"}}]}},"_links":{"self":[{"href":"https:\/\/curiosidadesedicas.com\/loja\/en\/wp-json\/wp\/v2\/product\/24790","targetHints":{"allow":["GET"]}}],"collection":[{"href":"https:\/\/curiosidadesedicas.com\/loja\/en\/wp-json\/wp\/v2\/product"}],"about":[{"href":"https:\/\/curiosidadesedicas.com\/loja\/en\/wp-json\/wp\/v2\/types\/product"}],"replies":[{"embeddable":true,"href":"https:\/\/curiosidadesedicas.com\/loja\/en\/wp-json\/wp\/v2\/comments?post=24790"}],"wp:featuredmedia":[{"embeddable":true,"href":"https:\/\/curiosidadesedicas.com\/loja\/en\/wp-json\/wp\/v2\/media\/24803"}],"wp:attachment":[{"href":"https:\/\/curiosidadesedicas.com\/loja\/en\/wp-json\/wp\/v2\/media?parent=24790"}],"wp:term":[{"taxonomy":"product_brand","embeddable":true,"href":"https:\/\/curiosidadesedicas.com\/loja\/en\/wp-json\/wp\/v2\/product_brand?post=24790"},{"taxonomy":"product_cat","embeddable":true,"href":"https:\/\/curiosidadesedicas.com\/loja\/en\/wp-json\/wp\/v2\/product_cat?post=24790"},{"taxonomy":"product_tag","embeddable":true,"href":"https:\/\/curiosidadesedicas.com\/loja\/en\/wp-json\/wp\/v2\/product_tag?post=24790"}],"curies":[{"name":"wp","href":"https:\/\/api.w.org\/{rel}","templated":true}]}}