{"id":24773,"date":"2022-02-27T16:38:04","date_gmt":"2022-02-27T16:38:04","guid":{"rendered":"https:\/\/curiosidadesedicas.com\/loja\/?post_type=product&#038;p=24773"},"modified":"2025-06-25T13:54:42","modified_gmt":"2025-06-25T13:54:42","slug":"camara-digital-infantil-kidmera","status":"publish","type":"product","link":"https:\/\/curiosidadesedicas.com\/loja\/en\/product\/camara-digital-infantil-kidmera\/","title":{"rendered":"C\u00c2MARA DIGITAL INFANTIL KIDMERA"},"content":{"rendered":"<p>Uma c\u00e2mara digital infantil com tripla fun\u00e7\u00e3o (fotos, v\u00eddeos e jogos) com a qual as crian\u00e7as v\u00e3o adorar brincar e desenvolver a sua criatividade. Tem um menu abrangente com muitas op\u00e7\u00f5es e configura\u00e7\u00f5es, fornecendo v\u00e1rios efeitos e temas de fundo para resultados mais originais e divertidos. O seu design compacto e moderno estilo reflexo, com cord\u00e3o para pendurar ao pesco\u00e7o, facilita o manuseio e evita quedas. As crian\u00e7as podem tirar e ver\/reproduzir fotos e v\u00eddeos com os seus amigos e familiares, ou jogar os v\u00e1rios jogos infantis inclu\u00eddos (op\u00e7\u00e3o jogos). Esta vers\u00e1til c\u00e2mara infantil multifuncional \u00e9 recarreg\u00e1vel e muito f\u00e1cil de utilizar. Possui ecr\u00e3 LCD de 2 polegadas e entrada para cart\u00f5es MicroSD com o m\u00e1ximo de 32 Gb (cart\u00e3o microSD n\u00e3o inclu\u00eddo). \u00c9 recomendada para crian\u00e7as maiores de 4 anos. Inclui cabo de carregamento USB para micro USB.<\/p>\n<p><img decoding=\"async\" src=\"https:\/\/curiosidadesedicas.com\/loja\/wp-content\/uploads\/2022\/02\/camara-digital-infantil-kidmera-innovagoods_315949-10.jpg\" \/><\/p>","protected":false},"excerpt":{"rendered":"<ul>\n<li>Material: ABS<\/li>\n<li>Cor: Azul<\/li>\n<li>Design moderno e juvenil: Estilo reflexo<\/li>\n<li>C\u00e2mara infantil: V\u00e1rios efeitos e temas de fundo<\/li>\n<li>Vers\u00e1til e adapt\u00e1vel: Menu com v\u00e1rias op\u00e7\u00f5es e configura\u00e7\u00f5es<\/li>\n<li>Ecr\u00e3 LCD: 2&#8221;<\/li>\n<li>Multifun\u00e7\u00e3o: 3-in-1<\/li>\n<li>Fun\u00e7\u00e3o foto: 3 Mpx<\/li>\n<li>Fun\u00e7\u00e3o v\u00eddeo: 1080 p<\/li>\n<li>Inclui: Fun\u00e7\u00e3o jogos<\/li>\n<li>Entrada de cart\u00f5es de mem\u00f3ria microSD (\u226432 Gb): Cart\u00e3o MicroSD n\u00e3o inclu\u00eddo<\/li>\n<li>Tamanho Reduzido Compacto: Ocupa pouco espa\u00e7o<\/li>\n<li>Cord\u00e3o para pendurar: F\u00e1cil de transportar e de guardar<\/li>\n<li>F\u00e1cil de utilizar: Utiliza\u00e7\u00e3o c\u00f3moda e simples<\/li>\n<li>Idade recomendada: 4+ Anos<\/li>\n<li>Recarreg\u00e1vel:\n<ul>\n<li>Carga USB<\/li>\n<li>Inclui cabo USB para micro USB<\/li>\n<\/ul>\n<\/li>\n<li>Bateria: Li-ion 600 mAh<\/li>\n<li>DC In: 5 V \/ 1 A<\/li>\n<li>Medidas aprox.: 8,5 x 6,5 x 5,5 cm<\/li>\n<\/ul>","protected":false},"featured_media":24831,"comment_status":"open","ping_status":"closed","template":"","meta":{"_glsr_average":0,"_glsr_ranking":0,"_glsr_reviews":0},"product_brand":[],"product_cat":[350,353,376,380],"product_tag":[],"class_list":{"0":"post-24773","1":"product","2":"type-product","3":"status-publish","4":"has-post-thumbnail","6":"product_cat-gadgets","7":"product_cat-p-criancas","8":"product_cat-som-e-imagem","9":"product_cat-cameras","11":"first","12":"outofstock","13":"taxable","14":"shipping-taxable","15":"purchasable","16":"product-type-simple"},"yoast_head":"<!-- This site is optimized with the Yoast SEO plugin v26.8 - https:\/\/yoast.com\/product\/yoast-seo-wordpress\/ -->\n<title>C\u00c2MARA DIGITAL INFANTIL KIDMERA - Curiosidades &amp; Dicas, Lda<\/title>\n<meta name=\"robots\" content=\"index, follow, max-snippet:-1, max-image-preview:large, max-video-preview:-1\" \/>\n<link rel=\"canonical\" href=\"https:\/\/curiosidadesedicas.com\/loja\/en\/product\/camara-digital-infantil-kidmera\/\" \/>\n<meta property=\"og:locale\" content=\"en_US\" \/>\n<meta property=\"og:type\" content=\"article\" \/>\n<meta property=\"og:title\" content=\"C\u00c2MARA DIGITAL INFANTIL KIDMERA - Curiosidades &amp; Dicas, Lda\" \/>\n<meta property=\"og:description\" content=\"Material: ABS  Cor: Azul  Design moderno e juvenil: Estilo reflexo  C\u00e2mara infantil: V\u00e1rios efeitos e temas de fundo  Vers\u00e1til e adapt\u00e1vel: Menu com v\u00e1rias op\u00e7\u00f5es e configura\u00e7\u00f5es  Ecr\u00e3 LCD: 2&#039;&#039;  Multifun\u00e7\u00e3o: 3-in-1  Fun\u00e7\u00e3o foto: 3 Mpx  Fun\u00e7\u00e3o v\u00eddeo: 1080 p  Inclui: Fun\u00e7\u00e3o jogos  Entrada de cart\u00f5es de mem\u00f3ria microSD (\u226432 Gb): Cart\u00e3o MicroSD n\u00e3o inclu\u00eddo  Tamanho Reduzido Compacto: Ocupa pouco espa\u00e7o  Cord\u00e3o para pendurar: F\u00e1cil de transportar e de guardar  F\u00e1cil de utilizar: Utiliza\u00e7\u00e3o c\u00f3moda e simples  Idade recomendada: 4+ Anos  Recarreg\u00e1vel:   Carga USB  Inclui cabo USB para micro USB    Bateria: Li-ion 600 mAh  DC In: 5 V \/ 1 A  Medidas aprox.: 8,5 x 6,5 x 5,5 cm\" \/>\n<meta property=\"og:url\" content=\"https:\/\/curiosidadesedicas.com\/loja\/en\/product\/camara-digital-infantil-kidmera\/\" \/>\n<meta property=\"og:site_name\" content=\"Curiosidades &amp; Dicas, Lda\" \/>\n<meta property=\"article:modified_time\" content=\"2025-06-25T13:54:42+00:00\" \/>\n<meta property=\"og:image\" content=\"https:\/\/curiosidadesedicas.com\/loja\/wp-content\/uploads\/2022\/02\/camara-digital-infantil-kidmera-innovagoods_315949.jpg\" \/>\n\t<meta property=\"og:image:width\" content=\"600\" \/>\n\t<meta property=\"og:image:height\" content=\"600\" \/>\n\t<meta property=\"og:image:type\" content=\"image\/jpeg\" \/>\n<meta name=\"twitter:card\" content=\"summary_large_image\" \/>\n<meta name=\"twitter:label1\" content=\"Est. reading time\" \/>\n\t<meta name=\"twitter:data1\" content=\"1 minute\" \/>\n<script type=\"application\/ld+json\" class=\"yoast-schema-graph\">{\"@context\":\"https:\/\/schema.org\",\"@graph\":[{\"@type\":\"WebPage\",\"@id\":\"https:\/\/curiosidadesedicas.com\/loja\/produto\/camara-digital-infantil-kidmera\/\",\"url\":\"https:\/\/curiosidadesedicas.com\/loja\/produto\/camara-digital-infantil-kidmera\/\",\"name\":\"C\u00c2MARA DIGITAL INFANTIL KIDMERA - Curiosidades &amp; Dicas, Lda\",\"isPartOf\":{\"@id\":\"https:\/\/curiosidadesedicas.com\/loja\/#website\"},\"primaryImageOfPage\":{\"@id\":\"https:\/\/curiosidadesedicas.com\/loja\/produto\/camara-digital-infantil-kidmera\/#primaryimage\"},\"image\":{\"@id\":\"https:\/\/curiosidadesedicas.com\/loja\/produto\/camara-digital-infantil-kidmera\/#primaryimage\"},\"thumbnailUrl\":\"https:\/\/curiosidadesedicas.com\/loja\/wp-content\/uploads\/2022\/02\/camara-digital-infantil-kidmera-innovagoods_315949.jpg\",\"datePublished\":\"2022-02-27T16:38:04+00:00\",\"dateModified\":\"2025-06-25T13:54:42+00:00\",\"breadcrumb\":{\"@id\":\"https:\/\/curiosidadesedicas.com\/loja\/produto\/camara-digital-infantil-kidmera\/#breadcrumb\"},\"inLanguage\":\"en-US\",\"potentialAction\":[{\"@type\":\"ReadAction\",\"target\":[\"https:\/\/curiosidadesedicas.com\/loja\/produto\/camara-digital-infantil-kidmera\/\"]}]},{\"@type\":\"ImageObject\",\"inLanguage\":\"en-US\",\"@id\":\"https:\/\/curiosidadesedicas.com\/loja\/produto\/camara-digital-infantil-kidmera\/#primaryimage\",\"url\":\"https:\/\/curiosidadesedicas.com\/loja\/wp-content\/uploads\/2022\/02\/camara-digital-infantil-kidmera-innovagoods_315949.jpg\",\"contentUrl\":\"https:\/\/curiosidadesedicas.com\/loja\/wp-content\/uploads\/2022\/02\/camara-digital-infantil-kidmera-innovagoods_315949.jpg\",\"width\":600,\"height\":600},{\"@type\":\"BreadcrumbList\",\"@id\":\"https:\/\/curiosidadesedicas.com\/loja\/produto\/camara-digital-infantil-kidmera\/#breadcrumb\",\"itemListElement\":[{\"@type\":\"ListItem\",\"position\":1,\"name\":\"In\u00edcio\",\"item\":\"https:\/\/curiosidadesedicas.com\/loja\/\"},{\"@type\":\"ListItem\",\"position\":2,\"name\":\"Produtos\",\"item\":\"https:\/\/curiosidadesedicas.com\/loja\/produtos\/\"},{\"@type\":\"ListItem\",\"position\":3,\"name\":\"C\u00c2MARA DIGITAL INFANTIL KIDMERA\"}]},{\"@type\":\"WebSite\",\"@id\":\"https:\/\/curiosidadesedicas.com\/loja\/#website\",\"url\":\"https:\/\/curiosidadesedicas.com\/loja\/\",\"name\":\"Curiosidades &amp; Dicas, Lda\",\"description\":\"Apaixonados Por Inova\u00e7\u00e3o\",\"publisher\":{\"@id\":\"https:\/\/curiosidadesedicas.com\/loja\/#organization\"},\"potentialAction\":[{\"@type\":\"SearchAction\",\"target\":{\"@type\":\"EntryPoint\",\"urlTemplate\":\"https:\/\/curiosidadesedicas.com\/loja\/?s={search_term_string}\"},\"query-input\":{\"@type\":\"PropertyValueSpecification\",\"valueRequired\":true,\"valueName\":\"search_term_string\"}}],\"inLanguage\":\"en-US\"},{\"@type\":\"Organization\",\"@id\":\"https:\/\/curiosidadesedicas.com\/loja\/#organization\",\"name\":\"Curiosidades & Dicas\",\"url\":\"https:\/\/curiosidadesedicas.com\/loja\/\",\"logo\":{\"@type\":\"ImageObject\",\"inLanguage\":\"en-US\",\"@id\":\"https:\/\/curiosidadesedicas.com\/loja\/#\/schema\/logo\/image\/\",\"url\":\"https:\/\/curiosidadesedicas.com\/loja\/wp-content\/uploads\/2020\/05\/LogoCuriosidadesSimples.png\",\"contentUrl\":\"https:\/\/curiosidadesedicas.com\/loja\/wp-content\/uploads\/2020\/05\/LogoCuriosidadesSimples.png\",\"width\":3528,\"height\":804,\"caption\":\"Curiosidades & Dicas\"},\"image\":{\"@id\":\"https:\/\/curiosidadesedicas.com\/loja\/#\/schema\/logo\/image\/\"}}]}<\/script>\n<!-- \/ Yoast SEO plugin. -->","yoast_head_json":{"title":"C\u00c2MARA DIGITAL INFANTIL KIDMERA - Curiosidades &amp; Dicas, Lda","robots":{"index":"index","follow":"follow","max-snippet":"max-snippet:-1","max-image-preview":"max-image-preview:large","max-video-preview":"max-video-preview:-1"},"canonical":"https:\/\/curiosidadesedicas.com\/loja\/en\/product\/camara-digital-infantil-kidmera\/","og_locale":"en_US","og_type":"article","og_title":"C\u00c2MARA DIGITAL INFANTIL KIDMERA - Curiosidades &amp; Dicas, Lda","og_description":"Material: ABS  Cor: Azul  Design moderno e juvenil: Estilo reflexo  C\u00e2mara infantil: V\u00e1rios efeitos e temas de fundo  Vers\u00e1til e adapt\u00e1vel: Menu com v\u00e1rias op\u00e7\u00f5es e configura\u00e7\u00f5es  Ecr\u00e3 LCD: 2''  Multifun\u00e7\u00e3o: 3-in-1  Fun\u00e7\u00e3o foto: 3 Mpx  Fun\u00e7\u00e3o v\u00eddeo: 1080 p  Inclui: Fun\u00e7\u00e3o jogos  Entrada de cart\u00f5es de mem\u00f3ria microSD (\u226432 Gb): Cart\u00e3o MicroSD n\u00e3o inclu\u00eddo  Tamanho Reduzido Compacto: Ocupa pouco espa\u00e7o  Cord\u00e3o para pendurar: F\u00e1cil de transportar e de guardar  F\u00e1cil de utilizar: Utiliza\u00e7\u00e3o c\u00f3moda e simples  Idade recomendada: 4+ Anos  Recarreg\u00e1vel:   Carga USB  Inclui cabo USB para micro USB    Bateria: Li-ion 600 mAh  DC In: 5 V \/ 1 A  Medidas aprox.: 8,5 x 6,5 x 5,5 cm","og_url":"https:\/\/curiosidadesedicas.com\/loja\/en\/product\/camara-digital-infantil-kidmera\/","og_site_name":"Curiosidades &amp; Dicas, Lda","article_modified_time":"2025-06-25T13:54:42+00:00","og_image":[{"width":600,"height":600,"url":"https:\/\/curiosidadesedicas.com\/loja\/wp-content\/uploads\/2022\/02\/camara-digital-infantil-kidmera-innovagoods_315949.jpg","type":"image\/jpeg"}],"twitter_card":"summary_large_image","twitter_misc":{"Est. reading time":"1 minute"},"schema":{"@context":"https:\/\/schema.org","@graph":[{"@type":"WebPage","@id":"https:\/\/curiosidadesedicas.com\/loja\/produto\/camara-digital-infantil-kidmera\/","url":"https:\/\/curiosidadesedicas.com\/loja\/produto\/camara-digital-infantil-kidmera\/","name":"C\u00c2MARA DIGITAL INFANTIL KIDMERA - Curiosidades &amp; Dicas, Lda","isPartOf":{"@id":"https:\/\/curiosidadesedicas.com\/loja\/#website"},"primaryImageOfPage":{"@id":"https:\/\/curiosidadesedicas.com\/loja\/produto\/camara-digital-infantil-kidmera\/#primaryimage"},"image":{"@id":"https:\/\/curiosidadesedicas.com\/loja\/produto\/camara-digital-infantil-kidmera\/#primaryimage"},"thumbnailUrl":"https:\/\/curiosidadesedicas.com\/loja\/wp-content\/uploads\/2022\/02\/camara-digital-infantil-kidmera-innovagoods_315949.jpg","datePublished":"2022-02-27T16:38:04+00:00","dateModified":"2025-06-25T13:54:42+00:00","breadcrumb":{"@id":"https:\/\/curiosidadesedicas.com\/loja\/produto\/camara-digital-infantil-kidmera\/#breadcrumb"},"inLanguage":"en-US","potentialAction":[{"@type":"ReadAction","target":["https:\/\/curiosidadesedicas.com\/loja\/produto\/camara-digital-infantil-kidmera\/"]}]},{"@type":"ImageObject","inLanguage":"en-US","@id":"https:\/\/curiosidadesedicas.com\/loja\/produto\/camara-digital-infantil-kidmera\/#primaryimage","url":"https:\/\/curiosidadesedicas.com\/loja\/wp-content\/uploads\/2022\/02\/camara-digital-infantil-kidmera-innovagoods_315949.jpg","contentUrl":"https:\/\/curiosidadesedicas.com\/loja\/wp-content\/uploads\/2022\/02\/camara-digital-infantil-kidmera-innovagoods_315949.jpg","width":600,"height":600},{"@type":"BreadcrumbList","@id":"https:\/\/curiosidadesedicas.com\/loja\/produto\/camara-digital-infantil-kidmera\/#breadcrumb","itemListElement":[{"@type":"ListItem","position":1,"name":"In\u00edcio","item":"https:\/\/curiosidadesedicas.com\/loja\/"},{"@type":"ListItem","position":2,"name":"Produtos","item":"https:\/\/curiosidadesedicas.com\/loja\/produtos\/"},{"@type":"ListItem","position":3,"name":"C\u00c2MARA DIGITAL INFANTIL KIDMERA"}]},{"@type":"WebSite","@id":"https:\/\/curiosidadesedicas.com\/loja\/#website","url":"https:\/\/curiosidadesedicas.com\/loja\/","name":"Curiosidades &amp; Dicas, Lda","description":"Apaixonados Por Inova\u00e7\u00e3o","publisher":{"@id":"https:\/\/curiosidadesedicas.com\/loja\/#organization"},"potentialAction":[{"@type":"SearchAction","target":{"@type":"EntryPoint","urlTemplate":"https:\/\/curiosidadesedicas.com\/loja\/?s={search_term_string}"},"query-input":{"@type":"PropertyValueSpecification","valueRequired":true,"valueName":"search_term_string"}}],"inLanguage":"en-US"},{"@type":"Organization","@id":"https:\/\/curiosidadesedicas.com\/loja\/#organization","name":"Curiosidades & Dicas","url":"https:\/\/curiosidadesedicas.com\/loja\/","logo":{"@type":"ImageObject","inLanguage":"en-US","@id":"https:\/\/curiosidadesedicas.com\/loja\/#\/schema\/logo\/image\/","url":"https:\/\/curiosidadesedicas.com\/loja\/wp-content\/uploads\/2020\/05\/LogoCuriosidadesSimples.png","contentUrl":"https:\/\/curiosidadesedicas.com\/loja\/wp-content\/uploads\/2020\/05\/LogoCuriosidadesSimples.png","width":3528,"height":804,"caption":"Curiosidades & Dicas"},"image":{"@id":"https:\/\/curiosidadesedicas.com\/loja\/#\/schema\/logo\/image\/"}}]}},"_links":{"self":[{"href":"https:\/\/curiosidadesedicas.com\/loja\/en\/wp-json\/wp\/v2\/product\/24773","targetHints":{"allow":["GET"]}}],"collection":[{"href":"https:\/\/curiosidadesedicas.com\/loja\/en\/wp-json\/wp\/v2\/product"}],"about":[{"href":"https:\/\/curiosidadesedicas.com\/loja\/en\/wp-json\/wp\/v2\/types\/product"}],"replies":[{"embeddable":true,"href":"https:\/\/curiosidadesedicas.com\/loja\/en\/wp-json\/wp\/v2\/comments?post=24773"}],"wp:featuredmedia":[{"embeddable":true,"href":"https:\/\/curiosidadesedicas.com\/loja\/en\/wp-json\/wp\/v2\/media\/24831"}],"wp:attachment":[{"href":"https:\/\/curiosidadesedicas.com\/loja\/en\/wp-json\/wp\/v2\/media?parent=24773"}],"wp:term":[{"taxonomy":"product_brand","embeddable":true,"href":"https:\/\/curiosidadesedicas.com\/loja\/en\/wp-json\/wp\/v2\/product_brand?post=24773"},{"taxonomy":"product_cat","embeddable":true,"href":"https:\/\/curiosidadesedicas.com\/loja\/en\/wp-json\/wp\/v2\/product_cat?post=24773"},{"taxonomy":"product_tag","embeddable":true,"href":"https:\/\/curiosidadesedicas.com\/loja\/en\/wp-json\/wp\/v2\/product_tag?post=24773"}],"curies":[{"name":"wp","href":"https:\/\/api.w.org\/{rel}","templated":true}]}}