{"id":24725,"date":"2022-02-25T11:03:09","date_gmt":"2022-02-25T11:03:09","guid":{"rendered":"https:\/\/curiosidadesedicas.com\/loja\/?post_type=product&#038;p=24725"},"modified":"2022-02-25T11:11:49","modified_gmt":"2022-02-25T11:11:49","slug":"churrasqueira-retangular-de-biocombustivel-c-chapa-de-ferro-fundido-bb02","status":"publish","type":"product","link":"https:\/\/curiosidadesedicas.com\/loja\/en\/product\/churrasqueira-retangular-de-biocombustivel-c-chapa-de-ferro-fundido-bb02\/","title":{"rendered":"CHURRASQUEIRA RETANGULAR DE BIOCOMBUST\u00cdVEL C\/ CHAPA DE FERRO FUNDIDO| BB02"},"content":{"rendered":"<p><strong>Informa\u00e7\u00e3o Importante!<\/strong><\/p>\n<ul>\n<li>Nunca reabastecer o dep\u00f3sito da churrasqueira com a chama acesa, deve aguardar aproximadamente 10 a 15 minutos pelo seu arrefecimento;<\/li>\n<li>Deve proceder \u00e0 leitura do manual de instru\u00e7\u00f5es para a sua utiliza\u00e7\u00e3o segura.<\/li>\n<\/ul>\n<p><img decoding=\"async\" src=\"https:\/\/curiosidadesedicas.com\/loja\/wp-content\/uploads\/2022\/02\/Barbacoa-3-44253-scaled.jpg\" \/><\/p>","protected":false},"excerpt":{"rendered":"<p>Desfrute de um churrasco sem fuma\u00e7a ou odores.<\/p>\n<ul>\n<li>Medidas (Comprimento x Profundidade x Altura): 47.5 x 32.5 x 29cm<\/li>\n<li>Peso: 13,8 kg<\/li>\n<li>Corpo em a\u00e7o + chapa em ferro fundido<\/li>\n<li>Superf\u00edcie de cozedura: 47,5 x 30cm<\/li>\n<li>Capacidade: 1 dep\u00f3sito de 1,5 L, fabricado em a\u00e7o inoxid\u00e1vel<\/li>\n<li>Incorpora fibra cer\u00e2mica para maior seguran\u00e7a.<\/li>\n<li>Sem odores, sem fuma\u00e7a, sem cinzas<\/li>\n<li>Independente de outra fonte de energia, como g\u00e1s ou eletricidade<\/li>\n<li>Inclui ferramenta para deslig\u00e1-lo<\/li>\n<\/ul>\n<p>As churrasqueiras utilizam um combust\u00edvel de origem vegetal, limpo e que respeita as normas ambientais. O bioetanol \u00e9 obtido atrav\u00e9s de um processo completamente natural, mediante a fermenta\u00e7\u00e3o de plantas, caules, cana de a\u00e7\u00facar, beterraba e pela destila\u00e7\u00e3o do amido de trigo e de milho.<\/p>\n<ul>\n<li>Poder\u00e1 encontrar\u00a0<a href=\"https:\/\/curiosidadesedicas.com\/loja\/en\/product-category\/aquecimento\/acessorios-p-bioetanol\/\" target=\"_blank\" rel=\"noopener\"><strong>aqui<\/strong><\/a>, o Combust\u00edvel Bietanol para as suas churrasqueiras.<\/li>\n<\/ul>\n<p>&nbsp;<\/p>\n<p><img decoding=\"async\" src=\"https:\/\/curiosidadesedicas.com\/loja\/wp-content\/uploads\/2022\/02\/Barbacoa-9-44253-scaled.jpg\" \/><\/p>","protected":false},"featured_media":24736,"comment_status":"open","ping_status":"closed","template":"","meta":{"_glsr_average":0,"_glsr_ranking":0,"_glsr_reviews":0},"product_brand":[],"product_cat":[368,513,365,367],"product_tag":[],"class_list":{"0":"post-24725","1":"product","2":"type-product","3":"status-publish","4":"has-post-thumbnail","6":"product_cat-aquecimento","7":"product_cat-churrasqueiras","8":"product_cat-para-o-lar","9":"product_cat-grelhadores","11":"first","12":"instock","13":"taxable","14":"shipping-taxable","15":"purchasable","16":"product-type-simple"},"yoast_head":"<!-- This site is optimized with the Yoast SEO plugin v26.8 - https:\/\/yoast.com\/product\/yoast-seo-wordpress\/ -->\n<title>CHURRASQUEIRA RETANGULAR DE BIOCOMBUST\u00cdVEL C\/ CHAPA DE FERRO FUNDIDO| BB02 - Curiosidades &amp; Dicas, Lda<\/title>\n<meta name=\"robots\" content=\"index, follow, max-snippet:-1, max-image-preview:large, max-video-preview:-1\" \/>\n<link rel=\"canonical\" href=\"https:\/\/curiosidadesedicas.com\/loja\/en\/product\/churrasqueira-retangular-de-biocombustivel-c-chapa-de-ferro-fundido-bb02\/\" \/>\n<meta property=\"og:locale\" content=\"en_US\" \/>\n<meta property=\"og:type\" content=\"article\" \/>\n<meta property=\"og:title\" content=\"CHURRASQUEIRA RETANGULAR DE BIOCOMBUST\u00cdVEL C\/ CHAPA DE FERRO FUNDIDO| BB02 - Curiosidades &amp; Dicas, Lda\" \/>\n<meta property=\"og:description\" content=\"Desfrute de um churrasco sem fuma\u00e7a ou odores.   Medidas (Comprimento x Profundidade x Altura): 47.5 x 32.5 x 29cm  Peso: 13,8 kg  Corpo em a\u00e7o + chapa em ferro fundido  Superf\u00edcie de cozedura: 47,5 x 30cm  Capacidade: 1 dep\u00f3sito de 1,5 L, fabricado em a\u00e7o inoxid\u00e1vel  Incorpora fibra cer\u00e2mica para maior seguran\u00e7a.  Sem odores, sem fuma\u00e7a, sem cinzas  Independente de outra fonte de energia, como g\u00e1s ou eletricidade  Inclui ferramenta para deslig\u00e1-lo  As churrasqueiras utilizam um combust\u00edvel de origem vegetal, limpo e que respeita as normas ambientais. O bioetanol \u00e9 obtido atrav\u00e9s de um processo completamente natural, mediante a fermenta\u00e7\u00e3o de plantas, caules, cana de a\u00e7\u00facar, beterraba e pela destila\u00e7\u00e3o do amido de trigo e de milho.   Poder\u00e1 encontrar\u00a0aqui, o Combust\u00edvel Bietanol para as suas churrasqueiras.  &nbsp;\" \/>\n<meta property=\"og:url\" content=\"https:\/\/curiosidadesedicas.com\/loja\/en\/product\/churrasqueira-retangular-de-biocombustivel-c-chapa-de-ferro-fundido-bb02\/\" \/>\n<meta property=\"og:site_name\" content=\"Curiosidades &amp; Dicas, Lda\" \/>\n<meta property=\"article:modified_time\" content=\"2022-02-25T11:11:49+00:00\" \/>\n<meta property=\"og:image\" content=\"https:\/\/curiosidadesedicas.com\/loja\/wp-content\/uploads\/2022\/02\/Capturar-43.png\" \/>\n\t<meta property=\"og:image:width\" content=\"434\" \/>\n\t<meta property=\"og:image:height\" content=\"406\" \/>\n\t<meta property=\"og:image:type\" content=\"image\/png\" \/>\n<meta name=\"twitter:card\" content=\"summary_large_image\" \/>\n<meta name=\"twitter:label1\" content=\"Est. reading time\" \/>\n\t<meta name=\"twitter:data1\" content=\"1 minute\" \/>\n<script type=\"application\/ld+json\" class=\"yoast-schema-graph\">{\"@context\":\"https:\/\/schema.org\",\"@graph\":[{\"@type\":\"WebPage\",\"@id\":\"https:\/\/curiosidadesedicas.com\/loja\/produto\/churrasqueira-retangular-de-biocombustivel-c-chapa-de-ferro-fundido-bb02\/\",\"url\":\"https:\/\/curiosidadesedicas.com\/loja\/produto\/churrasqueira-retangular-de-biocombustivel-c-chapa-de-ferro-fundido-bb02\/\",\"name\":\"CHURRASQUEIRA RETANGULAR DE BIOCOMBUST\u00cdVEL C\/ CHAPA DE FERRO FUNDIDO| BB02 - Curiosidades &amp; Dicas, Lda\",\"isPartOf\":{\"@id\":\"https:\/\/curiosidadesedicas.com\/loja\/#website\"},\"primaryImageOfPage\":{\"@id\":\"https:\/\/curiosidadesedicas.com\/loja\/produto\/churrasqueira-retangular-de-biocombustivel-c-chapa-de-ferro-fundido-bb02\/#primaryimage\"},\"image\":{\"@id\":\"https:\/\/curiosidadesedicas.com\/loja\/produto\/churrasqueira-retangular-de-biocombustivel-c-chapa-de-ferro-fundido-bb02\/#primaryimage\"},\"thumbnailUrl\":\"https:\/\/curiosidadesedicas.com\/loja\/wp-content\/uploads\/2022\/02\/Capturar-43.png\",\"datePublished\":\"2022-02-25T11:03:09+00:00\",\"dateModified\":\"2022-02-25T11:11:49+00:00\",\"breadcrumb\":{\"@id\":\"https:\/\/curiosidadesedicas.com\/loja\/produto\/churrasqueira-retangular-de-biocombustivel-c-chapa-de-ferro-fundido-bb02\/#breadcrumb\"},\"inLanguage\":\"en-US\",\"potentialAction\":[{\"@type\":\"ReadAction\",\"target\":[\"https:\/\/curiosidadesedicas.com\/loja\/produto\/churrasqueira-retangular-de-biocombustivel-c-chapa-de-ferro-fundido-bb02\/\"]}]},{\"@type\":\"ImageObject\",\"inLanguage\":\"en-US\",\"@id\":\"https:\/\/curiosidadesedicas.com\/loja\/produto\/churrasqueira-retangular-de-biocombustivel-c-chapa-de-ferro-fundido-bb02\/#primaryimage\",\"url\":\"https:\/\/curiosidadesedicas.com\/loja\/wp-content\/uploads\/2022\/02\/Capturar-43.png\",\"contentUrl\":\"https:\/\/curiosidadesedicas.com\/loja\/wp-content\/uploads\/2022\/02\/Capturar-43.png\",\"width\":434,\"height\":406},{\"@type\":\"BreadcrumbList\",\"@id\":\"https:\/\/curiosidadesedicas.com\/loja\/produto\/churrasqueira-retangular-de-biocombustivel-c-chapa-de-ferro-fundido-bb02\/#breadcrumb\",\"itemListElement\":[{\"@type\":\"ListItem\",\"position\":1,\"name\":\"In\u00edcio\",\"item\":\"https:\/\/curiosidadesedicas.com\/loja\/\"},{\"@type\":\"ListItem\",\"position\":2,\"name\":\"Produtos\",\"item\":\"https:\/\/curiosidadesedicas.com\/loja\/produtos\/\"},{\"@type\":\"ListItem\",\"position\":3,\"name\":\"CHURRASQUEIRA RETANGULAR DE BIOCOMBUST\u00cdVEL C\/ CHAPA DE FERRO FUNDIDO| BB02\"}]},{\"@type\":\"WebSite\",\"@id\":\"https:\/\/curiosidadesedicas.com\/loja\/#website\",\"url\":\"https:\/\/curiosidadesedicas.com\/loja\/\",\"name\":\"Curiosidades &amp; Dicas, Lda\",\"description\":\"Apaixonados Por Inova\u00e7\u00e3o\",\"publisher\":{\"@id\":\"https:\/\/curiosidadesedicas.com\/loja\/#organization\"},\"potentialAction\":[{\"@type\":\"SearchAction\",\"target\":{\"@type\":\"EntryPoint\",\"urlTemplate\":\"https:\/\/curiosidadesedicas.com\/loja\/?s={search_term_string}\"},\"query-input\":{\"@type\":\"PropertyValueSpecification\",\"valueRequired\":true,\"valueName\":\"search_term_string\"}}],\"inLanguage\":\"en-US\"},{\"@type\":\"Organization\",\"@id\":\"https:\/\/curiosidadesedicas.com\/loja\/#organization\",\"name\":\"Curiosidades & Dicas\",\"url\":\"https:\/\/curiosidadesedicas.com\/loja\/\",\"logo\":{\"@type\":\"ImageObject\",\"inLanguage\":\"en-US\",\"@id\":\"https:\/\/curiosidadesedicas.com\/loja\/#\/schema\/logo\/image\/\",\"url\":\"https:\/\/curiosidadesedicas.com\/loja\/wp-content\/uploads\/2020\/05\/LogoCuriosidadesSimples.png\",\"contentUrl\":\"https:\/\/curiosidadesedicas.com\/loja\/wp-content\/uploads\/2020\/05\/LogoCuriosidadesSimples.png\",\"width\":3528,\"height\":804,\"caption\":\"Curiosidades & Dicas\"},\"image\":{\"@id\":\"https:\/\/curiosidadesedicas.com\/loja\/#\/schema\/logo\/image\/\"}}]}<\/script>\n<!-- \/ Yoast SEO plugin. -->","yoast_head_json":{"title":"CHURRASQUEIRA RETANGULAR DE BIOCOMBUST\u00cdVEL C\/ CHAPA DE FERRO FUNDIDO| BB02 - Curiosidades &amp; Dicas, Lda","robots":{"index":"index","follow":"follow","max-snippet":"max-snippet:-1","max-image-preview":"max-image-preview:large","max-video-preview":"max-video-preview:-1"},"canonical":"https:\/\/curiosidadesedicas.com\/loja\/en\/product\/churrasqueira-retangular-de-biocombustivel-c-chapa-de-ferro-fundido-bb02\/","og_locale":"en_US","og_type":"article","og_title":"CHURRASQUEIRA RETANGULAR DE BIOCOMBUST\u00cdVEL C\/ CHAPA DE FERRO FUNDIDO| BB02 - Curiosidades &amp; Dicas, Lda","og_description":"Desfrute de um churrasco sem fuma\u00e7a ou odores.   Medidas (Comprimento x Profundidade x Altura): 47.5 x 32.5 x 29cm  Peso: 13,8 kg  Corpo em a\u00e7o + chapa em ferro fundido  Superf\u00edcie de cozedura: 47,5 x 30cm  Capacidade: 1 dep\u00f3sito de 1,5 L, fabricado em a\u00e7o inoxid\u00e1vel  Incorpora fibra cer\u00e2mica para maior seguran\u00e7a.  Sem odores, sem fuma\u00e7a, sem cinzas  Independente de outra fonte de energia, como g\u00e1s ou eletricidade  Inclui ferramenta para deslig\u00e1-lo  As churrasqueiras utilizam um combust\u00edvel de origem vegetal, limpo e que respeita as normas ambientais. O bioetanol \u00e9 obtido atrav\u00e9s de um processo completamente natural, mediante a fermenta\u00e7\u00e3o de plantas, caules, cana de a\u00e7\u00facar, beterraba e pela destila\u00e7\u00e3o do amido de trigo e de milho.   Poder\u00e1 encontrar\u00a0aqui, o Combust\u00edvel Bietanol para as suas churrasqueiras.  &nbsp;","og_url":"https:\/\/curiosidadesedicas.com\/loja\/en\/product\/churrasqueira-retangular-de-biocombustivel-c-chapa-de-ferro-fundido-bb02\/","og_site_name":"Curiosidades &amp; Dicas, Lda","article_modified_time":"2022-02-25T11:11:49+00:00","og_image":[{"width":434,"height":406,"url":"https:\/\/curiosidadesedicas.com\/loja\/wp-content\/uploads\/2022\/02\/Capturar-43.png","type":"image\/png"}],"twitter_card":"summary_large_image","twitter_misc":{"Est. reading time":"1 minute"},"schema":{"@context":"https:\/\/schema.org","@graph":[{"@type":"WebPage","@id":"https:\/\/curiosidadesedicas.com\/loja\/produto\/churrasqueira-retangular-de-biocombustivel-c-chapa-de-ferro-fundido-bb02\/","url":"https:\/\/curiosidadesedicas.com\/loja\/produto\/churrasqueira-retangular-de-biocombustivel-c-chapa-de-ferro-fundido-bb02\/","name":"CHURRASQUEIRA RETANGULAR DE BIOCOMBUST\u00cdVEL C\/ CHAPA DE FERRO FUNDIDO| BB02 - Curiosidades &amp; Dicas, Lda","isPartOf":{"@id":"https:\/\/curiosidadesedicas.com\/loja\/#website"},"primaryImageOfPage":{"@id":"https:\/\/curiosidadesedicas.com\/loja\/produto\/churrasqueira-retangular-de-biocombustivel-c-chapa-de-ferro-fundido-bb02\/#primaryimage"},"image":{"@id":"https:\/\/curiosidadesedicas.com\/loja\/produto\/churrasqueira-retangular-de-biocombustivel-c-chapa-de-ferro-fundido-bb02\/#primaryimage"},"thumbnailUrl":"https:\/\/curiosidadesedicas.com\/loja\/wp-content\/uploads\/2022\/02\/Capturar-43.png","datePublished":"2022-02-25T11:03:09+00:00","dateModified":"2022-02-25T11:11:49+00:00","breadcrumb":{"@id":"https:\/\/curiosidadesedicas.com\/loja\/produto\/churrasqueira-retangular-de-biocombustivel-c-chapa-de-ferro-fundido-bb02\/#breadcrumb"},"inLanguage":"en-US","potentialAction":[{"@type":"ReadAction","target":["https:\/\/curiosidadesedicas.com\/loja\/produto\/churrasqueira-retangular-de-biocombustivel-c-chapa-de-ferro-fundido-bb02\/"]}]},{"@type":"ImageObject","inLanguage":"en-US","@id":"https:\/\/curiosidadesedicas.com\/loja\/produto\/churrasqueira-retangular-de-biocombustivel-c-chapa-de-ferro-fundido-bb02\/#primaryimage","url":"https:\/\/curiosidadesedicas.com\/loja\/wp-content\/uploads\/2022\/02\/Capturar-43.png","contentUrl":"https:\/\/curiosidadesedicas.com\/loja\/wp-content\/uploads\/2022\/02\/Capturar-43.png","width":434,"height":406},{"@type":"BreadcrumbList","@id":"https:\/\/curiosidadesedicas.com\/loja\/produto\/churrasqueira-retangular-de-biocombustivel-c-chapa-de-ferro-fundido-bb02\/#breadcrumb","itemListElement":[{"@type":"ListItem","position":1,"name":"In\u00edcio","item":"https:\/\/curiosidadesedicas.com\/loja\/"},{"@type":"ListItem","position":2,"name":"Produtos","item":"https:\/\/curiosidadesedicas.com\/loja\/produtos\/"},{"@type":"ListItem","position":3,"name":"CHURRASQUEIRA RETANGULAR DE BIOCOMBUST\u00cdVEL C\/ CHAPA DE FERRO FUNDIDO| BB02"}]},{"@type":"WebSite","@id":"https:\/\/curiosidadesedicas.com\/loja\/#website","url":"https:\/\/curiosidadesedicas.com\/loja\/","name":"Curiosidades &amp; Dicas, Lda","description":"Apaixonados Por Inova\u00e7\u00e3o","publisher":{"@id":"https:\/\/curiosidadesedicas.com\/loja\/#organization"},"potentialAction":[{"@type":"SearchAction","target":{"@type":"EntryPoint","urlTemplate":"https:\/\/curiosidadesedicas.com\/loja\/?s={search_term_string}"},"query-input":{"@type":"PropertyValueSpecification","valueRequired":true,"valueName":"search_term_string"}}],"inLanguage":"en-US"},{"@type":"Organization","@id":"https:\/\/curiosidadesedicas.com\/loja\/#organization","name":"Curiosidades & Dicas","url":"https:\/\/curiosidadesedicas.com\/loja\/","logo":{"@type":"ImageObject","inLanguage":"en-US","@id":"https:\/\/curiosidadesedicas.com\/loja\/#\/schema\/logo\/image\/","url":"https:\/\/curiosidadesedicas.com\/loja\/wp-content\/uploads\/2020\/05\/LogoCuriosidadesSimples.png","contentUrl":"https:\/\/curiosidadesedicas.com\/loja\/wp-content\/uploads\/2020\/05\/LogoCuriosidadesSimples.png","width":3528,"height":804,"caption":"Curiosidades & Dicas"},"image":{"@id":"https:\/\/curiosidadesedicas.com\/loja\/#\/schema\/logo\/image\/"}}]}},"_links":{"self":[{"href":"https:\/\/curiosidadesedicas.com\/loja\/en\/wp-json\/wp\/v2\/product\/24725","targetHints":{"allow":["GET"]}}],"collection":[{"href":"https:\/\/curiosidadesedicas.com\/loja\/en\/wp-json\/wp\/v2\/product"}],"about":[{"href":"https:\/\/curiosidadesedicas.com\/loja\/en\/wp-json\/wp\/v2\/types\/product"}],"replies":[{"embeddable":true,"href":"https:\/\/curiosidadesedicas.com\/loja\/en\/wp-json\/wp\/v2\/comments?post=24725"}],"wp:featuredmedia":[{"embeddable":true,"href":"https:\/\/curiosidadesedicas.com\/loja\/en\/wp-json\/wp\/v2\/media\/24736"}],"wp:attachment":[{"href":"https:\/\/curiosidadesedicas.com\/loja\/en\/wp-json\/wp\/v2\/media?parent=24725"}],"wp:term":[{"taxonomy":"product_brand","embeddable":true,"href":"https:\/\/curiosidadesedicas.com\/loja\/en\/wp-json\/wp\/v2\/product_brand?post=24725"},{"taxonomy":"product_cat","embeddable":true,"href":"https:\/\/curiosidadesedicas.com\/loja\/en\/wp-json\/wp\/v2\/product_cat?post=24725"},{"taxonomy":"product_tag","embeddable":true,"href":"https:\/\/curiosidadesedicas.com\/loja\/en\/wp-json\/wp\/v2\/product_tag?post=24725"}],"curies":[{"name":"wp","href":"https:\/\/api.w.org\/{rel}","templated":true}]}}