{"id":24652,"date":"2022-02-24T11:54:47","date_gmt":"2022-02-24T11:54:47","guid":{"rendered":"https:\/\/curiosidadesedicas.com\/loja\/?post_type=product&#038;p=24652"},"modified":"2025-03-13T10:02:30","modified_gmt":"2025-03-13T10:02:30","slug":"creme-facial-botox-50ml","status":"publish","type":"product","link":"https:\/\/curiosidadesedicas.com\/loja\/en\/product\/creme-facial-botox-50ml\/","title":{"rendered":"CREME FACIAL BOTOX 50ML"},"content":{"rendered":"<p><strong>Caracter\u00edsticas:<\/strong><\/p>\n<ul>\n<li>Reduz visivelmente as rugas.<\/li>\n<li>Aumenta a elasticidade da pele.<\/li>\n<li>Efeito tensor e reafirmante.<\/li>\n<li>Apropriado para todos os tipos de pele.<\/li>\n<li>Com ingredientes naturais.<\/li>\n<li>Sem al\u00e9rgenos ou parabenos.<\/li>\n<\/ul>\n<p><img decoding=\"async\" src=\"https:\/\/curiosidadesedicas.com\/loja\/wp-content\/uploads\/2022\/02\/BOTOX-zoom-1.jpg\" \/><\/p>","protected":false},"excerpt":{"rendered":"<p>O Creme Facial Efeito Tensor da Labnatur ajuda a\u00a0firmar a pele e reduzir as rugas.\u00a0\u00c9 um excelente tratamento est\u00e9tico gra\u00e7as ao seu\u00a0efeito antienvelhecimento,\u00a0que previne e reverte os sinais de envelhecimento.<\/p>\n<p>Este creme anti-idade destaca-se pelo seu\u00a0efeito tensor e refirmante\u00a0, sendo ideal para todos os tipos de pele e pessoas que pretendem\u00a0aumentar a hidrata\u00e7\u00e3o e firmeza da sua pele,\u00a0independentemente da idade.<\/p>\n<p>Tamb\u00e9m \u00e9 muito eficaz na elimina\u00e7\u00e3o do sulco nasolabial e no rejuvenescimento facial , dando ao rosto uma apar\u00eancia mais jovem e saud\u00e1vel .<br \/>\nRe\u00fane as propriedades dos ingredientes ativos que o comp\u00f5em: Polipept\u00eddeos, HA, Vitamina C, Vitamina E e Acmella.<\/p>\n<p><strong>Os polipept\u00eddeos:<\/strong> ajudam a\u00a0eliminar\u00a0rugas e retardam o processo de envelhecimento.\u00a0Al\u00e9m disso, ajudam a reduzir as linhas ou rugas de express\u00e3o no rosto.\u00a0<strong>O \u00c1cido Hialur\u00f4nico:<\/strong> reconstitui as\u00a0fibras que sustentam os tecidos da pele, previne rugas e \u00e9 reabsorvido no corpo naturalmente.\u00a0Tamb\u00e9m\u00a0firma a pele, deixando-a mais lisa e macia. <strong>A vitamina\u00a0C:<\/strong> \u00e9 amplamente utilizada na medicina est\u00e9tica, pois\u00a0aumenta a s\u00edntese de col\u00e1geno e proporciona flexibilidade\u00a0\u00e0 pele.\u00a0<strong>Vitamina\u00a0E:<\/strong> Destaca-se pelas suas propriedades antioxidantes e acelera a regenera\u00e7\u00e3o celular.\u00a0Tamb\u00e9m\u00a0melhora o tom da pele\u00a0e a mant\u00e9m firme gra\u00e7as \u00e0s suas propriedades de prote\u00e7\u00e3o solar e curativas. Por fim,\u00a0<strong>Acmella<\/strong>\u00a0ajuda a firmar a pele e\u00a0reduzir visivelmente as rugas,\u00a0pois estimula e fortalece a rede de col\u00e1geno.<\/p>\n<p>Nosso Creme\u00a0Facial\u00a0Botox\u00a0Effect\u00a0Labnatur\u00a0cont\u00e9m uma alta porcentagem dos ingredientes ativos que o comp\u00f5em\u00a0.\u00a0Produto natural e vegano.\u00a0Sem al\u00e9rgenos ou parabenos.<\/p>\n<p>Recipiente de vidro 100% recicl\u00e1vel.\u00a0Apropriado para todos os tipos de pele.\u00a0Testado dermatologicamente.<\/p>\n<p>Para obter todos os benef\u00edcios do HA na pele, recomenda-se combin\u00e1-lo com nosso SERUM FACIAL,\u00a0 que poder\u00e1 encontrar <a href=\"https:\/\/curiosidadesedicas.com\/loja\/en\/product\/serum-facial-botox-30ml\/\" target=\"_blank\" rel=\"noopener\"><strong>aqui<\/strong><\/a><\/p>\n<p><strong>Aplica\u00e7\u00e3o:<\/strong><\/p>\n<p>Aplique com uma leve massagem at\u00e9 que seja perfeitamente absorvido.\u00a0Evitar o contato com os olhos.\u00a0Apenas uso externo.<\/p>\n<p>&nbsp;<\/p>\n<p>&nbsp;<\/p>\n<p>&nbsp;<\/p>","protected":false},"featured_media":24653,"comment_status":"open","ping_status":"closed","template":"","meta":{"_glsr_average":0,"_glsr_ranking":0,"_glsr_reviews":0},"product_brand":[],"product_cat":[357,498],"product_tag":[],"class_list":{"0":"post-24652","1":"product","2":"type-product","3":"status-publish","4":"has-post-thumbnail","6":"product_cat-bem-estar","7":"product_cat-cosmetica","9":"first","10":"instock","11":"taxable","12":"shipping-taxable","13":"purchasable","14":"product-type-simple"},"yoast_head":"<!-- This site is optimized with the Yoast SEO plugin v26.8 - https:\/\/yoast.com\/product\/yoast-seo-wordpress\/ -->\n<title>CREME FACIAL BOTOX 50ML - Curiosidades &amp; Dicas, Lda<\/title>\n<meta name=\"robots\" content=\"index, follow, max-snippet:-1, max-image-preview:large, max-video-preview:-1\" \/>\n<link rel=\"canonical\" href=\"https:\/\/curiosidadesedicas.com\/loja\/en\/product\/creme-facial-botox-50ml\/\" \/>\n<meta property=\"og:locale\" content=\"en_US\" \/>\n<meta property=\"og:type\" content=\"article\" \/>\n<meta property=\"og:title\" content=\"CREME FACIAL BOTOX 50ML - Curiosidades &amp; Dicas, Lda\" \/>\n<meta property=\"og:description\" content=\"O Creme Facial Efeito Tensor da Labnatur ajuda a\u00a0firmar a pele e reduzir as rugas.\u00a0\u00c9 um excelente tratamento est\u00e9tico gra\u00e7as ao seu\u00a0efeito antienvelhecimento,\u00a0que previne e reverte os sinais de envelhecimento.  Este creme anti-idade destaca-se pelo seu\u00a0efeito tensor e refirmante\u00a0, sendo ideal para todos os tipos de pele e pessoas que pretendem\u00a0aumentar a hidrata\u00e7\u00e3o e firmeza da sua pele,\u00a0independentemente da idade.  Tamb\u00e9m \u00e9 muito eficaz na elimina\u00e7\u00e3o do sulco nasolabial e no rejuvenescimento facial , dando ao rosto uma apar\u00eancia mais jovem e saud\u00e1vel . Re\u00fane as propriedades dos ingredientes ativos que o comp\u00f5em: Polipept\u00eddeos, HA, Vitamina C, Vitamina E e Acmella.  Os polipept\u00eddeos: ajudam a\u00a0eliminar\u00a0rugas e retardam o processo de envelhecimento.\u00a0Al\u00e9m disso, ajudam a reduzir as linhas ou rugas de express\u00e3o no rosto.\u00a0O \u00c1cido Hialur\u00f4nico: reconstitui as\u00a0fibras que sustentam os tecidos da pele, previne rugas e \u00e9 reabsorvido no corpo naturalmente.\u00a0Tamb\u00e9m\u00a0firma a pele, deixando-a mais lisa e macia. A vitamina\u00a0C: \u00e9 amplamente utilizada na medicina est\u00e9tica, pois\u00a0aumenta a s\u00edntese de col\u00e1geno e proporciona flexibilidade\u00a0\u00e0 pele.\u00a0Vitamina\u00a0E: Destaca-se pelas suas propriedades antioxidantes e acelera a regenera\u00e7\u00e3o celular.\u00a0Tamb\u00e9m\u00a0melhora o tom da pele\u00a0e a mant\u00e9m firme gra\u00e7as \u00e0s suas propriedades de prote\u00e7\u00e3o solar e curativas. Por fim,\u00a0Acmella\u00a0ajuda a firmar a pele e\u00a0reduzir visivelmente as rugas,\u00a0pois estimula e fortalece a rede de col\u00e1geno.  Nosso Creme\u00a0Facial\u00a0Botox\u00a0Effect\u00a0Labnatur\u00a0cont\u00e9m uma alta porcentagem dos ingredientes ativos que o comp\u00f5em\u00a0.\u00a0Produto natural e vegano.\u00a0Sem al\u00e9rgenos ou parabenos.  Recipiente de vidro 100% recicl\u00e1vel.\u00a0Apropriado para todos os tipos de pele.\u00a0Testado dermatologicamente.  Para obter todos os benef\u00edcios do HA na pele, recomenda-se combin\u00e1-lo com nosso SERUM FACIAL,\u00a0 que poder\u00e1 encontrar aqui  Aplica\u00e7\u00e3o:  Aplique com uma leve massagem at\u00e9 que seja perfeitamente absorvido.\u00a0Evitar o contato com os olhos.\u00a0Apenas uso externo.  &nbsp;  &nbsp;  &nbsp;\" \/>\n<meta property=\"og:url\" content=\"https:\/\/curiosidadesedicas.com\/loja\/en\/product\/creme-facial-botox-50ml\/\" \/>\n<meta property=\"og:site_name\" content=\"Curiosidades &amp; Dicas, Lda\" \/>\n<meta property=\"article:modified_time\" content=\"2025-03-13T10:02:30+00:00\" \/>\n<meta property=\"og:image\" content=\"https:\/\/curiosidadesedicas.com\/loja\/wp-content\/uploads\/2022\/02\/41410.jpg\" \/>\n\t<meta property=\"og:image:width\" content=\"1200\" \/>\n\t<meta property=\"og:image:height\" content=\"1200\" \/>\n\t<meta property=\"og:image:type\" content=\"image\/jpeg\" \/>\n<meta name=\"twitter:card\" content=\"summary_large_image\" \/>\n<meta name=\"twitter:label1\" content=\"Est. reading time\" \/>\n\t<meta name=\"twitter:data1\" content=\"1 minute\" \/>\n<script type=\"application\/ld+json\" class=\"yoast-schema-graph\">{\"@context\":\"https:\/\/schema.org\",\"@graph\":[{\"@type\":\"WebPage\",\"@id\":\"https:\/\/curiosidadesedicas.com\/loja\/produto\/creme-facial-botox-50ml\/\",\"url\":\"https:\/\/curiosidadesedicas.com\/loja\/produto\/creme-facial-botox-50ml\/\",\"name\":\"CREME FACIAL BOTOX 50ML - Curiosidades &amp; Dicas, Lda\",\"isPartOf\":{\"@id\":\"https:\/\/curiosidadesedicas.com\/loja\/#website\"},\"primaryImageOfPage\":{\"@id\":\"https:\/\/curiosidadesedicas.com\/loja\/produto\/creme-facial-botox-50ml\/#primaryimage\"},\"image\":{\"@id\":\"https:\/\/curiosidadesedicas.com\/loja\/produto\/creme-facial-botox-50ml\/#primaryimage\"},\"thumbnailUrl\":\"https:\/\/curiosidadesedicas.com\/loja\/wp-content\/uploads\/2022\/02\/41410.jpg\",\"datePublished\":\"2022-02-24T11:54:47+00:00\",\"dateModified\":\"2025-03-13T10:02:30+00:00\",\"breadcrumb\":{\"@id\":\"https:\/\/curiosidadesedicas.com\/loja\/produto\/creme-facial-botox-50ml\/#breadcrumb\"},\"inLanguage\":\"en-US\",\"potentialAction\":[{\"@type\":\"ReadAction\",\"target\":[\"https:\/\/curiosidadesedicas.com\/loja\/produto\/creme-facial-botox-50ml\/\"]}]},{\"@type\":\"ImageObject\",\"inLanguage\":\"en-US\",\"@id\":\"https:\/\/curiosidadesedicas.com\/loja\/produto\/creme-facial-botox-50ml\/#primaryimage\",\"url\":\"https:\/\/curiosidadesedicas.com\/loja\/wp-content\/uploads\/2022\/02\/41410.jpg\",\"contentUrl\":\"https:\/\/curiosidadesedicas.com\/loja\/wp-content\/uploads\/2022\/02\/41410.jpg\",\"width\":1200,\"height\":1200},{\"@type\":\"BreadcrumbList\",\"@id\":\"https:\/\/curiosidadesedicas.com\/loja\/produto\/creme-facial-botox-50ml\/#breadcrumb\",\"itemListElement\":[{\"@type\":\"ListItem\",\"position\":1,\"name\":\"In\u00edcio\",\"item\":\"https:\/\/curiosidadesedicas.com\/loja\/\"},{\"@type\":\"ListItem\",\"position\":2,\"name\":\"Produtos\",\"item\":\"https:\/\/curiosidadesedicas.com\/loja\/produtos\/\"},{\"@type\":\"ListItem\",\"position\":3,\"name\":\"CREME FACIAL BOTOX 50ML\"}]},{\"@type\":\"WebSite\",\"@id\":\"https:\/\/curiosidadesedicas.com\/loja\/#website\",\"url\":\"https:\/\/curiosidadesedicas.com\/loja\/\",\"name\":\"Curiosidades &amp; Dicas, Lda\",\"description\":\"Apaixonados Por Inova\u00e7\u00e3o\",\"publisher\":{\"@id\":\"https:\/\/curiosidadesedicas.com\/loja\/#organization\"},\"potentialAction\":[{\"@type\":\"SearchAction\",\"target\":{\"@type\":\"EntryPoint\",\"urlTemplate\":\"https:\/\/curiosidadesedicas.com\/loja\/?s={search_term_string}\"},\"query-input\":{\"@type\":\"PropertyValueSpecification\",\"valueRequired\":true,\"valueName\":\"search_term_string\"}}],\"inLanguage\":\"en-US\"},{\"@type\":\"Organization\",\"@id\":\"https:\/\/curiosidadesedicas.com\/loja\/#organization\",\"name\":\"Curiosidades & Dicas\",\"url\":\"https:\/\/curiosidadesedicas.com\/loja\/\",\"logo\":{\"@type\":\"ImageObject\",\"inLanguage\":\"en-US\",\"@id\":\"https:\/\/curiosidadesedicas.com\/loja\/#\/schema\/logo\/image\/\",\"url\":\"https:\/\/curiosidadesedicas.com\/loja\/wp-content\/uploads\/2020\/05\/LogoCuriosidadesSimples.png\",\"contentUrl\":\"https:\/\/curiosidadesedicas.com\/loja\/wp-content\/uploads\/2020\/05\/LogoCuriosidadesSimples.png\",\"width\":3528,\"height\":804,\"caption\":\"Curiosidades & Dicas\"},\"image\":{\"@id\":\"https:\/\/curiosidadesedicas.com\/loja\/#\/schema\/logo\/image\/\"}}]}<\/script>\n<!-- \/ Yoast SEO plugin. -->","yoast_head_json":{"title":"CREME FACIAL BOTOX 50ML - Curiosidades &amp; Dicas, Lda","robots":{"index":"index","follow":"follow","max-snippet":"max-snippet:-1","max-image-preview":"max-image-preview:large","max-video-preview":"max-video-preview:-1"},"canonical":"https:\/\/curiosidadesedicas.com\/loja\/en\/product\/creme-facial-botox-50ml\/","og_locale":"en_US","og_type":"article","og_title":"CREME FACIAL BOTOX 50ML - Curiosidades &amp; Dicas, Lda","og_description":"O Creme Facial Efeito Tensor da Labnatur ajuda a\u00a0firmar a pele e reduzir as rugas.\u00a0\u00c9 um excelente tratamento est\u00e9tico gra\u00e7as ao seu\u00a0efeito antienvelhecimento,\u00a0que previne e reverte os sinais de envelhecimento.  Este creme anti-idade destaca-se pelo seu\u00a0efeito tensor e refirmante\u00a0, sendo ideal para todos os tipos de pele e pessoas que pretendem\u00a0aumentar a hidrata\u00e7\u00e3o e firmeza da sua pele,\u00a0independentemente da idade.  Tamb\u00e9m \u00e9 muito eficaz na elimina\u00e7\u00e3o do sulco nasolabial e no rejuvenescimento facial , dando ao rosto uma apar\u00eancia mais jovem e saud\u00e1vel . Re\u00fane as propriedades dos ingredientes ativos que o comp\u00f5em: Polipept\u00eddeos, HA, Vitamina C, Vitamina E e Acmella.  Os polipept\u00eddeos: ajudam a\u00a0eliminar\u00a0rugas e retardam o processo de envelhecimento.\u00a0Al\u00e9m disso, ajudam a reduzir as linhas ou rugas de express\u00e3o no rosto.\u00a0O \u00c1cido Hialur\u00f4nico: reconstitui as\u00a0fibras que sustentam os tecidos da pele, previne rugas e \u00e9 reabsorvido no corpo naturalmente.\u00a0Tamb\u00e9m\u00a0firma a pele, deixando-a mais lisa e macia. A vitamina\u00a0C: \u00e9 amplamente utilizada na medicina est\u00e9tica, pois\u00a0aumenta a s\u00edntese de col\u00e1geno e proporciona flexibilidade\u00a0\u00e0 pele.\u00a0Vitamina\u00a0E: Destaca-se pelas suas propriedades antioxidantes e acelera a regenera\u00e7\u00e3o celular.\u00a0Tamb\u00e9m\u00a0melhora o tom da pele\u00a0e a mant\u00e9m firme gra\u00e7as \u00e0s suas propriedades de prote\u00e7\u00e3o solar e curativas. Por fim,\u00a0Acmella\u00a0ajuda a firmar a pele e\u00a0reduzir visivelmente as rugas,\u00a0pois estimula e fortalece a rede de col\u00e1geno.  Nosso Creme\u00a0Facial\u00a0Botox\u00a0Effect\u00a0Labnatur\u00a0cont\u00e9m uma alta porcentagem dos ingredientes ativos que o comp\u00f5em\u00a0.\u00a0Produto natural e vegano.\u00a0Sem al\u00e9rgenos ou parabenos.  Recipiente de vidro 100% recicl\u00e1vel.\u00a0Apropriado para todos os tipos de pele.\u00a0Testado dermatologicamente.  Para obter todos os benef\u00edcios do HA na pele, recomenda-se combin\u00e1-lo com nosso SERUM FACIAL,\u00a0 que poder\u00e1 encontrar aqui  Aplica\u00e7\u00e3o:  Aplique com uma leve massagem at\u00e9 que seja perfeitamente absorvido.\u00a0Evitar o contato com os olhos.\u00a0Apenas uso externo.  &nbsp;  &nbsp;  &nbsp;","og_url":"https:\/\/curiosidadesedicas.com\/loja\/en\/product\/creme-facial-botox-50ml\/","og_site_name":"Curiosidades &amp; Dicas, Lda","article_modified_time":"2025-03-13T10:02:30+00:00","og_image":[{"width":1200,"height":1200,"url":"https:\/\/curiosidadesedicas.com\/loja\/wp-content\/uploads\/2022\/02\/41410.jpg","type":"image\/jpeg"}],"twitter_card":"summary_large_image","twitter_misc":{"Est. reading time":"1 minute"},"schema":{"@context":"https:\/\/schema.org","@graph":[{"@type":"WebPage","@id":"https:\/\/curiosidadesedicas.com\/loja\/produto\/creme-facial-botox-50ml\/","url":"https:\/\/curiosidadesedicas.com\/loja\/produto\/creme-facial-botox-50ml\/","name":"CREME FACIAL BOTOX 50ML - Curiosidades &amp; Dicas, Lda","isPartOf":{"@id":"https:\/\/curiosidadesedicas.com\/loja\/#website"},"primaryImageOfPage":{"@id":"https:\/\/curiosidadesedicas.com\/loja\/produto\/creme-facial-botox-50ml\/#primaryimage"},"image":{"@id":"https:\/\/curiosidadesedicas.com\/loja\/produto\/creme-facial-botox-50ml\/#primaryimage"},"thumbnailUrl":"https:\/\/curiosidadesedicas.com\/loja\/wp-content\/uploads\/2022\/02\/41410.jpg","datePublished":"2022-02-24T11:54:47+00:00","dateModified":"2025-03-13T10:02:30+00:00","breadcrumb":{"@id":"https:\/\/curiosidadesedicas.com\/loja\/produto\/creme-facial-botox-50ml\/#breadcrumb"},"inLanguage":"en-US","potentialAction":[{"@type":"ReadAction","target":["https:\/\/curiosidadesedicas.com\/loja\/produto\/creme-facial-botox-50ml\/"]}]},{"@type":"ImageObject","inLanguage":"en-US","@id":"https:\/\/curiosidadesedicas.com\/loja\/produto\/creme-facial-botox-50ml\/#primaryimage","url":"https:\/\/curiosidadesedicas.com\/loja\/wp-content\/uploads\/2022\/02\/41410.jpg","contentUrl":"https:\/\/curiosidadesedicas.com\/loja\/wp-content\/uploads\/2022\/02\/41410.jpg","width":1200,"height":1200},{"@type":"BreadcrumbList","@id":"https:\/\/curiosidadesedicas.com\/loja\/produto\/creme-facial-botox-50ml\/#breadcrumb","itemListElement":[{"@type":"ListItem","position":1,"name":"In\u00edcio","item":"https:\/\/curiosidadesedicas.com\/loja\/"},{"@type":"ListItem","position":2,"name":"Produtos","item":"https:\/\/curiosidadesedicas.com\/loja\/produtos\/"},{"@type":"ListItem","position":3,"name":"CREME FACIAL BOTOX 50ML"}]},{"@type":"WebSite","@id":"https:\/\/curiosidadesedicas.com\/loja\/#website","url":"https:\/\/curiosidadesedicas.com\/loja\/","name":"Curiosidades &amp; Dicas, Lda","description":"Apaixonados Por Inova\u00e7\u00e3o","publisher":{"@id":"https:\/\/curiosidadesedicas.com\/loja\/#organization"},"potentialAction":[{"@type":"SearchAction","target":{"@type":"EntryPoint","urlTemplate":"https:\/\/curiosidadesedicas.com\/loja\/?s={search_term_string}"},"query-input":{"@type":"PropertyValueSpecification","valueRequired":true,"valueName":"search_term_string"}}],"inLanguage":"en-US"},{"@type":"Organization","@id":"https:\/\/curiosidadesedicas.com\/loja\/#organization","name":"Curiosidades & Dicas","url":"https:\/\/curiosidadesedicas.com\/loja\/","logo":{"@type":"ImageObject","inLanguage":"en-US","@id":"https:\/\/curiosidadesedicas.com\/loja\/#\/schema\/logo\/image\/","url":"https:\/\/curiosidadesedicas.com\/loja\/wp-content\/uploads\/2020\/05\/LogoCuriosidadesSimples.png","contentUrl":"https:\/\/curiosidadesedicas.com\/loja\/wp-content\/uploads\/2020\/05\/LogoCuriosidadesSimples.png","width":3528,"height":804,"caption":"Curiosidades & Dicas"},"image":{"@id":"https:\/\/curiosidadesedicas.com\/loja\/#\/schema\/logo\/image\/"}}]}},"_links":{"self":[{"href":"https:\/\/curiosidadesedicas.com\/loja\/en\/wp-json\/wp\/v2\/product\/24652","targetHints":{"allow":["GET"]}}],"collection":[{"href":"https:\/\/curiosidadesedicas.com\/loja\/en\/wp-json\/wp\/v2\/product"}],"about":[{"href":"https:\/\/curiosidadesedicas.com\/loja\/en\/wp-json\/wp\/v2\/types\/product"}],"replies":[{"embeddable":true,"href":"https:\/\/curiosidadesedicas.com\/loja\/en\/wp-json\/wp\/v2\/comments?post=24652"}],"wp:featuredmedia":[{"embeddable":true,"href":"https:\/\/curiosidadesedicas.com\/loja\/en\/wp-json\/wp\/v2\/media\/24653"}],"wp:attachment":[{"href":"https:\/\/curiosidadesedicas.com\/loja\/en\/wp-json\/wp\/v2\/media?parent=24652"}],"wp:term":[{"taxonomy":"product_brand","embeddable":true,"href":"https:\/\/curiosidadesedicas.com\/loja\/en\/wp-json\/wp\/v2\/product_brand?post=24652"},{"taxonomy":"product_cat","embeddable":true,"href":"https:\/\/curiosidadesedicas.com\/loja\/en\/wp-json\/wp\/v2\/product_cat?post=24652"},{"taxonomy":"product_tag","embeddable":true,"href":"https:\/\/curiosidadesedicas.com\/loja\/en\/wp-json\/wp\/v2\/product_tag?post=24652"}],"curies":[{"name":"wp","href":"https:\/\/api.w.org\/{rel}","templated":true}]}}