{"id":24643,"date":"2022-02-24T10:39:50","date_gmt":"2022-02-24T10:39:50","guid":{"rendered":"https:\/\/curiosidadesedicas.com\/loja\/?post_type=product&#038;p=24643"},"modified":"2025-03-13T10:02:39","modified_gmt":"2025-03-13T10:02:39","slug":"serum-facial-botox-30ml","status":"publish","type":"product","link":"https:\/\/curiosidadesedicas.com\/loja\/en\/product\/serum-facial-botox-30ml\/","title":{"rendered":"SERUM FACIAL BOTOX 30ML"},"content":{"rendered":"<p><strong>Caracter\u00edsticas:<\/strong><\/p>\n<ul>\n<li>Reduz visivelmente as rugas.<\/li>\n<li>Aumenta a elasticidade da pele.<\/li>\n<li>Efeito tensor e reafirmante.<\/li>\n<li>Indicado para peles maduras.Com ingredientes naturais.<\/li>\n<li>Sem al\u00e9rgenos.<\/li>\n<\/ul>\n<p><img decoding=\"async\" src=\"https:\/\/curiosidadesedicas.com\/loja\/wp-content\/uploads\/2022\/02\/BOTOX-zoom.jpg\" \/><\/p>\n<p>&nbsp;<\/p>","protected":false},"excerpt":{"rendered":"<p>O S\u00e9rum Facial Efeito Tensor da Labnatur ajuda a firmar a pele e reduzir as rugas. Re\u00fane as propriedades dos ingredientes ativos que o comp\u00f5em:<\/p>\n<p><strong>Polipept\u00eddeos:<\/strong>\u00a0 com poderosos efeitos anti-rugas e anti-envelhecimento. Eles ajudam a reduzir as linhas de express\u00e3o facial; <strong>\u00c1cido Hialur\u00f4nico:<\/strong> Ret\u00e9m a \u00e1gua e ajuda a reconstituir as fibras que sustentam os tecidos da pele, previne rugas e reabsorve naturalmente o corpo; <strong>Centella Asi\u00e1tica:<\/strong> Antioxidante. Ela ajuda na s\u00edntese de col\u00e1geno; <strong>Vitamina E:<\/strong> propriedades antioxidantes. Acelera a regenera\u00e7\u00e3o celular; <strong>Alanto\u00edna:<\/strong> Promove a renova\u00e7\u00e3o das c\u00e9lulas epid\u00e9rmicas.<\/p>\n<p>Para melhorar a a\u00e7\u00e3o antienvelhecimento, use em conjunto com o Creme Facial Botox \u00a0Effect Labnatur, que poder\u00e1 encontrar\u00a0<a href=\"https:\/\/curiosidadesedicas.com\/loja\/en\/product\/creme-facial-botox-50ml\/\" target=\"_blank\" rel=\"noopener\"><strong style=\"font-style: inherit;\">aqui<\/strong><\/a><\/p>\n<p><strong>Aplica\u00e7\u00e3o:<\/strong><\/p>\n<p>Aplique com uma leve massagem at\u00e9 que seja perfeitamente absorvido.\u00a0Evitar o contato com os olhos.\u00a0Apenas uso externo.<\/p>\n<p>&nbsp;<\/p>\n<p>&nbsp;<\/p>","protected":false},"featured_media":24644,"comment_status":"open","ping_status":"closed","template":"","meta":{"_glsr_average":0,"_glsr_ranking":0,"_glsr_reviews":0},"product_brand":[],"product_cat":[357,498],"product_tag":[],"class_list":{"0":"post-24643","1":"product","2":"type-product","3":"status-publish","4":"has-post-thumbnail","6":"product_cat-bem-estar","7":"product_cat-cosmetica","9":"first","10":"instock","11":"taxable","12":"shipping-taxable","13":"purchasable","14":"product-type-simple"},"yoast_head":"<!-- This site is optimized with the Yoast SEO plugin v26.8 - https:\/\/yoast.com\/product\/yoast-seo-wordpress\/ -->\n<title>SERUM FACIAL BOTOX 30ML - Curiosidades &amp; Dicas, Lda<\/title>\n<meta name=\"robots\" content=\"index, follow, max-snippet:-1, max-image-preview:large, max-video-preview:-1\" \/>\n<link rel=\"canonical\" href=\"https:\/\/curiosidadesedicas.com\/loja\/en\/product\/serum-facial-botox-30ml\/\" \/>\n<meta property=\"og:locale\" content=\"en_US\" \/>\n<meta property=\"og:type\" content=\"article\" \/>\n<meta property=\"og:title\" content=\"SERUM FACIAL BOTOX 30ML - Curiosidades &amp; Dicas, Lda\" \/>\n<meta property=\"og:description\" content=\"O S\u00e9rum Facial Efeito Tensor da Labnatur ajuda a firmar a pele e reduzir as rugas. Re\u00fane as propriedades dos ingredientes ativos que o comp\u00f5em:  Polipept\u00eddeos:\u00a0 com poderosos efeitos anti-rugas e anti-envelhecimento. Eles ajudam a reduzir as linhas de express\u00e3o facial; \u00c1cido Hialur\u00f4nico: Ret\u00e9m a \u00e1gua e ajuda a reconstituir as fibras que sustentam os tecidos da pele, previne rugas e reabsorve naturalmente o corpo; Centella Asi\u00e1tica: Antioxidante. Ela ajuda na s\u00edntese de col\u00e1geno; Vitamina E: propriedades antioxidantes. Acelera a regenera\u00e7\u00e3o celular; Alanto\u00edna: Promove a renova\u00e7\u00e3o das c\u00e9lulas epid\u00e9rmicas.  Para melhorar a a\u00e7\u00e3o antienvelhecimento, use em conjunto com o Creme Facial Botox \u00a0Effect Labnatur, que poder\u00e1 encontrar\u00a0aqui  Aplica\u00e7\u00e3o:  Aplique com uma leve massagem at\u00e9 que seja perfeitamente absorvido.\u00a0Evitar o contato com os olhos.\u00a0Apenas uso externo.  &nbsp;  &nbsp;\" \/>\n<meta property=\"og:url\" content=\"https:\/\/curiosidadesedicas.com\/loja\/en\/product\/serum-facial-botox-30ml\/\" \/>\n<meta property=\"og:site_name\" content=\"Curiosidades &amp; Dicas, Lda\" \/>\n<meta property=\"article:modified_time\" content=\"2025-03-13T10:02:39+00:00\" \/>\n<meta property=\"og:image\" content=\"https:\/\/curiosidadesedicas.com\/loja\/wp-content\/uploads\/2022\/02\/41412.jpg\" \/>\n\t<meta property=\"og:image:width\" content=\"1200\" \/>\n\t<meta property=\"og:image:height\" content=\"1200\" \/>\n\t<meta property=\"og:image:type\" content=\"image\/jpeg\" \/>\n<meta name=\"twitter:card\" content=\"summary_large_image\" \/>\n<meta name=\"twitter:label1\" content=\"Est. reading time\" \/>\n\t<meta name=\"twitter:data1\" content=\"1 minute\" \/>\n<script type=\"application\/ld+json\" class=\"yoast-schema-graph\">{\"@context\":\"https:\/\/schema.org\",\"@graph\":[{\"@type\":\"WebPage\",\"@id\":\"https:\/\/curiosidadesedicas.com\/loja\/produto\/serum-facial-botox-30ml\/\",\"url\":\"https:\/\/curiosidadesedicas.com\/loja\/produto\/serum-facial-botox-30ml\/\",\"name\":\"SERUM FACIAL BOTOX 30ML - Curiosidades &amp; Dicas, Lda\",\"isPartOf\":{\"@id\":\"https:\/\/curiosidadesedicas.com\/loja\/#website\"},\"primaryImageOfPage\":{\"@id\":\"https:\/\/curiosidadesedicas.com\/loja\/produto\/serum-facial-botox-30ml\/#primaryimage\"},\"image\":{\"@id\":\"https:\/\/curiosidadesedicas.com\/loja\/produto\/serum-facial-botox-30ml\/#primaryimage\"},\"thumbnailUrl\":\"https:\/\/curiosidadesedicas.com\/loja\/wp-content\/uploads\/2022\/02\/41412.jpg\",\"datePublished\":\"2022-02-24T10:39:50+00:00\",\"dateModified\":\"2025-03-13T10:02:39+00:00\",\"breadcrumb\":{\"@id\":\"https:\/\/curiosidadesedicas.com\/loja\/produto\/serum-facial-botox-30ml\/#breadcrumb\"},\"inLanguage\":\"en-US\",\"potentialAction\":[{\"@type\":\"ReadAction\",\"target\":[\"https:\/\/curiosidadesedicas.com\/loja\/produto\/serum-facial-botox-30ml\/\"]}]},{\"@type\":\"ImageObject\",\"inLanguage\":\"en-US\",\"@id\":\"https:\/\/curiosidadesedicas.com\/loja\/produto\/serum-facial-botox-30ml\/#primaryimage\",\"url\":\"https:\/\/curiosidadesedicas.com\/loja\/wp-content\/uploads\/2022\/02\/41412.jpg\",\"contentUrl\":\"https:\/\/curiosidadesedicas.com\/loja\/wp-content\/uploads\/2022\/02\/41412.jpg\",\"width\":1200,\"height\":1200},{\"@type\":\"BreadcrumbList\",\"@id\":\"https:\/\/curiosidadesedicas.com\/loja\/produto\/serum-facial-botox-30ml\/#breadcrumb\",\"itemListElement\":[{\"@type\":\"ListItem\",\"position\":1,\"name\":\"In\u00edcio\",\"item\":\"https:\/\/curiosidadesedicas.com\/loja\/\"},{\"@type\":\"ListItem\",\"position\":2,\"name\":\"Produtos\",\"item\":\"https:\/\/curiosidadesedicas.com\/loja\/produtos\/\"},{\"@type\":\"ListItem\",\"position\":3,\"name\":\"SERUM FACIAL BOTOX 30ML\"}]},{\"@type\":\"WebSite\",\"@id\":\"https:\/\/curiosidadesedicas.com\/loja\/#website\",\"url\":\"https:\/\/curiosidadesedicas.com\/loja\/\",\"name\":\"Curiosidades &amp; Dicas, Lda\",\"description\":\"Apaixonados Por Inova\u00e7\u00e3o\",\"publisher\":{\"@id\":\"https:\/\/curiosidadesedicas.com\/loja\/#organization\"},\"potentialAction\":[{\"@type\":\"SearchAction\",\"target\":{\"@type\":\"EntryPoint\",\"urlTemplate\":\"https:\/\/curiosidadesedicas.com\/loja\/?s={search_term_string}\"},\"query-input\":{\"@type\":\"PropertyValueSpecification\",\"valueRequired\":true,\"valueName\":\"search_term_string\"}}],\"inLanguage\":\"en-US\"},{\"@type\":\"Organization\",\"@id\":\"https:\/\/curiosidadesedicas.com\/loja\/#organization\",\"name\":\"Curiosidades & Dicas\",\"url\":\"https:\/\/curiosidadesedicas.com\/loja\/\",\"logo\":{\"@type\":\"ImageObject\",\"inLanguage\":\"en-US\",\"@id\":\"https:\/\/curiosidadesedicas.com\/loja\/#\/schema\/logo\/image\/\",\"url\":\"https:\/\/curiosidadesedicas.com\/loja\/wp-content\/uploads\/2020\/05\/LogoCuriosidadesSimples.png\",\"contentUrl\":\"https:\/\/curiosidadesedicas.com\/loja\/wp-content\/uploads\/2020\/05\/LogoCuriosidadesSimples.png\",\"width\":3528,\"height\":804,\"caption\":\"Curiosidades & Dicas\"},\"image\":{\"@id\":\"https:\/\/curiosidadesedicas.com\/loja\/#\/schema\/logo\/image\/\"}}]}<\/script>\n<!-- \/ Yoast SEO plugin. -->","yoast_head_json":{"title":"SERUM FACIAL BOTOX 30ML - Curiosidades &amp; Dicas, Lda","robots":{"index":"index","follow":"follow","max-snippet":"max-snippet:-1","max-image-preview":"max-image-preview:large","max-video-preview":"max-video-preview:-1"},"canonical":"https:\/\/curiosidadesedicas.com\/loja\/en\/product\/serum-facial-botox-30ml\/","og_locale":"en_US","og_type":"article","og_title":"SERUM FACIAL BOTOX 30ML - Curiosidades &amp; Dicas, Lda","og_description":"O S\u00e9rum Facial Efeito Tensor da Labnatur ajuda a firmar a pele e reduzir as rugas. Re\u00fane as propriedades dos ingredientes ativos que o comp\u00f5em:  Polipept\u00eddeos:\u00a0 com poderosos efeitos anti-rugas e anti-envelhecimento. Eles ajudam a reduzir as linhas de express\u00e3o facial; \u00c1cido Hialur\u00f4nico: Ret\u00e9m a \u00e1gua e ajuda a reconstituir as fibras que sustentam os tecidos da pele, previne rugas e reabsorve naturalmente o corpo; Centella Asi\u00e1tica: Antioxidante. Ela ajuda na s\u00edntese de col\u00e1geno; Vitamina E: propriedades antioxidantes. Acelera a regenera\u00e7\u00e3o celular; Alanto\u00edna: Promove a renova\u00e7\u00e3o das c\u00e9lulas epid\u00e9rmicas.  Para melhorar a a\u00e7\u00e3o antienvelhecimento, use em conjunto com o Creme Facial Botox \u00a0Effect Labnatur, que poder\u00e1 encontrar\u00a0aqui  Aplica\u00e7\u00e3o:  Aplique com uma leve massagem at\u00e9 que seja perfeitamente absorvido.\u00a0Evitar o contato com os olhos.\u00a0Apenas uso externo.  &nbsp;  &nbsp;","og_url":"https:\/\/curiosidadesedicas.com\/loja\/en\/product\/serum-facial-botox-30ml\/","og_site_name":"Curiosidades &amp; Dicas, Lda","article_modified_time":"2025-03-13T10:02:39+00:00","og_image":[{"width":1200,"height":1200,"url":"https:\/\/curiosidadesedicas.com\/loja\/wp-content\/uploads\/2022\/02\/41412.jpg","type":"image\/jpeg"}],"twitter_card":"summary_large_image","twitter_misc":{"Est. reading time":"1 minute"},"schema":{"@context":"https:\/\/schema.org","@graph":[{"@type":"WebPage","@id":"https:\/\/curiosidadesedicas.com\/loja\/produto\/serum-facial-botox-30ml\/","url":"https:\/\/curiosidadesedicas.com\/loja\/produto\/serum-facial-botox-30ml\/","name":"SERUM FACIAL BOTOX 30ML - Curiosidades &amp; Dicas, Lda","isPartOf":{"@id":"https:\/\/curiosidadesedicas.com\/loja\/#website"},"primaryImageOfPage":{"@id":"https:\/\/curiosidadesedicas.com\/loja\/produto\/serum-facial-botox-30ml\/#primaryimage"},"image":{"@id":"https:\/\/curiosidadesedicas.com\/loja\/produto\/serum-facial-botox-30ml\/#primaryimage"},"thumbnailUrl":"https:\/\/curiosidadesedicas.com\/loja\/wp-content\/uploads\/2022\/02\/41412.jpg","datePublished":"2022-02-24T10:39:50+00:00","dateModified":"2025-03-13T10:02:39+00:00","breadcrumb":{"@id":"https:\/\/curiosidadesedicas.com\/loja\/produto\/serum-facial-botox-30ml\/#breadcrumb"},"inLanguage":"en-US","potentialAction":[{"@type":"ReadAction","target":["https:\/\/curiosidadesedicas.com\/loja\/produto\/serum-facial-botox-30ml\/"]}]},{"@type":"ImageObject","inLanguage":"en-US","@id":"https:\/\/curiosidadesedicas.com\/loja\/produto\/serum-facial-botox-30ml\/#primaryimage","url":"https:\/\/curiosidadesedicas.com\/loja\/wp-content\/uploads\/2022\/02\/41412.jpg","contentUrl":"https:\/\/curiosidadesedicas.com\/loja\/wp-content\/uploads\/2022\/02\/41412.jpg","width":1200,"height":1200},{"@type":"BreadcrumbList","@id":"https:\/\/curiosidadesedicas.com\/loja\/produto\/serum-facial-botox-30ml\/#breadcrumb","itemListElement":[{"@type":"ListItem","position":1,"name":"In\u00edcio","item":"https:\/\/curiosidadesedicas.com\/loja\/"},{"@type":"ListItem","position":2,"name":"Produtos","item":"https:\/\/curiosidadesedicas.com\/loja\/produtos\/"},{"@type":"ListItem","position":3,"name":"SERUM FACIAL BOTOX 30ML"}]},{"@type":"WebSite","@id":"https:\/\/curiosidadesedicas.com\/loja\/#website","url":"https:\/\/curiosidadesedicas.com\/loja\/","name":"Curiosidades &amp; Dicas, Lda","description":"Apaixonados Por Inova\u00e7\u00e3o","publisher":{"@id":"https:\/\/curiosidadesedicas.com\/loja\/#organization"},"potentialAction":[{"@type":"SearchAction","target":{"@type":"EntryPoint","urlTemplate":"https:\/\/curiosidadesedicas.com\/loja\/?s={search_term_string}"},"query-input":{"@type":"PropertyValueSpecification","valueRequired":true,"valueName":"search_term_string"}}],"inLanguage":"en-US"},{"@type":"Organization","@id":"https:\/\/curiosidadesedicas.com\/loja\/#organization","name":"Curiosidades & Dicas","url":"https:\/\/curiosidadesedicas.com\/loja\/","logo":{"@type":"ImageObject","inLanguage":"en-US","@id":"https:\/\/curiosidadesedicas.com\/loja\/#\/schema\/logo\/image\/","url":"https:\/\/curiosidadesedicas.com\/loja\/wp-content\/uploads\/2020\/05\/LogoCuriosidadesSimples.png","contentUrl":"https:\/\/curiosidadesedicas.com\/loja\/wp-content\/uploads\/2020\/05\/LogoCuriosidadesSimples.png","width":3528,"height":804,"caption":"Curiosidades & Dicas"},"image":{"@id":"https:\/\/curiosidadesedicas.com\/loja\/#\/schema\/logo\/image\/"}}]}},"_links":{"self":[{"href":"https:\/\/curiosidadesedicas.com\/loja\/en\/wp-json\/wp\/v2\/product\/24643","targetHints":{"allow":["GET"]}}],"collection":[{"href":"https:\/\/curiosidadesedicas.com\/loja\/en\/wp-json\/wp\/v2\/product"}],"about":[{"href":"https:\/\/curiosidadesedicas.com\/loja\/en\/wp-json\/wp\/v2\/types\/product"}],"replies":[{"embeddable":true,"href":"https:\/\/curiosidadesedicas.com\/loja\/en\/wp-json\/wp\/v2\/comments?post=24643"}],"wp:featuredmedia":[{"embeddable":true,"href":"https:\/\/curiosidadesedicas.com\/loja\/en\/wp-json\/wp\/v2\/media\/24644"}],"wp:attachment":[{"href":"https:\/\/curiosidadesedicas.com\/loja\/en\/wp-json\/wp\/v2\/media?parent=24643"}],"wp:term":[{"taxonomy":"product_brand","embeddable":true,"href":"https:\/\/curiosidadesedicas.com\/loja\/en\/wp-json\/wp\/v2\/product_brand?post=24643"},{"taxonomy":"product_cat","embeddable":true,"href":"https:\/\/curiosidadesedicas.com\/loja\/en\/wp-json\/wp\/v2\/product_cat?post=24643"},{"taxonomy":"product_tag","embeddable":true,"href":"https:\/\/curiosidadesedicas.com\/loja\/en\/wp-json\/wp\/v2\/product_tag?post=24643"}],"curies":[{"name":"wp","href":"https:\/\/api.w.org\/{rel}","templated":true}]}}