{"id":24286,"date":"2022-02-21T11:51:07","date_gmt":"2022-02-21T11:51:07","guid":{"rendered":"https:\/\/curiosidadesedicas.com\/loja\/?post_type=product&#038;p=24286"},"modified":"2025-03-13T10:26:15","modified_gmt":"2025-03-13T10:26:15","slug":"repelente-de-insetos-e-roedores-c-led-e-sensor-5-em-1","status":"publish","type":"product","link":"https:\/\/curiosidadesedicas.com\/loja\/en\/product\/repelente-de-insetos-e-roedores-c-led-e-sensor-5-em-1\/","title":{"rendered":"REPELENTE DE INSETOS E ROEDORES C\/ LED E SENSOR 5 EM 1"},"content":{"rendered":"<p>Um\u00a0repelente de insetos e roedores\u00a0eficaz, que afasta formigas, percevejos, pulgas, baratas, ratos, ratasanas e outras pestes, atrav\u00e9s de uma onda repelente eletrovibrat\u00f3ria. Al\u00e9m disso, o produto disp\u00f5e de uma luz noturna muito pr\u00e1tica, que se ativa automaticamente quando o seu sensor deteta escurid\u00e3o, apesar de o aparelho incluir igualmente um bot\u00e3o, permitindo-lhe ligar e apagar a luz manualmente.<\/p>\n<p>&nbsp;<\/p>\n<p>&nbsp;<\/p>","protected":false},"excerpt":{"rendered":"<ul>\n<li>Fabricado em ABS, PC e PCB<\/li>\n<li>F\u00e1cil utiliza\u00e7\u00e3o e manejo<\/li>\n<li>Luz LED noturna<\/li>\n<li>Sensor de luz<\/li>\n<li>3 tipos de onda com indicadores luminosos:\n<ul>\n<li>Ultrass\u00f3nicas (verde): afastam roedores e insetos<\/li>\n<li>Eletromagn\u00e9ticas (vermelho): atacam os ninhos das pragas<\/li>\n<li>I\u00f3nicas (laranja): purificam o ar<\/li>\n<\/ul>\n<\/li>\n<li>Alcance da onda ultrass\u00f3nica: at\u00e9 465 m<sup>2<\/sup><\/li>\n<li>Frequ\u00eancia ultrass\u00f3nica: 25.000 Hz<\/li>\n<li>Funciona atrav\u00e9s de liga\u00e7\u00e3o \u00e0 rede el\u00e9trica<\/li>\n<li>Voltagem: 220-240 V<\/li>\n<li>Pot\u00eancia: 8 W<\/li>\n<li>Medidas aprox.: 12,5 x 7 x 4,2 cm<\/li>\n<\/ul>\n<p>&nbsp;<\/p>\n<p>&nbsp;<\/p>\n<p>&nbsp;<\/p>\n<p>&nbsp;<\/p>\n<p>&nbsp;<\/p>\n<p>&nbsp;<\/p>","protected":false},"featured_media":24291,"comment_status":"open","ping_status":"closed","template":"","meta":{"_glsr_average":0,"_glsr_ranking":0,"_glsr_reviews":0},"product_brand":[],"product_cat":[387,388],"product_tag":[],"class_list":{"0":"post-24286","1":"product","2":"type-product","3":"status-publish","4":"has-post-thumbnail","6":"product_cat-anti-insetos","7":"product_cat-eletricos","9":"first","10":"instock","11":"taxable","12":"shipping-taxable","13":"purchasable","14":"product-type-simple"},"yoast_head":"<!-- This site is optimized with the Yoast SEO plugin v26.8 - https:\/\/yoast.com\/product\/yoast-seo-wordpress\/ -->\n<title>REPELENTE DE INSETOS E ROEDORES C\/ LED E SENSOR 5 EM 1 - Curiosidades &amp; Dicas, Lda<\/title>\n<meta name=\"robots\" content=\"index, follow, max-snippet:-1, max-image-preview:large, max-video-preview:-1\" \/>\n<link rel=\"canonical\" href=\"https:\/\/curiosidadesedicas.com\/loja\/en\/product\/repelente-de-insetos-e-roedores-c-led-e-sensor-5-em-1\/\" \/>\n<meta property=\"og:locale\" content=\"en_US\" \/>\n<meta property=\"og:type\" content=\"article\" \/>\n<meta property=\"og:title\" content=\"REPELENTE DE INSETOS E ROEDORES C\/ LED E SENSOR 5 EM 1 - Curiosidades &amp; Dicas, Lda\" \/>\n<meta property=\"og:description\" content=\"Fabricado em ABS, PC e PCB  F\u00e1cil utiliza\u00e7\u00e3o e manejo  Luz LED noturna  Sensor de luz  3 tipos de onda com indicadores luminosos:   Ultrass\u00f3nicas (verde): afastam roedores e insetos  Eletromagn\u00e9ticas (vermelho): atacam os ninhos das pragas  I\u00f3nicas (laranja): purificam o ar    Alcance da onda ultrass\u00f3nica: at\u00e9 465 m2  Frequ\u00eancia ultrass\u00f3nica: 25.000 Hz  Funciona atrav\u00e9s de liga\u00e7\u00e3o \u00e0 rede el\u00e9trica  Voltagem: 220-240 V  Pot\u00eancia: 8 W  Medidas aprox.: 12,5 x 7 x 4,2 cm  &nbsp;  &nbsp;  &nbsp;  &nbsp;  &nbsp;  &nbsp;\" \/>\n<meta property=\"og:url\" content=\"https:\/\/curiosidadesedicas.com\/loja\/en\/product\/repelente-de-insetos-e-roedores-c-led-e-sensor-5-em-1\/\" \/>\n<meta property=\"og:site_name\" content=\"Curiosidades &amp; Dicas, Lda\" \/>\n<meta property=\"article:modified_time\" content=\"2025-03-13T10:26:15+00:00\" \/>\n<meta property=\"og:image\" content=\"https:\/\/curiosidadesedicas.com\/loja\/wp-content\/uploads\/2022\/02\/repelente-de-pragas-com-led-e-sensor-5-em-1-innovagoods.jpg\" \/>\n\t<meta property=\"og:image:width\" content=\"600\" \/>\n\t<meta property=\"og:image:height\" content=\"600\" \/>\n\t<meta property=\"og:image:type\" content=\"image\/jpeg\" \/>\n<meta name=\"twitter:card\" content=\"summary_large_image\" \/>\n<meta name=\"twitter:label1\" content=\"Est. reading time\" \/>\n\t<meta name=\"twitter:data1\" content=\"1 minute\" \/>\n<script type=\"application\/ld+json\" class=\"yoast-schema-graph\">{\"@context\":\"https:\/\/schema.org\",\"@graph\":[{\"@type\":\"WebPage\",\"@id\":\"https:\/\/curiosidadesedicas.com\/loja\/produto\/repelente-de-insetos-e-roedores-c-led-e-sensor-5-em-1\/\",\"url\":\"https:\/\/curiosidadesedicas.com\/loja\/produto\/repelente-de-insetos-e-roedores-c-led-e-sensor-5-em-1\/\",\"name\":\"REPELENTE DE INSETOS E ROEDORES C\/ LED E SENSOR 5 EM 1 - Curiosidades &amp; Dicas, Lda\",\"isPartOf\":{\"@id\":\"https:\/\/curiosidadesedicas.com\/loja\/#website\"},\"primaryImageOfPage\":{\"@id\":\"https:\/\/curiosidadesedicas.com\/loja\/produto\/repelente-de-insetos-e-roedores-c-led-e-sensor-5-em-1\/#primaryimage\"},\"image\":{\"@id\":\"https:\/\/curiosidadesedicas.com\/loja\/produto\/repelente-de-insetos-e-roedores-c-led-e-sensor-5-em-1\/#primaryimage\"},\"thumbnailUrl\":\"https:\/\/curiosidadesedicas.com\/loja\/wp-content\/uploads\/2022\/02\/repelente-de-pragas-com-led-e-sensor-5-em-1-innovagoods.jpg\",\"datePublished\":\"2022-02-21T11:51:07+00:00\",\"dateModified\":\"2025-03-13T10:26:15+00:00\",\"breadcrumb\":{\"@id\":\"https:\/\/curiosidadesedicas.com\/loja\/produto\/repelente-de-insetos-e-roedores-c-led-e-sensor-5-em-1\/#breadcrumb\"},\"inLanguage\":\"en-US\",\"potentialAction\":[{\"@type\":\"ReadAction\",\"target\":[\"https:\/\/curiosidadesedicas.com\/loja\/produto\/repelente-de-insetos-e-roedores-c-led-e-sensor-5-em-1\/\"]}]},{\"@type\":\"ImageObject\",\"inLanguage\":\"en-US\",\"@id\":\"https:\/\/curiosidadesedicas.com\/loja\/produto\/repelente-de-insetos-e-roedores-c-led-e-sensor-5-em-1\/#primaryimage\",\"url\":\"https:\/\/curiosidadesedicas.com\/loja\/wp-content\/uploads\/2022\/02\/repelente-de-pragas-com-led-e-sensor-5-em-1-innovagoods.jpg\",\"contentUrl\":\"https:\/\/curiosidadesedicas.com\/loja\/wp-content\/uploads\/2022\/02\/repelente-de-pragas-com-led-e-sensor-5-em-1-innovagoods.jpg\",\"width\":600,\"height\":600},{\"@type\":\"BreadcrumbList\",\"@id\":\"https:\/\/curiosidadesedicas.com\/loja\/produto\/repelente-de-insetos-e-roedores-c-led-e-sensor-5-em-1\/#breadcrumb\",\"itemListElement\":[{\"@type\":\"ListItem\",\"position\":1,\"name\":\"In\u00edcio\",\"item\":\"https:\/\/curiosidadesedicas.com\/loja\/\"},{\"@type\":\"ListItem\",\"position\":2,\"name\":\"Produtos\",\"item\":\"https:\/\/curiosidadesedicas.com\/loja\/produtos\/\"},{\"@type\":\"ListItem\",\"position\":3,\"name\":\"REPELENTE DE INSETOS E ROEDORES C\/ LED E SENSOR 5 EM 1\"}]},{\"@type\":\"WebSite\",\"@id\":\"https:\/\/curiosidadesedicas.com\/loja\/#website\",\"url\":\"https:\/\/curiosidadesedicas.com\/loja\/\",\"name\":\"Curiosidades &amp; Dicas, Lda\",\"description\":\"Apaixonados Por Inova\u00e7\u00e3o\",\"publisher\":{\"@id\":\"https:\/\/curiosidadesedicas.com\/loja\/#organization\"},\"potentialAction\":[{\"@type\":\"SearchAction\",\"target\":{\"@type\":\"EntryPoint\",\"urlTemplate\":\"https:\/\/curiosidadesedicas.com\/loja\/?s={search_term_string}\"},\"query-input\":{\"@type\":\"PropertyValueSpecification\",\"valueRequired\":true,\"valueName\":\"search_term_string\"}}],\"inLanguage\":\"en-US\"},{\"@type\":\"Organization\",\"@id\":\"https:\/\/curiosidadesedicas.com\/loja\/#organization\",\"name\":\"Curiosidades & Dicas\",\"url\":\"https:\/\/curiosidadesedicas.com\/loja\/\",\"logo\":{\"@type\":\"ImageObject\",\"inLanguage\":\"en-US\",\"@id\":\"https:\/\/curiosidadesedicas.com\/loja\/#\/schema\/logo\/image\/\",\"url\":\"https:\/\/curiosidadesedicas.com\/loja\/wp-content\/uploads\/2020\/05\/LogoCuriosidadesSimples.png\",\"contentUrl\":\"https:\/\/curiosidadesedicas.com\/loja\/wp-content\/uploads\/2020\/05\/LogoCuriosidadesSimples.png\",\"width\":3528,\"height\":804,\"caption\":\"Curiosidades & Dicas\"},\"image\":{\"@id\":\"https:\/\/curiosidadesedicas.com\/loja\/#\/schema\/logo\/image\/\"}}]}<\/script>\n<!-- \/ Yoast SEO plugin. -->","yoast_head_json":{"title":"REPELENTE DE INSETOS E ROEDORES C\/ LED E SENSOR 5 EM 1 - Curiosidades &amp; Dicas, Lda","robots":{"index":"index","follow":"follow","max-snippet":"max-snippet:-1","max-image-preview":"max-image-preview:large","max-video-preview":"max-video-preview:-1"},"canonical":"https:\/\/curiosidadesedicas.com\/loja\/en\/product\/repelente-de-insetos-e-roedores-c-led-e-sensor-5-em-1\/","og_locale":"en_US","og_type":"article","og_title":"REPELENTE DE INSETOS E ROEDORES C\/ LED E SENSOR 5 EM 1 - Curiosidades &amp; Dicas, Lda","og_description":"Fabricado em ABS, PC e PCB  F\u00e1cil utiliza\u00e7\u00e3o e manejo  Luz LED noturna  Sensor de luz  3 tipos de onda com indicadores luminosos:   Ultrass\u00f3nicas (verde): afastam roedores e insetos  Eletromagn\u00e9ticas (vermelho): atacam os ninhos das pragas  I\u00f3nicas (laranja): purificam o ar    Alcance da onda ultrass\u00f3nica: at\u00e9 465 m2  Frequ\u00eancia ultrass\u00f3nica: 25.000 Hz  Funciona atrav\u00e9s de liga\u00e7\u00e3o \u00e0 rede el\u00e9trica  Voltagem: 220-240 V  Pot\u00eancia: 8 W  Medidas aprox.: 12,5 x 7 x 4,2 cm  &nbsp;  &nbsp;  &nbsp;  &nbsp;  &nbsp;  &nbsp;","og_url":"https:\/\/curiosidadesedicas.com\/loja\/en\/product\/repelente-de-insetos-e-roedores-c-led-e-sensor-5-em-1\/","og_site_name":"Curiosidades &amp; Dicas, Lda","article_modified_time":"2025-03-13T10:26:15+00:00","og_image":[{"width":600,"height":600,"url":"https:\/\/curiosidadesedicas.com\/loja\/wp-content\/uploads\/2022\/02\/repelente-de-pragas-com-led-e-sensor-5-em-1-innovagoods.jpg","type":"image\/jpeg"}],"twitter_card":"summary_large_image","twitter_misc":{"Est. reading time":"1 minute"},"schema":{"@context":"https:\/\/schema.org","@graph":[{"@type":"WebPage","@id":"https:\/\/curiosidadesedicas.com\/loja\/produto\/repelente-de-insetos-e-roedores-c-led-e-sensor-5-em-1\/","url":"https:\/\/curiosidadesedicas.com\/loja\/produto\/repelente-de-insetos-e-roedores-c-led-e-sensor-5-em-1\/","name":"REPELENTE DE INSETOS E ROEDORES C\/ LED E SENSOR 5 EM 1 - Curiosidades &amp; Dicas, Lda","isPartOf":{"@id":"https:\/\/curiosidadesedicas.com\/loja\/#website"},"primaryImageOfPage":{"@id":"https:\/\/curiosidadesedicas.com\/loja\/produto\/repelente-de-insetos-e-roedores-c-led-e-sensor-5-em-1\/#primaryimage"},"image":{"@id":"https:\/\/curiosidadesedicas.com\/loja\/produto\/repelente-de-insetos-e-roedores-c-led-e-sensor-5-em-1\/#primaryimage"},"thumbnailUrl":"https:\/\/curiosidadesedicas.com\/loja\/wp-content\/uploads\/2022\/02\/repelente-de-pragas-com-led-e-sensor-5-em-1-innovagoods.jpg","datePublished":"2022-02-21T11:51:07+00:00","dateModified":"2025-03-13T10:26:15+00:00","breadcrumb":{"@id":"https:\/\/curiosidadesedicas.com\/loja\/produto\/repelente-de-insetos-e-roedores-c-led-e-sensor-5-em-1\/#breadcrumb"},"inLanguage":"en-US","potentialAction":[{"@type":"ReadAction","target":["https:\/\/curiosidadesedicas.com\/loja\/produto\/repelente-de-insetos-e-roedores-c-led-e-sensor-5-em-1\/"]}]},{"@type":"ImageObject","inLanguage":"en-US","@id":"https:\/\/curiosidadesedicas.com\/loja\/produto\/repelente-de-insetos-e-roedores-c-led-e-sensor-5-em-1\/#primaryimage","url":"https:\/\/curiosidadesedicas.com\/loja\/wp-content\/uploads\/2022\/02\/repelente-de-pragas-com-led-e-sensor-5-em-1-innovagoods.jpg","contentUrl":"https:\/\/curiosidadesedicas.com\/loja\/wp-content\/uploads\/2022\/02\/repelente-de-pragas-com-led-e-sensor-5-em-1-innovagoods.jpg","width":600,"height":600},{"@type":"BreadcrumbList","@id":"https:\/\/curiosidadesedicas.com\/loja\/produto\/repelente-de-insetos-e-roedores-c-led-e-sensor-5-em-1\/#breadcrumb","itemListElement":[{"@type":"ListItem","position":1,"name":"In\u00edcio","item":"https:\/\/curiosidadesedicas.com\/loja\/"},{"@type":"ListItem","position":2,"name":"Produtos","item":"https:\/\/curiosidadesedicas.com\/loja\/produtos\/"},{"@type":"ListItem","position":3,"name":"REPELENTE DE INSETOS E ROEDORES C\/ LED E SENSOR 5 EM 1"}]},{"@type":"WebSite","@id":"https:\/\/curiosidadesedicas.com\/loja\/#website","url":"https:\/\/curiosidadesedicas.com\/loja\/","name":"Curiosidades &amp; Dicas, Lda","description":"Apaixonados Por Inova\u00e7\u00e3o","publisher":{"@id":"https:\/\/curiosidadesedicas.com\/loja\/#organization"},"potentialAction":[{"@type":"SearchAction","target":{"@type":"EntryPoint","urlTemplate":"https:\/\/curiosidadesedicas.com\/loja\/?s={search_term_string}"},"query-input":{"@type":"PropertyValueSpecification","valueRequired":true,"valueName":"search_term_string"}}],"inLanguage":"en-US"},{"@type":"Organization","@id":"https:\/\/curiosidadesedicas.com\/loja\/#organization","name":"Curiosidades & Dicas","url":"https:\/\/curiosidadesedicas.com\/loja\/","logo":{"@type":"ImageObject","inLanguage":"en-US","@id":"https:\/\/curiosidadesedicas.com\/loja\/#\/schema\/logo\/image\/","url":"https:\/\/curiosidadesedicas.com\/loja\/wp-content\/uploads\/2020\/05\/LogoCuriosidadesSimples.png","contentUrl":"https:\/\/curiosidadesedicas.com\/loja\/wp-content\/uploads\/2020\/05\/LogoCuriosidadesSimples.png","width":3528,"height":804,"caption":"Curiosidades & Dicas"},"image":{"@id":"https:\/\/curiosidadesedicas.com\/loja\/#\/schema\/logo\/image\/"}}]}},"_links":{"self":[{"href":"https:\/\/curiosidadesedicas.com\/loja\/en\/wp-json\/wp\/v2\/product\/24286","targetHints":{"allow":["GET"]}}],"collection":[{"href":"https:\/\/curiosidadesedicas.com\/loja\/en\/wp-json\/wp\/v2\/product"}],"about":[{"href":"https:\/\/curiosidadesedicas.com\/loja\/en\/wp-json\/wp\/v2\/types\/product"}],"replies":[{"embeddable":true,"href":"https:\/\/curiosidadesedicas.com\/loja\/en\/wp-json\/wp\/v2\/comments?post=24286"}],"wp:featuredmedia":[{"embeddable":true,"href":"https:\/\/curiosidadesedicas.com\/loja\/en\/wp-json\/wp\/v2\/media\/24291"}],"wp:attachment":[{"href":"https:\/\/curiosidadesedicas.com\/loja\/en\/wp-json\/wp\/v2\/media?parent=24286"}],"wp:term":[{"taxonomy":"product_brand","embeddable":true,"href":"https:\/\/curiosidadesedicas.com\/loja\/en\/wp-json\/wp\/v2\/product_brand?post=24286"},{"taxonomy":"product_cat","embeddable":true,"href":"https:\/\/curiosidadesedicas.com\/loja\/en\/wp-json\/wp\/v2\/product_cat?post=24286"},{"taxonomy":"product_tag","embeddable":true,"href":"https:\/\/curiosidadesedicas.com\/loja\/en\/wp-json\/wp\/v2\/product_tag?post=24286"}],"curies":[{"name":"wp","href":"https:\/\/api.w.org\/{rel}","templated":true}]}}