{"id":24228,"date":"2022-02-17T16:34:21","date_gmt":"2022-02-17T16:34:21","guid":{"rendered":"https:\/\/curiosidadesedicas.com\/loja\/?post_type=product&#038;p=24228"},"modified":"2024-05-02T15:44:40","modified_gmt":"2024-05-02T15:44:40","slug":"braseiro-e-churrasqueira-mesa-de-centro-redonda-de-ceramica-e-marmore","status":"publish","type":"product","link":"https:\/\/curiosidadesedicas.com\/loja\/en\/product\/braseiro-e-churrasqueira-mesa-de-centro-redonda-de-ceramica-e-marmore\/","title":{"rendered":"BRASEIRO E CHURRASQUEIRA | MESA DE CENTRO REDONDA DE CER\u00c2MICA E M\u00c1RMORE"},"content":{"rendered":"<p>Mesa de centro redonda em cer\u00e2mica com braseiro e churrasqueira.<\/p>\n<ul>\n<li>Placa composta de cer\u00e2mica e m\u00e1rmore.<\/li>\n<li>Braseiro no centro para lenha ou carv\u00e3o e churrasqueira em a\u00e7o cromado.<\/li>\n<li>Inclui tampo central em cer\u00e2mica e m\u00e1rmore, al\u00e9m de tampa anti-fa\u00edsca para o braseiro<\/li>\n<li>Medidas (Comprimento x Profundidade x Altura): 81 x 81 x 55cm.<\/li>\n<li>Peso: 27Kg.<\/li>\n<\/ul>","protected":false},"excerpt":{"rendered":"<p>Mesa de centro redonda em cer\u00e2mica com braseiro e churrasqueira.<\/p>\n<ul>\n<li>Placa composta de cer\u00e2mica e m\u00e1rmore.<\/li>\n<li>Braseiro no centro para lenha ou carv\u00e3o e churrasqueira em a\u00e7o cromado.<\/li>\n<li>Inclui tampo central em cer\u00e2mica e m\u00e1rmore, al\u00e9m de tampa anti-fa\u00edsca para o braseiro<\/li>\n<li>Medidas (Comprimento x Profundidade x Altura): 81 x 81 x 55cm.<\/li>\n<li>Peso: 27Kg.<\/li>\n<\/ul>\n<p>&nbsp;<\/p>\n<p><img decoding=\"async\" src=\"https:\/\/curiosidadesedicas.com\/loja\/wp-content\/uploads\/2022\/02\/mesa-purline-44854-scaled.jpg\" \/><\/p>\n<p>&nbsp;<\/p>\n<p>&nbsp;<\/p>","protected":false},"featured_media":24232,"comment_status":"open","ping_status":"closed","template":"","meta":{"_glsr_average":0,"_glsr_ranking":0,"_glsr_reviews":0},"product_brand":[],"product_cat":[368,513,481,365,367],"product_tag":[],"class_list":{"0":"post-24228","1":"product","2":"type-product","3":"status-publish","4":"has-post-thumbnail","6":"product_cat-aquecimento","7":"product_cat-churrasqueiras","8":"product_cat-exterior","9":"product_cat-para-o-lar","10":"product_cat-grelhadores","12":"first","13":"instock","14":"taxable","15":"shipping-taxable","16":"purchasable","17":"product-type-simple"},"yoast_head":"<!-- This site is optimized with the Yoast SEO plugin v26.8 - https:\/\/yoast.com\/product\/yoast-seo-wordpress\/ -->\n<title>BRASEIRO E CHURRASQUEIRA | MESA DE CENTRO REDONDA DE CER\u00c2MICA E M\u00c1RMORE - Curiosidades &amp; Dicas, Lda<\/title>\n<meta name=\"robots\" content=\"index, follow, max-snippet:-1, max-image-preview:large, max-video-preview:-1\" \/>\n<link rel=\"canonical\" href=\"https:\/\/curiosidadesedicas.com\/loja\/en\/product\/braseiro-e-churrasqueira-mesa-de-centro-redonda-de-ceramica-e-marmore\/\" \/>\n<meta property=\"og:locale\" content=\"en_US\" \/>\n<meta property=\"og:type\" content=\"article\" \/>\n<meta property=\"og:title\" content=\"BRASEIRO E CHURRASQUEIRA | MESA DE CENTRO REDONDA DE CER\u00c2MICA E M\u00c1RMORE - Curiosidades &amp; Dicas, Lda\" \/>\n<meta property=\"og:description\" content=\"Mesa de centro redonda em cer\u00e2mica com braseiro e churrasqueira.   Placa composta de cer\u00e2mica e m\u00e1rmore.  Braseiro no centro para lenha ou carv\u00e3o e churrasqueira em a\u00e7o cromado.  Inclui tampo central em cer\u00e2mica e m\u00e1rmore, al\u00e9m de tampa anti-fa\u00edsca para o braseiro  Medidas (Comprimento x Profundidade x Altura): 81 x 81 x 55cm.  Peso: 27Kg.  &nbsp;    &nbsp;  &nbsp;\" \/>\n<meta property=\"og:url\" content=\"https:\/\/curiosidadesedicas.com\/loja\/en\/product\/braseiro-e-churrasqueira-mesa-de-centro-redonda-de-ceramica-e-marmore\/\" \/>\n<meta property=\"og:site_name\" content=\"Curiosidades &amp; Dicas, Lda\" \/>\n<meta property=\"article:modified_time\" content=\"2024-05-02T15:44:40+00:00\" \/>\n<meta property=\"og:image\" content=\"https:\/\/curiosidadesedicas.com\/loja\/wp-content\/uploads\/2022\/02\/mesa-44854-scaled.jpg\" \/>\n\t<meta property=\"og:image:width\" content=\"2560\" \/>\n\t<meta property=\"og:image:height\" content=\"1920\" \/>\n\t<meta property=\"og:image:type\" content=\"image\/jpeg\" \/>\n<meta name=\"twitter:card\" content=\"summary_large_image\" \/>\n<meta name=\"twitter:label1\" content=\"Est. reading time\" \/>\n\t<meta name=\"twitter:data1\" content=\"1 minute\" \/>\n<script type=\"application\/ld+json\" class=\"yoast-schema-graph\">{\"@context\":\"https:\/\/schema.org\",\"@graph\":[{\"@type\":\"WebPage\",\"@id\":\"https:\/\/curiosidadesedicas.com\/loja\/produto\/braseiro-e-churrasqueira-mesa-de-centro-redonda-de-ceramica-e-marmore\/\",\"url\":\"https:\/\/curiosidadesedicas.com\/loja\/produto\/braseiro-e-churrasqueira-mesa-de-centro-redonda-de-ceramica-e-marmore\/\",\"name\":\"BRASEIRO E CHURRASQUEIRA | MESA DE CENTRO REDONDA DE CER\u00c2MICA E M\u00c1RMORE - Curiosidades &amp; Dicas, Lda\",\"isPartOf\":{\"@id\":\"https:\/\/curiosidadesedicas.com\/loja\/#website\"},\"primaryImageOfPage\":{\"@id\":\"https:\/\/curiosidadesedicas.com\/loja\/produto\/braseiro-e-churrasqueira-mesa-de-centro-redonda-de-ceramica-e-marmore\/#primaryimage\"},\"image\":{\"@id\":\"https:\/\/curiosidadesedicas.com\/loja\/produto\/braseiro-e-churrasqueira-mesa-de-centro-redonda-de-ceramica-e-marmore\/#primaryimage\"},\"thumbnailUrl\":\"https:\/\/curiosidadesedicas.com\/loja\/wp-content\/uploads\/2022\/02\/mesa-44854-scaled.jpg\",\"datePublished\":\"2022-02-17T16:34:21+00:00\",\"dateModified\":\"2024-05-02T15:44:40+00:00\",\"breadcrumb\":{\"@id\":\"https:\/\/curiosidadesedicas.com\/loja\/produto\/braseiro-e-churrasqueira-mesa-de-centro-redonda-de-ceramica-e-marmore\/#breadcrumb\"},\"inLanguage\":\"en-US\",\"potentialAction\":[{\"@type\":\"ReadAction\",\"target\":[\"https:\/\/curiosidadesedicas.com\/loja\/produto\/braseiro-e-churrasqueira-mesa-de-centro-redonda-de-ceramica-e-marmore\/\"]}]},{\"@type\":\"ImageObject\",\"inLanguage\":\"en-US\",\"@id\":\"https:\/\/curiosidadesedicas.com\/loja\/produto\/braseiro-e-churrasqueira-mesa-de-centro-redonda-de-ceramica-e-marmore\/#primaryimage\",\"url\":\"https:\/\/curiosidadesedicas.com\/loja\/wp-content\/uploads\/2022\/02\/mesa-44854-scaled.jpg\",\"contentUrl\":\"https:\/\/curiosidadesedicas.com\/loja\/wp-content\/uploads\/2022\/02\/mesa-44854-scaled.jpg\",\"width\":2560,\"height\":1920},{\"@type\":\"BreadcrumbList\",\"@id\":\"https:\/\/curiosidadesedicas.com\/loja\/produto\/braseiro-e-churrasqueira-mesa-de-centro-redonda-de-ceramica-e-marmore\/#breadcrumb\",\"itemListElement\":[{\"@type\":\"ListItem\",\"position\":1,\"name\":\"In\u00edcio\",\"item\":\"https:\/\/curiosidadesedicas.com\/loja\/\"},{\"@type\":\"ListItem\",\"position\":2,\"name\":\"Produtos\",\"item\":\"https:\/\/curiosidadesedicas.com\/loja\/produtos\/\"},{\"@type\":\"ListItem\",\"position\":3,\"name\":\"BRASEIRO E CHURRASQUEIRA | MESA DE CENTRO REDONDA DE CER\u00c2MICA E M\u00c1RMORE\"}]},{\"@type\":\"WebSite\",\"@id\":\"https:\/\/curiosidadesedicas.com\/loja\/#website\",\"url\":\"https:\/\/curiosidadesedicas.com\/loja\/\",\"name\":\"Curiosidades &amp; Dicas, Lda\",\"description\":\"Apaixonados Por Inova\u00e7\u00e3o\",\"publisher\":{\"@id\":\"https:\/\/curiosidadesedicas.com\/loja\/#organization\"},\"potentialAction\":[{\"@type\":\"SearchAction\",\"target\":{\"@type\":\"EntryPoint\",\"urlTemplate\":\"https:\/\/curiosidadesedicas.com\/loja\/?s={search_term_string}\"},\"query-input\":{\"@type\":\"PropertyValueSpecification\",\"valueRequired\":true,\"valueName\":\"search_term_string\"}}],\"inLanguage\":\"en-US\"},{\"@type\":\"Organization\",\"@id\":\"https:\/\/curiosidadesedicas.com\/loja\/#organization\",\"name\":\"Curiosidades & Dicas\",\"url\":\"https:\/\/curiosidadesedicas.com\/loja\/\",\"logo\":{\"@type\":\"ImageObject\",\"inLanguage\":\"en-US\",\"@id\":\"https:\/\/curiosidadesedicas.com\/loja\/#\/schema\/logo\/image\/\",\"url\":\"https:\/\/curiosidadesedicas.com\/loja\/wp-content\/uploads\/2020\/05\/LogoCuriosidadesSimples.png\",\"contentUrl\":\"https:\/\/curiosidadesedicas.com\/loja\/wp-content\/uploads\/2020\/05\/LogoCuriosidadesSimples.png\",\"width\":3528,\"height\":804,\"caption\":\"Curiosidades & Dicas\"},\"image\":{\"@id\":\"https:\/\/curiosidadesedicas.com\/loja\/#\/schema\/logo\/image\/\"}}]}<\/script>\n<!-- \/ Yoast SEO plugin. -->","yoast_head_json":{"title":"BRASEIRO E CHURRASQUEIRA | MESA DE CENTRO REDONDA DE CER\u00c2MICA E M\u00c1RMORE - Curiosidades &amp; Dicas, Lda","robots":{"index":"index","follow":"follow","max-snippet":"max-snippet:-1","max-image-preview":"max-image-preview:large","max-video-preview":"max-video-preview:-1"},"canonical":"https:\/\/curiosidadesedicas.com\/loja\/en\/product\/braseiro-e-churrasqueira-mesa-de-centro-redonda-de-ceramica-e-marmore\/","og_locale":"en_US","og_type":"article","og_title":"BRASEIRO E CHURRASQUEIRA | MESA DE CENTRO REDONDA DE CER\u00c2MICA E M\u00c1RMORE - Curiosidades &amp; Dicas, Lda","og_description":"Mesa de centro redonda em cer\u00e2mica com braseiro e churrasqueira.   Placa composta de cer\u00e2mica e m\u00e1rmore.  Braseiro no centro para lenha ou carv\u00e3o e churrasqueira em a\u00e7o cromado.  Inclui tampo central em cer\u00e2mica e m\u00e1rmore, al\u00e9m de tampa anti-fa\u00edsca para o braseiro  Medidas (Comprimento x Profundidade x Altura): 81 x 81 x 55cm.  Peso: 27Kg.  &nbsp;    &nbsp;  &nbsp;","og_url":"https:\/\/curiosidadesedicas.com\/loja\/en\/product\/braseiro-e-churrasqueira-mesa-de-centro-redonda-de-ceramica-e-marmore\/","og_site_name":"Curiosidades &amp; Dicas, Lda","article_modified_time":"2024-05-02T15:44:40+00:00","og_image":[{"width":2560,"height":1920,"url":"https:\/\/curiosidadesedicas.com\/loja\/wp-content\/uploads\/2022\/02\/mesa-44854-scaled.jpg","type":"image\/jpeg"}],"twitter_card":"summary_large_image","twitter_misc":{"Est. reading time":"1 minute"},"schema":{"@context":"https:\/\/schema.org","@graph":[{"@type":"WebPage","@id":"https:\/\/curiosidadesedicas.com\/loja\/produto\/braseiro-e-churrasqueira-mesa-de-centro-redonda-de-ceramica-e-marmore\/","url":"https:\/\/curiosidadesedicas.com\/loja\/produto\/braseiro-e-churrasqueira-mesa-de-centro-redonda-de-ceramica-e-marmore\/","name":"BRASEIRO E CHURRASQUEIRA | MESA DE CENTRO REDONDA DE CER\u00c2MICA E M\u00c1RMORE - Curiosidades &amp; Dicas, Lda","isPartOf":{"@id":"https:\/\/curiosidadesedicas.com\/loja\/#website"},"primaryImageOfPage":{"@id":"https:\/\/curiosidadesedicas.com\/loja\/produto\/braseiro-e-churrasqueira-mesa-de-centro-redonda-de-ceramica-e-marmore\/#primaryimage"},"image":{"@id":"https:\/\/curiosidadesedicas.com\/loja\/produto\/braseiro-e-churrasqueira-mesa-de-centro-redonda-de-ceramica-e-marmore\/#primaryimage"},"thumbnailUrl":"https:\/\/curiosidadesedicas.com\/loja\/wp-content\/uploads\/2022\/02\/mesa-44854-scaled.jpg","datePublished":"2022-02-17T16:34:21+00:00","dateModified":"2024-05-02T15:44:40+00:00","breadcrumb":{"@id":"https:\/\/curiosidadesedicas.com\/loja\/produto\/braseiro-e-churrasqueira-mesa-de-centro-redonda-de-ceramica-e-marmore\/#breadcrumb"},"inLanguage":"en-US","potentialAction":[{"@type":"ReadAction","target":["https:\/\/curiosidadesedicas.com\/loja\/produto\/braseiro-e-churrasqueira-mesa-de-centro-redonda-de-ceramica-e-marmore\/"]}]},{"@type":"ImageObject","inLanguage":"en-US","@id":"https:\/\/curiosidadesedicas.com\/loja\/produto\/braseiro-e-churrasqueira-mesa-de-centro-redonda-de-ceramica-e-marmore\/#primaryimage","url":"https:\/\/curiosidadesedicas.com\/loja\/wp-content\/uploads\/2022\/02\/mesa-44854-scaled.jpg","contentUrl":"https:\/\/curiosidadesedicas.com\/loja\/wp-content\/uploads\/2022\/02\/mesa-44854-scaled.jpg","width":2560,"height":1920},{"@type":"BreadcrumbList","@id":"https:\/\/curiosidadesedicas.com\/loja\/produto\/braseiro-e-churrasqueira-mesa-de-centro-redonda-de-ceramica-e-marmore\/#breadcrumb","itemListElement":[{"@type":"ListItem","position":1,"name":"In\u00edcio","item":"https:\/\/curiosidadesedicas.com\/loja\/"},{"@type":"ListItem","position":2,"name":"Produtos","item":"https:\/\/curiosidadesedicas.com\/loja\/produtos\/"},{"@type":"ListItem","position":3,"name":"BRASEIRO E CHURRASQUEIRA | MESA DE CENTRO REDONDA DE CER\u00c2MICA E M\u00c1RMORE"}]},{"@type":"WebSite","@id":"https:\/\/curiosidadesedicas.com\/loja\/#website","url":"https:\/\/curiosidadesedicas.com\/loja\/","name":"Curiosidades &amp; Dicas, Lda","description":"Apaixonados Por Inova\u00e7\u00e3o","publisher":{"@id":"https:\/\/curiosidadesedicas.com\/loja\/#organization"},"potentialAction":[{"@type":"SearchAction","target":{"@type":"EntryPoint","urlTemplate":"https:\/\/curiosidadesedicas.com\/loja\/?s={search_term_string}"},"query-input":{"@type":"PropertyValueSpecification","valueRequired":true,"valueName":"search_term_string"}}],"inLanguage":"en-US"},{"@type":"Organization","@id":"https:\/\/curiosidadesedicas.com\/loja\/#organization","name":"Curiosidades & Dicas","url":"https:\/\/curiosidadesedicas.com\/loja\/","logo":{"@type":"ImageObject","inLanguage":"en-US","@id":"https:\/\/curiosidadesedicas.com\/loja\/#\/schema\/logo\/image\/","url":"https:\/\/curiosidadesedicas.com\/loja\/wp-content\/uploads\/2020\/05\/LogoCuriosidadesSimples.png","contentUrl":"https:\/\/curiosidadesedicas.com\/loja\/wp-content\/uploads\/2020\/05\/LogoCuriosidadesSimples.png","width":3528,"height":804,"caption":"Curiosidades & Dicas"},"image":{"@id":"https:\/\/curiosidadesedicas.com\/loja\/#\/schema\/logo\/image\/"}}]}},"_links":{"self":[{"href":"https:\/\/curiosidadesedicas.com\/loja\/en\/wp-json\/wp\/v2\/product\/24228","targetHints":{"allow":["GET"]}}],"collection":[{"href":"https:\/\/curiosidadesedicas.com\/loja\/en\/wp-json\/wp\/v2\/product"}],"about":[{"href":"https:\/\/curiosidadesedicas.com\/loja\/en\/wp-json\/wp\/v2\/types\/product"}],"replies":[{"embeddable":true,"href":"https:\/\/curiosidadesedicas.com\/loja\/en\/wp-json\/wp\/v2\/comments?post=24228"}],"wp:featuredmedia":[{"embeddable":true,"href":"https:\/\/curiosidadesedicas.com\/loja\/en\/wp-json\/wp\/v2\/media\/24232"}],"wp:attachment":[{"href":"https:\/\/curiosidadesedicas.com\/loja\/en\/wp-json\/wp\/v2\/media?parent=24228"}],"wp:term":[{"taxonomy":"product_brand","embeddable":true,"href":"https:\/\/curiosidadesedicas.com\/loja\/en\/wp-json\/wp\/v2\/product_brand?post=24228"},{"taxonomy":"product_cat","embeddable":true,"href":"https:\/\/curiosidadesedicas.com\/loja\/en\/wp-json\/wp\/v2\/product_cat?post=24228"},{"taxonomy":"product_tag","embeddable":true,"href":"https:\/\/curiosidadesedicas.com\/loja\/en\/wp-json\/wp\/v2\/product_tag?post=24228"}],"curies":[{"name":"wp","href":"https:\/\/api.w.org\/{rel}","templated":true}]}}