{"id":24061,"date":"2022-02-14T15:04:54","date_gmt":"2022-02-14T15:04:54","guid":{"rendered":"https:\/\/curiosidadesedicas.com\/loja\/?post_type=product&#038;p=24061"},"modified":"2025-06-25T13:54:21","modified_gmt":"2025-06-25T13:54:21","slug":"secador-eletrico-portatil-c-3-niveis-1000w","status":"publish","type":"product","link":"https:\/\/curiosidadesedicas.com\/loja\/en\/product\/secador-eletrico-portatil-c-3-niveis-1000w\/","title":{"rendered":"SECADOR EL\u00c9TRICO PORT\u00c1TIL C\/ 3 N\u00cdVEIS 1000W"},"content":{"rendered":"<p>Um secador el\u00e9trico port\u00e1til com v\u00e1rios n\u00edveis que \u00e9 perfeito para secar roupa de forma mais r\u00e1pida e pr\u00e1tica, economizando tempo e esfor\u00e7o. As roupas secam esticadas e, por isso, ficam menos vincadas, o que as torna mais f\u00e1ceis de passar a ferro posteriormente. Este secador \u00e9 muito f\u00e1cil de utilizar e transportar para qualquer lugar, pois possui 4 rodas de transporte com rota\u00e7\u00e3o de 360\u00b0 e um bloco de seguran\u00e7a para proporcionar uma fixa\u00e7\u00e3o firme. As roupas podem ser penduradas em v\u00e1rias posi\u00e7\u00f5es (viradas para a frente ou para os lados), pois disp\u00f5e de 6 suportes adicionais para pendurar cabides, bem como das barras que comp\u00f5em a estrutura. Possui uma grande capacidade e \u00e9 adequado para todos os tipos de pe\u00e7as de todos os tamanhos. Atinge uma temperatura de 70 \u00b0C que esteriliza a roupa e remove os odores. A capa exterior \u00e9 remov\u00edvel e pode ser lavada \u00e0 m\u00e3o, dispondo de fecho-\u00e9clair e protegendo as roupas da poeira e de qualquer sujidade do ambiente. O potente aquecedor de ar \u00e9 silencioso e possui um term\u00f3stato de seguran\u00e7a para evitar o sobreaquecimento. O temporizador permite programar o tempo de secagem e, em seguida, desliga-se automaticamente. \u00c9 f\u00e1cil de montar e desmontar. Tudo o que precisa fazer \u00e9 seguir as instru\u00e7\u00f5es de montagem inclu\u00eddas.<\/p>","protected":false},"excerpt":{"rendered":"<ul>\n<li>Material:\n<ul>\n<li>ABS<\/li>\n<li>PP<\/li>\n<li>A\u00e7o inoxid\u00e1vel<\/li>\n<li>Fibra de poli\u00e9ster<\/li>\n<\/ul>\n<\/li>\n<li>Cor: Cinzento escuro<\/li>\n<li>Tipo:\n<ul>\n<li>El\u00e9trico<\/li>\n<li>M\u00faltiplas posi\u00e7\u00f5es<\/li>\n<li>Silencioso<\/li>\n<li>Desmont\u00e1vel<\/li>\n<\/ul>\n<\/li>\n<li>Original e port\u00e1til: F\u00e1cil de transportar e de guardar<\/li>\n<li>Utiliza\u00e7\u00e3o c\u00f3moda, simples e segura:\n<ul>\n<li>Vers\u00e1til e adapt\u00e1vel<\/li>\n<li>Prote\u00e7\u00e3o contra sobreaquecimento<\/li>\n<\/ul>\n<\/li>\n<li>Temperatura max.: 70 \u00baC<\/li>\n<li>Antibacteriano:\n<ul>\n<li>Esteriliza\u00e7\u00e3o<\/li>\n<li>Elimina\u00e7\u00e3o de odores<\/li>\n<\/ul>\n<\/li>\n<li>Peso m\u00e1x. suportado: 25 kg<\/li>\n<li>Temporizador:\n<ul>\n<li>30-180 min<\/li>\n<li>Apagado autom\u00e1tico<\/li>\n<\/ul>\n<\/li>\n<li>Rodas:\n<ul>\n<li>x4<\/li>\n<li>Rota\u00e7\u00e3o 360\u00ba<\/li>\n<li>Bloqueio de seguran\u00e7a<\/li>\n<\/ul>\n<\/li>\n<li>Capa exterior de prote\u00e7\u00e3o:\n<ul>\n<li>Extra\u00edvel<\/li>\n<li>Lavar \u00e0 m\u00e3o<\/li>\n<li>Fecho \u00e9clair<\/li>\n<\/ul>\n<\/li>\n<li>Inclui:\n<ul>\n<li>6 suportes para cabides<\/li>\n<li>Instru\u00e7\u00f5es de montagem<\/li>\n<\/ul>\n<\/li>\n<li>Grande capacidade e estabilidade:\n<ul>\n<li>Apoio est\u00e1vel<\/li>\n<li>Adequados para todo o tipo de roupas<\/li>\n<\/ul>\n<\/li>\n<li>Secagem r\u00e1pida: Poupan\u00e7a de tempo e de esfor\u00e7o<\/li>\n<li>Tipo de tomada: F<\/li>\n<li>Comprimento do cabo: 160 cm<\/li>\n<li>Pot\u00eancia: 1000 W<\/li>\n<li>AC In: 220-240 V \/ 50 Hz<\/li>\n<li>Medidas aprox.: 70 x 160 x 45 cm<\/li>\n<\/ul>\n<p>&nbsp;<\/p>\n<p>&nbsp;<\/p>\n<p>&nbsp;<\/p>","protected":false},"featured_media":24073,"comment_status":"open","ping_status":"closed","template":"","meta":{"_glsr_average":0,"_glsr_ranking":0,"_glsr_reviews":0},"product_brand":[],"product_cat":[368,479,365,545],"product_tag":[],"class_list":{"0":"post-24061","1":"product","2":"type-product","3":"status-publish","4":"has-post-thumbnail","6":"product_cat-aquecimento","7":"product_cat-casa","8":"product_cat-para-o-lar","9":"product_cat-estendais","11":"first","12":"outofstock","13":"taxable","14":"shipping-taxable","15":"purchasable","16":"product-type-simple"},"yoast_head":"<!-- This site is optimized with the Yoast SEO plugin v26.8 - https:\/\/yoast.com\/product\/yoast-seo-wordpress\/ -->\n<title>SECADOR EL\u00c9TRICO PORT\u00c1TIL C\/ 3 N\u00cdVEIS 1000W - Curiosidades &amp; Dicas, Lda<\/title>\n<meta name=\"robots\" content=\"index, follow, max-snippet:-1, max-image-preview:large, max-video-preview:-1\" \/>\n<link rel=\"canonical\" href=\"https:\/\/curiosidadesedicas.com\/loja\/en\/product\/secador-eletrico-portatil-c-3-niveis-1000w\/\" \/>\n<meta property=\"og:locale\" content=\"en_US\" \/>\n<meta property=\"og:type\" content=\"article\" \/>\n<meta property=\"og:title\" content=\"SECADOR EL\u00c9TRICO PORT\u00c1TIL C\/ 3 N\u00cdVEIS 1000W - Curiosidades &amp; Dicas, Lda\" \/>\n<meta property=\"og:description\" content=\"Material:   ABS  PP  A\u00e7o inoxid\u00e1vel  Fibra de poli\u00e9ster    Cor: Cinzento escuro  Tipo:   El\u00e9trico  M\u00faltiplas posi\u00e7\u00f5es  Silencioso  Desmont\u00e1vel    Original e port\u00e1til: F\u00e1cil de transportar e de guardar  Utiliza\u00e7\u00e3o c\u00f3moda, simples e segura:   Vers\u00e1til e adapt\u00e1vel  Prote\u00e7\u00e3o contra sobreaquecimento    Temperatura max.: 70 \u00baC  Antibacteriano:   Esteriliza\u00e7\u00e3o  Elimina\u00e7\u00e3o de odores    Peso m\u00e1x. suportado: 25 kg  Temporizador:   30-180 min  Apagado autom\u00e1tico    Rodas:   x4  Rota\u00e7\u00e3o 360\u00ba  Bloqueio de seguran\u00e7a    Capa exterior de prote\u00e7\u00e3o:   Extra\u00edvel  Lavar \u00e0 m\u00e3o  Fecho \u00e9clair    Inclui:   6 suportes para cabides  Instru\u00e7\u00f5es de montagem    Grande capacidade e estabilidade:   Apoio est\u00e1vel  Adequados para todo o tipo de roupas    Secagem r\u00e1pida: Poupan\u00e7a de tempo e de esfor\u00e7o  Tipo de tomada: F  Comprimento do cabo: 160 cm  Pot\u00eancia: 1000 W  AC In: 220-240 V \/ 50 Hz  Medidas aprox.: 70 x 160 x 45 cm  &nbsp;  &nbsp;  &nbsp;\" \/>\n<meta property=\"og:url\" content=\"https:\/\/curiosidadesedicas.com\/loja\/en\/product\/secador-eletrico-portatil-c-3-niveis-1000w\/\" \/>\n<meta property=\"og:site_name\" content=\"Curiosidades &amp; Dicas, Lda\" \/>\n<meta property=\"article:modified_time\" content=\"2025-06-25T13:54:21+00:00\" \/>\n<meta property=\"og:image\" content=\"https:\/\/curiosidadesedicas.com\/loja\/wp-content\/uploads\/2022\/02\/secador-eletrico-portatil-com-3-niveis-porthayer-innovagoods-1000w_284490.jpg\" \/>\n\t<meta property=\"og:image:width\" content=\"600\" \/>\n\t<meta property=\"og:image:height\" content=\"600\" \/>\n\t<meta property=\"og:image:type\" content=\"image\/jpeg\" \/>\n<meta name=\"twitter:card\" content=\"summary_large_image\" \/>\n<meta name=\"twitter:label1\" content=\"Est. reading time\" \/>\n\t<meta name=\"twitter:data1\" content=\"1 minute\" \/>\n<script type=\"application\/ld+json\" class=\"yoast-schema-graph\">{\"@context\":\"https:\/\/schema.org\",\"@graph\":[{\"@type\":\"WebPage\",\"@id\":\"https:\/\/curiosidadesedicas.com\/loja\/produto\/secador-eletrico-portatil-c-3-niveis-1000w\/\",\"url\":\"https:\/\/curiosidadesedicas.com\/loja\/produto\/secador-eletrico-portatil-c-3-niveis-1000w\/\",\"name\":\"SECADOR EL\u00c9TRICO PORT\u00c1TIL C\/ 3 N\u00cdVEIS 1000W - Curiosidades &amp; Dicas, Lda\",\"isPartOf\":{\"@id\":\"https:\/\/curiosidadesedicas.com\/loja\/#website\"},\"primaryImageOfPage\":{\"@id\":\"https:\/\/curiosidadesedicas.com\/loja\/produto\/secador-eletrico-portatil-c-3-niveis-1000w\/#primaryimage\"},\"image\":{\"@id\":\"https:\/\/curiosidadesedicas.com\/loja\/produto\/secador-eletrico-portatil-c-3-niveis-1000w\/#primaryimage\"},\"thumbnailUrl\":\"https:\/\/curiosidadesedicas.com\/loja\/wp-content\/uploads\/2022\/02\/secador-eletrico-portatil-com-3-niveis-porthayer-innovagoods-1000w_284490.jpg\",\"datePublished\":\"2022-02-14T15:04:54+00:00\",\"dateModified\":\"2025-06-25T13:54:21+00:00\",\"breadcrumb\":{\"@id\":\"https:\/\/curiosidadesedicas.com\/loja\/produto\/secador-eletrico-portatil-c-3-niveis-1000w\/#breadcrumb\"},\"inLanguage\":\"en-US\",\"potentialAction\":[{\"@type\":\"ReadAction\",\"target\":[\"https:\/\/curiosidadesedicas.com\/loja\/produto\/secador-eletrico-portatil-c-3-niveis-1000w\/\"]}]},{\"@type\":\"ImageObject\",\"inLanguage\":\"en-US\",\"@id\":\"https:\/\/curiosidadesedicas.com\/loja\/produto\/secador-eletrico-portatil-c-3-niveis-1000w\/#primaryimage\",\"url\":\"https:\/\/curiosidadesedicas.com\/loja\/wp-content\/uploads\/2022\/02\/secador-eletrico-portatil-com-3-niveis-porthayer-innovagoods-1000w_284490.jpg\",\"contentUrl\":\"https:\/\/curiosidadesedicas.com\/loja\/wp-content\/uploads\/2022\/02\/secador-eletrico-portatil-com-3-niveis-porthayer-innovagoods-1000w_284490.jpg\",\"width\":600,\"height\":600},{\"@type\":\"BreadcrumbList\",\"@id\":\"https:\/\/curiosidadesedicas.com\/loja\/produto\/secador-eletrico-portatil-c-3-niveis-1000w\/#breadcrumb\",\"itemListElement\":[{\"@type\":\"ListItem\",\"position\":1,\"name\":\"In\u00edcio\",\"item\":\"https:\/\/curiosidadesedicas.com\/loja\/\"},{\"@type\":\"ListItem\",\"position\":2,\"name\":\"Produtos\",\"item\":\"https:\/\/curiosidadesedicas.com\/loja\/produtos\/\"},{\"@type\":\"ListItem\",\"position\":3,\"name\":\"SECADOR EL\u00c9TRICO PORT\u00c1TIL C\/ 3 N\u00cdVEIS 1000W\"}]},{\"@type\":\"WebSite\",\"@id\":\"https:\/\/curiosidadesedicas.com\/loja\/#website\",\"url\":\"https:\/\/curiosidadesedicas.com\/loja\/\",\"name\":\"Curiosidades &amp; Dicas, Lda\",\"description\":\"Apaixonados Por Inova\u00e7\u00e3o\",\"publisher\":{\"@id\":\"https:\/\/curiosidadesedicas.com\/loja\/#organization\"},\"potentialAction\":[{\"@type\":\"SearchAction\",\"target\":{\"@type\":\"EntryPoint\",\"urlTemplate\":\"https:\/\/curiosidadesedicas.com\/loja\/?s={search_term_string}\"},\"query-input\":{\"@type\":\"PropertyValueSpecification\",\"valueRequired\":true,\"valueName\":\"search_term_string\"}}],\"inLanguage\":\"en-US\"},{\"@type\":\"Organization\",\"@id\":\"https:\/\/curiosidadesedicas.com\/loja\/#organization\",\"name\":\"Curiosidades & Dicas\",\"url\":\"https:\/\/curiosidadesedicas.com\/loja\/\",\"logo\":{\"@type\":\"ImageObject\",\"inLanguage\":\"en-US\",\"@id\":\"https:\/\/curiosidadesedicas.com\/loja\/#\/schema\/logo\/image\/\",\"url\":\"https:\/\/curiosidadesedicas.com\/loja\/wp-content\/uploads\/2020\/05\/LogoCuriosidadesSimples.png\",\"contentUrl\":\"https:\/\/curiosidadesedicas.com\/loja\/wp-content\/uploads\/2020\/05\/LogoCuriosidadesSimples.png\",\"width\":3528,\"height\":804,\"caption\":\"Curiosidades & Dicas\"},\"image\":{\"@id\":\"https:\/\/curiosidadesedicas.com\/loja\/#\/schema\/logo\/image\/\"}}]}<\/script>\n<!-- \/ Yoast SEO plugin. -->","yoast_head_json":{"title":"SECADOR EL\u00c9TRICO PORT\u00c1TIL C\/ 3 N\u00cdVEIS 1000W - Curiosidades &amp; Dicas, Lda","robots":{"index":"index","follow":"follow","max-snippet":"max-snippet:-1","max-image-preview":"max-image-preview:large","max-video-preview":"max-video-preview:-1"},"canonical":"https:\/\/curiosidadesedicas.com\/loja\/en\/product\/secador-eletrico-portatil-c-3-niveis-1000w\/","og_locale":"en_US","og_type":"article","og_title":"SECADOR EL\u00c9TRICO PORT\u00c1TIL C\/ 3 N\u00cdVEIS 1000W - Curiosidades &amp; Dicas, Lda","og_description":"Material:   ABS  PP  A\u00e7o inoxid\u00e1vel  Fibra de poli\u00e9ster    Cor: Cinzento escuro  Tipo:   El\u00e9trico  M\u00faltiplas posi\u00e7\u00f5es  Silencioso  Desmont\u00e1vel    Original e port\u00e1til: F\u00e1cil de transportar e de guardar  Utiliza\u00e7\u00e3o c\u00f3moda, simples e segura:   Vers\u00e1til e adapt\u00e1vel  Prote\u00e7\u00e3o contra sobreaquecimento    Temperatura max.: 70 \u00baC  Antibacteriano:   Esteriliza\u00e7\u00e3o  Elimina\u00e7\u00e3o de odores    Peso m\u00e1x. suportado: 25 kg  Temporizador:   30-180 min  Apagado autom\u00e1tico    Rodas:   x4  Rota\u00e7\u00e3o 360\u00ba  Bloqueio de seguran\u00e7a    Capa exterior de prote\u00e7\u00e3o:   Extra\u00edvel  Lavar \u00e0 m\u00e3o  Fecho \u00e9clair    Inclui:   6 suportes para cabides  Instru\u00e7\u00f5es de montagem    Grande capacidade e estabilidade:   Apoio est\u00e1vel  Adequados para todo o tipo de roupas    Secagem r\u00e1pida: Poupan\u00e7a de tempo e de esfor\u00e7o  Tipo de tomada: F  Comprimento do cabo: 160 cm  Pot\u00eancia: 1000 W  AC In: 220-240 V \/ 50 Hz  Medidas aprox.: 70 x 160 x 45 cm  &nbsp;  &nbsp;  &nbsp;","og_url":"https:\/\/curiosidadesedicas.com\/loja\/en\/product\/secador-eletrico-portatil-c-3-niveis-1000w\/","og_site_name":"Curiosidades &amp; Dicas, Lda","article_modified_time":"2025-06-25T13:54:21+00:00","og_image":[{"width":600,"height":600,"url":"https:\/\/curiosidadesedicas.com\/loja\/wp-content\/uploads\/2022\/02\/secador-eletrico-portatil-com-3-niveis-porthayer-innovagoods-1000w_284490.jpg","type":"image\/jpeg"}],"twitter_card":"summary_large_image","twitter_misc":{"Est. reading time":"1 minute"},"schema":{"@context":"https:\/\/schema.org","@graph":[{"@type":"WebPage","@id":"https:\/\/curiosidadesedicas.com\/loja\/produto\/secador-eletrico-portatil-c-3-niveis-1000w\/","url":"https:\/\/curiosidadesedicas.com\/loja\/produto\/secador-eletrico-portatil-c-3-niveis-1000w\/","name":"SECADOR EL\u00c9TRICO PORT\u00c1TIL C\/ 3 N\u00cdVEIS 1000W - Curiosidades &amp; Dicas, Lda","isPartOf":{"@id":"https:\/\/curiosidadesedicas.com\/loja\/#website"},"primaryImageOfPage":{"@id":"https:\/\/curiosidadesedicas.com\/loja\/produto\/secador-eletrico-portatil-c-3-niveis-1000w\/#primaryimage"},"image":{"@id":"https:\/\/curiosidadesedicas.com\/loja\/produto\/secador-eletrico-portatil-c-3-niveis-1000w\/#primaryimage"},"thumbnailUrl":"https:\/\/curiosidadesedicas.com\/loja\/wp-content\/uploads\/2022\/02\/secador-eletrico-portatil-com-3-niveis-porthayer-innovagoods-1000w_284490.jpg","datePublished":"2022-02-14T15:04:54+00:00","dateModified":"2025-06-25T13:54:21+00:00","breadcrumb":{"@id":"https:\/\/curiosidadesedicas.com\/loja\/produto\/secador-eletrico-portatil-c-3-niveis-1000w\/#breadcrumb"},"inLanguage":"en-US","potentialAction":[{"@type":"ReadAction","target":["https:\/\/curiosidadesedicas.com\/loja\/produto\/secador-eletrico-portatil-c-3-niveis-1000w\/"]}]},{"@type":"ImageObject","inLanguage":"en-US","@id":"https:\/\/curiosidadesedicas.com\/loja\/produto\/secador-eletrico-portatil-c-3-niveis-1000w\/#primaryimage","url":"https:\/\/curiosidadesedicas.com\/loja\/wp-content\/uploads\/2022\/02\/secador-eletrico-portatil-com-3-niveis-porthayer-innovagoods-1000w_284490.jpg","contentUrl":"https:\/\/curiosidadesedicas.com\/loja\/wp-content\/uploads\/2022\/02\/secador-eletrico-portatil-com-3-niveis-porthayer-innovagoods-1000w_284490.jpg","width":600,"height":600},{"@type":"BreadcrumbList","@id":"https:\/\/curiosidadesedicas.com\/loja\/produto\/secador-eletrico-portatil-c-3-niveis-1000w\/#breadcrumb","itemListElement":[{"@type":"ListItem","position":1,"name":"In\u00edcio","item":"https:\/\/curiosidadesedicas.com\/loja\/"},{"@type":"ListItem","position":2,"name":"Produtos","item":"https:\/\/curiosidadesedicas.com\/loja\/produtos\/"},{"@type":"ListItem","position":3,"name":"SECADOR EL\u00c9TRICO PORT\u00c1TIL C\/ 3 N\u00cdVEIS 1000W"}]},{"@type":"WebSite","@id":"https:\/\/curiosidadesedicas.com\/loja\/#website","url":"https:\/\/curiosidadesedicas.com\/loja\/","name":"Curiosidades &amp; Dicas, Lda","description":"Apaixonados Por Inova\u00e7\u00e3o","publisher":{"@id":"https:\/\/curiosidadesedicas.com\/loja\/#organization"},"potentialAction":[{"@type":"SearchAction","target":{"@type":"EntryPoint","urlTemplate":"https:\/\/curiosidadesedicas.com\/loja\/?s={search_term_string}"},"query-input":{"@type":"PropertyValueSpecification","valueRequired":true,"valueName":"search_term_string"}}],"inLanguage":"en-US"},{"@type":"Organization","@id":"https:\/\/curiosidadesedicas.com\/loja\/#organization","name":"Curiosidades & Dicas","url":"https:\/\/curiosidadesedicas.com\/loja\/","logo":{"@type":"ImageObject","inLanguage":"en-US","@id":"https:\/\/curiosidadesedicas.com\/loja\/#\/schema\/logo\/image\/","url":"https:\/\/curiosidadesedicas.com\/loja\/wp-content\/uploads\/2020\/05\/LogoCuriosidadesSimples.png","contentUrl":"https:\/\/curiosidadesedicas.com\/loja\/wp-content\/uploads\/2020\/05\/LogoCuriosidadesSimples.png","width":3528,"height":804,"caption":"Curiosidades & Dicas"},"image":{"@id":"https:\/\/curiosidadesedicas.com\/loja\/#\/schema\/logo\/image\/"}}]}},"_links":{"self":[{"href":"https:\/\/curiosidadesedicas.com\/loja\/en\/wp-json\/wp\/v2\/product\/24061","targetHints":{"allow":["GET"]}}],"collection":[{"href":"https:\/\/curiosidadesedicas.com\/loja\/en\/wp-json\/wp\/v2\/product"}],"about":[{"href":"https:\/\/curiosidadesedicas.com\/loja\/en\/wp-json\/wp\/v2\/types\/product"}],"replies":[{"embeddable":true,"href":"https:\/\/curiosidadesedicas.com\/loja\/en\/wp-json\/wp\/v2\/comments?post=24061"}],"wp:featuredmedia":[{"embeddable":true,"href":"https:\/\/curiosidadesedicas.com\/loja\/en\/wp-json\/wp\/v2\/media\/24073"}],"wp:attachment":[{"href":"https:\/\/curiosidadesedicas.com\/loja\/en\/wp-json\/wp\/v2\/media?parent=24061"}],"wp:term":[{"taxonomy":"product_brand","embeddable":true,"href":"https:\/\/curiosidadesedicas.com\/loja\/en\/wp-json\/wp\/v2\/product_brand?post=24061"},{"taxonomy":"product_cat","embeddable":true,"href":"https:\/\/curiosidadesedicas.com\/loja\/en\/wp-json\/wp\/v2\/product_cat?post=24061"},{"taxonomy":"product_tag","embeddable":true,"href":"https:\/\/curiosidadesedicas.com\/loja\/en\/wp-json\/wp\/v2\/product_tag?post=24061"}],"curies":[{"name":"wp","href":"https:\/\/api.w.org\/{rel}","templated":true}]}}