{"id":24012,"date":"2022-02-11T12:52:15","date_gmt":"2022-02-11T12:52:15","guid":{"rendered":"https:\/\/curiosidadesedicas.com\/loja\/?post_type=product&#038;p=24012"},"modified":"2025-06-25T13:54:06","modified_gmt":"2025-06-25T13:54:06","slug":"repelente-ultrassonico-c-luz-led","status":"publish","type":"product","link":"https:\/\/curiosidadesedicas.com\/loja\/en\/product\/repelente-ultrassonico-c-luz-led\/","title":{"rendered":"REPELENTE ULTRASS\u00d3NICO C\/ LUZ LED"},"content":{"rendered":"<p>Um repelente ultrass\u00f3nico com LED e altamente eficaz para repelir insetos de modo limpo e ecol\u00f3gico, sem a emiss\u00e3o de odores ou de produtos qu\u00edmicos prejudiciais \u00e0 sa\u00fade e ao ambiente. Gra\u00e7as ao seu design moderno e multifuncional, \u00e9 tamb\u00e9m ideal como luz de presen\u00e7a. A sua luz LED quente permite escolher entre 2 n\u00edveis de intensidade. Este repelente de mosquitos el\u00e9trico afasta todo o tipo de insetos, gra\u00e7as \u00e0 sua avan\u00e7ada tecnologia de emiss\u00e3o de ultrassons, ou seja, de um som muito baixo, que quase \u00e9 impercet\u00edvel ao ouvido humano e que n\u00e3o causa qualquer desconforto enquanto dorme. Al\u00e9m disso, \u00e9 muito f\u00e1cil de usar e muito leve e compacto, podendo ser facilmente guardado e transportado para onde for necess\u00e1rio (ficha tipo C). O seu raio de a\u00e7\u00e3o \u00e9 de aproximadamente 15-30 m\u00b2. Pode ser ligado durante longos per\u00edodos (baixo consumo de energia).<\/p>\n<p>&nbsp;<\/p>\n<p>&nbsp;<\/p>","protected":false},"excerpt":{"rendered":"<ul>\n<li>Material: ABS<\/li>\n<li>Cor: Branco<\/li>\n<li>Design moderno: Inovador e funcional<\/li>\n<li>Tipo: El\u00e9trico<\/li>\n<li>Ecol\u00f3gico:\n<ul>\n<li>Sem odores nem produtos qu\u00edmicos<\/li>\n<li>Respeita o ambiente<\/li>\n<\/ul>\n<\/li>\n<li>Multifun\u00e7\u00e3o: 2-in-1<\/li>\n<li>Afugentador:\n<ul>\n<li>Insetos<\/li>\n<li>Fun\u00e7\u00e3o antimosquitos<\/li>\n<\/ul>\n<\/li>\n<li>Ultrass\u00f3nico: Silencioso<\/li>\n<li>Ultrassons de baixa frequ\u00eancia: 20-65 Hz<\/li>\n<li>Alcance aprox.: 15-30 m\u00b2<\/li>\n<li>Luz de presen\u00e7a: Luz noturna quente<\/li>\n<li>Leve LED:\n<ul>\n<li>5500 K \/ 0,06 W<\/li>\n<li>2 n\u00edveis de intensidade<\/li>\n<\/ul>\n<\/li>\n<li>F\u00e1cil de utilizar: Utiliza\u00e7\u00e3o c\u00f3moda e simples<\/li>\n<li>Tamanho Reduzido Compacto: F\u00e1cil de transportar e de guardar<\/li>\n<li>Tipo de tomada: C<\/li>\n<li>Baixo consumo: Poupan\u00e7a de Energia<\/li>\n<li>Pot\u00eancia: 1 W<\/li>\n<li>AC In: 110-240 V \/ 50-60 Hz<\/li>\n<li>Medidas aprox.: \u00d85 x 6 cm<\/li>\n<\/ul>\n<p>&nbsp;<\/p>","protected":false},"featured_media":24020,"comment_status":"open","ping_status":"closed","template":"","meta":{"_glsr_average":0,"_glsr_ranking":0,"_glsr_reviews":0},"product_brand":[],"product_cat":[387,388],"product_tag":[],"class_list":{"0":"post-24012","1":"product","2":"type-product","3":"status-publish","4":"has-post-thumbnail","6":"product_cat-anti-insetos","7":"product_cat-eletricos","9":"first","10":"outofstock","11":"taxable","12":"shipping-taxable","13":"purchasable","14":"product-type-simple"},"yoast_head":"<!-- This site is optimized with the Yoast SEO plugin v26.8 - https:\/\/yoast.com\/product\/yoast-seo-wordpress\/ -->\n<title>REPELENTE ULTRASS\u00d3NICO C\/ LUZ LED - Curiosidades &amp; Dicas, Lda<\/title>\n<meta name=\"robots\" content=\"index, follow, max-snippet:-1, max-image-preview:large, max-video-preview:-1\" \/>\n<link rel=\"canonical\" href=\"https:\/\/curiosidadesedicas.com\/loja\/en\/product\/repelente-ultrassonico-c-luz-led\/\" \/>\n<meta property=\"og:locale\" content=\"en_US\" \/>\n<meta property=\"og:type\" content=\"article\" \/>\n<meta property=\"og:title\" content=\"REPELENTE ULTRASS\u00d3NICO C\/ LUZ LED - Curiosidades &amp; Dicas, Lda\" \/>\n<meta property=\"og:description\" content=\"Material: ABS  Cor: Branco  Design moderno: Inovador e funcional  Tipo: El\u00e9trico  Ecol\u00f3gico:   Sem odores nem produtos qu\u00edmicos  Respeita o ambiente    Multifun\u00e7\u00e3o: 2-in-1  Afugentador:   Insetos  Fun\u00e7\u00e3o antimosquitos    Ultrass\u00f3nico: Silencioso  Ultrassons de baixa frequ\u00eancia: 20-65 Hz  Alcance aprox.: 15-30 m\u00b2  Luz de presen\u00e7a: Luz noturna quente  Leve LED:   5500 K \/ 0,06 W  2 n\u00edveis de intensidade    F\u00e1cil de utilizar: Utiliza\u00e7\u00e3o c\u00f3moda e simples  Tamanho Reduzido Compacto: F\u00e1cil de transportar e de guardar  Tipo de tomada: C  Baixo consumo: Poupan\u00e7a de Energia  Pot\u00eancia: 1 W  AC In: 110-240 V \/ 50-60 Hz  Medidas aprox.: \u00d85 x 6 cm  &nbsp;\" \/>\n<meta property=\"og:url\" content=\"https:\/\/curiosidadesedicas.com\/loja\/en\/product\/repelente-ultrassonico-c-luz-led\/\" \/>\n<meta property=\"og:site_name\" content=\"Curiosidades &amp; Dicas, Lda\" \/>\n<meta property=\"article:modified_time\" content=\"2025-06-25T13:54:06+00:00\" \/>\n<meta property=\"og:image\" content=\"https:\/\/curiosidadesedicas.com\/loja\/wp-content\/uploads\/2022\/02\/repelente-ultrassonico-com-luz-led-kl-litto-innovagoods_314499.jpg\" \/>\n\t<meta property=\"og:image:width\" content=\"600\" \/>\n\t<meta property=\"og:image:height\" content=\"600\" \/>\n\t<meta property=\"og:image:type\" content=\"image\/jpeg\" \/>\n<meta name=\"twitter:card\" content=\"summary_large_image\" \/>\n<meta name=\"twitter:label1\" content=\"Est. reading time\" \/>\n\t<meta name=\"twitter:data1\" content=\"1 minute\" \/>\n<script type=\"application\/ld+json\" class=\"yoast-schema-graph\">{\"@context\":\"https:\/\/schema.org\",\"@graph\":[{\"@type\":\"WebPage\",\"@id\":\"https:\/\/curiosidadesedicas.com\/loja\/produto\/repelente-ultrassonico-c-luz-led\/\",\"url\":\"https:\/\/curiosidadesedicas.com\/loja\/produto\/repelente-ultrassonico-c-luz-led\/\",\"name\":\"REPELENTE ULTRASS\u00d3NICO C\/ LUZ LED - Curiosidades &amp; Dicas, Lda\",\"isPartOf\":{\"@id\":\"https:\/\/curiosidadesedicas.com\/loja\/#website\"},\"primaryImageOfPage\":{\"@id\":\"https:\/\/curiosidadesedicas.com\/loja\/produto\/repelente-ultrassonico-c-luz-led\/#primaryimage\"},\"image\":{\"@id\":\"https:\/\/curiosidadesedicas.com\/loja\/produto\/repelente-ultrassonico-c-luz-led\/#primaryimage\"},\"thumbnailUrl\":\"https:\/\/curiosidadesedicas.com\/loja\/wp-content\/uploads\/2022\/02\/repelente-ultrassonico-com-luz-led-kl-litto-innovagoods_314499.jpg\",\"datePublished\":\"2022-02-11T12:52:15+00:00\",\"dateModified\":\"2025-06-25T13:54:06+00:00\",\"breadcrumb\":{\"@id\":\"https:\/\/curiosidadesedicas.com\/loja\/produto\/repelente-ultrassonico-c-luz-led\/#breadcrumb\"},\"inLanguage\":\"en-US\",\"potentialAction\":[{\"@type\":\"ReadAction\",\"target\":[\"https:\/\/curiosidadesedicas.com\/loja\/produto\/repelente-ultrassonico-c-luz-led\/\"]}]},{\"@type\":\"ImageObject\",\"inLanguage\":\"en-US\",\"@id\":\"https:\/\/curiosidadesedicas.com\/loja\/produto\/repelente-ultrassonico-c-luz-led\/#primaryimage\",\"url\":\"https:\/\/curiosidadesedicas.com\/loja\/wp-content\/uploads\/2022\/02\/repelente-ultrassonico-com-luz-led-kl-litto-innovagoods_314499.jpg\",\"contentUrl\":\"https:\/\/curiosidadesedicas.com\/loja\/wp-content\/uploads\/2022\/02\/repelente-ultrassonico-com-luz-led-kl-litto-innovagoods_314499.jpg\",\"width\":600,\"height\":600},{\"@type\":\"BreadcrumbList\",\"@id\":\"https:\/\/curiosidadesedicas.com\/loja\/produto\/repelente-ultrassonico-c-luz-led\/#breadcrumb\",\"itemListElement\":[{\"@type\":\"ListItem\",\"position\":1,\"name\":\"In\u00edcio\",\"item\":\"https:\/\/curiosidadesedicas.com\/loja\/\"},{\"@type\":\"ListItem\",\"position\":2,\"name\":\"Produtos\",\"item\":\"https:\/\/curiosidadesedicas.com\/loja\/produtos\/\"},{\"@type\":\"ListItem\",\"position\":3,\"name\":\"REPELENTE ULTRASS\u00d3NICO C\/ LUZ LED\"}]},{\"@type\":\"WebSite\",\"@id\":\"https:\/\/curiosidadesedicas.com\/loja\/#website\",\"url\":\"https:\/\/curiosidadesedicas.com\/loja\/\",\"name\":\"Curiosidades &amp; Dicas, Lda\",\"description\":\"Apaixonados Por Inova\u00e7\u00e3o\",\"publisher\":{\"@id\":\"https:\/\/curiosidadesedicas.com\/loja\/#organization\"},\"potentialAction\":[{\"@type\":\"SearchAction\",\"target\":{\"@type\":\"EntryPoint\",\"urlTemplate\":\"https:\/\/curiosidadesedicas.com\/loja\/?s={search_term_string}\"},\"query-input\":{\"@type\":\"PropertyValueSpecification\",\"valueRequired\":true,\"valueName\":\"search_term_string\"}}],\"inLanguage\":\"en-US\"},{\"@type\":\"Organization\",\"@id\":\"https:\/\/curiosidadesedicas.com\/loja\/#organization\",\"name\":\"Curiosidades & Dicas\",\"url\":\"https:\/\/curiosidadesedicas.com\/loja\/\",\"logo\":{\"@type\":\"ImageObject\",\"inLanguage\":\"en-US\",\"@id\":\"https:\/\/curiosidadesedicas.com\/loja\/#\/schema\/logo\/image\/\",\"url\":\"https:\/\/curiosidadesedicas.com\/loja\/wp-content\/uploads\/2020\/05\/LogoCuriosidadesSimples.png\",\"contentUrl\":\"https:\/\/curiosidadesedicas.com\/loja\/wp-content\/uploads\/2020\/05\/LogoCuriosidadesSimples.png\",\"width\":3528,\"height\":804,\"caption\":\"Curiosidades & Dicas\"},\"image\":{\"@id\":\"https:\/\/curiosidadesedicas.com\/loja\/#\/schema\/logo\/image\/\"}}]}<\/script>\n<!-- \/ Yoast SEO plugin. -->","yoast_head_json":{"title":"REPELENTE ULTRASS\u00d3NICO C\/ LUZ LED - Curiosidades &amp; Dicas, Lda","robots":{"index":"index","follow":"follow","max-snippet":"max-snippet:-1","max-image-preview":"max-image-preview:large","max-video-preview":"max-video-preview:-1"},"canonical":"https:\/\/curiosidadesedicas.com\/loja\/en\/product\/repelente-ultrassonico-c-luz-led\/","og_locale":"en_US","og_type":"article","og_title":"REPELENTE ULTRASS\u00d3NICO C\/ LUZ LED - Curiosidades &amp; Dicas, Lda","og_description":"Material: ABS  Cor: Branco  Design moderno: Inovador e funcional  Tipo: El\u00e9trico  Ecol\u00f3gico:   Sem odores nem produtos qu\u00edmicos  Respeita o ambiente    Multifun\u00e7\u00e3o: 2-in-1  Afugentador:   Insetos  Fun\u00e7\u00e3o antimosquitos    Ultrass\u00f3nico: Silencioso  Ultrassons de baixa frequ\u00eancia: 20-65 Hz  Alcance aprox.: 15-30 m\u00b2  Luz de presen\u00e7a: Luz noturna quente  Leve LED:   5500 K \/ 0,06 W  2 n\u00edveis de intensidade    F\u00e1cil de utilizar: Utiliza\u00e7\u00e3o c\u00f3moda e simples  Tamanho Reduzido Compacto: F\u00e1cil de transportar e de guardar  Tipo de tomada: C  Baixo consumo: Poupan\u00e7a de Energia  Pot\u00eancia: 1 W  AC In: 110-240 V \/ 50-60 Hz  Medidas aprox.: \u00d85 x 6 cm  &nbsp;","og_url":"https:\/\/curiosidadesedicas.com\/loja\/en\/product\/repelente-ultrassonico-c-luz-led\/","og_site_name":"Curiosidades &amp; Dicas, Lda","article_modified_time":"2025-06-25T13:54:06+00:00","og_image":[{"width":600,"height":600,"url":"https:\/\/curiosidadesedicas.com\/loja\/wp-content\/uploads\/2022\/02\/repelente-ultrassonico-com-luz-led-kl-litto-innovagoods_314499.jpg","type":"image\/jpeg"}],"twitter_card":"summary_large_image","twitter_misc":{"Est. reading time":"1 minute"},"schema":{"@context":"https:\/\/schema.org","@graph":[{"@type":"WebPage","@id":"https:\/\/curiosidadesedicas.com\/loja\/produto\/repelente-ultrassonico-c-luz-led\/","url":"https:\/\/curiosidadesedicas.com\/loja\/produto\/repelente-ultrassonico-c-luz-led\/","name":"REPELENTE ULTRASS\u00d3NICO C\/ LUZ LED - Curiosidades &amp; Dicas, Lda","isPartOf":{"@id":"https:\/\/curiosidadesedicas.com\/loja\/#website"},"primaryImageOfPage":{"@id":"https:\/\/curiosidadesedicas.com\/loja\/produto\/repelente-ultrassonico-c-luz-led\/#primaryimage"},"image":{"@id":"https:\/\/curiosidadesedicas.com\/loja\/produto\/repelente-ultrassonico-c-luz-led\/#primaryimage"},"thumbnailUrl":"https:\/\/curiosidadesedicas.com\/loja\/wp-content\/uploads\/2022\/02\/repelente-ultrassonico-com-luz-led-kl-litto-innovagoods_314499.jpg","datePublished":"2022-02-11T12:52:15+00:00","dateModified":"2025-06-25T13:54:06+00:00","breadcrumb":{"@id":"https:\/\/curiosidadesedicas.com\/loja\/produto\/repelente-ultrassonico-c-luz-led\/#breadcrumb"},"inLanguage":"en-US","potentialAction":[{"@type":"ReadAction","target":["https:\/\/curiosidadesedicas.com\/loja\/produto\/repelente-ultrassonico-c-luz-led\/"]}]},{"@type":"ImageObject","inLanguage":"en-US","@id":"https:\/\/curiosidadesedicas.com\/loja\/produto\/repelente-ultrassonico-c-luz-led\/#primaryimage","url":"https:\/\/curiosidadesedicas.com\/loja\/wp-content\/uploads\/2022\/02\/repelente-ultrassonico-com-luz-led-kl-litto-innovagoods_314499.jpg","contentUrl":"https:\/\/curiosidadesedicas.com\/loja\/wp-content\/uploads\/2022\/02\/repelente-ultrassonico-com-luz-led-kl-litto-innovagoods_314499.jpg","width":600,"height":600},{"@type":"BreadcrumbList","@id":"https:\/\/curiosidadesedicas.com\/loja\/produto\/repelente-ultrassonico-c-luz-led\/#breadcrumb","itemListElement":[{"@type":"ListItem","position":1,"name":"In\u00edcio","item":"https:\/\/curiosidadesedicas.com\/loja\/"},{"@type":"ListItem","position":2,"name":"Produtos","item":"https:\/\/curiosidadesedicas.com\/loja\/produtos\/"},{"@type":"ListItem","position":3,"name":"REPELENTE ULTRASS\u00d3NICO C\/ LUZ LED"}]},{"@type":"WebSite","@id":"https:\/\/curiosidadesedicas.com\/loja\/#website","url":"https:\/\/curiosidadesedicas.com\/loja\/","name":"Curiosidades &amp; Dicas, Lda","description":"Apaixonados Por Inova\u00e7\u00e3o","publisher":{"@id":"https:\/\/curiosidadesedicas.com\/loja\/#organization"},"potentialAction":[{"@type":"SearchAction","target":{"@type":"EntryPoint","urlTemplate":"https:\/\/curiosidadesedicas.com\/loja\/?s={search_term_string}"},"query-input":{"@type":"PropertyValueSpecification","valueRequired":true,"valueName":"search_term_string"}}],"inLanguage":"en-US"},{"@type":"Organization","@id":"https:\/\/curiosidadesedicas.com\/loja\/#organization","name":"Curiosidades & Dicas","url":"https:\/\/curiosidadesedicas.com\/loja\/","logo":{"@type":"ImageObject","inLanguage":"en-US","@id":"https:\/\/curiosidadesedicas.com\/loja\/#\/schema\/logo\/image\/","url":"https:\/\/curiosidadesedicas.com\/loja\/wp-content\/uploads\/2020\/05\/LogoCuriosidadesSimples.png","contentUrl":"https:\/\/curiosidadesedicas.com\/loja\/wp-content\/uploads\/2020\/05\/LogoCuriosidadesSimples.png","width":3528,"height":804,"caption":"Curiosidades & Dicas"},"image":{"@id":"https:\/\/curiosidadesedicas.com\/loja\/#\/schema\/logo\/image\/"}}]}},"_links":{"self":[{"href":"https:\/\/curiosidadesedicas.com\/loja\/en\/wp-json\/wp\/v2\/product\/24012","targetHints":{"allow":["GET"]}}],"collection":[{"href":"https:\/\/curiosidadesedicas.com\/loja\/en\/wp-json\/wp\/v2\/product"}],"about":[{"href":"https:\/\/curiosidadesedicas.com\/loja\/en\/wp-json\/wp\/v2\/types\/product"}],"replies":[{"embeddable":true,"href":"https:\/\/curiosidadesedicas.com\/loja\/en\/wp-json\/wp\/v2\/comments?post=24012"}],"wp:featuredmedia":[{"embeddable":true,"href":"https:\/\/curiosidadesedicas.com\/loja\/en\/wp-json\/wp\/v2\/media\/24020"}],"wp:attachment":[{"href":"https:\/\/curiosidadesedicas.com\/loja\/en\/wp-json\/wp\/v2\/media?parent=24012"}],"wp:term":[{"taxonomy":"product_brand","embeddable":true,"href":"https:\/\/curiosidadesedicas.com\/loja\/en\/wp-json\/wp\/v2\/product_brand?post=24012"},{"taxonomy":"product_cat","embeddable":true,"href":"https:\/\/curiosidadesedicas.com\/loja\/en\/wp-json\/wp\/v2\/product_cat?post=24012"},{"taxonomy":"product_tag","embeddable":true,"href":"https:\/\/curiosidadesedicas.com\/loja\/en\/wp-json\/wp\/v2\/product_tag?post=24012"}],"curies":[{"name":"wp","href":"https:\/\/api.w.org\/{rel}","templated":true}]}}